{"id":10552,"date":"2023-11-25T09:18:19","date_gmt":"2023-11-25T08:18:19","guid":{"rendered":"https:\/\/tibladin.dk\/?post_type=product&#038;p=10552"},"modified":"2025-02-15T17:50:19","modified_gmt":"2025-02-15T16:50:19","slug":"pillowcase-beni-ouarain","status":"publish","type":"product","link":"https:\/\/tibladin.dk\/en\/produkt\/pudebetraek-beni-ouarain\/","title":{"rendered":"Pillow cover Beni Ouarain"},"content":{"rendered":"<div class=\"wpb-content-wrapper\"><div class=\"vc_row wpb_row vc_row-fluid\"><div class=\"wpb_column vc_column_container vc_col-sm-4\"><div class=\"vc_column-inner\"><div class=\"wpb_wrapper\"><\/div><\/div><\/div><div class=\"wpb_column vc_column_container vc_col-sm-4\"><div class=\"vc_column-inner\"><div class=\"wpb_wrapper\"><h3 style=\"text-align: left\" class=\"vc_custom_heading vc_do_custom_heading\" >Maintenance<\/h3>\n\t<div class=\"wpb_text_column wpb_content_element\" >\n\t\t<div class=\"wpb_wrapper\">\n\t\t\t<p>The pillowcases are made from delicious Beni Ouarain wool blankets with a backing in kiria cotton. Dry clean at dry cleaners or clean them in the snow for winter.<\/p>\n\n\t\t<\/div>\n\t<\/div>\n<\/div><\/div><\/div><div class=\"wpb_column vc_column_container vc_col-sm-4\"><div class=\"vc_column-inner\"><div class=\"wpb_wrapper\"><h3 style=\"text-align: left\" class=\"vc_custom_heading vc_do_custom_heading\" >The story behind<\/h3>\n\t<div class=\"wpb_text_column wpb_content_element\" >\n\t\t<div class=\"wpb_wrapper\">\n\t\t\t<p>These beautiful handmade cushion covers are made in Beni Ouarain rugs. The front of the pillow cover is made of Beni Ouatrain light wool carpet, while the back is in kiria cotton. Here, the delicious wool rugs from Morocco get new life in a pillow cover. The beautiful sand-colored panels on the front of the pillow are also from vintage Kilim rugs. The beautiful vintage carpets bring . The cushions fit perfectly into the Scandinavian home, where the black and white cushions compliment a simple and timeless style. Developed in collaboration with designer from Marrakech.<\/p>\n<p>The covers have a strong zip so they can be easily removed and cleaned.<\/p>\n<p>The covers measure 33\u00d750 cm<\/p>\n\n\t\t<\/div>\n\t<\/div>\n<\/div><\/div><\/div><\/div>\n<\/div>","protected":false},"excerpt":{"rendered":"<p>Soft, velvety cushion covers from Beni Ouarain rugs. Available in three variants. The classic one with black markings, a white one without a pattern and one with a dotted pattern.<\/p>\n<p>Gives a cozy teddy bear look and invites you to cozy up on cold winter evenings. Let your head sink into this soft pillow when you curl up on the sofa.<\/p>\n<p>Inlet mounting pad if you want it filled.<\/p>\n<p>The cushion covers measure approx. 33\u00d750 cm. There may be a slight difference in the sizes as they are hand sewn.<\/p>","protected":false},"featured_media":10571,"template":"","meta":{"inline_featured_image":false},"product_brand":[],"product_cat":[66,37],"product_tag":[],"class_list":{"0":"post-10552","1":"product","2":"type-product","3":"status-publish","4":"has-post-thumbnail","6":"product_cat-pudebetraek","7":"product_cat-tekstiler","9":"first","10":"instock","11":"taxable","12":"shipping-taxable","13":"purchasable","14":"product-type-variable"},"exclude_global_add_ons":false,"addons":[{"name":"Do you want gift wrapping?","type":"checkbox","position":0,"required":false,"title_format":"label","default":"","description_enable":false,"description":"","placeholder_enable":false,"placeholder":"","display":"images","restrictions_type":"any_text","adjust_price":false,"price":"","price_type":"flat_fee","restrictions":false,"min":"0","max":"0","options":[{"label":"Ja tak","price":"10","price_type":"flat_fee","image":11015,"visibility":true}],"id":1669646111}],"yoast_head":"<!-- This site is optimized with the Yoast SEO plugin v27.4 - https:\/\/yoast.com\/product\/yoast-seo-wordpress\/ -->\n<title>Pudebetr\u00e6k af marokkanske uld t\u00e6pper | Kun hos Tibladin<\/title>\n<meta name=\"description\" content=\"Flotte pudebetr\u00e6k af Beni Ouarain t\u00e6pper t\u00e6pper - Bl\u00f8de og l\u00e6kre. F\u00e5es i 3 forskellige varianter. Du kan tilk\u00f8be monteringspude. Stort udvalg\" \/>\n<meta name=\"robots\" content=\"index, follow, max-snippet:-1, max-image-preview:large, max-video-preview:-1\" \/>\n<link rel=\"canonical\" href=\"https:\/\/tibladin.dk\/en\/product-4\/pillowcase-beni-ouarain\/\" \/>\n<meta property=\"og:locale\" content=\"en_GB\" \/>\n<meta property=\"og:type\" content=\"article\" \/>\n<meta property=\"og:title\" content=\"Pudebetr\u00e6k af marokkanske uld t\u00e6pper | Kun hos Tibladin\" \/>\n<meta property=\"og:description\" content=\"Flotte pudebetr\u00e6k af Beni Ouarain t\u00e6pper t\u00e6pper - Bl\u00f8de og l\u00e6kre. F\u00e5es i 3 forskellige varianter. Du kan tilk\u00f8be monteringspude. Stort udvalg\" \/>\n<meta property=\"og:url\" content=\"https:\/\/tibladin.dk\/en\/product-4\/pillowcase-beni-ouarain\/\" \/>\n<meta property=\"og:site_name\" content=\"Tibladin\" \/>\n<meta property=\"article:modified_time\" content=\"2025-02-15T16:50:19+00:00\" \/>\n<meta property=\"og:image\" content=\"https:\/\/tibladin.dk\/wp-content\/uploads\/2023\/11\/Pude-af-beni-ouarain-taeppe_alle_LS.jpg\" \/>\n\t<meta property=\"og:image:width\" content=\"800\" \/>\n\t<meta property=\"og:image:height\" content=\"800\" \/>\n\t<meta property=\"og:image:type\" content=\"image\/jpeg\" \/>\n<meta name=\"twitter:card\" content=\"summary_large_image\" \/>\n<meta name=\"twitter:label1\" content=\"Estimated reading time\" \/>\n\t<meta name=\"twitter:data1\" content=\"2 minutes\" \/>\n<script type=\"application\/ld+json\" class=\"yoast-schema-graph\">{\"@context\":\"https:\\\/\\\/schema.org\",\"@graph\":[{\"@type\":\"WebPage\",\"@id\":\"https:\\\/\\\/tibladin.dk\\\/produkt\\\/pudebetraek-beni-ouarain\\\/\",\"url\":\"https:\\\/\\\/tibladin.dk\\\/produkt\\\/pudebetraek-beni-ouarain\\\/\",\"name\":\"Pudebetr\u00e6k af marokkanske uld t\u00e6pper | Kun hos Tibladin\",\"isPartOf\":{\"@id\":\"https:\\\/\\\/tibladin.dk\\\/#website\"},\"primaryImageOfPage\":{\"@id\":\"https:\\\/\\\/tibladin.dk\\\/produkt\\\/pudebetraek-beni-ouarain\\\/#primaryimage\"},\"image\":{\"@id\":\"https:\\\/\\\/tibladin.dk\\\/produkt\\\/pudebetraek-beni-ouarain\\\/#primaryimage\"},\"thumbnailUrl\":\"https:\\\/\\\/tibladin.dk\\\/wp-content\\\/uploads\\\/2023\\\/11\\\/Pude-af-beni-ouarain-taeppe_alle_LS.jpg\",\"datePublished\":\"2023-11-25T08:18:19+00:00\",\"dateModified\":\"2025-02-15T16:50:19+00:00\",\"description\":\"Flotte pudebetr\u00e6k af Beni Ouarain t\u00e6pper t\u00e6pper - Bl\u00f8de og l\u00e6kre. F\u00e5es i 3 forskellige varianter. Du kan tilk\u00f8be monteringspude. Stort udvalg\",\"breadcrumb\":{\"@id\":\"https:\\\/\\\/tibladin.dk\\\/produkt\\\/pudebetraek-beni-ouarain\\\/#breadcrumb\"},\"inLanguage\":\"en-GB\",\"potentialAction\":[{\"@type\":\"ReadAction\",\"target\":[\"https:\\\/\\\/tibladin.dk\\\/produkt\\\/pudebetraek-beni-ouarain\\\/\"]}]},{\"@type\":\"ImageObject\",\"inLanguage\":\"en-GB\",\"@id\":\"https:\\\/\\\/tibladin.dk\\\/produkt\\\/pudebetraek-beni-ouarain\\\/#primaryimage\",\"url\":\"https:\\\/\\\/tibladin.dk\\\/wp-content\\\/uploads\\\/2023\\\/11\\\/Pude-af-beni-ouarain-taeppe_alle_LS.jpg\",\"contentUrl\":\"https:\\\/\\\/tibladin.dk\\\/wp-content\\\/uploads\\\/2023\\\/11\\\/Pude-af-beni-ouarain-taeppe_alle_LS.jpg\",\"width\":800,\"height\":800,\"caption\":\"pudebetr\u00e6k af bl\u00f8dt beni ouarain t\u00e6ppe i hvid uld\"},{\"@type\":\"BreadcrumbList\",\"@id\":\"https:\\\/\\\/tibladin.dk\\\/produkt\\\/pudebetraek-beni-ouarain\\\/#breadcrumb\",\"itemListElement\":[{\"@type\":\"ListItem\",\"position\":1,\"name\":\"Hjem\",\"item\":\"https:\\\/\\\/tibladin.dk\\\/\"},{\"@type\":\"ListItem\",\"position\":2,\"name\":\"Shop\",\"item\":\"https:\\\/\\\/tibladin.dk\\\/shop\\\/\"},{\"@type\":\"ListItem\",\"position\":3,\"name\":\"Pudebetr\u00e6k Beni Ouarain\"}]},{\"@type\":\"WebSite\",\"@id\":\"https:\\\/\\\/tibladin.dk\\\/#website\",\"url\":\"https:\\\/\\\/tibladin.dk\\\/\",\"name\":\"Tibladin\",\"description\":\"Tibladin\",\"publisher\":{\"@id\":\"https:\\\/\\\/tibladin.dk\\\/#organization\"},\"potentialAction\":[{\"@type\":\"SearchAction\",\"target\":{\"@type\":\"EntryPoint\",\"urlTemplate\":\"https:\\\/\\\/tibladin.dk\\\/?s={search_term_string}\"},\"query-input\":{\"@type\":\"PropertyValueSpecification\",\"valueRequired\":true,\"valueName\":\"search_term_string\"}}],\"inLanguage\":\"en-GB\"},{\"@type\":\"Organization\",\"@id\":\"https:\\\/\\\/tibladin.dk\\\/#organization\",\"name\":\"Tibladin\",\"url\":\"https:\\\/\\\/tibladin.dk\\\/\",\"logo\":{\"@type\":\"ImageObject\",\"inLanguage\":\"en-GB\",\"@id\":\"https:\\\/\\\/tibladin.dk\\\/#\\\/schema\\\/logo\\\/image\\\/\",\"url\":\"https:\\\/\\\/tibladin.dk\\\/wp-content\\\/uploads\\\/2022\\\/09\\\/tibladin_logo.svg\",\"contentUrl\":\"https:\\\/\\\/tibladin.dk\\\/wp-content\\\/uploads\\\/2022\\\/09\\\/tibladin_logo.svg\",\"caption\":\"Tibladin\"},\"image\":{\"@id\":\"https:\\\/\\\/tibladin.dk\\\/#\\\/schema\\\/logo\\\/image\\\/\"}}]}<\/script>\n<!-- \/ Yoast SEO plugin. -->","yoast_head_json":{"title":"Cushion covers from Moroccan wool rugs | Only at Tibladin","description":"Beautiful cushion covers from Beni Ouarain blankets - Soft and delicious. Available in 3 different variants. You can purchase an additional mounting pad. Large selection","robots":{"index":"index","follow":"follow","max-snippet":"max-snippet:-1","max-image-preview":"max-image-preview:large","max-video-preview":"max-video-preview:-1"},"canonical":"https:\/\/tibladin.dk\/en\/product-4\/pillowcase-beni-ouarain\/","og_locale":"en_GB","og_type":"article","og_title":"Pudebetr\u00e6k af marokkanske uld t\u00e6pper | Kun hos Tibladin","og_description":"Flotte pudebetr\u00e6k af Beni Ouarain t\u00e6pper t\u00e6pper - Bl\u00f8de og l\u00e6kre. F\u00e5es i 3 forskellige varianter. Du kan tilk\u00f8be monteringspude. Stort udvalg","og_url":"https:\/\/tibladin.dk\/en\/product-4\/pillowcase-beni-ouarain\/","og_site_name":"Tibladin","article_modified_time":"2025-02-15T16:50:19+00:00","og_image":[{"width":800,"height":800,"url":"https:\/\/tibladin.dk\/wp-content\/uploads\/2023\/11\/Pude-af-beni-ouarain-taeppe_alle_LS.jpg","type":"image\/jpeg"}],"twitter_card":"summary_large_image","twitter_misc":{"Estimated reading time":"2 minutes"},"schema":{"@context":"https:\/\/schema.org","@graph":[{"@type":"WebPage","@id":"https:\/\/tibladin.dk\/produkt\/pudebetraek-beni-ouarain\/","url":"https:\/\/tibladin.dk\/produkt\/pudebetraek-beni-ouarain\/","name":"Cushion covers from Moroccan wool rugs | Only at Tibladin","isPartOf":{"@id":"https:\/\/tibladin.dk\/#website"},"primaryImageOfPage":{"@id":"https:\/\/tibladin.dk\/produkt\/pudebetraek-beni-ouarain\/#primaryimage"},"image":{"@id":"https:\/\/tibladin.dk\/produkt\/pudebetraek-beni-ouarain\/#primaryimage"},"thumbnailUrl":"https:\/\/tibladin.dk\/wp-content\/uploads\/2023\/11\/Pude-af-beni-ouarain-taeppe_alle_LS.jpg","datePublished":"2023-11-25T08:18:19+00:00","dateModified":"2025-02-15T16:50:19+00:00","description":"Beautiful cushion covers from Beni Ouarain blankets - Soft and delicious. Available in 3 different variants. You can purchase an additional mounting pad. Large selection","breadcrumb":{"@id":"https:\/\/tibladin.dk\/produkt\/pudebetraek-beni-ouarain\/#breadcrumb"},"inLanguage":"en-GB","potentialAction":[{"@type":"ReadAction","target":["https:\/\/tibladin.dk\/produkt\/pudebetraek-beni-ouarain\/"]}]},{"@type":"ImageObject","inLanguage":"en-GB","@id":"https:\/\/tibladin.dk\/produkt\/pudebetraek-beni-ouarain\/#primaryimage","url":"https:\/\/tibladin.dk\/wp-content\/uploads\/2023\/11\/Pude-af-beni-ouarain-taeppe_alle_LS.jpg","contentUrl":"https:\/\/tibladin.dk\/wp-content\/uploads\/2023\/11\/Pude-af-beni-ouarain-taeppe_alle_LS.jpg","width":800,"height":800,"caption":"pudebetr\u00e6k af bl\u00f8dt beni ouarain t\u00e6ppe i hvid uld"},{"@type":"BreadcrumbList","@id":"https:\/\/tibladin.dk\/produkt\/pudebetraek-beni-ouarain\/#breadcrumb","itemListElement":[{"@type":"ListItem","position":1,"name":"Hjem","item":"https:\/\/tibladin.dk\/"},{"@type":"ListItem","position":2,"name":"Shop","item":"https:\/\/tibladin.dk\/shop\/"},{"@type":"ListItem","position":3,"name":"Pudebetr\u00e6k Beni Ouarain"}]},{"@type":"WebSite","@id":"https:\/\/tibladin.dk\/#website","url":"https:\/\/tibladin.dk\/","name":"Tibladin","description":"Tibladin","publisher":{"@id":"https:\/\/tibladin.dk\/#organization"},"potentialAction":[{"@type":"SearchAction","target":{"@type":"EntryPoint","urlTemplate":"https:\/\/tibladin.dk\/?s={search_term_string}"},"query-input":{"@type":"PropertyValueSpecification","valueRequired":true,"valueName":"search_term_string"}}],"inLanguage":"en-GB"},{"@type":"Organization","@id":"https:\/\/tibladin.dk\/#organization","name":"Tibladin","url":"https:\/\/tibladin.dk\/","logo":{"@type":"ImageObject","inLanguage":"en-GB","@id":"https:\/\/tibladin.dk\/#\/schema\/logo\/image\/","url":"https:\/\/tibladin.dk\/wp-content\/uploads\/2022\/09\/tibladin_logo.svg","contentUrl":"https:\/\/tibladin.dk\/wp-content\/uploads\/2022\/09\/tibladin_logo.svg","caption":"Tibladin"},"image":{"@id":"https:\/\/tibladin.dk\/#\/schema\/logo\/image\/"}}]}},"_links":{"self":[{"href":"https:\/\/tibladin.dk\/en\/wp-json\/wp\/v2\/product\/10552","targetHints":{"allow":["GET"]}}],"collection":[{"href":"https:\/\/tibladin.dk\/en\/wp-json\/wp\/v2\/product"}],"about":[{"href":"https:\/\/tibladin.dk\/en\/wp-json\/wp\/v2\/types\/product"}],"wp:featuredmedia":[{"embeddable":true,"href":"https:\/\/tibladin.dk\/en\/wp-json\/wp\/v2\/media\/10571"}],"wp:attachment":[{"href":"https:\/\/tibladin.dk\/en\/wp-json\/wp\/v2\/media?parent=10552"}],"wp:term":[{"taxonomy":"product_brand","embeddable":true,"href":"https:\/\/tibladin.dk\/en\/wp-json\/wp\/v2\/product_brand?post=10552"},{"taxonomy":"product_cat","embeddable":true,"href":"https:\/\/tibladin.dk\/en\/wp-json\/wp\/v2\/product_cat?post=10552"},{"taxonomy":"product_tag","embeddable":true,"href":"https:\/\/tibladin.dk\/en\/wp-json\/wp\/v2\/product_tag?post=10552"}],"curies":[{"name":"wp","href":"https:\/\/api.w.org\/{rel}","templated":true}]}}