{"id":10674,"date":"2023-12-05T11:48:59","date_gmt":"2023-12-05T10:48:59","guid":{"rendered":"https:\/\/tibladin.dk\/?post_type=product&#038;p=10674"},"modified":"2024-12-09T14:04:56","modified_gmt":"2024-12-09T13:04:56","slug":"pouf-in-leather-square-nude","status":"publish","type":"product","link":"https:\/\/tibladin.dk\/en\/produkt\/puf-i-laeder-firkantet-nude\/","title":{"rendered":"Pouf in leather - square NUDE"},"content":{"rendered":"<div class=\"wpb-content-wrapper\"><div class=\"vc_row wpb_row vc_row-fluid\"><div class=\"wpb_column vc_column_container vc_col-sm-4\"><div class=\"vc_column-inner\"><div class=\"wpb_wrapper\">\n\t<div class=\"wpb_video_widget wpb_content_element vc_clearfix   vc_video-aspect-ratio-43 vc_video-el-width-100 vc_video-align-left\" >\n\t\t<div class=\"wpb_wrapper\">\n\t\t\t\n\t\t\t<div class=\"wpb_video_wrapper\"><div class=\"video-container\"><iframe loading=\"lazy\" title=\"Fill your Moroccan leather pouf\" src=\"https:\/\/player.vimeo.com\/video\/417093994?dnt=1&amp;app_id=122963\" width=\"310\" height=\"310\" frameborder=\"0\" allow=\"autoplay; fullscreen; picture-in-picture\"><\/iframe><\/div><\/div>\n\t\t<\/div>\n\t<\/div>\n<\/div><\/div><\/div><div class=\"wpb_column vc_column_container vc_col-sm-4\"><div class=\"vc_column-inner\"><div class=\"wpb_wrapper\"><h3 style=\"text-align: left\" class=\"vc_custom_heading vc_do_custom_heading\" >Maintenance<\/h3>\n\t<div class=\"wpb_text_column wpb_content_element\" >\n\t\t<div class=\"wpb_wrapper\">\n\t\t\t<p>At Tibladin you buy leather poufs without filling, so you can fill it yourself with filling to your own taste.<\/p>\n<p>You can easily use things you already have, such as clothes you no longer use, winter duvets, pillows, blankets or tightly crumpled newspaper. You can also buy foam granules or cotton filling for your pouf. If you use this kind of stuffing, I can recommend that you sew an inner cover or take an old duvet cover and put the stuffing in there before you put it in your pouf.<\/p>\n<p>Leather poufs are made of goatskin and will acquire a beautiful patina over time. If you want your pouf darker and glossy, you can give it a little leather oil. Right at the beginning, when you use it, it can smell a little like leather. This goes away quickly again. If you want to speed up that process, put it out in the sun for a bit and it will go away.<\/p>\n\n\t\t<\/div>\n\t<\/div>\n<\/div><\/div><\/div><div class=\"wpb_column vc_column_container vc_col-sm-4\"><div class=\"vc_column-inner\"><div class=\"wpb_wrapper\"><h3 style=\"text-align: left\" class=\"vc_custom_heading vc_do_custom_heading\" >The story behind<\/h3>\n\t<div class=\"wpb_text_column wpb_content_element\" >\n\t\t<div class=\"wpb_wrapper\">\n\t\t\t<p>Small poufs are easy to add to your decor and quickly get an exotic look and a more personal touch. My supplier of leather poufs has many years of experience in making good and very durable poufs, which he exports to several places around the world. All my poufs are made of goat leather, as this is what gives the softest and most flexible pouf. All poufs are handmade and small imperfections may occur.<\/p>\n\n\t\t<\/div>\n\t<\/div>\n<\/div><\/div><\/div><\/div>\n<\/div>","protected":false},"excerpt":{"rendered":"<p>Moroccan handmade poufs in very light NUDE natural leather. Gives an elegant look to your decor.<\/p>\n<p>Sold without filling, so you can fill it yourself according to the firmness you want. If you want the pouffe filled with wood wool, remember to select it in the field just above the &quot;add to basket&quot; button<\/p>\n<p>Available in two sizes 40 x 40 x 38 H and 50 x 50 cm x 43 H<\/p>","protected":false},"featured_media":10683,"template":"","meta":{"inline_featured_image":false},"product_brand":[],"product_cat":[41,39,40],"product_tag":[],"class_list":{"0":"post-10674","1":"product","2":"type-product","3":"status-publish","4":"has-post-thumbnail","6":"product_cat-laederpufs","7":"product_cat-moebler","8":"product_cat-pufs","10":"first","11":"instock","12":"taxable","13":"shipping-taxable","14":"purchasable","15":"product-type-variable","16":"has-default-attributes"},"exclude_global_add_ons":false,"addons":[{"name":"Would you like your pouf delivered with wood wool filling?","type":"checkbox","position":0,"required":false,"title_format":"label","default":"","description_enable":false,"description":"","placeholder_enable":false,"placeholder":"","display":"select","restrictions_type":"any_text","adjust_price":false,"price":"","price_type":"flat_fee","restrictions":false,"min":"0","max":"0","options":[{"label":"Ja tak!","price":"250","price_type":"quantity_based","image":0,"visibility":true}],"id":1708084884}],"yoast_head":"<!-- This site is optimized with the Yoast SEO plugin v27.4 - https:\/\/yoast.com\/product\/yoast-seo-wordpress\/ -->\n<title>Marokkansk puf i l\u00e6der. F\u00e5s i 40x40 el. 50x50 cm. | Tibladin<\/title>\n<meta name=\"description\" content=\"Marokkansk Puf i lys NUDE farvet l\u00e6der. F\u00e5s i st\u00f8rrelserne 40x40 eller 50x50 cm. Er h\u00e5ndlavet af gedel\u00e6der for en bl\u00f8d og fleksibel puf.\" \/>\n<meta name=\"robots\" content=\"index, follow, max-snippet:-1, max-image-preview:large, max-video-preview:-1\" \/>\n<link rel=\"canonical\" href=\"https:\/\/tibladin.dk\/en\/product-4\/pouf-in-leather-square-nude\/\" \/>\n<meta property=\"og:locale\" content=\"en_GB\" \/>\n<meta property=\"og:type\" content=\"article\" \/>\n<meta property=\"og:title\" content=\"Marokkansk puf i l\u00e6der. F\u00e5s i 40x40 el. 50x50 cm. | Tibladin\" \/>\n<meta property=\"og:description\" content=\"Marokkansk Puf i lys NUDE farvet l\u00e6der. F\u00e5s i st\u00f8rrelserne 40x40 eller 50x50 cm. Er h\u00e5ndlavet af gedel\u00e6der for en bl\u00f8d og fleksibel puf.\" \/>\n<meta property=\"og:url\" content=\"https:\/\/tibladin.dk\/en\/product-4\/pouf-in-leather-square-nude\/\" \/>\n<meta property=\"og:site_name\" content=\"Tibladin\" \/>\n<meta property=\"article:modified_time\" content=\"2024-12-09T13:04:56+00:00\" \/>\n<meta property=\"og:image\" content=\"https:\/\/tibladin.dk\/wp-content\/uploads\/2023\/12\/tibladin_marokkansk-puf-firkant-i-lys-NUDE.jpg\" \/>\n\t<meta property=\"og:image:width\" content=\"800\" \/>\n\t<meta property=\"og:image:height\" content=\"800\" \/>\n\t<meta property=\"og:image:type\" content=\"image\/jpeg\" \/>\n<meta name=\"twitter:card\" content=\"summary_large_image\" \/>\n<meta name=\"twitter:label1\" content=\"Estimated reading time\" \/>\n\t<meta name=\"twitter:data1\" content=\"2 minutes\" \/>\n<script type=\"application\/ld+json\" class=\"yoast-schema-graph\">{\"@context\":\"https:\\\/\\\/schema.org\",\"@graph\":[{\"@type\":\"WebPage\",\"@id\":\"https:\\\/\\\/tibladin.dk\\\/produkt\\\/puf-i-laeder-firkantet-nude\\\/\",\"url\":\"https:\\\/\\\/tibladin.dk\\\/produkt\\\/puf-i-laeder-firkantet-nude\\\/\",\"name\":\"Marokkansk puf i l\u00e6der. F\u00e5s i 40x40 el. 50x50 cm. | Tibladin\",\"isPartOf\":{\"@id\":\"https:\\\/\\\/tibladin.dk\\\/#website\"},\"primaryImageOfPage\":{\"@id\":\"https:\\\/\\\/tibladin.dk\\\/produkt\\\/puf-i-laeder-firkantet-nude\\\/#primaryimage\"},\"image\":{\"@id\":\"https:\\\/\\\/tibladin.dk\\\/produkt\\\/puf-i-laeder-firkantet-nude\\\/#primaryimage\"},\"thumbnailUrl\":\"https:\\\/\\\/tibladin.dk\\\/wp-content\\\/uploads\\\/2023\\\/12\\\/tibladin_marokkansk-puf-firkant-i-lys-NUDE.jpg\",\"datePublished\":\"2023-12-05T10:48:59+00:00\",\"dateModified\":\"2024-12-09T13:04:56+00:00\",\"description\":\"Marokkansk Puf i lys NUDE farvet l\u00e6der. F\u00e5s i st\u00f8rrelserne 40x40 eller 50x50 cm. Er h\u00e5ndlavet af gedel\u00e6der for en bl\u00f8d og fleksibel puf.\",\"breadcrumb\":{\"@id\":\"https:\\\/\\\/tibladin.dk\\\/produkt\\\/puf-i-laeder-firkantet-nude\\\/#breadcrumb\"},\"inLanguage\":\"en-GB\",\"potentialAction\":[{\"@type\":\"ReadAction\",\"target\":[\"https:\\\/\\\/tibladin.dk\\\/produkt\\\/puf-i-laeder-firkantet-nude\\\/\"]}]},{\"@type\":\"ImageObject\",\"inLanguage\":\"en-GB\",\"@id\":\"https:\\\/\\\/tibladin.dk\\\/produkt\\\/puf-i-laeder-firkantet-nude\\\/#primaryimage\",\"url\":\"https:\\\/\\\/tibladin.dk\\\/wp-content\\\/uploads\\\/2023\\\/12\\\/tibladin_marokkansk-puf-firkant-i-lys-NUDE.jpg\",\"contentUrl\":\"https:\\\/\\\/tibladin.dk\\\/wp-content\\\/uploads\\\/2023\\\/12\\\/tibladin_marokkansk-puf-firkant-i-lys-NUDE.jpg\",\"width\":800,\"height\":800,\"caption\":\"tibladin_marokkansk puf firkant i lys NUDE\"},{\"@type\":\"BreadcrumbList\",\"@id\":\"https:\\\/\\\/tibladin.dk\\\/produkt\\\/puf-i-laeder-firkantet-nude\\\/#breadcrumb\",\"itemListElement\":[{\"@type\":\"ListItem\",\"position\":1,\"name\":\"Hjem\",\"item\":\"https:\\\/\\\/tibladin.dk\\\/\"},{\"@type\":\"ListItem\",\"position\":2,\"name\":\"Shop\",\"item\":\"https:\\\/\\\/tibladin.dk\\\/shop\\\/\"},{\"@type\":\"ListItem\",\"position\":3,\"name\":\"Puf i l\u00e6der &#8211; firkantet NUDE\"}]},{\"@type\":\"WebSite\",\"@id\":\"https:\\\/\\\/tibladin.dk\\\/#website\",\"url\":\"https:\\\/\\\/tibladin.dk\\\/\",\"name\":\"Tibladin\",\"description\":\"Tibladin\",\"publisher\":{\"@id\":\"https:\\\/\\\/tibladin.dk\\\/#organization\"},\"potentialAction\":[{\"@type\":\"SearchAction\",\"target\":{\"@type\":\"EntryPoint\",\"urlTemplate\":\"https:\\\/\\\/tibladin.dk\\\/?s={search_term_string}\"},\"query-input\":{\"@type\":\"PropertyValueSpecification\",\"valueRequired\":true,\"valueName\":\"search_term_string\"}}],\"inLanguage\":\"en-GB\"},{\"@type\":\"Organization\",\"@id\":\"https:\\\/\\\/tibladin.dk\\\/#organization\",\"name\":\"Tibladin\",\"url\":\"https:\\\/\\\/tibladin.dk\\\/\",\"logo\":{\"@type\":\"ImageObject\",\"inLanguage\":\"en-GB\",\"@id\":\"https:\\\/\\\/tibladin.dk\\\/#\\\/schema\\\/logo\\\/image\\\/\",\"url\":\"https:\\\/\\\/tibladin.dk\\\/wp-content\\\/uploads\\\/2022\\\/09\\\/tibladin_logo.svg\",\"contentUrl\":\"https:\\\/\\\/tibladin.dk\\\/wp-content\\\/uploads\\\/2022\\\/09\\\/tibladin_logo.svg\",\"caption\":\"Tibladin\"},\"image\":{\"@id\":\"https:\\\/\\\/tibladin.dk\\\/#\\\/schema\\\/logo\\\/image\\\/\"}}]}<\/script>\n<!-- \/ Yoast SEO plugin. -->","yoast_head_json":{"title":"Moroccan pouf in leather. Available in 40x40 or. 50x50 cm. | Tibladin","description":"Moroccan Pouf in light NUDE colored leather. Available in the sizes 40x40 or 50x50 cm. Is handmade from goat leather for a soft and flexible pouf.","robots":{"index":"index","follow":"follow","max-snippet":"max-snippet:-1","max-image-preview":"max-image-preview:large","max-video-preview":"max-video-preview:-1"},"canonical":"https:\/\/tibladin.dk\/en\/product-4\/pouf-in-leather-square-nude\/","og_locale":"en_GB","og_type":"article","og_title":"Marokkansk puf i l\u00e6der. F\u00e5s i 40x40 el. 50x50 cm. | Tibladin","og_description":"Marokkansk Puf i lys NUDE farvet l\u00e6der. F\u00e5s i st\u00f8rrelserne 40x40 eller 50x50 cm. Er h\u00e5ndlavet af gedel\u00e6der for en bl\u00f8d og fleksibel puf.","og_url":"https:\/\/tibladin.dk\/en\/product-4\/pouf-in-leather-square-nude\/","og_site_name":"Tibladin","article_modified_time":"2024-12-09T13:04:56+00:00","og_image":[{"width":800,"height":800,"url":"https:\/\/tibladin.dk\/wp-content\/uploads\/2023\/12\/tibladin_marokkansk-puf-firkant-i-lys-NUDE.jpg","type":"image\/jpeg"}],"twitter_card":"summary_large_image","twitter_misc":{"Estimated reading time":"2 minutes"},"schema":{"@context":"https:\/\/schema.org","@graph":[{"@type":"WebPage","@id":"https:\/\/tibladin.dk\/produkt\/puf-i-laeder-firkantet-nude\/","url":"https:\/\/tibladin.dk\/produkt\/puf-i-laeder-firkantet-nude\/","name":"Moroccan pouf in leather. Available in 40x40 or. 50x50 cm. | Tibladin","isPartOf":{"@id":"https:\/\/tibladin.dk\/#website"},"primaryImageOfPage":{"@id":"https:\/\/tibladin.dk\/produkt\/puf-i-laeder-firkantet-nude\/#primaryimage"},"image":{"@id":"https:\/\/tibladin.dk\/produkt\/puf-i-laeder-firkantet-nude\/#primaryimage"},"thumbnailUrl":"https:\/\/tibladin.dk\/wp-content\/uploads\/2023\/12\/tibladin_marokkansk-puf-firkant-i-lys-NUDE.jpg","datePublished":"2023-12-05T10:48:59+00:00","dateModified":"2024-12-09T13:04:56+00:00","description":"Moroccan Pouf in light NUDE colored leather. Available in the sizes 40x40 or 50x50 cm. Is handmade from goat leather for a soft and flexible pouf.","breadcrumb":{"@id":"https:\/\/tibladin.dk\/produkt\/puf-i-laeder-firkantet-nude\/#breadcrumb"},"inLanguage":"en-GB","potentialAction":[{"@type":"ReadAction","target":["https:\/\/tibladin.dk\/produkt\/puf-i-laeder-firkantet-nude\/"]}]},{"@type":"ImageObject","inLanguage":"en-GB","@id":"https:\/\/tibladin.dk\/produkt\/puf-i-laeder-firkantet-nude\/#primaryimage","url":"https:\/\/tibladin.dk\/wp-content\/uploads\/2023\/12\/tibladin_marokkansk-puf-firkant-i-lys-NUDE.jpg","contentUrl":"https:\/\/tibladin.dk\/wp-content\/uploads\/2023\/12\/tibladin_marokkansk-puf-firkant-i-lys-NUDE.jpg","width":800,"height":800,"caption":"tibladin_marokkansk puf firkant i lys NUDE"},{"@type":"BreadcrumbList","@id":"https:\/\/tibladin.dk\/produkt\/puf-i-laeder-firkantet-nude\/#breadcrumb","itemListElement":[{"@type":"ListItem","position":1,"name":"Hjem","item":"https:\/\/tibladin.dk\/"},{"@type":"ListItem","position":2,"name":"Shop","item":"https:\/\/tibladin.dk\/shop\/"},{"@type":"ListItem","position":3,"name":"Puf i l\u00e6der &#8211; firkantet NUDE"}]},{"@type":"WebSite","@id":"https:\/\/tibladin.dk\/#website","url":"https:\/\/tibladin.dk\/","name":"Tibladin","description":"Tibladin","publisher":{"@id":"https:\/\/tibladin.dk\/#organization"},"potentialAction":[{"@type":"SearchAction","target":{"@type":"EntryPoint","urlTemplate":"https:\/\/tibladin.dk\/?s={search_term_string}"},"query-input":{"@type":"PropertyValueSpecification","valueRequired":true,"valueName":"search_term_string"}}],"inLanguage":"en-GB"},{"@type":"Organization","@id":"https:\/\/tibladin.dk\/#organization","name":"Tibladin","url":"https:\/\/tibladin.dk\/","logo":{"@type":"ImageObject","inLanguage":"en-GB","@id":"https:\/\/tibladin.dk\/#\/schema\/logo\/image\/","url":"https:\/\/tibladin.dk\/wp-content\/uploads\/2022\/09\/tibladin_logo.svg","contentUrl":"https:\/\/tibladin.dk\/wp-content\/uploads\/2022\/09\/tibladin_logo.svg","caption":"Tibladin"},"image":{"@id":"https:\/\/tibladin.dk\/#\/schema\/logo\/image\/"}}]}},"_links":{"self":[{"href":"https:\/\/tibladin.dk\/en\/wp-json\/wp\/v2\/product\/10674","targetHints":{"allow":["GET"]}}],"collection":[{"href":"https:\/\/tibladin.dk\/en\/wp-json\/wp\/v2\/product"}],"about":[{"href":"https:\/\/tibladin.dk\/en\/wp-json\/wp\/v2\/types\/product"}],"wp:featuredmedia":[{"embeddable":true,"href":"https:\/\/tibladin.dk\/en\/wp-json\/wp\/v2\/media\/10683"}],"wp:attachment":[{"href":"https:\/\/tibladin.dk\/en\/wp-json\/wp\/v2\/media?parent=10674"}],"wp:term":[{"taxonomy":"product_brand","embeddable":true,"href":"https:\/\/tibladin.dk\/en\/wp-json\/wp\/v2\/product_brand?post=10674"},{"taxonomy":"product_cat","embeddable":true,"href":"https:\/\/tibladin.dk\/en\/wp-json\/wp\/v2\/product_cat?post=10674"},{"taxonomy":"product_tag","embeddable":true,"href":"https:\/\/tibladin.dk\/en\/wp-json\/wp\/v2\/product_tag?post=10674"}],"curies":[{"name":"wp","href":"https:\/\/api.w.org\/{rel}","templated":true}]}}