{"id":11405,"date":"2024-02-29T15:44:42","date_gmt":"2024-02-29T14:44:42","guid":{"rendered":"https:\/\/tibladin.dk\/?post_type=product&#038;p=11405"},"modified":"2025-05-12T08:24:54","modified_gmt":"2025-05-12T06:24:54","slug":"moroccan-carpet-chaoui-kilim-160x210","status":"publish","type":"product","link":"https:\/\/tibladin.dk\/en\/produkt\/marokkansk-taeppe-chaoui-kelim-160x210\/","title":{"rendered":"Moroccan rug \u2013 CHAOUI kilim 160\u00d7210"},"content":{"rendered":"<div class=\"wpb-content-wrapper\"><div class=\"vc_row wpb_row vc_row-fluid\"><div class=\"wpb_column vc_column_container vc_col-sm-4\"><div class=\"vc_column-inner\"><div class=\"wpb_wrapper\"><\/div><\/div><\/div><div class=\"wpb_column vc_column_container vc_col-sm-4\"><div class=\"vc_column-inner\"><div class=\"wpb_wrapper\"><h3 style=\"text-align: left\" class=\"vc_custom_heading vc_do_custom_heading\" >Maintenance<\/h3>\n\t<div class=\"wpb_text_column wpb_content_element\" >\n\t\t<div class=\"wpb_wrapper\">\n\t\t\t<p>Vacuum the carpet regularly and take it outside and shake it once in a while. Stains are removed by soaking up the stain as quickly as possible with a cloth and then dabbing the stain with a damp cloth. The carpet is 100 % pure wool and is naturally covered with lanolin on each fiber, which means that stains do not penetrate into the carpet. It can also be dry cleaned at a dry cleaner. Should we be lucky enough to get snow one winter in Denmark, then finally lay out the blanket in the white snow. This will thoroughly clean the carpet \u2013 completely naturally.<\/p>\n\n\t\t<\/div>\n\t<\/div>\n<\/div><\/div><\/div><div class=\"wpb_column vc_column_container vc_col-sm-4\"><div class=\"vc_column-inner\"><div class=\"wpb_wrapper\"><h3 style=\"text-align: left\" class=\"vc_custom_heading vc_do_custom_heading\" >The story behind<\/h3>\n\t<div class=\"wpb_text_column wpb_content_element\" >\n\t\t<div class=\"wpb_wrapper\">\n\t\t\t<p>Carpets decorate, provide coziness and warmth and are also noise absorbent.<\/p>\n<p>These rugs are handwoven by Berber women from Zemmour in the Atlas Mountains and have a very Nordic look with their black and white colors.<\/p>\n<p>The rugs are made from sustainable wool from sheep from the Atlas Mountains and are completely chemical-free.<\/p>\n\n\t\t<\/div>\n\t<\/div>\n<\/div><\/div><\/div><\/div>\n<\/div>","protected":false},"excerpt":{"rendered":"<p>Ultra rare kilim CHAOUI wool kilim rug with colored hand embroidered patterns. There is only this rug and rugs from CHAOUI are very rare and fine rugs. The fine handwork is a true work of art, which really gives character and gives a high quality to the interior.<\/p>\n<p>A base of light high-quality flat-woven wool. Hand embroidered patterns in orange, dark red, black and white.<\/p>\n<p>Measurements: width 160 cm Length 210 cm.<\/p>\n<p>Beautiful rug that fits most living rooms and rooms. A good regular size. For those of you who want a flat-woven, quality wool rug that gives lots of atmosphere and coziness, but which is not too dominant at the same time and fits very well with the Scandinavian decor<\/p>\n<p>Must be dry cleaned at the laundromat or cleaned in the snow. The wool avoids stains so that they do not penetrate into the carpet.<\/p>","protected":false},"featured_media":11406,"template":"","meta":{"inline_featured_image":false},"product_brand":[],"product_cat":[59,61],"product_tag":[],"class_list":{"0":"post-11405","1":"product","2":"type-product","3":"status-publish","4":"has-post-thumbnail","6":"product_cat-marokkanske-taepper","7":"product_cat-uldtaepper-kelim","9":"first","10":"instock","11":"taxable","12":"shipping-taxable","13":"purchasable","14":"product-type-simple"},"exclude_global_add_ons":[],"addons":[],"yoast_head":"<!-- This site is optimized with the Yoast SEO plugin v27.5 - https:\/\/yoast.com\/product\/yoast-seo-wordpress\/ -->\n<title>Marokkansk t\u00e6ppe - CHAOUI kelim 160x210- Tibladin<\/title>\n<meta name=\"description\" content=\"Ultra sj\u00e6ldent Marrokansk uld kelim t\u00e6ppe Chaoui. H\u00e5ndv\u00e6vet af berberkvinder med smukke h\u00e5ndbroderede m\u00f8nstrer. et utroligt om imponerende h\u00e5ndarbejde.\" \/>\n<meta name=\"robots\" content=\"index, follow, max-snippet:-1, max-image-preview:large, max-video-preview:-1\" \/>\n<link rel=\"canonical\" href=\"https:\/\/tibladin.dk\/en\/product-4\/moroccan-carpet-chaoui-kilim-160x210\/\" \/>\n<meta property=\"og:locale\" content=\"en_GB\" \/>\n<meta property=\"og:type\" content=\"article\" \/>\n<meta property=\"og:title\" content=\"Marokkansk t\u00e6ppe - CHAOUI kelim 160x210- Tibladin\" \/>\n<meta property=\"og:description\" content=\"Ultra sj\u00e6ldent Marrokansk uld kelim t\u00e6ppe Chaoui. H\u00e5ndv\u00e6vet af berberkvinder med smukke h\u00e5ndbroderede m\u00f8nstrer. et utroligt om imponerende h\u00e5ndarbejde.\" \/>\n<meta property=\"og:url\" content=\"https:\/\/tibladin.dk\/en\/product-4\/moroccan-carpet-chaoui-kilim-160x210\/\" \/>\n<meta property=\"og:site_name\" content=\"Tibladin\" \/>\n<meta property=\"article:modified_time\" content=\"2025-05-12T06:24:54+00:00\" \/>\n<meta property=\"og:image\" content=\"https:\/\/tibladin.dk\/wp-content\/uploads\/2024\/02\/Tibladin-marokkansk-kelim-taeppe-Chaoui_160x210_2.jpg\" \/>\n\t<meta property=\"og:image:width\" content=\"800\" \/>\n\t<meta property=\"og:image:height\" content=\"800\" \/>\n\t<meta property=\"og:image:type\" content=\"image\/jpeg\" \/>\n<meta name=\"twitter:card\" content=\"summary_large_image\" \/>\n<meta name=\"twitter:label1\" content=\"Estimated reading time\" \/>\n\t<meta name=\"twitter:data1\" content=\"2 minutes\" \/>\n<script type=\"application\/ld+json\" class=\"yoast-schema-graph\">{\"@context\":\"https:\\\/\\\/schema.org\",\"@graph\":[{\"@type\":\"WebPage\",\"@id\":\"https:\\\/\\\/tibladin.dk\\\/produkt\\\/marokkansk-taeppe-chaoui-kelim-160x210\\\/\",\"url\":\"https:\\\/\\\/tibladin.dk\\\/produkt\\\/marokkansk-taeppe-chaoui-kelim-160x210\\\/\",\"name\":\"Marokkansk t\u00e6ppe - CHAOUI kelim 160x210- Tibladin\",\"isPartOf\":{\"@id\":\"https:\\\/\\\/tibladin.dk\\\/#website\"},\"primaryImageOfPage\":{\"@id\":\"https:\\\/\\\/tibladin.dk\\\/produkt\\\/marokkansk-taeppe-chaoui-kelim-160x210\\\/#primaryimage\"},\"image\":{\"@id\":\"https:\\\/\\\/tibladin.dk\\\/produkt\\\/marokkansk-taeppe-chaoui-kelim-160x210\\\/#primaryimage\"},\"thumbnailUrl\":\"https:\\\/\\\/tibladin.dk\\\/wp-content\\\/uploads\\\/2024\\\/02\\\/Tibladin-marokkansk-kelim-taeppe-Chaoui_160x210_2.jpg\",\"datePublished\":\"2024-02-29T14:44:42+00:00\",\"dateModified\":\"2025-05-12T06:24:54+00:00\",\"description\":\"Ultra sj\u00e6ldent Marrokansk uld kelim t\u00e6ppe Chaoui. H\u00e5ndv\u00e6vet af berberkvinder med smukke h\u00e5ndbroderede m\u00f8nstrer. et utroligt om imponerende h\u00e5ndarbejde.\",\"breadcrumb\":{\"@id\":\"https:\\\/\\\/tibladin.dk\\\/produkt\\\/marokkansk-taeppe-chaoui-kelim-160x210\\\/#breadcrumb\"},\"inLanguage\":\"en-GB\",\"potentialAction\":[{\"@type\":\"ReadAction\",\"target\":[\"https:\\\/\\\/tibladin.dk\\\/produkt\\\/marokkansk-taeppe-chaoui-kelim-160x210\\\/\"]}]},{\"@type\":\"ImageObject\",\"inLanguage\":\"en-GB\",\"@id\":\"https:\\\/\\\/tibladin.dk\\\/produkt\\\/marokkansk-taeppe-chaoui-kelim-160x210\\\/#primaryimage\",\"url\":\"https:\\\/\\\/tibladin.dk\\\/wp-content\\\/uploads\\\/2024\\\/02\\\/Tibladin-marokkansk-kelim-taeppe-Chaoui_160x210_2.jpg\",\"contentUrl\":\"https:\\\/\\\/tibladin.dk\\\/wp-content\\\/uploads\\\/2024\\\/02\\\/Tibladin-marokkansk-kelim-taeppe-Chaoui_160x210_2.jpg\",\"width\":800,\"height\":800,\"caption\":\"Tibladin marokkansk kelim t\u00e6ppe Chaoui_160x210\"},{\"@type\":\"BreadcrumbList\",\"@id\":\"https:\\\/\\\/tibladin.dk\\\/produkt\\\/marokkansk-taeppe-chaoui-kelim-160x210\\\/#breadcrumb\",\"itemListElement\":[{\"@type\":\"ListItem\",\"position\":1,\"name\":\"Hjem\",\"item\":\"https:\\\/\\\/tibladin.dk\\\/\"},{\"@type\":\"ListItem\",\"position\":2,\"name\":\"Shop\",\"item\":\"https:\\\/\\\/tibladin.dk\\\/shop\\\/\"},{\"@type\":\"ListItem\",\"position\":3,\"name\":\"Marokkansk t\u00e6ppe &#8211; CHAOUI kelim 160&#215;210\"}]},{\"@type\":\"WebSite\",\"@id\":\"https:\\\/\\\/tibladin.dk\\\/#website\",\"url\":\"https:\\\/\\\/tibladin.dk\\\/\",\"name\":\"Tibladin\",\"description\":\"Tibladin\",\"publisher\":{\"@id\":\"https:\\\/\\\/tibladin.dk\\\/#organization\"},\"potentialAction\":[{\"@type\":\"SearchAction\",\"target\":{\"@type\":\"EntryPoint\",\"urlTemplate\":\"https:\\\/\\\/tibladin.dk\\\/?s={search_term_string}\"},\"query-input\":{\"@type\":\"PropertyValueSpecification\",\"valueRequired\":true,\"valueName\":\"search_term_string\"}}],\"inLanguage\":\"en-GB\"},{\"@type\":\"Organization\",\"@id\":\"https:\\\/\\\/tibladin.dk\\\/#organization\",\"name\":\"Tibladin\",\"url\":\"https:\\\/\\\/tibladin.dk\\\/\",\"logo\":{\"@type\":\"ImageObject\",\"inLanguage\":\"en-GB\",\"@id\":\"https:\\\/\\\/tibladin.dk\\\/#\\\/schema\\\/logo\\\/image\\\/\",\"url\":\"https:\\\/\\\/tibladin.dk\\\/wp-content\\\/uploads\\\/2022\\\/09\\\/tibladin_logo.svg\",\"contentUrl\":\"https:\\\/\\\/tibladin.dk\\\/wp-content\\\/uploads\\\/2022\\\/09\\\/tibladin_logo.svg\",\"caption\":\"Tibladin\"},\"image\":{\"@id\":\"https:\\\/\\\/tibladin.dk\\\/#\\\/schema\\\/logo\\\/image\\\/\"}}]}<\/script>\n<!-- \/ Yoast SEO plugin. -->","yoast_head_json":{"title":"Moroccan rug - CHAOUI kilim 160x210- Tibladin","description":"Ultra rare Moroccan wool kilim rug Chaoui. Handwoven by Berber women with beautiful hand embroidered patterns. an incredible if impressive handiwork.","robots":{"index":"index","follow":"follow","max-snippet":"max-snippet:-1","max-image-preview":"max-image-preview:large","max-video-preview":"max-video-preview:-1"},"canonical":"https:\/\/tibladin.dk\/en\/product-4\/moroccan-carpet-chaoui-kilim-160x210\/","og_locale":"en_GB","og_type":"article","og_title":"Marokkansk t\u00e6ppe - CHAOUI kelim 160x210- Tibladin","og_description":"Ultra sj\u00e6ldent Marrokansk uld kelim t\u00e6ppe Chaoui. H\u00e5ndv\u00e6vet af berberkvinder med smukke h\u00e5ndbroderede m\u00f8nstrer. et utroligt om imponerende h\u00e5ndarbejde.","og_url":"https:\/\/tibladin.dk\/en\/product-4\/moroccan-carpet-chaoui-kilim-160x210\/","og_site_name":"Tibladin","article_modified_time":"2025-05-12T06:24:54+00:00","og_image":[{"width":800,"height":800,"url":"https:\/\/tibladin.dk\/wp-content\/uploads\/2024\/02\/Tibladin-marokkansk-kelim-taeppe-Chaoui_160x210_2.jpg","type":"image\/jpeg"}],"twitter_card":"summary_large_image","twitter_misc":{"Estimated reading time":"2 minutes"},"schema":{"@context":"https:\/\/schema.org","@graph":[{"@type":"WebPage","@id":"https:\/\/tibladin.dk\/produkt\/marokkansk-taeppe-chaoui-kelim-160x210\/","url":"https:\/\/tibladin.dk\/produkt\/marokkansk-taeppe-chaoui-kelim-160x210\/","name":"Moroccan rug - CHAOUI kilim 160x210- Tibladin","isPartOf":{"@id":"https:\/\/tibladin.dk\/#website"},"primaryImageOfPage":{"@id":"https:\/\/tibladin.dk\/produkt\/marokkansk-taeppe-chaoui-kelim-160x210\/#primaryimage"},"image":{"@id":"https:\/\/tibladin.dk\/produkt\/marokkansk-taeppe-chaoui-kelim-160x210\/#primaryimage"},"thumbnailUrl":"https:\/\/tibladin.dk\/wp-content\/uploads\/2024\/02\/Tibladin-marokkansk-kelim-taeppe-Chaoui_160x210_2.jpg","datePublished":"2024-02-29T14:44:42+00:00","dateModified":"2025-05-12T06:24:54+00:00","description":"Ultra rare Moroccan wool kilim rug Chaoui. Handwoven by Berber women with beautiful hand embroidered patterns. an incredible if impressive handiwork.","breadcrumb":{"@id":"https:\/\/tibladin.dk\/produkt\/marokkansk-taeppe-chaoui-kelim-160x210\/#breadcrumb"},"inLanguage":"en-GB","potentialAction":[{"@type":"ReadAction","target":["https:\/\/tibladin.dk\/produkt\/marokkansk-taeppe-chaoui-kelim-160x210\/"]}]},{"@type":"ImageObject","inLanguage":"en-GB","@id":"https:\/\/tibladin.dk\/produkt\/marokkansk-taeppe-chaoui-kelim-160x210\/#primaryimage","url":"https:\/\/tibladin.dk\/wp-content\/uploads\/2024\/02\/Tibladin-marokkansk-kelim-taeppe-Chaoui_160x210_2.jpg","contentUrl":"https:\/\/tibladin.dk\/wp-content\/uploads\/2024\/02\/Tibladin-marokkansk-kelim-taeppe-Chaoui_160x210_2.jpg","width":800,"height":800,"caption":"Tibladin marokkansk kelim t\u00e6ppe Chaoui_160x210"},{"@type":"BreadcrumbList","@id":"https:\/\/tibladin.dk\/produkt\/marokkansk-taeppe-chaoui-kelim-160x210\/#breadcrumb","itemListElement":[{"@type":"ListItem","position":1,"name":"Hjem","item":"https:\/\/tibladin.dk\/"},{"@type":"ListItem","position":2,"name":"Shop","item":"https:\/\/tibladin.dk\/shop\/"},{"@type":"ListItem","position":3,"name":"Marokkansk t\u00e6ppe &#8211; CHAOUI kelim 160&#215;210"}]},{"@type":"WebSite","@id":"https:\/\/tibladin.dk\/#website","url":"https:\/\/tibladin.dk\/","name":"Tibladin","description":"Tibladin","publisher":{"@id":"https:\/\/tibladin.dk\/#organization"},"potentialAction":[{"@type":"SearchAction","target":{"@type":"EntryPoint","urlTemplate":"https:\/\/tibladin.dk\/?s={search_term_string}"},"query-input":{"@type":"PropertyValueSpecification","valueRequired":true,"valueName":"search_term_string"}}],"inLanguage":"en-GB"},{"@type":"Organization","@id":"https:\/\/tibladin.dk\/#organization","name":"Tibladin","url":"https:\/\/tibladin.dk\/","logo":{"@type":"ImageObject","inLanguage":"en-GB","@id":"https:\/\/tibladin.dk\/#\/schema\/logo\/image\/","url":"https:\/\/tibladin.dk\/wp-content\/uploads\/2022\/09\/tibladin_logo.svg","contentUrl":"https:\/\/tibladin.dk\/wp-content\/uploads\/2022\/09\/tibladin_logo.svg","caption":"Tibladin"},"image":{"@id":"https:\/\/tibladin.dk\/#\/schema\/logo\/image\/"}}]}},"_links":{"self":[{"href":"https:\/\/tibladin.dk\/en\/wp-json\/wp\/v2\/product\/11405","targetHints":{"allow":["GET"]}}],"collection":[{"href":"https:\/\/tibladin.dk\/en\/wp-json\/wp\/v2\/product"}],"about":[{"href":"https:\/\/tibladin.dk\/en\/wp-json\/wp\/v2\/types\/product"}],"wp:featuredmedia":[{"embeddable":true,"href":"https:\/\/tibladin.dk\/en\/wp-json\/wp\/v2\/media\/11406"}],"wp:attachment":[{"href":"https:\/\/tibladin.dk\/en\/wp-json\/wp\/v2\/media?parent=11405"}],"wp:term":[{"taxonomy":"product_brand","embeddable":true,"href":"https:\/\/tibladin.dk\/en\/wp-json\/wp\/v2\/product_brand?post=11405"},{"taxonomy":"product_cat","embeddable":true,"href":"https:\/\/tibladin.dk\/en\/wp-json\/wp\/v2\/product_cat?post=11405"},{"taxonomy":"product_tag","embeddable":true,"href":"https:\/\/tibladin.dk\/en\/wp-json\/wp\/v2\/product_tag?post=11405"}],"curies":[{"name":"wp","href":"https:\/\/api.w.org\/{rel}","templated":true}]}}