{"id":1152,"date":"2022-09-20T11:07:11","date_gmt":"2022-09-20T09:07:11","guid":{"rendered":"https:\/\/tibladin.dk\/vare\/fjer-vaegdekoration-juju-hat-hvid-med-moerkebrun-midte\/"},"modified":"2025-07-16T13:52:31","modified_gmt":"2025-07-16T11:52:31","slug":"feather-wall-decoration-juju-hat-white-with-dark-brown-centre","status":"publish","type":"product","link":"https:\/\/tibladin.dk\/en\/produkt\/fjer-vaegdekoration-juju-hat-hvid-med-moerkebrun-midte\/","title":{"rendered":"Feather wall decoration juju hat - white with dark brown center"},"content":{"rendered":"<div class=\"wpb-content-wrapper\"><div class=\"vc_row wpb_row vc_row-fluid\"><div class=\"wpb_column vc_column_container vc_col-sm-4\"><div class=\"vc_column-inner\"><div class=\"wpb_wrapper\">\n\t<div class=\"wpb_video_widget wpb_content_element vc_clearfix   vc_video-aspect-ratio-43 vc_video-el-width-100 vc_video-align-left\" >\n\t\t<div class=\"wpb_wrapper\">\n\t\t\t\n\t\t\t<div class=\"wpb_video_wrapper\"><div class=\"video-container\"><iframe loading=\"lazy\" title=\"Tibladin_Juju hats\" src=\"https:\/\/player.vimeo.com\/video\/416817931?dnt=1&amp;app_id=122963\" width=\"310\" height=\"310\" frameborder=\"0\" allow=\"autoplay; fullscreen; picture-in-picture\"><\/iframe><\/div><\/div>\n\t\t<\/div>\n\t<\/div>\n<\/div><\/div><\/div><div class=\"wpb_column vc_column_container vc_col-sm-4\"><div class=\"vc_column-inner\"><div class=\"wpb_wrapper\"><h3 style=\"text-align: left\" class=\"vc_custom_heading vc_do_custom_heading\" >Maintenance<\/h3>\n\t<div class=\"wpb_text_column wpb_content_element\" >\n\t\t<div class=\"wpb_wrapper\">\n\t\t\t<p class=\"p1\">You receive your Juju hat in a nice and reusable Tibladin fabric bag. After unfolding the hat, you can appropriately brush the feathers gently with a soft brush. Since Juju hats are made of natural materials - feathers and bast - they can attract moths. The hat therefore comes with a small Tibladin fabric bag filled with fragrant, dried lavender and a wooden ball made of pure cedar wood, which you can hang on the back of your decoration. Both the fabric bag and the contents are made of organic and sustainable material. If the cedar ball loses its scent over time, simply sand it with a little sandpaper and the scent will return. Tibladin also recommends that you spray your Juju hat with an insect spray every two months.<\/p>\n\n\t\t<\/div>\n\t<\/div>\n<\/div><\/div><\/div><div class=\"wpb_column vc_column_container vc_col-sm-4\"><div class=\"vc_column-inner\"><div class=\"wpb_wrapper\"><h3 style=\"text-align: left\" class=\"vc_custom_heading vc_do_custom_heading\" >The story behind<\/h3>\n\t<div class=\"wpb_text_column wpb_content_element\" >\n\t\t<div class=\"wpb_wrapper\">\n\t\t\t<p class=\"p1\">A personal interior design is also about surprising. With this decorative Juju hat you can give your walls new life. Each art piece is unique and handmade from woven rattan\/bast with real chicken feathers and other bird feathers attached individually.<\/p>\n<p class=\"p1\">Juju hats are made in Cameroon in Africa and have become very trendy in the interior design world, where the beautiful decorations adorn the walls of hotels, restaurants and private homes. Originally, these were used by royals in Cameroon as hair ornaments for ceremonies. They represent a follower&#039;s ability to reach heaven.<\/p>\n<p class=\"p1\">Decorate your walls with a mix of pictures, Juju hats and mirrors and get a lively and personal expression.<\/p>\n<p class=\"p1\">It is delivered folded. When you receive it, you tie up the string and unfold the Juju hat. Place it on a nail on the wall.<\/p>\n\n\t\t<\/div>\n\t<\/div>\n<\/div><\/div><\/div><\/div>\n<\/div>","protected":false},"excerpt":{"rendered":"<p class=\"p1\"><span class=\"s1\">Juju hat white with beautiful dark brown feathers in the middle in a fine pattern. <\/span>40-50 cm.<\/p>\n<p class=\"p2\">The Juju hat is a personal and eye-catching wall decoration for your home. The feather decoration is delivered folded in an organic fabric bag with an accompanying small fragrance bag that can easily be hung on the back of the hat.<\/p>\n<p class=\"p1\">","protected":false},"featured_media":1150,"template":"","meta":{"inline_featured_image":false},"product_brand":[],"product_cat":[57,56],"product_tag":[],"class_list":{"0":"post-1152","1":"product","2":"type-product","3":"status-publish","4":"has-post-thumbnail","6":"product_cat-fjerdekoration","7":"product_cat-vaegdekoration","9":"first","10":"instock","11":"taxable","12":"shipping-taxable","13":"purchasable","14":"product-type-simple"},"exclude_global_add_ons":false,"addons":[{"name":"Do you want gift wrapping?","type":"checkbox","position":0,"required":false,"title_format":"label","default":"","description_enable":false,"description":"","placeholder_enable":false,"placeholder":"","display":"images","restrictions_type":"any_text","adjust_price":false,"price":"","price_type":"flat_fee","restrictions":false,"min":"0","max":"0","options":[{"label":"Ja tak","price":"10","price_type":"flat_fee","image":11015,"visibility":true}],"id":1669646111}],"yoast_head":"<!-- This site is optimized with the Yoast SEO plugin v27.4 - https:\/\/yoast.com\/product\/yoast-seo-wordpress\/ -->\n<title>Fjer v\u00e6gdekoration juju hat - hvid med m\u00f8rkebrun midte | Tibladin<\/title>\n<meta name=\"description\" content=\"V\u00e6gdekoration i fjer-juju hat - hvid med beige. H\u00e5ndlavet af lokale h\u00e5ndv\u00e6rkere i Cameroon i Afrika. Giver dine v\u00e6gge liv og personlighed.\" \/>\n<meta name=\"robots\" content=\"index, follow, max-snippet:-1, max-image-preview:large, max-video-preview:-1\" \/>\n<link rel=\"canonical\" href=\"https:\/\/tibladin.dk\/en\/product-4\/feather-wall-decoration-juju-hat-white-with-dark-brown-centre\/\" \/>\n<meta property=\"og:locale\" content=\"en_GB\" \/>\n<meta property=\"og:type\" content=\"article\" \/>\n<meta property=\"og:title\" content=\"Fjer v\u00e6gdekoration juju hat - hvid med m\u00f8rkebrun midte | Tibladin\" \/>\n<meta property=\"og:description\" content=\"V\u00e6gdekoration i fjer-juju hat - hvid med beige. H\u00e5ndlavet af lokale h\u00e5ndv\u00e6rkere i Cameroon i Afrika. Giver dine v\u00e6gge liv og personlighed.\" \/>\n<meta property=\"og:url\" content=\"https:\/\/tibladin.dk\/en\/product-4\/feather-wall-decoration-juju-hat-white-with-dark-brown-centre\/\" \/>\n<meta property=\"og:site_name\" content=\"Tibladin\" \/>\n<meta property=\"article:modified_time\" content=\"2025-07-16T11:52:31+00:00\" \/>\n<meta property=\"og:image\" content=\"https:\/\/tibladin.dk\/wp-content\/uploads\/2022\/09\/805000011M_hvidstorbrunmidt1jpg-1.jpg\" \/>\n\t<meta property=\"og:image:width\" content=\"800\" \/>\n\t<meta property=\"og:image:height\" content=\"800\" \/>\n\t<meta property=\"og:image:type\" content=\"image\/jpeg\" \/>\n<meta name=\"twitter:card\" content=\"summary_large_image\" \/>\n<meta name=\"twitter:label1\" content=\"Estimated reading time\" \/>\n\t<meta name=\"twitter:data1\" content=\"2 minutes\" \/>\n<script type=\"application\/ld+json\" class=\"yoast-schema-graph\">{\"@context\":\"https:\\\/\\\/schema.org\",\"@graph\":[{\"@type\":\"WebPage\",\"@id\":\"https:\\\/\\\/tibladin.dk\\\/produkt\\\/fjer-vaegdekoration-juju-hat-hvid-med-moerkebrun-midte\\\/\",\"url\":\"https:\\\/\\\/tibladin.dk\\\/produkt\\\/fjer-vaegdekoration-juju-hat-hvid-med-moerkebrun-midte\\\/\",\"name\":\"Fjer v\u00e6gdekoration juju hat - hvid med m\u00f8rkebrun midte | Tibladin\",\"isPartOf\":{\"@id\":\"https:\\\/\\\/tibladin.dk\\\/#website\"},\"primaryImageOfPage\":{\"@id\":\"https:\\\/\\\/tibladin.dk\\\/produkt\\\/fjer-vaegdekoration-juju-hat-hvid-med-moerkebrun-midte\\\/#primaryimage\"},\"image\":{\"@id\":\"https:\\\/\\\/tibladin.dk\\\/produkt\\\/fjer-vaegdekoration-juju-hat-hvid-med-moerkebrun-midte\\\/#primaryimage\"},\"thumbnailUrl\":\"https:\\\/\\\/tibladin.dk\\\/wp-content\\\/uploads\\\/2022\\\/09\\\/805000011M_hvidstorbrunmidt1jpg-1.jpg\",\"datePublished\":\"2022-09-20T09:07:11+00:00\",\"dateModified\":\"2025-07-16T11:52:31+00:00\",\"description\":\"V\u00e6gdekoration i fjer-juju hat - hvid med beige. H\u00e5ndlavet af lokale h\u00e5ndv\u00e6rkere i Cameroon i Afrika. Giver dine v\u00e6gge liv og personlighed.\",\"breadcrumb\":{\"@id\":\"https:\\\/\\\/tibladin.dk\\\/produkt\\\/fjer-vaegdekoration-juju-hat-hvid-med-moerkebrun-midte\\\/#breadcrumb\"},\"inLanguage\":\"en-GB\",\"potentialAction\":[{\"@type\":\"ReadAction\",\"target\":[\"https:\\\/\\\/tibladin.dk\\\/produkt\\\/fjer-vaegdekoration-juju-hat-hvid-med-moerkebrun-midte\\\/\"]}]},{\"@type\":\"ImageObject\",\"inLanguage\":\"en-GB\",\"@id\":\"https:\\\/\\\/tibladin.dk\\\/produkt\\\/fjer-vaegdekoration-juju-hat-hvid-med-moerkebrun-midte\\\/#primaryimage\",\"url\":\"https:\\\/\\\/tibladin.dk\\\/wp-content\\\/uploads\\\/2022\\\/09\\\/805000011M_hvidstorbrunmidt1jpg-1.jpg\",\"contentUrl\":\"https:\\\/\\\/tibladin.dk\\\/wp-content\\\/uploads\\\/2022\\\/09\\\/805000011M_hvidstorbrunmidt1jpg-1.jpg\",\"width\":800,\"height\":800,\"caption\":\"Marokkansk h\u00e5ndlavet jujuhat fjerdekoration i hvide og sorte nuancer\"},{\"@type\":\"BreadcrumbList\",\"@id\":\"https:\\\/\\\/tibladin.dk\\\/produkt\\\/fjer-vaegdekoration-juju-hat-hvid-med-moerkebrun-midte\\\/#breadcrumb\",\"itemListElement\":[{\"@type\":\"ListItem\",\"position\":1,\"name\":\"Hjem\",\"item\":\"https:\\\/\\\/tibladin.dk\\\/\"},{\"@type\":\"ListItem\",\"position\":2,\"name\":\"Shop\",\"item\":\"https:\\\/\\\/tibladin.dk\\\/shop\\\/\"},{\"@type\":\"ListItem\",\"position\":3,\"name\":\"Fjer v\u00e6gdekoration juju hat &#8211; hvid med m\u00f8rkebrun midte\"}]},{\"@type\":\"WebSite\",\"@id\":\"https:\\\/\\\/tibladin.dk\\\/#website\",\"url\":\"https:\\\/\\\/tibladin.dk\\\/\",\"name\":\"Tibladin\",\"description\":\"Tibladin\",\"publisher\":{\"@id\":\"https:\\\/\\\/tibladin.dk\\\/#organization\"},\"potentialAction\":[{\"@type\":\"SearchAction\",\"target\":{\"@type\":\"EntryPoint\",\"urlTemplate\":\"https:\\\/\\\/tibladin.dk\\\/?s={search_term_string}\"},\"query-input\":{\"@type\":\"PropertyValueSpecification\",\"valueRequired\":true,\"valueName\":\"search_term_string\"}}],\"inLanguage\":\"en-GB\"},{\"@type\":\"Organization\",\"@id\":\"https:\\\/\\\/tibladin.dk\\\/#organization\",\"name\":\"Tibladin\",\"url\":\"https:\\\/\\\/tibladin.dk\\\/\",\"logo\":{\"@type\":\"ImageObject\",\"inLanguage\":\"en-GB\",\"@id\":\"https:\\\/\\\/tibladin.dk\\\/#\\\/schema\\\/logo\\\/image\\\/\",\"url\":\"https:\\\/\\\/tibladin.dk\\\/wp-content\\\/uploads\\\/2022\\\/09\\\/tibladin_logo.svg\",\"contentUrl\":\"https:\\\/\\\/tibladin.dk\\\/wp-content\\\/uploads\\\/2022\\\/09\\\/tibladin_logo.svg\",\"caption\":\"Tibladin\"},\"image\":{\"@id\":\"https:\\\/\\\/tibladin.dk\\\/#\\\/schema\\\/logo\\\/image\\\/\"}}]}<\/script>\n<!-- \/ Yoast SEO plugin. -->","yoast_head_json":{"title":"Feather wall decoration juju hat - white with dark brown center | Tibladin","description":"Wall decoration in feather juju hat - white with beige. Handmade by local artisans in Cameroon, Africa. Gives your walls life and personality.","robots":{"index":"index","follow":"follow","max-snippet":"max-snippet:-1","max-image-preview":"max-image-preview:large","max-video-preview":"max-video-preview:-1"},"canonical":"https:\/\/tibladin.dk\/en\/product-4\/feather-wall-decoration-juju-hat-white-with-dark-brown-centre\/","og_locale":"en_GB","og_type":"article","og_title":"Fjer v\u00e6gdekoration juju hat - hvid med m\u00f8rkebrun midte | Tibladin","og_description":"V\u00e6gdekoration i fjer-juju hat - hvid med beige. H\u00e5ndlavet af lokale h\u00e5ndv\u00e6rkere i Cameroon i Afrika. Giver dine v\u00e6gge liv og personlighed.","og_url":"https:\/\/tibladin.dk\/en\/product-4\/feather-wall-decoration-juju-hat-white-with-dark-brown-centre\/","og_site_name":"Tibladin","article_modified_time":"2025-07-16T11:52:31+00:00","og_image":[{"width":800,"height":800,"url":"https:\/\/tibladin.dk\/wp-content\/uploads\/2022\/09\/805000011M_hvidstorbrunmidt1jpg-1.jpg","type":"image\/jpeg"}],"twitter_card":"summary_large_image","twitter_misc":{"Estimated reading time":"2 minutes"},"schema":{"@context":"https:\/\/schema.org","@graph":[{"@type":"WebPage","@id":"https:\/\/tibladin.dk\/produkt\/fjer-vaegdekoration-juju-hat-hvid-med-moerkebrun-midte\/","url":"https:\/\/tibladin.dk\/produkt\/fjer-vaegdekoration-juju-hat-hvid-med-moerkebrun-midte\/","name":"Feather wall decoration juju hat - white with dark brown center | Tibladin","isPartOf":{"@id":"https:\/\/tibladin.dk\/#website"},"primaryImageOfPage":{"@id":"https:\/\/tibladin.dk\/produkt\/fjer-vaegdekoration-juju-hat-hvid-med-moerkebrun-midte\/#primaryimage"},"image":{"@id":"https:\/\/tibladin.dk\/produkt\/fjer-vaegdekoration-juju-hat-hvid-med-moerkebrun-midte\/#primaryimage"},"thumbnailUrl":"https:\/\/tibladin.dk\/wp-content\/uploads\/2022\/09\/805000011M_hvidstorbrunmidt1jpg-1.jpg","datePublished":"2022-09-20T09:07:11+00:00","dateModified":"2025-07-16T11:52:31+00:00","description":"Wall decoration in feather juju hat - white with beige. Handmade by local artisans in Cameroon, Africa. Gives your walls life and personality.","breadcrumb":{"@id":"https:\/\/tibladin.dk\/produkt\/fjer-vaegdekoration-juju-hat-hvid-med-moerkebrun-midte\/#breadcrumb"},"inLanguage":"en-GB","potentialAction":[{"@type":"ReadAction","target":["https:\/\/tibladin.dk\/produkt\/fjer-vaegdekoration-juju-hat-hvid-med-moerkebrun-midte\/"]}]},{"@type":"ImageObject","inLanguage":"en-GB","@id":"https:\/\/tibladin.dk\/produkt\/fjer-vaegdekoration-juju-hat-hvid-med-moerkebrun-midte\/#primaryimage","url":"https:\/\/tibladin.dk\/wp-content\/uploads\/2022\/09\/805000011M_hvidstorbrunmidt1jpg-1.jpg","contentUrl":"https:\/\/tibladin.dk\/wp-content\/uploads\/2022\/09\/805000011M_hvidstorbrunmidt1jpg-1.jpg","width":800,"height":800,"caption":"Marokkansk h\u00e5ndlavet jujuhat fjerdekoration i hvide og sorte nuancer"},{"@type":"BreadcrumbList","@id":"https:\/\/tibladin.dk\/produkt\/fjer-vaegdekoration-juju-hat-hvid-med-moerkebrun-midte\/#breadcrumb","itemListElement":[{"@type":"ListItem","position":1,"name":"Hjem","item":"https:\/\/tibladin.dk\/"},{"@type":"ListItem","position":2,"name":"Shop","item":"https:\/\/tibladin.dk\/shop\/"},{"@type":"ListItem","position":3,"name":"Fjer v\u00e6gdekoration juju hat &#8211; hvid med m\u00f8rkebrun midte"}]},{"@type":"WebSite","@id":"https:\/\/tibladin.dk\/#website","url":"https:\/\/tibladin.dk\/","name":"Tibladin","description":"Tibladin","publisher":{"@id":"https:\/\/tibladin.dk\/#organization"},"potentialAction":[{"@type":"SearchAction","target":{"@type":"EntryPoint","urlTemplate":"https:\/\/tibladin.dk\/?s={search_term_string}"},"query-input":{"@type":"PropertyValueSpecification","valueRequired":true,"valueName":"search_term_string"}}],"inLanguage":"en-GB"},{"@type":"Organization","@id":"https:\/\/tibladin.dk\/#organization","name":"Tibladin","url":"https:\/\/tibladin.dk\/","logo":{"@type":"ImageObject","inLanguage":"en-GB","@id":"https:\/\/tibladin.dk\/#\/schema\/logo\/image\/","url":"https:\/\/tibladin.dk\/wp-content\/uploads\/2022\/09\/tibladin_logo.svg","contentUrl":"https:\/\/tibladin.dk\/wp-content\/uploads\/2022\/09\/tibladin_logo.svg","caption":"Tibladin"},"image":{"@id":"https:\/\/tibladin.dk\/#\/schema\/logo\/image\/"}}]}},"_links":{"self":[{"href":"https:\/\/tibladin.dk\/en\/wp-json\/wp\/v2\/product\/1152","targetHints":{"allow":["GET"]}}],"collection":[{"href":"https:\/\/tibladin.dk\/en\/wp-json\/wp\/v2\/product"}],"about":[{"href":"https:\/\/tibladin.dk\/en\/wp-json\/wp\/v2\/types\/product"}],"wp:featuredmedia":[{"embeddable":true,"href":"https:\/\/tibladin.dk\/en\/wp-json\/wp\/v2\/media\/1150"}],"wp:attachment":[{"href":"https:\/\/tibladin.dk\/en\/wp-json\/wp\/v2\/media?parent=1152"}],"wp:term":[{"taxonomy":"product_brand","embeddable":true,"href":"https:\/\/tibladin.dk\/en\/wp-json\/wp\/v2\/product_brand?post=1152"},{"taxonomy":"product_cat","embeddable":true,"href":"https:\/\/tibladin.dk\/en\/wp-json\/wp\/v2\/product_cat?post=1152"},{"taxonomy":"product_tag","embeddable":true,"href":"https:\/\/tibladin.dk\/en\/wp-json\/wp\/v2\/product_tag?post=1152"}],"curies":[{"name":"wp","href":"https:\/\/api.w.org\/{rel}","templated":true}]}}