{"id":12168,"date":"2024-04-08T16:04:39","date_gmt":"2024-04-08T14:04:39","guid":{"rendered":"https:\/\/tibladin.dk\/?post_type=product&#038;p=12168"},"modified":"2026-03-31T08:03:23","modified_gmt":"2026-03-31T06:03:23","slug":"beni-ouarain-255x370","status":"publish","type":"product","link":"https:\/\/tibladin.dk\/en\/produkt\/beni-ouarain-255x370\/","title":{"rendered":"Beni Ouarain 255\u00d7370"},"content":{"rendered":"<div class=\"wpb-content-wrapper\"><div class=\"vc_row wpb_row vc_row-fluid\"><div class=\"wpb_column vc_column_container vc_col-sm-4\"><div class=\"vc_column-inner\"><div class=\"wpb_wrapper\"><\/div><\/div><\/div><div class=\"wpb_column vc_column_container vc_col-sm-4\"><div class=\"vc_column-inner\"><div class=\"wpb_wrapper\"><h3 style=\"text-align: left\" class=\"vc_custom_heading vc_do_custom_heading\" >Maintenance<\/h3>\n\t<div class=\"wpb_text_column wpb_content_element\" >\n\t\t<div class=\"wpb_wrapper\">\n\t\t\t<p>Vacuum the carpet regularly and take it outside and shake it once in a while. Stains are removed by soaking up the stain as quickly as possible with a cloth and then dabbing the stain with a damp cloth. The carpet is 100 % pure wool and is naturally covered with lanolin on each fiber, which means that stains do not penetrate into the carpet. Should we be lucky enough to get snow one winter in Denmark, then finally lay out the blanket in the white snow. This will thoroughly clean the carpet \u2013 completely naturally.<\/p>\n\n\t\t<\/div>\n\t<\/div>\n<\/div><\/div><\/div><div class=\"wpb_column vc_column_container vc_col-sm-4\"><div class=\"vc_column-inner\"><div class=\"wpb_wrapper\"><h3 style=\"text-align: left\" class=\"vc_custom_heading vc_do_custom_heading\" >The story behind<\/h3>\n\t<div class=\"wpb_text_column wpb_content_element\" >\n\t\t<div class=\"wpb_wrapper\">\n\t\t\t<p>Carpets decorate, provide coziness and warmth and are also noise absorbent.<\/p>\n<p>Beni Ouarain carpets are very popular all over the world and also suit the Scandinavian decor very well. Many interior brands have copied the Beni Ouarain style and have them made industrially. Here at Tibladin, we only have original Beni Ouarain rugs made by hand by women from the Berber tribe Beni Ouarain, which originates south of the Rif Mountains in Morocco. The blankets are used by the Berber tribe to cover themselves and lie on when they need to sleep. Each carpet is a work of art and unlike oriental carpets, they are not produced according to models, but only according to the women&#039;s own wishes and often symbolize the feelings the women have had when they weave. The diamond shape seen in many of the rugs protects against evil. The color tones are natural in their white, beige, brown and black colors.<\/p>\n<p>Throw away your shoes and feel the soft wool under your feet!<\/p>\n\n\t\t<\/div>\n\t<\/div>\n<\/div><\/div><\/div><\/div>\n<\/div>","protected":false},"excerpt":{"rendered":"<p>Super soft and delicious huge Beni Ouarain blanket<\/p>\n<ul>\n<li>Beni Ouarain rug in 100% wool, which is extra soft.<\/li>\n<li>The rug is in a light wool with a classic large black diamond-shaped pattern<\/li>\n<\/ul>\n<p>Large rug for you with a large dining table or a large sofa corner. The rug is made by Berber women from the Beni Ouarain tribes in the Moroccan Atlas Mountains.<\/p>\n<p class=\"p1\"><b>The rug measures 255\u00d7360 cm + 10 cm fringe = length 370\u00a0<\/b><\/p>","protected":false},"featured_media":12174,"template":"","meta":{"inline_featured_image":false},"product_brand":[],"product_cat":[62,59],"product_tag":[],"class_list":{"0":"post-12168","1":"product","2":"type-product","3":"status-publish","4":"has-post-thumbnail","6":"product_cat-beni-ouarain","7":"product_cat-marokkanske-taepper","9":"first","10":"outofstock","11":"taxable","12":"shipping-taxable","13":"purchasable","14":"product-type-simple"},"exclude_global_add_ons":[],"addons":[],"yoast_head":"<!-- This site is optimized with the Yoast SEO plugin v27.4 - https:\/\/yoast.com\/product\/yoast-seo-wordpress\/ -->\n<title>Beni Ouarain t\u00e6ppe | Bl\u00f8d struktur | Kig hos Tibladin<\/title>\n<meta name=\"description\" content=\"Beni Ouarain t\u00e6ppe er et unikt marokkansk t\u00e6ppe i 100% uld. Dejlig varm brun farve med hvidt stort rombeformet m\u00f8nster. T\u00e6ppet m\u00e5ler 255x370 cm.\" \/>\n<meta name=\"robots\" content=\"index, follow, max-snippet:-1, max-image-preview:large, max-video-preview:-1\" \/>\n<link rel=\"canonical\" href=\"https:\/\/tibladin.dk\/en\/product-4\/beni-ouarain-255x370\/\" \/>\n<meta property=\"og:locale\" content=\"en_GB\" \/>\n<meta property=\"og:type\" content=\"article\" \/>\n<meta property=\"og:title\" content=\"Beni Ouarain t\u00e6ppe | Bl\u00f8d struktur | Kig hos Tibladin\" \/>\n<meta property=\"og:description\" content=\"Beni Ouarain t\u00e6ppe er et unikt marokkansk t\u00e6ppe i 100% uld. Dejlig varm brun farve med hvidt stort rombeformet m\u00f8nster. T\u00e6ppet m\u00e5ler 255x370 cm.\" \/>\n<meta property=\"og:url\" content=\"https:\/\/tibladin.dk\/en\/product-4\/beni-ouarain-255x370\/\" \/>\n<meta property=\"og:site_name\" content=\"Tibladin\" \/>\n<meta property=\"article:modified_time\" content=\"2026-03-31T06:03:23+00:00\" \/>\n<meta property=\"og:image\" content=\"https:\/\/tibladin.dk\/wp-content\/uploads\/2024\/04\/Marokkansk-Beni-Ouarain-taeppe_255x360_6.jpg\" \/>\n\t<meta property=\"og:image:width\" content=\"800\" \/>\n\t<meta property=\"og:image:height\" content=\"800\" \/>\n\t<meta property=\"og:image:type\" content=\"image\/jpeg\" \/>\n<meta name=\"twitter:card\" content=\"summary_large_image\" \/>\n<meta name=\"twitter:label1\" content=\"Estimated reading time\" \/>\n\t<meta name=\"twitter:data1\" content=\"2 minutes\" \/>\n<script type=\"application\/ld+json\" class=\"yoast-schema-graph\">{\"@context\":\"https:\\\/\\\/schema.org\",\"@graph\":[{\"@type\":\"WebPage\",\"@id\":\"https:\\\/\\\/tibladin.dk\\\/produkt\\\/beni-ouarain-255x370\\\/\",\"url\":\"https:\\\/\\\/tibladin.dk\\\/produkt\\\/beni-ouarain-255x370\\\/\",\"name\":\"Beni Ouarain t\u00e6ppe | Bl\u00f8d struktur | Kig hos Tibladin\",\"isPartOf\":{\"@id\":\"https:\\\/\\\/tibladin.dk\\\/#website\"},\"primaryImageOfPage\":{\"@id\":\"https:\\\/\\\/tibladin.dk\\\/produkt\\\/beni-ouarain-255x370\\\/#primaryimage\"},\"image\":{\"@id\":\"https:\\\/\\\/tibladin.dk\\\/produkt\\\/beni-ouarain-255x370\\\/#primaryimage\"},\"thumbnailUrl\":\"https:\\\/\\\/tibladin.dk\\\/wp-content\\\/uploads\\\/2024\\\/04\\\/Marokkansk-Beni-Ouarain-taeppe_255x360_6.jpg\",\"datePublished\":\"2024-04-08T14:04:39+00:00\",\"dateModified\":\"2026-03-31T06:03:23+00:00\",\"description\":\"Beni Ouarain t\u00e6ppe er et unikt marokkansk t\u00e6ppe i 100% uld. Dejlig varm brun farve med hvidt stort rombeformet m\u00f8nster. T\u00e6ppet m\u00e5ler 255x370 cm.\",\"breadcrumb\":{\"@id\":\"https:\\\/\\\/tibladin.dk\\\/produkt\\\/beni-ouarain-255x370\\\/#breadcrumb\"},\"inLanguage\":\"en-GB\",\"potentialAction\":[{\"@type\":\"ReadAction\",\"target\":[\"https:\\\/\\\/tibladin.dk\\\/produkt\\\/beni-ouarain-255x370\\\/\"]}]},{\"@type\":\"ImageObject\",\"inLanguage\":\"en-GB\",\"@id\":\"https:\\\/\\\/tibladin.dk\\\/produkt\\\/beni-ouarain-255x370\\\/#primaryimage\",\"url\":\"https:\\\/\\\/tibladin.dk\\\/wp-content\\\/uploads\\\/2024\\\/04\\\/Marokkansk-Beni-Ouarain-taeppe_255x360_6.jpg\",\"contentUrl\":\"https:\\\/\\\/tibladin.dk\\\/wp-content\\\/uploads\\\/2024\\\/04\\\/Marokkansk-Beni-Ouarain-taeppe_255x360_6.jpg\",\"width\":800,\"height\":800,\"caption\":\"Marokkansk Beni Ouarain t\u00e6ppe_255x370\"},{\"@type\":\"BreadcrumbList\",\"@id\":\"https:\\\/\\\/tibladin.dk\\\/produkt\\\/beni-ouarain-255x370\\\/#breadcrumb\",\"itemListElement\":[{\"@type\":\"ListItem\",\"position\":1,\"name\":\"Hjem\",\"item\":\"https:\\\/\\\/tibladin.dk\\\/\"},{\"@type\":\"ListItem\",\"position\":2,\"name\":\"Shop\",\"item\":\"https:\\\/\\\/tibladin.dk\\\/shop\\\/\"},{\"@type\":\"ListItem\",\"position\":3,\"name\":\"Beni Ouarain 255&#215;370\"}]},{\"@type\":\"WebSite\",\"@id\":\"https:\\\/\\\/tibladin.dk\\\/#website\",\"url\":\"https:\\\/\\\/tibladin.dk\\\/\",\"name\":\"Tibladin\",\"description\":\"Tibladin\",\"publisher\":{\"@id\":\"https:\\\/\\\/tibladin.dk\\\/#organization\"},\"potentialAction\":[{\"@type\":\"SearchAction\",\"target\":{\"@type\":\"EntryPoint\",\"urlTemplate\":\"https:\\\/\\\/tibladin.dk\\\/?s={search_term_string}\"},\"query-input\":{\"@type\":\"PropertyValueSpecification\",\"valueRequired\":true,\"valueName\":\"search_term_string\"}}],\"inLanguage\":\"en-GB\"},{\"@type\":\"Organization\",\"@id\":\"https:\\\/\\\/tibladin.dk\\\/#organization\",\"name\":\"Tibladin\",\"url\":\"https:\\\/\\\/tibladin.dk\\\/\",\"logo\":{\"@type\":\"ImageObject\",\"inLanguage\":\"en-GB\",\"@id\":\"https:\\\/\\\/tibladin.dk\\\/#\\\/schema\\\/logo\\\/image\\\/\",\"url\":\"https:\\\/\\\/tibladin.dk\\\/wp-content\\\/uploads\\\/2022\\\/09\\\/tibladin_logo.svg\",\"contentUrl\":\"https:\\\/\\\/tibladin.dk\\\/wp-content\\\/uploads\\\/2022\\\/09\\\/tibladin_logo.svg\",\"caption\":\"Tibladin\"},\"image\":{\"@id\":\"https:\\\/\\\/tibladin.dk\\\/#\\\/schema\\\/logo\\\/image\\\/\"}}]}<\/script>\n<!-- \/ Yoast SEO plugin. -->","yoast_head_json":{"title":"Beni Ouarain carpet | Soft structure | Look at Tibladin","description":"The Beni Ouarain rug is a unique Moroccan rug in 100% wool. Lovely warm brown color with white large diamond pattern. The carpet measures 255x370 cm.","robots":{"index":"index","follow":"follow","max-snippet":"max-snippet:-1","max-image-preview":"max-image-preview:large","max-video-preview":"max-video-preview:-1"},"canonical":"https:\/\/tibladin.dk\/en\/product-4\/beni-ouarain-255x370\/","og_locale":"en_GB","og_type":"article","og_title":"Beni Ouarain t\u00e6ppe | Bl\u00f8d struktur | Kig hos Tibladin","og_description":"Beni Ouarain t\u00e6ppe er et unikt marokkansk t\u00e6ppe i 100% uld. Dejlig varm brun farve med hvidt stort rombeformet m\u00f8nster. T\u00e6ppet m\u00e5ler 255x370 cm.","og_url":"https:\/\/tibladin.dk\/en\/product-4\/beni-ouarain-255x370\/","og_site_name":"Tibladin","article_modified_time":"2026-03-31T06:03:23+00:00","og_image":[{"width":800,"height":800,"url":"https:\/\/tibladin.dk\/wp-content\/uploads\/2024\/04\/Marokkansk-Beni-Ouarain-taeppe_255x360_6.jpg","type":"image\/jpeg"}],"twitter_card":"summary_large_image","twitter_misc":{"Estimated reading time":"2 minutes"},"schema":{"@context":"https:\/\/schema.org","@graph":[{"@type":"WebPage","@id":"https:\/\/tibladin.dk\/produkt\/beni-ouarain-255x370\/","url":"https:\/\/tibladin.dk\/produkt\/beni-ouarain-255x370\/","name":"Beni Ouarain carpet | Soft structure | Look at Tibladin","isPartOf":{"@id":"https:\/\/tibladin.dk\/#website"},"primaryImageOfPage":{"@id":"https:\/\/tibladin.dk\/produkt\/beni-ouarain-255x370\/#primaryimage"},"image":{"@id":"https:\/\/tibladin.dk\/produkt\/beni-ouarain-255x370\/#primaryimage"},"thumbnailUrl":"https:\/\/tibladin.dk\/wp-content\/uploads\/2024\/04\/Marokkansk-Beni-Ouarain-taeppe_255x360_6.jpg","datePublished":"2024-04-08T14:04:39+00:00","dateModified":"2026-03-31T06:03:23+00:00","description":"The Beni Ouarain rug is a unique Moroccan rug in 100% wool. Lovely warm brown color with white large diamond pattern. The carpet measures 255x370 cm.","breadcrumb":{"@id":"https:\/\/tibladin.dk\/produkt\/beni-ouarain-255x370\/#breadcrumb"},"inLanguage":"en-GB","potentialAction":[{"@type":"ReadAction","target":["https:\/\/tibladin.dk\/produkt\/beni-ouarain-255x370\/"]}]},{"@type":"ImageObject","inLanguage":"en-GB","@id":"https:\/\/tibladin.dk\/produkt\/beni-ouarain-255x370\/#primaryimage","url":"https:\/\/tibladin.dk\/wp-content\/uploads\/2024\/04\/Marokkansk-Beni-Ouarain-taeppe_255x360_6.jpg","contentUrl":"https:\/\/tibladin.dk\/wp-content\/uploads\/2024\/04\/Marokkansk-Beni-Ouarain-taeppe_255x360_6.jpg","width":800,"height":800,"caption":"Marokkansk Beni Ouarain t\u00e6ppe_255x370"},{"@type":"BreadcrumbList","@id":"https:\/\/tibladin.dk\/produkt\/beni-ouarain-255x370\/#breadcrumb","itemListElement":[{"@type":"ListItem","position":1,"name":"Hjem","item":"https:\/\/tibladin.dk\/"},{"@type":"ListItem","position":2,"name":"Shop","item":"https:\/\/tibladin.dk\/shop\/"},{"@type":"ListItem","position":3,"name":"Beni Ouarain 255&#215;370"}]},{"@type":"WebSite","@id":"https:\/\/tibladin.dk\/#website","url":"https:\/\/tibladin.dk\/","name":"Tibladin","description":"Tibladin","publisher":{"@id":"https:\/\/tibladin.dk\/#organization"},"potentialAction":[{"@type":"SearchAction","target":{"@type":"EntryPoint","urlTemplate":"https:\/\/tibladin.dk\/?s={search_term_string}"},"query-input":{"@type":"PropertyValueSpecification","valueRequired":true,"valueName":"search_term_string"}}],"inLanguage":"en-GB"},{"@type":"Organization","@id":"https:\/\/tibladin.dk\/#organization","name":"Tibladin","url":"https:\/\/tibladin.dk\/","logo":{"@type":"ImageObject","inLanguage":"en-GB","@id":"https:\/\/tibladin.dk\/#\/schema\/logo\/image\/","url":"https:\/\/tibladin.dk\/wp-content\/uploads\/2022\/09\/tibladin_logo.svg","contentUrl":"https:\/\/tibladin.dk\/wp-content\/uploads\/2022\/09\/tibladin_logo.svg","caption":"Tibladin"},"image":{"@id":"https:\/\/tibladin.dk\/#\/schema\/logo\/image\/"}}]}},"_links":{"self":[{"href":"https:\/\/tibladin.dk\/en\/wp-json\/wp\/v2\/product\/12168","targetHints":{"allow":["GET"]}}],"collection":[{"href":"https:\/\/tibladin.dk\/en\/wp-json\/wp\/v2\/product"}],"about":[{"href":"https:\/\/tibladin.dk\/en\/wp-json\/wp\/v2\/types\/product"}],"wp:featuredmedia":[{"embeddable":true,"href":"https:\/\/tibladin.dk\/en\/wp-json\/wp\/v2\/media\/12174"}],"wp:attachment":[{"href":"https:\/\/tibladin.dk\/en\/wp-json\/wp\/v2\/media?parent=12168"}],"wp:term":[{"taxonomy":"product_brand","embeddable":true,"href":"https:\/\/tibladin.dk\/en\/wp-json\/wp\/v2\/product_brand?post=12168"},{"taxonomy":"product_cat","embeddable":true,"href":"https:\/\/tibladin.dk\/en\/wp-json\/wp\/v2\/product_cat?post=12168"},{"taxonomy":"product_tag","embeddable":true,"href":"https:\/\/tibladin.dk\/en\/wp-json\/wp\/v2\/product_tag?post=12168"}],"curies":[{"name":"wp","href":"https:\/\/api.w.org\/{rel}","templated":true}]}}