{"id":1300,"date":"2022-09-20T11:08:14","date_gmt":"2022-09-20T09:08:14","guid":{"rendered":"https:\/\/tibladin.dk\/vare\/tallerken-graa\/"},"modified":"2025-06-18T13:24:36","modified_gmt":"2025-06-18T11:24:36","slug":"gray-plate","status":"publish","type":"product","link":"https:\/\/tibladin.dk\/en\/produkt\/tallerken-graa\/","title":{"rendered":"Plate gray"},"content":{"rendered":"<div class=\"wpb-content-wrapper\"><div class=\"vc_row wpb_row vc_row-fluid\"><div class=\"wpb_column vc_column_container vc_col-sm-4\"><div class=\"vc_column-inner\"><div class=\"wpb_wrapper\">\n\t<div class=\"wpb_video_widget wpb_content_element vc_clearfix   vc_video-aspect-ratio-43 vc_video-el-width-100 vc_video-align-left\" >\n\t\t<div class=\"wpb_wrapper\">\n\t\t\t\n\t\t\t<div class=\"wpb_video_wrapper\"><div class=\"video-container\"><iframe loading=\"lazy\" title=\"Tibladin_produktion stoneware\" src=\"https:\/\/player.vimeo.com\/video\/415400643?dnt=1&amp;app_id=122963\" width=\"310\" height=\"310\" frameborder=\"0\" allow=\"autoplay; fullscreen; picture-in-picture\"><\/iframe><\/div><\/div>\n\t\t<\/div>\n\t<\/div>\n<\/div><\/div><\/div><div class=\"wpb_column vc_column_container vc_col-sm-4\"><div class=\"vc_column-inner\"><div class=\"wpb_wrapper\"><h3 style=\"text-align: left\" class=\"vc_custom_heading vc_do_custom_heading\" >Maintenance<\/h3>\n\t<div class=\"wpb_text_column wpb_content_element\" >\n\t\t<div class=\"wpb_wrapper\">\n\t\t\t<p>Can be washed with mild soapy water - can also go in the dishwasher.<\/p>\n<p>All stoneware is handmade, and there may be variations in both color and shape.<\/p>\n\n\t\t<\/div>\n\t<\/div>\n<\/div><\/div><\/div><div class=\"wpb_column vc_column_container vc_col-sm-4\"><div class=\"vc_column-inner\"><div class=\"wpb_wrapper\"><h3 style=\"text-align: left\" class=\"vc_custom_heading vc_do_custom_heading\" >The story behind<\/h3>\n\t<div class=\"wpb_text_column wpb_content_element\" >\n\t\t<div class=\"wpb_wrapper\">\n\t\t\t<p>A nice table setting with unique, beautiful things can be a good topic of conversation with your guests. My collaboration with this manufacturer of stoneware is absolutely extraordinary. Here they specialize in making timeless stoneware with a little touch of Morocco, just like I love it. It is also called Marrakech porcelain. They deliver worldwide and to all the major hotels, restaurants and shops. The stoneware is fired at over 1200 degrees, which makes it very durable. Everything you see under stoneware on this page is approved to go in the oven, microwave and dishwasher, and as a consumer you are assured that everything is approved according to international standards and Prob65 California, which indicates that it is non-toxic materials and glaze \u2013 approved to be able to eat and drink from it.<\/p>\n<p>See the link on the front page to Tibladin&#039;s control report at the Danish Food and Drug Administration.<\/p>\n\n\t\t<\/div>\n\t<\/div>\n<\/div><\/div><\/div><\/div>\n<\/div>","protected":false},"excerpt":{"rendered":"<p>These stoneware plates have a nice and rustic look with a slightly rough, wavy edge in a dull gray colour. 27 cm in diameter.<\/p>\n<p class=\"p1\"><span class=\"s1\">Each plate is unique and has small nuances in both color and edge.\u00a0<\/span><\/p>\n<p>&nbsp;<\/p>\n<p>The plates are oven, microwave, freezer and dishwasher safe.<\/p>\n<p>&nbsp;<\/p>","protected":false},"featured_media":1296,"template":"","meta":{"inline_featured_image":false},"product_brand":[],"product_cat":[33,47,43,89,32],"product_tag":[],"class_list":{"0":"post-1300","1":"product","2":"type-product","3":"status-publish","4":"has-post-thumbnail","6":"product_cat-borddaekning","7":"product_cat-gaven-til-ham","8":"product_cat-stentoej","9":"product_cat-tallerkner","10":"product_cat-tilbud","12":"first","13":"instock","14":"sale","15":"taxable","16":"shipping-taxable","17":"purchasable","18":"product-type-simple"},"exclude_global_add_ons":false,"addons":[{"name":"Do you want gift wrapping?","type":"checkbox","position":0,"required":false,"title_format":"label","default":"","description_enable":false,"description":"","placeholder_enable":false,"placeholder":"","display":"images","restrictions_type":"any_text","adjust_price":false,"price":"","price_type":"flat_fee","restrictions":false,"min":"0","max":"0","options":[{"label":"Ja tak","price":"10","price_type":"flat_fee","image":11015,"visibility":true}],"id":1669646111}],"yoast_head":"<!-- This site is optimized with the Yoast SEO plugin v27.4 - https:\/\/yoast.com\/product\/yoast-seo-wordpress\/ -->\n<title>Flotte marokkanske h\u00e5ndlavede keramik tallerkner i gr\u00e5 | Tibladin<\/title>\n<meta name=\"description\" content=\"Marokkanske keramik tallerkener i gr\u00e5. H\u00e5nddrejet afrikansk stent\u00f8j der er meget modstandsdygtig og som t\u00e5ler h\u00e5rdt brug.\" \/>\n<meta name=\"robots\" content=\"index, follow, max-snippet:-1, max-image-preview:large, max-video-preview:-1\" \/>\n<link rel=\"canonical\" href=\"https:\/\/tibladin.dk\/en\/product-4\/gray-plate\/\" \/>\n<meta property=\"og:locale\" content=\"en_GB\" \/>\n<meta property=\"og:type\" content=\"article\" \/>\n<meta property=\"og:title\" content=\"Flotte marokkanske h\u00e5ndlavede keramik tallerkner i gr\u00e5 | Tibladin\" \/>\n<meta property=\"og:description\" content=\"Marokkanske keramik tallerkener i gr\u00e5. H\u00e5nddrejet afrikansk stent\u00f8j der er meget modstandsdygtig og som t\u00e5ler h\u00e5rdt brug.\" \/>\n<meta property=\"og:url\" content=\"https:\/\/tibladin.dk\/en\/product-4\/gray-plate\/\" \/>\n<meta property=\"og:site_name\" content=\"Tibladin\" \/>\n<meta property=\"article:modified_time\" content=\"2025-06-18T11:24:36+00:00\" \/>\n<meta property=\"og:image\" content=\"https:\/\/tibladin.dk\/wp-content\/uploads\/2022\/09\/Tibladin_marokkansk-stentoej_tallerken-graa-1.jpg\" \/>\n\t<meta property=\"og:image:width\" content=\"800\" \/>\n\t<meta property=\"og:image:height\" content=\"800\" \/>\n\t<meta property=\"og:image:type\" content=\"image\/jpeg\" \/>\n<meta name=\"twitter:card\" content=\"summary_large_image\" \/>\n<meta name=\"twitter:label1\" content=\"Estimated reading time\" \/>\n\t<meta name=\"twitter:data1\" content=\"2 minutes\" \/>\n<script type=\"application\/ld+json\" class=\"yoast-schema-graph\">{\"@context\":\"https:\\\/\\\/schema.org\",\"@graph\":[{\"@type\":\"WebPage\",\"@id\":\"https:\\\/\\\/tibladin.dk\\\/produkt\\\/tallerken-graa\\\/\",\"url\":\"https:\\\/\\\/tibladin.dk\\\/produkt\\\/tallerken-graa\\\/\",\"name\":\"Flotte marokkanske h\u00e5ndlavede keramik tallerkner i gr\u00e5 | Tibladin\",\"isPartOf\":{\"@id\":\"https:\\\/\\\/tibladin.dk\\\/#website\"},\"primaryImageOfPage\":{\"@id\":\"https:\\\/\\\/tibladin.dk\\\/produkt\\\/tallerken-graa\\\/#primaryimage\"},\"image\":{\"@id\":\"https:\\\/\\\/tibladin.dk\\\/produkt\\\/tallerken-graa\\\/#primaryimage\"},\"thumbnailUrl\":\"https:\\\/\\\/tibladin.dk\\\/wp-content\\\/uploads\\\/2022\\\/09\\\/Tibladin_marokkansk-stentoej_tallerken-graa-1.jpg\",\"datePublished\":\"2022-09-20T09:08:14+00:00\",\"dateModified\":\"2025-06-18T11:24:36+00:00\",\"description\":\"Marokkanske keramik tallerkener i gr\u00e5. H\u00e5nddrejet afrikansk stent\u00f8j der er meget modstandsdygtig og som t\u00e5ler h\u00e5rdt brug.\",\"breadcrumb\":{\"@id\":\"https:\\\/\\\/tibladin.dk\\\/produkt\\\/tallerken-graa\\\/#breadcrumb\"},\"inLanguage\":\"en-GB\",\"potentialAction\":[{\"@type\":\"ReadAction\",\"target\":[\"https:\\\/\\\/tibladin.dk\\\/produkt\\\/tallerken-graa\\\/\"]}]},{\"@type\":\"ImageObject\",\"inLanguage\":\"en-GB\",\"@id\":\"https:\\\/\\\/tibladin.dk\\\/produkt\\\/tallerken-graa\\\/#primaryimage\",\"url\":\"https:\\\/\\\/tibladin.dk\\\/wp-content\\\/uploads\\\/2022\\\/09\\\/Tibladin_marokkansk-stentoej_tallerken-graa-1.jpg\",\"contentUrl\":\"https:\\\/\\\/tibladin.dk\\\/wp-content\\\/uploads\\\/2022\\\/09\\\/Tibladin_marokkansk-stentoej_tallerken-graa-1.jpg\",\"width\":800,\"height\":800,\"caption\":\"Marokkansk h\u00e5ndlavet tallerken i gr\u00e5\"},{\"@type\":\"BreadcrumbList\",\"@id\":\"https:\\\/\\\/tibladin.dk\\\/produkt\\\/tallerken-graa\\\/#breadcrumb\",\"itemListElement\":[{\"@type\":\"ListItem\",\"position\":1,\"name\":\"Hjem\",\"item\":\"https:\\\/\\\/tibladin.dk\\\/\"},{\"@type\":\"ListItem\",\"position\":2,\"name\":\"Shop\",\"item\":\"https:\\\/\\\/tibladin.dk\\\/shop\\\/\"},{\"@type\":\"ListItem\",\"position\":3,\"name\":\"Tallerken gr\u00e5\"}]},{\"@type\":\"WebSite\",\"@id\":\"https:\\\/\\\/tibladin.dk\\\/#website\",\"url\":\"https:\\\/\\\/tibladin.dk\\\/\",\"name\":\"Tibladin\",\"description\":\"Tibladin\",\"publisher\":{\"@id\":\"https:\\\/\\\/tibladin.dk\\\/#organization\"},\"potentialAction\":[{\"@type\":\"SearchAction\",\"target\":{\"@type\":\"EntryPoint\",\"urlTemplate\":\"https:\\\/\\\/tibladin.dk\\\/?s={search_term_string}\"},\"query-input\":{\"@type\":\"PropertyValueSpecification\",\"valueRequired\":true,\"valueName\":\"search_term_string\"}}],\"inLanguage\":\"en-GB\"},{\"@type\":\"Organization\",\"@id\":\"https:\\\/\\\/tibladin.dk\\\/#organization\",\"name\":\"Tibladin\",\"url\":\"https:\\\/\\\/tibladin.dk\\\/\",\"logo\":{\"@type\":\"ImageObject\",\"inLanguage\":\"en-GB\",\"@id\":\"https:\\\/\\\/tibladin.dk\\\/#\\\/schema\\\/logo\\\/image\\\/\",\"url\":\"https:\\\/\\\/tibladin.dk\\\/wp-content\\\/uploads\\\/2022\\\/09\\\/tibladin_logo.svg\",\"contentUrl\":\"https:\\\/\\\/tibladin.dk\\\/wp-content\\\/uploads\\\/2022\\\/09\\\/tibladin_logo.svg\",\"caption\":\"Tibladin\"},\"image\":{\"@id\":\"https:\\\/\\\/tibladin.dk\\\/#\\\/schema\\\/logo\\\/image\\\/\"}}]}<\/script>\n<!-- \/ Yoast SEO plugin. -->","yoast_head_json":{"title":"Beautiful Moroccan handmade ceramic plates in gray | Tibladin","description":"Moroccan ceramic plates in grey. Hand-turned African stoneware that is very resistant and can withstand hard use.","robots":{"index":"index","follow":"follow","max-snippet":"max-snippet:-1","max-image-preview":"max-image-preview:large","max-video-preview":"max-video-preview:-1"},"canonical":"https:\/\/tibladin.dk\/en\/product-4\/gray-plate\/","og_locale":"en_GB","og_type":"article","og_title":"Flotte marokkanske h\u00e5ndlavede keramik tallerkner i gr\u00e5 | Tibladin","og_description":"Marokkanske keramik tallerkener i gr\u00e5. H\u00e5nddrejet afrikansk stent\u00f8j der er meget modstandsdygtig og som t\u00e5ler h\u00e5rdt brug.","og_url":"https:\/\/tibladin.dk\/en\/product-4\/gray-plate\/","og_site_name":"Tibladin","article_modified_time":"2025-06-18T11:24:36+00:00","og_image":[{"width":800,"height":800,"url":"https:\/\/tibladin.dk\/wp-content\/uploads\/2022\/09\/Tibladin_marokkansk-stentoej_tallerken-graa-1.jpg","type":"image\/jpeg"}],"twitter_card":"summary_large_image","twitter_misc":{"Estimated reading time":"2 minutes"},"schema":{"@context":"https:\/\/schema.org","@graph":[{"@type":"WebPage","@id":"https:\/\/tibladin.dk\/produkt\/tallerken-graa\/","url":"https:\/\/tibladin.dk\/produkt\/tallerken-graa\/","name":"Beautiful Moroccan handmade ceramic plates in gray | Tibladin","isPartOf":{"@id":"https:\/\/tibladin.dk\/#website"},"primaryImageOfPage":{"@id":"https:\/\/tibladin.dk\/produkt\/tallerken-graa\/#primaryimage"},"image":{"@id":"https:\/\/tibladin.dk\/produkt\/tallerken-graa\/#primaryimage"},"thumbnailUrl":"https:\/\/tibladin.dk\/wp-content\/uploads\/2022\/09\/Tibladin_marokkansk-stentoej_tallerken-graa-1.jpg","datePublished":"2022-09-20T09:08:14+00:00","dateModified":"2025-06-18T11:24:36+00:00","description":"Moroccan ceramic plates in grey. Hand-turned African stoneware that is very resistant and can withstand hard use.","breadcrumb":{"@id":"https:\/\/tibladin.dk\/produkt\/tallerken-graa\/#breadcrumb"},"inLanguage":"en-GB","potentialAction":[{"@type":"ReadAction","target":["https:\/\/tibladin.dk\/produkt\/tallerken-graa\/"]}]},{"@type":"ImageObject","inLanguage":"en-GB","@id":"https:\/\/tibladin.dk\/produkt\/tallerken-graa\/#primaryimage","url":"https:\/\/tibladin.dk\/wp-content\/uploads\/2022\/09\/Tibladin_marokkansk-stentoej_tallerken-graa-1.jpg","contentUrl":"https:\/\/tibladin.dk\/wp-content\/uploads\/2022\/09\/Tibladin_marokkansk-stentoej_tallerken-graa-1.jpg","width":800,"height":800,"caption":"Marokkansk h\u00e5ndlavet tallerken i gr\u00e5"},{"@type":"BreadcrumbList","@id":"https:\/\/tibladin.dk\/produkt\/tallerken-graa\/#breadcrumb","itemListElement":[{"@type":"ListItem","position":1,"name":"Hjem","item":"https:\/\/tibladin.dk\/"},{"@type":"ListItem","position":2,"name":"Shop","item":"https:\/\/tibladin.dk\/shop\/"},{"@type":"ListItem","position":3,"name":"Tallerken gr\u00e5"}]},{"@type":"WebSite","@id":"https:\/\/tibladin.dk\/#website","url":"https:\/\/tibladin.dk\/","name":"Tibladin","description":"Tibladin","publisher":{"@id":"https:\/\/tibladin.dk\/#organization"},"potentialAction":[{"@type":"SearchAction","target":{"@type":"EntryPoint","urlTemplate":"https:\/\/tibladin.dk\/?s={search_term_string}"},"query-input":{"@type":"PropertyValueSpecification","valueRequired":true,"valueName":"search_term_string"}}],"inLanguage":"en-GB"},{"@type":"Organization","@id":"https:\/\/tibladin.dk\/#organization","name":"Tibladin","url":"https:\/\/tibladin.dk\/","logo":{"@type":"ImageObject","inLanguage":"en-GB","@id":"https:\/\/tibladin.dk\/#\/schema\/logo\/image\/","url":"https:\/\/tibladin.dk\/wp-content\/uploads\/2022\/09\/tibladin_logo.svg","contentUrl":"https:\/\/tibladin.dk\/wp-content\/uploads\/2022\/09\/tibladin_logo.svg","caption":"Tibladin"},"image":{"@id":"https:\/\/tibladin.dk\/#\/schema\/logo\/image\/"}}]}},"_links":{"self":[{"href":"https:\/\/tibladin.dk\/en\/wp-json\/wp\/v2\/product\/1300","targetHints":{"allow":["GET"]}}],"collection":[{"href":"https:\/\/tibladin.dk\/en\/wp-json\/wp\/v2\/product"}],"about":[{"href":"https:\/\/tibladin.dk\/en\/wp-json\/wp\/v2\/types\/product"}],"wp:featuredmedia":[{"embeddable":true,"href":"https:\/\/tibladin.dk\/en\/wp-json\/wp\/v2\/media\/1296"}],"wp:attachment":[{"href":"https:\/\/tibladin.dk\/en\/wp-json\/wp\/v2\/media?parent=1300"}],"wp:term":[{"taxonomy":"product_brand","embeddable":true,"href":"https:\/\/tibladin.dk\/en\/wp-json\/wp\/v2\/product_brand?post=1300"},{"taxonomy":"product_cat","embeddable":true,"href":"https:\/\/tibladin.dk\/en\/wp-json\/wp\/v2\/product_cat?post=1300"},{"taxonomy":"product_tag","embeddable":true,"href":"https:\/\/tibladin.dk\/en\/wp-json\/wp\/v2\/product_tag?post=1300"}],"curies":[{"name":"wp","href":"https:\/\/api.w.org\/{rel}","templated":true}]}}