{"id":1594,"date":"2022-09-20T11:10:19","date_gmt":"2022-09-20T09:10:19","guid":{"rendered":"https:\/\/tibladin.dk\/vare\/bomuldstaeppe-bademaatte-hvid-med-sort\/"},"modified":"2025-08-23T15:14:05","modified_gmt":"2025-08-23T13:14:05","slug":"luxury-bath-mat-black-white","status":"publish","type":"product","link":"https:\/\/tibladin.dk\/en\/produkt\/luksus-bademaatte-sort-hvid\/","title":{"rendered":"Luxury bath mat black\/white"},"content":{"rendered":"<div class=\"wpb-content-wrapper\"><div class=\"vc_row wpb_row vc_row-fluid\"><div class=\"wpb_column vc_column_container vc_col-sm-4\"><div class=\"vc_column-inner\"><div class=\"wpb_wrapper\">\n\t<div class=\"wpb_video_widget wpb_content_element vc_clearfix   vc_video-aspect-ratio-43 vc_video-el-width-100 vc_video-align-left\" >\n\t\t<div class=\"wpb_wrapper\">\n\t\t\t\n\t\t\t<div class=\"wpb_video_wrapper\"><div class=\"video-container\"><iframe loading=\"lazy\" title=\"Women&#039;s cooperative Marrakech\" src=\"https:\/\/player.vimeo.com\/video\/416218536?dnt=1&amp;app_id=122963\" width=\"500\" height=\"281\" frameborder=\"0\" allow=\"autoplay; fullscreen; picture-in-picture\"><\/iframe><\/div><\/div>\n\t\t<\/div>\n\t<\/div>\n<\/div><\/div><\/div><div class=\"wpb_column vc_column_container vc_col-sm-4\"><div class=\"vc_column-inner\"><div class=\"wpb_wrapper\"><h3 style=\"text-align: left\" class=\"vc_custom_heading vc_do_custom_heading\" >Maintenance<\/h3>\n\t<div class=\"wpb_text_column wpb_content_element\" >\n\t\t<div class=\"wpb_wrapper\">\n\t\t\t<p>The carpet\/mat is made of 100 % cotton and can be washed gently in the machine at 30 degrees.<\/p>\n\n\t\t<\/div>\n\t<\/div>\n<\/div><\/div><\/div><div class=\"wpb_column vc_column_container vc_col-sm-4\"><div class=\"vc_column-inner\"><div class=\"wpb_wrapper\"><h3 style=\"text-align: left\" class=\"vc_custom_heading vc_do_custom_heading\" >The story behind<\/h3>\n\t<div class=\"wpb_text_column wpb_content_element\" >\n\t\t<div class=\"wpb_wrapper\">\n\t\t\t<p>The beautiful handwoven cotton rug can be used as a small decorative rug in your hallway, kitchen, guest bathroom, room or in the bathroom as a bath mat.<\/p>\n<p>The carpet is handwoven by women in a women&#039;s cooperative south of Marrakech.<\/p>\n<p>The women&#039;s cooperative employs 160 women in the small village, and thus helps to raise the standard of living of many families. A school and kindergarten have been established for the women&#039;s children, so that the children can receive education and be employed while the mothers work.<\/p>\n\n\t\t<\/div>\n\t<\/div>\n<\/div><\/div><\/div><\/div>\n<\/div>","protected":false},"excerpt":{"rendered":"<p class=\"p1\"><span class=\"s1\">Fine handwoven bath mat 50\u00d790 cm. in white with a black stripe and small pompoms in white and black.<\/span><\/p>\n<p class=\"p1\"><span class=\"s1\">Use the rug in your hallway, kitchen, room or bathroom as a bath mat.\u00a0<\/span><\/p>\n<p>With this small, unique carpet\/mat, you can quickly put a unique touch on your decor and bring the Marrakech atmosphere into your bathroom. It is such a fine and accomplished piece of work, handwoven by women from a women&#039;s cooperative south of Marrakech.<\/p>\n<p>dimensions: 50\u00d790 cm.<\/p>","protected":false},"featured_media":1589,"template":"","meta":{"inline_featured_image":false},"product_brand":[],"product_cat":[97,37],"product_tag":[],"class_list":{"0":"post-1594","1":"product","2":"type-product","3":"status-publish","4":"has-post-thumbnail","6":"product_cat-luksus-bademaatte","7":"product_cat-tekstiler","9":"first","10":"instock","11":"taxable","12":"shipping-taxable","13":"purchasable","14":"product-type-simple"},"exclude_global_add_ons":false,"addons":[{"name":"Do you want gift wrapping?","type":"checkbox","position":0,"required":false,"title_format":"label","default":"","description_enable":false,"description":"","placeholder_enable":false,"placeholder":"","display":"images","restrictions_type":"any_text","adjust_price":false,"price":"","price_type":"flat_fee","restrictions":false,"min":"0","max":"0","options":[{"label":"Ja tak","price":"10","price_type":"flat_fee","image":11015,"visibility":true}],"id":1669646111}],"yoast_head":"<!-- This site is optimized with the Yoast SEO plugin v27.4 - https:\/\/yoast.com\/product\/yoast-seo-wordpress\/ -->\n<title>H\u00e5ndv\u00e6vet luksus badem\u00e5tte i \u00f8kologisk bomuld | Stort udvalg<\/title>\n<meta name=\"description\" content=\"Fin h\u00e5ndv\u00e6vet badem\u00e5tte i en l\u00e6kker og kraftig bomuldskvalitet. Kan bruges b\u00e5de som badem\u00e5tte og lille bomuldst\u00e6ppe i dit hjem.\" \/>\n<meta name=\"robots\" content=\"index, follow, max-snippet:-1, max-image-preview:large, max-video-preview:-1\" \/>\n<link rel=\"canonical\" href=\"https:\/\/tibladin.dk\/en\/product-4\/luxury-bath-mat-black-white\/\" \/>\n<meta property=\"og:locale\" content=\"en_GB\" \/>\n<meta property=\"og:type\" content=\"article\" \/>\n<meta property=\"og:title\" content=\"H\u00e5ndv\u00e6vet luksus badem\u00e5tte i \u00f8kologisk bomuld | Stort udvalg\" \/>\n<meta property=\"og:description\" content=\"Fin h\u00e5ndv\u00e6vet badem\u00e5tte i en l\u00e6kker og kraftig bomuldskvalitet. Kan bruges b\u00e5de som badem\u00e5tte og lille bomuldst\u00e6ppe i dit hjem.\" \/>\n<meta property=\"og:url\" content=\"https:\/\/tibladin.dk\/en\/product-4\/luxury-bath-mat-black-white\/\" \/>\n<meta property=\"og:site_name\" content=\"Tibladin\" \/>\n<meta property=\"article:modified_time\" content=\"2025-08-23T13:14:05+00:00\" \/>\n<meta property=\"og:image\" content=\"https:\/\/tibladin.dk\/wp-content\/uploads\/2022\/09\/90100002_Bomuldstaeppe_bademaatte_LS3-1.jpg\" \/>\n\t<meta property=\"og:image:width\" content=\"800\" \/>\n\t<meta property=\"og:image:height\" content=\"800\" \/>\n\t<meta property=\"og:image:type\" content=\"image\/jpeg\" \/>\n<meta name=\"twitter:card\" content=\"summary_large_image\" \/>\n<meta name=\"twitter:label1\" content=\"Estimated reading time\" \/>\n\t<meta name=\"twitter:data1\" content=\"1 minute\" \/>\n<script type=\"application\/ld+json\" class=\"yoast-schema-graph\">{\"@context\":\"https:\\\/\\\/schema.org\",\"@graph\":[{\"@type\":\"WebPage\",\"@id\":\"https:\\\/\\\/tibladin.dk\\\/produkt\\\/luksus-bademaatte-sort-hvid\\\/\",\"url\":\"https:\\\/\\\/tibladin.dk\\\/produkt\\\/luksus-bademaatte-sort-hvid\\\/\",\"name\":\"H\u00e5ndv\u00e6vet luksus badem\u00e5tte i \u00f8kologisk bomuld | Stort udvalg\",\"isPartOf\":{\"@id\":\"https:\\\/\\\/tibladin.dk\\\/#website\"},\"primaryImageOfPage\":{\"@id\":\"https:\\\/\\\/tibladin.dk\\\/produkt\\\/luksus-bademaatte-sort-hvid\\\/#primaryimage\"},\"image\":{\"@id\":\"https:\\\/\\\/tibladin.dk\\\/produkt\\\/luksus-bademaatte-sort-hvid\\\/#primaryimage\"},\"thumbnailUrl\":\"https:\\\/\\\/tibladin.dk\\\/wp-content\\\/uploads\\\/2022\\\/09\\\/90100002_Bomuldstaeppe_bademaatte_LS3-1.jpg\",\"datePublished\":\"2022-09-20T09:10:19+00:00\",\"dateModified\":\"2025-08-23T13:14:05+00:00\",\"description\":\"Fin h\u00e5ndv\u00e6vet badem\u00e5tte i en l\u00e6kker og kraftig bomuldskvalitet. Kan bruges b\u00e5de som badem\u00e5tte og lille bomuldst\u00e6ppe i dit hjem.\",\"breadcrumb\":{\"@id\":\"https:\\\/\\\/tibladin.dk\\\/produkt\\\/luksus-bademaatte-sort-hvid\\\/#breadcrumb\"},\"inLanguage\":\"en-GB\",\"potentialAction\":[{\"@type\":\"ReadAction\",\"target\":[\"https:\\\/\\\/tibladin.dk\\\/produkt\\\/luksus-bademaatte-sort-hvid\\\/\"]}]},{\"@type\":\"ImageObject\",\"inLanguage\":\"en-GB\",\"@id\":\"https:\\\/\\\/tibladin.dk\\\/produkt\\\/luksus-bademaatte-sort-hvid\\\/#primaryimage\",\"url\":\"https:\\\/\\\/tibladin.dk\\\/wp-content\\\/uploads\\\/2022\\\/09\\\/90100002_Bomuldstaeppe_bademaatte_LS3-1.jpg\",\"contentUrl\":\"https:\\\/\\\/tibladin.dk\\\/wp-content\\\/uploads\\\/2022\\\/09\\\/90100002_Bomuldstaeppe_bademaatte_LS3-1.jpg\",\"width\":800,\"height\":800,\"caption\":\"Marokkansk h\u00e5ndv\u00e6vet badem\u00e5tte i hvid med to sorte striber med hvide og sorte pomponer, liggende p\u00e5 badev\u00e6relses gulv foran brusekabinen, t\u00e6t\"},{\"@type\":\"BreadcrumbList\",\"@id\":\"https:\\\/\\\/tibladin.dk\\\/produkt\\\/luksus-bademaatte-sort-hvid\\\/#breadcrumb\",\"itemListElement\":[{\"@type\":\"ListItem\",\"position\":1,\"name\":\"Hjem\",\"item\":\"https:\\\/\\\/tibladin.dk\\\/\"},{\"@type\":\"ListItem\",\"position\":2,\"name\":\"Shop\",\"item\":\"https:\\\/\\\/tibladin.dk\\\/shop\\\/\"},{\"@type\":\"ListItem\",\"position\":3,\"name\":\"Luksus badem\u00e5tte sort\\\/hvid\"}]},{\"@type\":\"WebSite\",\"@id\":\"https:\\\/\\\/tibladin.dk\\\/#website\",\"url\":\"https:\\\/\\\/tibladin.dk\\\/\",\"name\":\"Tibladin\",\"description\":\"Tibladin\",\"publisher\":{\"@id\":\"https:\\\/\\\/tibladin.dk\\\/#organization\"},\"potentialAction\":[{\"@type\":\"SearchAction\",\"target\":{\"@type\":\"EntryPoint\",\"urlTemplate\":\"https:\\\/\\\/tibladin.dk\\\/?s={search_term_string}\"},\"query-input\":{\"@type\":\"PropertyValueSpecification\",\"valueRequired\":true,\"valueName\":\"search_term_string\"}}],\"inLanguage\":\"en-GB\"},{\"@type\":\"Organization\",\"@id\":\"https:\\\/\\\/tibladin.dk\\\/#organization\",\"name\":\"Tibladin\",\"url\":\"https:\\\/\\\/tibladin.dk\\\/\",\"logo\":{\"@type\":\"ImageObject\",\"inLanguage\":\"en-GB\",\"@id\":\"https:\\\/\\\/tibladin.dk\\\/#\\\/schema\\\/logo\\\/image\\\/\",\"url\":\"https:\\\/\\\/tibladin.dk\\\/wp-content\\\/uploads\\\/2022\\\/09\\\/tibladin_logo.svg\",\"contentUrl\":\"https:\\\/\\\/tibladin.dk\\\/wp-content\\\/uploads\\\/2022\\\/09\\\/tibladin_logo.svg\",\"caption\":\"Tibladin\"},\"image\":{\"@id\":\"https:\\\/\\\/tibladin.dk\\\/#\\\/schema\\\/logo\\\/image\\\/\"}}]}<\/script>\n<!-- \/ Yoast SEO plugin. -->","yoast_head_json":{"title":"Handwoven luxury bath mat in organic cotton | Large selection","description":"Fine handwoven bath mat in a delicious and strong cotton quality. Can be used both as a bath mat and small cotton blanket in your home.","robots":{"index":"index","follow":"follow","max-snippet":"max-snippet:-1","max-image-preview":"max-image-preview:large","max-video-preview":"max-video-preview:-1"},"canonical":"https:\/\/tibladin.dk\/en\/product-4\/luxury-bath-mat-black-white\/","og_locale":"en_GB","og_type":"article","og_title":"H\u00e5ndv\u00e6vet luksus badem\u00e5tte i \u00f8kologisk bomuld | Stort udvalg","og_description":"Fin h\u00e5ndv\u00e6vet badem\u00e5tte i en l\u00e6kker og kraftig bomuldskvalitet. Kan bruges b\u00e5de som badem\u00e5tte og lille bomuldst\u00e6ppe i dit hjem.","og_url":"https:\/\/tibladin.dk\/en\/product-4\/luxury-bath-mat-black-white\/","og_site_name":"Tibladin","article_modified_time":"2025-08-23T13:14:05+00:00","og_image":[{"width":800,"height":800,"url":"https:\/\/tibladin.dk\/wp-content\/uploads\/2022\/09\/90100002_Bomuldstaeppe_bademaatte_LS3-1.jpg","type":"image\/jpeg"}],"twitter_card":"summary_large_image","twitter_misc":{"Estimated reading time":"1 minute"},"schema":{"@context":"https:\/\/schema.org","@graph":[{"@type":"WebPage","@id":"https:\/\/tibladin.dk\/produkt\/luksus-bademaatte-sort-hvid\/","url":"https:\/\/tibladin.dk\/produkt\/luksus-bademaatte-sort-hvid\/","name":"Handwoven luxury bath mat in organic cotton | Large selection","isPartOf":{"@id":"https:\/\/tibladin.dk\/#website"},"primaryImageOfPage":{"@id":"https:\/\/tibladin.dk\/produkt\/luksus-bademaatte-sort-hvid\/#primaryimage"},"image":{"@id":"https:\/\/tibladin.dk\/produkt\/luksus-bademaatte-sort-hvid\/#primaryimage"},"thumbnailUrl":"https:\/\/tibladin.dk\/wp-content\/uploads\/2022\/09\/90100002_Bomuldstaeppe_bademaatte_LS3-1.jpg","datePublished":"2022-09-20T09:10:19+00:00","dateModified":"2025-08-23T13:14:05+00:00","description":"Fine handwoven bath mat in a delicious and strong cotton quality. Can be used both as a bath mat and small cotton blanket in your home.","breadcrumb":{"@id":"https:\/\/tibladin.dk\/produkt\/luksus-bademaatte-sort-hvid\/#breadcrumb"},"inLanguage":"en-GB","potentialAction":[{"@type":"ReadAction","target":["https:\/\/tibladin.dk\/produkt\/luksus-bademaatte-sort-hvid\/"]}]},{"@type":"ImageObject","inLanguage":"en-GB","@id":"https:\/\/tibladin.dk\/produkt\/luksus-bademaatte-sort-hvid\/#primaryimage","url":"https:\/\/tibladin.dk\/wp-content\/uploads\/2022\/09\/90100002_Bomuldstaeppe_bademaatte_LS3-1.jpg","contentUrl":"https:\/\/tibladin.dk\/wp-content\/uploads\/2022\/09\/90100002_Bomuldstaeppe_bademaatte_LS3-1.jpg","width":800,"height":800,"caption":"Marokkansk h\u00e5ndv\u00e6vet badem\u00e5tte i hvid med to sorte striber med hvide og sorte pomponer, liggende p\u00e5 badev\u00e6relses gulv foran brusekabinen, t\u00e6t"},{"@type":"BreadcrumbList","@id":"https:\/\/tibladin.dk\/produkt\/luksus-bademaatte-sort-hvid\/#breadcrumb","itemListElement":[{"@type":"ListItem","position":1,"name":"Hjem","item":"https:\/\/tibladin.dk\/"},{"@type":"ListItem","position":2,"name":"Shop","item":"https:\/\/tibladin.dk\/shop\/"},{"@type":"ListItem","position":3,"name":"Luksus badem\u00e5tte sort\/hvid"}]},{"@type":"WebSite","@id":"https:\/\/tibladin.dk\/#website","url":"https:\/\/tibladin.dk\/","name":"Tibladin","description":"Tibladin","publisher":{"@id":"https:\/\/tibladin.dk\/#organization"},"potentialAction":[{"@type":"SearchAction","target":{"@type":"EntryPoint","urlTemplate":"https:\/\/tibladin.dk\/?s={search_term_string}"},"query-input":{"@type":"PropertyValueSpecification","valueRequired":true,"valueName":"search_term_string"}}],"inLanguage":"en-GB"},{"@type":"Organization","@id":"https:\/\/tibladin.dk\/#organization","name":"Tibladin","url":"https:\/\/tibladin.dk\/","logo":{"@type":"ImageObject","inLanguage":"en-GB","@id":"https:\/\/tibladin.dk\/#\/schema\/logo\/image\/","url":"https:\/\/tibladin.dk\/wp-content\/uploads\/2022\/09\/tibladin_logo.svg","contentUrl":"https:\/\/tibladin.dk\/wp-content\/uploads\/2022\/09\/tibladin_logo.svg","caption":"Tibladin"},"image":{"@id":"https:\/\/tibladin.dk\/#\/schema\/logo\/image\/"}}]}},"_links":{"self":[{"href":"https:\/\/tibladin.dk\/en\/wp-json\/wp\/v2\/product\/1594","targetHints":{"allow":["GET"]}}],"collection":[{"href":"https:\/\/tibladin.dk\/en\/wp-json\/wp\/v2\/product"}],"about":[{"href":"https:\/\/tibladin.dk\/en\/wp-json\/wp\/v2\/types\/product"}],"wp:featuredmedia":[{"embeddable":true,"href":"https:\/\/tibladin.dk\/en\/wp-json\/wp\/v2\/media\/1589"}],"wp:attachment":[{"href":"https:\/\/tibladin.dk\/en\/wp-json\/wp\/v2\/media?parent=1594"}],"wp:term":[{"taxonomy":"product_brand","embeddable":true,"href":"https:\/\/tibladin.dk\/en\/wp-json\/wp\/v2\/product_brand?post=1594"},{"taxonomy":"product_cat","embeddable":true,"href":"https:\/\/tibladin.dk\/en\/wp-json\/wp\/v2\/product_cat?post=1594"},{"taxonomy":"product_tag","embeddable":true,"href":"https:\/\/tibladin.dk\/en\/wp-json\/wp\/v2\/product_tag?post=1594"}],"curies":[{"name":"wp","href":"https:\/\/api.w.org\/{rel}","templated":true}]}}