{"id":1630,"date":"2022-09-20T11:10:35","date_gmt":"2022-09-20T09:10:35","guid":{"rendered":"https:\/\/tibladin.dk\/?post_type=product&#038;p=1630"},"modified":"2024-12-09T14:39:04","modified_gmt":"2024-12-09T13:39:04","slug":"floor-cushion-pouf-beni-ouarain-with-large-lines","status":"publish","type":"product","link":"https:\/\/tibladin.dk\/en\/produkt\/gulvpude-puf-beni-ouarain-med-store-linjer\/","title":{"rendered":"Floor cushion\/pouf Beni Ouarain - with large lines"},"content":{"rendered":"<div class=\"wpb-content-wrapper\"><div class=\"vc_row wpb_row vc_row-fluid\"><div class=\"wpb_column vc_column_container vc_col-sm-4\"><div class=\"vc_column-inner\"><div class=\"wpb_wrapper\">\n\t<div class=\"wpb_video_widget wpb_content_element vc_clearfix   vc_video-aspect-ratio-43 vc_video-el-width-100 vc_video-align-left\" >\n\t\t<div class=\"wpb_wrapper\">\n\t\t\t\n\t\t\t<div class=\"wpb_video_wrapper\"><div class=\"video-container\"><iframe loading=\"lazy\" title=\"Fill your pouf_Beni Ouarain\" src=\"https:\/\/player.vimeo.com\/video\/416206236?dnt=1&amp;app_id=122963\" width=\"310\" height=\"310\" frameborder=\"0\" allow=\"autoplay; fullscreen; picture-in-picture\"><\/iframe><\/div><\/div>\n\t\t<\/div>\n\t<\/div>\n<\/div><\/div><\/div><div class=\"wpb_column vc_column_container vc_col-sm-4\"><div class=\"vc_column-inner\"><div class=\"wpb_wrapper\"><h3 style=\"text-align: left\" class=\"vc_custom_heading vc_do_custom_heading\" >Maintenance<\/h3>\n\t<div class=\"wpb_text_column wpb_content_element\" >\n\t\t<div class=\"wpb_wrapper\">\n\t\t\t<p>If you should be unlucky enough to get a stain on your wool pouf, start by vacuuming the stain. Wool is naturally surrounded by lanolin, which places a protective film on the fibers so that stains have a harder time penetrating. If the stain does not come off with this, you can take a damp cloth and dab on the stain, do not rub! Can also be dried at the dry cleaners. Should we be lucky enough to have snow fall on a winter&#039;s day, put your wool pouf or your wool blanket out in the newly fallen snow. It is the most effective method to get it cleaned in depth.<\/p>\n\n\t\t<\/div>\n\t<\/div>\n<\/div><\/div><\/div><div class=\"wpb_column vc_column_container vc_col-sm-4\"><div class=\"vc_column-inner\"><div class=\"wpb_wrapper\"><h3 style=\"text-align: left\" class=\"vc_custom_heading vc_do_custom_heading\" >Fill your pouf<\/h3>\n\t<div class=\"wpb_text_column wpb_content_element\" >\n\t\t<div class=\"wpb_wrapper\">\n\t\t\t<p>The best thing is to fill your pouf with a piece of firm foam that has been cut to fit. You can easily use things you already have, quilts, pillows, blankets or tightly crumpled newspaper. You can also buy foam granules or cotton filling for your pouf. If you use this kind of stuffing, we recommend that you sew an inner cover or take an old duvet cover and put the stuffing in there before you put it in your pouf.<\/p>\n<p>If purchased additionally, we can also send it with wood wool filling - be aware, however, that it can be dusty when you have to take it out if the cover needs to be cleaned.<\/p>\n\n\t\t<\/div>\n\t<\/div>\n<\/div><\/div><\/div><\/div>\n<\/div>","protected":false},"excerpt":{"rendered":"<p>Moroccan floor cushion\/pouf Beni Ouarain. Handmade from genuine Beni Ouarain wool high pile kilim rugs.<\/p>\n<p>Berber women from the Atlas Mountains in Morocco use the craft to tell their silent stories through these handwoven rugs made of real wool.<\/p>\n<p>Looks great with the Scandinavian decor in white and black and gives a nice personal touch.<\/p>\n<p>With a pattern of large panes \u2013 all puffs are unique in pattern depending on which area of the carpet is used.<\/p>\n<p>Choose your variant below.<\/p>\n<p>&nbsp;<\/p>\n<p>&nbsp;<\/p>\n<p>&nbsp;<\/p>","protected":false},"featured_media":1698,"template":"","meta":{"inline_featured_image":false},"product_brand":[],"product_cat":[101,39,40],"product_tag":[],"class_list":{"0":"post-1630","1":"product","2":"type-product","3":"status-publish","4":"has-post-thumbnail","6":"product_cat-gulvpuder-uldpufs","7":"product_cat-moebler","8":"product_cat-pufs","10":"first","11":"instock","12":"taxable","13":"shipping-taxable","14":"purchasable","15":"product-type-variable"},"exclude_global_add_ons":false,"addons":[{"name":"Have your pouf delivered with filling of a large mounting pad","type":"checkbox","position":0,"required":false,"title_format":"label","default":"","description_enable":true,"description":"Filled with a large 90x90 cm mounting cushion, which fills the pouf well and makes it soft and comfortable to sit on. Makes it easy to remove the cover and clean it.","placeholder_enable":false,"placeholder":"","display":"images","restrictions_type":"any_text","adjust_price":false,"price":"","price_type":"flat_fee","restrictions":false,"min":"0","max":"0","options":[{"label":"Ja tak","price":"300","price_type":"quantity_based","image":11028,"visibility":true}],"id":1672424044}],"yoast_head":"<!-- This site is optimized with the Yoast SEO plugin v27.5 - https:\/\/yoast.com\/product\/yoast-seo-wordpress\/ -->\n<title>Marokkansk gulvpude\/puf Beni Ouarain | 60x60x23 | Tibladin<\/title>\n<meta name=\"description\" content=\"Marokkansk gulvpude\/puf i uld kelim i Beni Ouarain m\u00f8nster. H\u00e5ndsyet af vintage-t\u00e6pper, som er genbrugt til disse pufs. \u21d2 Se den her.\" \/>\n<meta name=\"robots\" content=\"index, follow, max-snippet:-1, max-image-preview:large, max-video-preview:-1\" \/>\n<link rel=\"canonical\" href=\"https:\/\/tibladin.dk\/en\/product-4\/floor-cushion-pouf-beni-ouarain-with-large-lines\/\" \/>\n<meta property=\"og:locale\" content=\"en_GB\" \/>\n<meta property=\"og:type\" content=\"article\" \/>\n<meta property=\"og:title\" content=\"Marokkansk gulvpude\/puf Beni Ouarain | 60x60x23 | Tibladin\" \/>\n<meta property=\"og:description\" content=\"Marokkansk gulvpude\/puf i uld kelim i Beni Ouarain m\u00f8nster. H\u00e5ndsyet af vintage-t\u00e6pper, som er genbrugt til disse pufs. \u21d2 Se den her.\" \/>\n<meta property=\"og:url\" content=\"https:\/\/tibladin.dk\/en\/product-4\/floor-cushion-pouf-beni-ouarain-with-large-lines\/\" \/>\n<meta property=\"og:site_name\" content=\"Tibladin\" \/>\n<meta property=\"article:modified_time\" content=\"2024-12-09T13:39:04+00:00\" \/>\n<meta property=\"og:image\" content=\"https:\/\/tibladin.dk\/wp-content\/uploads\/2022\/09\/Motiv-3-1.png\" \/>\n\t<meta property=\"og:image:width\" content=\"800\" \/>\n\t<meta property=\"og:image:height\" content=\"800\" \/>\n\t<meta property=\"og:image:type\" content=\"image\/png\" \/>\n<meta name=\"twitter:card\" content=\"summary_large_image\" \/>\n<meta name=\"twitter:label1\" content=\"Estimated reading time\" \/>\n\t<meta name=\"twitter:data1\" content=\"2 minutes\" \/>\n<script type=\"application\/ld+json\" class=\"yoast-schema-graph\">{\"@context\":\"https:\\\/\\\/schema.org\",\"@graph\":[{\"@type\":\"WebPage\",\"@id\":\"https:\\\/\\\/tibladin.dk\\\/produkt\\\/gulvpude-puf-beni-ouarain-med-store-linjer\\\/\",\"url\":\"https:\\\/\\\/tibladin.dk\\\/produkt\\\/gulvpude-puf-beni-ouarain-med-store-linjer\\\/\",\"name\":\"Marokkansk gulvpude\\\/puf Beni Ouarain | 60x60x23 | Tibladin\",\"isPartOf\":{\"@id\":\"https:\\\/\\\/tibladin.dk\\\/#website\"},\"primaryImageOfPage\":{\"@id\":\"https:\\\/\\\/tibladin.dk\\\/produkt\\\/gulvpude-puf-beni-ouarain-med-store-linjer\\\/#primaryimage\"},\"image\":{\"@id\":\"https:\\\/\\\/tibladin.dk\\\/produkt\\\/gulvpude-puf-beni-ouarain-med-store-linjer\\\/#primaryimage\"},\"thumbnailUrl\":\"https:\\\/\\\/tibladin.dk\\\/wp-content\\\/uploads\\\/2022\\\/09\\\/Motiv-3-1.png\",\"datePublished\":\"2022-09-20T09:10:35+00:00\",\"dateModified\":\"2024-12-09T13:39:04+00:00\",\"description\":\"Marokkansk gulvpude\\\/puf i uld kelim i Beni Ouarain m\u00f8nster. H\u00e5ndsyet af vintage-t\u00e6pper, som er genbrugt til disse pufs. \u21d2 Se den her.\",\"breadcrumb\":{\"@id\":\"https:\\\/\\\/tibladin.dk\\\/produkt\\\/gulvpude-puf-beni-ouarain-med-store-linjer\\\/#breadcrumb\"},\"inLanguage\":\"en-GB\",\"potentialAction\":[{\"@type\":\"ReadAction\",\"target\":[\"https:\\\/\\\/tibladin.dk\\\/produkt\\\/gulvpude-puf-beni-ouarain-med-store-linjer\\\/\"]}]},{\"@type\":\"ImageObject\",\"inLanguage\":\"en-GB\",\"@id\":\"https:\\\/\\\/tibladin.dk\\\/produkt\\\/gulvpude-puf-beni-ouarain-med-store-linjer\\\/#primaryimage\",\"url\":\"https:\\\/\\\/tibladin.dk\\\/wp-content\\\/uploads\\\/2022\\\/09\\\/Motiv-3-1.png\",\"contentUrl\":\"https:\\\/\\\/tibladin.dk\\\/wp-content\\\/uploads\\\/2022\\\/09\\\/Motiv-3-1.png\",\"width\":800,\"height\":800,\"caption\":\"Firkantet marokkansk h\u00e5ndsyet gulvpude i uld med stort sort krydsmotiv\"},{\"@type\":\"BreadcrumbList\",\"@id\":\"https:\\\/\\\/tibladin.dk\\\/produkt\\\/gulvpude-puf-beni-ouarain-med-store-linjer\\\/#breadcrumb\",\"itemListElement\":[{\"@type\":\"ListItem\",\"position\":1,\"name\":\"Hjem\",\"item\":\"https:\\\/\\\/tibladin.dk\\\/\"},{\"@type\":\"ListItem\",\"position\":2,\"name\":\"Shop\",\"item\":\"https:\\\/\\\/tibladin.dk\\\/shop\\\/\"},{\"@type\":\"ListItem\",\"position\":3,\"name\":\"Gulvpude\\\/puf Beni Ouarain &#8211; med store linjer\"}]},{\"@type\":\"WebSite\",\"@id\":\"https:\\\/\\\/tibladin.dk\\\/#website\",\"url\":\"https:\\\/\\\/tibladin.dk\\\/\",\"name\":\"Tibladin\",\"description\":\"Tibladin\",\"publisher\":{\"@id\":\"https:\\\/\\\/tibladin.dk\\\/#organization\"},\"potentialAction\":[{\"@type\":\"SearchAction\",\"target\":{\"@type\":\"EntryPoint\",\"urlTemplate\":\"https:\\\/\\\/tibladin.dk\\\/?s={search_term_string}\"},\"query-input\":{\"@type\":\"PropertyValueSpecification\",\"valueRequired\":true,\"valueName\":\"search_term_string\"}}],\"inLanguage\":\"en-GB\"},{\"@type\":\"Organization\",\"@id\":\"https:\\\/\\\/tibladin.dk\\\/#organization\",\"name\":\"Tibladin\",\"url\":\"https:\\\/\\\/tibladin.dk\\\/\",\"logo\":{\"@type\":\"ImageObject\",\"inLanguage\":\"en-GB\",\"@id\":\"https:\\\/\\\/tibladin.dk\\\/#\\\/schema\\\/logo\\\/image\\\/\",\"url\":\"https:\\\/\\\/tibladin.dk\\\/wp-content\\\/uploads\\\/2022\\\/09\\\/tibladin_logo.svg\",\"contentUrl\":\"https:\\\/\\\/tibladin.dk\\\/wp-content\\\/uploads\\\/2022\\\/09\\\/tibladin_logo.svg\",\"caption\":\"Tibladin\"},\"image\":{\"@id\":\"https:\\\/\\\/tibladin.dk\\\/#\\\/schema\\\/logo\\\/image\\\/\"}}]}<\/script>\n<!-- \/ Yoast SEO plugin. -->","yoast_head_json":{"title":"Moroccan floor cushion\/pouf Beni Ouarain | 60x60x23 | Tibladin","description":"Moroccan floor cushion\/pouf in wool kilim in Beni Ouarain pattern. Hand-stitched from vintage rugs that are recycled for these poufs. \u21d2 See it here.","robots":{"index":"index","follow":"follow","max-snippet":"max-snippet:-1","max-image-preview":"max-image-preview:large","max-video-preview":"max-video-preview:-1"},"canonical":"https:\/\/tibladin.dk\/en\/product-4\/floor-cushion-pouf-beni-ouarain-with-large-lines\/","og_locale":"en_GB","og_type":"article","og_title":"Marokkansk gulvpude\/puf Beni Ouarain | 60x60x23 | Tibladin","og_description":"Marokkansk gulvpude\/puf i uld kelim i Beni Ouarain m\u00f8nster. H\u00e5ndsyet af vintage-t\u00e6pper, som er genbrugt til disse pufs. \u21d2 Se den her.","og_url":"https:\/\/tibladin.dk\/en\/product-4\/floor-cushion-pouf-beni-ouarain-with-large-lines\/","og_site_name":"Tibladin","article_modified_time":"2024-12-09T13:39:04+00:00","og_image":[{"width":800,"height":800,"url":"https:\/\/tibladin.dk\/wp-content\/uploads\/2022\/09\/Motiv-3-1.png","type":"image\/png"}],"twitter_card":"summary_large_image","twitter_misc":{"Estimated reading time":"2 minutes"},"schema":{"@context":"https:\/\/schema.org","@graph":[{"@type":"WebPage","@id":"https:\/\/tibladin.dk\/produkt\/gulvpude-puf-beni-ouarain-med-store-linjer\/","url":"https:\/\/tibladin.dk\/produkt\/gulvpude-puf-beni-ouarain-med-store-linjer\/","name":"Moroccan floor cushion\/pouf Beni Ouarain | 60x60x23 | Tibladin","isPartOf":{"@id":"https:\/\/tibladin.dk\/#website"},"primaryImageOfPage":{"@id":"https:\/\/tibladin.dk\/produkt\/gulvpude-puf-beni-ouarain-med-store-linjer\/#primaryimage"},"image":{"@id":"https:\/\/tibladin.dk\/produkt\/gulvpude-puf-beni-ouarain-med-store-linjer\/#primaryimage"},"thumbnailUrl":"https:\/\/tibladin.dk\/wp-content\/uploads\/2022\/09\/Motiv-3-1.png","datePublished":"2022-09-20T09:10:35+00:00","dateModified":"2024-12-09T13:39:04+00:00","description":"Moroccan floor cushion\/pouf in wool kilim in Beni Ouarain pattern. Hand-stitched from vintage rugs that are recycled for these poufs. \u21d2 See it here.","breadcrumb":{"@id":"https:\/\/tibladin.dk\/produkt\/gulvpude-puf-beni-ouarain-med-store-linjer\/#breadcrumb"},"inLanguage":"en-GB","potentialAction":[{"@type":"ReadAction","target":["https:\/\/tibladin.dk\/produkt\/gulvpude-puf-beni-ouarain-med-store-linjer\/"]}]},{"@type":"ImageObject","inLanguage":"en-GB","@id":"https:\/\/tibladin.dk\/produkt\/gulvpude-puf-beni-ouarain-med-store-linjer\/#primaryimage","url":"https:\/\/tibladin.dk\/wp-content\/uploads\/2022\/09\/Motiv-3-1.png","contentUrl":"https:\/\/tibladin.dk\/wp-content\/uploads\/2022\/09\/Motiv-3-1.png","width":800,"height":800,"caption":"Firkantet marokkansk h\u00e5ndsyet gulvpude i uld med stort sort krydsmotiv"},{"@type":"BreadcrumbList","@id":"https:\/\/tibladin.dk\/produkt\/gulvpude-puf-beni-ouarain-med-store-linjer\/#breadcrumb","itemListElement":[{"@type":"ListItem","position":1,"name":"Hjem","item":"https:\/\/tibladin.dk\/"},{"@type":"ListItem","position":2,"name":"Shop","item":"https:\/\/tibladin.dk\/shop\/"},{"@type":"ListItem","position":3,"name":"Gulvpude\/puf Beni Ouarain &#8211; med store linjer"}]},{"@type":"WebSite","@id":"https:\/\/tibladin.dk\/#website","url":"https:\/\/tibladin.dk\/","name":"Tibladin","description":"Tibladin","publisher":{"@id":"https:\/\/tibladin.dk\/#organization"},"potentialAction":[{"@type":"SearchAction","target":{"@type":"EntryPoint","urlTemplate":"https:\/\/tibladin.dk\/?s={search_term_string}"},"query-input":{"@type":"PropertyValueSpecification","valueRequired":true,"valueName":"search_term_string"}}],"inLanguage":"en-GB"},{"@type":"Organization","@id":"https:\/\/tibladin.dk\/#organization","name":"Tibladin","url":"https:\/\/tibladin.dk\/","logo":{"@type":"ImageObject","inLanguage":"en-GB","@id":"https:\/\/tibladin.dk\/#\/schema\/logo\/image\/","url":"https:\/\/tibladin.dk\/wp-content\/uploads\/2022\/09\/tibladin_logo.svg","contentUrl":"https:\/\/tibladin.dk\/wp-content\/uploads\/2022\/09\/tibladin_logo.svg","caption":"Tibladin"},"image":{"@id":"https:\/\/tibladin.dk\/#\/schema\/logo\/image\/"}}]}},"_links":{"self":[{"href":"https:\/\/tibladin.dk\/en\/wp-json\/wp\/v2\/product\/1630","targetHints":{"allow":["GET"]}}],"collection":[{"href":"https:\/\/tibladin.dk\/en\/wp-json\/wp\/v2\/product"}],"about":[{"href":"https:\/\/tibladin.dk\/en\/wp-json\/wp\/v2\/types\/product"}],"wp:featuredmedia":[{"embeddable":true,"href":"https:\/\/tibladin.dk\/en\/wp-json\/wp\/v2\/media\/1698"}],"wp:attachment":[{"href":"https:\/\/tibladin.dk\/en\/wp-json\/wp\/v2\/media?parent=1630"}],"wp:term":[{"taxonomy":"product_brand","embeddable":true,"href":"https:\/\/tibladin.dk\/en\/wp-json\/wp\/v2\/product_brand?post=1630"},{"taxonomy":"product_cat","embeddable":true,"href":"https:\/\/tibladin.dk\/en\/wp-json\/wp\/v2\/product_cat?post=1630"},{"taxonomy":"product_tag","embeddable":true,"href":"https:\/\/tibladin.dk\/en\/wp-json\/wp\/v2\/product_tag?post=1630"}],"curies":[{"name":"wp","href":"https:\/\/api.w.org\/{rel}","templated":true}]}}