{"id":1684,"date":"2022-09-20T11:10:57","date_gmt":"2022-09-20T09:10:57","guid":{"rendered":"https:\/\/tibladin.dk\/?post_type=product&#038;p=1684"},"modified":"2024-12-09T14:38:13","modified_gmt":"2024-12-09T13:38:13","slug":"mirror-square-with-rounded-edges-silver","status":"publish","type":"product","link":"https:\/\/tibladin.dk\/en\/produkt\/spejl-firkantet-med-afrundede-kanter-soelv\/","title":{"rendered":"Square mirror with rounded edges - Silver"},"content":{"rendered":"<div class=\"wpb-content-wrapper\"><div class=\"vc_row wpb_row vc_row-fluid\"><div class=\"wpb_column vc_column_container vc_col-sm-4\"><div class=\"vc_column-inner\"><div class=\"wpb_wrapper\"><\/div><\/div><\/div><div class=\"wpb_column vc_column_container vc_col-sm-4\"><div class=\"vc_column-inner\"><div class=\"wpb_wrapper\"><h3 style=\"text-align: left\" class=\"vc_custom_heading vc_do_custom_heading\" >Maintenance<\/h3>\n\t<div class=\"wpb_text_column wpb_content_element\" >\n\t\t<div class=\"wpb_wrapper\">\n\t\t\t<p>Use polish for the edge. The mirror will acquire a patina over time and can be easily polished again.<\/p>\n<p>Use ordinary glass cleaner for the mirror.<\/p>\n\n\t\t<\/div>\n\t<\/div>\n<\/div><\/div><\/div><div class=\"wpb_column vc_column_container vc_col-sm-4\"><div class=\"vc_column-inner\"><div class=\"wpb_wrapper\"><h3 style=\"text-align: left\" class=\"vc_custom_heading vc_do_custom_heading\" >The story behind<\/h3>\n\t<div class=\"wpb_text_column wpb_content_element\" >\n\t\t<div class=\"wpb_wrapper\">\n\t\t\t<p>Mirrors bring life to the wall. It is very trendy to use mirrors in the interior, and preferably several together in different shapes. Think mirrors into the design of your rooms, and experiment with different setups. Use them as the final touch on your picture wall.<\/p>\n<p>The mirrors are made of gold or silver-coloured metal.<\/p>\n\n\t\t<\/div>\n\t<\/div>\n<\/div><\/div><\/div><\/div>\n<\/div>","protected":false},"excerpt":{"rendered":"<p>Handmade square Moroccan mirror in silver colored metal with rounded edges.<\/p>\n<p>Available in three different sizes: L, M, S. The mirror has hidden brackets on the back - just for hanging on the wall.<\/p>\n<p>Dimensions: L: 31.5 x 31.5| M: 25.5 x 25.5 | S: 19.5 x 19.5 |<\/p>\n<p>&nbsp;<\/p>","protected":false},"featured_media":1758,"template":"","meta":{"inline_featured_image":false},"product_brand":[],"product_cat":[58,56],"product_tag":[],"class_list":{"0":"post-1684","1":"product","2":"type-product","3":"status-publish","4":"has-post-thumbnail","6":"product_cat-spejle","7":"product_cat-vaegdekoration","9":"first","10":"instock","11":"taxable","12":"shipping-taxable","13":"purchasable","14":"product-type-variable"},"exclude_global_add_ons":[],"addons":[],"yoast_head":"<!-- This site is optimized with the Yoast SEO plugin v27.4 - https:\/\/yoast.com\/product\/yoast-seo-wordpress\/ -->\n<title>Marokkansk spejl firkantet med afrundede kanter | 3 st\u00f8rrelser<\/title>\n<meta name=\"description\" content=\"Marokkansk spejl - firkantet. H\u00e5ndlavet p\u00e5 metalv\u00e6rksted i Marokko i s\u00f8lvfarvet metal. F\u00e5s i 3 forskellige st\u00f8rrelser L, M, S . \u21d2 Se mere her\" \/>\n<meta name=\"robots\" content=\"index, follow, max-snippet:-1, max-image-preview:large, max-video-preview:-1\" \/>\n<link rel=\"canonical\" href=\"https:\/\/tibladin.dk\/en\/product-4\/mirror-square-with-rounded-edges-silver\/\" \/>\n<meta property=\"og:locale\" content=\"en_GB\" \/>\n<meta property=\"og:type\" content=\"article\" \/>\n<meta property=\"og:title\" content=\"Marokkansk spejl firkantet med afrundede kanter | 3 st\u00f8rrelser\" \/>\n<meta property=\"og:description\" content=\"Marokkansk spejl - firkantet. H\u00e5ndlavet p\u00e5 metalv\u00e6rksted i Marokko i s\u00f8lvfarvet metal. F\u00e5s i 3 forskellige st\u00f8rrelser L, M, S . \u21d2 Se mere her\" \/>\n<meta property=\"og:url\" content=\"https:\/\/tibladin.dk\/en\/product-4\/mirror-square-with-rounded-edges-silver\/\" \/>\n<meta property=\"og:site_name\" content=\"Tibladin\" \/>\n<meta property=\"article:modified_time\" content=\"2024-12-09T13:38:13+00:00\" \/>\n<meta property=\"og:image\" content=\"https:\/\/tibladin.dk\/wp-content\/uploads\/2022\/09\/Tibladin_marokkanske-soelv-spejle-firkantet-med-afrundede-kanter-1.jpg\" \/>\n\t<meta property=\"og:image:width\" content=\"800\" \/>\n\t<meta property=\"og:image:height\" content=\"800\" \/>\n\t<meta property=\"og:image:type\" content=\"image\/jpeg\" \/>\n<meta name=\"twitter:card\" content=\"summary_large_image\" \/>\n<meta name=\"twitter:label1\" content=\"Estimated reading time\" \/>\n\t<meta name=\"twitter:data1\" content=\"1 minute\" \/>\n<script type=\"application\/ld+json\" class=\"yoast-schema-graph\">{\"@context\":\"https:\\\/\\\/schema.org\",\"@graph\":[{\"@type\":\"WebPage\",\"@id\":\"https:\\\/\\\/tibladin.dk\\\/produkt\\\/spejl-firkantet-med-afrundede-kanter-soelv\\\/\",\"url\":\"https:\\\/\\\/tibladin.dk\\\/produkt\\\/spejl-firkantet-med-afrundede-kanter-soelv\\\/\",\"name\":\"Marokkansk spejl firkantet med afrundede kanter | 3 st\u00f8rrelser\",\"isPartOf\":{\"@id\":\"https:\\\/\\\/tibladin.dk\\\/#website\"},\"primaryImageOfPage\":{\"@id\":\"https:\\\/\\\/tibladin.dk\\\/produkt\\\/spejl-firkantet-med-afrundede-kanter-soelv\\\/#primaryimage\"},\"image\":{\"@id\":\"https:\\\/\\\/tibladin.dk\\\/produkt\\\/spejl-firkantet-med-afrundede-kanter-soelv\\\/#primaryimage\"},\"thumbnailUrl\":\"https:\\\/\\\/tibladin.dk\\\/wp-content\\\/uploads\\\/2022\\\/09\\\/Tibladin_marokkanske-soelv-spejle-firkantet-med-afrundede-kanter-1.jpg\",\"datePublished\":\"2022-09-20T09:10:57+00:00\",\"dateModified\":\"2024-12-09T13:38:13+00:00\",\"description\":\"Marokkansk spejl - firkantet. H\u00e5ndlavet p\u00e5 metalv\u00e6rksted i Marokko i s\u00f8lvfarvet metal. F\u00e5s i 3 forskellige st\u00f8rrelser L, M, S . \u21d2 Se mere her\",\"breadcrumb\":{\"@id\":\"https:\\\/\\\/tibladin.dk\\\/produkt\\\/spejl-firkantet-med-afrundede-kanter-soelv\\\/#breadcrumb\"},\"inLanguage\":\"en-GB\",\"potentialAction\":[{\"@type\":\"ReadAction\",\"target\":[\"https:\\\/\\\/tibladin.dk\\\/produkt\\\/spejl-firkantet-med-afrundede-kanter-soelv\\\/\"]}]},{\"@type\":\"ImageObject\",\"inLanguage\":\"en-GB\",\"@id\":\"https:\\\/\\\/tibladin.dk\\\/produkt\\\/spejl-firkantet-med-afrundede-kanter-soelv\\\/#primaryimage\",\"url\":\"https:\\\/\\\/tibladin.dk\\\/wp-content\\\/uploads\\\/2022\\\/09\\\/Tibladin_marokkanske-soelv-spejle-firkantet-med-afrundede-kanter-1.jpg\",\"contentUrl\":\"https:\\\/\\\/tibladin.dk\\\/wp-content\\\/uploads\\\/2022\\\/09\\\/Tibladin_marokkanske-soelv-spejle-firkantet-med-afrundede-kanter-1.jpg\",\"width\":800,\"height\":800,\"caption\":\"Tre marokkanske h\u00e5ndlavede spejle i s\u00f8lvmetal med i firkantet afrundede former i forskellige st\u00f8rrelser\"},{\"@type\":\"BreadcrumbList\",\"@id\":\"https:\\\/\\\/tibladin.dk\\\/produkt\\\/spejl-firkantet-med-afrundede-kanter-soelv\\\/#breadcrumb\",\"itemListElement\":[{\"@type\":\"ListItem\",\"position\":1,\"name\":\"Hjem\",\"item\":\"https:\\\/\\\/tibladin.dk\\\/\"},{\"@type\":\"ListItem\",\"position\":2,\"name\":\"Shop\",\"item\":\"https:\\\/\\\/tibladin.dk\\\/shop\\\/\"},{\"@type\":\"ListItem\",\"position\":3,\"name\":\"Spejl firkantet med afrundede kanter- S\u00f8lv\"}]},{\"@type\":\"WebSite\",\"@id\":\"https:\\\/\\\/tibladin.dk\\\/#website\",\"url\":\"https:\\\/\\\/tibladin.dk\\\/\",\"name\":\"Tibladin\",\"description\":\"Tibladin\",\"publisher\":{\"@id\":\"https:\\\/\\\/tibladin.dk\\\/#organization\"},\"potentialAction\":[{\"@type\":\"SearchAction\",\"target\":{\"@type\":\"EntryPoint\",\"urlTemplate\":\"https:\\\/\\\/tibladin.dk\\\/?s={search_term_string}\"},\"query-input\":{\"@type\":\"PropertyValueSpecification\",\"valueRequired\":true,\"valueName\":\"search_term_string\"}}],\"inLanguage\":\"en-GB\"},{\"@type\":\"Organization\",\"@id\":\"https:\\\/\\\/tibladin.dk\\\/#organization\",\"name\":\"Tibladin\",\"url\":\"https:\\\/\\\/tibladin.dk\\\/\",\"logo\":{\"@type\":\"ImageObject\",\"inLanguage\":\"en-GB\",\"@id\":\"https:\\\/\\\/tibladin.dk\\\/#\\\/schema\\\/logo\\\/image\\\/\",\"url\":\"https:\\\/\\\/tibladin.dk\\\/wp-content\\\/uploads\\\/2022\\\/09\\\/tibladin_logo.svg\",\"contentUrl\":\"https:\\\/\\\/tibladin.dk\\\/wp-content\\\/uploads\\\/2022\\\/09\\\/tibladin_logo.svg\",\"caption\":\"Tibladin\"},\"image\":{\"@id\":\"https:\\\/\\\/tibladin.dk\\\/#\\\/schema\\\/logo\\\/image\\\/\"}}]}<\/script>\n<!-- \/ Yoast SEO plugin. -->","yoast_head_json":{"title":"Moroccan mirror square with rounded edges | 3 sizes","description":"Moroccan mirror - square. Handmade in metal workshop in Morocco in silver colored metal. Available in 3 different sizes L, M, S. \u21d2 See more here","robots":{"index":"index","follow":"follow","max-snippet":"max-snippet:-1","max-image-preview":"max-image-preview:large","max-video-preview":"max-video-preview:-1"},"canonical":"https:\/\/tibladin.dk\/en\/product-4\/mirror-square-with-rounded-edges-silver\/","og_locale":"en_GB","og_type":"article","og_title":"Marokkansk spejl firkantet med afrundede kanter | 3 st\u00f8rrelser","og_description":"Marokkansk spejl - firkantet. H\u00e5ndlavet p\u00e5 metalv\u00e6rksted i Marokko i s\u00f8lvfarvet metal. F\u00e5s i 3 forskellige st\u00f8rrelser L, M, S . \u21d2 Se mere her","og_url":"https:\/\/tibladin.dk\/en\/product-4\/mirror-square-with-rounded-edges-silver\/","og_site_name":"Tibladin","article_modified_time":"2024-12-09T13:38:13+00:00","og_image":[{"width":800,"height":800,"url":"https:\/\/tibladin.dk\/wp-content\/uploads\/2022\/09\/Tibladin_marokkanske-soelv-spejle-firkantet-med-afrundede-kanter-1.jpg","type":"image\/jpeg"}],"twitter_card":"summary_large_image","twitter_misc":{"Estimated reading time":"1 minute"},"schema":{"@context":"https:\/\/schema.org","@graph":[{"@type":"WebPage","@id":"https:\/\/tibladin.dk\/produkt\/spejl-firkantet-med-afrundede-kanter-soelv\/","url":"https:\/\/tibladin.dk\/produkt\/spejl-firkantet-med-afrundede-kanter-soelv\/","name":"Moroccan mirror square with rounded edges | 3 sizes","isPartOf":{"@id":"https:\/\/tibladin.dk\/#website"},"primaryImageOfPage":{"@id":"https:\/\/tibladin.dk\/produkt\/spejl-firkantet-med-afrundede-kanter-soelv\/#primaryimage"},"image":{"@id":"https:\/\/tibladin.dk\/produkt\/spejl-firkantet-med-afrundede-kanter-soelv\/#primaryimage"},"thumbnailUrl":"https:\/\/tibladin.dk\/wp-content\/uploads\/2022\/09\/Tibladin_marokkanske-soelv-spejle-firkantet-med-afrundede-kanter-1.jpg","datePublished":"2022-09-20T09:10:57+00:00","dateModified":"2024-12-09T13:38:13+00:00","description":"Moroccan mirror - square. Handmade in metal workshop in Morocco in silver colored metal. Available in 3 different sizes L, M, S. \u21d2 See more here","breadcrumb":{"@id":"https:\/\/tibladin.dk\/produkt\/spejl-firkantet-med-afrundede-kanter-soelv\/#breadcrumb"},"inLanguage":"en-GB","potentialAction":[{"@type":"ReadAction","target":["https:\/\/tibladin.dk\/produkt\/spejl-firkantet-med-afrundede-kanter-soelv\/"]}]},{"@type":"ImageObject","inLanguage":"en-GB","@id":"https:\/\/tibladin.dk\/produkt\/spejl-firkantet-med-afrundede-kanter-soelv\/#primaryimage","url":"https:\/\/tibladin.dk\/wp-content\/uploads\/2022\/09\/Tibladin_marokkanske-soelv-spejle-firkantet-med-afrundede-kanter-1.jpg","contentUrl":"https:\/\/tibladin.dk\/wp-content\/uploads\/2022\/09\/Tibladin_marokkanske-soelv-spejle-firkantet-med-afrundede-kanter-1.jpg","width":800,"height":800,"caption":"Tre marokkanske h\u00e5ndlavede spejle i s\u00f8lvmetal med i firkantet afrundede former i forskellige st\u00f8rrelser"},{"@type":"BreadcrumbList","@id":"https:\/\/tibladin.dk\/produkt\/spejl-firkantet-med-afrundede-kanter-soelv\/#breadcrumb","itemListElement":[{"@type":"ListItem","position":1,"name":"Hjem","item":"https:\/\/tibladin.dk\/"},{"@type":"ListItem","position":2,"name":"Shop","item":"https:\/\/tibladin.dk\/shop\/"},{"@type":"ListItem","position":3,"name":"Spejl firkantet med afrundede kanter- S\u00f8lv"}]},{"@type":"WebSite","@id":"https:\/\/tibladin.dk\/#website","url":"https:\/\/tibladin.dk\/","name":"Tibladin","description":"Tibladin","publisher":{"@id":"https:\/\/tibladin.dk\/#organization"},"potentialAction":[{"@type":"SearchAction","target":{"@type":"EntryPoint","urlTemplate":"https:\/\/tibladin.dk\/?s={search_term_string}"},"query-input":{"@type":"PropertyValueSpecification","valueRequired":true,"valueName":"search_term_string"}}],"inLanguage":"en-GB"},{"@type":"Organization","@id":"https:\/\/tibladin.dk\/#organization","name":"Tibladin","url":"https:\/\/tibladin.dk\/","logo":{"@type":"ImageObject","inLanguage":"en-GB","@id":"https:\/\/tibladin.dk\/#\/schema\/logo\/image\/","url":"https:\/\/tibladin.dk\/wp-content\/uploads\/2022\/09\/tibladin_logo.svg","contentUrl":"https:\/\/tibladin.dk\/wp-content\/uploads\/2022\/09\/tibladin_logo.svg","caption":"Tibladin"},"image":{"@id":"https:\/\/tibladin.dk\/#\/schema\/logo\/image\/"}}]}},"_links":{"self":[{"href":"https:\/\/tibladin.dk\/en\/wp-json\/wp\/v2\/product\/1684","targetHints":{"allow":["GET"]}}],"collection":[{"href":"https:\/\/tibladin.dk\/en\/wp-json\/wp\/v2\/product"}],"about":[{"href":"https:\/\/tibladin.dk\/en\/wp-json\/wp\/v2\/types\/product"}],"wp:featuredmedia":[{"embeddable":true,"href":"https:\/\/tibladin.dk\/en\/wp-json\/wp\/v2\/media\/1758"}],"wp:attachment":[{"href":"https:\/\/tibladin.dk\/en\/wp-json\/wp\/v2\/media?parent=1684"}],"wp:term":[{"taxonomy":"product_brand","embeddable":true,"href":"https:\/\/tibladin.dk\/en\/wp-json\/wp\/v2\/product_brand?post=1684"},{"taxonomy":"product_cat","embeddable":true,"href":"https:\/\/tibladin.dk\/en\/wp-json\/wp\/v2\/product_cat?post=1684"},{"taxonomy":"product_tag","embeddable":true,"href":"https:\/\/tibladin.dk\/en\/wp-json\/wp\/v2\/product_tag?post=1684"}],"curies":[{"name":"wp","href":"https:\/\/api.w.org\/{rel}","templated":true}]}}