{"id":1687,"date":"2024-09-18T11:10:58","date_gmt":"2024-09-18T09:10:58","guid":{"rendered":"https:\/\/tibladin.dk\/vare\/stor-firkantet-puf-i-laeder-carre\/"},"modified":"2026-01-24T16:48:32","modified_gmt":"2026-01-24T15:48:32","slug":"large-square-pouf-in-leather-carre","status":"publish","type":"product","link":"https:\/\/tibladin.dk\/en\/produkt\/stor-firkantet-puf-i-laeder-carre\/","title":{"rendered":"Large square Pouf in leather - Carr\u00e9"},"content":{"rendered":"<div class=\"wpb-content-wrapper\"><div class=\"vc_row wpb_row vc_row-fluid\"><div class=\"wpb_column vc_column_container vc_col-sm-4\"><div class=\"vc_column-inner\"><div class=\"wpb_wrapper\">\n\t<div class=\"wpb_video_widget wpb_content_element vc_clearfix   vc_video-aspect-ratio-43 vc_video-el-width-100 vc_video-align-left\" >\n\t\t<div class=\"wpb_wrapper\">\n\t\t\t\n\t\t\t<div class=\"wpb_video_wrapper\"><div class=\"video-container\"><iframe loading=\"lazy\" title=\"Fill your Moroccan leather pouf\" src=\"https:\/\/player.vimeo.com\/video\/417093994?dnt=1&amp;app_id=122963\" width=\"310\" height=\"310\" frameborder=\"0\" allow=\"autoplay; fullscreen; picture-in-picture\"><\/iframe><\/div><\/div>\n\t\t<\/div>\n\t<\/div>\n<\/div><\/div><\/div><div class=\"wpb_column vc_column_container vc_col-sm-4\"><div class=\"vc_column-inner\"><div class=\"wpb_wrapper\"><h3 style=\"text-align: left\" class=\"vc_custom_heading vc_do_custom_heading\" >Maintenance<\/h3>\n\t<div class=\"wpb_text_column wpb_content_element\" >\n\t\t<div class=\"wpb_wrapper\">\n\t\t\t<p>At Tibladin you buy leather poufs without filling, so you can fill it yourself with filling to your own taste.<\/p>\n<p>You can easily use things you already have, such as clothes you no longer use, winter duvets, pillows, blankets or tightly crumpled newspaper. You can also buy foam granules or cotton filling for your pouf. If you use this kind of stuffing, I can recommend that you sew an inner cover or take an old duvet cover and put the stuffing in there before you put it in your pouf.<\/p>\n<p>Leather poufs are made of goatskin and will acquire a beautiful patina over time. If you want your pouf darker and glossy, you can give it a little leather oil. Right at the beginning, when you use it, it can smell a little like leather. This goes away quickly again. If you want to speed up that process, put it out in the sun for a bit and it will go away.<\/p>\n\n\t\t<\/div>\n\t<\/div>\n<\/div><\/div><\/div><div class=\"wpb_column vc_column_container vc_col-sm-4\"><div class=\"vc_column-inner\"><div class=\"wpb_wrapper\"><h3 style=\"text-align: left\" class=\"vc_custom_heading vc_do_custom_heading\" >The story behind<\/h3>\n\t<div class=\"wpb_text_column wpb_content_element\" >\n\t\t<div class=\"wpb_wrapper\">\n\t\t\t<p>Poufs are easy to add to your decor and quickly get an exotic look and a more personal touch. My supplier of leather poufs has many years of experience in making good and very durable poufs, which he exports to several places around the world. All my poufs are made of goat leather, as this is what gives the softest and most flexible pouf. All poufs are handmade and small imperfections may occur.<\/p>\n\n\t\t<\/div>\n\t<\/div>\n<\/div><\/div><\/div><\/div>\n<\/div>","protected":false},"excerpt":{"rendered":"<p>Moroccan handmade pouf in goat leather. The entire pouffe is composed of squares of 15\u00d715 cm which are put together with strong stitching.<\/p>\n<p>Sold without filling, so you can fill it yourself according to the firmness you want. The pouffe can also be supplied with filling upon purchase.<\/p>\n<p>A large pouf, which measures 60 x 60 x 40 cm. When the puff is completely filled, it will measure approx. 70x70x55 cm.<\/p>","protected":false},"featured_media":1685,"template":"","meta":{"inline_featured_image":false},"product_brand":[],"product_cat":[41,39,40],"product_tag":[],"class_list":{"0":"post-1687","1":"product","2":"type-product","3":"status-publish","4":"has-post-thumbnail","6":"product_cat-laederpufs","7":"product_cat-moebler","8":"product_cat-pufs","10":"first","11":"outofstock","12":"taxable","13":"shipping-taxable","14":"purchasable","15":"product-type-simple"},"exclude_global_add_ons":false,"addons":[{"name":"Would you like your pouf delivered with wood wool filling?","type":"checkbox","position":0,"required":false,"title_format":"label","default":"","description_enable":false,"description":"","placeholder_enable":false,"placeholder":"","display":"select","restrictions_type":"any_text","adjust_price":false,"price":"","price_type":"flat_fee","restrictions":false,"min":"0","max":"0","options":[{"label":"Ja tak!","price":"350.00","price_type":"flat_fee","image":0,"visibility":true}],"id":1712670669}],"yoast_head":"<!-- This site is optimized with the Yoast SEO plugin v27.5 - https:\/\/yoast.com\/product\/yoast-seo-wordpress\/ -->\n<title>Stor marokkansk puf i l\u00e6der 60x60cm | H\u00e5ndlavet i Marokko<\/title>\n<meta name=\"description\" content=\"Stor marokkansk puf i l\u00e6der. Sammensat af firkanter af 15x15 cm med kraftige syninger. Sk\u00f8n flyder. H\u00e5ndlavet i Marokko \u21d2 Se mere\" \/>\n<meta name=\"robots\" content=\"index, follow, max-snippet:-1, max-image-preview:large, max-video-preview:-1\" \/>\n<link rel=\"canonical\" href=\"https:\/\/tibladin.dk\/en\/product-4\/large-square-pouf-in-leather-carre\/\" \/>\n<meta property=\"og:locale\" content=\"en_GB\" \/>\n<meta property=\"og:type\" content=\"article\" \/>\n<meta property=\"og:title\" content=\"Stor marokkansk puf i l\u00e6der 60x60cm | H\u00e5ndlavet i Marokko\" \/>\n<meta property=\"og:description\" content=\"Stor marokkansk puf i l\u00e6der. Sammensat af firkanter af 15x15 cm med kraftige syninger. Sk\u00f8n flyder. H\u00e5ndlavet i Marokko \u21d2 Se mere\" \/>\n<meta property=\"og:url\" content=\"https:\/\/tibladin.dk\/en\/product-4\/large-square-pouf-in-leather-carre\/\" \/>\n<meta property=\"og:site_name\" content=\"Tibladin\" \/>\n<meta property=\"article:modified_time\" content=\"2026-01-24T15:48:32+00:00\" \/>\n<meta property=\"og:image\" content=\"https:\/\/tibladin.dk\/wp-content\/uploads\/2022\/09\/laederpuf-70x70_800x800-1.jpg\" \/>\n\t<meta property=\"og:image:width\" content=\"800\" \/>\n\t<meta property=\"og:image:height\" content=\"800\" \/>\n\t<meta property=\"og:image:type\" content=\"image\/jpeg\" \/>\n<meta name=\"twitter:card\" content=\"summary_large_image\" \/>\n<meta name=\"twitter:label1\" content=\"Estimated reading time\" \/>\n\t<meta name=\"twitter:data1\" content=\"2 minutes\" \/>\n<script type=\"application\/ld+json\" class=\"yoast-schema-graph\">{\"@context\":\"https:\\\/\\\/schema.org\",\"@graph\":[{\"@type\":\"WebPage\",\"@id\":\"https:\\\/\\\/tibladin.dk\\\/produkt\\\/stor-firkantet-puf-i-laeder-carre\\\/\",\"url\":\"https:\\\/\\\/tibladin.dk\\\/produkt\\\/stor-firkantet-puf-i-laeder-carre\\\/\",\"name\":\"Stor marokkansk puf i l\u00e6der 60x60cm | H\u00e5ndlavet i Marokko\",\"isPartOf\":{\"@id\":\"https:\\\/\\\/tibladin.dk\\\/#website\"},\"primaryImageOfPage\":{\"@id\":\"https:\\\/\\\/tibladin.dk\\\/produkt\\\/stor-firkantet-puf-i-laeder-carre\\\/#primaryimage\"},\"image\":{\"@id\":\"https:\\\/\\\/tibladin.dk\\\/produkt\\\/stor-firkantet-puf-i-laeder-carre\\\/#primaryimage\"},\"thumbnailUrl\":\"https:\\\/\\\/tibladin.dk\\\/wp-content\\\/uploads\\\/2022\\\/09\\\/laederpuf-70x70_800x800-1.jpg\",\"datePublished\":\"2024-09-18T09:10:58+00:00\",\"dateModified\":\"2026-01-24T15:48:32+00:00\",\"description\":\"Stor marokkansk puf i l\u00e6der. Sammensat af firkanter af 15x15 cm med kraftige syninger. Sk\u00f8n flyder. H\u00e5ndlavet i Marokko \u21d2 Se mere\",\"breadcrumb\":{\"@id\":\"https:\\\/\\\/tibladin.dk\\\/produkt\\\/stor-firkantet-puf-i-laeder-carre\\\/#breadcrumb\"},\"inLanguage\":\"en-GB\",\"potentialAction\":[{\"@type\":\"ReadAction\",\"target\":[\"https:\\\/\\\/tibladin.dk\\\/produkt\\\/stor-firkantet-puf-i-laeder-carre\\\/\"]}]},{\"@type\":\"ImageObject\",\"inLanguage\":\"en-GB\",\"@id\":\"https:\\\/\\\/tibladin.dk\\\/produkt\\\/stor-firkantet-puf-i-laeder-carre\\\/#primaryimage\",\"url\":\"https:\\\/\\\/tibladin.dk\\\/wp-content\\\/uploads\\\/2022\\\/09\\\/laederpuf-70x70_800x800-1.jpg\",\"contentUrl\":\"https:\\\/\\\/tibladin.dk\\\/wp-content\\\/uploads\\\/2022\\\/09\\\/laederpuf-70x70_800x800-1.jpg\",\"width\":800,\"height\":800,\"caption\":\"Firkantet marokkansk h\u00e5ndsyet l\u00e6derpuf, fra oven\"},{\"@type\":\"BreadcrumbList\",\"@id\":\"https:\\\/\\\/tibladin.dk\\\/produkt\\\/stor-firkantet-puf-i-laeder-carre\\\/#breadcrumb\",\"itemListElement\":[{\"@type\":\"ListItem\",\"position\":1,\"name\":\"Hjem\",\"item\":\"https:\\\/\\\/tibladin.dk\\\/\"},{\"@type\":\"ListItem\",\"position\":2,\"name\":\"Shop\",\"item\":\"https:\\\/\\\/tibladin.dk\\\/shop\\\/\"},{\"@type\":\"ListItem\",\"position\":3,\"name\":\"Stor firkantet Puf i l\u00e6der &#8211; Carr\u00e9\"}]},{\"@type\":\"WebSite\",\"@id\":\"https:\\\/\\\/tibladin.dk\\\/#website\",\"url\":\"https:\\\/\\\/tibladin.dk\\\/\",\"name\":\"Tibladin\",\"description\":\"Tibladin\",\"publisher\":{\"@id\":\"https:\\\/\\\/tibladin.dk\\\/#organization\"},\"potentialAction\":[{\"@type\":\"SearchAction\",\"target\":{\"@type\":\"EntryPoint\",\"urlTemplate\":\"https:\\\/\\\/tibladin.dk\\\/?s={search_term_string}\"},\"query-input\":{\"@type\":\"PropertyValueSpecification\",\"valueRequired\":true,\"valueName\":\"search_term_string\"}}],\"inLanguage\":\"en-GB\"},{\"@type\":\"Organization\",\"@id\":\"https:\\\/\\\/tibladin.dk\\\/#organization\",\"name\":\"Tibladin\",\"url\":\"https:\\\/\\\/tibladin.dk\\\/\",\"logo\":{\"@type\":\"ImageObject\",\"inLanguage\":\"en-GB\",\"@id\":\"https:\\\/\\\/tibladin.dk\\\/#\\\/schema\\\/logo\\\/image\\\/\",\"url\":\"https:\\\/\\\/tibladin.dk\\\/wp-content\\\/uploads\\\/2022\\\/09\\\/tibladin_logo.svg\",\"contentUrl\":\"https:\\\/\\\/tibladin.dk\\\/wp-content\\\/uploads\\\/2022\\\/09\\\/tibladin_logo.svg\",\"caption\":\"Tibladin\"},\"image\":{\"@id\":\"https:\\\/\\\/tibladin.dk\\\/#\\\/schema\\\/logo\\\/image\\\/\"}}]}<\/script>\n<!-- \/ Yoast SEO plugin. -->","yoast_head_json":{"title":"Large Moroccan pouf in leather 60x60cm | Handmade in Morocco","description":"Large Moroccan pouf in leather. Composed of squares of 15x15 cm with strong stitching. Nice flowing. Handmade in Morocco \u21d2 See more","robots":{"index":"index","follow":"follow","max-snippet":"max-snippet:-1","max-image-preview":"max-image-preview:large","max-video-preview":"max-video-preview:-1"},"canonical":"https:\/\/tibladin.dk\/en\/product-4\/large-square-pouf-in-leather-carre\/","og_locale":"en_GB","og_type":"article","og_title":"Stor marokkansk puf i l\u00e6der 60x60cm | H\u00e5ndlavet i Marokko","og_description":"Stor marokkansk puf i l\u00e6der. Sammensat af firkanter af 15x15 cm med kraftige syninger. Sk\u00f8n flyder. H\u00e5ndlavet i Marokko \u21d2 Se mere","og_url":"https:\/\/tibladin.dk\/en\/product-4\/large-square-pouf-in-leather-carre\/","og_site_name":"Tibladin","article_modified_time":"2026-01-24T15:48:32+00:00","og_image":[{"width":800,"height":800,"url":"https:\/\/tibladin.dk\/wp-content\/uploads\/2022\/09\/laederpuf-70x70_800x800-1.jpg","type":"image\/jpeg"}],"twitter_card":"summary_large_image","twitter_misc":{"Estimated reading time":"2 minutes"},"schema":{"@context":"https:\/\/schema.org","@graph":[{"@type":"WebPage","@id":"https:\/\/tibladin.dk\/produkt\/stor-firkantet-puf-i-laeder-carre\/","url":"https:\/\/tibladin.dk\/produkt\/stor-firkantet-puf-i-laeder-carre\/","name":"Large Moroccan pouf in leather 60x60cm | Handmade in Morocco","isPartOf":{"@id":"https:\/\/tibladin.dk\/#website"},"primaryImageOfPage":{"@id":"https:\/\/tibladin.dk\/produkt\/stor-firkantet-puf-i-laeder-carre\/#primaryimage"},"image":{"@id":"https:\/\/tibladin.dk\/produkt\/stor-firkantet-puf-i-laeder-carre\/#primaryimage"},"thumbnailUrl":"https:\/\/tibladin.dk\/wp-content\/uploads\/2022\/09\/laederpuf-70x70_800x800-1.jpg","datePublished":"2024-09-18T09:10:58+00:00","dateModified":"2026-01-24T15:48:32+00:00","description":"Large Moroccan pouf in leather. Composed of squares of 15x15 cm with strong stitching. Nice flowing. Handmade in Morocco \u21d2 See more","breadcrumb":{"@id":"https:\/\/tibladin.dk\/produkt\/stor-firkantet-puf-i-laeder-carre\/#breadcrumb"},"inLanguage":"en-GB","potentialAction":[{"@type":"ReadAction","target":["https:\/\/tibladin.dk\/produkt\/stor-firkantet-puf-i-laeder-carre\/"]}]},{"@type":"ImageObject","inLanguage":"en-GB","@id":"https:\/\/tibladin.dk\/produkt\/stor-firkantet-puf-i-laeder-carre\/#primaryimage","url":"https:\/\/tibladin.dk\/wp-content\/uploads\/2022\/09\/laederpuf-70x70_800x800-1.jpg","contentUrl":"https:\/\/tibladin.dk\/wp-content\/uploads\/2022\/09\/laederpuf-70x70_800x800-1.jpg","width":800,"height":800,"caption":"Firkantet marokkansk h\u00e5ndsyet l\u00e6derpuf, fra oven"},{"@type":"BreadcrumbList","@id":"https:\/\/tibladin.dk\/produkt\/stor-firkantet-puf-i-laeder-carre\/#breadcrumb","itemListElement":[{"@type":"ListItem","position":1,"name":"Hjem","item":"https:\/\/tibladin.dk\/"},{"@type":"ListItem","position":2,"name":"Shop","item":"https:\/\/tibladin.dk\/shop\/"},{"@type":"ListItem","position":3,"name":"Stor firkantet Puf i l\u00e6der &#8211; Carr\u00e9"}]},{"@type":"WebSite","@id":"https:\/\/tibladin.dk\/#website","url":"https:\/\/tibladin.dk\/","name":"Tibladin","description":"Tibladin","publisher":{"@id":"https:\/\/tibladin.dk\/#organization"},"potentialAction":[{"@type":"SearchAction","target":{"@type":"EntryPoint","urlTemplate":"https:\/\/tibladin.dk\/?s={search_term_string}"},"query-input":{"@type":"PropertyValueSpecification","valueRequired":true,"valueName":"search_term_string"}}],"inLanguage":"en-GB"},{"@type":"Organization","@id":"https:\/\/tibladin.dk\/#organization","name":"Tibladin","url":"https:\/\/tibladin.dk\/","logo":{"@type":"ImageObject","inLanguage":"en-GB","@id":"https:\/\/tibladin.dk\/#\/schema\/logo\/image\/","url":"https:\/\/tibladin.dk\/wp-content\/uploads\/2022\/09\/tibladin_logo.svg","contentUrl":"https:\/\/tibladin.dk\/wp-content\/uploads\/2022\/09\/tibladin_logo.svg","caption":"Tibladin"},"image":{"@id":"https:\/\/tibladin.dk\/#\/schema\/logo\/image\/"}}]}},"_links":{"self":[{"href":"https:\/\/tibladin.dk\/en\/wp-json\/wp\/v2\/product\/1687","targetHints":{"allow":["GET"]}}],"collection":[{"href":"https:\/\/tibladin.dk\/en\/wp-json\/wp\/v2\/product"}],"about":[{"href":"https:\/\/tibladin.dk\/en\/wp-json\/wp\/v2\/types\/product"}],"wp:featuredmedia":[{"embeddable":true,"href":"https:\/\/tibladin.dk\/en\/wp-json\/wp\/v2\/media\/1685"}],"wp:attachment":[{"href":"https:\/\/tibladin.dk\/en\/wp-json\/wp\/v2\/media?parent=1687"}],"wp:term":[{"taxonomy":"product_brand","embeddable":true,"href":"https:\/\/tibladin.dk\/en\/wp-json\/wp\/v2\/product_brand?post=1687"},{"taxonomy":"product_cat","embeddable":true,"href":"https:\/\/tibladin.dk\/en\/wp-json\/wp\/v2\/product_cat?post=1687"},{"taxonomy":"product_tag","embeddable":true,"href":"https:\/\/tibladin.dk\/en\/wp-json\/wp\/v2\/product_tag?post=1687"}],"curies":[{"name":"wp","href":"https:\/\/api.w.org\/{rel}","templated":true}]}}