{"id":1690,"date":"2022-09-20T11:10:59","date_gmt":"2022-09-20T09:10:59","guid":{"rendered":"https:\/\/tibladin.dk\/vare\/puf-i-uld-groen\/"},"modified":"2025-09-23T14:06:11","modified_gmt":"2025-09-23T12:06:11","slug":"puff-in-the-wool-groen","status":"publish","type":"product","link":"https:\/\/tibladin.dk\/en\/produkt\/puf-i-uld-groen\/","title":{"rendered":"Pouf in wool \u2013 Green"},"content":{"rendered":"<div class=\"wpb-content-wrapper\"><div class=\"vc_row wpb_row vc_row-fluid\"><div class=\"wpb_column vc_column_container vc_col-sm-4\"><div class=\"vc_column-inner\"><div class=\"wpb_wrapper\">\n\t<div class=\"wpb_video_widget wpb_content_element vc_clearfix   vc_video-aspect-ratio-43 vc_video-el-width-100 vc_video-align-left\" >\n\t\t<div class=\"wpb_wrapper\">\n\t\t\t\n\t\t\t<div class=\"wpb_video_wrapper\"><div class=\"video-container\"><iframe loading=\"lazy\" title=\"Women&#039;s cooperative Marrakech\" src=\"https:\/\/player.vimeo.com\/video\/416218536?dnt=1&amp;app_id=122963\" width=\"500\" height=\"281\" frameborder=\"0\" allow=\"autoplay; fullscreen; picture-in-picture\"><\/iframe><\/div><\/div>\n\t\t<\/div>\n\t<\/div>\n<\/div><\/div><\/div><div class=\"wpb_column vc_column_container vc_col-sm-4\"><div class=\"vc_column-inner\"><div class=\"wpb_wrapper\"><h3 style=\"text-align: left\" class=\"vc_custom_heading vc_do_custom_heading\" >Maintenance<\/h3>\n\t<div class=\"wpb_text_column wpb_content_element\" >\n\t\t<div class=\"wpb_wrapper\">\n\t\t\t<p>If you should be unlucky enough to get a stain on your wool pouf, start by vacuuming the stain. The wool is naturally surrounded by lanolin, which forms a protective film on the fibres, so stains have a worse chance of penetrating. If it does not come off with this, you can take a damp cloth and dab on the stain, finally do not rub. Should we be lucky enough to have snow fall on a winter&#039;s day, lay out your wool pouf or wool blanket in the newly fallen snow. It is the most effective method to get it cleaned in depth<\/p>\n\n\t\t<\/div>\n\t<\/div>\n<\/div><\/div><\/div><div class=\"wpb_column vc_column_container vc_col-sm-4\"><div class=\"vc_column-inner\"><div class=\"wpb_wrapper\"><h3 style=\"text-align: left\" class=\"vc_custom_heading vc_do_custom_heading\" >The story behind<\/h3>\n\t<div class=\"wpb_text_column wpb_content_element\" >\n\t\t<div class=\"wpb_wrapper\">\n\t\t\t<p>The wool puff is handmade by women in a women&#039;s cooperative south of Marrakech. Unlike the other puffs in the shop, this one comes with filling. The wool braids are sewn into a hard core which forms the filling of the puff.<\/p>\n<p>The women&#039;s cooperative employs 160 women and thus contributes to raising the standard of living of many families in the small village. A school and kindergarten have been established for the women&#039;s children, so that the children can receive education and be employed while the mothers work. It helps the standard of living of the many families in the small village.<\/p>\n\n\t\t<\/div>\n\t<\/div>\n<\/div><\/div><\/div><\/div>\n<\/div>","protected":false},"excerpt":{"rendered":"<p class=\"p1\"><span class=\"s1\">Oval solid wool pouf in a lovely green colour.<\/span><\/p>\n<p class=\"p1\"><span class=\"s1\">Handmade by women from a cooperative south of Marrakech. Unique woolen pouf in which many hours of handwork have been put in. Quality wool from free-range sheep from the mountains of Morocco - braided and sewn onto the cotton core. <\/span><\/p>\n<p class=\"p1\"><span class=\"s1\">Easy to add to your Scandinavian decor and at the same time give a unique expression.<\/span><\/p>\n<p>The puff comes with filling. Measures approx. 57-60 cm in diameter and is between 35-37 cm high<\/p>\n<p>Cannot be disassembled. Can advantageously be cleaned in the snow or dry cleaned at a dry cleaner.<\/p>","protected":false},"featured_media":1688,"template":"","meta":{"inline_featured_image":false},"product_brand":[],"product_cat":[39,40,50],"product_tag":[],"class_list":{"0":"post-1690","1":"product","2":"type-product","3":"status-publish","4":"has-post-thumbnail","6":"product_cat-moebler","7":"product_cat-pufs","8":"product_cat-uldpufs","10":"first","11":"instock","12":"taxable","13":"shipping-taxable","14":"purchasable","15":"product-type-simple"},"exclude_global_add_ons":[],"addons":[],"yoast_head":"<!-- This site is optimized with the Yoast SEO plugin v27.4 - https:\/\/yoast.com\/product\/yoast-seo-wordpress\/ -->\n<title>H\u00e5ndlavet puf flettet af l\u00e6kker, bl\u00f8d gr\u00f8n uld | Tibladin<\/title>\n<meta name=\"description\" content=\"Lavet af kvinder fra et kooperativ syd for Marrakech. Du f\u00e5r en unika uld-puf, hvor er er lagt mange timers h\u00e5ndarbejde i \u21d2 K\u00f8b her.\" \/>\n<meta name=\"robots\" content=\"index, follow, max-snippet:-1, max-image-preview:large, max-video-preview:-1\" \/>\n<link rel=\"canonical\" href=\"https:\/\/tibladin.dk\/en\/product-4\/puff-in-the-wool-groen\/\" \/>\n<meta property=\"og:locale\" content=\"en_GB\" \/>\n<meta property=\"og:type\" content=\"article\" \/>\n<meta property=\"og:title\" content=\"H\u00e5ndlavet puf flettet af l\u00e6kker, bl\u00f8d gr\u00f8n uld | Tibladin\" \/>\n<meta property=\"og:description\" content=\"Lavet af kvinder fra et kooperativ syd for Marrakech. Du f\u00e5r en unika uld-puf, hvor er er lagt mange timers h\u00e5ndarbejde i \u21d2 K\u00f8b her.\" \/>\n<meta property=\"og:url\" content=\"https:\/\/tibladin.dk\/en\/product-4\/puff-in-the-wool-groen\/\" \/>\n<meta property=\"og:site_name\" content=\"Tibladin\" \/>\n<meta property=\"article:modified_time\" content=\"2025-09-23T12:06:11+00:00\" \/>\n<meta property=\"og:image\" content=\"https:\/\/tibladin.dk\/wp-content\/uploads\/2022\/09\/Puf-i-uld-groen-side-1-1.jpg\" \/>\n\t<meta property=\"og:image:width\" content=\"800\" \/>\n\t<meta property=\"og:image:height\" content=\"800\" \/>\n\t<meta property=\"og:image:type\" content=\"image\/jpeg\" \/>\n<meta name=\"twitter:card\" content=\"summary_large_image\" \/>\n<meta name=\"twitter:label1\" content=\"Estimated reading time\" \/>\n\t<meta name=\"twitter:data1\" content=\"2 minutes\" \/>\n<script type=\"application\/ld+json\" class=\"yoast-schema-graph\">{\"@context\":\"https:\\\/\\\/schema.org\",\"@graph\":[{\"@type\":\"WebPage\",\"@id\":\"https:\\\/\\\/tibladin.dk\\\/produkt\\\/puf-i-uld-groen\\\/\",\"url\":\"https:\\\/\\\/tibladin.dk\\\/produkt\\\/puf-i-uld-groen\\\/\",\"name\":\"H\u00e5ndlavet puf flettet af l\u00e6kker, bl\u00f8d gr\u00f8n uld | Tibladin\",\"isPartOf\":{\"@id\":\"https:\\\/\\\/tibladin.dk\\\/#website\"},\"primaryImageOfPage\":{\"@id\":\"https:\\\/\\\/tibladin.dk\\\/produkt\\\/puf-i-uld-groen\\\/#primaryimage\"},\"image\":{\"@id\":\"https:\\\/\\\/tibladin.dk\\\/produkt\\\/puf-i-uld-groen\\\/#primaryimage\"},\"thumbnailUrl\":\"https:\\\/\\\/tibladin.dk\\\/wp-content\\\/uploads\\\/2022\\\/09\\\/Puf-i-uld-groen-side-1-1.jpg\",\"datePublished\":\"2022-09-20T09:10:59+00:00\",\"dateModified\":\"2025-09-23T12:06:11+00:00\",\"description\":\"Lavet af kvinder fra et kooperativ syd for Marrakech. Du f\u00e5r en unika uld-puf, hvor er er lagt mange timers h\u00e5ndarbejde i \u21d2 K\u00f8b her.\",\"breadcrumb\":{\"@id\":\"https:\\\/\\\/tibladin.dk\\\/produkt\\\/puf-i-uld-groen\\\/#breadcrumb\"},\"inLanguage\":\"en-GB\",\"potentialAction\":[{\"@type\":\"ReadAction\",\"target\":[\"https:\\\/\\\/tibladin.dk\\\/produkt\\\/puf-i-uld-groen\\\/\"]}]},{\"@type\":\"ImageObject\",\"inLanguage\":\"en-GB\",\"@id\":\"https:\\\/\\\/tibladin.dk\\\/produkt\\\/puf-i-uld-groen\\\/#primaryimage\",\"url\":\"https:\\\/\\\/tibladin.dk\\\/wp-content\\\/uploads\\\/2022\\\/09\\\/Puf-i-uld-groen-side-1-1.jpg\",\"contentUrl\":\"https:\\\/\\\/tibladin.dk\\\/wp-content\\\/uploads\\\/2022\\\/09\\\/Puf-i-uld-groen-side-1-1.jpg\",\"width\":800,\"height\":800,\"caption\":\"Rund marokkansk h\u00e5ndsyet uldpuf i gr\u00f8n\"},{\"@type\":\"BreadcrumbList\",\"@id\":\"https:\\\/\\\/tibladin.dk\\\/produkt\\\/puf-i-uld-groen\\\/#breadcrumb\",\"itemListElement\":[{\"@type\":\"ListItem\",\"position\":1,\"name\":\"Hjem\",\"item\":\"https:\\\/\\\/tibladin.dk\\\/\"},{\"@type\":\"ListItem\",\"position\":2,\"name\":\"Shop\",\"item\":\"https:\\\/\\\/tibladin.dk\\\/shop\\\/\"},{\"@type\":\"ListItem\",\"position\":3,\"name\":\"Puf i uld &#8211; Gr\u00f8n\"}]},{\"@type\":\"WebSite\",\"@id\":\"https:\\\/\\\/tibladin.dk\\\/#website\",\"url\":\"https:\\\/\\\/tibladin.dk\\\/\",\"name\":\"Tibladin\",\"description\":\"Tibladin\",\"publisher\":{\"@id\":\"https:\\\/\\\/tibladin.dk\\\/#organization\"},\"potentialAction\":[{\"@type\":\"SearchAction\",\"target\":{\"@type\":\"EntryPoint\",\"urlTemplate\":\"https:\\\/\\\/tibladin.dk\\\/?s={search_term_string}\"},\"query-input\":{\"@type\":\"PropertyValueSpecification\",\"valueRequired\":true,\"valueName\":\"search_term_string\"}}],\"inLanguage\":\"en-GB\"},{\"@type\":\"Organization\",\"@id\":\"https:\\\/\\\/tibladin.dk\\\/#organization\",\"name\":\"Tibladin\",\"url\":\"https:\\\/\\\/tibladin.dk\\\/\",\"logo\":{\"@type\":\"ImageObject\",\"inLanguage\":\"en-GB\",\"@id\":\"https:\\\/\\\/tibladin.dk\\\/#\\\/schema\\\/logo\\\/image\\\/\",\"url\":\"https:\\\/\\\/tibladin.dk\\\/wp-content\\\/uploads\\\/2022\\\/09\\\/tibladin_logo.svg\",\"contentUrl\":\"https:\\\/\\\/tibladin.dk\\\/wp-content\\\/uploads\\\/2022\\\/09\\\/tibladin_logo.svg\",\"caption\":\"Tibladin\"},\"image\":{\"@id\":\"https:\\\/\\\/tibladin.dk\\\/#\\\/schema\\\/logo\\\/image\\\/\"}}]}<\/script>\n<!-- \/ Yoast SEO plugin. -->","yoast_head_json":{"title":"Handmade pouf braided from delicious, soft green wool | Tibladin","description":"Made by women from a cooperative south of Marrakech. You get a unique wool ottoman, where many hours of handwork have gone into it \u21d2 Buy here.","robots":{"index":"index","follow":"follow","max-snippet":"max-snippet:-1","max-image-preview":"max-image-preview:large","max-video-preview":"max-video-preview:-1"},"canonical":"https:\/\/tibladin.dk\/en\/product-4\/puff-in-the-wool-groen\/","og_locale":"en_GB","og_type":"article","og_title":"H\u00e5ndlavet puf flettet af l\u00e6kker, bl\u00f8d gr\u00f8n uld | Tibladin","og_description":"Lavet af kvinder fra et kooperativ syd for Marrakech. Du f\u00e5r en unika uld-puf, hvor er er lagt mange timers h\u00e5ndarbejde i \u21d2 K\u00f8b her.","og_url":"https:\/\/tibladin.dk\/en\/product-4\/puff-in-the-wool-groen\/","og_site_name":"Tibladin","article_modified_time":"2025-09-23T12:06:11+00:00","og_image":[{"width":800,"height":800,"url":"https:\/\/tibladin.dk\/wp-content\/uploads\/2022\/09\/Puf-i-uld-groen-side-1-1.jpg","type":"image\/jpeg"}],"twitter_card":"summary_large_image","twitter_misc":{"Estimated reading time":"2 minutes"},"schema":{"@context":"https:\/\/schema.org","@graph":[{"@type":"WebPage","@id":"https:\/\/tibladin.dk\/produkt\/puf-i-uld-groen\/","url":"https:\/\/tibladin.dk\/produkt\/puf-i-uld-groen\/","name":"Handmade pouf braided from delicious, soft green wool | Tibladin","isPartOf":{"@id":"https:\/\/tibladin.dk\/#website"},"primaryImageOfPage":{"@id":"https:\/\/tibladin.dk\/produkt\/puf-i-uld-groen\/#primaryimage"},"image":{"@id":"https:\/\/tibladin.dk\/produkt\/puf-i-uld-groen\/#primaryimage"},"thumbnailUrl":"https:\/\/tibladin.dk\/wp-content\/uploads\/2022\/09\/Puf-i-uld-groen-side-1-1.jpg","datePublished":"2022-09-20T09:10:59+00:00","dateModified":"2025-09-23T12:06:11+00:00","description":"Made by women from a cooperative south of Marrakech. You get a unique wool ottoman, where many hours of handwork have gone into it \u21d2 Buy here.","breadcrumb":{"@id":"https:\/\/tibladin.dk\/produkt\/puf-i-uld-groen\/#breadcrumb"},"inLanguage":"en-GB","potentialAction":[{"@type":"ReadAction","target":["https:\/\/tibladin.dk\/produkt\/puf-i-uld-groen\/"]}]},{"@type":"ImageObject","inLanguage":"en-GB","@id":"https:\/\/tibladin.dk\/produkt\/puf-i-uld-groen\/#primaryimage","url":"https:\/\/tibladin.dk\/wp-content\/uploads\/2022\/09\/Puf-i-uld-groen-side-1-1.jpg","contentUrl":"https:\/\/tibladin.dk\/wp-content\/uploads\/2022\/09\/Puf-i-uld-groen-side-1-1.jpg","width":800,"height":800,"caption":"Rund marokkansk h\u00e5ndsyet uldpuf i gr\u00f8n"},{"@type":"BreadcrumbList","@id":"https:\/\/tibladin.dk\/produkt\/puf-i-uld-groen\/#breadcrumb","itemListElement":[{"@type":"ListItem","position":1,"name":"Hjem","item":"https:\/\/tibladin.dk\/"},{"@type":"ListItem","position":2,"name":"Shop","item":"https:\/\/tibladin.dk\/shop\/"},{"@type":"ListItem","position":3,"name":"Puf i uld &#8211; Gr\u00f8n"}]},{"@type":"WebSite","@id":"https:\/\/tibladin.dk\/#website","url":"https:\/\/tibladin.dk\/","name":"Tibladin","description":"Tibladin","publisher":{"@id":"https:\/\/tibladin.dk\/#organization"},"potentialAction":[{"@type":"SearchAction","target":{"@type":"EntryPoint","urlTemplate":"https:\/\/tibladin.dk\/?s={search_term_string}"},"query-input":{"@type":"PropertyValueSpecification","valueRequired":true,"valueName":"search_term_string"}}],"inLanguage":"en-GB"},{"@type":"Organization","@id":"https:\/\/tibladin.dk\/#organization","name":"Tibladin","url":"https:\/\/tibladin.dk\/","logo":{"@type":"ImageObject","inLanguage":"en-GB","@id":"https:\/\/tibladin.dk\/#\/schema\/logo\/image\/","url":"https:\/\/tibladin.dk\/wp-content\/uploads\/2022\/09\/tibladin_logo.svg","contentUrl":"https:\/\/tibladin.dk\/wp-content\/uploads\/2022\/09\/tibladin_logo.svg","caption":"Tibladin"},"image":{"@id":"https:\/\/tibladin.dk\/#\/schema\/logo\/image\/"}}]}},"_links":{"self":[{"href":"https:\/\/tibladin.dk\/en\/wp-json\/wp\/v2\/product\/1690","targetHints":{"allow":["GET"]}}],"collection":[{"href":"https:\/\/tibladin.dk\/en\/wp-json\/wp\/v2\/product"}],"about":[{"href":"https:\/\/tibladin.dk\/en\/wp-json\/wp\/v2\/types\/product"}],"wp:featuredmedia":[{"embeddable":true,"href":"https:\/\/tibladin.dk\/en\/wp-json\/wp\/v2\/media\/1688"}],"wp:attachment":[{"href":"https:\/\/tibladin.dk\/en\/wp-json\/wp\/v2\/media?parent=1690"}],"wp:term":[{"taxonomy":"product_brand","embeddable":true,"href":"https:\/\/tibladin.dk\/en\/wp-json\/wp\/v2\/product_brand?post=1690"},{"taxonomy":"product_cat","embeddable":true,"href":"https:\/\/tibladin.dk\/en\/wp-json\/wp\/v2\/product_cat?post=1690"},{"taxonomy":"product_tag","embeddable":true,"href":"https:\/\/tibladin.dk\/en\/wp-json\/wp\/v2\/product_tag?post=1690"}],"curies":[{"name":"wp","href":"https:\/\/api.w.org\/{rel}","templated":true}]}}