{"id":1785,"date":"2022-09-20T11:11:41","date_gmt":"2022-09-20T09:11:41","guid":{"rendered":"https:\/\/tibladin.dk\/?post_type=product&#038;p=1785"},"modified":"2026-02-25T14:41:55","modified_gmt":"2026-02-25T13:41:55","slug":"small-guest-towels","status":"publish","type":"product","link":"https:\/\/tibladin.dk\/en\/produkt\/smaa-gaestehaandklaeder\/","title":{"rendered":"Small guest towels"},"content":{"rendered":"<div class=\"wpb-content-wrapper\"><div class=\"vc_row wpb_row vc_row-fluid\"><div class=\"wpb_column vc_column_container vc_col-sm-4\"><div class=\"vc_column-inner\"><div class=\"wpb_wrapper\"><\/div><\/div><\/div><div class=\"wpb_column vc_column_container vc_col-sm-4\"><div class=\"vc_column-inner\"><div class=\"wpb_wrapper\"><h3 style=\"text-align: left\" class=\"vc_custom_heading vc_do_custom_heading\" >Maintenance<\/h3>\n\t<div class=\"wpb_text_column wpb_content_element\" >\n\t\t<div class=\"wpb_wrapper\">\n\t\t\t<p>The towel is 100 % Egyptian cotton and can be washed at 40 degrees.<\/p>\n\n\t\t<\/div>\n\t<\/div>\n<\/div><\/div><\/div><div class=\"wpb_column vc_column_container vc_col-sm-4\"><div class=\"vc_column-inner\"><div class=\"wpb_wrapper\"><h3 style=\"text-align: left\" class=\"vc_custom_heading vc_do_custom_heading\" >The story behind<\/h3>\n\t<div class=\"wpb_text_column wpb_content_element\" >\n\t\t<div class=\"wpb_wrapper\">\n\t\t\t<p>The towels are made of 100% Egyptian cotton, which is known for its high quality.<\/p>\n<p>The guest towels are made in collaboration with a local designer in Marrakech, where we have combined the fine Egyptian cotton with the Moroccan pompoms.<\/p>\n\n\t\t<\/div>\n\t<\/div>\n<\/div><\/div><\/div><\/div>\n<\/div>","protected":false},"excerpt":{"rendered":"<p class=\"p1\"><span class=\"s1\">Handwoven small towels of 100% Egyptian cotton with Moroccan pompoms.\u00a0<\/span><\/p>\n<p>Can, for example, be used for guests, so that they can use one towel per hand wash - very hygienic.<\/p>\n<p>Available in three colors black\/grey, in shades of pink and ocher tones.<\/p>\n<p>dimensions: 36 x 33 cm<\/p>","protected":false},"featured_media":1881,"template":"","meta":{"inline_featured_image":false},"product_brand":[],"product_cat":[63,37,32],"product_tag":[],"class_list":{"0":"post-1785","1":"product","2":"type-product","3":"status-publish","4":"has-post-thumbnail","6":"product_cat-hammamhaandklaeder","7":"product_cat-tekstiler","8":"product_cat-tilbud","10":"first","11":"instock","12":"sale","13":"taxable","14":"shipping-taxable","15":"purchasable","16":"product-type-variable"},"exclude_global_add_ons":false,"addons":[{"name":"Do you want gift wrapping?","type":"checkbox","position":0,"required":false,"title_format":"label","default":"","description_enable":false,"description":"","placeholder_enable":false,"placeholder":"","display":"images","restrictions_type":"any_text","adjust_price":false,"price":"","price_type":"flat_fee","restrictions":false,"min":"0","max":"0","options":[{"label":"Ja tak","price":"10","price_type":"flat_fee","image":11015,"visibility":true}],"id":1669646111}],"yoast_head":"<!-- This site is optimized with the Yoast SEO plugin v27.4 - https:\/\/yoast.com\/product\/yoast-seo-wordpress\/ -->\n<title>H\u00e5ndv\u00e6vede g\u00e6steh\u00e5ndkl\u00e6der i 100% \u00e6gyptisk bomuld | Tibladin<\/title>\n<meta name=\"description\" content=\"Fine, h\u00e5ndv\u00e6vede g\u00e6steh\u00e5ndkl\u00e6der af \u00e6gyptisk bomuld med marokkanske pomponer. F\u00e5 dine g\u00e6ster til at f\u00f8le sig ekstra v\u00e6rtsatte \u21d2 Se her.\" \/>\n<meta name=\"robots\" content=\"index, follow, max-snippet:-1, max-image-preview:large, max-video-preview:-1\" \/>\n<link rel=\"canonical\" href=\"https:\/\/tibladin.dk\/en\/product-4\/small-guest-towels\/\" \/>\n<meta property=\"og:locale\" content=\"en_GB\" \/>\n<meta property=\"og:type\" content=\"article\" \/>\n<meta property=\"og:title\" content=\"H\u00e5ndv\u00e6vede g\u00e6steh\u00e5ndkl\u00e6der i 100% \u00e6gyptisk bomuld | Tibladin\" \/>\n<meta property=\"og:description\" content=\"Fine, h\u00e5ndv\u00e6vede g\u00e6steh\u00e5ndkl\u00e6der af \u00e6gyptisk bomuld med marokkanske pomponer. F\u00e5 dine g\u00e6ster til at f\u00f8le sig ekstra v\u00e6rtsatte \u21d2 Se her.\" \/>\n<meta property=\"og:url\" content=\"https:\/\/tibladin.dk\/en\/product-4\/small-guest-towels\/\" \/>\n<meta property=\"og:site_name\" content=\"Tibladin\" \/>\n<meta property=\"article:modified_time\" content=\"2026-02-25T13:41:55+00:00\" \/>\n<meta property=\"og:image\" content=\"https:\/\/tibladin.dk\/wp-content\/uploads\/2022\/09\/Tibladin_Marokkansk-lille-haandklaede_lyseroede-pomponer-1.jpg\" \/>\n\t<meta property=\"og:image:width\" content=\"800\" \/>\n\t<meta property=\"og:image:height\" content=\"800\" \/>\n\t<meta property=\"og:image:type\" content=\"image\/jpeg\" \/>\n<meta name=\"twitter:card\" content=\"summary_large_image\" \/>\n<meta name=\"twitter:label1\" content=\"Estimated reading time\" \/>\n\t<meta name=\"twitter:data1\" content=\"1 minute\" \/>\n<script type=\"application\/ld+json\" class=\"yoast-schema-graph\">{\"@context\":\"https:\\\/\\\/schema.org\",\"@graph\":[{\"@type\":\"WebPage\",\"@id\":\"https:\\\/\\\/tibladin.dk\\\/produkt\\\/smaa-gaestehaandklaeder\\\/\",\"url\":\"https:\\\/\\\/tibladin.dk\\\/produkt\\\/smaa-gaestehaandklaeder\\\/\",\"name\":\"H\u00e5ndv\u00e6vede g\u00e6steh\u00e5ndkl\u00e6der i 100% \u00e6gyptisk bomuld | Tibladin\",\"isPartOf\":{\"@id\":\"https:\\\/\\\/tibladin.dk\\\/#website\"},\"primaryImageOfPage\":{\"@id\":\"https:\\\/\\\/tibladin.dk\\\/produkt\\\/smaa-gaestehaandklaeder\\\/#primaryimage\"},\"image\":{\"@id\":\"https:\\\/\\\/tibladin.dk\\\/produkt\\\/smaa-gaestehaandklaeder\\\/#primaryimage\"},\"thumbnailUrl\":\"https:\\\/\\\/tibladin.dk\\\/wp-content\\\/uploads\\\/2022\\\/09\\\/Tibladin_Marokkansk-lille-haandklaede_lyseroede-pomponer-1.jpg\",\"datePublished\":\"2022-09-20T09:11:41+00:00\",\"dateModified\":\"2026-02-25T13:41:55+00:00\",\"description\":\"Fine, h\u00e5ndv\u00e6vede g\u00e6steh\u00e5ndkl\u00e6der af \u00e6gyptisk bomuld med marokkanske pomponer. F\u00e5 dine g\u00e6ster til at f\u00f8le sig ekstra v\u00e6rtsatte \u21d2 Se her.\",\"breadcrumb\":{\"@id\":\"https:\\\/\\\/tibladin.dk\\\/produkt\\\/smaa-gaestehaandklaeder\\\/#breadcrumb\"},\"inLanguage\":\"en-GB\",\"potentialAction\":[{\"@type\":\"ReadAction\",\"target\":[\"https:\\\/\\\/tibladin.dk\\\/produkt\\\/smaa-gaestehaandklaeder\\\/\"]}]},{\"@type\":\"ImageObject\",\"inLanguage\":\"en-GB\",\"@id\":\"https:\\\/\\\/tibladin.dk\\\/produkt\\\/smaa-gaestehaandklaeder\\\/#primaryimage\",\"url\":\"https:\\\/\\\/tibladin.dk\\\/wp-content\\\/uploads\\\/2022\\\/09\\\/Tibladin_Marokkansk-lille-haandklaede_lyseroede-pomponer-1.jpg\",\"contentUrl\":\"https:\\\/\\\/tibladin.dk\\\/wp-content\\\/uploads\\\/2022\\\/09\\\/Tibladin_Marokkansk-lille-haandklaede_lyseroede-pomponer-1.jpg\",\"width\":800,\"height\":800,\"caption\":\"Lille hvidt h\u00e5ndv\u00e6vet h\u00e5ndkl\u00e6de med okker farvet pomponer, med s\u00e6ber oven p\u00e5 og en glaskukke ved siden af\"},{\"@type\":\"BreadcrumbList\",\"@id\":\"https:\\\/\\\/tibladin.dk\\\/produkt\\\/smaa-gaestehaandklaeder\\\/#breadcrumb\",\"itemListElement\":[{\"@type\":\"ListItem\",\"position\":1,\"name\":\"Hjem\",\"item\":\"https:\\\/\\\/tibladin.dk\\\/\"},{\"@type\":\"ListItem\",\"position\":2,\"name\":\"Shop\",\"item\":\"https:\\\/\\\/tibladin.dk\\\/shop\\\/\"},{\"@type\":\"ListItem\",\"position\":3,\"name\":\"Sm\u00e5 g\u00e6steh\u00e5ndkl\u00e6der\"}]},{\"@type\":\"WebSite\",\"@id\":\"https:\\\/\\\/tibladin.dk\\\/#website\",\"url\":\"https:\\\/\\\/tibladin.dk\\\/\",\"name\":\"Tibladin\",\"description\":\"Tibladin\",\"publisher\":{\"@id\":\"https:\\\/\\\/tibladin.dk\\\/#organization\"},\"potentialAction\":[{\"@type\":\"SearchAction\",\"target\":{\"@type\":\"EntryPoint\",\"urlTemplate\":\"https:\\\/\\\/tibladin.dk\\\/?s={search_term_string}\"},\"query-input\":{\"@type\":\"PropertyValueSpecification\",\"valueRequired\":true,\"valueName\":\"search_term_string\"}}],\"inLanguage\":\"en-GB\"},{\"@type\":\"Organization\",\"@id\":\"https:\\\/\\\/tibladin.dk\\\/#organization\",\"name\":\"Tibladin\",\"url\":\"https:\\\/\\\/tibladin.dk\\\/\",\"logo\":{\"@type\":\"ImageObject\",\"inLanguage\":\"en-GB\",\"@id\":\"https:\\\/\\\/tibladin.dk\\\/#\\\/schema\\\/logo\\\/image\\\/\",\"url\":\"https:\\\/\\\/tibladin.dk\\\/wp-content\\\/uploads\\\/2022\\\/09\\\/tibladin_logo.svg\",\"contentUrl\":\"https:\\\/\\\/tibladin.dk\\\/wp-content\\\/uploads\\\/2022\\\/09\\\/tibladin_logo.svg\",\"caption\":\"Tibladin\"},\"image\":{\"@id\":\"https:\\\/\\\/tibladin.dk\\\/#\\\/schema\\\/logo\\\/image\\\/\"}}]}<\/script>\n<!-- \/ Yoast SEO plugin. -->","yoast_head_json":{"title":"Handwoven guest towels in 100% Egyptian cotton | Tibladin","description":"Fine, handwoven Egyptian cotton guest towels with Moroccan pompoms. Make your guests feel extra hosted \u21d2 See here.","robots":{"index":"index","follow":"follow","max-snippet":"max-snippet:-1","max-image-preview":"max-image-preview:large","max-video-preview":"max-video-preview:-1"},"canonical":"https:\/\/tibladin.dk\/en\/product-4\/small-guest-towels\/","og_locale":"en_GB","og_type":"article","og_title":"H\u00e5ndv\u00e6vede g\u00e6steh\u00e5ndkl\u00e6der i 100% \u00e6gyptisk bomuld | Tibladin","og_description":"Fine, h\u00e5ndv\u00e6vede g\u00e6steh\u00e5ndkl\u00e6der af \u00e6gyptisk bomuld med marokkanske pomponer. F\u00e5 dine g\u00e6ster til at f\u00f8le sig ekstra v\u00e6rtsatte \u21d2 Se her.","og_url":"https:\/\/tibladin.dk\/en\/product-4\/small-guest-towels\/","og_site_name":"Tibladin","article_modified_time":"2026-02-25T13:41:55+00:00","og_image":[{"width":800,"height":800,"url":"https:\/\/tibladin.dk\/wp-content\/uploads\/2022\/09\/Tibladin_Marokkansk-lille-haandklaede_lyseroede-pomponer-1.jpg","type":"image\/jpeg"}],"twitter_card":"summary_large_image","twitter_misc":{"Estimated reading time":"1 minute"},"schema":{"@context":"https:\/\/schema.org","@graph":[{"@type":"WebPage","@id":"https:\/\/tibladin.dk\/produkt\/smaa-gaestehaandklaeder\/","url":"https:\/\/tibladin.dk\/produkt\/smaa-gaestehaandklaeder\/","name":"Handwoven guest towels in 100% Egyptian cotton | Tibladin","isPartOf":{"@id":"https:\/\/tibladin.dk\/#website"},"primaryImageOfPage":{"@id":"https:\/\/tibladin.dk\/produkt\/smaa-gaestehaandklaeder\/#primaryimage"},"image":{"@id":"https:\/\/tibladin.dk\/produkt\/smaa-gaestehaandklaeder\/#primaryimage"},"thumbnailUrl":"https:\/\/tibladin.dk\/wp-content\/uploads\/2022\/09\/Tibladin_Marokkansk-lille-haandklaede_lyseroede-pomponer-1.jpg","datePublished":"2022-09-20T09:11:41+00:00","dateModified":"2026-02-25T13:41:55+00:00","description":"Fine, handwoven Egyptian cotton guest towels with Moroccan pompoms. Make your guests feel extra hosted \u21d2 See here.","breadcrumb":{"@id":"https:\/\/tibladin.dk\/produkt\/smaa-gaestehaandklaeder\/#breadcrumb"},"inLanguage":"en-GB","potentialAction":[{"@type":"ReadAction","target":["https:\/\/tibladin.dk\/produkt\/smaa-gaestehaandklaeder\/"]}]},{"@type":"ImageObject","inLanguage":"en-GB","@id":"https:\/\/tibladin.dk\/produkt\/smaa-gaestehaandklaeder\/#primaryimage","url":"https:\/\/tibladin.dk\/wp-content\/uploads\/2022\/09\/Tibladin_Marokkansk-lille-haandklaede_lyseroede-pomponer-1.jpg","contentUrl":"https:\/\/tibladin.dk\/wp-content\/uploads\/2022\/09\/Tibladin_Marokkansk-lille-haandklaede_lyseroede-pomponer-1.jpg","width":800,"height":800,"caption":"Lille hvidt h\u00e5ndv\u00e6vet h\u00e5ndkl\u00e6de med okker farvet pomponer, med s\u00e6ber oven p\u00e5 og en glaskukke ved siden af"},{"@type":"BreadcrumbList","@id":"https:\/\/tibladin.dk\/produkt\/smaa-gaestehaandklaeder\/#breadcrumb","itemListElement":[{"@type":"ListItem","position":1,"name":"Hjem","item":"https:\/\/tibladin.dk\/"},{"@type":"ListItem","position":2,"name":"Shop","item":"https:\/\/tibladin.dk\/shop\/"},{"@type":"ListItem","position":3,"name":"Sm\u00e5 g\u00e6steh\u00e5ndkl\u00e6der"}]},{"@type":"WebSite","@id":"https:\/\/tibladin.dk\/#website","url":"https:\/\/tibladin.dk\/","name":"Tibladin","description":"Tibladin","publisher":{"@id":"https:\/\/tibladin.dk\/#organization"},"potentialAction":[{"@type":"SearchAction","target":{"@type":"EntryPoint","urlTemplate":"https:\/\/tibladin.dk\/?s={search_term_string}"},"query-input":{"@type":"PropertyValueSpecification","valueRequired":true,"valueName":"search_term_string"}}],"inLanguage":"en-GB"},{"@type":"Organization","@id":"https:\/\/tibladin.dk\/#organization","name":"Tibladin","url":"https:\/\/tibladin.dk\/","logo":{"@type":"ImageObject","inLanguage":"en-GB","@id":"https:\/\/tibladin.dk\/#\/schema\/logo\/image\/","url":"https:\/\/tibladin.dk\/wp-content\/uploads\/2022\/09\/tibladin_logo.svg","contentUrl":"https:\/\/tibladin.dk\/wp-content\/uploads\/2022\/09\/tibladin_logo.svg","caption":"Tibladin"},"image":{"@id":"https:\/\/tibladin.dk\/#\/schema\/logo\/image\/"}}]}},"_links":{"self":[{"href":"https:\/\/tibladin.dk\/en\/wp-json\/wp\/v2\/product\/1785","targetHints":{"allow":["GET"]}}],"collection":[{"href":"https:\/\/tibladin.dk\/en\/wp-json\/wp\/v2\/product"}],"about":[{"href":"https:\/\/tibladin.dk\/en\/wp-json\/wp\/v2\/types\/product"}],"wp:featuredmedia":[{"embeddable":true,"href":"https:\/\/tibladin.dk\/en\/wp-json\/wp\/v2\/media\/1881"}],"wp:attachment":[{"href":"https:\/\/tibladin.dk\/en\/wp-json\/wp\/v2\/media?parent=1785"}],"wp:term":[{"taxonomy":"product_brand","embeddable":true,"href":"https:\/\/tibladin.dk\/en\/wp-json\/wp\/v2\/product_brand?post=1785"},{"taxonomy":"product_cat","embeddable":true,"href":"https:\/\/tibladin.dk\/en\/wp-json\/wp\/v2\/product_cat?post=1785"},{"taxonomy":"product_tag","embeddable":true,"href":"https:\/\/tibladin.dk\/en\/wp-json\/wp\/v2\/product_tag?post=1785"}],"curies":[{"name":"wp","href":"https:\/\/api.w.org\/{rel}","templated":true}]}}