{"id":1823,"date":"2022-09-20T11:11:56","date_gmt":"2022-09-20T09:11:56","guid":{"rendered":"https:\/\/tibladin.dk\/vare\/kurv-med-sort-moenster-60-cm\/"},"modified":"2026-04-21T11:56:36","modified_gmt":"2026-04-21T09:56:36","slug":"basket-with-black-moenster-60-cm","status":"publish","type":"product","link":"https:\/\/tibladin.dk\/en\/produkt\/kurv-med-sort-moenster-60-cm\/","title":{"rendered":"Basket with black pattern - 50-60 cm"},"content":{"rendered":"<div class=\"wpb-content-wrapper\"><div class=\"vc_row wpb_row vc_row-fluid\"><div class=\"wpb_column vc_column_container vc_col-sm-4\"><div class=\"vc_column-inner\"><div class=\"wpb_wrapper\"><h3 style=\"text-align: left\" class=\"vc_custom_heading vc_do_custom_heading\" >Maintenance<\/h3>\n\t<div class=\"wpb_text_column wpb_content_element\" >\n\t\t<div class=\"wpb_wrapper\">\n\t\t\t<p>For cleaning, the easiest thing is to vacuum it gently.<\/p>\n\n\t\t<\/div>\n\t<\/div>\n<\/div><\/div><\/div><div class=\"wpb_column vc_column_container vc_col-sm-4\"><div class=\"vc_column-inner\"><div class=\"wpb_wrapper\"><h3 style=\"text-align: left\" class=\"vc_custom_heading vc_do_custom_heading\" >The story behind<\/h3>\n\t<div class=\"wpb_text_column wpb_content_element\" >\n\t\t<div class=\"wpb_wrapper\">\n\t\t\t<p>I love curves! They can give any room warmth and coziness.<\/p>\n<p>Use this basket as a laundry basket or for storing extra pillows and blankets.<\/p>\n<p>The baskets are handmade in Marrakech, who specialize in wicker and have been doing it for generations.<\/p>\n<p>If you use this basket as a laundry basket, you can choose to sew a laundry bag to put inside the basket. You cannot avoid that the basket emits a little wicker.<\/p>\n\n\t\t<\/div>\n\t<\/div>\n<\/div><\/div><\/div><div class=\"wpb_column vc_column_container vc_col-sm-4\"><div class=\"vc_column-inner\"><div class=\"wpb_wrapper\"><h3 style=\"text-align: left\" class=\"vc_custom_heading vc_do_custom_heading\" >What is rattan?<\/h3>\n\t<div class=\"wpb_text_column wpb_content_element\" >\n\t\t<div class=\"wpb_wrapper\">\n\t\t\t<p>Rattan is made from a tropical palm that is native to Australia, Asia and Africa. The material is very strong and resembles bamboo, which is why it is used for everything from trays and baskets to headboards and drinks tables.<\/p>\n<p>Raffia is similar to rattan as they both come from palm leaves, but raffia is a bit softer.<\/p>\n\n\t\t<\/div>\n\t<\/div>\n<\/div><\/div><\/div><\/div>\n<\/div>","protected":false},"excerpt":{"rendered":"<p>Moroccan basket, handmade in natural rattan wicker with black pattern - with lid and handles in light leather.<\/p>\n<p>Height: 60 cm \u2013 diameter 40<\/p>\n<p>A practical storage item that decorates and gives comfort in any room and gives a touch of Morocco.<\/p>\n<p>The basket is handmade and small deviations and imperfections may occur.<\/p>\n<p>&nbsp;<\/p>","protected":false},"featured_media":35421,"template":"","meta":{"inline_featured_image":false},"product_brand":[],"product_cat":[55,51],"product_tag":[],"class_list":{"0":"post-1823","1":"product","2":"type-product","3":"status-publish","4":"has-post-thumbnail","6":"product_cat-kurve","7":"product_cat-opbevaring","9":"first","10":"instock","11":"taxable","12":"shipping-taxable","13":"purchasable","14":"product-type-simple"},"exclude_global_add_ons":[],"addons":[],"yoast_head":"<!-- This site is optimized with the Yoast SEO plugin v27.5 - https:\/\/yoast.com\/product\/yoast-seo-wordpress\/ -->\n<title>Kurv med sort m\u00f8nster - 50-60 cm | H\u00e5ndlavet af rattan | Tibladin<\/title>\n<meta name=\"description\" content=\"H\u00e5ndlavet marrokansk rattan-kurv, flettet af naturmaterialer. Giver varme, hygge og et touch af Marokko i ethvert rum \u21d2 Se den her\" \/>\n<meta name=\"robots\" content=\"index, follow, max-snippet:-1, max-image-preview:large, max-video-preview:-1\" \/>\n<link rel=\"canonical\" href=\"https:\/\/tibladin.dk\/en\/product-4\/basket-with-black-moenster-60-cm\/\" \/>\n<meta property=\"og:locale\" content=\"en_GB\" \/>\n<meta property=\"og:type\" content=\"article\" \/>\n<meta property=\"og:title\" content=\"Kurv med sort m\u00f8nster - 50-60 cm | H\u00e5ndlavet af rattan | Tibladin\" \/>\n<meta property=\"og:description\" content=\"H\u00e5ndlavet marrokansk rattan-kurv, flettet af naturmaterialer. Giver varme, hygge og et touch af Marokko i ethvert rum \u21d2 Se den her\" \/>\n<meta property=\"og:url\" content=\"https:\/\/tibladin.dk\/en\/product-4\/basket-with-black-moenster-60-cm\/\" \/>\n<meta property=\"og:site_name\" content=\"Tibladin\" \/>\n<meta property=\"article:modified_time\" content=\"2026-04-21T09:56:36+00:00\" \/>\n<meta property=\"og:image\" content=\"https:\/\/tibladin.dk\/wp-content\/uploads\/2022\/09\/kurv-med-marokkansk-moenster-sort_1.jpg\" \/>\n\t<meta property=\"og:image:width\" content=\"800\" \/>\n\t<meta property=\"og:image:height\" content=\"800\" \/>\n\t<meta property=\"og:image:type\" content=\"image\/jpeg\" \/>\n<meta name=\"twitter:card\" content=\"summary_large_image\" \/>\n<meta name=\"twitter:label1\" content=\"Estimated reading time\" \/>\n\t<meta name=\"twitter:data1\" content=\"2 minutes\" \/>\n<script type=\"application\/ld+json\" class=\"yoast-schema-graph\">{\"@context\":\"https:\\\/\\\/schema.org\",\"@graph\":[{\"@type\":\"WebPage\",\"@id\":\"https:\\\/\\\/tibladin.dk\\\/produkt\\\/kurv-med-sort-moenster-60-cm\\\/\",\"url\":\"https:\\\/\\\/tibladin.dk\\\/produkt\\\/kurv-med-sort-moenster-60-cm\\\/\",\"name\":\"Kurv med sort m\u00f8nster - 50-60 cm | H\u00e5ndlavet af rattan | Tibladin\",\"isPartOf\":{\"@id\":\"https:\\\/\\\/tibladin.dk\\\/#website\"},\"primaryImageOfPage\":{\"@id\":\"https:\\\/\\\/tibladin.dk\\\/produkt\\\/kurv-med-sort-moenster-60-cm\\\/#primaryimage\"},\"image\":{\"@id\":\"https:\\\/\\\/tibladin.dk\\\/produkt\\\/kurv-med-sort-moenster-60-cm\\\/#primaryimage\"},\"thumbnailUrl\":\"https:\\\/\\\/tibladin.dk\\\/wp-content\\\/uploads\\\/2022\\\/09\\\/kurv-med-marokkansk-moenster-sort_1.jpg\",\"datePublished\":\"2022-09-20T09:11:56+00:00\",\"dateModified\":\"2026-04-21T09:56:36+00:00\",\"description\":\"H\u00e5ndlavet marrokansk rattan-kurv, flettet af naturmaterialer. Giver varme, hygge og et touch af Marokko i ethvert rum \u21d2 Se den her\",\"breadcrumb\":{\"@id\":\"https:\\\/\\\/tibladin.dk\\\/produkt\\\/kurv-med-sort-moenster-60-cm\\\/#breadcrumb\"},\"inLanguage\":\"en-GB\",\"potentialAction\":[{\"@type\":\"ReadAction\",\"target\":[\"https:\\\/\\\/tibladin.dk\\\/produkt\\\/kurv-med-sort-moenster-60-cm\\\/\"]}]},{\"@type\":\"ImageObject\",\"inLanguage\":\"en-GB\",\"@id\":\"https:\\\/\\\/tibladin.dk\\\/produkt\\\/kurv-med-sort-moenster-60-cm\\\/#primaryimage\",\"url\":\"https:\\\/\\\/tibladin.dk\\\/wp-content\\\/uploads\\\/2022\\\/09\\\/kurv-med-marokkansk-moenster-sort_1.jpg\",\"contentUrl\":\"https:\\\/\\\/tibladin.dk\\\/wp-content\\\/uploads\\\/2022\\\/09\\\/kurv-med-marokkansk-moenster-sort_1.jpg\",\"width\":800,\"height\":800,\"caption\":\"kurv i flet med sort marokkansk m\u00f8nster\"},{\"@type\":\"BreadcrumbList\",\"@id\":\"https:\\\/\\\/tibladin.dk\\\/produkt\\\/kurv-med-sort-moenster-60-cm\\\/#breadcrumb\",\"itemListElement\":[{\"@type\":\"ListItem\",\"position\":1,\"name\":\"Hjem\",\"item\":\"https:\\\/\\\/tibladin.dk\\\/\"},{\"@type\":\"ListItem\",\"position\":2,\"name\":\"Shop\",\"item\":\"https:\\\/\\\/tibladin.dk\\\/shop\\\/\"},{\"@type\":\"ListItem\",\"position\":3,\"name\":\"Kurv med sort m\u00f8nster &#8211; 50-60 cm\"}]},{\"@type\":\"WebSite\",\"@id\":\"https:\\\/\\\/tibladin.dk\\\/#website\",\"url\":\"https:\\\/\\\/tibladin.dk\\\/\",\"name\":\"Tibladin\",\"description\":\"Tibladin\",\"publisher\":{\"@id\":\"https:\\\/\\\/tibladin.dk\\\/#organization\"},\"potentialAction\":[{\"@type\":\"SearchAction\",\"target\":{\"@type\":\"EntryPoint\",\"urlTemplate\":\"https:\\\/\\\/tibladin.dk\\\/?s={search_term_string}\"},\"query-input\":{\"@type\":\"PropertyValueSpecification\",\"valueRequired\":true,\"valueName\":\"search_term_string\"}}],\"inLanguage\":\"en-GB\"},{\"@type\":\"Organization\",\"@id\":\"https:\\\/\\\/tibladin.dk\\\/#organization\",\"name\":\"Tibladin\",\"url\":\"https:\\\/\\\/tibladin.dk\\\/\",\"logo\":{\"@type\":\"ImageObject\",\"inLanguage\":\"en-GB\",\"@id\":\"https:\\\/\\\/tibladin.dk\\\/#\\\/schema\\\/logo\\\/image\\\/\",\"url\":\"https:\\\/\\\/tibladin.dk\\\/wp-content\\\/uploads\\\/2022\\\/09\\\/tibladin_logo.svg\",\"contentUrl\":\"https:\\\/\\\/tibladin.dk\\\/wp-content\\\/uploads\\\/2022\\\/09\\\/tibladin_logo.svg\",\"caption\":\"Tibladin\"},\"image\":{\"@id\":\"https:\\\/\\\/tibladin.dk\\\/#\\\/schema\\\/logo\\\/image\\\/\"}}]}<\/script>\n<!-- \/ Yoast SEO plugin. -->","yoast_head_json":{"title":"Basket with black pattern - 50-60 cm | Handmade from rattan | Tibladin","description":"Handmade Moroccan rattan basket, woven from natural materials. Provides warmth, coziness and a touch of Morocco in any room \u21d2 See it here","robots":{"index":"index","follow":"follow","max-snippet":"max-snippet:-1","max-image-preview":"max-image-preview:large","max-video-preview":"max-video-preview:-1"},"canonical":"https:\/\/tibladin.dk\/en\/product-4\/basket-with-black-moenster-60-cm\/","og_locale":"en_GB","og_type":"article","og_title":"Kurv med sort m\u00f8nster - 50-60 cm | H\u00e5ndlavet af rattan | Tibladin","og_description":"H\u00e5ndlavet marrokansk rattan-kurv, flettet af naturmaterialer. Giver varme, hygge og et touch af Marokko i ethvert rum \u21d2 Se den her","og_url":"https:\/\/tibladin.dk\/en\/product-4\/basket-with-black-moenster-60-cm\/","og_site_name":"Tibladin","article_modified_time":"2026-04-21T09:56:36+00:00","og_image":[{"width":800,"height":800,"url":"https:\/\/tibladin.dk\/wp-content\/uploads\/2022\/09\/kurv-med-marokkansk-moenster-sort_1.jpg","type":"image\/jpeg"}],"twitter_card":"summary_large_image","twitter_misc":{"Estimated reading time":"2 minutes"},"schema":{"@context":"https:\/\/schema.org","@graph":[{"@type":"WebPage","@id":"https:\/\/tibladin.dk\/produkt\/kurv-med-sort-moenster-60-cm\/","url":"https:\/\/tibladin.dk\/produkt\/kurv-med-sort-moenster-60-cm\/","name":"Basket with black pattern - 50-60 cm | Handmade from rattan | Tibladin","isPartOf":{"@id":"https:\/\/tibladin.dk\/#website"},"primaryImageOfPage":{"@id":"https:\/\/tibladin.dk\/produkt\/kurv-med-sort-moenster-60-cm\/#primaryimage"},"image":{"@id":"https:\/\/tibladin.dk\/produkt\/kurv-med-sort-moenster-60-cm\/#primaryimage"},"thumbnailUrl":"https:\/\/tibladin.dk\/wp-content\/uploads\/2022\/09\/kurv-med-marokkansk-moenster-sort_1.jpg","datePublished":"2022-09-20T09:11:56+00:00","dateModified":"2026-04-21T09:56:36+00:00","description":"Handmade Moroccan rattan basket, woven from natural materials. Provides warmth, coziness and a touch of Morocco in any room \u21d2 See it here","breadcrumb":{"@id":"https:\/\/tibladin.dk\/produkt\/kurv-med-sort-moenster-60-cm\/#breadcrumb"},"inLanguage":"en-GB","potentialAction":[{"@type":"ReadAction","target":["https:\/\/tibladin.dk\/produkt\/kurv-med-sort-moenster-60-cm\/"]}]},{"@type":"ImageObject","inLanguage":"en-GB","@id":"https:\/\/tibladin.dk\/produkt\/kurv-med-sort-moenster-60-cm\/#primaryimage","url":"https:\/\/tibladin.dk\/wp-content\/uploads\/2022\/09\/kurv-med-marokkansk-moenster-sort_1.jpg","contentUrl":"https:\/\/tibladin.dk\/wp-content\/uploads\/2022\/09\/kurv-med-marokkansk-moenster-sort_1.jpg","width":800,"height":800,"caption":"kurv i flet med sort marokkansk m\u00f8nster"},{"@type":"BreadcrumbList","@id":"https:\/\/tibladin.dk\/produkt\/kurv-med-sort-moenster-60-cm\/#breadcrumb","itemListElement":[{"@type":"ListItem","position":1,"name":"Hjem","item":"https:\/\/tibladin.dk\/"},{"@type":"ListItem","position":2,"name":"Shop","item":"https:\/\/tibladin.dk\/shop\/"},{"@type":"ListItem","position":3,"name":"Kurv med sort m\u00f8nster &#8211; 50-60 cm"}]},{"@type":"WebSite","@id":"https:\/\/tibladin.dk\/#website","url":"https:\/\/tibladin.dk\/","name":"Tibladin","description":"Tibladin","publisher":{"@id":"https:\/\/tibladin.dk\/#organization"},"potentialAction":[{"@type":"SearchAction","target":{"@type":"EntryPoint","urlTemplate":"https:\/\/tibladin.dk\/?s={search_term_string}"},"query-input":{"@type":"PropertyValueSpecification","valueRequired":true,"valueName":"search_term_string"}}],"inLanguage":"en-GB"},{"@type":"Organization","@id":"https:\/\/tibladin.dk\/#organization","name":"Tibladin","url":"https:\/\/tibladin.dk\/","logo":{"@type":"ImageObject","inLanguage":"en-GB","@id":"https:\/\/tibladin.dk\/#\/schema\/logo\/image\/","url":"https:\/\/tibladin.dk\/wp-content\/uploads\/2022\/09\/tibladin_logo.svg","contentUrl":"https:\/\/tibladin.dk\/wp-content\/uploads\/2022\/09\/tibladin_logo.svg","caption":"Tibladin"},"image":{"@id":"https:\/\/tibladin.dk\/#\/schema\/logo\/image\/"}}]}},"_links":{"self":[{"href":"https:\/\/tibladin.dk\/en\/wp-json\/wp\/v2\/product\/1823","targetHints":{"allow":["GET"]}}],"collection":[{"href":"https:\/\/tibladin.dk\/en\/wp-json\/wp\/v2\/product"}],"about":[{"href":"https:\/\/tibladin.dk\/en\/wp-json\/wp\/v2\/types\/product"}],"wp:featuredmedia":[{"embeddable":true,"href":"https:\/\/tibladin.dk\/en\/wp-json\/wp\/v2\/media\/35421"}],"wp:attachment":[{"href":"https:\/\/tibladin.dk\/en\/wp-json\/wp\/v2\/media?parent=1823"}],"wp:term":[{"taxonomy":"product_brand","embeddable":true,"href":"https:\/\/tibladin.dk\/en\/wp-json\/wp\/v2\/product_brand?post=1823"},{"taxonomy":"product_cat","embeddable":true,"href":"https:\/\/tibladin.dk\/en\/wp-json\/wp\/v2\/product_cat?post=1823"},{"taxonomy":"product_tag","embeddable":true,"href":"https:\/\/tibladin.dk\/en\/wp-json\/wp\/v2\/product_tag?post=1823"}],"curies":[{"name":"wp","href":"https:\/\/api.w.org\/{rel}","templated":true}]}}