{"id":1870,"date":"2022-09-20T11:12:15","date_gmt":"2022-09-20T09:12:15","guid":{"rendered":"https:\/\/tibladin.dk\/vare\/sengetaeppe-sharit-240x260-inkl-2-puder\/"},"modified":"2026-04-16T19:03:31","modified_gmt":"2026-04-16T17:03:31","slug":"bedspread-sharit-240x260-incl-2-pillows","status":"publish","type":"product","link":"https:\/\/tibladin.dk\/en\/produkt\/sengetaeppe-sharit-240x260-inkl-2-puder\/","title":{"rendered":"Bedspread SHARIT 240\u00d7260 - incl. 2 pillows"},"content":{"rendered":"<div class=\"wpb-content-wrapper\"><div class=\"vc_row wpb_row vc_row-fluid\"><div class=\"wpb_column vc_column_container vc_col-sm-4\"><div class=\"vc_column-inner\"><div class=\"wpb_wrapper\"><h3 style=\"text-align: left\" class=\"vc_custom_heading vc_do_custom_heading\" >Maintenance<\/h3>\n\t<div class=\"wpb_text_column wpb_content_element\" >\n\t\t<div class=\"wpb_wrapper\">\n\t\t\t<p>Can be washed at 40 degrees in the machine. As the rug is handwoven, it is recommended to wash it gently at 30 degrees, as it may well change structure at a higher temperature.<\/p>\n\n\t\t<\/div>\n\t<\/div>\n<\/div><\/div><\/div><div class=\"wpb_column vc_column_container vc_col-sm-4\"><div class=\"vc_column-inner\"><div class=\"wpb_wrapper\"><h3 style=\"text-align: left\" class=\"vc_custom_heading vc_do_custom_heading\" >The story behind<\/h3>\n\t<div class=\"wpb_text_column wpb_content_element\" >\n\t\t<div class=\"wpb_wrapper\">\n\t\t\t<p>A bedspread is a good decoration in a bedroom. In addition, it is fantastic for covering a bed, whether it is messy or not, bedspreads give your bedroom a nice and tidy look.<\/p>\n<p>This Moroccan bedspread is part of a series with two other bedspreads, <a href=\"https:\/\/tibladin.dk\/en\/product-4\/bedspread-asfar-240x260-incl-2-pillows\/\">ASFAR<\/a> and <a href=\"https:\/\/tibladin.dk\/en\/product-4\/bedspread-aswad-240x260-incl-2-pillows\/\">ASWAD<\/a>. They are made in the finest quality, designed in collaboration with our designer with his own workshop in Marrakech. We take great care in designing Moroccan bedspreads that fit into a modern, Scandinavian interior.<\/p>\n\n\t\t<\/div>\n\t<\/div>\n<\/div><\/div><\/div><\/div>\n<\/div>","protected":false},"excerpt":{"rendered":"<p>Decorative Moroccan bedspread in cotton. Sand colored with black stripes and white pom poms at the ends. Handwoven in Marrakech<\/p>\n<p>Measures 260 x 240 and weighs 4 kg.<\/p>\n<p>Fits perfectly for a double bed.<\/p>\n<p>Together with the bedspread, you get 2 matching decorative pillows\/headboard pillows in 60\u00d740 cm incl. inner pillow with 100% organic feather\/down. A size pillow that fits well as a back support.<\/p>\n<p>Super nice set that gives a cozy atmosphere in your bedroom.<\/p>\n<p>&nbsp;<\/p>","protected":false},"featured_media":1866,"template":"","meta":{"inline_featured_image":false},"product_brand":[],"product_cat":[38,37],"product_tag":[],"class_list":{"0":"post-1870","1":"product","2":"type-product","3":"status-publish","4":"has-post-thumbnail","6":"product_cat-sengetaepper","7":"product_cat-tekstiler","9":"first","10":"instock","11":"taxable","12":"shipping-taxable","13":"purchasable","14":"product-type-simple"},"exclude_global_add_ons":false,"addons":[{"name":"Do you want gift wrapping?","type":"checkbox","position":0,"required":false,"title_format":"label","default":"","description_enable":false,"description":"","placeholder_enable":false,"placeholder":"","display":"images","restrictions_type":"any_text","adjust_price":false,"price":"","price_type":"flat_fee","restrictions":false,"min":"0","max":"0","options":[{"label":"Ja tak","price":"10","price_type":"flat_fee","image":11015,"visibility":true}],"id":1669646111}],"yoast_head":"<!-- This site is optimized with the Yoast SEO plugin v27.4 - https:\/\/yoast.com\/product\/yoast-seo-wordpress\/ -->\n<title>Marokkansk senget\u00e6ppe SHARIT | + 2 pudebetr\u00e6k | H\u00e5ndv\u00e6vet<\/title>\n<meta name=\"description\" content=\"Dekorativt marokkansk senget\u00e6ppe. H\u00e5ndv\u00e6vet i sandfarvet bomuld med sorte striber og hvide pomponer. Inkl 2 matchende pudebetr\u00e6k \u21d2 Se mere her\" \/>\n<meta name=\"robots\" content=\"index, follow, max-snippet:-1, max-image-preview:large, max-video-preview:-1\" \/>\n<link rel=\"canonical\" href=\"https:\/\/tibladin.dk\/en\/product-4\/bedspread-sharit-240x260-incl-2-pillows\/\" \/>\n<meta property=\"og:locale\" content=\"en_GB\" \/>\n<meta property=\"og:type\" content=\"article\" \/>\n<meta property=\"og:title\" content=\"Marokkansk senget\u00e6ppe SHARIT | + 2 pudebetr\u00e6k | H\u00e5ndv\u00e6vet\" \/>\n<meta property=\"og:description\" content=\"Dekorativt marokkansk senget\u00e6ppe. H\u00e5ndv\u00e6vet i sandfarvet bomuld med sorte striber og hvide pomponer. Inkl 2 matchende pudebetr\u00e6k \u21d2 Se mere her\" \/>\n<meta property=\"og:url\" content=\"https:\/\/tibladin.dk\/en\/product-4\/bedspread-sharit-240x260-incl-2-pillows\/\" \/>\n<meta property=\"og:site_name\" content=\"Tibladin\" \/>\n<meta property=\"article:modified_time\" content=\"2026-04-16T17:03:31+00:00\" \/>\n<meta property=\"og:image\" content=\"https:\/\/tibladin.dk\/wp-content\/uploads\/2022\/09\/Sengetaeppe_SHARIT_LS-1.jpg\" \/>\n\t<meta property=\"og:image:width\" content=\"800\" \/>\n\t<meta property=\"og:image:height\" content=\"800\" \/>\n\t<meta property=\"og:image:type\" content=\"image\/jpeg\" \/>\n<meta name=\"twitter:card\" content=\"summary_large_image\" \/>\n<meta name=\"twitter:label1\" content=\"Estimated reading time\" \/>\n\t<meta name=\"twitter:data1\" content=\"1 minute\" \/>\n<script type=\"application\/ld+json\" class=\"yoast-schema-graph\">{\"@context\":\"https:\\\/\\\/schema.org\",\"@graph\":[{\"@type\":\"WebPage\",\"@id\":\"https:\\\/\\\/tibladin.dk\\\/produkt\\\/sengetaeppe-sharit-240x260-inkl-2-puder\\\/\",\"url\":\"https:\\\/\\\/tibladin.dk\\\/produkt\\\/sengetaeppe-sharit-240x260-inkl-2-puder\\\/\",\"name\":\"Marokkansk senget\u00e6ppe SHARIT | + 2 pudebetr\u00e6k | H\u00e5ndv\u00e6vet\",\"isPartOf\":{\"@id\":\"https:\\\/\\\/tibladin.dk\\\/#website\"},\"primaryImageOfPage\":{\"@id\":\"https:\\\/\\\/tibladin.dk\\\/produkt\\\/sengetaeppe-sharit-240x260-inkl-2-puder\\\/#primaryimage\"},\"image\":{\"@id\":\"https:\\\/\\\/tibladin.dk\\\/produkt\\\/sengetaeppe-sharit-240x260-inkl-2-puder\\\/#primaryimage\"},\"thumbnailUrl\":\"https:\\\/\\\/tibladin.dk\\\/wp-content\\\/uploads\\\/2022\\\/09\\\/Sengetaeppe_SHARIT_LS-1.jpg\",\"datePublished\":\"2022-09-20T09:12:15+00:00\",\"dateModified\":\"2026-04-16T17:03:31+00:00\",\"description\":\"Dekorativt marokkansk senget\u00e6ppe. H\u00e5ndv\u00e6vet i sandfarvet bomuld med sorte striber og hvide pomponer. Inkl 2 matchende pudebetr\u00e6k \u21d2 Se mere her\",\"breadcrumb\":{\"@id\":\"https:\\\/\\\/tibladin.dk\\\/produkt\\\/sengetaeppe-sharit-240x260-inkl-2-puder\\\/#breadcrumb\"},\"inLanguage\":\"en-GB\",\"potentialAction\":[{\"@type\":\"ReadAction\",\"target\":[\"https:\\\/\\\/tibladin.dk\\\/produkt\\\/sengetaeppe-sharit-240x260-inkl-2-puder\\\/\"]}]},{\"@type\":\"ImageObject\",\"inLanguage\":\"en-GB\",\"@id\":\"https:\\\/\\\/tibladin.dk\\\/produkt\\\/sengetaeppe-sharit-240x260-inkl-2-puder\\\/#primaryimage\",\"url\":\"https:\\\/\\\/tibladin.dk\\\/wp-content\\\/uploads\\\/2022\\\/09\\\/Sengetaeppe_SHARIT_LS-1.jpg\",\"contentUrl\":\"https:\\\/\\\/tibladin.dk\\\/wp-content\\\/uploads\\\/2022\\\/09\\\/Sengetaeppe_SHARIT_LS-1.jpg\",\"width\":800,\"height\":800,\"caption\":\"Hvidt marokkansk h\u00e5ndv\u00e6vet senget\u00e6ppe med sorte striber og hvide pomponer, med morgenmadsfad\"},{\"@type\":\"BreadcrumbList\",\"@id\":\"https:\\\/\\\/tibladin.dk\\\/produkt\\\/sengetaeppe-sharit-240x260-inkl-2-puder\\\/#breadcrumb\",\"itemListElement\":[{\"@type\":\"ListItem\",\"position\":1,\"name\":\"Hjem\",\"item\":\"https:\\\/\\\/tibladin.dk\\\/\"},{\"@type\":\"ListItem\",\"position\":2,\"name\":\"Shop\",\"item\":\"https:\\\/\\\/tibladin.dk\\\/shop\\\/\"},{\"@type\":\"ListItem\",\"position\":3,\"name\":\"Senget\u00e6ppe SHARIT 240&#215;260 &#8211; inkl. 2 puder\"}]},{\"@type\":\"WebSite\",\"@id\":\"https:\\\/\\\/tibladin.dk\\\/#website\",\"url\":\"https:\\\/\\\/tibladin.dk\\\/\",\"name\":\"Tibladin\",\"description\":\"Tibladin\",\"publisher\":{\"@id\":\"https:\\\/\\\/tibladin.dk\\\/#organization\"},\"potentialAction\":[{\"@type\":\"SearchAction\",\"target\":{\"@type\":\"EntryPoint\",\"urlTemplate\":\"https:\\\/\\\/tibladin.dk\\\/?s={search_term_string}\"},\"query-input\":{\"@type\":\"PropertyValueSpecification\",\"valueRequired\":true,\"valueName\":\"search_term_string\"}}],\"inLanguage\":\"en-GB\"},{\"@type\":\"Organization\",\"@id\":\"https:\\\/\\\/tibladin.dk\\\/#organization\",\"name\":\"Tibladin\",\"url\":\"https:\\\/\\\/tibladin.dk\\\/\",\"logo\":{\"@type\":\"ImageObject\",\"inLanguage\":\"en-GB\",\"@id\":\"https:\\\/\\\/tibladin.dk\\\/#\\\/schema\\\/logo\\\/image\\\/\",\"url\":\"https:\\\/\\\/tibladin.dk\\\/wp-content\\\/uploads\\\/2022\\\/09\\\/tibladin_logo.svg\",\"contentUrl\":\"https:\\\/\\\/tibladin.dk\\\/wp-content\\\/uploads\\\/2022\\\/09\\\/tibladin_logo.svg\",\"caption\":\"Tibladin\"},\"image\":{\"@id\":\"https:\\\/\\\/tibladin.dk\\\/#\\\/schema\\\/logo\\\/image\\\/\"}}]}<\/script>\n<!-- \/ Yoast SEO plugin. -->","yoast_head_json":{"title":"Moroccan bedspread SHARIT | + 2 pillowcases | Handwoven","description":"Decorative Moroccan bedspread. Handwoven in sand-colored cotton with black stripes and white pompoms. Including 2 matching pillowcases \u21d2 See more here","robots":{"index":"index","follow":"follow","max-snippet":"max-snippet:-1","max-image-preview":"max-image-preview:large","max-video-preview":"max-video-preview:-1"},"canonical":"https:\/\/tibladin.dk\/en\/product-4\/bedspread-sharit-240x260-incl-2-pillows\/","og_locale":"en_GB","og_type":"article","og_title":"Marokkansk senget\u00e6ppe SHARIT | + 2 pudebetr\u00e6k | H\u00e5ndv\u00e6vet","og_description":"Dekorativt marokkansk senget\u00e6ppe. H\u00e5ndv\u00e6vet i sandfarvet bomuld med sorte striber og hvide pomponer. Inkl 2 matchende pudebetr\u00e6k \u21d2 Se mere her","og_url":"https:\/\/tibladin.dk\/en\/product-4\/bedspread-sharit-240x260-incl-2-pillows\/","og_site_name":"Tibladin","article_modified_time":"2026-04-16T17:03:31+00:00","og_image":[{"width":800,"height":800,"url":"https:\/\/tibladin.dk\/wp-content\/uploads\/2022\/09\/Sengetaeppe_SHARIT_LS-1.jpg","type":"image\/jpeg"}],"twitter_card":"summary_large_image","twitter_misc":{"Estimated reading time":"1 minute"},"schema":{"@context":"https:\/\/schema.org","@graph":[{"@type":"WebPage","@id":"https:\/\/tibladin.dk\/produkt\/sengetaeppe-sharit-240x260-inkl-2-puder\/","url":"https:\/\/tibladin.dk\/produkt\/sengetaeppe-sharit-240x260-inkl-2-puder\/","name":"Moroccan bedspread SHARIT | + 2 pillowcases | Handwoven","isPartOf":{"@id":"https:\/\/tibladin.dk\/#website"},"primaryImageOfPage":{"@id":"https:\/\/tibladin.dk\/produkt\/sengetaeppe-sharit-240x260-inkl-2-puder\/#primaryimage"},"image":{"@id":"https:\/\/tibladin.dk\/produkt\/sengetaeppe-sharit-240x260-inkl-2-puder\/#primaryimage"},"thumbnailUrl":"https:\/\/tibladin.dk\/wp-content\/uploads\/2022\/09\/Sengetaeppe_SHARIT_LS-1.jpg","datePublished":"2022-09-20T09:12:15+00:00","dateModified":"2026-04-16T17:03:31+00:00","description":"Decorative Moroccan bedspread. Handwoven in sand-colored cotton with black stripes and white pompoms. Including 2 matching pillowcases \u21d2 See more here","breadcrumb":{"@id":"https:\/\/tibladin.dk\/produkt\/sengetaeppe-sharit-240x260-inkl-2-puder\/#breadcrumb"},"inLanguage":"en-GB","potentialAction":[{"@type":"ReadAction","target":["https:\/\/tibladin.dk\/produkt\/sengetaeppe-sharit-240x260-inkl-2-puder\/"]}]},{"@type":"ImageObject","inLanguage":"en-GB","@id":"https:\/\/tibladin.dk\/produkt\/sengetaeppe-sharit-240x260-inkl-2-puder\/#primaryimage","url":"https:\/\/tibladin.dk\/wp-content\/uploads\/2022\/09\/Sengetaeppe_SHARIT_LS-1.jpg","contentUrl":"https:\/\/tibladin.dk\/wp-content\/uploads\/2022\/09\/Sengetaeppe_SHARIT_LS-1.jpg","width":800,"height":800,"caption":"Hvidt marokkansk h\u00e5ndv\u00e6vet senget\u00e6ppe med sorte striber og hvide pomponer, med morgenmadsfad"},{"@type":"BreadcrumbList","@id":"https:\/\/tibladin.dk\/produkt\/sengetaeppe-sharit-240x260-inkl-2-puder\/#breadcrumb","itemListElement":[{"@type":"ListItem","position":1,"name":"Hjem","item":"https:\/\/tibladin.dk\/"},{"@type":"ListItem","position":2,"name":"Shop","item":"https:\/\/tibladin.dk\/shop\/"},{"@type":"ListItem","position":3,"name":"Senget\u00e6ppe SHARIT 240&#215;260 &#8211; inkl. 2 puder"}]},{"@type":"WebSite","@id":"https:\/\/tibladin.dk\/#website","url":"https:\/\/tibladin.dk\/","name":"Tibladin","description":"Tibladin","publisher":{"@id":"https:\/\/tibladin.dk\/#organization"},"potentialAction":[{"@type":"SearchAction","target":{"@type":"EntryPoint","urlTemplate":"https:\/\/tibladin.dk\/?s={search_term_string}"},"query-input":{"@type":"PropertyValueSpecification","valueRequired":true,"valueName":"search_term_string"}}],"inLanguage":"en-GB"},{"@type":"Organization","@id":"https:\/\/tibladin.dk\/#organization","name":"Tibladin","url":"https:\/\/tibladin.dk\/","logo":{"@type":"ImageObject","inLanguage":"en-GB","@id":"https:\/\/tibladin.dk\/#\/schema\/logo\/image\/","url":"https:\/\/tibladin.dk\/wp-content\/uploads\/2022\/09\/tibladin_logo.svg","contentUrl":"https:\/\/tibladin.dk\/wp-content\/uploads\/2022\/09\/tibladin_logo.svg","caption":"Tibladin"},"image":{"@id":"https:\/\/tibladin.dk\/#\/schema\/logo\/image\/"}}]}},"_links":{"self":[{"href":"https:\/\/tibladin.dk\/en\/wp-json\/wp\/v2\/product\/1870","targetHints":{"allow":["GET"]}}],"collection":[{"href":"https:\/\/tibladin.dk\/en\/wp-json\/wp\/v2\/product"}],"about":[{"href":"https:\/\/tibladin.dk\/en\/wp-json\/wp\/v2\/types\/product"}],"wp:featuredmedia":[{"embeddable":true,"href":"https:\/\/tibladin.dk\/en\/wp-json\/wp\/v2\/media\/1866"}],"wp:attachment":[{"href":"https:\/\/tibladin.dk\/en\/wp-json\/wp\/v2\/media?parent=1870"}],"wp:term":[{"taxonomy":"product_brand","embeddable":true,"href":"https:\/\/tibladin.dk\/en\/wp-json\/wp\/v2\/product_brand?post=1870"},{"taxonomy":"product_cat","embeddable":true,"href":"https:\/\/tibladin.dk\/en\/wp-json\/wp\/v2\/product_cat?post=1870"},{"taxonomy":"product_tag","embeddable":true,"href":"https:\/\/tibladin.dk\/en\/wp-json\/wp\/v2\/product_tag?post=1870"}],"curies":[{"name":"wp","href":"https:\/\/api.w.org\/{rel}","templated":true}]}}