{"id":1977,"date":"2022-09-20T11:12:58","date_gmt":"2022-09-20T09:12:58","guid":{"rendered":"https:\/\/tibladin.dk\/vare\/stofserviet-med-haandbroderet-moenster-sort\/"},"modified":"2026-01-09T11:55:26","modified_gmt":"2026-01-09T10:55:26","slug":"cloth-napkin-with-hand-embroidered-pattern-black","status":"publish","type":"product","link":"https:\/\/tibladin.dk\/en\/produkt\/stofserviet-med-haandbroderet-moenster-sort\/","title":{"rendered":"Fabric napkin with hand-embroidered pattern \u2013 black"},"content":{"rendered":"<div class=\"wpb-content-wrapper\"><div class=\"vc_row wpb_row vc_row-fluid\"><div class=\"wpb_column vc_column_container vc_col-sm-4\"><div class=\"vc_column-inner\"><div class=\"wpb_wrapper\">\n\t<div class=\"wpb_video_widget wpb_content_element vc_clearfix   vc_video-aspect-ratio-43 vc_video-el-width-100 vc_video-align-left\" >\n\t\t<div class=\"wpb_wrapper\">\n\t\t\t\n\t\t\t<div class=\"wpb_video_wrapper\"><div class=\"video-container\"><iframe loading=\"lazy\" title=\"cloth napkins green\" src=\"https:\/\/player.vimeo.com\/video\/519022024?dnt=1&amp;app_id=122963\" width=\"174\" height=\"310\" frameborder=\"0\" allow=\"autoplay; fullscreen; picture-in-picture\"><\/iframe><\/div><\/div>\n\t\t<\/div>\n\t<\/div>\n<\/div><\/div><\/div><div class=\"wpb_column vc_column_container vc_col-sm-4\"><div class=\"vc_column-inner\"><div class=\"wpb_wrapper\"><h3 style=\"text-align: left\" class=\"vc_custom_heading vc_do_custom_heading\" >Maintenance<\/h3>\n\t<div class=\"wpb_text_column wpb_content_element\" >\n\t\t<div class=\"wpb_wrapper\">\n\t\t\t<p>The fabric napkin is made of 100 % cotton and can be washed at up to 60 degrees in the machine. Resistant to ironing.<\/p>\n\n\t\t<\/div>\n\t<\/div>\n<\/div><\/div><\/div><div class=\"wpb_column vc_column_container vc_col-sm-4\"><div class=\"vc_column-inner\"><div class=\"wpb_wrapper\"><h3 style=\"text-align: left\" class=\"vc_custom_heading vc_do_custom_heading\" >The story behind<\/h3>\n\t<div class=\"wpb_text_column wpb_content_element\" >\n\t\t<div class=\"wpb_wrapper\">\n\t\t\t<p>When you see a well-laid table where the host has taken the trouble to place cloth napkins instead of paper napkins, you as a guest feel valued and welcome. A cloth napkin can be reused for many years and is much better for the environment. The cloth napkin is made of quality cotton with a beautiful hand-embroidered simple pattern and edge in the same colour. They are easy to add to your table setting and give a beautiful expression of quality. Many hours of handwork are behind these napkins by women from a women&#039;s cooperative south of Marrakech.<\/p>\n<p>The women&#039;s cooperative employs 160 women in the small village, and thus helps to raise the standard of living of many families. A school and kindergarten have been established for the women&#039;s children, so that the children can receive education and be employed while the mothers work.<\/p>\n\n\t\t<\/div>\n\t<\/div>\n<\/div><\/div><\/div><\/div>\n<\/div>","protected":false},"excerpt":{"rendered":"<p class=\"p1\"><span class=\"s1\">Hand-embroidered white fabric napkin with a fine black simple pattern and border in the same color.<\/span><\/p>\n<p>Make your guests feel special and set a beautiful table with unique stoneware and hand-embroidered cloth napkins.<\/p>\n<p>Available in three different colours: Brown, black and green.<\/p>\n<p class=\"p1\"><span class=\"s1\">The napkins can be washed in the machine at up to 60 degrees and can withstand ironing. Measures 50\u00d750 cm.<\/span><\/p>\n<p>&nbsp;<\/p>","protected":false},"featured_media":1973,"template":"","meta":{"inline_featured_image":false},"product_brand":[],"product_cat":[33,98,37],"product_tag":[],"class_list":{"0":"post-1977","1":"product","2":"type-product","3":"status-publish","4":"has-post-thumbnail","6":"product_cat-borddaekning","7":"product_cat-stofservietter","8":"product_cat-tekstiler","10":"first","11":"instock","12":"taxable","13":"shipping-taxable","14":"purchasable","15":"product-type-simple"},"exclude_global_add_ons":false,"addons":[{"name":"Do you want gift wrapping?","type":"checkbox","position":0,"required":false,"title_format":"label","default":"","description_enable":false,"description":"","placeholder_enable":false,"placeholder":"","display":"images","restrictions_type":"any_text","adjust_price":false,"price":"","price_type":"flat_fee","restrictions":false,"min":"0","max":"0","options":[{"label":"Ja tak","price":"10","price_type":"flat_fee","image":11015,"visibility":true}],"id":1669646111}],"yoast_head":"<!-- This site is optimized with the Yoast SEO plugin v27.4 - https:\/\/yoast.com\/product\/yoast-seo-wordpress\/ -->\n<title>H\u00e5ndbroderede stofservietter i \u00f8kologisk bomuld | Tibladin<\/title>\n<meta name=\"description\" content=\"H\u00e5ndbroderede stofservietter med enkelt fint m\u00f8nster og kant i samme farve. findes i tre farver: brun, sort og gr\u00f8n. K\u00f8b d\u00e6kkeservietter for et komplet s\u00e6t\" \/>\n<meta name=\"robots\" content=\"index, follow, max-snippet:-1, max-image-preview:large, max-video-preview:-1\" \/>\n<link rel=\"canonical\" href=\"https:\/\/tibladin.dk\/en\/product-4\/cloth-napkin-with-hand-embroidered-pattern-black\/\" \/>\n<meta property=\"og:locale\" content=\"en_GB\" \/>\n<meta property=\"og:type\" content=\"article\" \/>\n<meta property=\"og:title\" content=\"H\u00e5ndbroderede stofservietter i \u00f8kologisk bomuld | Tibladin\" \/>\n<meta property=\"og:description\" content=\"H\u00e5ndbroderede stofservietter med enkelt fint m\u00f8nster og kant i samme farve. findes i tre farver: brun, sort og gr\u00f8n. K\u00f8b d\u00e6kkeservietter for et komplet s\u00e6t\" \/>\n<meta property=\"og:url\" content=\"https:\/\/tibladin.dk\/en\/product-4\/cloth-napkin-with-hand-embroidered-pattern-black\/\" \/>\n<meta property=\"og:site_name\" content=\"Tibladin\" \/>\n<meta property=\"article:modified_time\" content=\"2026-01-09T10:55:26+00:00\" \/>\n<meta property=\"og:image\" content=\"https:\/\/tibladin.dk\/wp-content\/uploads\/2022\/09\/Tibladin_marokkansk-stofserviet-med-sort-moenster_20100011_LS-1.jpg\" \/>\n\t<meta property=\"og:image:width\" content=\"800\" \/>\n\t<meta property=\"og:image:height\" content=\"800\" \/>\n\t<meta property=\"og:image:type\" content=\"image\/jpeg\" \/>\n<meta name=\"twitter:card\" content=\"summary_large_image\" \/>\n<meta name=\"twitter:label1\" content=\"Estimated reading time\" \/>\n\t<meta name=\"twitter:data1\" content=\"2 minutes\" \/>\n<script type=\"application\/ld+json\" class=\"yoast-schema-graph\">{\"@context\":\"https:\\\/\\\/schema.org\",\"@graph\":[{\"@type\":\"WebPage\",\"@id\":\"https:\\\/\\\/tibladin.dk\\\/produkt\\\/stofserviet-med-haandbroderet-moenster-sort\\\/\",\"url\":\"https:\\\/\\\/tibladin.dk\\\/produkt\\\/stofserviet-med-haandbroderet-moenster-sort\\\/\",\"name\":\"H\u00e5ndbroderede stofservietter i \u00f8kologisk bomuld | Tibladin\",\"isPartOf\":{\"@id\":\"https:\\\/\\\/tibladin.dk\\\/#website\"},\"primaryImageOfPage\":{\"@id\":\"https:\\\/\\\/tibladin.dk\\\/produkt\\\/stofserviet-med-haandbroderet-moenster-sort\\\/#primaryimage\"},\"image\":{\"@id\":\"https:\\\/\\\/tibladin.dk\\\/produkt\\\/stofserviet-med-haandbroderet-moenster-sort\\\/#primaryimage\"},\"thumbnailUrl\":\"https:\\\/\\\/tibladin.dk\\\/wp-content\\\/uploads\\\/2022\\\/09\\\/Tibladin_marokkansk-stofserviet-med-sort-moenster_20100011_LS-1.jpg\",\"datePublished\":\"2022-09-20T09:12:58+00:00\",\"dateModified\":\"2026-01-09T10:55:26+00:00\",\"description\":\"H\u00e5ndbroderede stofservietter med enkelt fint m\u00f8nster og kant i samme farve. findes i tre farver: brun, sort og gr\u00f8n. K\u00f8b d\u00e6kkeservietter for et komplet s\u00e6t\",\"breadcrumb\":{\"@id\":\"https:\\\/\\\/tibladin.dk\\\/produkt\\\/stofserviet-med-haandbroderet-moenster-sort\\\/#breadcrumb\"},\"inLanguage\":\"en-GB\",\"potentialAction\":[{\"@type\":\"ReadAction\",\"target\":[\"https:\\\/\\\/tibladin.dk\\\/produkt\\\/stofserviet-med-haandbroderet-moenster-sort\\\/\"]}]},{\"@type\":\"ImageObject\",\"inLanguage\":\"en-GB\",\"@id\":\"https:\\\/\\\/tibladin.dk\\\/produkt\\\/stofserviet-med-haandbroderet-moenster-sort\\\/#primaryimage\",\"url\":\"https:\\\/\\\/tibladin.dk\\\/wp-content\\\/uploads\\\/2022\\\/09\\\/Tibladin_marokkansk-stofserviet-med-sort-moenster_20100011_LS-1.jpg\",\"contentUrl\":\"https:\\\/\\\/tibladin.dk\\\/wp-content\\\/uploads\\\/2022\\\/09\\\/Tibladin_marokkansk-stofserviet-med-sort-moenster_20100011_LS-1.jpg\",\"width\":800,\"height\":800,\"caption\":\"Hvide stofservietter med marokkansk h\u00e5ndbroderet m\u00f8nster p\u00e5 et fad med dekorationer ved siden af\"},{\"@type\":\"BreadcrumbList\",\"@id\":\"https:\\\/\\\/tibladin.dk\\\/produkt\\\/stofserviet-med-haandbroderet-moenster-sort\\\/#breadcrumb\",\"itemListElement\":[{\"@type\":\"ListItem\",\"position\":1,\"name\":\"Hjem\",\"item\":\"https:\\\/\\\/tibladin.dk\\\/\"},{\"@type\":\"ListItem\",\"position\":2,\"name\":\"Shop\",\"item\":\"https:\\\/\\\/tibladin.dk\\\/shop\\\/\"},{\"@type\":\"ListItem\",\"position\":3,\"name\":\"Stofserviet med h\u00e5ndbroderet m\u00f8nster &#8211; sort\"}]},{\"@type\":\"WebSite\",\"@id\":\"https:\\\/\\\/tibladin.dk\\\/#website\",\"url\":\"https:\\\/\\\/tibladin.dk\\\/\",\"name\":\"Tibladin\",\"description\":\"Tibladin\",\"publisher\":{\"@id\":\"https:\\\/\\\/tibladin.dk\\\/#organization\"},\"potentialAction\":[{\"@type\":\"SearchAction\",\"target\":{\"@type\":\"EntryPoint\",\"urlTemplate\":\"https:\\\/\\\/tibladin.dk\\\/?s={search_term_string}\"},\"query-input\":{\"@type\":\"PropertyValueSpecification\",\"valueRequired\":true,\"valueName\":\"search_term_string\"}}],\"inLanguage\":\"en-GB\"},{\"@type\":\"Organization\",\"@id\":\"https:\\\/\\\/tibladin.dk\\\/#organization\",\"name\":\"Tibladin\",\"url\":\"https:\\\/\\\/tibladin.dk\\\/\",\"logo\":{\"@type\":\"ImageObject\",\"inLanguage\":\"en-GB\",\"@id\":\"https:\\\/\\\/tibladin.dk\\\/#\\\/schema\\\/logo\\\/image\\\/\",\"url\":\"https:\\\/\\\/tibladin.dk\\\/wp-content\\\/uploads\\\/2022\\\/09\\\/tibladin_logo.svg\",\"contentUrl\":\"https:\\\/\\\/tibladin.dk\\\/wp-content\\\/uploads\\\/2022\\\/09\\\/tibladin_logo.svg\",\"caption\":\"Tibladin\"},\"image\":{\"@id\":\"https:\\\/\\\/tibladin.dk\\\/#\\\/schema\\\/logo\\\/image\\\/\"}}]}<\/script>\n<!-- \/ Yoast SEO plugin. -->","yoast_head_json":{"title":"Hand-embroidered fabric napkins in organic cotton | Tibladin","description":"Hand-embroidered fabric napkins with a simple fine pattern and border in the same colour. available in three colours: brown, black and green. Buy placemats for a complete set","robots":{"index":"index","follow":"follow","max-snippet":"max-snippet:-1","max-image-preview":"max-image-preview:large","max-video-preview":"max-video-preview:-1"},"canonical":"https:\/\/tibladin.dk\/en\/product-4\/cloth-napkin-with-hand-embroidered-pattern-black\/","og_locale":"en_GB","og_type":"article","og_title":"H\u00e5ndbroderede stofservietter i \u00f8kologisk bomuld | Tibladin","og_description":"H\u00e5ndbroderede stofservietter med enkelt fint m\u00f8nster og kant i samme farve. findes i tre farver: brun, sort og gr\u00f8n. K\u00f8b d\u00e6kkeservietter for et komplet s\u00e6t","og_url":"https:\/\/tibladin.dk\/en\/product-4\/cloth-napkin-with-hand-embroidered-pattern-black\/","og_site_name":"Tibladin","article_modified_time":"2026-01-09T10:55:26+00:00","og_image":[{"width":800,"height":800,"url":"https:\/\/tibladin.dk\/wp-content\/uploads\/2022\/09\/Tibladin_marokkansk-stofserviet-med-sort-moenster_20100011_LS-1.jpg","type":"image\/jpeg"}],"twitter_card":"summary_large_image","twitter_misc":{"Estimated reading time":"2 minutes"},"schema":{"@context":"https:\/\/schema.org","@graph":[{"@type":"WebPage","@id":"https:\/\/tibladin.dk\/produkt\/stofserviet-med-haandbroderet-moenster-sort\/","url":"https:\/\/tibladin.dk\/produkt\/stofserviet-med-haandbroderet-moenster-sort\/","name":"Hand-embroidered fabric napkins in organic cotton | Tibladin","isPartOf":{"@id":"https:\/\/tibladin.dk\/#website"},"primaryImageOfPage":{"@id":"https:\/\/tibladin.dk\/produkt\/stofserviet-med-haandbroderet-moenster-sort\/#primaryimage"},"image":{"@id":"https:\/\/tibladin.dk\/produkt\/stofserviet-med-haandbroderet-moenster-sort\/#primaryimage"},"thumbnailUrl":"https:\/\/tibladin.dk\/wp-content\/uploads\/2022\/09\/Tibladin_marokkansk-stofserviet-med-sort-moenster_20100011_LS-1.jpg","datePublished":"2022-09-20T09:12:58+00:00","dateModified":"2026-01-09T10:55:26+00:00","description":"Hand-embroidered fabric napkins with a simple fine pattern and border in the same colour. available in three colours: brown, black and green. Buy placemats for a complete set","breadcrumb":{"@id":"https:\/\/tibladin.dk\/produkt\/stofserviet-med-haandbroderet-moenster-sort\/#breadcrumb"},"inLanguage":"en-GB","potentialAction":[{"@type":"ReadAction","target":["https:\/\/tibladin.dk\/produkt\/stofserviet-med-haandbroderet-moenster-sort\/"]}]},{"@type":"ImageObject","inLanguage":"en-GB","@id":"https:\/\/tibladin.dk\/produkt\/stofserviet-med-haandbroderet-moenster-sort\/#primaryimage","url":"https:\/\/tibladin.dk\/wp-content\/uploads\/2022\/09\/Tibladin_marokkansk-stofserviet-med-sort-moenster_20100011_LS-1.jpg","contentUrl":"https:\/\/tibladin.dk\/wp-content\/uploads\/2022\/09\/Tibladin_marokkansk-stofserviet-med-sort-moenster_20100011_LS-1.jpg","width":800,"height":800,"caption":"Hvide stofservietter med marokkansk h\u00e5ndbroderet m\u00f8nster p\u00e5 et fad med dekorationer ved siden af"},{"@type":"BreadcrumbList","@id":"https:\/\/tibladin.dk\/produkt\/stofserviet-med-haandbroderet-moenster-sort\/#breadcrumb","itemListElement":[{"@type":"ListItem","position":1,"name":"Hjem","item":"https:\/\/tibladin.dk\/"},{"@type":"ListItem","position":2,"name":"Shop","item":"https:\/\/tibladin.dk\/shop\/"},{"@type":"ListItem","position":3,"name":"Stofserviet med h\u00e5ndbroderet m\u00f8nster &#8211; sort"}]},{"@type":"WebSite","@id":"https:\/\/tibladin.dk\/#website","url":"https:\/\/tibladin.dk\/","name":"Tibladin","description":"Tibladin","publisher":{"@id":"https:\/\/tibladin.dk\/#organization"},"potentialAction":[{"@type":"SearchAction","target":{"@type":"EntryPoint","urlTemplate":"https:\/\/tibladin.dk\/?s={search_term_string}"},"query-input":{"@type":"PropertyValueSpecification","valueRequired":true,"valueName":"search_term_string"}}],"inLanguage":"en-GB"},{"@type":"Organization","@id":"https:\/\/tibladin.dk\/#organization","name":"Tibladin","url":"https:\/\/tibladin.dk\/","logo":{"@type":"ImageObject","inLanguage":"en-GB","@id":"https:\/\/tibladin.dk\/#\/schema\/logo\/image\/","url":"https:\/\/tibladin.dk\/wp-content\/uploads\/2022\/09\/tibladin_logo.svg","contentUrl":"https:\/\/tibladin.dk\/wp-content\/uploads\/2022\/09\/tibladin_logo.svg","caption":"Tibladin"},"image":{"@id":"https:\/\/tibladin.dk\/#\/schema\/logo\/image\/"}}]}},"_links":{"self":[{"href":"https:\/\/tibladin.dk\/en\/wp-json\/wp\/v2\/product\/1977","targetHints":{"allow":["GET"]}}],"collection":[{"href":"https:\/\/tibladin.dk\/en\/wp-json\/wp\/v2\/product"}],"about":[{"href":"https:\/\/tibladin.dk\/en\/wp-json\/wp\/v2\/types\/product"}],"wp:featuredmedia":[{"embeddable":true,"href":"https:\/\/tibladin.dk\/en\/wp-json\/wp\/v2\/media\/1973"}],"wp:attachment":[{"href":"https:\/\/tibladin.dk\/en\/wp-json\/wp\/v2\/media?parent=1977"}],"wp:term":[{"taxonomy":"product_brand","embeddable":true,"href":"https:\/\/tibladin.dk\/en\/wp-json\/wp\/v2\/product_brand?post=1977"},{"taxonomy":"product_cat","embeddable":true,"href":"https:\/\/tibladin.dk\/en\/wp-json\/wp\/v2\/product_cat?post=1977"},{"taxonomy":"product_tag","embeddable":true,"href":"https:\/\/tibladin.dk\/en\/wp-json\/wp\/v2\/product_tag?post=1977"}],"curies":[{"name":"wp","href":"https:\/\/api.w.org\/{rel}","templated":true}]}}