{"id":2027,"date":"2022-09-20T11:13:17","date_gmt":"2022-09-20T09:13:17","guid":{"rendered":"https:\/\/tibladin.dk\/vare\/oekologisk-shampoo-bar-til-normalt-toert-haar\/"},"modified":"2025-07-26T13:44:17","modified_gmt":"2025-07-26T11:44:17","slug":"organic-shampoo-bar-for-normal-dry-hair","status":"publish","type":"product","link":"https:\/\/tibladin.dk\/en\/produkt\/oekologisk-shampoo-bar-til-normalt-toert-haar\/","title":{"rendered":"Organic Shampoo bar for normal\/dry hair"},"content":{"rendered":"<div class=\"wpb-content-wrapper\"><div class=\"vc_row wpb_row vc_row-fluid\"><div class=\"wpb_column vc_column_container vc_col-sm-4\"><div class=\"vc_column-inner\"><div class=\"wpb_wrapper\"><\/div><\/div><\/div><div class=\"wpb_column vc_column_container vc_col-sm-4\"><div class=\"vc_column-inner\"><div class=\"wpb_wrapper\"><h3 style=\"text-align: left\" class=\"vc_custom_heading vc_do_custom_heading\" >Maintenance<\/h3>\n\t<div class=\"wpb_text_column wpb_content_element\" >\n\t\t<div class=\"wpb_wrapper\">\n\t\t\t<p>75 grams<span class=\"Apple-converted-space\">\u00a0<\/span><\/p>\n<p>Rinse your hair and rub your hands on the shampoo bar and let it foam up on your hands and apply it to your hair. Massage into the hair and rinse with clean water.<\/p>\n\n\t\t<\/div>\n\t<\/div>\n<\/div><\/div><\/div><div class=\"wpb_column vc_column_container vc_col-sm-4\"><div class=\"vc_column-inner\"><div class=\"wpb_wrapper\"><h3 style=\"text-align: left\" class=\"vc_custom_heading vc_do_custom_heading\" >The story behind<\/h3>\n\t<div class=\"wpb_text_column wpb_content_element\" >\n\t\t<div class=\"wpb_wrapper\">\n\t\t\t<p>Soaps from L&#039;art du bain which were created in Marrakech in 2004 and have been produced in Nantes in France since 2016.<span class=\"Apple-converted-space\">\u00a0<\/span><\/p>\n<p>Cold-stirred soaps from natural ingredients and apple oils from Morocco, shaped by hand, one by one.<span class=\"Apple-converted-space\">\u00a0A solid bar of soap is a good way to minimize plastic consumption in everyday life.<\/span><\/p>\n<p>An artisanal, careful way of preparing soaps which gives a very fine quality. The soaps are made exclusively from natural fine ingredients with respect for the environment. The technique of making cold-mixed soaps means that the soaps retain the natural glycerin in them and the natural oils, which give a more moisturizing soap.<\/p>\n\n\t\t<\/div>\n\t<\/div>\n<\/div><\/div><\/div><\/div>\n<\/div>","protected":false},"excerpt":{"rendered":"<p>SHAMPOO BAR<\/p>\n<p>For normal\/dry hair.<\/p>\n<p>Delicious shampoo bar with grapefruit and mild orange. Comes in a beautiful round metal box.<\/p>\n<p>A solid shampoo where there is no waste. Everything can be used and you help the environment by saving the plastic bottles of your shampoo.<\/p>\n<p>Only natural ingredients, made from clay and natural oils.<\/p>\n<p>Ingredients: yellow clay, organic coconut oil, SCI, corn starch, water, natural pure and mild orange oil, and natural pure grapefruit oil.<\/p>","protected":false},"featured_media":2025,"template":"","meta":{"inline_featured_image":false},"product_brand":[],"product_cat":[27,29,103,106],"product_tag":[],"class_list":{"0":"post-2027","1":"product","2":"type-product","3":"status-publish","4":"has-post-thumbnail","6":"product_cat-diverse","7":"product_cat-gaven-til-den-unge-pige","8":"product_cat-personlig-pleje","9":"product_cat-shampoo-bar","11":"first","12":"instock","13":"taxable","14":"shipping-taxable","15":"purchasable","16":"product-type-simple"},"exclude_global_add_ons":false,"addons":[{"name":"Do you want gift wrapping?","type":"checkbox","position":0,"required":false,"title_format":"label","default":"","description_enable":false,"description":"","placeholder_enable":false,"placeholder":"","display":"images","restrictions_type":"any_text","adjust_price":false,"price":"","price_type":"flat_fee","restrictions":false,"min":"0","max":"0","options":[{"label":"Ja tak","price":"10","price_type":"flat_fee","image":11015,"visibility":true}],"id":1669646111}],"yoast_head":"<!-- This site is optimized with the Yoast SEO plugin v27.5 - https:\/\/yoast.com\/product\/yoast-seo-wordpress\/ -->\n<title>H\u00e5ndlavet marokkansk shampoo bar.<\/title>\n<meta name=\"description\" content=\"Marokkansk shampoo bar til normalt\/t\u00f8rt h\u00e5r. Skib plastikflaskerne og g\u00e5 over til et mere b\u00e6redygtigt alternativ. Ingen spild.\" \/>\n<meta name=\"robots\" content=\"index, follow, max-snippet:-1, max-image-preview:large, max-video-preview:-1\" \/>\n<link rel=\"canonical\" href=\"https:\/\/tibladin.dk\/en\/product-4\/organic-shampoo-bar-for-normal-dry-hair\/\" \/>\n<meta property=\"og:locale\" content=\"en_GB\" \/>\n<meta property=\"og:type\" content=\"article\" \/>\n<meta property=\"og:title\" content=\"H\u00e5ndlavet marokkansk shampoo bar.\" \/>\n<meta property=\"og:description\" content=\"Marokkansk shampoo bar til normalt\/t\u00f8rt h\u00e5r. Skib plastikflaskerne og g\u00e5 over til et mere b\u00e6redygtigt alternativ. Ingen spild.\" \/>\n<meta property=\"og:url\" content=\"https:\/\/tibladin.dk\/en\/product-4\/organic-shampoo-bar-for-normal-dry-hair\/\" \/>\n<meta property=\"og:site_name\" content=\"Tibladin\" \/>\n<meta property=\"article:modified_time\" content=\"2025-07-26T11:44:17+00:00\" \/>\n<meta property=\"og:image\" content=\"https:\/\/tibladin.dk\/wp-content\/uploads\/2022\/09\/shampoo-jaune_800x800-1.jpg\" \/>\n\t<meta property=\"og:image:width\" content=\"800\" \/>\n\t<meta property=\"og:image:height\" content=\"800\" \/>\n\t<meta property=\"og:image:type\" content=\"image\/jpeg\" \/>\n<meta name=\"twitter:card\" content=\"summary_large_image\" \/>\n<meta name=\"twitter:label1\" content=\"Estimated reading time\" \/>\n\t<meta name=\"twitter:data1\" content=\"2 minutes\" \/>\n<script type=\"application\/ld+json\" class=\"yoast-schema-graph\">{\"@context\":\"https:\\\/\\\/schema.org\",\"@graph\":[{\"@type\":\"WebPage\",\"@id\":\"https:\\\/\\\/tibladin.dk\\\/produkt\\\/oekologisk-shampoo-bar-til-normalt-toert-haar\\\/\",\"url\":\"https:\\\/\\\/tibladin.dk\\\/produkt\\\/oekologisk-shampoo-bar-til-normalt-toert-haar\\\/\",\"name\":\"H\u00e5ndlavet marokkansk shampoo bar.\",\"isPartOf\":{\"@id\":\"https:\\\/\\\/tibladin.dk\\\/#website\"},\"primaryImageOfPage\":{\"@id\":\"https:\\\/\\\/tibladin.dk\\\/produkt\\\/oekologisk-shampoo-bar-til-normalt-toert-haar\\\/#primaryimage\"},\"image\":{\"@id\":\"https:\\\/\\\/tibladin.dk\\\/produkt\\\/oekologisk-shampoo-bar-til-normalt-toert-haar\\\/#primaryimage\"},\"thumbnailUrl\":\"https:\\\/\\\/tibladin.dk\\\/wp-content\\\/uploads\\\/2022\\\/09\\\/shampoo-jaune_800x800-1.jpg\",\"datePublished\":\"2022-09-20T09:13:17+00:00\",\"dateModified\":\"2025-07-26T11:44:17+00:00\",\"description\":\"Marokkansk shampoo bar til normalt\\\/t\u00f8rt h\u00e5r. Skib plastikflaskerne og g\u00e5 over til et mere b\u00e6redygtigt alternativ. Ingen spild.\",\"breadcrumb\":{\"@id\":\"https:\\\/\\\/tibladin.dk\\\/produkt\\\/oekologisk-shampoo-bar-til-normalt-toert-haar\\\/#breadcrumb\"},\"inLanguage\":\"en-GB\",\"potentialAction\":[{\"@type\":\"ReadAction\",\"target\":[\"https:\\\/\\\/tibladin.dk\\\/produkt\\\/oekologisk-shampoo-bar-til-normalt-toert-haar\\\/\"]}]},{\"@type\":\"ImageObject\",\"inLanguage\":\"en-GB\",\"@id\":\"https:\\\/\\\/tibladin.dk\\\/produkt\\\/oekologisk-shampoo-bar-til-normalt-toert-haar\\\/#primaryimage\",\"url\":\"https:\\\/\\\/tibladin.dk\\\/wp-content\\\/uploads\\\/2022\\\/09\\\/shampoo-jaune_800x800-1.jpg\",\"contentUrl\":\"https:\\\/\\\/tibladin.dk\\\/wp-content\\\/uploads\\\/2022\\\/09\\\/shampoo-jaune_800x800-1.jpg\",\"width\":800,\"height\":800,\"caption\":\"L' Art du bain shamoo bar\"},{\"@type\":\"BreadcrumbList\",\"@id\":\"https:\\\/\\\/tibladin.dk\\\/produkt\\\/oekologisk-shampoo-bar-til-normalt-toert-haar\\\/#breadcrumb\",\"itemListElement\":[{\"@type\":\"ListItem\",\"position\":1,\"name\":\"Hjem\",\"item\":\"https:\\\/\\\/tibladin.dk\\\/\"},{\"@type\":\"ListItem\",\"position\":2,\"name\":\"Shop\",\"item\":\"https:\\\/\\\/tibladin.dk\\\/shop\\\/\"},{\"@type\":\"ListItem\",\"position\":3,\"name\":\"\u00d8kologisk Shampoo bar til normalt\\\/t\u00f8rt h\u00e5r\"}]},{\"@type\":\"WebSite\",\"@id\":\"https:\\\/\\\/tibladin.dk\\\/#website\",\"url\":\"https:\\\/\\\/tibladin.dk\\\/\",\"name\":\"Tibladin\",\"description\":\"Tibladin\",\"publisher\":{\"@id\":\"https:\\\/\\\/tibladin.dk\\\/#organization\"},\"potentialAction\":[{\"@type\":\"SearchAction\",\"target\":{\"@type\":\"EntryPoint\",\"urlTemplate\":\"https:\\\/\\\/tibladin.dk\\\/?s={search_term_string}\"},\"query-input\":{\"@type\":\"PropertyValueSpecification\",\"valueRequired\":true,\"valueName\":\"search_term_string\"}}],\"inLanguage\":\"en-GB\"},{\"@type\":\"Organization\",\"@id\":\"https:\\\/\\\/tibladin.dk\\\/#organization\",\"name\":\"Tibladin\",\"url\":\"https:\\\/\\\/tibladin.dk\\\/\",\"logo\":{\"@type\":\"ImageObject\",\"inLanguage\":\"en-GB\",\"@id\":\"https:\\\/\\\/tibladin.dk\\\/#\\\/schema\\\/logo\\\/image\\\/\",\"url\":\"https:\\\/\\\/tibladin.dk\\\/wp-content\\\/uploads\\\/2022\\\/09\\\/tibladin_logo.svg\",\"contentUrl\":\"https:\\\/\\\/tibladin.dk\\\/wp-content\\\/uploads\\\/2022\\\/09\\\/tibladin_logo.svg\",\"caption\":\"Tibladin\"},\"image\":{\"@id\":\"https:\\\/\\\/tibladin.dk\\\/#\\\/schema\\\/logo\\\/image\\\/\"}}]}<\/script>\n<!-- \/ Yoast SEO plugin. -->","yoast_head_json":{"title":"Handmade Moroccan shampoo bar.","description":"Moroccan shampoo bar for normal\/dry hair. Dump the plastic bottles and switch to a more sustainable alternative. No waste.","robots":{"index":"index","follow":"follow","max-snippet":"max-snippet:-1","max-image-preview":"max-image-preview:large","max-video-preview":"max-video-preview:-1"},"canonical":"https:\/\/tibladin.dk\/en\/product-4\/organic-shampoo-bar-for-normal-dry-hair\/","og_locale":"en_GB","og_type":"article","og_title":"H\u00e5ndlavet marokkansk shampoo bar.","og_description":"Marokkansk shampoo bar til normalt\/t\u00f8rt h\u00e5r. Skib plastikflaskerne og g\u00e5 over til et mere b\u00e6redygtigt alternativ. Ingen spild.","og_url":"https:\/\/tibladin.dk\/en\/product-4\/organic-shampoo-bar-for-normal-dry-hair\/","og_site_name":"Tibladin","article_modified_time":"2025-07-26T11:44:17+00:00","og_image":[{"width":800,"height":800,"url":"https:\/\/tibladin.dk\/wp-content\/uploads\/2022\/09\/shampoo-jaune_800x800-1.jpg","type":"image\/jpeg"}],"twitter_card":"summary_large_image","twitter_misc":{"Estimated reading time":"2 minutes"},"schema":{"@context":"https:\/\/schema.org","@graph":[{"@type":"WebPage","@id":"https:\/\/tibladin.dk\/produkt\/oekologisk-shampoo-bar-til-normalt-toert-haar\/","url":"https:\/\/tibladin.dk\/produkt\/oekologisk-shampoo-bar-til-normalt-toert-haar\/","name":"Handmade Moroccan shampoo bar.","isPartOf":{"@id":"https:\/\/tibladin.dk\/#website"},"primaryImageOfPage":{"@id":"https:\/\/tibladin.dk\/produkt\/oekologisk-shampoo-bar-til-normalt-toert-haar\/#primaryimage"},"image":{"@id":"https:\/\/tibladin.dk\/produkt\/oekologisk-shampoo-bar-til-normalt-toert-haar\/#primaryimage"},"thumbnailUrl":"https:\/\/tibladin.dk\/wp-content\/uploads\/2022\/09\/shampoo-jaune_800x800-1.jpg","datePublished":"2022-09-20T09:13:17+00:00","dateModified":"2025-07-26T11:44:17+00:00","description":"Moroccan shampoo bar for normal\/dry hair. Dump the plastic bottles and switch to a more sustainable alternative. No waste.","breadcrumb":{"@id":"https:\/\/tibladin.dk\/produkt\/oekologisk-shampoo-bar-til-normalt-toert-haar\/#breadcrumb"},"inLanguage":"en-GB","potentialAction":[{"@type":"ReadAction","target":["https:\/\/tibladin.dk\/produkt\/oekologisk-shampoo-bar-til-normalt-toert-haar\/"]}]},{"@type":"ImageObject","inLanguage":"en-GB","@id":"https:\/\/tibladin.dk\/produkt\/oekologisk-shampoo-bar-til-normalt-toert-haar\/#primaryimage","url":"https:\/\/tibladin.dk\/wp-content\/uploads\/2022\/09\/shampoo-jaune_800x800-1.jpg","contentUrl":"https:\/\/tibladin.dk\/wp-content\/uploads\/2022\/09\/shampoo-jaune_800x800-1.jpg","width":800,"height":800,"caption":"L' Art du bain shamoo bar"},{"@type":"BreadcrumbList","@id":"https:\/\/tibladin.dk\/produkt\/oekologisk-shampoo-bar-til-normalt-toert-haar\/#breadcrumb","itemListElement":[{"@type":"ListItem","position":1,"name":"Hjem","item":"https:\/\/tibladin.dk\/"},{"@type":"ListItem","position":2,"name":"Shop","item":"https:\/\/tibladin.dk\/shop\/"},{"@type":"ListItem","position":3,"name":"\u00d8kologisk Shampoo bar til normalt\/t\u00f8rt h\u00e5r"}]},{"@type":"WebSite","@id":"https:\/\/tibladin.dk\/#website","url":"https:\/\/tibladin.dk\/","name":"Tibladin","description":"Tibladin","publisher":{"@id":"https:\/\/tibladin.dk\/#organization"},"potentialAction":[{"@type":"SearchAction","target":{"@type":"EntryPoint","urlTemplate":"https:\/\/tibladin.dk\/?s={search_term_string}"},"query-input":{"@type":"PropertyValueSpecification","valueRequired":true,"valueName":"search_term_string"}}],"inLanguage":"en-GB"},{"@type":"Organization","@id":"https:\/\/tibladin.dk\/#organization","name":"Tibladin","url":"https:\/\/tibladin.dk\/","logo":{"@type":"ImageObject","inLanguage":"en-GB","@id":"https:\/\/tibladin.dk\/#\/schema\/logo\/image\/","url":"https:\/\/tibladin.dk\/wp-content\/uploads\/2022\/09\/tibladin_logo.svg","contentUrl":"https:\/\/tibladin.dk\/wp-content\/uploads\/2022\/09\/tibladin_logo.svg","caption":"Tibladin"},"image":{"@id":"https:\/\/tibladin.dk\/#\/schema\/logo\/image\/"}}]}},"_links":{"self":[{"href":"https:\/\/tibladin.dk\/en\/wp-json\/wp\/v2\/product\/2027","targetHints":{"allow":["GET"]}}],"collection":[{"href":"https:\/\/tibladin.dk\/en\/wp-json\/wp\/v2\/product"}],"about":[{"href":"https:\/\/tibladin.dk\/en\/wp-json\/wp\/v2\/types\/product"}],"wp:featuredmedia":[{"embeddable":true,"href":"https:\/\/tibladin.dk\/en\/wp-json\/wp\/v2\/media\/2025"}],"wp:attachment":[{"href":"https:\/\/tibladin.dk\/en\/wp-json\/wp\/v2\/media?parent=2027"}],"wp:term":[{"taxonomy":"product_brand","embeddable":true,"href":"https:\/\/tibladin.dk\/en\/wp-json\/wp\/v2\/product_brand?post=2027"},{"taxonomy":"product_cat","embeddable":true,"href":"https:\/\/tibladin.dk\/en\/wp-json\/wp\/v2\/product_cat?post=2027"},{"taxonomy":"product_tag","embeddable":true,"href":"https:\/\/tibladin.dk\/en\/wp-json\/wp\/v2\/product_tag?post=2027"}],"curies":[{"name":"wp","href":"https:\/\/api.w.org\/{rel}","templated":true}]}}