{"id":2194,"date":"2022-09-20T11:14:23","date_gmt":"2022-09-20T09:14:23","guid":{"rendered":"https:\/\/tibladin.dk\/?post_type=product&#038;p=2194"},"modified":"2026-04-16T11:04:58","modified_gmt":"2026-04-16T09:04:58","slug":"slippers-men-terracotta","status":"publish","type":"product","link":"https:\/\/tibladin.dk\/en\/produkt\/slippers-herre-terracotta\/","title":{"rendered":"Men&#039;s slippers \u2013 terracotta"},"content":{"rendered":"<div class=\"wpb-content-wrapper\"><div class=\"vc_row wpb_row vc_row-fluid\"><div class=\"wpb_column vc_column_container vc_col-sm-4\"><div class=\"vc_column-inner\"><div class=\"wpb_wrapper\"><\/div><\/div><\/div><div class=\"wpb_column vc_column_container vc_col-sm-4\"><div class=\"vc_column-inner\"><div class=\"wpb_wrapper\"><h3 style=\"text-align: left\" class=\"vc_custom_heading vc_do_custom_heading\" >Maintenance<\/h3>\n\t<div class=\"wpb_text_column wpb_content_element\" >\n\t\t<div class=\"wpb_wrapper\">\n\t\t\t<p>As our Barbouche slippers are made entirely of leather, they have a long shelf life and will acquire a natural patina over time. You can choose to give them a coat of leather grease now and then. Be aware that the color may change slightly if exposed to water, as is the case with all leather materials.<\/p>\n<p>Size guide men approx. Goal:<\/p>\n<p>43<span class=\"Apple-converted-space\">\u00a0 <\/span>L: 27.6 cm<\/p>\n<p>44<span class=\"Apple-converted-space\">\u00a0 <\/span>L: 28 cm.<\/p>\n<p>45<span class=\"Apple-converted-space\">\u00a0 <\/span>L: 28.9 cm<\/p>\n<p>46<span class=\"Apple-converted-space\">\u00a0 <\/span>L: 29.3 cm.<\/p>\n<p>47<span class=\"Apple-converted-space\">\u00a0 <\/span>L: 30.1 cm.<\/p>\n<p>48 L:31,4<\/p>\n\n\t\t<\/div>\n\t<\/div>\n<\/div><\/div><\/div><div class=\"wpb_column vc_column_container vc_col-sm-4\"><div class=\"vc_column-inner\"><div class=\"wpb_wrapper\"><h3 style=\"text-align: left\" class=\"vc_custom_heading vc_do_custom_heading\" >The story behind<\/h3>\n\t<div class=\"wpb_text_column wpb_content_element\" >\n\t\t<div class=\"wpb_wrapper\">\n\t\t\t<p><i>Babouches\u00a0<\/i>are classic Moroccan slippers.<\/p>\n<p>They are handmade in the traditional way in Morocco. All in goat leather, so they feel silky smooth on your feet. With their many different colors and patterns, they can be included in most outfits and add a delicious touch of bohemian to a Scandinavian look. In Morocco, they are used outside as well as inside, and just wait, as soon as you get these nice slippers on your feet, you won&#039;t want to wear anything else.<\/p>\n\n\t\t<\/div>\n\t<\/div>\n<\/div><\/div><\/div><\/div>\n<\/div>","protected":false},"excerpt":{"rendered":"<p>Beautiful terracotta colored slippers.<\/p>\n<p>In Morocco, these are called slippers<em>\u00a0babouche. <\/em>They are handmade in the softest goat leather and will mold to your foot.<\/p>\n<p>If necessary, take a size larger than you normally use, as they may well be a little small in size.<\/p>","protected":false},"featured_media":2133,"template":"","meta":{"inline_featured_image":false},"product_brand":[],"product_cat":[47,79,81],"product_tag":[],"class_list":{"0":"post-2194","1":"product","2":"type-product","3":"status-publish","4":"has-post-thumbnail","6":"product_cat-gaven-til-ham","7":"product_cat-slippers","8":"product_cat-herre","10":"first","11":"instock","12":"taxable","13":"shipping-taxable","14":"purchasable","15":"product-type-variable"},"exclude_global_add_ons":false,"addons":[{"name":"Do you want gift wrapping?","type":"checkbox","position":0,"required":false,"title_format":"label","default":"","description_enable":false,"description":"","placeholder_enable":false,"placeholder":"","display":"images","restrictions_type":"any_text","adjust_price":false,"price":"","price_type":"flat_fee","restrictions":false,"min":"0","max":"0","options":[{"label":"Ja tak","price":"10","price_type":"flat_fee","image":11015,"visibility":true}],"id":1669646111}],"yoast_head":"<!-- This site is optimized with the Yoast SEO plugin v27.5 - https:\/\/yoast.com\/product\/yoast-seo-wordpress\/ -->\n<title>Slippers herre | Klassiske marokkanske sko | Kig hos Tibladin<\/title>\n<meta name=\"description\" content=\"Klassiske marokkanske hjemmesko lavet i silkebl\u00f8dt gedel\u00e6der. De f\u00e5s i seks forskellige farver til herrer. Disse sko vil holde i \u00e5revis.\" \/>\n<meta name=\"robots\" content=\"index, follow, max-snippet:-1, max-image-preview:large, max-video-preview:-1\" \/>\n<link rel=\"canonical\" href=\"https:\/\/tibladin.dk\/en\/product-4\/slippers-men-terracotta\/\" \/>\n<meta property=\"og:locale\" content=\"en_GB\" \/>\n<meta property=\"og:type\" content=\"article\" \/>\n<meta property=\"og:title\" content=\"Slippers herre | Klassiske marokkanske sko | Kig hos Tibladin\" \/>\n<meta property=\"og:description\" content=\"Klassiske marokkanske hjemmesko lavet i silkebl\u00f8dt gedel\u00e6der. De f\u00e5s i seks forskellige farver til herrer. Disse sko vil holde i \u00e5revis.\" \/>\n<meta property=\"og:url\" content=\"https:\/\/tibladin.dk\/en\/product-4\/slippers-men-terracotta\/\" \/>\n<meta property=\"og:site_name\" content=\"Tibladin\" \/>\n<meta property=\"article:modified_time\" content=\"2026-04-16T09:04:58+00:00\" \/>\n<meta property=\"og:image\" content=\"https:\/\/tibladin.dk\/wp-content\/uploads\/2022\/09\/PhotoRoom_20220205_115044-1-1.jpg\" \/>\n\t<meta property=\"og:image:width\" content=\"800\" \/>\n\t<meta property=\"og:image:height\" content=\"800\" \/>\n\t<meta property=\"og:image:type\" content=\"image\/jpeg\" \/>\n<meta name=\"twitter:card\" content=\"summary_large_image\" \/>\n<meta name=\"twitter:label1\" content=\"Estimated reading time\" \/>\n\t<meta name=\"twitter:data1\" content=\"2 minutes\" \/>\n<script type=\"application\/ld+json\" class=\"yoast-schema-graph\">{\"@context\":\"https:\\\/\\\/schema.org\",\"@graph\":[{\"@type\":\"WebPage\",\"@id\":\"https:\\\/\\\/tibladin.dk\\\/produkt\\\/slippers-herre-terracotta\\\/\",\"url\":\"https:\\\/\\\/tibladin.dk\\\/produkt\\\/slippers-herre-terracotta\\\/\",\"name\":\"Slippers herre | Klassiske marokkanske sko | Kig hos Tibladin\",\"isPartOf\":{\"@id\":\"https:\\\/\\\/tibladin.dk\\\/#website\"},\"primaryImageOfPage\":{\"@id\":\"https:\\\/\\\/tibladin.dk\\\/produkt\\\/slippers-herre-terracotta\\\/#primaryimage\"},\"image\":{\"@id\":\"https:\\\/\\\/tibladin.dk\\\/produkt\\\/slippers-herre-terracotta\\\/#primaryimage\"},\"thumbnailUrl\":\"https:\\\/\\\/tibladin.dk\\\/wp-content\\\/uploads\\\/2022\\\/09\\\/PhotoRoom_20220205_115044-1-1.jpg\",\"datePublished\":\"2022-09-20T09:14:23+00:00\",\"dateModified\":\"2026-04-16T09:04:58+00:00\",\"description\":\"Klassiske marokkanske hjemmesko lavet i silkebl\u00f8dt gedel\u00e6der. De f\u00e5s i seks forskellige farver til herrer. Disse sko vil holde i \u00e5revis.\",\"breadcrumb\":{\"@id\":\"https:\\\/\\\/tibladin.dk\\\/produkt\\\/slippers-herre-terracotta\\\/#breadcrumb\"},\"inLanguage\":\"en-GB\",\"potentialAction\":[{\"@type\":\"ReadAction\",\"target\":[\"https:\\\/\\\/tibladin.dk\\\/produkt\\\/slippers-herre-terracotta\\\/\"]}]},{\"@type\":\"ImageObject\",\"inLanguage\":\"en-GB\",\"@id\":\"https:\\\/\\\/tibladin.dk\\\/produkt\\\/slippers-herre-terracotta\\\/#primaryimage\",\"url\":\"https:\\\/\\\/tibladin.dk\\\/wp-content\\\/uploads\\\/2022\\\/09\\\/PhotoRoom_20220205_115044-1-1.jpg\",\"contentUrl\":\"https:\\\/\\\/tibladin.dk\\\/wp-content\\\/uploads\\\/2022\\\/09\\\/PhotoRoom_20220205_115044-1-1.jpg\",\"width\":800,\"height\":800,\"caption\":\"Marokkanske h\u00e5ndlavede hjemmesko i terracotta, forfra\"},{\"@type\":\"BreadcrumbList\",\"@id\":\"https:\\\/\\\/tibladin.dk\\\/produkt\\\/slippers-herre-terracotta\\\/#breadcrumb\",\"itemListElement\":[{\"@type\":\"ListItem\",\"position\":1,\"name\":\"Hjem\",\"item\":\"https:\\\/\\\/tibladin.dk\\\/\"},{\"@type\":\"ListItem\",\"position\":2,\"name\":\"Shop\",\"item\":\"https:\\\/\\\/tibladin.dk\\\/shop\\\/\"},{\"@type\":\"ListItem\",\"position\":3,\"name\":\"Slippers herre &#8211; terracotta\"}]},{\"@type\":\"WebSite\",\"@id\":\"https:\\\/\\\/tibladin.dk\\\/#website\",\"url\":\"https:\\\/\\\/tibladin.dk\\\/\",\"name\":\"Tibladin\",\"description\":\"Tibladin\",\"publisher\":{\"@id\":\"https:\\\/\\\/tibladin.dk\\\/#organization\"},\"potentialAction\":[{\"@type\":\"SearchAction\",\"target\":{\"@type\":\"EntryPoint\",\"urlTemplate\":\"https:\\\/\\\/tibladin.dk\\\/?s={search_term_string}\"},\"query-input\":{\"@type\":\"PropertyValueSpecification\",\"valueRequired\":true,\"valueName\":\"search_term_string\"}}],\"inLanguage\":\"en-GB\"},{\"@type\":\"Organization\",\"@id\":\"https:\\\/\\\/tibladin.dk\\\/#organization\",\"name\":\"Tibladin\",\"url\":\"https:\\\/\\\/tibladin.dk\\\/\",\"logo\":{\"@type\":\"ImageObject\",\"inLanguage\":\"en-GB\",\"@id\":\"https:\\\/\\\/tibladin.dk\\\/#\\\/schema\\\/logo\\\/image\\\/\",\"url\":\"https:\\\/\\\/tibladin.dk\\\/wp-content\\\/uploads\\\/2022\\\/09\\\/tibladin_logo.svg\",\"contentUrl\":\"https:\\\/\\\/tibladin.dk\\\/wp-content\\\/uploads\\\/2022\\\/09\\\/tibladin_logo.svg\",\"caption\":\"Tibladin\"},\"image\":{\"@id\":\"https:\\\/\\\/tibladin.dk\\\/#\\\/schema\\\/logo\\\/image\\\/\"}}]}<\/script>\n<!-- \/ Yoast SEO plugin. -->","yoast_head_json":{"title":"Lord of the Slippers | Classic Moroccan Shoes | Look at Tibladin","description":"Classic Moroccan slippers made of silky soft goat leather. They are available in six different colors for men. These shoes will last for years.","robots":{"index":"index","follow":"follow","max-snippet":"max-snippet:-1","max-image-preview":"max-image-preview:large","max-video-preview":"max-video-preview:-1"},"canonical":"https:\/\/tibladin.dk\/en\/product-4\/slippers-men-terracotta\/","og_locale":"en_GB","og_type":"article","og_title":"Slippers herre | Klassiske marokkanske sko | Kig hos Tibladin","og_description":"Klassiske marokkanske hjemmesko lavet i silkebl\u00f8dt gedel\u00e6der. De f\u00e5s i seks forskellige farver til herrer. Disse sko vil holde i \u00e5revis.","og_url":"https:\/\/tibladin.dk\/en\/product-4\/slippers-men-terracotta\/","og_site_name":"Tibladin","article_modified_time":"2026-04-16T09:04:58+00:00","og_image":[{"width":800,"height":800,"url":"https:\/\/tibladin.dk\/wp-content\/uploads\/2022\/09\/PhotoRoom_20220205_115044-1-1.jpg","type":"image\/jpeg"}],"twitter_card":"summary_large_image","twitter_misc":{"Estimated reading time":"2 minutes"},"schema":{"@context":"https:\/\/schema.org","@graph":[{"@type":"WebPage","@id":"https:\/\/tibladin.dk\/produkt\/slippers-herre-terracotta\/","url":"https:\/\/tibladin.dk\/produkt\/slippers-herre-terracotta\/","name":"Lord of the Slippers | Classic Moroccan Shoes | Look at Tibladin","isPartOf":{"@id":"https:\/\/tibladin.dk\/#website"},"primaryImageOfPage":{"@id":"https:\/\/tibladin.dk\/produkt\/slippers-herre-terracotta\/#primaryimage"},"image":{"@id":"https:\/\/tibladin.dk\/produkt\/slippers-herre-terracotta\/#primaryimage"},"thumbnailUrl":"https:\/\/tibladin.dk\/wp-content\/uploads\/2022\/09\/PhotoRoom_20220205_115044-1-1.jpg","datePublished":"2022-09-20T09:14:23+00:00","dateModified":"2026-04-16T09:04:58+00:00","description":"Classic Moroccan slippers made of silky soft goat leather. They are available in six different colors for men. These shoes will last for years.","breadcrumb":{"@id":"https:\/\/tibladin.dk\/produkt\/slippers-herre-terracotta\/#breadcrumb"},"inLanguage":"en-GB","potentialAction":[{"@type":"ReadAction","target":["https:\/\/tibladin.dk\/produkt\/slippers-herre-terracotta\/"]}]},{"@type":"ImageObject","inLanguage":"en-GB","@id":"https:\/\/tibladin.dk\/produkt\/slippers-herre-terracotta\/#primaryimage","url":"https:\/\/tibladin.dk\/wp-content\/uploads\/2022\/09\/PhotoRoom_20220205_115044-1-1.jpg","contentUrl":"https:\/\/tibladin.dk\/wp-content\/uploads\/2022\/09\/PhotoRoom_20220205_115044-1-1.jpg","width":800,"height":800,"caption":"Marokkanske h\u00e5ndlavede hjemmesko i terracotta, forfra"},{"@type":"BreadcrumbList","@id":"https:\/\/tibladin.dk\/produkt\/slippers-herre-terracotta\/#breadcrumb","itemListElement":[{"@type":"ListItem","position":1,"name":"Hjem","item":"https:\/\/tibladin.dk\/"},{"@type":"ListItem","position":2,"name":"Shop","item":"https:\/\/tibladin.dk\/shop\/"},{"@type":"ListItem","position":3,"name":"Slippers herre &#8211; terracotta"}]},{"@type":"WebSite","@id":"https:\/\/tibladin.dk\/#website","url":"https:\/\/tibladin.dk\/","name":"Tibladin","description":"Tibladin","publisher":{"@id":"https:\/\/tibladin.dk\/#organization"},"potentialAction":[{"@type":"SearchAction","target":{"@type":"EntryPoint","urlTemplate":"https:\/\/tibladin.dk\/?s={search_term_string}"},"query-input":{"@type":"PropertyValueSpecification","valueRequired":true,"valueName":"search_term_string"}}],"inLanguage":"en-GB"},{"@type":"Organization","@id":"https:\/\/tibladin.dk\/#organization","name":"Tibladin","url":"https:\/\/tibladin.dk\/","logo":{"@type":"ImageObject","inLanguage":"en-GB","@id":"https:\/\/tibladin.dk\/#\/schema\/logo\/image\/","url":"https:\/\/tibladin.dk\/wp-content\/uploads\/2022\/09\/tibladin_logo.svg","contentUrl":"https:\/\/tibladin.dk\/wp-content\/uploads\/2022\/09\/tibladin_logo.svg","caption":"Tibladin"},"image":{"@id":"https:\/\/tibladin.dk\/#\/schema\/logo\/image\/"}}]}},"_links":{"self":[{"href":"https:\/\/tibladin.dk\/en\/wp-json\/wp\/v2\/product\/2194","targetHints":{"allow":["GET"]}}],"collection":[{"href":"https:\/\/tibladin.dk\/en\/wp-json\/wp\/v2\/product"}],"about":[{"href":"https:\/\/tibladin.dk\/en\/wp-json\/wp\/v2\/types\/product"}],"wp:featuredmedia":[{"embeddable":true,"href":"https:\/\/tibladin.dk\/en\/wp-json\/wp\/v2\/media\/2133"}],"wp:attachment":[{"href":"https:\/\/tibladin.dk\/en\/wp-json\/wp\/v2\/media?parent=2194"}],"wp:term":[{"taxonomy":"product_brand","embeddable":true,"href":"https:\/\/tibladin.dk\/en\/wp-json\/wp\/v2\/product_brand?post=2194"},{"taxonomy":"product_cat","embeddable":true,"href":"https:\/\/tibladin.dk\/en\/wp-json\/wp\/v2\/product_cat?post=2194"},{"taxonomy":"product_tag","embeddable":true,"href":"https:\/\/tibladin.dk\/en\/wp-json\/wp\/v2\/product_tag?post=2194"}],"curies":[{"name":"wp","href":"https:\/\/api.w.org\/{rel}","templated":true}]}}