{"id":2237,"date":"2022-09-20T11:14:39","date_gmt":"2022-09-20T09:14:39","guid":{"rendered":"https:\/\/tibladin.dk\/?post_type=product&#038;p=2237"},"modified":"2024-12-09T14:29:35","modified_gmt":"2024-12-09T13:29:35","slug":"wooden-tables-in-gray-blue-moule","status":"publish","type":"product","link":"https:\/\/tibladin.dk\/en\/produkt\/traeborde-i-graa-blaa-moule\/","title":{"rendered":"Wooden tables in grey\/blue MOULE"},"content":{"rendered":"<div class=\"wpb-content-wrapper\"><div class=\"vc_row wpb_row vc_row-fluid\"><div class=\"wpb_column vc_column_container vc_col-sm-4\"><div class=\"vc_column-inner\"><div class=\"wpb_wrapper\"><\/div><\/div><\/div><div class=\"wpb_column vc_column_container vc_col-sm-4\"><div class=\"vc_column-inner\"><div class=\"wpb_wrapper\"><h3 style=\"text-align: left\" class=\"vc_custom_heading vc_do_custom_heading\" >Maintenance<\/h3>\n\t<div class=\"wpb_text_column wpb_content_element\" >\n\t\t<div class=\"wpb_wrapper\">\n\t\t\t<p>The tables can easily be wiped over with a damp cloth. If you wish, you can also give the wood a little oil to bring out the colors and keep the beautiful wood looking straight.<\/p>\n\n\t\t<\/div>\n\t<\/div>\n<\/div><\/div><\/div><div class=\"wpb_column vc_column_container vc_col-sm-4\"><div class=\"vc_column-inner\"><div class=\"wpb_wrapper\"><h3 style=\"text-align: left\" class=\"vc_custom_heading vc_do_custom_heading\" >The story behind<\/h3>\n\t<div class=\"wpb_text_column wpb_content_element\" >\n\t\t<div class=\"wpb_wrapper\">\n\t\t\t<p>Wooden tables in recycled wood from Moroccan doors. The tables have a rustic appearance with a steel frame and nice markings in the wood. The inspiring and beautiful Moroccan doors are given new life in these tables, where Moroccan style meets Scandinavian sustainable design. I personally also get associations with the maritime, the North Sea and trips to the summer house. That is why the tables are called MOULE, which means &#039;mussel&#039; in French. They fit well into any home and add a rustic, raw and natural look to the decor. They can be used as side tables by the sofa, where they can be placed together at different levels, but they can also be used separately and decorate, for example, the bedroom or the entrance hall. Developed in collaboration with designer from Marrakech.<\/p>\n<p>The tables are very rustic in appearance, and therefore have both cracks, veins and fissures in the wood. This makes them unique and natural and gives them their very special expression.<\/p>\n\n\t\t<\/div>\n\t<\/div>\n<\/div><\/div><\/div><\/div>\n<\/div>","protected":false},"excerpt":{"rendered":"<p>This rustic table is made from reclaimed wood from Moroccan doors and has a steel frame. The table brings to mind the maritime with the beautiful patterns in the wood and a rustic and raw appearance. At the same time, it fits in incredibly well with the Scandinavian interior design style, as the beautiful wooden tabletop brings nature inside. The table is available in three sizes, small, medium and large, which can both be put together and stand alone. The tables are completely unique, as there is only one of each.<\/p>\n<p>| Small: Diameter: 35 cm, Height 35 cm | Medium: Diameter: 40 cm, Height: 40 cm | Large: Diameter: 45 cm, Height: 45 cm |<\/p>\n<p>&nbsp;<\/p>","protected":false},"featured_media":2308,"template":"","meta":{"inline_featured_image":false},"product_brand":[],"product_cat":[82,39],"product_tag":[],"class_list":{"0":"post-2237","1":"product","2":"type-product","3":"status-publish","4":"has-post-thumbnail","6":"product_cat-borde","7":"product_cat-moebler","9":"first","10":"instock","11":"taxable","12":"shipping-taxable","13":"purchasable","14":"product-type-variable"},"exclude_global_add_ons":[],"addons":[],"yoast_head":"<!-- This site is optimized with the Yoast SEO plugin v27.4 - https:\/\/yoast.com\/product\/yoast-seo-wordpress\/ -->\n<title>Tr\u00e6bord af genbrugstr\u00e6 | Unika marokkansk design | Tibladin<\/title>\n<meta name=\"description\" content=\"Flot bord med st\u00e5l-stel og en bordplade i genbrugstr\u00e6 fra Marrokanske d\u00f8re. Kan let tils\u00e6ttes din indretning og giver et rustikt udtryk.\" \/>\n<meta name=\"robots\" content=\"index, follow, max-snippet:-1, max-image-preview:large, max-video-preview:-1\" \/>\n<link rel=\"canonical\" href=\"https:\/\/tibladin.dk\/en\/product-4\/wooden-tables-in-gray-blue-moule\/\" \/>\n<meta property=\"og:locale\" content=\"en_GB\" \/>\n<meta property=\"og:type\" content=\"article\" \/>\n<meta property=\"og:title\" content=\"Tr\u00e6bord af genbrugstr\u00e6 | Unika marokkansk design | Tibladin\" \/>\n<meta property=\"og:description\" content=\"Flot bord med st\u00e5l-stel og en bordplade i genbrugstr\u00e6 fra Marrokanske d\u00f8re. Kan let tils\u00e6ttes din indretning og giver et rustikt udtryk.\" \/>\n<meta property=\"og:url\" content=\"https:\/\/tibladin.dk\/en\/product-4\/wooden-tables-in-gray-blue-moule\/\" \/>\n<meta property=\"og:site_name\" content=\"Tibladin\" \/>\n<meta property=\"article:modified_time\" content=\"2024-12-09T13:29:35+00:00\" \/>\n<meta property=\"og:image\" content=\"https:\/\/tibladin.dk\/wp-content\/uploads\/2022\/09\/traeborde-samlet-LS-1.jpg\" \/>\n\t<meta property=\"og:image:width\" content=\"800\" \/>\n\t<meta property=\"og:image:height\" content=\"800\" \/>\n\t<meta property=\"og:image:type\" content=\"image\/jpeg\" \/>\n<meta name=\"twitter:card\" content=\"summary_large_image\" \/>\n<meta name=\"twitter:label1\" content=\"Estimated reading time\" \/>\n\t<meta name=\"twitter:data1\" content=\"2 minutes\" \/>\n<script type=\"application\/ld+json\" class=\"yoast-schema-graph\">{\"@context\":\"https:\\\/\\\/schema.org\",\"@graph\":[{\"@type\":\"WebPage\",\"@id\":\"https:\\\/\\\/tibladin.dk\\\/produkt\\\/traeborde-i-graa-blaa-moule\\\/\",\"url\":\"https:\\\/\\\/tibladin.dk\\\/produkt\\\/traeborde-i-graa-blaa-moule\\\/\",\"name\":\"Tr\u00e6bord af genbrugstr\u00e6 | Unika marokkansk design | Tibladin\",\"isPartOf\":{\"@id\":\"https:\\\/\\\/tibladin.dk\\\/#website\"},\"primaryImageOfPage\":{\"@id\":\"https:\\\/\\\/tibladin.dk\\\/produkt\\\/traeborde-i-graa-blaa-moule\\\/#primaryimage\"},\"image\":{\"@id\":\"https:\\\/\\\/tibladin.dk\\\/produkt\\\/traeborde-i-graa-blaa-moule\\\/#primaryimage\"},\"thumbnailUrl\":\"https:\\\/\\\/tibladin.dk\\\/wp-content\\\/uploads\\\/2022\\\/09\\\/traeborde-samlet-LS-1.jpg\",\"datePublished\":\"2022-09-20T09:14:39+00:00\",\"dateModified\":\"2024-12-09T13:29:35+00:00\",\"description\":\"Flot bord med st\u00e5l-stel og en bordplade i genbrugstr\u00e6 fra Marrokanske d\u00f8re. Kan let tils\u00e6ttes din indretning og giver et rustikt udtryk.\",\"breadcrumb\":{\"@id\":\"https:\\\/\\\/tibladin.dk\\\/produkt\\\/traeborde-i-graa-blaa-moule\\\/#breadcrumb\"},\"inLanguage\":\"en-GB\",\"potentialAction\":[{\"@type\":\"ReadAction\",\"target\":[\"https:\\\/\\\/tibladin.dk\\\/produkt\\\/traeborde-i-graa-blaa-moule\\\/\"]}]},{\"@type\":\"ImageObject\",\"inLanguage\":\"en-GB\",\"@id\":\"https:\\\/\\\/tibladin.dk\\\/produkt\\\/traeborde-i-graa-blaa-moule\\\/#primaryimage\",\"url\":\"https:\\\/\\\/tibladin.dk\\\/wp-content\\\/uploads\\\/2022\\\/09\\\/traeborde-samlet-LS-1.jpg\",\"contentUrl\":\"https:\\\/\\\/tibladin.dk\\\/wp-content\\\/uploads\\\/2022\\\/09\\\/traeborde-samlet-LS-1.jpg\",\"width\":800,\"height\":800,\"caption\":\"Marokkanske h\u00e5ndlavede tr\u00e6border i large, medium og small, st\u00e5ende ved siden af hinanden, med dekorationer p\u00e5, ved siden af en s\u00e6kkestol\"},{\"@type\":\"BreadcrumbList\",\"@id\":\"https:\\\/\\\/tibladin.dk\\\/produkt\\\/traeborde-i-graa-blaa-moule\\\/#breadcrumb\",\"itemListElement\":[{\"@type\":\"ListItem\",\"position\":1,\"name\":\"Hjem\",\"item\":\"https:\\\/\\\/tibladin.dk\\\/\"},{\"@type\":\"ListItem\",\"position\":2,\"name\":\"Shop\",\"item\":\"https:\\\/\\\/tibladin.dk\\\/shop\\\/\"},{\"@type\":\"ListItem\",\"position\":3,\"name\":\"Tr\u00e6borde i gr\u00e5\\\/bl\u00e5 MOULE\"}]},{\"@type\":\"WebSite\",\"@id\":\"https:\\\/\\\/tibladin.dk\\\/#website\",\"url\":\"https:\\\/\\\/tibladin.dk\\\/\",\"name\":\"Tibladin\",\"description\":\"Tibladin\",\"publisher\":{\"@id\":\"https:\\\/\\\/tibladin.dk\\\/#organization\"},\"potentialAction\":[{\"@type\":\"SearchAction\",\"target\":{\"@type\":\"EntryPoint\",\"urlTemplate\":\"https:\\\/\\\/tibladin.dk\\\/?s={search_term_string}\"},\"query-input\":{\"@type\":\"PropertyValueSpecification\",\"valueRequired\":true,\"valueName\":\"search_term_string\"}}],\"inLanguage\":\"en-GB\"},{\"@type\":\"Organization\",\"@id\":\"https:\\\/\\\/tibladin.dk\\\/#organization\",\"name\":\"Tibladin\",\"url\":\"https:\\\/\\\/tibladin.dk\\\/\",\"logo\":{\"@type\":\"ImageObject\",\"inLanguage\":\"en-GB\",\"@id\":\"https:\\\/\\\/tibladin.dk\\\/#\\\/schema\\\/logo\\\/image\\\/\",\"url\":\"https:\\\/\\\/tibladin.dk\\\/wp-content\\\/uploads\\\/2022\\\/09\\\/tibladin_logo.svg\",\"contentUrl\":\"https:\\\/\\\/tibladin.dk\\\/wp-content\\\/uploads\\\/2022\\\/09\\\/tibladin_logo.svg\",\"caption\":\"Tibladin\"},\"image\":{\"@id\":\"https:\\\/\\\/tibladin.dk\\\/#\\\/schema\\\/logo\\\/image\\\/\"}}]}<\/script>\n<!-- \/ Yoast SEO plugin. -->","yoast_head_json":{"title":"Wooden table made of recycled wood | Unique Moroccan design | Tibladin","description":"Nice table with a steel frame and a table top in recycled wood from Moroccan doors. Can easily be added to your decor and gives a rustic look.","robots":{"index":"index","follow":"follow","max-snippet":"max-snippet:-1","max-image-preview":"max-image-preview:large","max-video-preview":"max-video-preview:-1"},"canonical":"https:\/\/tibladin.dk\/en\/product-4\/wooden-tables-in-gray-blue-moule\/","og_locale":"en_GB","og_type":"article","og_title":"Tr\u00e6bord af genbrugstr\u00e6 | Unika marokkansk design | Tibladin","og_description":"Flot bord med st\u00e5l-stel og en bordplade i genbrugstr\u00e6 fra Marrokanske d\u00f8re. Kan let tils\u00e6ttes din indretning og giver et rustikt udtryk.","og_url":"https:\/\/tibladin.dk\/en\/product-4\/wooden-tables-in-gray-blue-moule\/","og_site_name":"Tibladin","article_modified_time":"2024-12-09T13:29:35+00:00","og_image":[{"width":800,"height":800,"url":"https:\/\/tibladin.dk\/wp-content\/uploads\/2022\/09\/traeborde-samlet-LS-1.jpg","type":"image\/jpeg"}],"twitter_card":"summary_large_image","twitter_misc":{"Estimated reading time":"2 minutes"},"schema":{"@context":"https:\/\/schema.org","@graph":[{"@type":"WebPage","@id":"https:\/\/tibladin.dk\/produkt\/traeborde-i-graa-blaa-moule\/","url":"https:\/\/tibladin.dk\/produkt\/traeborde-i-graa-blaa-moule\/","name":"Wooden table made of recycled wood | Unique Moroccan design | Tibladin","isPartOf":{"@id":"https:\/\/tibladin.dk\/#website"},"primaryImageOfPage":{"@id":"https:\/\/tibladin.dk\/produkt\/traeborde-i-graa-blaa-moule\/#primaryimage"},"image":{"@id":"https:\/\/tibladin.dk\/produkt\/traeborde-i-graa-blaa-moule\/#primaryimage"},"thumbnailUrl":"https:\/\/tibladin.dk\/wp-content\/uploads\/2022\/09\/traeborde-samlet-LS-1.jpg","datePublished":"2022-09-20T09:14:39+00:00","dateModified":"2024-12-09T13:29:35+00:00","description":"Nice table with a steel frame and a table top in recycled wood from Moroccan doors. Can easily be added to your decor and gives a rustic look.","breadcrumb":{"@id":"https:\/\/tibladin.dk\/produkt\/traeborde-i-graa-blaa-moule\/#breadcrumb"},"inLanguage":"en-GB","potentialAction":[{"@type":"ReadAction","target":["https:\/\/tibladin.dk\/produkt\/traeborde-i-graa-blaa-moule\/"]}]},{"@type":"ImageObject","inLanguage":"en-GB","@id":"https:\/\/tibladin.dk\/produkt\/traeborde-i-graa-blaa-moule\/#primaryimage","url":"https:\/\/tibladin.dk\/wp-content\/uploads\/2022\/09\/traeborde-samlet-LS-1.jpg","contentUrl":"https:\/\/tibladin.dk\/wp-content\/uploads\/2022\/09\/traeborde-samlet-LS-1.jpg","width":800,"height":800,"caption":"Marokkanske h\u00e5ndlavede tr\u00e6border i large, medium og small, st\u00e5ende ved siden af hinanden, med dekorationer p\u00e5, ved siden af en s\u00e6kkestol"},{"@type":"BreadcrumbList","@id":"https:\/\/tibladin.dk\/produkt\/traeborde-i-graa-blaa-moule\/#breadcrumb","itemListElement":[{"@type":"ListItem","position":1,"name":"Hjem","item":"https:\/\/tibladin.dk\/"},{"@type":"ListItem","position":2,"name":"Shop","item":"https:\/\/tibladin.dk\/shop\/"},{"@type":"ListItem","position":3,"name":"Tr\u00e6borde i gr\u00e5\/bl\u00e5 MOULE"}]},{"@type":"WebSite","@id":"https:\/\/tibladin.dk\/#website","url":"https:\/\/tibladin.dk\/","name":"Tibladin","description":"Tibladin","publisher":{"@id":"https:\/\/tibladin.dk\/#organization"},"potentialAction":[{"@type":"SearchAction","target":{"@type":"EntryPoint","urlTemplate":"https:\/\/tibladin.dk\/?s={search_term_string}"},"query-input":{"@type":"PropertyValueSpecification","valueRequired":true,"valueName":"search_term_string"}}],"inLanguage":"en-GB"},{"@type":"Organization","@id":"https:\/\/tibladin.dk\/#organization","name":"Tibladin","url":"https:\/\/tibladin.dk\/","logo":{"@type":"ImageObject","inLanguage":"en-GB","@id":"https:\/\/tibladin.dk\/#\/schema\/logo\/image\/","url":"https:\/\/tibladin.dk\/wp-content\/uploads\/2022\/09\/tibladin_logo.svg","contentUrl":"https:\/\/tibladin.dk\/wp-content\/uploads\/2022\/09\/tibladin_logo.svg","caption":"Tibladin"},"image":{"@id":"https:\/\/tibladin.dk\/#\/schema\/logo\/image\/"}}]}},"_links":{"self":[{"href":"https:\/\/tibladin.dk\/en\/wp-json\/wp\/v2\/product\/2237","targetHints":{"allow":["GET"]}}],"collection":[{"href":"https:\/\/tibladin.dk\/en\/wp-json\/wp\/v2\/product"}],"about":[{"href":"https:\/\/tibladin.dk\/en\/wp-json\/wp\/v2\/types\/product"}],"wp:featuredmedia":[{"embeddable":true,"href":"https:\/\/tibladin.dk\/en\/wp-json\/wp\/v2\/media\/2308"}],"wp:attachment":[{"href":"https:\/\/tibladin.dk\/en\/wp-json\/wp\/v2\/media?parent=2237"}],"wp:term":[{"taxonomy":"product_brand","embeddable":true,"href":"https:\/\/tibladin.dk\/en\/wp-json\/wp\/v2\/product_brand?post=2237"},{"taxonomy":"product_cat","embeddable":true,"href":"https:\/\/tibladin.dk\/en\/wp-json\/wp\/v2\/product_cat?post=2237"},{"taxonomy":"product_tag","embeddable":true,"href":"https:\/\/tibladin.dk\/en\/wp-json\/wp\/v2\/product_tag?post=2237"}],"curies":[{"name":"wp","href":"https:\/\/api.w.org\/{rel}","templated":true}]}}