{"id":2298,"date":"2022-09-20T11:15:01","date_gmt":"2022-09-20T09:15:01","guid":{"rendered":"https:\/\/tibladin.dk\/?post_type=product&#038;p=2298"},"modified":"2024-12-09T14:28:40","modified_gmt":"2024-12-09T13:28:40","slug":"pillows-vintage-kilim-ourika-2","status":"publish","type":"product","link":"https:\/\/tibladin.dk\/en\/produkt\/puder-vintage-kelim-ourika\/","title":{"rendered":"Cushions vintage Kelim OURIKA"},"content":{"rendered":"<div class=\"wpb-content-wrapper\"><div class=\"vc_row wpb_row vc_row-fluid\"><div class=\"wpb_column vc_column_container vc_col-sm-4\"><div class=\"vc_column-inner\"><div class=\"wpb_wrapper\"><\/div><\/div><\/div><div class=\"wpb_column vc_column_container vc_col-sm-4\"><div class=\"vc_column-inner\"><div class=\"wpb_wrapper\"><h3 style=\"text-align: left\" class=\"vc_custom_heading vc_do_custom_heading\" >Maintenance<\/h3>\n\t<div class=\"wpb_text_column wpb_content_element\" >\n\t\t<div class=\"wpb_wrapper\">\n\t\t\t<p>The pillowcases are in kiria cotton with details of vintage Kilim rugs in wool. Dry clean at a dry cleaner. As the covers contain pieces of vintage Kelim carpets, there will be traces of use on them, which is just part of the charm.<\/p>\n\n\t\t<\/div>\n\t<\/div>\n<\/div><\/div><\/div><div class=\"wpb_column vc_column_container vc_col-sm-4\"><div class=\"vc_column-inner\"><div class=\"wpb_wrapper\"><h3 style=\"text-align: left\" class=\"vc_custom_heading vc_do_custom_heading\" >The story behind<\/h3>\n\t<div class=\"wpb_text_column wpb_content_element\" >\n\t\t<div class=\"wpb_wrapper\">\n\t\t\t<p>These beautiful handmade cushion covers are made of kiria cotton and parts of vitage Kilim rugs in wool. Here, vintage rugs from Morocco are given new life in a cushion cover that combines the simple expression of the kiria cotton with the beautiful patterns and textiles from the Kilim rugs. The beautiful vintage carpets bring colors and exciting patterns into the home, and depending on which old carpet we have chosen to use, you get a completely unique pillow. We have also added cords to the design that compliment the colors of the Kilim rugs. The cushions fit perfectly into the Scandinavian home, where the beautiful colors compliment a simple and warm style. Developed in collaboration with designer from Marrakech.<\/p>\n<p>The covers have a strong zip so they can be easily removed and cleaned.<\/p>\n<p>The covers fit 40 x 50 mounting pads.<\/p>\n\n\t\t<\/div>\n\t<\/div>\n<\/div><\/div><\/div><\/div>\n<\/div>","protected":false},"excerpt":{"rendered":"<p>Beautiful handmade cushion covers from vintage Kilim rugs in wool and kiria cotton. Vintage rugs from Morocco are given new life in these cushions with a completely unique design that brings beautiful Moroccan patterns and textiles into the home and adds life and color to any room.<\/p>\n<p>The cover measures 40 x 50. Fits 50 x 50 or 40 x 60 cm. mounting cushions, depending on how full you want the cushion.<\/p>\n<p>The cushion covers are supplied without cushions, but a mounting cushion can be purchased additionally.<\/p>\n<p>&nbsp;<\/p>\n<p>&nbsp;<\/p>","protected":false},"featured_media":2370,"template":"","meta":{"inline_featured_image":false},"product_brand":[],"product_cat":[66,37],"product_tag":[],"class_list":{"0":"post-2298","1":"product","2":"type-product","3":"status-publish","4":"has-post-thumbnail","6":"product_cat-pudebetraek","7":"product_cat-tekstiler","9":"first","10":"instock","11":"taxable","12":"shipping-taxable","13":"purchasable","14":"product-type-variable"},"exclude_global_add_ons":false,"addons":[{"name":"Do you want gift wrapping?","type":"checkbox","position":0,"required":false,"title_format":"label","default":"","description_enable":false,"description":"","placeholder_enable":false,"placeholder":"","display":"images","restrictions_type":"any_text","adjust_price":false,"price":"","price_type":"flat_fee","restrictions":false,"min":"0","max":"0","options":[{"label":"Ja tak","price":"10","price_type":"flat_fee","image":11015,"visibility":true}],"id":1669646111}],"yoast_head":"<!-- This site is optimized with the Yoast SEO plugin v27.5 - https:\/\/yoast.com\/product\/yoast-seo-wordpress\/ -->\n<title>Pude med vintage Kelimt\u00e6pper | Unikt design | Tibladin<\/title>\n<meta name=\"description\" content=\"H\u00e5ndlavet pudebetr\u00e6k i kiria bomuld og vintage Kelim t\u00e6pper. Passer til 40x50 eller 40x60 cm, alt efter hvor fyldig du \u00f8nsker den.\" \/>\n<meta name=\"robots\" content=\"index, follow, max-snippet:-1, max-image-preview:large, max-video-preview:-1\" \/>\n<link rel=\"canonical\" href=\"https:\/\/tibladin.dk\/en\/product-4\/pillows-vintage-kilim-ourika-2\/\" \/>\n<meta property=\"og:locale\" content=\"en_GB\" \/>\n<meta property=\"og:type\" content=\"article\" \/>\n<meta property=\"og:title\" content=\"Pude med vintage Kelimt\u00e6pper | Unikt design | Tibladin\" \/>\n<meta property=\"og:description\" content=\"H\u00e5ndlavet pudebetr\u00e6k i kiria bomuld og vintage Kelim t\u00e6pper. Passer til 40x50 eller 40x60 cm, alt efter hvor fyldig du \u00f8nsker den.\" \/>\n<meta property=\"og:url\" content=\"https:\/\/tibladin.dk\/en\/product-4\/pillows-vintage-kilim-ourika-2\/\" \/>\n<meta property=\"og:site_name\" content=\"Tibladin\" \/>\n<meta property=\"article:modified_time\" content=\"2024-12-09T13:28:40+00:00\" \/>\n<meta property=\"og:image\" content=\"https:\/\/tibladin.dk\/wp-content\/uploads\/2022\/09\/Ourik-puder_LS1-1.jpg\" \/>\n\t<meta property=\"og:image:width\" content=\"800\" \/>\n\t<meta property=\"og:image:height\" content=\"800\" \/>\n\t<meta property=\"og:image:type\" content=\"image\/jpeg\" \/>\n<meta name=\"twitter:card\" content=\"summary_large_image\" \/>\n<meta name=\"twitter:label1\" content=\"Estimated reading time\" \/>\n\t<meta name=\"twitter:data1\" content=\"2 minutes\" \/>\n<script type=\"application\/ld+json\" class=\"yoast-schema-graph\">{\"@context\":\"https:\\\/\\\/schema.org\",\"@graph\":[{\"@type\":\"WebPage\",\"@id\":\"https:\\\/\\\/tibladin.dk\\\/produkt\\\/puder-vintage-kelim-ourika\\\/\",\"url\":\"https:\\\/\\\/tibladin.dk\\\/produkt\\\/puder-vintage-kelim-ourika\\\/\",\"name\":\"Pude med vintage Kelimt\u00e6pper | Unikt design | Tibladin\",\"isPartOf\":{\"@id\":\"https:\\\/\\\/tibladin.dk\\\/#website\"},\"primaryImageOfPage\":{\"@id\":\"https:\\\/\\\/tibladin.dk\\\/produkt\\\/puder-vintage-kelim-ourika\\\/#primaryimage\"},\"image\":{\"@id\":\"https:\\\/\\\/tibladin.dk\\\/produkt\\\/puder-vintage-kelim-ourika\\\/#primaryimage\"},\"thumbnailUrl\":\"https:\\\/\\\/tibladin.dk\\\/wp-content\\\/uploads\\\/2022\\\/09\\\/Ourik-puder_LS1-1.jpg\",\"datePublished\":\"2022-09-20T09:15:01+00:00\",\"dateModified\":\"2024-12-09T13:28:40+00:00\",\"description\":\"H\u00e5ndlavet pudebetr\u00e6k i kiria bomuld og vintage Kelim t\u00e6pper. Passer til 40x50 eller 40x60 cm, alt efter hvor fyldig du \u00f8nsker den.\",\"breadcrumb\":{\"@id\":\"https:\\\/\\\/tibladin.dk\\\/produkt\\\/puder-vintage-kelim-ourika\\\/#breadcrumb\"},\"inLanguage\":\"en-GB\",\"potentialAction\":[{\"@type\":\"ReadAction\",\"target\":[\"https:\\\/\\\/tibladin.dk\\\/produkt\\\/puder-vintage-kelim-ourika\\\/\"]}]},{\"@type\":\"ImageObject\",\"inLanguage\":\"en-GB\",\"@id\":\"https:\\\/\\\/tibladin.dk\\\/produkt\\\/puder-vintage-kelim-ourika\\\/#primaryimage\",\"url\":\"https:\\\/\\\/tibladin.dk\\\/wp-content\\\/uploads\\\/2022\\\/09\\\/Ourik-puder_LS1-1.jpg\",\"contentUrl\":\"https:\\\/\\\/tibladin.dk\\\/wp-content\\\/uploads\\\/2022\\\/09\\\/Ourik-puder_LS1-1.jpg\",\"width\":800,\"height\":800,\"caption\":\"H\u00e5ndv\u00e6vede vintage kelim ourika pudebetr\u00e6k i hvidt beige m\u00f8nster p\u00e5 en sofa\"},{\"@type\":\"BreadcrumbList\",\"@id\":\"https:\\\/\\\/tibladin.dk\\\/produkt\\\/puder-vintage-kelim-ourika\\\/#breadcrumb\",\"itemListElement\":[{\"@type\":\"ListItem\",\"position\":1,\"name\":\"Hjem\",\"item\":\"https:\\\/\\\/tibladin.dk\\\/\"},{\"@type\":\"ListItem\",\"position\":2,\"name\":\"Shop\",\"item\":\"https:\\\/\\\/tibladin.dk\\\/shop\\\/\"},{\"@type\":\"ListItem\",\"position\":3,\"name\":\"Puder vintage Kelim OURIKA\"}]},{\"@type\":\"WebSite\",\"@id\":\"https:\\\/\\\/tibladin.dk\\\/#website\",\"url\":\"https:\\\/\\\/tibladin.dk\\\/\",\"name\":\"Tibladin\",\"description\":\"Tibladin\",\"publisher\":{\"@id\":\"https:\\\/\\\/tibladin.dk\\\/#organization\"},\"potentialAction\":[{\"@type\":\"SearchAction\",\"target\":{\"@type\":\"EntryPoint\",\"urlTemplate\":\"https:\\\/\\\/tibladin.dk\\\/?s={search_term_string}\"},\"query-input\":{\"@type\":\"PropertyValueSpecification\",\"valueRequired\":true,\"valueName\":\"search_term_string\"}}],\"inLanguage\":\"en-GB\"},{\"@type\":\"Organization\",\"@id\":\"https:\\\/\\\/tibladin.dk\\\/#organization\",\"name\":\"Tibladin\",\"url\":\"https:\\\/\\\/tibladin.dk\\\/\",\"logo\":{\"@type\":\"ImageObject\",\"inLanguage\":\"en-GB\",\"@id\":\"https:\\\/\\\/tibladin.dk\\\/#\\\/schema\\\/logo\\\/image\\\/\",\"url\":\"https:\\\/\\\/tibladin.dk\\\/wp-content\\\/uploads\\\/2022\\\/09\\\/tibladin_logo.svg\",\"contentUrl\":\"https:\\\/\\\/tibladin.dk\\\/wp-content\\\/uploads\\\/2022\\\/09\\\/tibladin_logo.svg\",\"caption\":\"Tibladin\"},\"image\":{\"@id\":\"https:\\\/\\\/tibladin.dk\\\/#\\\/schema\\\/logo\\\/image\\\/\"}}]}<\/script>\n<!-- \/ Yoast SEO plugin. -->","yoast_head_json":{"title":"Cushion with vintage Kilim rugs | Unique design | Tibladin","description":"Handmade pillow cover in kiria cotton and vintage Kilim rugs. Fits 40x50 or 40x60 cm, depending on how full you want it.","robots":{"index":"index","follow":"follow","max-snippet":"max-snippet:-1","max-image-preview":"max-image-preview:large","max-video-preview":"max-video-preview:-1"},"canonical":"https:\/\/tibladin.dk\/en\/product-4\/pillows-vintage-kilim-ourika-2\/","og_locale":"en_GB","og_type":"article","og_title":"Pude med vintage Kelimt\u00e6pper | Unikt design | Tibladin","og_description":"H\u00e5ndlavet pudebetr\u00e6k i kiria bomuld og vintage Kelim t\u00e6pper. Passer til 40x50 eller 40x60 cm, alt efter hvor fyldig du \u00f8nsker den.","og_url":"https:\/\/tibladin.dk\/en\/product-4\/pillows-vintage-kilim-ourika-2\/","og_site_name":"Tibladin","article_modified_time":"2024-12-09T13:28:40+00:00","og_image":[{"width":800,"height":800,"url":"https:\/\/tibladin.dk\/wp-content\/uploads\/2022\/09\/Ourik-puder_LS1-1.jpg","type":"image\/jpeg"}],"twitter_card":"summary_large_image","twitter_misc":{"Estimated reading time":"2 minutes"},"schema":{"@context":"https:\/\/schema.org","@graph":[{"@type":"WebPage","@id":"https:\/\/tibladin.dk\/produkt\/puder-vintage-kelim-ourika\/","url":"https:\/\/tibladin.dk\/produkt\/puder-vintage-kelim-ourika\/","name":"Cushion with vintage Kilim rugs | Unique design | Tibladin","isPartOf":{"@id":"https:\/\/tibladin.dk\/#website"},"primaryImageOfPage":{"@id":"https:\/\/tibladin.dk\/produkt\/puder-vintage-kelim-ourika\/#primaryimage"},"image":{"@id":"https:\/\/tibladin.dk\/produkt\/puder-vintage-kelim-ourika\/#primaryimage"},"thumbnailUrl":"https:\/\/tibladin.dk\/wp-content\/uploads\/2022\/09\/Ourik-puder_LS1-1.jpg","datePublished":"2022-09-20T09:15:01+00:00","dateModified":"2024-12-09T13:28:40+00:00","description":"Handmade pillow cover in kiria cotton and vintage Kilim rugs. Fits 40x50 or 40x60 cm, depending on how full you want it.","breadcrumb":{"@id":"https:\/\/tibladin.dk\/produkt\/puder-vintage-kelim-ourika\/#breadcrumb"},"inLanguage":"en-GB","potentialAction":[{"@type":"ReadAction","target":["https:\/\/tibladin.dk\/produkt\/puder-vintage-kelim-ourika\/"]}]},{"@type":"ImageObject","inLanguage":"en-GB","@id":"https:\/\/tibladin.dk\/produkt\/puder-vintage-kelim-ourika\/#primaryimage","url":"https:\/\/tibladin.dk\/wp-content\/uploads\/2022\/09\/Ourik-puder_LS1-1.jpg","contentUrl":"https:\/\/tibladin.dk\/wp-content\/uploads\/2022\/09\/Ourik-puder_LS1-1.jpg","width":800,"height":800,"caption":"H\u00e5ndv\u00e6vede vintage kelim ourika pudebetr\u00e6k i hvidt beige m\u00f8nster p\u00e5 en sofa"},{"@type":"BreadcrumbList","@id":"https:\/\/tibladin.dk\/produkt\/puder-vintage-kelim-ourika\/#breadcrumb","itemListElement":[{"@type":"ListItem","position":1,"name":"Hjem","item":"https:\/\/tibladin.dk\/"},{"@type":"ListItem","position":2,"name":"Shop","item":"https:\/\/tibladin.dk\/shop\/"},{"@type":"ListItem","position":3,"name":"Puder vintage Kelim OURIKA"}]},{"@type":"WebSite","@id":"https:\/\/tibladin.dk\/#website","url":"https:\/\/tibladin.dk\/","name":"Tibladin","description":"Tibladin","publisher":{"@id":"https:\/\/tibladin.dk\/#organization"},"potentialAction":[{"@type":"SearchAction","target":{"@type":"EntryPoint","urlTemplate":"https:\/\/tibladin.dk\/?s={search_term_string}"},"query-input":{"@type":"PropertyValueSpecification","valueRequired":true,"valueName":"search_term_string"}}],"inLanguage":"en-GB"},{"@type":"Organization","@id":"https:\/\/tibladin.dk\/#organization","name":"Tibladin","url":"https:\/\/tibladin.dk\/","logo":{"@type":"ImageObject","inLanguage":"en-GB","@id":"https:\/\/tibladin.dk\/#\/schema\/logo\/image\/","url":"https:\/\/tibladin.dk\/wp-content\/uploads\/2022\/09\/tibladin_logo.svg","contentUrl":"https:\/\/tibladin.dk\/wp-content\/uploads\/2022\/09\/tibladin_logo.svg","caption":"Tibladin"},"image":{"@id":"https:\/\/tibladin.dk\/#\/schema\/logo\/image\/"}}]}},"_links":{"self":[{"href":"https:\/\/tibladin.dk\/en\/wp-json\/wp\/v2\/product\/2298","targetHints":{"allow":["GET"]}}],"collection":[{"href":"https:\/\/tibladin.dk\/en\/wp-json\/wp\/v2\/product"}],"about":[{"href":"https:\/\/tibladin.dk\/en\/wp-json\/wp\/v2\/types\/product"}],"wp:featuredmedia":[{"embeddable":true,"href":"https:\/\/tibladin.dk\/en\/wp-json\/wp\/v2\/media\/2370"}],"wp:attachment":[{"href":"https:\/\/tibladin.dk\/en\/wp-json\/wp\/v2\/media?parent=2298"}],"wp:term":[{"taxonomy":"product_brand","embeddable":true,"href":"https:\/\/tibladin.dk\/en\/wp-json\/wp\/v2\/product_brand?post=2298"},{"taxonomy":"product_cat","embeddable":true,"href":"https:\/\/tibladin.dk\/en\/wp-json\/wp\/v2\/product_cat?post=2298"},{"taxonomy":"product_tag","embeddable":true,"href":"https:\/\/tibladin.dk\/en\/wp-json\/wp\/v2\/product_tag?post=2298"}],"curies":[{"name":"wp","href":"https:\/\/api.w.org\/{rel}","templated":true}]}}