{"id":2387,"date":"2022-09-20T11:15:54","date_gmt":"2022-09-20T09:15:54","guid":{"rendered":"https:\/\/tibladin.dk\/vare\/pude-vintage-kelim-ourika-lille\/"},"modified":"2024-12-09T14:27:00","modified_gmt":"2024-12-09T13:27:00","slug":"pillow-vintage-kilim-ourika-small","status":"publish","type":"product","link":"https:\/\/tibladin.dk\/en\/produkt\/pude-vintage-kelim-ourika-lille\/","title":{"rendered":"Cushion vintage Kelim OURIKA Small"},"content":{"rendered":"<div class=\"wpb-content-wrapper\"><div class=\"vc_row wpb_row vc_row-fluid\"><div class=\"wpb_column vc_column_container vc_col-sm-4\"><div class=\"vc_column-inner\"><div class=\"wpb_wrapper\"><\/div><\/div><\/div><div class=\"wpb_column vc_column_container vc_col-sm-4\"><div class=\"vc_column-inner\"><div class=\"wpb_wrapper\"><h3 style=\"text-align: left\" class=\"vc_custom_heading vc_do_custom_heading\" >Maintenance<\/h3>\n\t<div class=\"wpb_text_column wpb_content_element\" >\n\t\t<div class=\"wpb_wrapper\">\n\t\t\t<p>The pillow cover is in kiria cotton with details of vintage kilim carpets in wool. Dry clean at a dry cleaner. As the cover contains pieces of vintage Kelim carpets, there will be signs of use on it, which is just part of the charm.<\/p>\n\n\t\t<\/div>\n\t<\/div>\n<\/div><\/div><\/div><div class=\"wpb_column vc_column_container vc_col-sm-4\"><div class=\"vc_column-inner\"><div class=\"wpb_wrapper\"><h3 style=\"text-align: left\" class=\"vc_custom_heading vc_do_custom_heading\" >The story behind<\/h3>\n\t<div class=\"wpb_text_column wpb_content_element\" >\n\t\t<div class=\"wpb_wrapper\">\n\t\t\t<p>This beautiful handmade pillow cover is made of kiria cotton and parts of vintage woolen Kilim rugs. Here, vintage rugs from Morocco are given new life in a cushion cover that combines the simple expression of the kiria cotton with the beautiful patterns and textiles from the Kilim rugs. The beautiful vintage Berber carpets bring colors and exciting patterns into the home, and depending on which old carpet we have chosen to use, you get a completely unique pillow. The cushion fits perfectly into the Scandinavian home, where its beautiful colors compliment a simple and warm style. Developed in collaboration with designer from Marrakech.<\/p>\n<p>The cover has a strong zip so that it can be easily removed and cleaned.<\/p>\n<p>The covers fit 45 x 45 mounting pads.<\/p>\n\n\t\t<\/div>\n\t<\/div>\n<\/div><\/div><\/div><\/div>\n<\/div>","protected":false},"excerpt":{"rendered":"<p>Beautiful handmade cushion covers from vintage Kilim rugs in wool and kiria cotton. Vintage carpets from Morocco are given new life in this pillow with a completely unique design that brings beautiful Moroccan patterns and textiles into the home and adds life and color to any room. The cushion is perfect for the sofa or armchair if you want a little extra color and coziness.<\/p>\n<p>The cover measures 45 x 45 mounting pads.<\/p>\n<p>The cushion covers are supplied without cushions, but a mounting cushion can be purchased additionally.<\/p>\n<p>&nbsp;<\/p>\n<p>&nbsp;<\/p>","protected":false},"featured_media":2383,"template":"","meta":{"inline_featured_image":false},"product_brand":[],"product_cat":[66,163,37],"product_tag":[],"class_list":{"0":"post-2387","1":"product","2":"type-product","3":"status-publish","4":"has-post-thumbnail","6":"product_cat-pudebetraek","7":"product_cat-puder-af-vintagetaepper","8":"product_cat-tekstiler","10":"first","11":"instock","12":"taxable","13":"shipping-taxable","14":"purchasable","15":"product-type-simple"},"exclude_global_add_ons":false,"addons":[{"name":"Do you want gift wrapping?","type":"checkbox","position":0,"required":false,"title_format":"label","default":"","description_enable":false,"description":"","placeholder_enable":false,"placeholder":"","display":"images","restrictions_type":"any_text","adjust_price":false,"price":"","price_type":"flat_fee","restrictions":false,"min":"0","max":"0","options":[{"label":"Ja tak","price":"10","price_type":"flat_fee","image":11015,"visibility":true}],"id":1669646111},{"name":"Get your pillowcase delivered with mounting pad in 100 % cotton and filling of 100% down\/feather","type":"checkbox","position":0,"required":false,"title_format":"label","default":"","description_enable":false,"description":"","placeholder_enable":false,"placeholder":"","display":"images","restrictions_type":"any_text","adjust_price":false,"price":"","price_type":"flat_fee","restrictions":false,"min":"0","max":"0","options":[{"label":"Ja tak","price":"125","price_type":"quantity_based","image":11025,"visibility":true}],"id":1760629331}],"yoast_head":"<!-- This site is optimized with the Yoast SEO plugin v27.5 - https:\/\/yoast.com\/product\/yoast-seo-wordpress\/ -->\n<title>Marrokansk pude af vintage Kelimt\u00e6pper | Unikt design | Tibladin<\/title>\n<meta name=\"description\" content=\"Smukt h\u00e5ndlavet pudebetr\u00e6k i kiria bomuld og vintage Kelim t\u00e6pper. Passer til 45 x 45 eller 50 x 50 cm, alt efter hvor fyldig du \u00f8nsker puden.\" \/>\n<meta name=\"robots\" content=\"index, follow, max-snippet:-1, max-image-preview:large, max-video-preview:-1\" \/>\n<link rel=\"canonical\" href=\"https:\/\/tibladin.dk\/en\/product-4\/pillow-vintage-kilim-ourika-small\/\" \/>\n<meta property=\"og:locale\" content=\"en_GB\" \/>\n<meta property=\"og:type\" content=\"article\" \/>\n<meta property=\"og:title\" content=\"Marrokansk pude af vintage Kelimt\u00e6pper | Unikt design | Tibladin\" \/>\n<meta property=\"og:description\" content=\"Smukt h\u00e5ndlavet pudebetr\u00e6k i kiria bomuld og vintage Kelim t\u00e6pper. Passer til 45 x 45 eller 50 x 50 cm, alt efter hvor fyldig du \u00f8nsker puden.\" \/>\n<meta property=\"og:url\" content=\"https:\/\/tibladin.dk\/en\/product-4\/pillow-vintage-kilim-ourika-small\/\" \/>\n<meta property=\"og:site_name\" content=\"Tibladin\" \/>\n<meta property=\"article:modified_time\" content=\"2024-12-09T13:27:00+00:00\" \/>\n<meta property=\"og:image\" content=\"https:\/\/tibladin.dk\/wp-content\/uploads\/2022\/09\/Lille-Ourika-LS1-1-1.jpg\" \/>\n\t<meta property=\"og:image:width\" content=\"800\" \/>\n\t<meta property=\"og:image:height\" content=\"800\" \/>\n\t<meta property=\"og:image:type\" content=\"image\/jpeg\" \/>\n<meta name=\"twitter:card\" content=\"summary_large_image\" \/>\n<meta name=\"twitter:label1\" content=\"Estimated reading time\" \/>\n\t<meta name=\"twitter:data1\" content=\"2 minutes\" \/>\n<script type=\"application\/ld+json\" class=\"yoast-schema-graph\">{\"@context\":\"https:\\\/\\\/schema.org\",\"@graph\":[{\"@type\":\"WebPage\",\"@id\":\"https:\\\/\\\/tibladin.dk\\\/produkt\\\/pude-vintage-kelim-ourika-lille\\\/\",\"url\":\"https:\\\/\\\/tibladin.dk\\\/produkt\\\/pude-vintage-kelim-ourika-lille\\\/\",\"name\":\"Marrokansk pude af vintage Kelimt\u00e6pper | Unikt design | Tibladin\",\"isPartOf\":{\"@id\":\"https:\\\/\\\/tibladin.dk\\\/#website\"},\"primaryImageOfPage\":{\"@id\":\"https:\\\/\\\/tibladin.dk\\\/produkt\\\/pude-vintage-kelim-ourika-lille\\\/#primaryimage\"},\"image\":{\"@id\":\"https:\\\/\\\/tibladin.dk\\\/produkt\\\/pude-vintage-kelim-ourika-lille\\\/#primaryimage\"},\"thumbnailUrl\":\"https:\\\/\\\/tibladin.dk\\\/wp-content\\\/uploads\\\/2022\\\/09\\\/Lille-Ourika-LS1-1-1.jpg\",\"datePublished\":\"2022-09-20T09:15:54+00:00\",\"dateModified\":\"2024-12-09T13:27:00+00:00\",\"description\":\"Smukt h\u00e5ndlavet pudebetr\u00e6k i kiria bomuld og vintage Kelim t\u00e6pper. Passer til 45 x 45 eller 50 x 50 cm, alt efter hvor fyldig du \u00f8nsker puden.\",\"breadcrumb\":{\"@id\":\"https:\\\/\\\/tibladin.dk\\\/produkt\\\/pude-vintage-kelim-ourika-lille\\\/#breadcrumb\"},\"inLanguage\":\"en-GB\",\"potentialAction\":[{\"@type\":\"ReadAction\",\"target\":[\"https:\\\/\\\/tibladin.dk\\\/produkt\\\/pude-vintage-kelim-ourika-lille\\\/\"]}]},{\"@type\":\"ImageObject\",\"inLanguage\":\"en-GB\",\"@id\":\"https:\\\/\\\/tibladin.dk\\\/produkt\\\/pude-vintage-kelim-ourika-lille\\\/#primaryimage\",\"url\":\"https:\\\/\\\/tibladin.dk\\\/wp-content\\\/uploads\\\/2022\\\/09\\\/Lille-Ourika-LS1-1-1.jpg\",\"contentUrl\":\"https:\\\/\\\/tibladin.dk\\\/wp-content\\\/uploads\\\/2022\\\/09\\\/Lille-Ourika-LS1-1-1.jpg\",\"width\":800,\"height\":800,\"caption\":\"H\u00e5ndv\u00e6vet vintage kelim ourika pudebetr\u00e6k p\u00e5 hj\u00f8rnet af en sofa\"},{\"@type\":\"BreadcrumbList\",\"@id\":\"https:\\\/\\\/tibladin.dk\\\/produkt\\\/pude-vintage-kelim-ourika-lille\\\/#breadcrumb\",\"itemListElement\":[{\"@type\":\"ListItem\",\"position\":1,\"name\":\"Hjem\",\"item\":\"https:\\\/\\\/tibladin.dk\\\/\"},{\"@type\":\"ListItem\",\"position\":2,\"name\":\"Shop\",\"item\":\"https:\\\/\\\/tibladin.dk\\\/shop\\\/\"},{\"@type\":\"ListItem\",\"position\":3,\"name\":\"Pude vintage Kelim OURIKA Lille\"}]},{\"@type\":\"WebSite\",\"@id\":\"https:\\\/\\\/tibladin.dk\\\/#website\",\"url\":\"https:\\\/\\\/tibladin.dk\\\/\",\"name\":\"Tibladin\",\"description\":\"Tibladin\",\"publisher\":{\"@id\":\"https:\\\/\\\/tibladin.dk\\\/#organization\"},\"potentialAction\":[{\"@type\":\"SearchAction\",\"target\":{\"@type\":\"EntryPoint\",\"urlTemplate\":\"https:\\\/\\\/tibladin.dk\\\/?s={search_term_string}\"},\"query-input\":{\"@type\":\"PropertyValueSpecification\",\"valueRequired\":true,\"valueName\":\"search_term_string\"}}],\"inLanguage\":\"en-GB\"},{\"@type\":\"Organization\",\"@id\":\"https:\\\/\\\/tibladin.dk\\\/#organization\",\"name\":\"Tibladin\",\"url\":\"https:\\\/\\\/tibladin.dk\\\/\",\"logo\":{\"@type\":\"ImageObject\",\"inLanguage\":\"en-GB\",\"@id\":\"https:\\\/\\\/tibladin.dk\\\/#\\\/schema\\\/logo\\\/image\\\/\",\"url\":\"https:\\\/\\\/tibladin.dk\\\/wp-content\\\/uploads\\\/2022\\\/09\\\/tibladin_logo.svg\",\"contentUrl\":\"https:\\\/\\\/tibladin.dk\\\/wp-content\\\/uploads\\\/2022\\\/09\\\/tibladin_logo.svg\",\"caption\":\"Tibladin\"},\"image\":{\"@id\":\"https:\\\/\\\/tibladin.dk\\\/#\\\/schema\\\/logo\\\/image\\\/\"}}]}<\/script>\n<!-- \/ Yoast SEO plugin. -->","yoast_head_json":{"title":"Moroccan pillow from vintage Kilim rugs | Unique design | Tibladin","description":"Beautiful handmade pillow cover in kiria cotton and vintage Kilim rugs. Fits 45 x 45 or 50 x 50 cm, depending on how full you want the pillow.","robots":{"index":"index","follow":"follow","max-snippet":"max-snippet:-1","max-image-preview":"max-image-preview:large","max-video-preview":"max-video-preview:-1"},"canonical":"https:\/\/tibladin.dk\/en\/product-4\/pillow-vintage-kilim-ourika-small\/","og_locale":"en_GB","og_type":"article","og_title":"Marrokansk pude af vintage Kelimt\u00e6pper | Unikt design | Tibladin","og_description":"Smukt h\u00e5ndlavet pudebetr\u00e6k i kiria bomuld og vintage Kelim t\u00e6pper. Passer til 45 x 45 eller 50 x 50 cm, alt efter hvor fyldig du \u00f8nsker puden.","og_url":"https:\/\/tibladin.dk\/en\/product-4\/pillow-vintage-kilim-ourika-small\/","og_site_name":"Tibladin","article_modified_time":"2024-12-09T13:27:00+00:00","og_image":[{"width":800,"height":800,"url":"https:\/\/tibladin.dk\/wp-content\/uploads\/2022\/09\/Lille-Ourika-LS1-1-1.jpg","type":"image\/jpeg"}],"twitter_card":"summary_large_image","twitter_misc":{"Estimated reading time":"2 minutes"},"schema":{"@context":"https:\/\/schema.org","@graph":[{"@type":"WebPage","@id":"https:\/\/tibladin.dk\/produkt\/pude-vintage-kelim-ourika-lille\/","url":"https:\/\/tibladin.dk\/produkt\/pude-vintage-kelim-ourika-lille\/","name":"Moroccan pillow from vintage Kilim rugs | Unique design | Tibladin","isPartOf":{"@id":"https:\/\/tibladin.dk\/#website"},"primaryImageOfPage":{"@id":"https:\/\/tibladin.dk\/produkt\/pude-vintage-kelim-ourika-lille\/#primaryimage"},"image":{"@id":"https:\/\/tibladin.dk\/produkt\/pude-vintage-kelim-ourika-lille\/#primaryimage"},"thumbnailUrl":"https:\/\/tibladin.dk\/wp-content\/uploads\/2022\/09\/Lille-Ourika-LS1-1-1.jpg","datePublished":"2022-09-20T09:15:54+00:00","dateModified":"2024-12-09T13:27:00+00:00","description":"Beautiful handmade pillow cover in kiria cotton and vintage Kilim rugs. Fits 45 x 45 or 50 x 50 cm, depending on how full you want the pillow.","breadcrumb":{"@id":"https:\/\/tibladin.dk\/produkt\/pude-vintage-kelim-ourika-lille\/#breadcrumb"},"inLanguage":"en-GB","potentialAction":[{"@type":"ReadAction","target":["https:\/\/tibladin.dk\/produkt\/pude-vintage-kelim-ourika-lille\/"]}]},{"@type":"ImageObject","inLanguage":"en-GB","@id":"https:\/\/tibladin.dk\/produkt\/pude-vintage-kelim-ourika-lille\/#primaryimage","url":"https:\/\/tibladin.dk\/wp-content\/uploads\/2022\/09\/Lille-Ourika-LS1-1-1.jpg","contentUrl":"https:\/\/tibladin.dk\/wp-content\/uploads\/2022\/09\/Lille-Ourika-LS1-1-1.jpg","width":800,"height":800,"caption":"H\u00e5ndv\u00e6vet vintage kelim ourika pudebetr\u00e6k p\u00e5 hj\u00f8rnet af en sofa"},{"@type":"BreadcrumbList","@id":"https:\/\/tibladin.dk\/produkt\/pude-vintage-kelim-ourika-lille\/#breadcrumb","itemListElement":[{"@type":"ListItem","position":1,"name":"Hjem","item":"https:\/\/tibladin.dk\/"},{"@type":"ListItem","position":2,"name":"Shop","item":"https:\/\/tibladin.dk\/shop\/"},{"@type":"ListItem","position":3,"name":"Pude vintage Kelim OURIKA Lille"}]},{"@type":"WebSite","@id":"https:\/\/tibladin.dk\/#website","url":"https:\/\/tibladin.dk\/","name":"Tibladin","description":"Tibladin","publisher":{"@id":"https:\/\/tibladin.dk\/#organization"},"potentialAction":[{"@type":"SearchAction","target":{"@type":"EntryPoint","urlTemplate":"https:\/\/tibladin.dk\/?s={search_term_string}"},"query-input":{"@type":"PropertyValueSpecification","valueRequired":true,"valueName":"search_term_string"}}],"inLanguage":"en-GB"},{"@type":"Organization","@id":"https:\/\/tibladin.dk\/#organization","name":"Tibladin","url":"https:\/\/tibladin.dk\/","logo":{"@type":"ImageObject","inLanguage":"en-GB","@id":"https:\/\/tibladin.dk\/#\/schema\/logo\/image\/","url":"https:\/\/tibladin.dk\/wp-content\/uploads\/2022\/09\/tibladin_logo.svg","contentUrl":"https:\/\/tibladin.dk\/wp-content\/uploads\/2022\/09\/tibladin_logo.svg","caption":"Tibladin"},"image":{"@id":"https:\/\/tibladin.dk\/#\/schema\/logo\/image\/"}}]}},"_links":{"self":[{"href":"https:\/\/tibladin.dk\/en\/wp-json\/wp\/v2\/product\/2387","targetHints":{"allow":["GET"]}}],"collection":[{"href":"https:\/\/tibladin.dk\/en\/wp-json\/wp\/v2\/product"}],"about":[{"href":"https:\/\/tibladin.dk\/en\/wp-json\/wp\/v2\/types\/product"}],"wp:featuredmedia":[{"embeddable":true,"href":"https:\/\/tibladin.dk\/en\/wp-json\/wp\/v2\/media\/2383"}],"wp:attachment":[{"href":"https:\/\/tibladin.dk\/en\/wp-json\/wp\/v2\/media?parent=2387"}],"wp:term":[{"taxonomy":"product_brand","embeddable":true,"href":"https:\/\/tibladin.dk\/en\/wp-json\/wp\/v2\/product_brand?post=2387"},{"taxonomy":"product_cat","embeddable":true,"href":"https:\/\/tibladin.dk\/en\/wp-json\/wp\/v2\/product_cat?post=2387"},{"taxonomy":"product_tag","embeddable":true,"href":"https:\/\/tibladin.dk\/en\/wp-json\/wp\/v2\/product_tag?post=2387"}],"curies":[{"name":"wp","href":"https:\/\/api.w.org\/{rel}","templated":true}]}}