{"id":2431,"date":"2022-09-20T11:16:17","date_gmt":"2022-09-20T09:16:17","guid":{"rendered":"https:\/\/tibladin.dk\/vare\/bakke-i-valnoeddetrae-og-haandtag-i-haandskaaret-inox\/"},"modified":"2024-12-09T14:26:05","modified_gmt":"2024-12-09T13:26:05","slug":"tray-in-walnut-wood-and-handles-in-stainless-steel","status":"publish","type":"product","link":"https:\/\/tibladin.dk\/en\/produkt\/bakke-i-valnoeddetrae-og-haandtag-i-haandskaaret-inox\/","title":{"rendered":"Tray in walnut wood and handle in hand-cut stainless steel"},"content":{"rendered":"<div class=\"wpb-content-wrapper\"><div class=\"vc_row wpb_row vc_row-fluid\"><div class=\"wpb_column vc_column_container vc_col-sm-4\"><div class=\"vc_column-inner\"><div class=\"wpb_wrapper\"><\/div><\/div><\/div><div class=\"wpb_column vc_column_container vc_col-sm-4\"><div class=\"vc_column-inner\"><div class=\"wpb_wrapper\"><h3 style=\"text-align: left\" class=\"vc_custom_heading vc_do_custom_heading\" >Maintenance<\/h3>\n\t<div class=\"wpb_text_column wpb_content_element\" >\n\t\t<div class=\"wpb_wrapper\">\n\t\t\t<p>The tray can be wiped with a damp cloth and can be polished with silver polish. If desired, the wood can also be oiled.<\/p>\n\n\t\t<\/div>\n\t<\/div>\n<\/div><\/div><\/div><div class=\"wpb_column vc_column_container vc_col-sm-4\"><div class=\"vc_column-inner\"><div class=\"wpb_wrapper\"><h3 style=\"text-align: left\" class=\"vc_custom_heading vc_do_custom_heading\" >The story behind<\/h3>\n\t<div class=\"wpb_text_column wpb_content_element\" >\n\t\t<div class=\"wpb_wrapper\">\n\t\t\t<p>This beautiful hand-crafted tray in walnut wood with a handle in hand-carved inox will decorate any home. The beautiful details and patterns cut in stainless steel contrast with the simple, dark wood, which creates a really beautiful effect. The tray in walnut wood can be used both for decoration and for storing items that mean a lot to you. The beautiful inox handles also beautifully reflect the glow from a candle in a beldi tealight holder. I love small things that decorate the home, and this tray gives that extra touch of warmth and Moroccan mystery.<\/p>\n<p>The beautiful tray also comes with a nice gift box in elegant black velour, where you can store the tray. It also adds an extra elegant touch if you want to give the tray as a gift to a loved one.<\/p>\n\n\t\t<\/div>\n\t<\/div>\n<\/div><\/div><\/div><\/div>\n<\/div>","protected":false},"excerpt":{"rendered":"<p>Beautiful handmade Moroccan tray in walnut wood with a handle in hand-cut inox. The deep color from the wood and the beautiful patterns in the stainless steel handles give an elegant and stylish look that makes the tray perfect for decoration, serving and storage. That way you can bring Moroccan style and craftsmanship into the home. The tray comes in an elegant gift box in black velour, which also makes it a very exclusive gift idea for weddings or birthdays.<\/p>\n<p>The tray measures 31 cm (39 with handle) x 22 cm x 4.5 cm in height.<\/p>","protected":false},"featured_media":2426,"template":"","meta":{"inline_featured_image":false},"product_brand":[],"product_cat":[54,51],"product_tag":[],"class_list":{"0":"post-2431","1":"product","2":"type-product","3":"status-publish","4":"has-post-thumbnail","6":"product_cat-aesker-og-bakker","7":"product_cat-opbevaring","9":"first","10":"instock","11":"taxable","12":"shipping-taxable","13":"purchasable","14":"product-type-simple"},"exclude_global_add_ons":false,"addons":[{"name":"Do you want gift wrapping?","type":"checkbox","position":0,"required":false,"title_format":"label","default":"","description_enable":false,"description":"","placeholder_enable":false,"placeholder":"","display":"images","restrictions_type":"any_text","adjust_price":false,"price":"","price_type":"flat_fee","restrictions":false,"min":"0","max":"0","options":[{"label":"Ja tak","price":"10","price_type":"flat_fee","image":11015,"visibility":true}],"id":1669646111}],"yoast_head":"<!-- This site is optimized with the Yoast SEO plugin v27.5 - https:\/\/yoast.com\/product\/yoast-seo-wordpress\/ -->\n<title>Bakke i valn\u00f8ddetr\u00e6 og h\u00e5ndtag i h\u00e5ndsk\u00e5ret inox | Tibladin<\/title>\n<meta name=\"description\" content=\"Marrokansk \u00e6ske bertukket med stof og l\u00e6derkvast. Opbevaring der pynter. Til vigtige papirer, b\u00f8rnenes tegninger eller de gode minder fra ferien.\" \/>\n<meta name=\"robots\" content=\"index, follow, max-snippet:-1, max-image-preview:large, max-video-preview:-1\" \/>\n<link rel=\"canonical\" href=\"https:\/\/tibladin.dk\/en\/product-4\/tray-in-walnut-wood-and-handles-in-stainless-steel\/\" \/>\n<meta property=\"og:locale\" content=\"en_GB\" \/>\n<meta property=\"og:type\" content=\"article\" \/>\n<meta property=\"og:title\" content=\"Bakke i valn\u00f8ddetr\u00e6 og h\u00e5ndtag i h\u00e5ndsk\u00e5ret inox | Tibladin\" \/>\n<meta property=\"og:description\" content=\"Marrokansk \u00e6ske bertukket med stof og l\u00e6derkvast. Opbevaring der pynter. Til vigtige papirer, b\u00f8rnenes tegninger eller de gode minder fra ferien.\" \/>\n<meta property=\"og:url\" content=\"https:\/\/tibladin.dk\/en\/product-4\/tray-in-walnut-wood-and-handles-in-stainless-steel\/\" \/>\n<meta property=\"og:site_name\" content=\"Tibladin\" \/>\n<meta property=\"article:modified_time\" content=\"2024-12-09T13:26:05+00:00\" \/>\n<meta property=\"og:image\" content=\"https:\/\/tibladin.dk\/wp-content\/uploads\/2022\/09\/Marokkansk-bakke-i-valnoed-med-inox-haandtag-1.jpg\" \/>\n\t<meta property=\"og:image:width\" content=\"800\" \/>\n\t<meta property=\"og:image:height\" content=\"800\" \/>\n\t<meta property=\"og:image:type\" content=\"image\/jpeg\" \/>\n<meta name=\"twitter:card\" content=\"summary_large_image\" \/>\n<meta name=\"twitter:label1\" content=\"Estimated reading time\" \/>\n\t<meta name=\"twitter:data1\" content=\"2 minutes\" \/>\n<script type=\"application\/ld+json\" class=\"yoast-schema-graph\">{\"@context\":\"https:\\\/\\\/schema.org\",\"@graph\":[{\"@type\":\"WebPage\",\"@id\":\"https:\\\/\\\/tibladin.dk\\\/produkt\\\/bakke-i-valnoeddetrae-og-haandtag-i-haandskaaret-inox\\\/\",\"url\":\"https:\\\/\\\/tibladin.dk\\\/produkt\\\/bakke-i-valnoeddetrae-og-haandtag-i-haandskaaret-inox\\\/\",\"name\":\"Bakke i valn\u00f8ddetr\u00e6 og h\u00e5ndtag i h\u00e5ndsk\u00e5ret inox | Tibladin\",\"isPartOf\":{\"@id\":\"https:\\\/\\\/tibladin.dk\\\/#website\"},\"primaryImageOfPage\":{\"@id\":\"https:\\\/\\\/tibladin.dk\\\/produkt\\\/bakke-i-valnoeddetrae-og-haandtag-i-haandskaaret-inox\\\/#primaryimage\"},\"image\":{\"@id\":\"https:\\\/\\\/tibladin.dk\\\/produkt\\\/bakke-i-valnoeddetrae-og-haandtag-i-haandskaaret-inox\\\/#primaryimage\"},\"thumbnailUrl\":\"https:\\\/\\\/tibladin.dk\\\/wp-content\\\/uploads\\\/2022\\\/09\\\/Marokkansk-bakke-i-valnoed-med-inox-haandtag-1.jpg\",\"datePublished\":\"2022-09-20T09:16:17+00:00\",\"dateModified\":\"2024-12-09T13:26:05+00:00\",\"description\":\"Marrokansk \u00e6ske bertukket med stof og l\u00e6derkvast. Opbevaring der pynter. Til vigtige papirer, b\u00f8rnenes tegninger eller de gode minder fra ferien.\",\"breadcrumb\":{\"@id\":\"https:\\\/\\\/tibladin.dk\\\/produkt\\\/bakke-i-valnoeddetrae-og-haandtag-i-haandskaaret-inox\\\/#breadcrumb\"},\"inLanguage\":\"en-GB\",\"potentialAction\":[{\"@type\":\"ReadAction\",\"target\":[\"https:\\\/\\\/tibladin.dk\\\/produkt\\\/bakke-i-valnoeddetrae-og-haandtag-i-haandskaaret-inox\\\/\"]}]},{\"@type\":\"ImageObject\",\"inLanguage\":\"en-GB\",\"@id\":\"https:\\\/\\\/tibladin.dk\\\/produkt\\\/bakke-i-valnoeddetrae-og-haandtag-i-haandskaaret-inox\\\/#primaryimage\",\"url\":\"https:\\\/\\\/tibladin.dk\\\/wp-content\\\/uploads\\\/2022\\\/09\\\/Marokkansk-bakke-i-valnoed-med-inox-haandtag-1.jpg\",\"contentUrl\":\"https:\\\/\\\/tibladin.dk\\\/wp-content\\\/uploads\\\/2022\\\/09\\\/Marokkansk-bakke-i-valnoed-med-inox-haandtag-1.jpg\",\"width\":800,\"height\":800,\"caption\":\"Marokkansk h\u00e5ndlavet bakke i valn\u00f8ddetr\u00e6 med h\u00e5ndtag af inox ved siden af plante\"},{\"@type\":\"BreadcrumbList\",\"@id\":\"https:\\\/\\\/tibladin.dk\\\/produkt\\\/bakke-i-valnoeddetrae-og-haandtag-i-haandskaaret-inox\\\/#breadcrumb\",\"itemListElement\":[{\"@type\":\"ListItem\",\"position\":1,\"name\":\"Hjem\",\"item\":\"https:\\\/\\\/tibladin.dk\\\/\"},{\"@type\":\"ListItem\",\"position\":2,\"name\":\"Shop\",\"item\":\"https:\\\/\\\/tibladin.dk\\\/shop\\\/\"},{\"@type\":\"ListItem\",\"position\":3,\"name\":\"Bakke i valn\u00f8ddetr\u00e6 og h\u00e5ndtag i h\u00e5ndsk\u00e5ret inox\"}]},{\"@type\":\"WebSite\",\"@id\":\"https:\\\/\\\/tibladin.dk\\\/#website\",\"url\":\"https:\\\/\\\/tibladin.dk\\\/\",\"name\":\"Tibladin\",\"description\":\"Tibladin\",\"publisher\":{\"@id\":\"https:\\\/\\\/tibladin.dk\\\/#organization\"},\"potentialAction\":[{\"@type\":\"SearchAction\",\"target\":{\"@type\":\"EntryPoint\",\"urlTemplate\":\"https:\\\/\\\/tibladin.dk\\\/?s={search_term_string}\"},\"query-input\":{\"@type\":\"PropertyValueSpecification\",\"valueRequired\":true,\"valueName\":\"search_term_string\"}}],\"inLanguage\":\"en-GB\"},{\"@type\":\"Organization\",\"@id\":\"https:\\\/\\\/tibladin.dk\\\/#organization\",\"name\":\"Tibladin\",\"url\":\"https:\\\/\\\/tibladin.dk\\\/\",\"logo\":{\"@type\":\"ImageObject\",\"inLanguage\":\"en-GB\",\"@id\":\"https:\\\/\\\/tibladin.dk\\\/#\\\/schema\\\/logo\\\/image\\\/\",\"url\":\"https:\\\/\\\/tibladin.dk\\\/wp-content\\\/uploads\\\/2022\\\/09\\\/tibladin_logo.svg\",\"contentUrl\":\"https:\\\/\\\/tibladin.dk\\\/wp-content\\\/uploads\\\/2022\\\/09\\\/tibladin_logo.svg\",\"caption\":\"Tibladin\"},\"image\":{\"@id\":\"https:\\\/\\\/tibladin.dk\\\/#\\\/schema\\\/logo\\\/image\\\/\"}}]}<\/script>\n<!-- \/ Yoast SEO plugin. -->","yoast_head_json":{"title":"Tray in walnut wood and handle in hand-cut inox | Tibladin","description":"Moroccan box covered with fabric and leather tassel. Storage that decorates. For important papers, the children&#039;s drawings or the good memories from the holiday.","robots":{"index":"index","follow":"follow","max-snippet":"max-snippet:-1","max-image-preview":"max-image-preview:large","max-video-preview":"max-video-preview:-1"},"canonical":"https:\/\/tibladin.dk\/en\/product-4\/tray-in-walnut-wood-and-handles-in-stainless-steel\/","og_locale":"en_GB","og_type":"article","og_title":"Bakke i valn\u00f8ddetr\u00e6 og h\u00e5ndtag i h\u00e5ndsk\u00e5ret inox | Tibladin","og_description":"Marrokansk \u00e6ske bertukket med stof og l\u00e6derkvast. Opbevaring der pynter. Til vigtige papirer, b\u00f8rnenes tegninger eller de gode minder fra ferien.","og_url":"https:\/\/tibladin.dk\/en\/product-4\/tray-in-walnut-wood-and-handles-in-stainless-steel\/","og_site_name":"Tibladin","article_modified_time":"2024-12-09T13:26:05+00:00","og_image":[{"width":800,"height":800,"url":"https:\/\/tibladin.dk\/wp-content\/uploads\/2022\/09\/Marokkansk-bakke-i-valnoed-med-inox-haandtag-1.jpg","type":"image\/jpeg"}],"twitter_card":"summary_large_image","twitter_misc":{"Estimated reading time":"2 minutes"},"schema":{"@context":"https:\/\/schema.org","@graph":[{"@type":"WebPage","@id":"https:\/\/tibladin.dk\/produkt\/bakke-i-valnoeddetrae-og-haandtag-i-haandskaaret-inox\/","url":"https:\/\/tibladin.dk\/produkt\/bakke-i-valnoeddetrae-og-haandtag-i-haandskaaret-inox\/","name":"Tray in walnut wood and handle in hand-cut inox | Tibladin","isPartOf":{"@id":"https:\/\/tibladin.dk\/#website"},"primaryImageOfPage":{"@id":"https:\/\/tibladin.dk\/produkt\/bakke-i-valnoeddetrae-og-haandtag-i-haandskaaret-inox\/#primaryimage"},"image":{"@id":"https:\/\/tibladin.dk\/produkt\/bakke-i-valnoeddetrae-og-haandtag-i-haandskaaret-inox\/#primaryimage"},"thumbnailUrl":"https:\/\/tibladin.dk\/wp-content\/uploads\/2022\/09\/Marokkansk-bakke-i-valnoed-med-inox-haandtag-1.jpg","datePublished":"2022-09-20T09:16:17+00:00","dateModified":"2024-12-09T13:26:05+00:00","description":"Moroccan box covered with fabric and leather tassel. Storage that decorates. For important papers, the children&#039;s drawings or the good memories from the holiday.","breadcrumb":{"@id":"https:\/\/tibladin.dk\/produkt\/bakke-i-valnoeddetrae-og-haandtag-i-haandskaaret-inox\/#breadcrumb"},"inLanguage":"en-GB","potentialAction":[{"@type":"ReadAction","target":["https:\/\/tibladin.dk\/produkt\/bakke-i-valnoeddetrae-og-haandtag-i-haandskaaret-inox\/"]}]},{"@type":"ImageObject","inLanguage":"en-GB","@id":"https:\/\/tibladin.dk\/produkt\/bakke-i-valnoeddetrae-og-haandtag-i-haandskaaret-inox\/#primaryimage","url":"https:\/\/tibladin.dk\/wp-content\/uploads\/2022\/09\/Marokkansk-bakke-i-valnoed-med-inox-haandtag-1.jpg","contentUrl":"https:\/\/tibladin.dk\/wp-content\/uploads\/2022\/09\/Marokkansk-bakke-i-valnoed-med-inox-haandtag-1.jpg","width":800,"height":800,"caption":"Marokkansk h\u00e5ndlavet bakke i valn\u00f8ddetr\u00e6 med h\u00e5ndtag af inox ved siden af plante"},{"@type":"BreadcrumbList","@id":"https:\/\/tibladin.dk\/produkt\/bakke-i-valnoeddetrae-og-haandtag-i-haandskaaret-inox\/#breadcrumb","itemListElement":[{"@type":"ListItem","position":1,"name":"Hjem","item":"https:\/\/tibladin.dk\/"},{"@type":"ListItem","position":2,"name":"Shop","item":"https:\/\/tibladin.dk\/shop\/"},{"@type":"ListItem","position":3,"name":"Bakke i valn\u00f8ddetr\u00e6 og h\u00e5ndtag i h\u00e5ndsk\u00e5ret inox"}]},{"@type":"WebSite","@id":"https:\/\/tibladin.dk\/#website","url":"https:\/\/tibladin.dk\/","name":"Tibladin","description":"Tibladin","publisher":{"@id":"https:\/\/tibladin.dk\/#organization"},"potentialAction":[{"@type":"SearchAction","target":{"@type":"EntryPoint","urlTemplate":"https:\/\/tibladin.dk\/?s={search_term_string}"},"query-input":{"@type":"PropertyValueSpecification","valueRequired":true,"valueName":"search_term_string"}}],"inLanguage":"en-GB"},{"@type":"Organization","@id":"https:\/\/tibladin.dk\/#organization","name":"Tibladin","url":"https:\/\/tibladin.dk\/","logo":{"@type":"ImageObject","inLanguage":"en-GB","@id":"https:\/\/tibladin.dk\/#\/schema\/logo\/image\/","url":"https:\/\/tibladin.dk\/wp-content\/uploads\/2022\/09\/tibladin_logo.svg","contentUrl":"https:\/\/tibladin.dk\/wp-content\/uploads\/2022\/09\/tibladin_logo.svg","caption":"Tibladin"},"image":{"@id":"https:\/\/tibladin.dk\/#\/schema\/logo\/image\/"}}]}},"_links":{"self":[{"href":"https:\/\/tibladin.dk\/en\/wp-json\/wp\/v2\/product\/2431","targetHints":{"allow":["GET"]}}],"collection":[{"href":"https:\/\/tibladin.dk\/en\/wp-json\/wp\/v2\/product"}],"about":[{"href":"https:\/\/tibladin.dk\/en\/wp-json\/wp\/v2\/types\/product"}],"wp:featuredmedia":[{"embeddable":true,"href":"https:\/\/tibladin.dk\/en\/wp-json\/wp\/v2\/media\/2426"}],"wp:attachment":[{"href":"https:\/\/tibladin.dk\/en\/wp-json\/wp\/v2\/media?parent=2431"}],"wp:term":[{"taxonomy":"product_brand","embeddable":true,"href":"https:\/\/tibladin.dk\/en\/wp-json\/wp\/v2\/product_brand?post=2431"},{"taxonomy":"product_cat","embeddable":true,"href":"https:\/\/tibladin.dk\/en\/wp-json\/wp\/v2\/product_cat?post=2431"},{"taxonomy":"product_tag","embeddable":true,"href":"https:\/\/tibladin.dk\/en\/wp-json\/wp\/v2\/product_tag?post=2431"}],"curies":[{"name":"wp","href":"https:\/\/api.w.org\/{rel}","templated":true}]}}