{"id":2437,"date":"2022-09-20T11:16:19","date_gmt":"2022-09-20T09:16:19","guid":{"rendered":"https:\/\/tibladin.dk\/vare\/loungestol-i-valnoeddetrae-med-flettet-laeder-cosy\/"},"modified":"2026-03-13T14:42:08","modified_gmt":"2026-03-13T13:42:08","slug":"lounge-chair-in-walnut-wood-with-braided-leather-cozy","status":"publish","type":"product","link":"https:\/\/tibladin.dk\/en\/produkt\/loungestol-i-valnoeddetrae-med-flettet-laeder-cosy\/","title":{"rendered":"Lounge chair in walnut wood with braided leather COSY"},"content":{"rendered":"<div class=\"wpb-content-wrapper\"><div class=\"vc_row wpb_row vc_row-fluid\"><div class=\"wpb_column vc_column_container vc_col-sm-4\"><div class=\"vc_column-inner\"><div class=\"wpb_wrapper\"><\/div><\/div><\/div><div class=\"wpb_column vc_column_container vc_col-sm-4\"><div class=\"vc_column-inner\"><div class=\"wpb_wrapper\"><h3 style=\"text-align: left\" class=\"vc_custom_heading vc_do_custom_heading\" >Maintenance<\/h3>\n\t<div class=\"wpb_text_column wpb_content_element\" >\n\t\t<div class=\"wpb_wrapper\">\n\t\t\t<p>The chair can be wiped with a damp cloth, and if desired, both the wood and leather can be oiled as needed.<\/p>\n\n\t\t<\/div>\n\t<\/div>\n<\/div><\/div><\/div><div class=\"wpb_column vc_column_container vc_col-sm-4\"><div class=\"vc_column-inner\"><div class=\"wpb_wrapper\"><h3 style=\"text-align: left\" class=\"vc_custom_heading vc_do_custom_heading\" >The story behind<\/h3>\n\t<div class=\"wpb_text_column wpb_content_element\" >\n\t\t<div class=\"wpb_wrapper\">\n\t\t\t<p>This beautiful lounge chair is made of walnut wood with a seat of braided leather. The chair is handmade in Marrakech and has an elegant and warm expression that fits well into the stylish Scandinavian home. The beautiful clean lines, combined with the delicious dark walnut wood and warm leather give the feeling of elegance, but also invites relaxation and coziness. The chair can be placed in the living room as part of the sofa arrangement, in the bedroom and in the office and therefore fits well into most rooms. The chair is made in collaboration with an artisan in Marrakech.<\/p>\n\n\t\t<\/div>\n\t<\/div>\n<\/div><\/div><\/div><\/div>\n<\/div>","protected":false},"excerpt":{"rendered":"<p class=\"p1\">Beautiful lounge chair in walnut wood with a seat in braided leather. The chair is handmade by a craftsman in Marrakech and has an elegant, stylish and warm expression. The beautiful clean lines and the warm colors from the walnut wood and leather make the chair fit well into the Scandinavian interior. The lounge chair is perfect for relaxation and coziness and fits well in both the living room, bedroom and office.<\/p>\n<p><strong>NOTE! Can be purchased online and picked up in store<\/strong>.<strong> The chair will not be shipped!<\/strong><\/p>\n<p>| Height: 75 cm (seat height 40 cm) | Depth: 50 cm | Width: 60 cm |<\/p>","protected":false},"featured_media":2432,"template":"","meta":{"inline_featured_image":false},"product_brand":[],"product_cat":[47,108,39],"product_tag":[],"class_list":{"0":"post-2437","1":"product","2":"type-product","3":"status-publish","4":"has-post-thumbnail","6":"product_cat-gaven-til-ham","7":"product_cat-loungestole-indendoers","8":"product_cat-moebler","10":"first","11":"instock","12":"taxable","13":"shipping-taxable","14":"purchasable","15":"product-type-simple"},"exclude_global_add_ons":[],"addons":[],"yoast_head":"<!-- This site is optimized with the Yoast SEO plugin v27.4 - https:\/\/yoast.com\/product\/yoast-seo-wordpress\/ -->\n<title>Loungestol i valn\u00f8ddetr\u00e6 og flettet l\u00e6der | Eksklusivt h\u00e5ndv\u00e6rk<\/title>\n<meta name=\"description\" content=\"Smuk loungestol i valn\u00f8ddetr\u00e6 med s\u00e6de af flettet l\u00e6der. H\u00e5ndlavet i Marrakech ved lokal kunsth\u00e5ndv\u00e6rker. Perfekt til afslapning og hygge.\" \/>\n<meta name=\"robots\" content=\"index, follow, max-snippet:-1, max-image-preview:large, max-video-preview:-1\" \/>\n<link rel=\"canonical\" href=\"https:\/\/tibladin.dk\/en\/product-4\/lounge-chair-in-walnut-wood-with-braided-leather-cozy\/\" \/>\n<meta property=\"og:locale\" content=\"en_GB\" \/>\n<meta property=\"og:type\" content=\"article\" \/>\n<meta property=\"og:title\" content=\"Loungestol i valn\u00f8ddetr\u00e6 og flettet l\u00e6der | Eksklusivt h\u00e5ndv\u00e6rk\" \/>\n<meta property=\"og:description\" content=\"Smuk loungestol i valn\u00f8ddetr\u00e6 med s\u00e6de af flettet l\u00e6der. H\u00e5ndlavet i Marrakech ved lokal kunsth\u00e5ndv\u00e6rker. Perfekt til afslapning og hygge.\" \/>\n<meta property=\"og:url\" content=\"https:\/\/tibladin.dk\/en\/product-4\/lounge-chair-in-walnut-wood-with-braided-leather-cozy\/\" \/>\n<meta property=\"og:site_name\" content=\"Tibladin\" \/>\n<meta property=\"article:modified_time\" content=\"2026-03-13T13:42:08+00:00\" \/>\n<meta property=\"og:image\" content=\"https:\/\/tibladin.dk\/wp-content\/uploads\/2022\/09\/Loungestol-1.jpg\" \/>\n\t<meta property=\"og:image:width\" content=\"800\" \/>\n\t<meta property=\"og:image:height\" content=\"800\" \/>\n\t<meta property=\"og:image:type\" content=\"image\/jpeg\" \/>\n<meta name=\"twitter:card\" content=\"summary_large_image\" \/>\n<meta name=\"twitter:label1\" content=\"Estimated reading time\" \/>\n\t<meta name=\"twitter:data1\" content=\"2 minutes\" \/>\n<script type=\"application\/ld+json\" class=\"yoast-schema-graph\">{\"@context\":\"https:\\\/\\\/schema.org\",\"@graph\":[{\"@type\":\"WebPage\",\"@id\":\"https:\\\/\\\/tibladin.dk\\\/produkt\\\/loungestol-i-valnoeddetrae-med-flettet-laeder-cosy\\\/\",\"url\":\"https:\\\/\\\/tibladin.dk\\\/produkt\\\/loungestol-i-valnoeddetrae-med-flettet-laeder-cosy\\\/\",\"name\":\"Loungestol i valn\u00f8ddetr\u00e6 og flettet l\u00e6der | Eksklusivt h\u00e5ndv\u00e6rk\",\"isPartOf\":{\"@id\":\"https:\\\/\\\/tibladin.dk\\\/#website\"},\"primaryImageOfPage\":{\"@id\":\"https:\\\/\\\/tibladin.dk\\\/produkt\\\/loungestol-i-valnoeddetrae-med-flettet-laeder-cosy\\\/#primaryimage\"},\"image\":{\"@id\":\"https:\\\/\\\/tibladin.dk\\\/produkt\\\/loungestol-i-valnoeddetrae-med-flettet-laeder-cosy\\\/#primaryimage\"},\"thumbnailUrl\":\"https:\\\/\\\/tibladin.dk\\\/wp-content\\\/uploads\\\/2022\\\/09\\\/Loungestol-1.jpg\",\"datePublished\":\"2022-09-20T09:16:19+00:00\",\"dateModified\":\"2026-03-13T13:42:08+00:00\",\"description\":\"Smuk loungestol i valn\u00f8ddetr\u00e6 med s\u00e6de af flettet l\u00e6der. H\u00e5ndlavet i Marrakech ved lokal kunsth\u00e5ndv\u00e6rker. Perfekt til afslapning og hygge.\",\"breadcrumb\":{\"@id\":\"https:\\\/\\\/tibladin.dk\\\/produkt\\\/loungestol-i-valnoeddetrae-med-flettet-laeder-cosy\\\/#breadcrumb\"},\"inLanguage\":\"en-GB\",\"potentialAction\":[{\"@type\":\"ReadAction\",\"target\":[\"https:\\\/\\\/tibladin.dk\\\/produkt\\\/loungestol-i-valnoeddetrae-med-flettet-laeder-cosy\\\/\"]}]},{\"@type\":\"ImageObject\",\"inLanguage\":\"en-GB\",\"@id\":\"https:\\\/\\\/tibladin.dk\\\/produkt\\\/loungestol-i-valnoeddetrae-med-flettet-laeder-cosy\\\/#primaryimage\",\"url\":\"https:\\\/\\\/tibladin.dk\\\/wp-content\\\/uploads\\\/2022\\\/09\\\/Loungestol-1.jpg\",\"contentUrl\":\"https:\\\/\\\/tibladin.dk\\\/wp-content\\\/uploads\\\/2022\\\/09\\\/Loungestol-1.jpg\",\"width\":800,\"height\":800,\"caption\":\"H\u00e5ndlavet loungestol i valn\u00f8ddetr\u00e6 og s\u00e6de i flettet l\u00e6der forfra\"},{\"@type\":\"BreadcrumbList\",\"@id\":\"https:\\\/\\\/tibladin.dk\\\/produkt\\\/loungestol-i-valnoeddetrae-med-flettet-laeder-cosy\\\/#breadcrumb\",\"itemListElement\":[{\"@type\":\"ListItem\",\"position\":1,\"name\":\"Hjem\",\"item\":\"https:\\\/\\\/tibladin.dk\\\/\"},{\"@type\":\"ListItem\",\"position\":2,\"name\":\"Shop\",\"item\":\"https:\\\/\\\/tibladin.dk\\\/shop\\\/\"},{\"@type\":\"ListItem\",\"position\":3,\"name\":\"Loungestol i valn\u00f8ddetr\u00e6 med flettet l\u00e6der COSY\"}]},{\"@type\":\"WebSite\",\"@id\":\"https:\\\/\\\/tibladin.dk\\\/#website\",\"url\":\"https:\\\/\\\/tibladin.dk\\\/\",\"name\":\"Tibladin\",\"description\":\"Tibladin\",\"publisher\":{\"@id\":\"https:\\\/\\\/tibladin.dk\\\/#organization\"},\"potentialAction\":[{\"@type\":\"SearchAction\",\"target\":{\"@type\":\"EntryPoint\",\"urlTemplate\":\"https:\\\/\\\/tibladin.dk\\\/?s={search_term_string}\"},\"query-input\":{\"@type\":\"PropertyValueSpecification\",\"valueRequired\":true,\"valueName\":\"search_term_string\"}}],\"inLanguage\":\"en-GB\"},{\"@type\":\"Organization\",\"@id\":\"https:\\\/\\\/tibladin.dk\\\/#organization\",\"name\":\"Tibladin\",\"url\":\"https:\\\/\\\/tibladin.dk\\\/\",\"logo\":{\"@type\":\"ImageObject\",\"inLanguage\":\"en-GB\",\"@id\":\"https:\\\/\\\/tibladin.dk\\\/#\\\/schema\\\/logo\\\/image\\\/\",\"url\":\"https:\\\/\\\/tibladin.dk\\\/wp-content\\\/uploads\\\/2022\\\/09\\\/tibladin_logo.svg\",\"contentUrl\":\"https:\\\/\\\/tibladin.dk\\\/wp-content\\\/uploads\\\/2022\\\/09\\\/tibladin_logo.svg\",\"caption\":\"Tibladin\"},\"image\":{\"@id\":\"https:\\\/\\\/tibladin.dk\\\/#\\\/schema\\\/logo\\\/image\\\/\"}}]}<\/script>\n<!-- \/ Yoast SEO plugin. -->","yoast_head_json":{"title":"Lounge chair in walnut wood and braided leather | Exclusive craftsmanship","description":"Beautiful lounge chair in walnut wood with a seat in woven leather. Handmade in Marrakech by a local craftsman. Perfect for relaxation and coziness.","robots":{"index":"index","follow":"follow","max-snippet":"max-snippet:-1","max-image-preview":"max-image-preview:large","max-video-preview":"max-video-preview:-1"},"canonical":"https:\/\/tibladin.dk\/en\/product-4\/lounge-chair-in-walnut-wood-with-braided-leather-cozy\/","og_locale":"en_GB","og_type":"article","og_title":"Loungestol i valn\u00f8ddetr\u00e6 og flettet l\u00e6der | Eksklusivt h\u00e5ndv\u00e6rk","og_description":"Smuk loungestol i valn\u00f8ddetr\u00e6 med s\u00e6de af flettet l\u00e6der. H\u00e5ndlavet i Marrakech ved lokal kunsth\u00e5ndv\u00e6rker. Perfekt til afslapning og hygge.","og_url":"https:\/\/tibladin.dk\/en\/product-4\/lounge-chair-in-walnut-wood-with-braided-leather-cozy\/","og_site_name":"Tibladin","article_modified_time":"2026-03-13T13:42:08+00:00","og_image":[{"width":800,"height":800,"url":"https:\/\/tibladin.dk\/wp-content\/uploads\/2022\/09\/Loungestol-1.jpg","type":"image\/jpeg"}],"twitter_card":"summary_large_image","twitter_misc":{"Estimated reading time":"2 minutes"},"schema":{"@context":"https:\/\/schema.org","@graph":[{"@type":"WebPage","@id":"https:\/\/tibladin.dk\/produkt\/loungestol-i-valnoeddetrae-med-flettet-laeder-cosy\/","url":"https:\/\/tibladin.dk\/produkt\/loungestol-i-valnoeddetrae-med-flettet-laeder-cosy\/","name":"Lounge chair in walnut wood and braided leather | Exclusive craftsmanship","isPartOf":{"@id":"https:\/\/tibladin.dk\/#website"},"primaryImageOfPage":{"@id":"https:\/\/tibladin.dk\/produkt\/loungestol-i-valnoeddetrae-med-flettet-laeder-cosy\/#primaryimage"},"image":{"@id":"https:\/\/tibladin.dk\/produkt\/loungestol-i-valnoeddetrae-med-flettet-laeder-cosy\/#primaryimage"},"thumbnailUrl":"https:\/\/tibladin.dk\/wp-content\/uploads\/2022\/09\/Loungestol-1.jpg","datePublished":"2022-09-20T09:16:19+00:00","dateModified":"2026-03-13T13:42:08+00:00","description":"Beautiful lounge chair in walnut wood with a seat in woven leather. Handmade in Marrakech by a local craftsman. Perfect for relaxation and coziness.","breadcrumb":{"@id":"https:\/\/tibladin.dk\/produkt\/loungestol-i-valnoeddetrae-med-flettet-laeder-cosy\/#breadcrumb"},"inLanguage":"en-GB","potentialAction":[{"@type":"ReadAction","target":["https:\/\/tibladin.dk\/produkt\/loungestol-i-valnoeddetrae-med-flettet-laeder-cosy\/"]}]},{"@type":"ImageObject","inLanguage":"en-GB","@id":"https:\/\/tibladin.dk\/produkt\/loungestol-i-valnoeddetrae-med-flettet-laeder-cosy\/#primaryimage","url":"https:\/\/tibladin.dk\/wp-content\/uploads\/2022\/09\/Loungestol-1.jpg","contentUrl":"https:\/\/tibladin.dk\/wp-content\/uploads\/2022\/09\/Loungestol-1.jpg","width":800,"height":800,"caption":"H\u00e5ndlavet loungestol i valn\u00f8ddetr\u00e6 og s\u00e6de i flettet l\u00e6der forfra"},{"@type":"BreadcrumbList","@id":"https:\/\/tibladin.dk\/produkt\/loungestol-i-valnoeddetrae-med-flettet-laeder-cosy\/#breadcrumb","itemListElement":[{"@type":"ListItem","position":1,"name":"Hjem","item":"https:\/\/tibladin.dk\/"},{"@type":"ListItem","position":2,"name":"Shop","item":"https:\/\/tibladin.dk\/shop\/"},{"@type":"ListItem","position":3,"name":"Loungestol i valn\u00f8ddetr\u00e6 med flettet l\u00e6der COSY"}]},{"@type":"WebSite","@id":"https:\/\/tibladin.dk\/#website","url":"https:\/\/tibladin.dk\/","name":"Tibladin","description":"Tibladin","publisher":{"@id":"https:\/\/tibladin.dk\/#organization"},"potentialAction":[{"@type":"SearchAction","target":{"@type":"EntryPoint","urlTemplate":"https:\/\/tibladin.dk\/?s={search_term_string}"},"query-input":{"@type":"PropertyValueSpecification","valueRequired":true,"valueName":"search_term_string"}}],"inLanguage":"en-GB"},{"@type":"Organization","@id":"https:\/\/tibladin.dk\/#organization","name":"Tibladin","url":"https:\/\/tibladin.dk\/","logo":{"@type":"ImageObject","inLanguage":"en-GB","@id":"https:\/\/tibladin.dk\/#\/schema\/logo\/image\/","url":"https:\/\/tibladin.dk\/wp-content\/uploads\/2022\/09\/tibladin_logo.svg","contentUrl":"https:\/\/tibladin.dk\/wp-content\/uploads\/2022\/09\/tibladin_logo.svg","caption":"Tibladin"},"image":{"@id":"https:\/\/tibladin.dk\/#\/schema\/logo\/image\/"}}]}},"_links":{"self":[{"href":"https:\/\/tibladin.dk\/en\/wp-json\/wp\/v2\/product\/2437","targetHints":{"allow":["GET"]}}],"collection":[{"href":"https:\/\/tibladin.dk\/en\/wp-json\/wp\/v2\/product"}],"about":[{"href":"https:\/\/tibladin.dk\/en\/wp-json\/wp\/v2\/types\/product"}],"wp:featuredmedia":[{"embeddable":true,"href":"https:\/\/tibladin.dk\/en\/wp-json\/wp\/v2\/media\/2432"}],"wp:attachment":[{"href":"https:\/\/tibladin.dk\/en\/wp-json\/wp\/v2\/media?parent=2437"}],"wp:term":[{"taxonomy":"product_brand","embeddable":true,"href":"https:\/\/tibladin.dk\/en\/wp-json\/wp\/v2\/product_brand?post=2437"},{"taxonomy":"product_cat","embeddable":true,"href":"https:\/\/tibladin.dk\/en\/wp-json\/wp\/v2\/product_cat?post=2437"},{"taxonomy":"product_tag","embeddable":true,"href":"https:\/\/tibladin.dk\/en\/wp-json\/wp\/v2\/product_tag?post=2437"}],"curies":[{"name":"wp","href":"https:\/\/api.w.org\/{rel}","templated":true}]}}