{"id":2486,"date":"2022-09-20T11:16:43","date_gmt":"2022-09-20T09:16:43","guid":{"rendered":"https:\/\/tibladin.dk\/vare\/antikt-bakkebord-i-aluminium\/"},"modified":"2024-12-09T14:25:59","modified_gmt":"2024-12-09T13:25:59","slug":"antique-aluminum-tray-table","status":"publish","type":"product","link":"https:\/\/tibladin.dk\/en\/produkt\/antikt-bakkebord-i-aluminium\/","title":{"rendered":"Antique aluminum tray table"},"content":{"rendered":"<div class=\"wpb-content-wrapper\"><div class=\"vc_row wpb_row vc_row-fluid\"><div class=\"wpb_column vc_column_container vc_col-sm-4\"><div class=\"vc_column-inner\"><div class=\"wpb_wrapper\"><\/div><\/div><\/div><div class=\"wpb_column vc_column_container vc_col-sm-4\"><div class=\"vc_column-inner\"><div class=\"wpb_wrapper\"><h3 style=\"text-align: left\" class=\"vc_custom_heading vc_do_custom_heading\" >Maintenance<\/h3>\n\t<div class=\"wpb_text_column wpb_content_element\" >\n\t\t<div class=\"wpb_wrapper\">\n\t\t\t<p>The tray table can be easily wiped with a damp cloth. Because the table is antique, small imperfections may occur, but this is just part of the antique charm.<\/p>\n\n\t\t<\/div>\n\t<\/div>\n<\/div><\/div><\/div><div class=\"wpb_column vc_column_container vc_col-sm-4\"><div class=\"vc_column-inner\"><div class=\"wpb_wrapper\"><h3 style=\"text-align: left\" class=\"vc_custom_heading vc_do_custom_heading\" >The story behind<\/h3>\n\t<div class=\"wpb_text_column wpb_content_element\" >\n\t\t<div class=\"wpb_wrapper\">\n\t\t\t<p>This beautiful antique Moroccan tray table in aluminum is very special. The table has a top with a nice, unique pattern and legs in black metal. The hand-carved pattern in geometric shapes and with delicate floral motifs gives the table an exciting look that makes it both elegant, exotic and rustic. I found the tray table at an antique dealer in Marrakech, so it has a long and interesting history behind it.<\/p>\n<p>The tray table is a nice addition to the home. It can stand alone as a coffee table or side table, but can also be used as a serving table or dining table. You can create an authentic Moroccan atmosphere by also using the tray as a serving tray or dining table. Then you can gather with family and friends on cushions and blankets around tray tables, and feel the riad atmosphere spread.<\/p>\n\n\t\t<\/div>\n\t<\/div>\n<\/div><\/div><\/div><\/div>\n<\/div>","protected":false},"excerpt":{"rendered":"<p>Beautiful antique tray table in aluminum with mock cut pattern and legs in black painted metal. The tray table was found at an antique dealer in Marrakech and is therefore completely unique. The beautiful pattern cut into the tray gives the table an elegant but at the same time rustic look. The tray table looks great both as a coffee table, side table or serving and dining table. Fits perfectly into the Scandinavian decor as it is elegant, rustic and stylish at the same time.<\/p>\n<p>| Diameter: 86 cm | Height: 46 cm |<\/p>\n<p>&nbsp;<\/p>","protected":false},"featured_media":2480,"template":"","meta":{"inline_featured_image":false},"product_brand":[],"product_cat":[82,39],"product_tag":[],"class_list":{"0":"post-2486","1":"product","2":"type-product","3":"status-publish","4":"has-post-thumbnail","6":"product_cat-borde","7":"product_cat-moebler","9":"first","10":"instock","11":"taxable","12":"shipping-taxable","13":"purchasable","14":"product-type-simple"},"exclude_global_add_ons":[],"addons":[],"yoast_head":"<!-- This site is optimized with the Yoast SEO plugin v27.4 - https:\/\/yoast.com\/product\/yoast-seo-wordpress\/ -->\n<title>Bakkebord fra Marrakech | Antik vare | Tibladin<\/title>\n<meta name=\"description\" content=\"Smukt og unikt bakkebord fra Marokko. Fundet hos antikhandler i Marrakech. H\u00e5nsk\u00e5ret m\u00f8nster, der tilf\u00f8jer et elegant og et rustikt udtryk.\" \/>\n<meta name=\"robots\" content=\"index, follow, max-snippet:-1, max-image-preview:large, max-video-preview:-1\" \/>\n<link rel=\"canonical\" href=\"https:\/\/tibladin.dk\/en\/product-4\/antique-aluminum-tray-table\/\" \/>\n<meta property=\"og:locale\" content=\"en_GB\" \/>\n<meta property=\"og:type\" content=\"article\" \/>\n<meta property=\"og:title\" content=\"Bakkebord fra Marrakech | Antik vare | Tibladin\" \/>\n<meta property=\"og:description\" content=\"Smukt og unikt bakkebord fra Marokko. Fundet hos antikhandler i Marrakech. H\u00e5nsk\u00e5ret m\u00f8nster, der tilf\u00f8jer et elegant og et rustikt udtryk.\" \/>\n<meta property=\"og:url\" content=\"https:\/\/tibladin.dk\/en\/product-4\/antique-aluminum-tray-table\/\" \/>\n<meta property=\"og:site_name\" content=\"Tibladin\" \/>\n<meta property=\"article:modified_time\" content=\"2024-12-09T13:25:59+00:00\" \/>\n<meta property=\"og:image\" content=\"https:\/\/tibladin.dk\/wp-content\/uploads\/2022\/09\/Tibladin_antik-bakkebord_LS1-1.jpg\" \/>\n\t<meta property=\"og:image:width\" content=\"800\" \/>\n\t<meta property=\"og:image:height\" content=\"800\" \/>\n\t<meta property=\"og:image:type\" content=\"image\/jpeg\" \/>\n<meta name=\"twitter:card\" content=\"summary_large_image\" \/>\n<meta name=\"twitter:label1\" content=\"Estimated reading time\" \/>\n\t<meta name=\"twitter:data1\" content=\"2 minutes\" \/>\n<script type=\"application\/ld+json\" class=\"yoast-schema-graph\">{\"@context\":\"https:\\\/\\\/schema.org\",\"@graph\":[{\"@type\":\"WebPage\",\"@id\":\"https:\\\/\\\/tibladin.dk\\\/produkt\\\/antikt-bakkebord-i-aluminium\\\/\",\"url\":\"https:\\\/\\\/tibladin.dk\\\/produkt\\\/antikt-bakkebord-i-aluminium\\\/\",\"name\":\"Bakkebord fra Marrakech | Antik vare | Tibladin\",\"isPartOf\":{\"@id\":\"https:\\\/\\\/tibladin.dk\\\/#website\"},\"primaryImageOfPage\":{\"@id\":\"https:\\\/\\\/tibladin.dk\\\/produkt\\\/antikt-bakkebord-i-aluminium\\\/#primaryimage\"},\"image\":{\"@id\":\"https:\\\/\\\/tibladin.dk\\\/produkt\\\/antikt-bakkebord-i-aluminium\\\/#primaryimage\"},\"thumbnailUrl\":\"https:\\\/\\\/tibladin.dk\\\/wp-content\\\/uploads\\\/2022\\\/09\\\/Tibladin_antik-bakkebord_LS1-1.jpg\",\"datePublished\":\"2022-09-20T09:16:43+00:00\",\"dateModified\":\"2024-12-09T13:25:59+00:00\",\"description\":\"Smukt og unikt bakkebord fra Marokko. Fundet hos antikhandler i Marrakech. H\u00e5nsk\u00e5ret m\u00f8nster, der tilf\u00f8jer et elegant og et rustikt udtryk.\",\"breadcrumb\":{\"@id\":\"https:\\\/\\\/tibladin.dk\\\/produkt\\\/antikt-bakkebord-i-aluminium\\\/#breadcrumb\"},\"inLanguage\":\"en-GB\",\"potentialAction\":[{\"@type\":\"ReadAction\",\"target\":[\"https:\\\/\\\/tibladin.dk\\\/produkt\\\/antikt-bakkebord-i-aluminium\\\/\"]}]},{\"@type\":\"ImageObject\",\"inLanguage\":\"en-GB\",\"@id\":\"https:\\\/\\\/tibladin.dk\\\/produkt\\\/antikt-bakkebord-i-aluminium\\\/#primaryimage\",\"url\":\"https:\\\/\\\/tibladin.dk\\\/wp-content\\\/uploads\\\/2022\\\/09\\\/Tibladin_antik-bakkebord_LS1-1.jpg\",\"contentUrl\":\"https:\\\/\\\/tibladin.dk\\\/wp-content\\\/uploads\\\/2022\\\/09\\\/Tibladin_antik-bakkebord_LS1-1.jpg\",\"width\":800,\"height\":800,\"caption\":\"H\u00e5ndlavet bakkebord med marokkansk m\u00f8nster st\u00e5ende udenfor med service og tangine fad ovenp\u00e5\"},{\"@type\":\"BreadcrumbList\",\"@id\":\"https:\\\/\\\/tibladin.dk\\\/produkt\\\/antikt-bakkebord-i-aluminium\\\/#breadcrumb\",\"itemListElement\":[{\"@type\":\"ListItem\",\"position\":1,\"name\":\"Hjem\",\"item\":\"https:\\\/\\\/tibladin.dk\\\/\"},{\"@type\":\"ListItem\",\"position\":2,\"name\":\"Shop\",\"item\":\"https:\\\/\\\/tibladin.dk\\\/shop\\\/\"},{\"@type\":\"ListItem\",\"position\":3,\"name\":\"Antikt bakkebord i aluminium\"}]},{\"@type\":\"WebSite\",\"@id\":\"https:\\\/\\\/tibladin.dk\\\/#website\",\"url\":\"https:\\\/\\\/tibladin.dk\\\/\",\"name\":\"Tibladin\",\"description\":\"Tibladin\",\"publisher\":{\"@id\":\"https:\\\/\\\/tibladin.dk\\\/#organization\"},\"potentialAction\":[{\"@type\":\"SearchAction\",\"target\":{\"@type\":\"EntryPoint\",\"urlTemplate\":\"https:\\\/\\\/tibladin.dk\\\/?s={search_term_string}\"},\"query-input\":{\"@type\":\"PropertyValueSpecification\",\"valueRequired\":true,\"valueName\":\"search_term_string\"}}],\"inLanguage\":\"en-GB\"},{\"@type\":\"Organization\",\"@id\":\"https:\\\/\\\/tibladin.dk\\\/#organization\",\"name\":\"Tibladin\",\"url\":\"https:\\\/\\\/tibladin.dk\\\/\",\"logo\":{\"@type\":\"ImageObject\",\"inLanguage\":\"en-GB\",\"@id\":\"https:\\\/\\\/tibladin.dk\\\/#\\\/schema\\\/logo\\\/image\\\/\",\"url\":\"https:\\\/\\\/tibladin.dk\\\/wp-content\\\/uploads\\\/2022\\\/09\\\/tibladin_logo.svg\",\"contentUrl\":\"https:\\\/\\\/tibladin.dk\\\/wp-content\\\/uploads\\\/2022\\\/09\\\/tibladin_logo.svg\",\"caption\":\"Tibladin\"},\"image\":{\"@id\":\"https:\\\/\\\/tibladin.dk\\\/#\\\/schema\\\/logo\\\/image\\\/\"}}]}<\/script>\n<!-- \/ Yoast SEO plugin. -->","yoast_head_json":{"title":"Tray table from Marrakech | Antique item | Tibladin","description":"Beautiful and unique tray table from Morocco. Found at antique dealers in Marrakech. Mock-cut pattern that adds an elegant and a rustic look.","robots":{"index":"index","follow":"follow","max-snippet":"max-snippet:-1","max-image-preview":"max-image-preview:large","max-video-preview":"max-video-preview:-1"},"canonical":"https:\/\/tibladin.dk\/en\/product-4\/antique-aluminum-tray-table\/","og_locale":"en_GB","og_type":"article","og_title":"Bakkebord fra Marrakech | Antik vare | Tibladin","og_description":"Smukt og unikt bakkebord fra Marokko. Fundet hos antikhandler i Marrakech. H\u00e5nsk\u00e5ret m\u00f8nster, der tilf\u00f8jer et elegant og et rustikt udtryk.","og_url":"https:\/\/tibladin.dk\/en\/product-4\/antique-aluminum-tray-table\/","og_site_name":"Tibladin","article_modified_time":"2024-12-09T13:25:59+00:00","og_image":[{"width":800,"height":800,"url":"https:\/\/tibladin.dk\/wp-content\/uploads\/2022\/09\/Tibladin_antik-bakkebord_LS1-1.jpg","type":"image\/jpeg"}],"twitter_card":"summary_large_image","twitter_misc":{"Estimated reading time":"2 minutes"},"schema":{"@context":"https:\/\/schema.org","@graph":[{"@type":"WebPage","@id":"https:\/\/tibladin.dk\/produkt\/antikt-bakkebord-i-aluminium\/","url":"https:\/\/tibladin.dk\/produkt\/antikt-bakkebord-i-aluminium\/","name":"Tray table from Marrakech | Antique item | Tibladin","isPartOf":{"@id":"https:\/\/tibladin.dk\/#website"},"primaryImageOfPage":{"@id":"https:\/\/tibladin.dk\/produkt\/antikt-bakkebord-i-aluminium\/#primaryimage"},"image":{"@id":"https:\/\/tibladin.dk\/produkt\/antikt-bakkebord-i-aluminium\/#primaryimage"},"thumbnailUrl":"https:\/\/tibladin.dk\/wp-content\/uploads\/2022\/09\/Tibladin_antik-bakkebord_LS1-1.jpg","datePublished":"2022-09-20T09:16:43+00:00","dateModified":"2024-12-09T13:25:59+00:00","description":"Beautiful and unique tray table from Morocco. Found at antique dealers in Marrakech. Mock-cut pattern that adds an elegant and a rustic look.","breadcrumb":{"@id":"https:\/\/tibladin.dk\/produkt\/antikt-bakkebord-i-aluminium\/#breadcrumb"},"inLanguage":"en-GB","potentialAction":[{"@type":"ReadAction","target":["https:\/\/tibladin.dk\/produkt\/antikt-bakkebord-i-aluminium\/"]}]},{"@type":"ImageObject","inLanguage":"en-GB","@id":"https:\/\/tibladin.dk\/produkt\/antikt-bakkebord-i-aluminium\/#primaryimage","url":"https:\/\/tibladin.dk\/wp-content\/uploads\/2022\/09\/Tibladin_antik-bakkebord_LS1-1.jpg","contentUrl":"https:\/\/tibladin.dk\/wp-content\/uploads\/2022\/09\/Tibladin_antik-bakkebord_LS1-1.jpg","width":800,"height":800,"caption":"H\u00e5ndlavet bakkebord med marokkansk m\u00f8nster st\u00e5ende udenfor med service og tangine fad ovenp\u00e5"},{"@type":"BreadcrumbList","@id":"https:\/\/tibladin.dk\/produkt\/antikt-bakkebord-i-aluminium\/#breadcrumb","itemListElement":[{"@type":"ListItem","position":1,"name":"Hjem","item":"https:\/\/tibladin.dk\/"},{"@type":"ListItem","position":2,"name":"Shop","item":"https:\/\/tibladin.dk\/shop\/"},{"@type":"ListItem","position":3,"name":"Antikt bakkebord i aluminium"}]},{"@type":"WebSite","@id":"https:\/\/tibladin.dk\/#website","url":"https:\/\/tibladin.dk\/","name":"Tibladin","description":"Tibladin","publisher":{"@id":"https:\/\/tibladin.dk\/#organization"},"potentialAction":[{"@type":"SearchAction","target":{"@type":"EntryPoint","urlTemplate":"https:\/\/tibladin.dk\/?s={search_term_string}"},"query-input":{"@type":"PropertyValueSpecification","valueRequired":true,"valueName":"search_term_string"}}],"inLanguage":"en-GB"},{"@type":"Organization","@id":"https:\/\/tibladin.dk\/#organization","name":"Tibladin","url":"https:\/\/tibladin.dk\/","logo":{"@type":"ImageObject","inLanguage":"en-GB","@id":"https:\/\/tibladin.dk\/#\/schema\/logo\/image\/","url":"https:\/\/tibladin.dk\/wp-content\/uploads\/2022\/09\/tibladin_logo.svg","contentUrl":"https:\/\/tibladin.dk\/wp-content\/uploads\/2022\/09\/tibladin_logo.svg","caption":"Tibladin"},"image":{"@id":"https:\/\/tibladin.dk\/#\/schema\/logo\/image\/"}}]}},"_links":{"self":[{"href":"https:\/\/tibladin.dk\/en\/wp-json\/wp\/v2\/product\/2486","targetHints":{"allow":["GET"]}}],"collection":[{"href":"https:\/\/tibladin.dk\/en\/wp-json\/wp\/v2\/product"}],"about":[{"href":"https:\/\/tibladin.dk\/en\/wp-json\/wp\/v2\/types\/product"}],"wp:featuredmedia":[{"embeddable":true,"href":"https:\/\/tibladin.dk\/en\/wp-json\/wp\/v2\/media\/2480"}],"wp:attachment":[{"href":"https:\/\/tibladin.dk\/en\/wp-json\/wp\/v2\/media?parent=2486"}],"wp:term":[{"taxonomy":"product_brand","embeddable":true,"href":"https:\/\/tibladin.dk\/en\/wp-json\/wp\/v2\/product_brand?post=2486"},{"taxonomy":"product_cat","embeddable":true,"href":"https:\/\/tibladin.dk\/en\/wp-json\/wp\/v2\/product_cat?post=2486"},{"taxonomy":"product_tag","embeddable":true,"href":"https:\/\/tibladin.dk\/en\/wp-json\/wp\/v2\/product_tag?post=2486"}],"curies":[{"name":"wp","href":"https:\/\/api.w.org\/{rel}","templated":true}]}}