{"id":2580,"date":"2022-09-20T11:17:27","date_gmt":"2022-09-20T09:17:27","guid":{"rendered":"https:\/\/tibladin.dk\/vare\/kaktussilke-pudebetraek-turkis\/"},"modified":"2026-01-04T18:38:51","modified_gmt":"2026-01-04T17:38:51","slug":"cactus-silk-cushion-cover-turquoise","status":"publish","type":"product","link":"https:\/\/tibladin.dk\/en\/produkt\/kaktussilke-pudebetraek-turkis\/","title":{"rendered":"Cactus silk cushion cover \u2013 TURQUOISE"},"content":{"rendered":"<div class=\"wpb-content-wrapper\"><div class=\"vc_row wpb_row vc_row-fluid\"><div class=\"wpb_column vc_column_container vc_col-sm-4\"><div class=\"vc_column-inner\"><div class=\"wpb_wrapper\"><\/div><\/div><\/div><div class=\"wpb_column vc_column_container vc_col-sm-4\"><div class=\"vc_column-inner\"><div class=\"wpb_wrapper\"><h3 style=\"text-align: left\" class=\"vc_custom_heading vc_do_custom_heading\" >Maintenance<\/h3>\n\t<div class=\"wpb_text_column wpb_content_element\" >\n\t\t<div class=\"wpb_wrapper\">\n\t\t\t<p>The pillow cover cannot withstand water!<\/p>\n<p>They must be dry cleaned at a dry cleaner.<\/p>\n<p>As the cushion covers are 100 % handmade, there are imperfections as well as differences in size and pattern, which are part of the charm of these cushions.<\/p>\n\n\t\t<\/div>\n\t<\/div>\n<\/div><\/div><\/div><div class=\"wpb_column vc_column_container vc_col-sm-4\"><div class=\"vc_column-inner\"><div class=\"wpb_wrapper\"><h3 style=\"text-align: left\" class=\"vc_custom_heading vc_do_custom_heading\" >The story behind<\/h3>\n\t<div class=\"wpb_text_column wpb_content_element\" >\n\t\t<div class=\"wpb_wrapper\">\n\t\t\t<p>This cactus silk cushion cover has a beautiful turquoise color with geometric patterns and details in shades of red and orange. The colors are sharp and compliment each other beautifully, which creates a very special effect. The cushion covers in cactus silk \u2013 also called agave silk \u2013 are handmade and have a very unique look. Cactus silk is woven from fibers from cactus plants from Morocco, and the fibers of the plant give a shiny appearance and feel smoother than cotton or wool, since it is silk. They add an elegant and colorful touch to any room and can be used on the sofa, armchair or bed.<\/p>\n<p>The covers have a strong zip, so you can easily remove the covers and wash them.<\/p>\n<p>The covers fit 40 x 60 or 50 x 60 cm. mounting pads, depending on how full you want them.<\/p>\n\n\t\t<\/div>\n\t<\/div>\n<\/div><\/div><\/div><\/div>\n<\/div>","protected":false},"excerpt":{"rendered":"<p>Handmade cushion cover in cactus silk from Morocco. This beautiful cushion cover is made of cactus silk, also called Sabra, and dyed in a nice turquoise colour. The cushion cover has fine geometric details in red and orange shades that create an elegant and colorful expression. The cactus silk pillows are very special and are the result of beautiful craftsmanship and delicious, natural materials.<\/p>\n<p>Cactus silk cushions have an elegant yet bohemian look and are perfect for the sofa, armchair or bed.<\/p>\n<p>The cushion measures 40\u00d760 cm and fits 40 x 60 or 50 x 60 cm. mounting cushions, depending on how full you want the cushion.<\/p>\n<p>The cushion covers are supplied without cushions, but a mounting cushion can be purchased additionally.<\/p>\n<p>&nbsp;<\/p>\n<p>&nbsp;<\/p>","protected":false},"featured_media":2577,"template":"","meta":{"inline_featured_image":false},"product_brand":[],"product_cat":[160,66,37],"product_tag":[],"class_list":{"0":"post-2580","1":"product","2":"type-product","3":"status-publish","4":"has-post-thumbnail","6":"product_cat-kaktussilke-puder","7":"product_cat-pudebetraek","8":"product_cat-tekstiler","10":"first","11":"instock","12":"taxable","13":"shipping-taxable","14":"purchasable","15":"product-type-simple"},"exclude_global_add_ons":false,"addons":[{"name":"Do you want gift wrapping?","type":"checkbox","position":0,"required":false,"title_format":"label","default":"","description_enable":false,"description":"","placeholder_enable":false,"placeholder":"","display":"images","restrictions_type":"any_text","adjust_price":false,"price":"","price_type":"flat_fee","restrictions":false,"min":"0","max":"0","options":[{"label":"Ja tak","price":"10","price_type":"flat_fee","image":11015,"visibility":true}],"id":1669646111}],"yoast_head":"<!-- This site is optimized with the Yoast SEO plugin v27.5 - https:\/\/yoast.com\/product\/yoast-seo-wordpress\/ -->\n<title>Marokkansk pude i kaktussilke | Turkis | H\u00e5ndlavet i Marrakech<\/title>\n<meta name=\"description\" content=\"H\u00e5ndlavet pudebetr\u00e6k i kaktussilke i flot turkis farve. H\u00f8j kvalitet. Perfekt til sofaen. M\u00e5ler 40x60 cm og passer ogs\u00e5 til 50x60 cm puder.\" \/>\n<meta name=\"robots\" content=\"index, follow, max-snippet:-1, max-image-preview:large, max-video-preview:-1\" \/>\n<link rel=\"canonical\" href=\"https:\/\/tibladin.dk\/en\/product-4\/cactus-silk-cushion-cover-turquoise\/\" \/>\n<meta property=\"og:locale\" content=\"en_GB\" \/>\n<meta property=\"og:type\" content=\"article\" \/>\n<meta property=\"og:title\" content=\"Marokkansk pude i kaktussilke | Turkis | H\u00e5ndlavet i Marrakech\" \/>\n<meta property=\"og:description\" content=\"H\u00e5ndlavet pudebetr\u00e6k i kaktussilke i flot turkis farve. H\u00f8j kvalitet. Perfekt til sofaen. M\u00e5ler 40x60 cm og passer ogs\u00e5 til 50x60 cm puder.\" \/>\n<meta property=\"og:url\" content=\"https:\/\/tibladin.dk\/en\/product-4\/cactus-silk-cushion-cover-turquoise\/\" \/>\n<meta property=\"og:site_name\" content=\"Tibladin\" \/>\n<meta property=\"article:modified_time\" content=\"2026-01-04T17:38:51+00:00\" \/>\n<meta property=\"og:image\" content=\"https:\/\/tibladin.dk\/wp-content\/uploads\/2022\/09\/Turkis-40x60-1-1.png\" \/>\n\t<meta property=\"og:image:width\" content=\"800\" \/>\n\t<meta property=\"og:image:height\" content=\"800\" \/>\n\t<meta property=\"og:image:type\" content=\"image\/png\" \/>\n<meta name=\"twitter:card\" content=\"summary_large_image\" \/>\n<meta name=\"twitter:label1\" content=\"Estimated reading time\" \/>\n\t<meta name=\"twitter:data1\" content=\"2 minutes\" \/>\n<script type=\"application\/ld+json\" class=\"yoast-schema-graph\">{\"@context\":\"https:\\\/\\\/schema.org\",\"@graph\":[{\"@type\":\"WebPage\",\"@id\":\"https:\\\/\\\/tibladin.dk\\\/produkt\\\/kaktussilke-pudebetraek-turkis\\\/\",\"url\":\"https:\\\/\\\/tibladin.dk\\\/produkt\\\/kaktussilke-pudebetraek-turkis\\\/\",\"name\":\"Marokkansk pude i kaktussilke | Turkis | H\u00e5ndlavet i Marrakech\",\"isPartOf\":{\"@id\":\"https:\\\/\\\/tibladin.dk\\\/#website\"},\"primaryImageOfPage\":{\"@id\":\"https:\\\/\\\/tibladin.dk\\\/produkt\\\/kaktussilke-pudebetraek-turkis\\\/#primaryimage\"},\"image\":{\"@id\":\"https:\\\/\\\/tibladin.dk\\\/produkt\\\/kaktussilke-pudebetraek-turkis\\\/#primaryimage\"},\"thumbnailUrl\":\"https:\\\/\\\/tibladin.dk\\\/wp-content\\\/uploads\\\/2022\\\/09\\\/Turkis-40x60-1-1.png\",\"datePublished\":\"2022-09-20T09:17:27+00:00\",\"dateModified\":\"2026-01-04T17:38:51+00:00\",\"description\":\"H\u00e5ndlavet pudebetr\u00e6k i kaktussilke i flot turkis farve. H\u00f8j kvalitet. Perfekt til sofaen. M\u00e5ler 40x60 cm og passer ogs\u00e5 til 50x60 cm puder.\",\"breadcrumb\":{\"@id\":\"https:\\\/\\\/tibladin.dk\\\/produkt\\\/kaktussilke-pudebetraek-turkis\\\/#breadcrumb\"},\"inLanguage\":\"en-GB\",\"potentialAction\":[{\"@type\":\"ReadAction\",\"target\":[\"https:\\\/\\\/tibladin.dk\\\/produkt\\\/kaktussilke-pudebetraek-turkis\\\/\"]}]},{\"@type\":\"ImageObject\",\"inLanguage\":\"en-GB\",\"@id\":\"https:\\\/\\\/tibladin.dk\\\/produkt\\\/kaktussilke-pudebetraek-turkis\\\/#primaryimage\",\"url\":\"https:\\\/\\\/tibladin.dk\\\/wp-content\\\/uploads\\\/2022\\\/09\\\/Turkis-40x60-1-1.png\",\"contentUrl\":\"https:\\\/\\\/tibladin.dk\\\/wp-content\\\/uploads\\\/2022\\\/09\\\/Turkis-40x60-1-1.png\",\"width\":800,\"height\":800,\"caption\":\"Marokkansk h\u00e5ndv\u00e6vet kaktussilke pudebetr\u00e6k i turkis\"},{\"@type\":\"BreadcrumbList\",\"@id\":\"https:\\\/\\\/tibladin.dk\\\/produkt\\\/kaktussilke-pudebetraek-turkis\\\/#breadcrumb\",\"itemListElement\":[{\"@type\":\"ListItem\",\"position\":1,\"name\":\"Hjem\",\"item\":\"https:\\\/\\\/tibladin.dk\\\/\"},{\"@type\":\"ListItem\",\"position\":2,\"name\":\"Shop\",\"item\":\"https:\\\/\\\/tibladin.dk\\\/shop\\\/\"},{\"@type\":\"ListItem\",\"position\":3,\"name\":\"Kaktussilke pudebetr\u00e6k &#8211; TURKIS\"}]},{\"@type\":\"WebSite\",\"@id\":\"https:\\\/\\\/tibladin.dk\\\/#website\",\"url\":\"https:\\\/\\\/tibladin.dk\\\/\",\"name\":\"Tibladin\",\"description\":\"Tibladin\",\"publisher\":{\"@id\":\"https:\\\/\\\/tibladin.dk\\\/#organization\"},\"potentialAction\":[{\"@type\":\"SearchAction\",\"target\":{\"@type\":\"EntryPoint\",\"urlTemplate\":\"https:\\\/\\\/tibladin.dk\\\/?s={search_term_string}\"},\"query-input\":{\"@type\":\"PropertyValueSpecification\",\"valueRequired\":true,\"valueName\":\"search_term_string\"}}],\"inLanguage\":\"en-GB\"},{\"@type\":\"Organization\",\"@id\":\"https:\\\/\\\/tibladin.dk\\\/#organization\",\"name\":\"Tibladin\",\"url\":\"https:\\\/\\\/tibladin.dk\\\/\",\"logo\":{\"@type\":\"ImageObject\",\"inLanguage\":\"en-GB\",\"@id\":\"https:\\\/\\\/tibladin.dk\\\/#\\\/schema\\\/logo\\\/image\\\/\",\"url\":\"https:\\\/\\\/tibladin.dk\\\/wp-content\\\/uploads\\\/2022\\\/09\\\/tibladin_logo.svg\",\"contentUrl\":\"https:\\\/\\\/tibladin.dk\\\/wp-content\\\/uploads\\\/2022\\\/09\\\/tibladin_logo.svg\",\"caption\":\"Tibladin\"},\"image\":{\"@id\":\"https:\\\/\\\/tibladin.dk\\\/#\\\/schema\\\/logo\\\/image\\\/\"}}]}<\/script>\n<!-- \/ Yoast SEO plugin. -->","yoast_head_json":{"title":"Moroccan pillow in cactus silk | Turquoise | Handmade in Marrakech","description":"Handmade cushion cover in cactus silk in a beautiful turquoise colour. High quality. Perfect for the sofa. Measures 40x60 cm and also fits 50x60 cm cushions.","robots":{"index":"index","follow":"follow","max-snippet":"max-snippet:-1","max-image-preview":"max-image-preview:large","max-video-preview":"max-video-preview:-1"},"canonical":"https:\/\/tibladin.dk\/en\/product-4\/cactus-silk-cushion-cover-turquoise\/","og_locale":"en_GB","og_type":"article","og_title":"Marokkansk pude i kaktussilke | Turkis | H\u00e5ndlavet i Marrakech","og_description":"H\u00e5ndlavet pudebetr\u00e6k i kaktussilke i flot turkis farve. H\u00f8j kvalitet. Perfekt til sofaen. M\u00e5ler 40x60 cm og passer ogs\u00e5 til 50x60 cm puder.","og_url":"https:\/\/tibladin.dk\/en\/product-4\/cactus-silk-cushion-cover-turquoise\/","og_site_name":"Tibladin","article_modified_time":"2026-01-04T17:38:51+00:00","og_image":[{"width":800,"height":800,"url":"https:\/\/tibladin.dk\/wp-content\/uploads\/2022\/09\/Turkis-40x60-1-1.png","type":"image\/png"}],"twitter_card":"summary_large_image","twitter_misc":{"Estimated reading time":"2 minutes"},"schema":{"@context":"https:\/\/schema.org","@graph":[{"@type":"WebPage","@id":"https:\/\/tibladin.dk\/produkt\/kaktussilke-pudebetraek-turkis\/","url":"https:\/\/tibladin.dk\/produkt\/kaktussilke-pudebetraek-turkis\/","name":"Moroccan pillow in cactus silk | Turquoise | Handmade in Marrakech","isPartOf":{"@id":"https:\/\/tibladin.dk\/#website"},"primaryImageOfPage":{"@id":"https:\/\/tibladin.dk\/produkt\/kaktussilke-pudebetraek-turkis\/#primaryimage"},"image":{"@id":"https:\/\/tibladin.dk\/produkt\/kaktussilke-pudebetraek-turkis\/#primaryimage"},"thumbnailUrl":"https:\/\/tibladin.dk\/wp-content\/uploads\/2022\/09\/Turkis-40x60-1-1.png","datePublished":"2022-09-20T09:17:27+00:00","dateModified":"2026-01-04T17:38:51+00:00","description":"Handmade cushion cover in cactus silk in a beautiful turquoise colour. High quality. Perfect for the sofa. Measures 40x60 cm and also fits 50x60 cm cushions.","breadcrumb":{"@id":"https:\/\/tibladin.dk\/produkt\/kaktussilke-pudebetraek-turkis\/#breadcrumb"},"inLanguage":"en-GB","potentialAction":[{"@type":"ReadAction","target":["https:\/\/tibladin.dk\/produkt\/kaktussilke-pudebetraek-turkis\/"]}]},{"@type":"ImageObject","inLanguage":"en-GB","@id":"https:\/\/tibladin.dk\/produkt\/kaktussilke-pudebetraek-turkis\/#primaryimage","url":"https:\/\/tibladin.dk\/wp-content\/uploads\/2022\/09\/Turkis-40x60-1-1.png","contentUrl":"https:\/\/tibladin.dk\/wp-content\/uploads\/2022\/09\/Turkis-40x60-1-1.png","width":800,"height":800,"caption":"Marokkansk h\u00e5ndv\u00e6vet kaktussilke pudebetr\u00e6k i turkis"},{"@type":"BreadcrumbList","@id":"https:\/\/tibladin.dk\/produkt\/kaktussilke-pudebetraek-turkis\/#breadcrumb","itemListElement":[{"@type":"ListItem","position":1,"name":"Hjem","item":"https:\/\/tibladin.dk\/"},{"@type":"ListItem","position":2,"name":"Shop","item":"https:\/\/tibladin.dk\/shop\/"},{"@type":"ListItem","position":3,"name":"Kaktussilke pudebetr\u00e6k &#8211; TURKIS"}]},{"@type":"WebSite","@id":"https:\/\/tibladin.dk\/#website","url":"https:\/\/tibladin.dk\/","name":"Tibladin","description":"Tibladin","publisher":{"@id":"https:\/\/tibladin.dk\/#organization"},"potentialAction":[{"@type":"SearchAction","target":{"@type":"EntryPoint","urlTemplate":"https:\/\/tibladin.dk\/?s={search_term_string}"},"query-input":{"@type":"PropertyValueSpecification","valueRequired":true,"valueName":"search_term_string"}}],"inLanguage":"en-GB"},{"@type":"Organization","@id":"https:\/\/tibladin.dk\/#organization","name":"Tibladin","url":"https:\/\/tibladin.dk\/","logo":{"@type":"ImageObject","inLanguage":"en-GB","@id":"https:\/\/tibladin.dk\/#\/schema\/logo\/image\/","url":"https:\/\/tibladin.dk\/wp-content\/uploads\/2022\/09\/tibladin_logo.svg","contentUrl":"https:\/\/tibladin.dk\/wp-content\/uploads\/2022\/09\/tibladin_logo.svg","caption":"Tibladin"},"image":{"@id":"https:\/\/tibladin.dk\/#\/schema\/logo\/image\/"}}]}},"_links":{"self":[{"href":"https:\/\/tibladin.dk\/en\/wp-json\/wp\/v2\/product\/2580","targetHints":{"allow":["GET"]}}],"collection":[{"href":"https:\/\/tibladin.dk\/en\/wp-json\/wp\/v2\/product"}],"about":[{"href":"https:\/\/tibladin.dk\/en\/wp-json\/wp\/v2\/types\/product"}],"wp:featuredmedia":[{"embeddable":true,"href":"https:\/\/tibladin.dk\/en\/wp-json\/wp\/v2\/media\/2577"}],"wp:attachment":[{"href":"https:\/\/tibladin.dk\/en\/wp-json\/wp\/v2\/media?parent=2580"}],"wp:term":[{"taxonomy":"product_brand","embeddable":true,"href":"https:\/\/tibladin.dk\/en\/wp-json\/wp\/v2\/product_brand?post=2580"},{"taxonomy":"product_cat","embeddable":true,"href":"https:\/\/tibladin.dk\/en\/wp-json\/wp\/v2\/product_cat?post=2580"},{"taxonomy":"product_tag","embeddable":true,"href":"https:\/\/tibladin.dk\/en\/wp-json\/wp\/v2\/product_tag?post=2580"}],"curies":[{"name":"wp","href":"https:\/\/api.w.org\/{rel}","templated":true}]}}