{"id":2585,"date":"2024-11-30T11:17:29","date_gmt":"2024-11-30T10:17:29","guid":{"rendered":"https:\/\/tibladin.dk\/vare\/dekorativ-duftkrans-pimp-ta-kasbah\/"},"modified":"2026-01-30T12:59:02","modified_gmt":"2026-01-30T11:59:02","slug":"decorative-scented-wreath-pimp-ta-kasbah","status":"publish","type":"product","link":"https:\/\/tibladin.dk\/en\/produkt\/dekorativ-duftkrans-pimp-ta-kasbah\/","title":{"rendered":"Decorative scented wreath PIMP TA KASBAH"},"content":{"rendered":"<div class=\"wpb-content-wrapper\"><div class=\"vc_row wpb_row vc_row-fluid\"><div class=\"wpb_column vc_column_container vc_col-sm-4\"><div class=\"vc_column-inner\"><div class=\"wpb_wrapper\"><\/div><\/div><\/div><div class=\"wpb_column vc_column_container vc_col-sm-4\"><div class=\"vc_column-inner\"><div class=\"wpb_wrapper\"><h3 style=\"text-align: left\" class=\"vc_custom_heading vc_do_custom_heading\" >Maintenance<\/h3>\n\t<div class=\"wpb_text_column wpb_content_element\" >\n\t\t<div class=\"wpb_wrapper\">\n\t\t\t<p>Use the scented wreath both as a decorative decoration or for washing your hands and body. Rub the soap against the skin so that it lathers.<\/p>\n\n\t\t<\/div>\n\t<\/div>\n<\/div><\/div><\/div><div class=\"wpb_column vc_column_container vc_col-sm-4\"><div class=\"vc_column-inner\"><div class=\"wpb_wrapper\"><h3 style=\"text-align: left\" class=\"vc_custom_heading vc_do_custom_heading\" >The story behind<\/h3>\n\t<div class=\"wpb_text_column wpb_content_element\" >\n\t\t<div class=\"wpb_wrapper\">\n\t\t\t<p>This unique scented wreath is from the brand L&#039;art du bain, which was created in Marrakech in 2004 and has been in production in Nantes, France since 2016.<span class=\"Apple-converted-space\">\u00a0<\/span><\/p>\n<p>The soaps are shaped by hand, one by one, and are perfect as decorative ornaments that spread a lovely fragrance in the home.<\/p>\n<p>An artisanal, careful way of preparing soaps which gives a very fine quality. The soaps are made exclusively from natural fine ingredients with respect for the environment. The technique of making cold-mixed soaps means that the soaps retain the natural glycerin in them and the natural oils, which give a more moisturizing soap.<\/p>\n\n\t\t<\/div>\n\t<\/div>\n<\/div><\/div><\/div><\/div>\n<\/div>","protected":false},"excerpt":{"rendered":"<p><span style=\"font-weight: 400;\">Pimp ta Kasbah is a beautiful and unique decoration consisting of hand-shaped soaps and beautiful pearls in mild colors and shapes. Hang it in your bathroom, bedroom or living room and let the wonderful scent spread throughout the room. The name Pimp ta Kasbah means, translated from Arabic, to decorate or refresh your home. Kasbah. Kasbah is Arabic and means a type of home, also called medina. The unique soap decoration can be used as hand soap in the bathroom, but can also be left hanging as a decoration.\u00a0<\/span><\/p>\n<p>the wreath measures 17 cm in diameter.<\/p>\n<p><span style=\"font-weight: 400;\">A scent of fig, spices, incense and sun-ripened tomatoes is what you might recognize in this delicate scented wreath, which with its essential oils transports you to Marrakech and to warmer, more exotic climes. Easily perfume your home with it. The hand-shaped soaps and pearls are mounted on a metal wreath, and the wreath is delivered in a beautiful gift box. This is a different and unique way to bring fragrance and decoration into your home.<\/span><\/p>","protected":false},"featured_media":32885,"template":"","meta":{"inline_featured_image":false},"product_brand":[],"product_cat":[103,104],"product_tag":[],"class_list":{"0":"post-2585","1":"product","2":"type-product","3":"status-publish","4":"has-post-thumbnail","6":"product_cat-personlig-pleje","7":"product_cat-saeber","9":"first","10":"instock","11":"taxable","12":"shipping-taxable","13":"purchasable","14":"product-type-variable"},"exclude_global_add_ons":false,"addons":[{"name":"Do you want gift wrapping?","type":"checkbox","position":0,"required":false,"title_format":"label","default":"","description_enable":false,"description":"","placeholder_enable":false,"placeholder":"","display":"images","restrictions_type":"any_text","adjust_price":false,"price":"","price_type":"flat_fee","restrictions":false,"min":"0","max":"0","options":[{"label":"Ja tak","price":"10","price_type":"flat_fee","image":11015,"visibility":true}],"id":1669646111}],"yoast_head":"<!-- This site is optimized with the Yoast SEO plugin v27.5 - https:\/\/yoast.com\/product\/yoast-seo-wordpress\/ -->\n<title>Duftkrans af h\u00e5ndlavede s\u00e6ber | \u00d8kologiske ingredienser | Tibladin<\/title>\n<meta name=\"description\" content=\"Smuk duftkrans af h\u00e5ndlavet og h\u00e5ndformet \u00f8kologisk s\u00e6be. Perfekt som dekorativ og velduftende indretning. Kan ogs\u00e5 bruges til vask.\" \/>\n<meta name=\"robots\" content=\"index, follow, max-snippet:-1, max-image-preview:large, max-video-preview:-1\" \/>\n<link rel=\"canonical\" href=\"https:\/\/tibladin.dk\/en\/product-4\/decorative-scented-wreath-pimp-ta-kasbah\/\" \/>\n<meta property=\"og:locale\" content=\"en_GB\" \/>\n<meta property=\"og:type\" content=\"article\" \/>\n<meta property=\"og:title\" content=\"Duftkrans af h\u00e5ndlavede s\u00e6ber | \u00d8kologiske ingredienser | Tibladin\" \/>\n<meta property=\"og:description\" content=\"Smuk duftkrans af h\u00e5ndlavet og h\u00e5ndformet \u00f8kologisk s\u00e6be. Perfekt som dekorativ og velduftende indretning. Kan ogs\u00e5 bruges til vask.\" \/>\n<meta property=\"og:url\" content=\"https:\/\/tibladin.dk\/en\/product-4\/decorative-scented-wreath-pimp-ta-kasbah\/\" \/>\n<meta property=\"og:site_name\" content=\"Tibladin\" \/>\n<meta property=\"article:modified_time\" content=\"2026-01-30T11:59:02+00:00\" \/>\n<meta property=\"og:image\" content=\"https:\/\/tibladin.dk\/wp-content\/uploads\/2022\/09\/Saebekrans_LS7.jpg\" \/>\n\t<meta property=\"og:image:width\" content=\"800\" \/>\n\t<meta property=\"og:image:height\" content=\"800\" \/>\n\t<meta property=\"og:image:type\" content=\"image\/jpeg\" \/>\n<meta name=\"twitter:card\" content=\"summary_large_image\" \/>\n<meta name=\"twitter:label1\" content=\"Estimated reading time\" \/>\n\t<meta name=\"twitter:data1\" content=\"2 minutes\" \/>\n<script type=\"application\/ld+json\" class=\"yoast-schema-graph\">{\"@context\":\"https:\\\/\\\/schema.org\",\"@graph\":[{\"@type\":\"WebPage\",\"@id\":\"https:\\\/\\\/tibladin.dk\\\/produkt\\\/dekorativ-duftkrans-pimp-ta-kasbah\\\/\",\"url\":\"https:\\\/\\\/tibladin.dk\\\/produkt\\\/dekorativ-duftkrans-pimp-ta-kasbah\\\/\",\"name\":\"Duftkrans af h\u00e5ndlavede s\u00e6ber | \u00d8kologiske ingredienser | Tibladin\",\"isPartOf\":{\"@id\":\"https:\\\/\\\/tibladin.dk\\\/#website\"},\"primaryImageOfPage\":{\"@id\":\"https:\\\/\\\/tibladin.dk\\\/produkt\\\/dekorativ-duftkrans-pimp-ta-kasbah\\\/#primaryimage\"},\"image\":{\"@id\":\"https:\\\/\\\/tibladin.dk\\\/produkt\\\/dekorativ-duftkrans-pimp-ta-kasbah\\\/#primaryimage\"},\"thumbnailUrl\":\"https:\\\/\\\/tibladin.dk\\\/wp-content\\\/uploads\\\/2022\\\/09\\\/Saebekrans_LS7.jpg\",\"datePublished\":\"2024-11-30T10:17:29+00:00\",\"dateModified\":\"2026-01-30T11:59:02+00:00\",\"description\":\"Smuk duftkrans af h\u00e5ndlavet og h\u00e5ndformet \u00f8kologisk s\u00e6be. Perfekt som dekorativ og velduftende indretning. Kan ogs\u00e5 bruges til vask.\",\"breadcrumb\":{\"@id\":\"https:\\\/\\\/tibladin.dk\\\/produkt\\\/dekorativ-duftkrans-pimp-ta-kasbah\\\/#breadcrumb\"},\"inLanguage\":\"en-GB\",\"potentialAction\":[{\"@type\":\"ReadAction\",\"target\":[\"https:\\\/\\\/tibladin.dk\\\/produkt\\\/dekorativ-duftkrans-pimp-ta-kasbah\\\/\"]}]},{\"@type\":\"ImageObject\",\"inLanguage\":\"en-GB\",\"@id\":\"https:\\\/\\\/tibladin.dk\\\/produkt\\\/dekorativ-duftkrans-pimp-ta-kasbah\\\/#primaryimage\",\"url\":\"https:\\\/\\\/tibladin.dk\\\/wp-content\\\/uploads\\\/2022\\\/09\\\/Saebekrans_LS7.jpg\",\"contentUrl\":\"https:\\\/\\\/tibladin.dk\\\/wp-content\\\/uploads\\\/2022\\\/09\\\/Saebekrans_LS7.jpg\",\"width\":800,\"height\":800},{\"@type\":\"BreadcrumbList\",\"@id\":\"https:\\\/\\\/tibladin.dk\\\/produkt\\\/dekorativ-duftkrans-pimp-ta-kasbah\\\/#breadcrumb\",\"itemListElement\":[{\"@type\":\"ListItem\",\"position\":1,\"name\":\"Hjem\",\"item\":\"https:\\\/\\\/tibladin.dk\\\/\"},{\"@type\":\"ListItem\",\"position\":2,\"name\":\"Shop\",\"item\":\"https:\\\/\\\/tibladin.dk\\\/shop\\\/\"},{\"@type\":\"ListItem\",\"position\":3,\"name\":\"Dekorativ duftkrans PIMP TA KASBAH\"}]},{\"@type\":\"WebSite\",\"@id\":\"https:\\\/\\\/tibladin.dk\\\/#website\",\"url\":\"https:\\\/\\\/tibladin.dk\\\/\",\"name\":\"Tibladin\",\"description\":\"Tibladin\",\"publisher\":{\"@id\":\"https:\\\/\\\/tibladin.dk\\\/#organization\"},\"potentialAction\":[{\"@type\":\"SearchAction\",\"target\":{\"@type\":\"EntryPoint\",\"urlTemplate\":\"https:\\\/\\\/tibladin.dk\\\/?s={search_term_string}\"},\"query-input\":{\"@type\":\"PropertyValueSpecification\",\"valueRequired\":true,\"valueName\":\"search_term_string\"}}],\"inLanguage\":\"en-GB\"},{\"@type\":\"Organization\",\"@id\":\"https:\\\/\\\/tibladin.dk\\\/#organization\",\"name\":\"Tibladin\",\"url\":\"https:\\\/\\\/tibladin.dk\\\/\",\"logo\":{\"@type\":\"ImageObject\",\"inLanguage\":\"en-GB\",\"@id\":\"https:\\\/\\\/tibladin.dk\\\/#\\\/schema\\\/logo\\\/image\\\/\",\"url\":\"https:\\\/\\\/tibladin.dk\\\/wp-content\\\/uploads\\\/2022\\\/09\\\/tibladin_logo.svg\",\"contentUrl\":\"https:\\\/\\\/tibladin.dk\\\/wp-content\\\/uploads\\\/2022\\\/09\\\/tibladin_logo.svg\",\"caption\":\"Tibladin\"},\"image\":{\"@id\":\"https:\\\/\\\/tibladin.dk\\\/#\\\/schema\\\/logo\\\/image\\\/\"}}]}<\/script>\n<!-- \/ Yoast SEO plugin. -->","yoast_head_json":{"title":"Scented garland of handmade soaps | Organic ingredients | Tibladin","description":"Beautiful scented wreath of handmade and hand-shaped organic soap. Perfect as a decorative and fragrant interior. Can also be used for washing.","robots":{"index":"index","follow":"follow","max-snippet":"max-snippet:-1","max-image-preview":"max-image-preview:large","max-video-preview":"max-video-preview:-1"},"canonical":"https:\/\/tibladin.dk\/en\/product-4\/decorative-scented-wreath-pimp-ta-kasbah\/","og_locale":"en_GB","og_type":"article","og_title":"Duftkrans af h\u00e5ndlavede s\u00e6ber | \u00d8kologiske ingredienser | Tibladin","og_description":"Smuk duftkrans af h\u00e5ndlavet og h\u00e5ndformet \u00f8kologisk s\u00e6be. Perfekt som dekorativ og velduftende indretning. Kan ogs\u00e5 bruges til vask.","og_url":"https:\/\/tibladin.dk\/en\/product-4\/decorative-scented-wreath-pimp-ta-kasbah\/","og_site_name":"Tibladin","article_modified_time":"2026-01-30T11:59:02+00:00","og_image":[{"width":800,"height":800,"url":"https:\/\/tibladin.dk\/wp-content\/uploads\/2022\/09\/Saebekrans_LS7.jpg","type":"image\/jpeg"}],"twitter_card":"summary_large_image","twitter_misc":{"Estimated reading time":"2 minutes"},"schema":{"@context":"https:\/\/schema.org","@graph":[{"@type":"WebPage","@id":"https:\/\/tibladin.dk\/produkt\/dekorativ-duftkrans-pimp-ta-kasbah\/","url":"https:\/\/tibladin.dk\/produkt\/dekorativ-duftkrans-pimp-ta-kasbah\/","name":"Scented garland of handmade soaps | Organic ingredients | Tibladin","isPartOf":{"@id":"https:\/\/tibladin.dk\/#website"},"primaryImageOfPage":{"@id":"https:\/\/tibladin.dk\/produkt\/dekorativ-duftkrans-pimp-ta-kasbah\/#primaryimage"},"image":{"@id":"https:\/\/tibladin.dk\/produkt\/dekorativ-duftkrans-pimp-ta-kasbah\/#primaryimage"},"thumbnailUrl":"https:\/\/tibladin.dk\/wp-content\/uploads\/2022\/09\/Saebekrans_LS7.jpg","datePublished":"2024-11-30T10:17:29+00:00","dateModified":"2026-01-30T11:59:02+00:00","description":"Beautiful scented wreath of handmade and hand-shaped organic soap. Perfect as a decorative and fragrant interior. Can also be used for washing.","breadcrumb":{"@id":"https:\/\/tibladin.dk\/produkt\/dekorativ-duftkrans-pimp-ta-kasbah\/#breadcrumb"},"inLanguage":"en-GB","potentialAction":[{"@type":"ReadAction","target":["https:\/\/tibladin.dk\/produkt\/dekorativ-duftkrans-pimp-ta-kasbah\/"]}]},{"@type":"ImageObject","inLanguage":"en-GB","@id":"https:\/\/tibladin.dk\/produkt\/dekorativ-duftkrans-pimp-ta-kasbah\/#primaryimage","url":"https:\/\/tibladin.dk\/wp-content\/uploads\/2022\/09\/Saebekrans_LS7.jpg","contentUrl":"https:\/\/tibladin.dk\/wp-content\/uploads\/2022\/09\/Saebekrans_LS7.jpg","width":800,"height":800},{"@type":"BreadcrumbList","@id":"https:\/\/tibladin.dk\/produkt\/dekorativ-duftkrans-pimp-ta-kasbah\/#breadcrumb","itemListElement":[{"@type":"ListItem","position":1,"name":"Hjem","item":"https:\/\/tibladin.dk\/"},{"@type":"ListItem","position":2,"name":"Shop","item":"https:\/\/tibladin.dk\/shop\/"},{"@type":"ListItem","position":3,"name":"Dekorativ duftkrans PIMP TA KASBAH"}]},{"@type":"WebSite","@id":"https:\/\/tibladin.dk\/#website","url":"https:\/\/tibladin.dk\/","name":"Tibladin","description":"Tibladin","publisher":{"@id":"https:\/\/tibladin.dk\/#organization"},"potentialAction":[{"@type":"SearchAction","target":{"@type":"EntryPoint","urlTemplate":"https:\/\/tibladin.dk\/?s={search_term_string}"},"query-input":{"@type":"PropertyValueSpecification","valueRequired":true,"valueName":"search_term_string"}}],"inLanguage":"en-GB"},{"@type":"Organization","@id":"https:\/\/tibladin.dk\/#organization","name":"Tibladin","url":"https:\/\/tibladin.dk\/","logo":{"@type":"ImageObject","inLanguage":"en-GB","@id":"https:\/\/tibladin.dk\/#\/schema\/logo\/image\/","url":"https:\/\/tibladin.dk\/wp-content\/uploads\/2022\/09\/tibladin_logo.svg","contentUrl":"https:\/\/tibladin.dk\/wp-content\/uploads\/2022\/09\/tibladin_logo.svg","caption":"Tibladin"},"image":{"@id":"https:\/\/tibladin.dk\/#\/schema\/logo\/image\/"}}]}},"_links":{"self":[{"href":"https:\/\/tibladin.dk\/en\/wp-json\/wp\/v2\/product\/2585","targetHints":{"allow":["GET"]}}],"collection":[{"href":"https:\/\/tibladin.dk\/en\/wp-json\/wp\/v2\/product"}],"about":[{"href":"https:\/\/tibladin.dk\/en\/wp-json\/wp\/v2\/types\/product"}],"wp:featuredmedia":[{"embeddable":true,"href":"https:\/\/tibladin.dk\/en\/wp-json\/wp\/v2\/media\/32885"}],"wp:attachment":[{"href":"https:\/\/tibladin.dk\/en\/wp-json\/wp\/v2\/media?parent=2585"}],"wp:term":[{"taxonomy":"product_brand","embeddable":true,"href":"https:\/\/tibladin.dk\/en\/wp-json\/wp\/v2\/product_brand?post=2585"},{"taxonomy":"product_cat","embeddable":true,"href":"https:\/\/tibladin.dk\/en\/wp-json\/wp\/v2\/product_cat?post=2585"},{"taxonomy":"product_tag","embeddable":true,"href":"https:\/\/tibladin.dk\/en\/wp-json\/wp\/v2\/product_tag?post=2585"}],"curies":[{"name":"wp","href":"https:\/\/api.w.org\/{rel}","templated":true}]}}