{"id":2616,"date":"2022-09-20T11:17:44","date_gmt":"2022-09-20T09:17:44","guid":{"rendered":"https:\/\/tibladin.dk\/vare\/aegte-saebe-geranium\/"},"modified":"2025-09-07T19:30:09","modified_gmt":"2025-09-07T17:30:09","slug":"real-soap-geranium","status":"publish","type":"product","link":"https:\/\/tibladin.dk\/en\/produkt\/aegte-saebe-geranium\/","title":{"rendered":"Genuine soap GERANIUM"},"content":{"rendered":"<div class=\"wpb-content-wrapper\"><div class=\"vc_row wpb_row vc_row-fluid\"><div class=\"wpb_column vc_column_container vc_col-sm-4\"><div class=\"vc_column-inner\"><div class=\"wpb_wrapper\"><\/div><\/div><\/div><div class=\"wpb_column vc_column_container vc_col-sm-4\"><div class=\"vc_column-inner\"><div class=\"wpb_wrapper\"><h3 style=\"text-align: left\" class=\"vc_custom_heading vc_do_custom_heading\" >Maintenance<\/h3>\n\t<div class=\"wpb_text_column wpb_content_element\" >\n\t\t<div class=\"wpb_wrapper\">\n\t\t\t<p>Cleanse and moisturize the skin and massage the soap into the skin. Clean off with water. Leaves the skin silky soft and delicious. Can be used on the body and face.<\/p>\n\n\t\t<\/div>\n\t<\/div>\n<\/div><\/div><\/div><div class=\"wpb_column vc_column_container vc_col-sm-4\"><div class=\"vc_column-inner\"><div class=\"wpb_wrapper\"><h3 style=\"text-align: left\" class=\"vc_custom_heading vc_do_custom_heading\" >The story behind<\/h3>\n\t<div class=\"wpb_text_column wpb_content_element\" >\n\t\t<div class=\"wpb_wrapper\">\n\t\t\t<p><span style=\"font-weight: 400;\">The delicious genuine soaps are from the L&#039;art du bain brand, which was created in Marrakech in 2004 and has had production in Nantes in France since 2016.<\/span><\/p>\n<p><span style=\"font-weight: 400;\">Our real soaps are made from olive oil and argan oil, and we have them in four different scents: Argan, Eucalyptus, G\u00e9ranium, and Amber. The scents are both fresh, warm and spicy, and you can choose according to which scent you prefer.\u00a0<\/span><\/p>\n<p><span style=\"font-weight: 400;\">The real soaps come in glass with a screw cap, and are easy to handle. The soap is liquid, but still quite firm. Simply take a little in your hand and spread it around the body. The soap is easy to dose, and you won&#039;t take too much, as is often the case with liquid shower soaps. You can also use an exfoliating glove or a sponge to wash in depth, but the soap can also simply be applied with your hands.\u00a0<\/span><\/p>\n\n\t\t<\/div>\n\t<\/div>\n<\/div><\/div><\/div><\/div>\n<\/div>","protected":false},"excerpt":{"rendered":"<p><span style=\"font-weight: 400;\">Delicious soap based on organic olive oil and with a beautiful floral scent with notes of geranium and sweet roses. The scent is light and sweet and makes you feel wonderfully relaxed. Perfect for delicate skin with a light and discreet scent that is gentle on the skin.<\/span><\/p>\n<p>Contains 200 ml. Glass container measures 7\u00d77 cm.<\/p>\n<p><span style=\"font-weight: 400;\">Ingredients: Cold-pressed organic olive oil, water, coconut oil, glycerin, natural fragrances.<\/span><\/p>","protected":false},"featured_media":2615,"template":"","meta":{"inline_featured_image":false},"product_brand":[],"product_cat":[27,103,104],"product_tag":[],"class_list":{"0":"post-2616","1":"product","2":"type-product","3":"status-publish","4":"has-post-thumbnail","6":"product_cat-diverse","7":"product_cat-personlig-pleje","8":"product_cat-saeber","10":"first","11":"instock","12":"taxable","13":"shipping-taxable","14":"purchasable","15":"product-type-simple"},"exclude_global_add_ons":false,"addons":[{"name":"Do you want gift wrapping?","type":"checkbox","position":0,"required":false,"title_format":"label","default":"","description_enable":false,"description":"","placeholder_enable":false,"placeholder":"","display":"images","restrictions_type":"any_text","adjust_price":false,"price":"","price_type":"flat_fee","restrictions":false,"min":"0","max":"0","options":[{"label":"Ja tak","price":"10","price_type":"flat_fee","image":11015,"visibility":true}],"id":1669646111}],"yoast_head":"<!-- This site is optimized with the Yoast SEO plugin v27.5 - https:\/\/yoast.com\/product\/yoast-seo-wordpress\/ -->\n<title>\u00c6gte \u00f8kologisk s\u00e6be | Naturlige ingredienser | Tibladin<\/title>\n<meta name=\"description\" content=\"\u00c6gte s\u00e6be med l\u00e6kre naturlige ingredienser. Velduftende, bl\u00f8d og l\u00e6kker p\u00e5 huden. Renser og bl\u00f8dg\u00f8r mildt huden p\u00e5 kroppen og i ansigtet.\" \/>\n<meta name=\"robots\" content=\"index, follow, max-snippet:-1, max-image-preview:large, max-video-preview:-1\" \/>\n<link rel=\"canonical\" href=\"https:\/\/tibladin.dk\/en\/product-4\/real-soap-geranium\/\" \/>\n<meta property=\"og:locale\" content=\"en_GB\" \/>\n<meta property=\"og:type\" content=\"article\" \/>\n<meta property=\"og:title\" content=\"\u00c6gte \u00f8kologisk s\u00e6be | Naturlige ingredienser | Tibladin\" \/>\n<meta property=\"og:description\" content=\"\u00c6gte s\u00e6be med l\u00e6kre naturlige ingredienser. Velduftende, bl\u00f8d og l\u00e6kker p\u00e5 huden. Renser og bl\u00f8dg\u00f8r mildt huden p\u00e5 kroppen og i ansigtet.\" \/>\n<meta property=\"og:url\" content=\"https:\/\/tibladin.dk\/en\/product-4\/real-soap-geranium\/\" \/>\n<meta property=\"og:site_name\" content=\"Tibladin\" \/>\n<meta property=\"article:modified_time\" content=\"2025-09-07T17:30:09+00:00\" \/>\n<meta property=\"og:image\" content=\"https:\/\/tibladin.dk\/wp-content\/uploads\/2022\/09\/Vrai-Faux-Geranium_800x800-1-1.jpg\" \/>\n\t<meta property=\"og:image:width\" content=\"800\" \/>\n\t<meta property=\"og:image:height\" content=\"800\" \/>\n\t<meta property=\"og:image:type\" content=\"image\/jpeg\" \/>\n<meta name=\"twitter:card\" content=\"summary_large_image\" \/>\n<meta name=\"twitter:label1\" content=\"Estimated reading time\" \/>\n\t<meta name=\"twitter:data1\" content=\"2 minutes\" \/>\n<script type=\"application\/ld+json\" class=\"yoast-schema-graph\">{\"@context\":\"https:\\\/\\\/schema.org\",\"@graph\":[{\"@type\":\"WebPage\",\"@id\":\"https:\\\/\\\/tibladin.dk\\\/produkt\\\/aegte-saebe-geranium\\\/\",\"url\":\"https:\\\/\\\/tibladin.dk\\\/produkt\\\/aegte-saebe-geranium\\\/\",\"name\":\"\u00c6gte \u00f8kologisk s\u00e6be | Naturlige ingredienser | Tibladin\",\"isPartOf\":{\"@id\":\"https:\\\/\\\/tibladin.dk\\\/#website\"},\"primaryImageOfPage\":{\"@id\":\"https:\\\/\\\/tibladin.dk\\\/produkt\\\/aegte-saebe-geranium\\\/#primaryimage\"},\"image\":{\"@id\":\"https:\\\/\\\/tibladin.dk\\\/produkt\\\/aegte-saebe-geranium\\\/#primaryimage\"},\"thumbnailUrl\":\"https:\\\/\\\/tibladin.dk\\\/wp-content\\\/uploads\\\/2022\\\/09\\\/Vrai-Faux-Geranium_800x800-1-1.jpg\",\"datePublished\":\"2022-09-20T09:17:44+00:00\",\"dateModified\":\"2025-09-07T17:30:09+00:00\",\"description\":\"\u00c6gte s\u00e6be med l\u00e6kre naturlige ingredienser. Velduftende, bl\u00f8d og l\u00e6kker p\u00e5 huden. Renser og bl\u00f8dg\u00f8r mildt huden p\u00e5 kroppen og i ansigtet.\",\"breadcrumb\":{\"@id\":\"https:\\\/\\\/tibladin.dk\\\/produkt\\\/aegte-saebe-geranium\\\/#breadcrumb\"},\"inLanguage\":\"en-GB\",\"potentialAction\":[{\"@type\":\"ReadAction\",\"target\":[\"https:\\\/\\\/tibladin.dk\\\/produkt\\\/aegte-saebe-geranium\\\/\"]}]},{\"@type\":\"ImageObject\",\"inLanguage\":\"en-GB\",\"@id\":\"https:\\\/\\\/tibladin.dk\\\/produkt\\\/aegte-saebe-geranium\\\/#primaryimage\",\"url\":\"https:\\\/\\\/tibladin.dk\\\/wp-content\\\/uploads\\\/2022\\\/09\\\/Vrai-Faux-Geranium_800x800-1-1.jpg\",\"contentUrl\":\"https:\\\/\\\/tibladin.dk\\\/wp-content\\\/uploads\\\/2022\\\/09\\\/Vrai-Faux-Geranium_800x800-1-1.jpg\",\"width\":800,\"height\":800,\"caption\":\"Vrai Savon s\u00e6be i g\u00e9ranium varianten\"},{\"@type\":\"BreadcrumbList\",\"@id\":\"https:\\\/\\\/tibladin.dk\\\/produkt\\\/aegte-saebe-geranium\\\/#breadcrumb\",\"itemListElement\":[{\"@type\":\"ListItem\",\"position\":1,\"name\":\"Hjem\",\"item\":\"https:\\\/\\\/tibladin.dk\\\/\"},{\"@type\":\"ListItem\",\"position\":2,\"name\":\"Shop\",\"item\":\"https:\\\/\\\/tibladin.dk\\\/shop\\\/\"},{\"@type\":\"ListItem\",\"position\":3,\"name\":\"\u00c6gte s\u00e6be GERANIUM\"}]},{\"@type\":\"WebSite\",\"@id\":\"https:\\\/\\\/tibladin.dk\\\/#website\",\"url\":\"https:\\\/\\\/tibladin.dk\\\/\",\"name\":\"Tibladin\",\"description\":\"Tibladin\",\"publisher\":{\"@id\":\"https:\\\/\\\/tibladin.dk\\\/#organization\"},\"potentialAction\":[{\"@type\":\"SearchAction\",\"target\":{\"@type\":\"EntryPoint\",\"urlTemplate\":\"https:\\\/\\\/tibladin.dk\\\/?s={search_term_string}\"},\"query-input\":{\"@type\":\"PropertyValueSpecification\",\"valueRequired\":true,\"valueName\":\"search_term_string\"}}],\"inLanguage\":\"en-GB\"},{\"@type\":\"Organization\",\"@id\":\"https:\\\/\\\/tibladin.dk\\\/#organization\",\"name\":\"Tibladin\",\"url\":\"https:\\\/\\\/tibladin.dk\\\/\",\"logo\":{\"@type\":\"ImageObject\",\"inLanguage\":\"en-GB\",\"@id\":\"https:\\\/\\\/tibladin.dk\\\/#\\\/schema\\\/logo\\\/image\\\/\",\"url\":\"https:\\\/\\\/tibladin.dk\\\/wp-content\\\/uploads\\\/2022\\\/09\\\/tibladin_logo.svg\",\"contentUrl\":\"https:\\\/\\\/tibladin.dk\\\/wp-content\\\/uploads\\\/2022\\\/09\\\/tibladin_logo.svg\",\"caption\":\"Tibladin\"},\"image\":{\"@id\":\"https:\\\/\\\/tibladin.dk\\\/#\\\/schema\\\/logo\\\/image\\\/\"}}]}<\/script>\n<!-- \/ Yoast SEO plugin. -->","yoast_head_json":{"title":"Real organic soap | Natural ingredients | Tibladin","description":"Real soap with delicious natural ingredients. Fragrant, soft and delicious on the skin. Gently cleanses and softens the skin on the body and face.","robots":{"index":"index","follow":"follow","max-snippet":"max-snippet:-1","max-image-preview":"max-image-preview:large","max-video-preview":"max-video-preview:-1"},"canonical":"https:\/\/tibladin.dk\/en\/product-4\/real-soap-geranium\/","og_locale":"en_GB","og_type":"article","og_title":"\u00c6gte \u00f8kologisk s\u00e6be | Naturlige ingredienser | Tibladin","og_description":"\u00c6gte s\u00e6be med l\u00e6kre naturlige ingredienser. Velduftende, bl\u00f8d og l\u00e6kker p\u00e5 huden. Renser og bl\u00f8dg\u00f8r mildt huden p\u00e5 kroppen og i ansigtet.","og_url":"https:\/\/tibladin.dk\/en\/product-4\/real-soap-geranium\/","og_site_name":"Tibladin","article_modified_time":"2025-09-07T17:30:09+00:00","og_image":[{"width":800,"height":800,"url":"https:\/\/tibladin.dk\/wp-content\/uploads\/2022\/09\/Vrai-Faux-Geranium_800x800-1-1.jpg","type":"image\/jpeg"}],"twitter_card":"summary_large_image","twitter_misc":{"Estimated reading time":"2 minutes"},"schema":{"@context":"https:\/\/schema.org","@graph":[{"@type":"WebPage","@id":"https:\/\/tibladin.dk\/produkt\/aegte-saebe-geranium\/","url":"https:\/\/tibladin.dk\/produkt\/aegte-saebe-geranium\/","name":"Real organic soap | Natural ingredients | Tibladin","isPartOf":{"@id":"https:\/\/tibladin.dk\/#website"},"primaryImageOfPage":{"@id":"https:\/\/tibladin.dk\/produkt\/aegte-saebe-geranium\/#primaryimage"},"image":{"@id":"https:\/\/tibladin.dk\/produkt\/aegte-saebe-geranium\/#primaryimage"},"thumbnailUrl":"https:\/\/tibladin.dk\/wp-content\/uploads\/2022\/09\/Vrai-Faux-Geranium_800x800-1-1.jpg","datePublished":"2022-09-20T09:17:44+00:00","dateModified":"2025-09-07T17:30:09+00:00","description":"Real soap with delicious natural ingredients. Fragrant, soft and delicious on the skin. Gently cleanses and softens the skin on the body and face.","breadcrumb":{"@id":"https:\/\/tibladin.dk\/produkt\/aegte-saebe-geranium\/#breadcrumb"},"inLanguage":"en-GB","potentialAction":[{"@type":"ReadAction","target":["https:\/\/tibladin.dk\/produkt\/aegte-saebe-geranium\/"]}]},{"@type":"ImageObject","inLanguage":"en-GB","@id":"https:\/\/tibladin.dk\/produkt\/aegte-saebe-geranium\/#primaryimage","url":"https:\/\/tibladin.dk\/wp-content\/uploads\/2022\/09\/Vrai-Faux-Geranium_800x800-1-1.jpg","contentUrl":"https:\/\/tibladin.dk\/wp-content\/uploads\/2022\/09\/Vrai-Faux-Geranium_800x800-1-1.jpg","width":800,"height":800,"caption":"Vrai Savon s\u00e6be i g\u00e9ranium varianten"},{"@type":"BreadcrumbList","@id":"https:\/\/tibladin.dk\/produkt\/aegte-saebe-geranium\/#breadcrumb","itemListElement":[{"@type":"ListItem","position":1,"name":"Hjem","item":"https:\/\/tibladin.dk\/"},{"@type":"ListItem","position":2,"name":"Shop","item":"https:\/\/tibladin.dk\/shop\/"},{"@type":"ListItem","position":3,"name":"\u00c6gte s\u00e6be GERANIUM"}]},{"@type":"WebSite","@id":"https:\/\/tibladin.dk\/#website","url":"https:\/\/tibladin.dk\/","name":"Tibladin","description":"Tibladin","publisher":{"@id":"https:\/\/tibladin.dk\/#organization"},"potentialAction":[{"@type":"SearchAction","target":{"@type":"EntryPoint","urlTemplate":"https:\/\/tibladin.dk\/?s={search_term_string}"},"query-input":{"@type":"PropertyValueSpecification","valueRequired":true,"valueName":"search_term_string"}}],"inLanguage":"en-GB"},{"@type":"Organization","@id":"https:\/\/tibladin.dk\/#organization","name":"Tibladin","url":"https:\/\/tibladin.dk\/","logo":{"@type":"ImageObject","inLanguage":"en-GB","@id":"https:\/\/tibladin.dk\/#\/schema\/logo\/image\/","url":"https:\/\/tibladin.dk\/wp-content\/uploads\/2022\/09\/tibladin_logo.svg","contentUrl":"https:\/\/tibladin.dk\/wp-content\/uploads\/2022\/09\/tibladin_logo.svg","caption":"Tibladin"},"image":{"@id":"https:\/\/tibladin.dk\/#\/schema\/logo\/image\/"}}]}},"_links":{"self":[{"href":"https:\/\/tibladin.dk\/en\/wp-json\/wp\/v2\/product\/2616","targetHints":{"allow":["GET"]}}],"collection":[{"href":"https:\/\/tibladin.dk\/en\/wp-json\/wp\/v2\/product"}],"about":[{"href":"https:\/\/tibladin.dk\/en\/wp-json\/wp\/v2\/types\/product"}],"wp:featuredmedia":[{"embeddable":true,"href":"https:\/\/tibladin.dk\/en\/wp-json\/wp\/v2\/media\/2615"}],"wp:attachment":[{"href":"https:\/\/tibladin.dk\/en\/wp-json\/wp\/v2\/media?parent=2616"}],"wp:term":[{"taxonomy":"product_brand","embeddable":true,"href":"https:\/\/tibladin.dk\/en\/wp-json\/wp\/v2\/product_brand?post=2616"},{"taxonomy":"product_cat","embeddable":true,"href":"https:\/\/tibladin.dk\/en\/wp-json\/wp\/v2\/product_cat?post=2616"},{"taxonomy":"product_tag","embeddable":true,"href":"https:\/\/tibladin.dk\/en\/wp-json\/wp\/v2\/product_tag?post=2616"}],"curies":[{"name":"wp","href":"https:\/\/api.w.org\/{rel}","templated":true}]}}