{"id":2620,"date":"2022-09-20T11:17:45","date_gmt":"2022-09-20T09:17:45","guid":{"rendered":"https:\/\/tibladin.dk\/vare\/oekologisk-bodyscrub-pamplemousse-givre\/"},"modified":"2025-11-03T19:19:57","modified_gmt":"2025-11-03T18:19:57","slug":"organic-body-scrub-pamplemousse-gives","status":"publish","type":"product","link":"https:\/\/tibladin.dk\/en\/produkt\/oekologisk-bodyscrub-pamplemousse-givre\/","title":{"rendered":"Organic Bodyscrub PAMPLEMOUSSE GIVR\u00c9"},"content":{"rendered":"<div class=\"wpb-content-wrapper\"><div class=\"vc_row wpb_row vc_row-fluid\"><div class=\"wpb_column vc_column_container vc_col-sm-4\"><div class=\"vc_column-inner\"><div class=\"wpb_wrapper\"><\/div><\/div><\/div><div class=\"wpb_column vc_column_container vc_col-sm-4\"><div class=\"vc_column-inner\"><div class=\"wpb_wrapper\"><h3 style=\"text-align: left\" class=\"vc_custom_heading vc_do_custom_heading\" >Maintenance<\/h3>\n\t<div class=\"wpb_text_column wpb_content_element\" >\n\t\t<div class=\"wpb_wrapper\">\n\t\t\t<p>250 grams<span class=\"Apple-converted-space\">\u00a0<\/span><\/p>\n<p>Moisten the skin and massage the body scrub into the skin, Clean off with water. Leaves the skin silky soft and delicious. Can be used on the body, hands and lips and is good for delicate skin.<\/p>\n\n\t\t<\/div>\n\t<\/div>\n<\/div><\/div><\/div><div class=\"wpb_column vc_column_container vc_col-sm-4\"><div class=\"vc_column-inner\"><div class=\"wpb_wrapper\"><h3 style=\"text-align: left\" class=\"vc_custom_heading vc_do_custom_heading\" >The story behind<\/h3>\n\t<div class=\"wpb_text_column wpb_content_element\" >\n\t\t<div class=\"wpb_wrapper\">\n\t\t\t<p>Soaps from L&#039;art du bain which were created in Marrakech in 2004 and have been produced in Nantes in France since 2016.<span class=\"Apple-converted-space\">\u00a0<\/span><\/p>\n<p>Cold-stirred soaps from natural ingredients and apple oils from Morocco, shaped by hand, one by one.<span class=\"Apple-converted-space\">\u00a0A solid bar of soap is a good way to minimize plastic consumption in everyday life.<\/span><\/p>\n<p>An artisanal, careful way of preparing soaps which gives a very fine quality. The soaps are made exclusively from natural fine ingredients with respect for the environment. The technique of making cold-mixed soaps means that the soaps retain the natural glycerin in them and the natural oils, which give a more moisturizing soap.<\/p>\n\n\t\t<\/div>\n\t<\/div>\n<\/div><\/div><\/div><\/div>\n<\/div>","protected":false},"excerpt":{"rendered":"<p><strong>GRAPE MOUSSE GIVR\u00c9<\/strong><\/p>\n<p>Body Scrub with an explosion of fresh citrus scent, rose, grapefruit and mint in a perfect cocktail that refreshes you and makes you feel good.<\/p>\n<p>Massage into damp skin and rinse off with water. Leaves the skin silky soft and provides plenty of moisture. Can also be used as a hand and lip scrub.<\/p>\n<p>Ingredients: Sugar, coconut oil, apricot kernel oil, cottonseed oil, essential oils.<\/p>\n<p>Inci : Beta Vulgaris Root Extract, Cocos Nucifera Oil, Prunus Armeniaca Kernel Oil, Gossypium Herbaceum Seed Oil, Citrus Paradisi Peel Oil, Mentha Piperita Oil, Limonene.<\/p>","protected":false},"featured_media":2617,"template":"","meta":{"inline_featured_image":false},"product_brand":[],"product_cat":[105,27,29,103,45],"product_tag":[],"class_list":{"0":"post-2620","1":"product","2":"type-product","3":"status-publish","4":"has-post-thumbnail","6":"product_cat-bodyscrub","7":"product_cat-diverse","8":"product_cat-gaven-til-den-unge-pige","9":"product_cat-personlig-pleje","10":"product_cat-vaert-vaertindegaver","12":"first","13":"instock","14":"taxable","15":"shipping-taxable","16":"purchasable","17":"product-type-simple"},"exclude_global_add_ons":false,"addons":[{"name":"Do you want gift wrapping?","type":"checkbox","position":0,"required":false,"title_format":"label","default":"","description_enable":false,"description":"","placeholder_enable":false,"placeholder":"","display":"images","restrictions_type":"any_text","adjust_price":false,"price":"","price_type":"flat_fee","restrictions":false,"min":"0","max":"0","options":[{"label":"Ja tak","price":"10","price_type":"flat_fee","image":11015,"visibility":true}],"id":1669646111}],"yoast_head":"<!-- This site is optimized with the Yoast SEO plugin v27.4 - https:\/\/yoast.com\/product\/yoast-seo-wordpress\/ -->\n<title>H\u00e5ndlavede marokkansk bodyscrub<\/title>\n<meta name=\"description\" content=\"Marokkansk Bodyscrub med sukker og \u00f8kologisk kokosolie- kun naturlige ingredienser. Efterlader huden silkebl\u00f8d l\u00e6kker.\" \/>\n<meta name=\"robots\" content=\"index, follow, max-snippet:-1, max-image-preview:large, max-video-preview:-1\" \/>\n<link rel=\"canonical\" href=\"https:\/\/tibladin.dk\/en\/product-4\/organic-body-scrub-pamplemousse-gives\/\" \/>\n<meta property=\"og:locale\" content=\"en_GB\" \/>\n<meta property=\"og:type\" content=\"article\" \/>\n<meta property=\"og:title\" content=\"H\u00e5ndlavede marokkansk bodyscrub\" \/>\n<meta property=\"og:description\" content=\"Marokkansk Bodyscrub med sukker og \u00f8kologisk kokosolie- kun naturlige ingredienser. Efterlader huden silkebl\u00f8d l\u00e6kker.\" \/>\n<meta property=\"og:url\" content=\"https:\/\/tibladin.dk\/en\/product-4\/organic-body-scrub-pamplemousse-gives\/\" \/>\n<meta property=\"og:site_name\" content=\"Tibladin\" \/>\n<meta property=\"article:modified_time\" content=\"2025-11-03T18:19:57+00:00\" \/>\n<meta property=\"og:image\" content=\"https:\/\/tibladin.dk\/wp-content\/uploads\/2022\/09\/Gommage-Pamplemousse-givre-1-1.jpg\" \/>\n\t<meta property=\"og:image:width\" content=\"800\" \/>\n\t<meta property=\"og:image:height\" content=\"800\" \/>\n\t<meta property=\"og:image:type\" content=\"image\/jpeg\" \/>\n<meta name=\"twitter:card\" content=\"summary_large_image\" \/>\n<meta name=\"twitter:label1\" content=\"Estimated reading time\" \/>\n\t<meta name=\"twitter:data1\" content=\"2 minutes\" \/>\n<script type=\"application\/ld+json\" class=\"yoast-schema-graph\">{\"@context\":\"https:\\\/\\\/schema.org\",\"@graph\":[{\"@type\":\"WebPage\",\"@id\":\"https:\\\/\\\/tibladin.dk\\\/produkt\\\/oekologisk-bodyscrub-pamplemousse-givre\\\/\",\"url\":\"https:\\\/\\\/tibladin.dk\\\/produkt\\\/oekologisk-bodyscrub-pamplemousse-givre\\\/\",\"name\":\"H\u00e5ndlavede marokkansk bodyscrub\",\"isPartOf\":{\"@id\":\"https:\\\/\\\/tibladin.dk\\\/#website\"},\"primaryImageOfPage\":{\"@id\":\"https:\\\/\\\/tibladin.dk\\\/produkt\\\/oekologisk-bodyscrub-pamplemousse-givre\\\/#primaryimage\"},\"image\":{\"@id\":\"https:\\\/\\\/tibladin.dk\\\/produkt\\\/oekologisk-bodyscrub-pamplemousse-givre\\\/#primaryimage\"},\"thumbnailUrl\":\"https:\\\/\\\/tibladin.dk\\\/wp-content\\\/uploads\\\/2022\\\/09\\\/Gommage-Pamplemousse-givre-1-1.jpg\",\"datePublished\":\"2022-09-20T09:17:45+00:00\",\"dateModified\":\"2025-11-03T18:19:57+00:00\",\"description\":\"Marokkansk Bodyscrub med sukker og \u00f8kologisk kokosolie- kun naturlige ingredienser. Efterlader huden silkebl\u00f8d l\u00e6kker.\",\"breadcrumb\":{\"@id\":\"https:\\\/\\\/tibladin.dk\\\/produkt\\\/oekologisk-bodyscrub-pamplemousse-givre\\\/#breadcrumb\"},\"inLanguage\":\"en-GB\",\"potentialAction\":[{\"@type\":\"ReadAction\",\"target\":[\"https:\\\/\\\/tibladin.dk\\\/produkt\\\/oekologisk-bodyscrub-pamplemousse-givre\\\/\"]}]},{\"@type\":\"ImageObject\",\"inLanguage\":\"en-GB\",\"@id\":\"https:\\\/\\\/tibladin.dk\\\/produkt\\\/oekologisk-bodyscrub-pamplemousse-givre\\\/#primaryimage\",\"url\":\"https:\\\/\\\/tibladin.dk\\\/wp-content\\\/uploads\\\/2022\\\/09\\\/Gommage-Pamplemousse-givre-1-1.jpg\",\"contentUrl\":\"https:\\\/\\\/tibladin.dk\\\/wp-content\\\/uploads\\\/2022\\\/09\\\/Gommage-Pamplemousse-givre-1-1.jpg\",\"width\":800,\"height\":800,\"caption\":\"Bodyscrub i pamplemousse givr\u00e9 varianten\"},{\"@type\":\"BreadcrumbList\",\"@id\":\"https:\\\/\\\/tibladin.dk\\\/produkt\\\/oekologisk-bodyscrub-pamplemousse-givre\\\/#breadcrumb\",\"itemListElement\":[{\"@type\":\"ListItem\",\"position\":1,\"name\":\"Hjem\",\"item\":\"https:\\\/\\\/tibladin.dk\\\/\"},{\"@type\":\"ListItem\",\"position\":2,\"name\":\"Shop\",\"item\":\"https:\\\/\\\/tibladin.dk\\\/shop\\\/\"},{\"@type\":\"ListItem\",\"position\":3,\"name\":\"\u00d8kologisk Bodyscrub PAMPLEMOUSSE GIVR\u00c9\"}]},{\"@type\":\"WebSite\",\"@id\":\"https:\\\/\\\/tibladin.dk\\\/#website\",\"url\":\"https:\\\/\\\/tibladin.dk\\\/\",\"name\":\"Tibladin\",\"description\":\"Tibladin\",\"publisher\":{\"@id\":\"https:\\\/\\\/tibladin.dk\\\/#organization\"},\"potentialAction\":[{\"@type\":\"SearchAction\",\"target\":{\"@type\":\"EntryPoint\",\"urlTemplate\":\"https:\\\/\\\/tibladin.dk\\\/?s={search_term_string}\"},\"query-input\":{\"@type\":\"PropertyValueSpecification\",\"valueRequired\":true,\"valueName\":\"search_term_string\"}}],\"inLanguage\":\"en-GB\"},{\"@type\":\"Organization\",\"@id\":\"https:\\\/\\\/tibladin.dk\\\/#organization\",\"name\":\"Tibladin\",\"url\":\"https:\\\/\\\/tibladin.dk\\\/\",\"logo\":{\"@type\":\"ImageObject\",\"inLanguage\":\"en-GB\",\"@id\":\"https:\\\/\\\/tibladin.dk\\\/#\\\/schema\\\/logo\\\/image\\\/\",\"url\":\"https:\\\/\\\/tibladin.dk\\\/wp-content\\\/uploads\\\/2022\\\/09\\\/tibladin_logo.svg\",\"contentUrl\":\"https:\\\/\\\/tibladin.dk\\\/wp-content\\\/uploads\\\/2022\\\/09\\\/tibladin_logo.svg\",\"caption\":\"Tibladin\"},\"image\":{\"@id\":\"https:\\\/\\\/tibladin.dk\\\/#\\\/schema\\\/logo\\\/image\\\/\"}}]}<\/script>\n<!-- \/ Yoast SEO plugin. -->","yoast_head_json":{"title":"Handmade Moroccan body scrub","description":"Moroccan Bodyscrub with sugar and organic coconut oil - only natural ingredients. Leaves the skin silky smooth and delicious.","robots":{"index":"index","follow":"follow","max-snippet":"max-snippet:-1","max-image-preview":"max-image-preview:large","max-video-preview":"max-video-preview:-1"},"canonical":"https:\/\/tibladin.dk\/en\/product-4\/organic-body-scrub-pamplemousse-gives\/","og_locale":"en_GB","og_type":"article","og_title":"H\u00e5ndlavede marokkansk bodyscrub","og_description":"Marokkansk Bodyscrub med sukker og \u00f8kologisk kokosolie- kun naturlige ingredienser. Efterlader huden silkebl\u00f8d l\u00e6kker.","og_url":"https:\/\/tibladin.dk\/en\/product-4\/organic-body-scrub-pamplemousse-gives\/","og_site_name":"Tibladin","article_modified_time":"2025-11-03T18:19:57+00:00","og_image":[{"width":800,"height":800,"url":"https:\/\/tibladin.dk\/wp-content\/uploads\/2022\/09\/Gommage-Pamplemousse-givre-1-1.jpg","type":"image\/jpeg"}],"twitter_card":"summary_large_image","twitter_misc":{"Estimated reading time":"2 minutes"},"schema":{"@context":"https:\/\/schema.org","@graph":[{"@type":"WebPage","@id":"https:\/\/tibladin.dk\/produkt\/oekologisk-bodyscrub-pamplemousse-givre\/","url":"https:\/\/tibladin.dk\/produkt\/oekologisk-bodyscrub-pamplemousse-givre\/","name":"Handmade Moroccan body scrub","isPartOf":{"@id":"https:\/\/tibladin.dk\/#website"},"primaryImageOfPage":{"@id":"https:\/\/tibladin.dk\/produkt\/oekologisk-bodyscrub-pamplemousse-givre\/#primaryimage"},"image":{"@id":"https:\/\/tibladin.dk\/produkt\/oekologisk-bodyscrub-pamplemousse-givre\/#primaryimage"},"thumbnailUrl":"https:\/\/tibladin.dk\/wp-content\/uploads\/2022\/09\/Gommage-Pamplemousse-givre-1-1.jpg","datePublished":"2022-09-20T09:17:45+00:00","dateModified":"2025-11-03T18:19:57+00:00","description":"Moroccan Bodyscrub with sugar and organic coconut oil - only natural ingredients. Leaves the skin silky smooth and delicious.","breadcrumb":{"@id":"https:\/\/tibladin.dk\/produkt\/oekologisk-bodyscrub-pamplemousse-givre\/#breadcrumb"},"inLanguage":"en-GB","potentialAction":[{"@type":"ReadAction","target":["https:\/\/tibladin.dk\/produkt\/oekologisk-bodyscrub-pamplemousse-givre\/"]}]},{"@type":"ImageObject","inLanguage":"en-GB","@id":"https:\/\/tibladin.dk\/produkt\/oekologisk-bodyscrub-pamplemousse-givre\/#primaryimage","url":"https:\/\/tibladin.dk\/wp-content\/uploads\/2022\/09\/Gommage-Pamplemousse-givre-1-1.jpg","contentUrl":"https:\/\/tibladin.dk\/wp-content\/uploads\/2022\/09\/Gommage-Pamplemousse-givre-1-1.jpg","width":800,"height":800,"caption":"Bodyscrub i pamplemousse givr\u00e9 varianten"},{"@type":"BreadcrumbList","@id":"https:\/\/tibladin.dk\/produkt\/oekologisk-bodyscrub-pamplemousse-givre\/#breadcrumb","itemListElement":[{"@type":"ListItem","position":1,"name":"Hjem","item":"https:\/\/tibladin.dk\/"},{"@type":"ListItem","position":2,"name":"Shop","item":"https:\/\/tibladin.dk\/shop\/"},{"@type":"ListItem","position":3,"name":"\u00d8kologisk Bodyscrub PAMPLEMOUSSE GIVR\u00c9"}]},{"@type":"WebSite","@id":"https:\/\/tibladin.dk\/#website","url":"https:\/\/tibladin.dk\/","name":"Tibladin","description":"Tibladin","publisher":{"@id":"https:\/\/tibladin.dk\/#organization"},"potentialAction":[{"@type":"SearchAction","target":{"@type":"EntryPoint","urlTemplate":"https:\/\/tibladin.dk\/?s={search_term_string}"},"query-input":{"@type":"PropertyValueSpecification","valueRequired":true,"valueName":"search_term_string"}}],"inLanguage":"en-GB"},{"@type":"Organization","@id":"https:\/\/tibladin.dk\/#organization","name":"Tibladin","url":"https:\/\/tibladin.dk\/","logo":{"@type":"ImageObject","inLanguage":"en-GB","@id":"https:\/\/tibladin.dk\/#\/schema\/logo\/image\/","url":"https:\/\/tibladin.dk\/wp-content\/uploads\/2022\/09\/tibladin_logo.svg","contentUrl":"https:\/\/tibladin.dk\/wp-content\/uploads\/2022\/09\/tibladin_logo.svg","caption":"Tibladin"},"image":{"@id":"https:\/\/tibladin.dk\/#\/schema\/logo\/image\/"}}]}},"_links":{"self":[{"href":"https:\/\/tibladin.dk\/en\/wp-json\/wp\/v2\/product\/2620","targetHints":{"allow":["GET"]}}],"collection":[{"href":"https:\/\/tibladin.dk\/en\/wp-json\/wp\/v2\/product"}],"about":[{"href":"https:\/\/tibladin.dk\/en\/wp-json\/wp\/v2\/types\/product"}],"wp:featuredmedia":[{"embeddable":true,"href":"https:\/\/tibladin.dk\/en\/wp-json\/wp\/v2\/media\/2617"}],"wp:attachment":[{"href":"https:\/\/tibladin.dk\/en\/wp-json\/wp\/v2\/media?parent=2620"}],"wp:term":[{"taxonomy":"product_brand","embeddable":true,"href":"https:\/\/tibladin.dk\/en\/wp-json\/wp\/v2\/product_brand?post=2620"},{"taxonomy":"product_cat","embeddable":true,"href":"https:\/\/tibladin.dk\/en\/wp-json\/wp\/v2\/product_cat?post=2620"},{"taxonomy":"product_tag","embeddable":true,"href":"https:\/\/tibladin.dk\/en\/wp-json\/wp\/v2\/product_tag?post=2620"}],"curies":[{"name":"wp","href":"https:\/\/api.w.org\/{rel}","templated":true}]}}