{"id":2622,"date":"2022-09-20T11:17:46","date_gmt":"2022-09-20T09:17:46","guid":{"rendered":"https:\/\/tibladin.dk\/vare\/plakat-35x245-cm-dreng-ved-fontaine\/"},"modified":"2025-02-25T16:13:43","modified_gmt":"2025-02-25T15:13:43","slug":"poster-35x245-cm-boy-at-the-fountain","status":"publish","type":"product","link":"https:\/\/tibladin.dk\/en\/produkt\/plakat-35x245-cm-dreng-ved-fontaine\/","title":{"rendered":"Poster 35\u00d724.5 cm. BOY AT THE FONTAINE"},"content":{"rendered":"<div class=\"wpb-content-wrapper\"><div class=\"vc_row wpb_row vc_row-fluid\"><div class=\"wpb_column vc_column_container vc_col-sm-4\"><div class=\"vc_column-inner\"><div class=\"wpb_wrapper\"><\/div><\/div><\/div><div class=\"wpb_column vc_column_container vc_col-sm-4\"><div class=\"vc_column-inner\"><div class=\"wpb_wrapper\"><h3 style=\"text-align: left\" class=\"vc_custom_heading vc_do_custom_heading\" >Frame<\/h3>\n\t<div class=\"wpb_text_column wpb_content_element\" >\n\t\t<div class=\"wpb_wrapper\">\n\t\t\t<p>You can choose which frame you want to put the picture in. Should it be a colored frame, natural wood, white, black or aluminium, depending on what suits your decor.<\/p>\n\n\t\t<\/div>\n\t<\/div>\n<\/div><\/div><\/div><div class=\"wpb_column vc_column_container vc_col-sm-4\"><div class=\"vc_column-inner\"><div class=\"wpb_wrapper\"><h3 style=\"text-align: left\" class=\"vc_custom_heading vc_do_custom_heading\" >This is how I decorate my walls<\/h3>\n\t<div class=\"wpb_text_column wpb_content_element\" >\n\t\t<div class=\"wpb_wrapper\">\n\t\t\t<p><span class=\"JsGRdQ\">Should your walls bubble over like a champagne glass of romance, radiate exclusivity, create a warm<\/span><span class=\"JsGRdQ\">\u00a0<\/span><span class=\"JsGRdQ\">bohemian vibe or something completely different? It can be achieved with small changes and some simple choices. Use posters by local Moroccan artists to give your interior a personal and unique look.<\/span><\/p>\n\n\t\t<\/div>\n\t<\/div>\n<\/div><\/div><\/div><\/div>\n<\/div>","protected":false},"excerpt":{"rendered":"<p>Be inspired by this beautiful Moroccan drawing, made by a local artist.<\/p>\n<p>On strong cardboard<br \/>\n35 high X 24.5 wide<br \/>\nSold without frame<\/p>\n<p><strong>Boy at the fountain:\u00a0<\/strong>An Arab boy gets a sip of water from a fountain in the city streets. It is hot in Morocco and he might be running and playing with his friends in the sun. His beautiful clothes testify that he has been to a ceremony or a family event. The hat is called a fez and gives a nice color to the wall in our home. The blue mosaic vivid pattern awakens our senses. We become curious and dream through the image to experience a completely different daily life in a different culture. In Morocco, they are simply surrounded by aesthetics in even the most impoverished neighborhoods. Mosaic, nice doors and architecture.<\/p>\n<p>&nbsp;<\/p>","protected":false},"featured_media":2621,"template":"","meta":{"inline_featured_image":false},"product_brand":[],"product_cat":[111,112,56],"product_tag":[],"class_list":{"0":"post-2622","1":"product","2":"type-product","3":"status-publish","4":"has-post-thumbnail","6":"product_cat-plakater","7":"product_cat-smaa-plakater-karton-245x35-cm","8":"product_cat-vaegdekoration","10":"first","11":"outofstock","12":"taxable","13":"shipping-taxable","14":"purchasable","15":"product-type-simple"},"exclude_global_add_ons":false,"addons":[{"name":"Do you want gift wrapping?","type":"checkbox","position":0,"required":false,"title_format":"label","default":"","description_enable":false,"description":"","placeholder_enable":false,"placeholder":"","display":"images","restrictions_type":"any_text","adjust_price":false,"price":"","price_type":"flat_fee","restrictions":false,"min":"0","max":"0","options":[{"label":"Ja tak","price":"10","price_type":"flat_fee","image":11015,"visibility":true}],"id":1669646111}],"yoast_head":"<!-- This site is optimized with the Yoast SEO plugin v27.4 - https:\/\/yoast.com\/product\/yoast-seo-wordpress\/ -->\n<title>Marokkansk plakater | Lokale kunstnere | Unik v\u00e6gdekoration<\/title>\n<meta name=\"description\" content=\"Plakater af marokkansk lokal kunstner. F\u00e5 et touch af Marokko ind i dit hjem og giv din v\u00e6gge en unik udsmykning med stemningsfulde plakater.\" \/>\n<meta name=\"robots\" content=\"index, follow, max-snippet:-1, max-image-preview:large, max-video-preview:-1\" \/>\n<link rel=\"canonical\" href=\"https:\/\/tibladin.dk\/en\/product-4\/poster-35x245-cm-boy-at-the-fountain\/\" \/>\n<meta property=\"og:locale\" content=\"en_GB\" \/>\n<meta property=\"og:type\" content=\"article\" \/>\n<meta property=\"og:title\" content=\"Marokkansk plakater | Lokale kunstnere | Unik v\u00e6gdekoration\" \/>\n<meta property=\"og:description\" content=\"Plakater af marokkansk lokal kunstner. F\u00e5 et touch af Marokko ind i dit hjem og giv din v\u00e6gge en unik udsmykning med stemningsfulde plakater.\" \/>\n<meta property=\"og:url\" content=\"https:\/\/tibladin.dk\/en\/product-4\/poster-35x245-cm-boy-at-the-fountain\/\" \/>\n<meta property=\"og:site_name\" content=\"Tibladin\" \/>\n<meta property=\"article:modified_time\" content=\"2025-02-25T15:13:43+00:00\" \/>\n<meta property=\"og:image\" content=\"https:\/\/tibladin.dk\/wp-content\/uploads\/2022\/09\/Dreng-ved-fontaine-1.jpg\" \/>\n\t<meta property=\"og:image:width\" content=\"800\" \/>\n\t<meta property=\"og:image:height\" content=\"800\" \/>\n\t<meta property=\"og:image:type\" content=\"image\/jpeg\" \/>\n<meta name=\"twitter:card\" content=\"summary_large_image\" \/>\n<meta name=\"twitter:label1\" content=\"Estimated reading time\" \/>\n\t<meta name=\"twitter:data1\" content=\"1 minute\" \/>\n<script type=\"application\/ld+json\" class=\"yoast-schema-graph\">{\"@context\":\"https:\\\/\\\/schema.org\",\"@graph\":[{\"@type\":\"WebPage\",\"@id\":\"https:\\\/\\\/tibladin.dk\\\/produkt\\\/plakat-35x245-cm-dreng-ved-fontaine\\\/\",\"url\":\"https:\\\/\\\/tibladin.dk\\\/produkt\\\/plakat-35x245-cm-dreng-ved-fontaine\\\/\",\"name\":\"Marokkansk plakater | Lokale kunstnere | Unik v\u00e6gdekoration\",\"isPartOf\":{\"@id\":\"https:\\\/\\\/tibladin.dk\\\/#website\"},\"primaryImageOfPage\":{\"@id\":\"https:\\\/\\\/tibladin.dk\\\/produkt\\\/plakat-35x245-cm-dreng-ved-fontaine\\\/#primaryimage\"},\"image\":{\"@id\":\"https:\\\/\\\/tibladin.dk\\\/produkt\\\/plakat-35x245-cm-dreng-ved-fontaine\\\/#primaryimage\"},\"thumbnailUrl\":\"https:\\\/\\\/tibladin.dk\\\/wp-content\\\/uploads\\\/2022\\\/09\\\/Dreng-ved-fontaine-1.jpg\",\"datePublished\":\"2022-09-20T09:17:46+00:00\",\"dateModified\":\"2025-02-25T15:13:43+00:00\",\"description\":\"Plakater af marokkansk lokal kunstner. F\u00e5 et touch af Marokko ind i dit hjem og giv din v\u00e6gge en unik udsmykning med stemningsfulde plakater.\",\"breadcrumb\":{\"@id\":\"https:\\\/\\\/tibladin.dk\\\/produkt\\\/plakat-35x245-cm-dreng-ved-fontaine\\\/#breadcrumb\"},\"inLanguage\":\"en-GB\",\"potentialAction\":[{\"@type\":\"ReadAction\",\"target\":[\"https:\\\/\\\/tibladin.dk\\\/produkt\\\/plakat-35x245-cm-dreng-ved-fontaine\\\/\"]}]},{\"@type\":\"ImageObject\",\"inLanguage\":\"en-GB\",\"@id\":\"https:\\\/\\\/tibladin.dk\\\/produkt\\\/plakat-35x245-cm-dreng-ved-fontaine\\\/#primaryimage\",\"url\":\"https:\\\/\\\/tibladin.dk\\\/wp-content\\\/uploads\\\/2022\\\/09\\\/Dreng-ved-fontaine-1.jpg\",\"contentUrl\":\"https:\\\/\\\/tibladin.dk\\\/wp-content\\\/uploads\\\/2022\\\/09\\\/Dreng-ved-fontaine-1.jpg\",\"width\":800,\"height\":800,\"caption\":\"Dreng ved fontaine, plakat\"},{\"@type\":\"BreadcrumbList\",\"@id\":\"https:\\\/\\\/tibladin.dk\\\/produkt\\\/plakat-35x245-cm-dreng-ved-fontaine\\\/#breadcrumb\",\"itemListElement\":[{\"@type\":\"ListItem\",\"position\":1,\"name\":\"Hjem\",\"item\":\"https:\\\/\\\/tibladin.dk\\\/\"},{\"@type\":\"ListItem\",\"position\":2,\"name\":\"Shop\",\"item\":\"https:\\\/\\\/tibladin.dk\\\/shop\\\/\"},{\"@type\":\"ListItem\",\"position\":3,\"name\":\"Plakat 35&#215;24,5 cm. DRENG VED FONTAINE\"}]},{\"@type\":\"WebSite\",\"@id\":\"https:\\\/\\\/tibladin.dk\\\/#website\",\"url\":\"https:\\\/\\\/tibladin.dk\\\/\",\"name\":\"Tibladin\",\"description\":\"Tibladin\",\"publisher\":{\"@id\":\"https:\\\/\\\/tibladin.dk\\\/#organization\"},\"potentialAction\":[{\"@type\":\"SearchAction\",\"target\":{\"@type\":\"EntryPoint\",\"urlTemplate\":\"https:\\\/\\\/tibladin.dk\\\/?s={search_term_string}\"},\"query-input\":{\"@type\":\"PropertyValueSpecification\",\"valueRequired\":true,\"valueName\":\"search_term_string\"}}],\"inLanguage\":\"en-GB\"},{\"@type\":\"Organization\",\"@id\":\"https:\\\/\\\/tibladin.dk\\\/#organization\",\"name\":\"Tibladin\",\"url\":\"https:\\\/\\\/tibladin.dk\\\/\",\"logo\":{\"@type\":\"ImageObject\",\"inLanguage\":\"en-GB\",\"@id\":\"https:\\\/\\\/tibladin.dk\\\/#\\\/schema\\\/logo\\\/image\\\/\",\"url\":\"https:\\\/\\\/tibladin.dk\\\/wp-content\\\/uploads\\\/2022\\\/09\\\/tibladin_logo.svg\",\"contentUrl\":\"https:\\\/\\\/tibladin.dk\\\/wp-content\\\/uploads\\\/2022\\\/09\\\/tibladin_logo.svg\",\"caption\":\"Tibladin\"},\"image\":{\"@id\":\"https:\\\/\\\/tibladin.dk\\\/#\\\/schema\\\/logo\\\/image\\\/\"}}]}<\/script>\n<!-- \/ Yoast SEO plugin. -->","yoast_head_json":{"title":"Moroccan posters | Local Artists | Unique wall decoration","description":"Posters by Moroccan local artist. Bring a touch of Morocco into your home and give your walls a unique decoration with atmospheric posters.","robots":{"index":"index","follow":"follow","max-snippet":"max-snippet:-1","max-image-preview":"max-image-preview:large","max-video-preview":"max-video-preview:-1"},"canonical":"https:\/\/tibladin.dk\/en\/product-4\/poster-35x245-cm-boy-at-the-fountain\/","og_locale":"en_GB","og_type":"article","og_title":"Marokkansk plakater | Lokale kunstnere | Unik v\u00e6gdekoration","og_description":"Plakater af marokkansk lokal kunstner. F\u00e5 et touch af Marokko ind i dit hjem og giv din v\u00e6gge en unik udsmykning med stemningsfulde plakater.","og_url":"https:\/\/tibladin.dk\/en\/product-4\/poster-35x245-cm-boy-at-the-fountain\/","og_site_name":"Tibladin","article_modified_time":"2025-02-25T15:13:43+00:00","og_image":[{"width":800,"height":800,"url":"https:\/\/tibladin.dk\/wp-content\/uploads\/2022\/09\/Dreng-ved-fontaine-1.jpg","type":"image\/jpeg"}],"twitter_card":"summary_large_image","twitter_misc":{"Estimated reading time":"1 minute"},"schema":{"@context":"https:\/\/schema.org","@graph":[{"@type":"WebPage","@id":"https:\/\/tibladin.dk\/produkt\/plakat-35x245-cm-dreng-ved-fontaine\/","url":"https:\/\/tibladin.dk\/produkt\/plakat-35x245-cm-dreng-ved-fontaine\/","name":"Moroccan posters | Local Artists | Unique wall decoration","isPartOf":{"@id":"https:\/\/tibladin.dk\/#website"},"primaryImageOfPage":{"@id":"https:\/\/tibladin.dk\/produkt\/plakat-35x245-cm-dreng-ved-fontaine\/#primaryimage"},"image":{"@id":"https:\/\/tibladin.dk\/produkt\/plakat-35x245-cm-dreng-ved-fontaine\/#primaryimage"},"thumbnailUrl":"https:\/\/tibladin.dk\/wp-content\/uploads\/2022\/09\/Dreng-ved-fontaine-1.jpg","datePublished":"2022-09-20T09:17:46+00:00","dateModified":"2025-02-25T15:13:43+00:00","description":"Posters by Moroccan local artist. Bring a touch of Morocco into your home and give your walls a unique decoration with atmospheric posters.","breadcrumb":{"@id":"https:\/\/tibladin.dk\/produkt\/plakat-35x245-cm-dreng-ved-fontaine\/#breadcrumb"},"inLanguage":"en-GB","potentialAction":[{"@type":"ReadAction","target":["https:\/\/tibladin.dk\/produkt\/plakat-35x245-cm-dreng-ved-fontaine\/"]}]},{"@type":"ImageObject","inLanguage":"en-GB","@id":"https:\/\/tibladin.dk\/produkt\/plakat-35x245-cm-dreng-ved-fontaine\/#primaryimage","url":"https:\/\/tibladin.dk\/wp-content\/uploads\/2022\/09\/Dreng-ved-fontaine-1.jpg","contentUrl":"https:\/\/tibladin.dk\/wp-content\/uploads\/2022\/09\/Dreng-ved-fontaine-1.jpg","width":800,"height":800,"caption":"Dreng ved fontaine, plakat"},{"@type":"BreadcrumbList","@id":"https:\/\/tibladin.dk\/produkt\/plakat-35x245-cm-dreng-ved-fontaine\/#breadcrumb","itemListElement":[{"@type":"ListItem","position":1,"name":"Hjem","item":"https:\/\/tibladin.dk\/"},{"@type":"ListItem","position":2,"name":"Shop","item":"https:\/\/tibladin.dk\/shop\/"},{"@type":"ListItem","position":3,"name":"Plakat 35&#215;24,5 cm. DRENG VED FONTAINE"}]},{"@type":"WebSite","@id":"https:\/\/tibladin.dk\/#website","url":"https:\/\/tibladin.dk\/","name":"Tibladin","description":"Tibladin","publisher":{"@id":"https:\/\/tibladin.dk\/#organization"},"potentialAction":[{"@type":"SearchAction","target":{"@type":"EntryPoint","urlTemplate":"https:\/\/tibladin.dk\/?s={search_term_string}"},"query-input":{"@type":"PropertyValueSpecification","valueRequired":true,"valueName":"search_term_string"}}],"inLanguage":"en-GB"},{"@type":"Organization","@id":"https:\/\/tibladin.dk\/#organization","name":"Tibladin","url":"https:\/\/tibladin.dk\/","logo":{"@type":"ImageObject","inLanguage":"en-GB","@id":"https:\/\/tibladin.dk\/#\/schema\/logo\/image\/","url":"https:\/\/tibladin.dk\/wp-content\/uploads\/2022\/09\/tibladin_logo.svg","contentUrl":"https:\/\/tibladin.dk\/wp-content\/uploads\/2022\/09\/tibladin_logo.svg","caption":"Tibladin"},"image":{"@id":"https:\/\/tibladin.dk\/#\/schema\/logo\/image\/"}}]}},"_links":{"self":[{"href":"https:\/\/tibladin.dk\/en\/wp-json\/wp\/v2\/product\/2622","targetHints":{"allow":["GET"]}}],"collection":[{"href":"https:\/\/tibladin.dk\/en\/wp-json\/wp\/v2\/product"}],"about":[{"href":"https:\/\/tibladin.dk\/en\/wp-json\/wp\/v2\/types\/product"}],"wp:featuredmedia":[{"embeddable":true,"href":"https:\/\/tibladin.dk\/en\/wp-json\/wp\/v2\/media\/2621"}],"wp:attachment":[{"href":"https:\/\/tibladin.dk\/en\/wp-json\/wp\/v2\/media?parent=2622"}],"wp:term":[{"taxonomy":"product_brand","embeddable":true,"href":"https:\/\/tibladin.dk\/en\/wp-json\/wp\/v2\/product_brand?post=2622"},{"taxonomy":"product_cat","embeddable":true,"href":"https:\/\/tibladin.dk\/en\/wp-json\/wp\/v2\/product_cat?post=2622"},{"taxonomy":"product_tag","embeddable":true,"href":"https:\/\/tibladin.dk\/en\/wp-json\/wp\/v2\/product_tag?post=2622"}],"curies":[{"name":"wp","href":"https:\/\/api.w.org\/{rel}","templated":true}]}}