{"id":2727,"date":"2022-09-20T11:18:40","date_gmt":"2022-09-20T09:18:40","guid":{"rendered":"https:\/\/tibladin.dk\/?post_type=product&#038;p=2727"},"modified":"2026-02-09T10:19:30","modified_gmt":"2026-02-09T09:19:30","slug":"pouf-in-light-natural-leather-high-model","status":"publish","type":"product","link":"https:\/\/tibladin.dk\/en\/produkt\/puf-i-lys-naturlaeder-hoej-model\/","title":{"rendered":"Pouf in light natural leather high model"},"content":{"rendered":"<div class=\"wpb-content-wrapper\"><div class=\"vc_row wpb_row vc_row-fluid\"><div class=\"wpb_column vc_column_container vc_col-sm-4\"><div class=\"vc_column-inner\"><div class=\"wpb_wrapper\"><h3 style=\"text-align: left\" class=\"vc_custom_heading vc_do_custom_heading\" >Other Moroccan leather poufs<\/h3>\n\t<div class=\"wpb_text_column wpb_content_element\" >\n\t\t<div class=\"wpb_wrapper\">\n\t\t\t<p>Are you not quite sure whether you should have this pouf with Light natural colored leather?<\/p>\n<p>So take a look at ours\u00a0<a href=\"https:\/\/tibladin.dk\/en\/product-category-3\/interior\/furniture\/poof\/leather-pouf\/\">page with all our leather poufs<\/a>. Here you will find beautiful leather poufs in several different colors and shapes. We also have a couple\u00a0<a href=\"https:\/\/tibladin.dk\/en\/product-category-3\/interior\/furniture\/poof\/wool-puff\/\">beautiful Moroccan poufs in wool<\/a>, which goes perfectly with a Scandinavian decor.<\/p>\n\n\t\t<\/div>\n\t<\/div>\n<\/div><\/div><\/div><div class=\"wpb_column vc_column_container vc_col-sm-4\"><div class=\"vc_column-inner\"><div class=\"wpb_wrapper\"><h3 style=\"text-align: left\" class=\"vc_custom_heading vc_do_custom_heading\" >Maintenance<\/h3>\n\t<div class=\"wpb_text_column wpb_content_element\" >\n\t\t<div class=\"wpb_wrapper\">\n\t\t\t<p>The leather on this Moroccan pouf is made of goatskin and will acquire a beautiful patina over time. If you want your pouf darker and glossy, you can give it a little leather oil. Right at the beginning, when you use it, it can smell a little like leather. This goes away quickly again. If you want to speed up that process, put it out in the sun for a bit and it will go away.<\/p>\n\n\t\t<\/div>\n\t<\/div>\n<\/div><\/div><\/div><div class=\"wpb_column vc_column_container vc_col-sm-4\"><div class=\"vc_column-inner\"><div class=\"wpb_wrapper\"><h3 style=\"text-align: left\" class=\"vc_custom_heading vc_do_custom_heading\" >The story behind<\/h3>\n\t<div class=\"wpb_text_column wpb_content_element\" >\n\t\t<div class=\"wpb_wrapper\">\n\t\t\t<p>Small poufs are easy to add to your decor and quickly get an exotic look and a more personal touch. My supplier of leather poufs has many years of experience in making good and very durable poufs and he exports to several places around the world. All my poufs are made of goat leather, as this is what gives the softest and most flexible pouf.<\/p>\n\n\t\t<\/div>\n\t<\/div>\n<\/div><\/div><\/div><\/div>\n<\/div>","protected":false},"excerpt":{"rendered":"<p>As something completely new, we have got beautiful light\/beige natural leather.\u00a0<span class=\"s1\">The puff is embroidered with a beautiful and detailed pattern on the top. This model is a tall model of approx. 50 cm.<\/span><\/p>\n<p>Simple and natural which goes well with the stylish look.<\/p>\n<p>You can also get this in a standard model and a mini version, perhaps for the children&#039;s room<\/p>","protected":false},"featured_media":3854,"template":"","meta":{"inline_featured_image":false},"product_brand":[],"product_cat":[41,40],"product_tag":[],"class_list":{"0":"post-2727","1":"product","2":"type-product","3":"status-publish","4":"has-post-thumbnail","6":"product_cat-laederpufs","7":"product_cat-pufs","9":"first","10":"instock","11":"taxable","12":"shipping-taxable","13":"purchasable","14":"product-type-simple"},"exclude_global_add_ons":false,"addons":[{"name":"Would you like your pouf delivered with wood wool filling?","type":"checkbox","position":0,"required":false,"title_format":"label","default":"","description_enable":false,"description":"","placeholder_enable":false,"placeholder":"","display":"select","restrictions_type":"any_text","adjust_price":false,"price":"","price_type":"flat_fee","restrictions":false,"min":"0","max":"0","options":[{"label":"Ja tak!","price":"250.00","price_type":"quantity_based","image":0,"visibility":true}],"id":1708086016}],"yoast_head":"<!-- This site is optimized with the Yoast SEO plugin v27.4 - https:\/\/yoast.com\/product\/yoast-seo-wordpress\/ -->\n<title>Marokkansk puf | Lys naturl\u00e6der| F\u00e5es i flere st\u00f8rrelser | Tibladin<\/title>\n<meta name=\"description\" content=\"Marokkansk puf i lys naturl\u00e6der. 50x50 cm. Med ekstra syninger for en god holdbarhed. Fyldt p\u00e5 forh\u00e5nd \u21d2 Stort udvalg\u21d2 K\u00f8b her!\" \/>\n<meta name=\"robots\" content=\"index, follow, max-snippet:-1, max-image-preview:large, max-video-preview:-1\" \/>\n<link rel=\"canonical\" href=\"https:\/\/tibladin.dk\/en\/product-4\/pouf-in-light-natural-leather-high-model\/\" \/>\n<meta property=\"og:locale\" content=\"en_GB\" \/>\n<meta property=\"og:type\" content=\"article\" \/>\n<meta property=\"og:title\" content=\"Marokkansk puf | Lys naturl\u00e6der| F\u00e5es i flere st\u00f8rrelser | Tibladin\" \/>\n<meta property=\"og:description\" content=\"Marokkansk puf i lys naturl\u00e6der. 50x50 cm. Med ekstra syninger for en god holdbarhed. Fyldt p\u00e5 forh\u00e5nd \u21d2 Stort udvalg\u21d2 K\u00f8b her!\" \/>\n<meta property=\"og:url\" content=\"https:\/\/tibladin.dk\/en\/product-4\/pouf-in-light-natural-leather-high-model\/\" \/>\n<meta property=\"og:site_name\" content=\"Tibladin\" \/>\n<meta property=\"article:modified_time\" content=\"2026-02-09T09:19:30+00:00\" \/>\n<meta property=\"og:image\" content=\"https:\/\/tibladin.dk\/wp-content\/uploads\/2022\/09\/Puf-naturfarvet-hoej.png\" \/>\n\t<meta property=\"og:image:width\" content=\"800\" \/>\n\t<meta property=\"og:image:height\" content=\"800\" \/>\n\t<meta property=\"og:image:type\" content=\"image\/png\" \/>\n<meta name=\"twitter:card\" content=\"summary_large_image\" \/>\n<meta name=\"twitter:label1\" content=\"Estimated reading time\" \/>\n\t<meta name=\"twitter:data1\" content=\"2 minutes\" \/>\n<script type=\"application\/ld+json\" class=\"yoast-schema-graph\">{\"@context\":\"https:\\\/\\\/schema.org\",\"@graph\":[{\"@type\":\"WebPage\",\"@id\":\"https:\\\/\\\/tibladin.dk\\\/produkt\\\/puf-i-lys-naturlaeder-hoej-model\\\/\",\"url\":\"https:\\\/\\\/tibladin.dk\\\/produkt\\\/puf-i-lys-naturlaeder-hoej-model\\\/\",\"name\":\"Marokkansk puf | Lys naturl\u00e6der| F\u00e5es i flere st\u00f8rrelser | Tibladin\",\"isPartOf\":{\"@id\":\"https:\\\/\\\/tibladin.dk\\\/#website\"},\"primaryImageOfPage\":{\"@id\":\"https:\\\/\\\/tibladin.dk\\\/produkt\\\/puf-i-lys-naturlaeder-hoej-model\\\/#primaryimage\"},\"image\":{\"@id\":\"https:\\\/\\\/tibladin.dk\\\/produkt\\\/puf-i-lys-naturlaeder-hoej-model\\\/#primaryimage\"},\"thumbnailUrl\":\"https:\\\/\\\/tibladin.dk\\\/wp-content\\\/uploads\\\/2022\\\/09\\\/Puf-naturfarvet-hoej.png\",\"datePublished\":\"2022-09-20T09:18:40+00:00\",\"dateModified\":\"2026-02-09T09:19:30+00:00\",\"description\":\"Marokkansk puf i lys naturl\u00e6der. 50x50 cm. Med ekstra syninger for en god holdbarhed. Fyldt p\u00e5 forh\u00e5nd \u21d2 Stort udvalg\u21d2 K\u00f8b her!\",\"breadcrumb\":{\"@id\":\"https:\\\/\\\/tibladin.dk\\\/produkt\\\/puf-i-lys-naturlaeder-hoej-model\\\/#breadcrumb\"},\"inLanguage\":\"en-GB\",\"potentialAction\":[{\"@type\":\"ReadAction\",\"target\":[\"https:\\\/\\\/tibladin.dk\\\/produkt\\\/puf-i-lys-naturlaeder-hoej-model\\\/\"]}]},{\"@type\":\"ImageObject\",\"inLanguage\":\"en-GB\",\"@id\":\"https:\\\/\\\/tibladin.dk\\\/produkt\\\/puf-i-lys-naturlaeder-hoej-model\\\/#primaryimage\",\"url\":\"https:\\\/\\\/tibladin.dk\\\/wp-content\\\/uploads\\\/2022\\\/09\\\/Puf-naturfarvet-hoej.png\",\"contentUrl\":\"https:\\\/\\\/tibladin.dk\\\/wp-content\\\/uploads\\\/2022\\\/09\\\/Puf-naturfarvet-hoej.png\",\"width\":800,\"height\":800,\"caption\":\"Lys naturfarvet puf h\u00f8j model\"},{\"@type\":\"BreadcrumbList\",\"@id\":\"https:\\\/\\\/tibladin.dk\\\/produkt\\\/puf-i-lys-naturlaeder-hoej-model\\\/#breadcrumb\",\"itemListElement\":[{\"@type\":\"ListItem\",\"position\":1,\"name\":\"Hjem\",\"item\":\"https:\\\/\\\/tibladin.dk\\\/\"},{\"@type\":\"ListItem\",\"position\":2,\"name\":\"Shop\",\"item\":\"https:\\\/\\\/tibladin.dk\\\/shop\\\/\"},{\"@type\":\"ListItem\",\"position\":3,\"name\":\"Puf i lys naturl\u00e6der h\u00f8j model\"}]},{\"@type\":\"WebSite\",\"@id\":\"https:\\\/\\\/tibladin.dk\\\/#website\",\"url\":\"https:\\\/\\\/tibladin.dk\\\/\",\"name\":\"Tibladin\",\"description\":\"Tibladin\",\"publisher\":{\"@id\":\"https:\\\/\\\/tibladin.dk\\\/#organization\"},\"potentialAction\":[{\"@type\":\"SearchAction\",\"target\":{\"@type\":\"EntryPoint\",\"urlTemplate\":\"https:\\\/\\\/tibladin.dk\\\/?s={search_term_string}\"},\"query-input\":{\"@type\":\"PropertyValueSpecification\",\"valueRequired\":true,\"valueName\":\"search_term_string\"}}],\"inLanguage\":\"en-GB\"},{\"@type\":\"Organization\",\"@id\":\"https:\\\/\\\/tibladin.dk\\\/#organization\",\"name\":\"Tibladin\",\"url\":\"https:\\\/\\\/tibladin.dk\\\/\",\"logo\":{\"@type\":\"ImageObject\",\"inLanguage\":\"en-GB\",\"@id\":\"https:\\\/\\\/tibladin.dk\\\/#\\\/schema\\\/logo\\\/image\\\/\",\"url\":\"https:\\\/\\\/tibladin.dk\\\/wp-content\\\/uploads\\\/2022\\\/09\\\/tibladin_logo.svg\",\"contentUrl\":\"https:\\\/\\\/tibladin.dk\\\/wp-content\\\/uploads\\\/2022\\\/09\\\/tibladin_logo.svg\",\"caption\":\"Tibladin\"},\"image\":{\"@id\":\"https:\\\/\\\/tibladin.dk\\\/#\\\/schema\\\/logo\\\/image\\\/\"}}]}<\/script>\n<!-- \/ Yoast SEO plugin. -->","yoast_head_json":{"title":"Moroccan Pouf | Light natural leather| Available in several sizes | Tibladin","description":"Moroccan pouf in light natural leather. 50x50 cm. With extra stitching for good durability. Filled in advance \u21d2 Large selection \u21d2 Buy here!","robots":{"index":"index","follow":"follow","max-snippet":"max-snippet:-1","max-image-preview":"max-image-preview:large","max-video-preview":"max-video-preview:-1"},"canonical":"https:\/\/tibladin.dk\/en\/product-4\/pouf-in-light-natural-leather-high-model\/","og_locale":"en_GB","og_type":"article","og_title":"Marokkansk puf | Lys naturl\u00e6der| F\u00e5es i flere st\u00f8rrelser | Tibladin","og_description":"Marokkansk puf i lys naturl\u00e6der. 50x50 cm. Med ekstra syninger for en god holdbarhed. Fyldt p\u00e5 forh\u00e5nd \u21d2 Stort udvalg\u21d2 K\u00f8b her!","og_url":"https:\/\/tibladin.dk\/en\/product-4\/pouf-in-light-natural-leather-high-model\/","og_site_name":"Tibladin","article_modified_time":"2026-02-09T09:19:30+00:00","og_image":[{"width":800,"height":800,"url":"https:\/\/tibladin.dk\/wp-content\/uploads\/2022\/09\/Puf-naturfarvet-hoej.png","type":"image\/png"}],"twitter_card":"summary_large_image","twitter_misc":{"Estimated reading time":"2 minutes"},"schema":{"@context":"https:\/\/schema.org","@graph":[{"@type":"WebPage","@id":"https:\/\/tibladin.dk\/produkt\/puf-i-lys-naturlaeder-hoej-model\/","url":"https:\/\/tibladin.dk\/produkt\/puf-i-lys-naturlaeder-hoej-model\/","name":"Moroccan Pouf | Light natural leather| Available in several sizes | Tibladin","isPartOf":{"@id":"https:\/\/tibladin.dk\/#website"},"primaryImageOfPage":{"@id":"https:\/\/tibladin.dk\/produkt\/puf-i-lys-naturlaeder-hoej-model\/#primaryimage"},"image":{"@id":"https:\/\/tibladin.dk\/produkt\/puf-i-lys-naturlaeder-hoej-model\/#primaryimage"},"thumbnailUrl":"https:\/\/tibladin.dk\/wp-content\/uploads\/2022\/09\/Puf-naturfarvet-hoej.png","datePublished":"2022-09-20T09:18:40+00:00","dateModified":"2026-02-09T09:19:30+00:00","description":"Moroccan pouf in light natural leather. 50x50 cm. With extra stitching for good durability. Filled in advance \u21d2 Large selection \u21d2 Buy here!","breadcrumb":{"@id":"https:\/\/tibladin.dk\/produkt\/puf-i-lys-naturlaeder-hoej-model\/#breadcrumb"},"inLanguage":"en-GB","potentialAction":[{"@type":"ReadAction","target":["https:\/\/tibladin.dk\/produkt\/puf-i-lys-naturlaeder-hoej-model\/"]}]},{"@type":"ImageObject","inLanguage":"en-GB","@id":"https:\/\/tibladin.dk\/produkt\/puf-i-lys-naturlaeder-hoej-model\/#primaryimage","url":"https:\/\/tibladin.dk\/wp-content\/uploads\/2022\/09\/Puf-naturfarvet-hoej.png","contentUrl":"https:\/\/tibladin.dk\/wp-content\/uploads\/2022\/09\/Puf-naturfarvet-hoej.png","width":800,"height":800,"caption":"Lys naturfarvet puf h\u00f8j model"},{"@type":"BreadcrumbList","@id":"https:\/\/tibladin.dk\/produkt\/puf-i-lys-naturlaeder-hoej-model\/#breadcrumb","itemListElement":[{"@type":"ListItem","position":1,"name":"Hjem","item":"https:\/\/tibladin.dk\/"},{"@type":"ListItem","position":2,"name":"Shop","item":"https:\/\/tibladin.dk\/shop\/"},{"@type":"ListItem","position":3,"name":"Puf i lys naturl\u00e6der h\u00f8j model"}]},{"@type":"WebSite","@id":"https:\/\/tibladin.dk\/#website","url":"https:\/\/tibladin.dk\/","name":"Tibladin","description":"Tibladin","publisher":{"@id":"https:\/\/tibladin.dk\/#organization"},"potentialAction":[{"@type":"SearchAction","target":{"@type":"EntryPoint","urlTemplate":"https:\/\/tibladin.dk\/?s={search_term_string}"},"query-input":{"@type":"PropertyValueSpecification","valueRequired":true,"valueName":"search_term_string"}}],"inLanguage":"en-GB"},{"@type":"Organization","@id":"https:\/\/tibladin.dk\/#organization","name":"Tibladin","url":"https:\/\/tibladin.dk\/","logo":{"@type":"ImageObject","inLanguage":"en-GB","@id":"https:\/\/tibladin.dk\/#\/schema\/logo\/image\/","url":"https:\/\/tibladin.dk\/wp-content\/uploads\/2022\/09\/tibladin_logo.svg","contentUrl":"https:\/\/tibladin.dk\/wp-content\/uploads\/2022\/09\/tibladin_logo.svg","caption":"Tibladin"},"image":{"@id":"https:\/\/tibladin.dk\/#\/schema\/logo\/image\/"}}]}},"_links":{"self":[{"href":"https:\/\/tibladin.dk\/en\/wp-json\/wp\/v2\/product\/2727","targetHints":{"allow":["GET"]}}],"collection":[{"href":"https:\/\/tibladin.dk\/en\/wp-json\/wp\/v2\/product"}],"about":[{"href":"https:\/\/tibladin.dk\/en\/wp-json\/wp\/v2\/types\/product"}],"wp:featuredmedia":[{"embeddable":true,"href":"https:\/\/tibladin.dk\/en\/wp-json\/wp\/v2\/media\/3854"}],"wp:attachment":[{"href":"https:\/\/tibladin.dk\/en\/wp-json\/wp\/v2\/media?parent=2727"}],"wp:term":[{"taxonomy":"product_brand","embeddable":true,"href":"https:\/\/tibladin.dk\/en\/wp-json\/wp\/v2\/product_brand?post=2727"},{"taxonomy":"product_cat","embeddable":true,"href":"https:\/\/tibladin.dk\/en\/wp-json\/wp\/v2\/product_cat?post=2727"},{"taxonomy":"product_tag","embeddable":true,"href":"https:\/\/tibladin.dk\/en\/wp-json\/wp\/v2\/product_tag?post=2727"}],"curies":[{"name":"wp","href":"https:\/\/api.w.org\/{rel}","templated":true}]}}