{"id":33669,"date":"2024-12-16T17:30:10","date_gmt":"2024-12-16T16:30:10","guid":{"rendered":"https:\/\/tibladin.dk\/?post_type=product&#038;p=33669"},"modified":"2024-12-16T19:17:43","modified_gmt":"2024-12-16T18:17:43","slug":"beldi-glass-jug-with-handle-twist-transparent","status":"publish","type":"product","link":"https:\/\/tibladin.dk\/en\/produkt\/beldi-glaskande-med-hank-twist-transparent\/","title":{"rendered":"Beldi glass jug with handle Twist transparent"},"content":{"rendered":"<div class=\"wpb-content-wrapper\"><div class=\"vc_row wpb_row vc_row-fluid\"><div class=\"wpb_column vc_column_container vc_col-sm-4\"><div class=\"vc_column-inner\"><div class=\"wpb_wrapper\"><\/div><\/div><\/div><div class=\"wpb_column vc_column_container vc_col-sm-4\"><div class=\"vc_column-inner\"><div class=\"wpb_wrapper\"><h2 style=\"text-align: left\" class=\"vc_custom_heading vc_do_custom_heading\" >Maintenance<\/h2>\n\t<div class=\"wpb_text_column wpb_content_element\" >\n\t\t<div class=\"wpb_wrapper\">\n\t\t\t<p>Wash with mild soapy water - can also go in the dishwasher.<\/p>\n\n\t\t<\/div>\n\t<\/div>\n<\/div><\/div><\/div><div class=\"wpb_column vc_column_container vc_col-sm-4\"><div class=\"vc_column-inner\"><div class=\"wpb_wrapper\"><h2 style=\"text-align: left\" class=\"vc_custom_heading vc_do_custom_heading\" >The story behind<\/h2>\n\t<div class=\"wpb_text_column wpb_content_element\" >\n\t\t<div class=\"wpb_wrapper\">\n\t\t\t<p>Beldi glass from Marrakech. All made from recycled glass that is heated, mouth blown and shaped and finally progressively treated in a cooling oven. The glass goes through a complex craft process and shaped into elegant designs.<\/p>\n<p>Despite the finesse of the glasses, they are extremely resistant and can be used in all everyday situations. They go in the dishwasher and can even handle moderate temperatures in the oven. The green reflection comes from the recycled glass.<\/p>\n\n\t\t<\/div>\n\t<\/div>\n<\/div><\/div><\/div><\/div>\n<\/div>","protected":false},"excerpt":{"rendered":"<p>Mouth-blown Beldi glass jug with handle in a twisted version.<\/p>\n<p>The beautiful lines on the jug form beautiful patterns. Fits nicely with Beldi glass in twist and the regular Beldi glasses.<\/p>\n<p>&nbsp;<\/p>\n<p>&nbsp;<\/p>","protected":false},"featured_media":33664,"template":"","meta":{"inline_featured_image":false},"product_brand":[],"product_cat":[34,33,126,45],"product_tag":[],"class_list":{"0":"post-33669","1":"product","2":"type-product","3":"status-publish","4":"has-post-thumbnail","6":"product_cat-beldiglas","7":"product_cat-borddaekning","8":"product_cat-glas","9":"product_cat-vaert-vaertindegaver","11":"first","12":"instock","13":"taxable","14":"shipping-taxable","15":"purchasable","16":"product-type-simple"},"exclude_global_add_ons":false,"addons":[{"name":"Do you want gift wrapping?","type":"checkbox","position":0,"required":false,"title_format":"label","default":"","description_enable":false,"description":"","placeholder_enable":false,"placeholder":"","display":"images","restrictions_type":"any_text","adjust_price":false,"price":"","price_type":"flat_fee","restrictions":false,"min":"0","max":"0","options":[{"label":"Ja tak","price":"10","price_type":"flat_fee","image":11015,"visibility":true}],"id":1669646111}],"yoast_head":"<!-- This site is optimized with the Yoast SEO plugin v27.4 - https:\/\/yoast.com\/product\/yoast-seo-wordpress\/ -->\n<title>Beldi glaskande Twist | Mundbl\u00e6st genbrugsglas | Tibladin<\/title>\n<meta name=\"description\" content=\"Marokkansk mundbl\u00e6st glaskande. Lavet af gr\u00f8nt genbrugsglas. passer flot sammen med vores glas og glaskander i samme serie \u21d2 k\u00f8b her.\" \/>\n<meta name=\"robots\" content=\"index, follow, max-snippet:-1, max-image-preview:large, max-video-preview:-1\" \/>\n<link rel=\"canonical\" href=\"https:\/\/tibladin.dk\/en\/product-4\/beldi-glass-jug-with-handle-twist-transparent\/\" \/>\n<meta property=\"og:locale\" content=\"en_GB\" \/>\n<meta property=\"og:type\" content=\"article\" \/>\n<meta property=\"og:title\" content=\"Beldi glaskande Twist | Mundbl\u00e6st genbrugsglas | Tibladin\" \/>\n<meta property=\"og:description\" content=\"Marokkansk mundbl\u00e6st glaskande. Lavet af gr\u00f8nt genbrugsglas. passer flot sammen med vores glas og glaskander i samme serie \u21d2 k\u00f8b her.\" \/>\n<meta property=\"og:url\" content=\"https:\/\/tibladin.dk\/en\/product-4\/beldi-glass-jug-with-handle-twist-transparent\/\" \/>\n<meta property=\"og:site_name\" content=\"Tibladin\" \/>\n<meta property=\"article:modified_time\" content=\"2024-12-16T18:17:43+00:00\" \/>\n<meta property=\"og:image\" content=\"https:\/\/tibladin.dk\/wp-content\/uploads\/2024\/12\/marokkanske-beldi-glas_TWIST_transparent_kande-med-hank.jpg\" \/>\n\t<meta property=\"og:image:width\" content=\"800\" \/>\n\t<meta property=\"og:image:height\" content=\"800\" \/>\n\t<meta property=\"og:image:type\" content=\"image\/jpeg\" \/>\n<meta name=\"twitter:card\" content=\"summary_large_image\" \/>\n<meta name=\"twitter:label1\" content=\"Estimated reading time\" \/>\n\t<meta name=\"twitter:data1\" content=\"2 minutes\" \/>\n<script type=\"application\/ld+json\" class=\"yoast-schema-graph\">{\"@context\":\"https:\\\/\\\/schema.org\",\"@graph\":[{\"@type\":\"WebPage\",\"@id\":\"https:\\\/\\\/tibladin.dk\\\/produkt\\\/beldi-glaskande-med-hank-twist-transparent\\\/\",\"url\":\"https:\\\/\\\/tibladin.dk\\\/produkt\\\/beldi-glaskande-med-hank-twist-transparent\\\/\",\"name\":\"Beldi glaskande Twist | Mundbl\u00e6st genbrugsglas | Tibladin\",\"isPartOf\":{\"@id\":\"https:\\\/\\\/tibladin.dk\\\/#website\"},\"primaryImageOfPage\":{\"@id\":\"https:\\\/\\\/tibladin.dk\\\/produkt\\\/beldi-glaskande-med-hank-twist-transparent\\\/#primaryimage\"},\"image\":{\"@id\":\"https:\\\/\\\/tibladin.dk\\\/produkt\\\/beldi-glaskande-med-hank-twist-transparent\\\/#primaryimage\"},\"thumbnailUrl\":\"https:\\\/\\\/tibladin.dk\\\/wp-content\\\/uploads\\\/2024\\\/12\\\/marokkanske-beldi-glas_TWIST_transparent_kande-med-hank.jpg\",\"datePublished\":\"2024-12-16T16:30:10+00:00\",\"dateModified\":\"2024-12-16T18:17:43+00:00\",\"description\":\"Marokkansk mundbl\u00e6st glaskande. Lavet af gr\u00f8nt genbrugsglas. passer flot sammen med vores glas og glaskander i samme serie \u21d2 k\u00f8b her.\",\"breadcrumb\":{\"@id\":\"https:\\\/\\\/tibladin.dk\\\/produkt\\\/beldi-glaskande-med-hank-twist-transparent\\\/#breadcrumb\"},\"inLanguage\":\"en-GB\",\"potentialAction\":[{\"@type\":\"ReadAction\",\"target\":[\"https:\\\/\\\/tibladin.dk\\\/produkt\\\/beldi-glaskande-med-hank-twist-transparent\\\/\"]}]},{\"@type\":\"ImageObject\",\"inLanguage\":\"en-GB\",\"@id\":\"https:\\\/\\\/tibladin.dk\\\/produkt\\\/beldi-glaskande-med-hank-twist-transparent\\\/#primaryimage\",\"url\":\"https:\\\/\\\/tibladin.dk\\\/wp-content\\\/uploads\\\/2024\\\/12\\\/marokkanske-beldi-glas_TWIST_transparent_kande-med-hank.jpg\",\"contentUrl\":\"https:\\\/\\\/tibladin.dk\\\/wp-content\\\/uploads\\\/2024\\\/12\\\/marokkanske-beldi-glas_TWIST_transparent_kande-med-hank.jpg\",\"width\":800,\"height\":800,\"caption\":\"marokkanske beldi glaskande med hank Twist\"},{\"@type\":\"BreadcrumbList\",\"@id\":\"https:\\\/\\\/tibladin.dk\\\/produkt\\\/beldi-glaskande-med-hank-twist-transparent\\\/#breadcrumb\",\"itemListElement\":[{\"@type\":\"ListItem\",\"position\":1,\"name\":\"Hjem\",\"item\":\"https:\\\/\\\/tibladin.dk\\\/\"},{\"@type\":\"ListItem\",\"position\":2,\"name\":\"Shop\",\"item\":\"https:\\\/\\\/tibladin.dk\\\/shop\\\/\"},{\"@type\":\"ListItem\",\"position\":3,\"name\":\"Beldi glaskande med hank Twist transparent\"}]},{\"@type\":\"WebSite\",\"@id\":\"https:\\\/\\\/tibladin.dk\\\/#website\",\"url\":\"https:\\\/\\\/tibladin.dk\\\/\",\"name\":\"Tibladin\",\"description\":\"Tibladin\",\"publisher\":{\"@id\":\"https:\\\/\\\/tibladin.dk\\\/#organization\"},\"potentialAction\":[{\"@type\":\"SearchAction\",\"target\":{\"@type\":\"EntryPoint\",\"urlTemplate\":\"https:\\\/\\\/tibladin.dk\\\/?s={search_term_string}\"},\"query-input\":{\"@type\":\"PropertyValueSpecification\",\"valueRequired\":true,\"valueName\":\"search_term_string\"}}],\"inLanguage\":\"en-GB\"},{\"@type\":\"Organization\",\"@id\":\"https:\\\/\\\/tibladin.dk\\\/#organization\",\"name\":\"Tibladin\",\"url\":\"https:\\\/\\\/tibladin.dk\\\/\",\"logo\":{\"@type\":\"ImageObject\",\"inLanguage\":\"en-GB\",\"@id\":\"https:\\\/\\\/tibladin.dk\\\/#\\\/schema\\\/logo\\\/image\\\/\",\"url\":\"https:\\\/\\\/tibladin.dk\\\/wp-content\\\/uploads\\\/2022\\\/09\\\/tibladin_logo.svg\",\"contentUrl\":\"https:\\\/\\\/tibladin.dk\\\/wp-content\\\/uploads\\\/2022\\\/09\\\/tibladin_logo.svg\",\"caption\":\"Tibladin\"},\"image\":{\"@id\":\"https:\\\/\\\/tibladin.dk\\\/#\\\/schema\\\/logo\\\/image\\\/\"}}]}<\/script>\n<!-- \/ Yoast SEO plugin. -->","yoast_head_json":{"title":"Beldi glass jug Twist | Hand-blown recycled glass | Tibladin","description":"Moroccan mouth-blown glass jug. Made of green recycled glass. Goes great with our glasses and glass jugs in the same series \u21d2 buy here.","robots":{"index":"index","follow":"follow","max-snippet":"max-snippet:-1","max-image-preview":"max-image-preview:large","max-video-preview":"max-video-preview:-1"},"canonical":"https:\/\/tibladin.dk\/en\/product-4\/beldi-glass-jug-with-handle-twist-transparent\/","og_locale":"en_GB","og_type":"article","og_title":"Beldi glaskande Twist | Mundbl\u00e6st genbrugsglas | Tibladin","og_description":"Marokkansk mundbl\u00e6st glaskande. Lavet af gr\u00f8nt genbrugsglas. passer flot sammen med vores glas og glaskander i samme serie \u21d2 k\u00f8b her.","og_url":"https:\/\/tibladin.dk\/en\/product-4\/beldi-glass-jug-with-handle-twist-transparent\/","og_site_name":"Tibladin","article_modified_time":"2024-12-16T18:17:43+00:00","og_image":[{"width":800,"height":800,"url":"https:\/\/tibladin.dk\/wp-content\/uploads\/2024\/12\/marokkanske-beldi-glas_TWIST_transparent_kande-med-hank.jpg","type":"image\/jpeg"}],"twitter_card":"summary_large_image","twitter_misc":{"Estimated reading time":"2 minutes"},"schema":{"@context":"https:\/\/schema.org","@graph":[{"@type":"WebPage","@id":"https:\/\/tibladin.dk\/produkt\/beldi-glaskande-med-hank-twist-transparent\/","url":"https:\/\/tibladin.dk\/produkt\/beldi-glaskande-med-hank-twist-transparent\/","name":"Beldi glass jug Twist | Hand-blown recycled glass | Tibladin","isPartOf":{"@id":"https:\/\/tibladin.dk\/#website"},"primaryImageOfPage":{"@id":"https:\/\/tibladin.dk\/produkt\/beldi-glaskande-med-hank-twist-transparent\/#primaryimage"},"image":{"@id":"https:\/\/tibladin.dk\/produkt\/beldi-glaskande-med-hank-twist-transparent\/#primaryimage"},"thumbnailUrl":"https:\/\/tibladin.dk\/wp-content\/uploads\/2024\/12\/marokkanske-beldi-glas_TWIST_transparent_kande-med-hank.jpg","datePublished":"2024-12-16T16:30:10+00:00","dateModified":"2024-12-16T18:17:43+00:00","description":"Moroccan mouth-blown glass jug. Made of green recycled glass. Goes great with our glasses and glass jugs in the same series \u21d2 buy here.","breadcrumb":{"@id":"https:\/\/tibladin.dk\/produkt\/beldi-glaskande-med-hank-twist-transparent\/#breadcrumb"},"inLanguage":"en-GB","potentialAction":[{"@type":"ReadAction","target":["https:\/\/tibladin.dk\/produkt\/beldi-glaskande-med-hank-twist-transparent\/"]}]},{"@type":"ImageObject","inLanguage":"en-GB","@id":"https:\/\/tibladin.dk\/produkt\/beldi-glaskande-med-hank-twist-transparent\/#primaryimage","url":"https:\/\/tibladin.dk\/wp-content\/uploads\/2024\/12\/marokkanske-beldi-glas_TWIST_transparent_kande-med-hank.jpg","contentUrl":"https:\/\/tibladin.dk\/wp-content\/uploads\/2024\/12\/marokkanske-beldi-glas_TWIST_transparent_kande-med-hank.jpg","width":800,"height":800,"caption":"marokkanske beldi glaskande med hank Twist"},{"@type":"BreadcrumbList","@id":"https:\/\/tibladin.dk\/produkt\/beldi-glaskande-med-hank-twist-transparent\/#breadcrumb","itemListElement":[{"@type":"ListItem","position":1,"name":"Hjem","item":"https:\/\/tibladin.dk\/"},{"@type":"ListItem","position":2,"name":"Shop","item":"https:\/\/tibladin.dk\/shop\/"},{"@type":"ListItem","position":3,"name":"Beldi glaskande med hank Twist transparent"}]},{"@type":"WebSite","@id":"https:\/\/tibladin.dk\/#website","url":"https:\/\/tibladin.dk\/","name":"Tibladin","description":"Tibladin","publisher":{"@id":"https:\/\/tibladin.dk\/#organization"},"potentialAction":[{"@type":"SearchAction","target":{"@type":"EntryPoint","urlTemplate":"https:\/\/tibladin.dk\/?s={search_term_string}"},"query-input":{"@type":"PropertyValueSpecification","valueRequired":true,"valueName":"search_term_string"}}],"inLanguage":"en-GB"},{"@type":"Organization","@id":"https:\/\/tibladin.dk\/#organization","name":"Tibladin","url":"https:\/\/tibladin.dk\/","logo":{"@type":"ImageObject","inLanguage":"en-GB","@id":"https:\/\/tibladin.dk\/#\/schema\/logo\/image\/","url":"https:\/\/tibladin.dk\/wp-content\/uploads\/2022\/09\/tibladin_logo.svg","contentUrl":"https:\/\/tibladin.dk\/wp-content\/uploads\/2022\/09\/tibladin_logo.svg","caption":"Tibladin"},"image":{"@id":"https:\/\/tibladin.dk\/#\/schema\/logo\/image\/"}}]}},"_links":{"self":[{"href":"https:\/\/tibladin.dk\/en\/wp-json\/wp\/v2\/product\/33669","targetHints":{"allow":["GET"]}}],"collection":[{"href":"https:\/\/tibladin.dk\/en\/wp-json\/wp\/v2\/product"}],"about":[{"href":"https:\/\/tibladin.dk\/en\/wp-json\/wp\/v2\/types\/product"}],"wp:featuredmedia":[{"embeddable":true,"href":"https:\/\/tibladin.dk\/en\/wp-json\/wp\/v2\/media\/33664"}],"wp:attachment":[{"href":"https:\/\/tibladin.dk\/en\/wp-json\/wp\/v2\/media?parent=33669"}],"wp:term":[{"taxonomy":"product_brand","embeddable":true,"href":"https:\/\/tibladin.dk\/en\/wp-json\/wp\/v2\/product_brand?post=33669"},{"taxonomy":"product_cat","embeddable":true,"href":"https:\/\/tibladin.dk\/en\/wp-json\/wp\/v2\/product_cat?post=33669"},{"taxonomy":"product_tag","embeddable":true,"href":"https:\/\/tibladin.dk\/en\/wp-json\/wp\/v2\/product_tag?post=33669"}],"curies":[{"name":"wp","href":"https:\/\/api.w.org\/{rel}","templated":true}]}}