{"id":36102,"date":"2025-04-23T15:45:59","date_gmt":"2025-04-23T13:45:59","guid":{"rendered":"https:\/\/tibladin.dk\/?post_type=product&#038;p=36102"},"modified":"2026-03-05T10:48:50","modified_gmt":"2026-03-05T09:48:50","slug":"raffia-fan-with-leather-handle","status":"publish","type":"product","link":"https:\/\/tibladin.dk\/en\/produkt\/vifte-i-rafia-med-laederhaandtag\/","title":{"rendered":"Fan in Raffia with leather handle"},"content":{"rendered":"<div class=\"wpb-content-wrapper\"><div class=\"vc_row wpb_row vc_row-fluid\"><div class=\"wpb_column vc_column_container vc_col-sm-4\"><div class=\"vc_column-inner\"><div class=\"wpb_wrapper\"><\/div><\/div><\/div><div class=\"wpb_column vc_column_container vc_col-sm-4\"><div class=\"vc_column-inner\"><div class=\"wpb_wrapper\"><h3 style=\"text-align: left\" class=\"vc_custom_heading vc_do_custom_heading\" >Maintenance bowl green mottled<\/h3>\n\t<div class=\"wpb_text_column wpb_content_element\" >\n\t\t<div class=\"wpb_wrapper\">\n\t\t\t<p>Dust off with a dust cloth.<\/p>\n\n\t\t<\/div>\n\t<\/div>\n<\/div><\/div><\/div><div class=\"wpb_column vc_column_container vc_col-sm-4\"><div class=\"vc_column-inner\"><div class=\"wpb_wrapper\"><\/div><\/div><\/div><\/div>\n<\/div>","protected":false},"excerpt":{"rendered":"<p>If you&#039;re missing a little character and bohemian atmosphere in your home and need a different wall decoration, look here!<\/p>\n<p>Beautiful colorful fans in raffia with leather handles. They are approximately 47 cm in height and between 27 cm in width.<\/p>\n<p>Hang them on the wall as decoration or use them on a hot summer day.<\/p>\n<p>Choose your favorite.<\/p>","protected":false},"featured_media":36114,"template":"","meta":{"inline_featured_image":false},"product_brand":[],"product_cat":[47,56],"product_tag":[],"class_list":{"0":"post-36102","1":"product","2":"type-product","3":"status-publish","4":"has-post-thumbnail","6":"product_cat-gaven-til-ham","7":"product_cat-vaegdekoration","9":"first","10":"instock","11":"taxable","12":"shipping-taxable","13":"purchasable","14":"product-type-variable"},"exclude_global_add_ons":[],"addons":[],"yoast_head":"<!-- This site is optimized with the Yoast SEO plugin v27.4 - https:\/\/yoast.com\/product\/yoast-seo-wordpress\/ -->\n<title>Smukke farverige vifter | brug dem som v\u00e6gpynt | kun \u00e9n af hver<\/title>\n<meta name=\"description\" content=\"De smukke farverige vifter i rafia og med l\u00e6derh\u00e5ndtag er helt unikke og giver boheme vibes i dit hjem. Findes i 6 unikke farver | kun hos Tibladin\" \/>\n<meta name=\"robots\" content=\"index, follow, max-snippet:-1, max-image-preview:large, max-video-preview:-1\" \/>\n<link rel=\"canonical\" href=\"https:\/\/tibladin.dk\/en\/product-4\/raffia-fan-with-leather-handle\/\" \/>\n<meta property=\"og:locale\" content=\"en_GB\" \/>\n<meta property=\"og:type\" content=\"article\" \/>\n<meta property=\"og:title\" content=\"Smukke farverige vifter | brug dem som v\u00e6gpynt | kun \u00e9n af hver\" \/>\n<meta property=\"og:description\" content=\"De smukke farverige vifter i rafia og med l\u00e6derh\u00e5ndtag er helt unikke og giver boheme vibes i dit hjem. Findes i 6 unikke farver | kun hos Tibladin\" \/>\n<meta property=\"og:url\" content=\"https:\/\/tibladin.dk\/en\/product-4\/raffia-fan-with-leather-handle\/\" \/>\n<meta property=\"og:site_name\" content=\"Tibladin\" \/>\n<meta property=\"article:modified_time\" content=\"2026-03-05T09:48:50+00:00\" \/>\n<meta property=\"og:image\" content=\"https:\/\/tibladin.dk\/wp-content\/uploads\/2025\/04\/Vifte-i-rafia-og-laederhaandtag_LS4.jpg\" \/>\n\t<meta property=\"og:image:width\" content=\"800\" \/>\n\t<meta property=\"og:image:height\" content=\"800\" \/>\n\t<meta property=\"og:image:type\" content=\"image\/jpeg\" \/>\n<meta name=\"twitter:card\" content=\"summary_large_image\" \/>\n<meta name=\"twitter:label1\" content=\"Estimated reading time\" \/>\n\t<meta name=\"twitter:data1\" content=\"1 minute\" \/>\n<script type=\"application\/ld+json\" class=\"yoast-schema-graph\">{\"@context\":\"https:\\\/\\\/schema.org\",\"@graph\":[{\"@type\":\"WebPage\",\"@id\":\"https:\\\/\\\/tibladin.dk\\\/produkt\\\/vifte-i-rafia-med-laederhaandtag\\\/\",\"url\":\"https:\\\/\\\/tibladin.dk\\\/produkt\\\/vifte-i-rafia-med-laederhaandtag\\\/\",\"name\":\"Smukke farverige vifter | brug dem som v\u00e6gpynt | kun \u00e9n af hver\",\"isPartOf\":{\"@id\":\"https:\\\/\\\/tibladin.dk\\\/#website\"},\"primaryImageOfPage\":{\"@id\":\"https:\\\/\\\/tibladin.dk\\\/produkt\\\/vifte-i-rafia-med-laederhaandtag\\\/#primaryimage\"},\"image\":{\"@id\":\"https:\\\/\\\/tibladin.dk\\\/produkt\\\/vifte-i-rafia-med-laederhaandtag\\\/#primaryimage\"},\"thumbnailUrl\":\"https:\\\/\\\/tibladin.dk\\\/wp-content\\\/uploads\\\/2025\\\/04\\\/Vifte-i-rafia-og-laederhaandtag_LS4.jpg\",\"datePublished\":\"2025-04-23T13:45:59+00:00\",\"dateModified\":\"2026-03-05T09:48:50+00:00\",\"description\":\"De smukke farverige vifter i rafia og med l\u00e6derh\u00e5ndtag er helt unikke og giver boheme vibes i dit hjem. Findes i 6 unikke farver | kun hos Tibladin\",\"breadcrumb\":{\"@id\":\"https:\\\/\\\/tibladin.dk\\\/produkt\\\/vifte-i-rafia-med-laederhaandtag\\\/#breadcrumb\"},\"inLanguage\":\"en-GB\",\"potentialAction\":[{\"@type\":\"ReadAction\",\"target\":[\"https:\\\/\\\/tibladin.dk\\\/produkt\\\/vifte-i-rafia-med-laederhaandtag\\\/\"]}]},{\"@type\":\"ImageObject\",\"inLanguage\":\"en-GB\",\"@id\":\"https:\\\/\\\/tibladin.dk\\\/produkt\\\/vifte-i-rafia-med-laederhaandtag\\\/#primaryimage\",\"url\":\"https:\\\/\\\/tibladin.dk\\\/wp-content\\\/uploads\\\/2025\\\/04\\\/Vifte-i-rafia-og-laederhaandtag_LS4.jpg\",\"contentUrl\":\"https:\\\/\\\/tibladin.dk\\\/wp-content\\\/uploads\\\/2025\\\/04\\\/Vifte-i-rafia-og-laederhaandtag_LS4.jpg\",\"width\":800,\"height\":800,\"caption\":\"vifte i rafia med l\u00e6derh\u00e5ndtag orange og gr\u00f8n\"},{\"@type\":\"BreadcrumbList\",\"@id\":\"https:\\\/\\\/tibladin.dk\\\/produkt\\\/vifte-i-rafia-med-laederhaandtag\\\/#breadcrumb\",\"itemListElement\":[{\"@type\":\"ListItem\",\"position\":1,\"name\":\"Hjem\",\"item\":\"https:\\\/\\\/tibladin.dk\\\/\"},{\"@type\":\"ListItem\",\"position\":2,\"name\":\"Shop\",\"item\":\"https:\\\/\\\/tibladin.dk\\\/shop\\\/\"},{\"@type\":\"ListItem\",\"position\":3,\"name\":\"Vifte i Rafia med l\u00e6derh\u00e5ndtag\"}]},{\"@type\":\"WebSite\",\"@id\":\"https:\\\/\\\/tibladin.dk\\\/#website\",\"url\":\"https:\\\/\\\/tibladin.dk\\\/\",\"name\":\"Tibladin\",\"description\":\"Tibladin\",\"publisher\":{\"@id\":\"https:\\\/\\\/tibladin.dk\\\/#organization\"},\"potentialAction\":[{\"@type\":\"SearchAction\",\"target\":{\"@type\":\"EntryPoint\",\"urlTemplate\":\"https:\\\/\\\/tibladin.dk\\\/?s={search_term_string}\"},\"query-input\":{\"@type\":\"PropertyValueSpecification\",\"valueRequired\":true,\"valueName\":\"search_term_string\"}}],\"inLanguage\":\"en-GB\"},{\"@type\":\"Organization\",\"@id\":\"https:\\\/\\\/tibladin.dk\\\/#organization\",\"name\":\"Tibladin\",\"url\":\"https:\\\/\\\/tibladin.dk\\\/\",\"logo\":{\"@type\":\"ImageObject\",\"inLanguage\":\"en-GB\",\"@id\":\"https:\\\/\\\/tibladin.dk\\\/#\\\/schema\\\/logo\\\/image\\\/\",\"url\":\"https:\\\/\\\/tibladin.dk\\\/wp-content\\\/uploads\\\/2022\\\/09\\\/tibladin_logo.svg\",\"contentUrl\":\"https:\\\/\\\/tibladin.dk\\\/wp-content\\\/uploads\\\/2022\\\/09\\\/tibladin_logo.svg\",\"caption\":\"Tibladin\"},\"image\":{\"@id\":\"https:\\\/\\\/tibladin.dk\\\/#\\\/schema\\\/logo\\\/image\\\/\"}}]}<\/script>\n<!-- \/ Yoast SEO plugin. -->","yoast_head_json":{"title":"Beautiful colorful fans | use them as wall decorations | just one of each","description":"The beautiful colorful fans in raffia and with leather handles are completely unique and give bohemian vibes to your home. Available in 6 unique colors | only at Tibladin","robots":{"index":"index","follow":"follow","max-snippet":"max-snippet:-1","max-image-preview":"max-image-preview:large","max-video-preview":"max-video-preview:-1"},"canonical":"https:\/\/tibladin.dk\/en\/product-4\/raffia-fan-with-leather-handle\/","og_locale":"en_GB","og_type":"article","og_title":"Smukke farverige vifter | brug dem som v\u00e6gpynt | kun \u00e9n af hver","og_description":"De smukke farverige vifter i rafia og med l\u00e6derh\u00e5ndtag er helt unikke og giver boheme vibes i dit hjem. Findes i 6 unikke farver | kun hos Tibladin","og_url":"https:\/\/tibladin.dk\/en\/product-4\/raffia-fan-with-leather-handle\/","og_site_name":"Tibladin","article_modified_time":"2026-03-05T09:48:50+00:00","og_image":[{"width":800,"height":800,"url":"https:\/\/tibladin.dk\/wp-content\/uploads\/2025\/04\/Vifte-i-rafia-og-laederhaandtag_LS4.jpg","type":"image\/jpeg"}],"twitter_card":"summary_large_image","twitter_misc":{"Estimated reading time":"1 minute"},"schema":{"@context":"https:\/\/schema.org","@graph":[{"@type":"WebPage","@id":"https:\/\/tibladin.dk\/produkt\/vifte-i-rafia-med-laederhaandtag\/","url":"https:\/\/tibladin.dk\/produkt\/vifte-i-rafia-med-laederhaandtag\/","name":"Beautiful colorful fans | use them as wall decorations | just one of each","isPartOf":{"@id":"https:\/\/tibladin.dk\/#website"},"primaryImageOfPage":{"@id":"https:\/\/tibladin.dk\/produkt\/vifte-i-rafia-med-laederhaandtag\/#primaryimage"},"image":{"@id":"https:\/\/tibladin.dk\/produkt\/vifte-i-rafia-med-laederhaandtag\/#primaryimage"},"thumbnailUrl":"https:\/\/tibladin.dk\/wp-content\/uploads\/2025\/04\/Vifte-i-rafia-og-laederhaandtag_LS4.jpg","datePublished":"2025-04-23T13:45:59+00:00","dateModified":"2026-03-05T09:48:50+00:00","description":"The beautiful colorful fans in raffia and with leather handles are completely unique and give bohemian vibes to your home. Available in 6 unique colors | only at Tibladin","breadcrumb":{"@id":"https:\/\/tibladin.dk\/produkt\/vifte-i-rafia-med-laederhaandtag\/#breadcrumb"},"inLanguage":"en-GB","potentialAction":[{"@type":"ReadAction","target":["https:\/\/tibladin.dk\/produkt\/vifte-i-rafia-med-laederhaandtag\/"]}]},{"@type":"ImageObject","inLanguage":"en-GB","@id":"https:\/\/tibladin.dk\/produkt\/vifte-i-rafia-med-laederhaandtag\/#primaryimage","url":"https:\/\/tibladin.dk\/wp-content\/uploads\/2025\/04\/Vifte-i-rafia-og-laederhaandtag_LS4.jpg","contentUrl":"https:\/\/tibladin.dk\/wp-content\/uploads\/2025\/04\/Vifte-i-rafia-og-laederhaandtag_LS4.jpg","width":800,"height":800,"caption":"vifte i rafia med l\u00e6derh\u00e5ndtag orange og gr\u00f8n"},{"@type":"BreadcrumbList","@id":"https:\/\/tibladin.dk\/produkt\/vifte-i-rafia-med-laederhaandtag\/#breadcrumb","itemListElement":[{"@type":"ListItem","position":1,"name":"Hjem","item":"https:\/\/tibladin.dk\/"},{"@type":"ListItem","position":2,"name":"Shop","item":"https:\/\/tibladin.dk\/shop\/"},{"@type":"ListItem","position":3,"name":"Vifte i Rafia med l\u00e6derh\u00e5ndtag"}]},{"@type":"WebSite","@id":"https:\/\/tibladin.dk\/#website","url":"https:\/\/tibladin.dk\/","name":"Tibladin","description":"Tibladin","publisher":{"@id":"https:\/\/tibladin.dk\/#organization"},"potentialAction":[{"@type":"SearchAction","target":{"@type":"EntryPoint","urlTemplate":"https:\/\/tibladin.dk\/?s={search_term_string}"},"query-input":{"@type":"PropertyValueSpecification","valueRequired":true,"valueName":"search_term_string"}}],"inLanguage":"en-GB"},{"@type":"Organization","@id":"https:\/\/tibladin.dk\/#organization","name":"Tibladin","url":"https:\/\/tibladin.dk\/","logo":{"@type":"ImageObject","inLanguage":"en-GB","@id":"https:\/\/tibladin.dk\/#\/schema\/logo\/image\/","url":"https:\/\/tibladin.dk\/wp-content\/uploads\/2022\/09\/tibladin_logo.svg","contentUrl":"https:\/\/tibladin.dk\/wp-content\/uploads\/2022\/09\/tibladin_logo.svg","caption":"Tibladin"},"image":{"@id":"https:\/\/tibladin.dk\/#\/schema\/logo\/image\/"}}]}},"_links":{"self":[{"href":"https:\/\/tibladin.dk\/en\/wp-json\/wp\/v2\/product\/36102","targetHints":{"allow":["GET"]}}],"collection":[{"href":"https:\/\/tibladin.dk\/en\/wp-json\/wp\/v2\/product"}],"about":[{"href":"https:\/\/tibladin.dk\/en\/wp-json\/wp\/v2\/types\/product"}],"wp:featuredmedia":[{"embeddable":true,"href":"https:\/\/tibladin.dk\/en\/wp-json\/wp\/v2\/media\/36114"}],"wp:attachment":[{"href":"https:\/\/tibladin.dk\/en\/wp-json\/wp\/v2\/media?parent=36102"}],"wp:term":[{"taxonomy":"product_brand","embeddable":true,"href":"https:\/\/tibladin.dk\/en\/wp-json\/wp\/v2\/product_brand?post=36102"},{"taxonomy":"product_cat","embeddable":true,"href":"https:\/\/tibladin.dk\/en\/wp-json\/wp\/v2\/product_cat?post=36102"},{"taxonomy":"product_tag","embeddable":true,"href":"https:\/\/tibladin.dk\/en\/wp-json\/wp\/v2\/product_tag?post=36102"}],"curies":[{"name":"wp","href":"https:\/\/api.w.org\/{rel}","templated":true}]}}