{"id":36133,"date":"2025-04-24T11:43:32","date_gmt":"2025-04-24T09:43:32","guid":{"rendered":"https:\/\/tibladin.dk\/?post_type=product&#038;p=36133"},"modified":"2026-04-14T14:20:43","modified_gmt":"2026-04-14T12:20:43","slug":"book-mothers-moroccan-food","status":"publish","type":"product","link":"https:\/\/tibladin.dk\/en\/produkt\/bog-mors-marokkanske-mad\/","title":{"rendered":"Book: Mom&#039;s Moroccan Food"},"content":{"rendered":"<div class=\"wpb-content-wrapper\"><div class=\"vc_row wpb_row vc_row-fluid\"><div class=\"wpb_column vc_column_container vc_col-sm-4\"><div class=\"vc_column-inner\"><div class=\"wpb_wrapper\"><\/div><\/div><\/div><div class=\"wpb_column vc_column_container vc_col-sm-4\"><div class=\"vc_column-inner\"><div class=\"wpb_wrapper\"><h3 style=\"text-align: left\" class=\"vc_custom_heading vc_do_custom_heading\" >About the author<\/h3>\n\t<div class=\"wpb_text_column wpb_content_element\" >\n\t\t<div class=\"wpb_wrapper\">\n\t\t\t<p>Jamila and Khadija are one of a group of six girls. Raised in Denmark. The book is a tribute to their mother Rahma El Massoudi and her great love for both family and cooking.<\/p>\n<p>The two sisters grew up eating Moroccan food and learned to cook Moroccan food from their mother from a young age. Today they run the caf\u00e9 southharbourcafe in Sydhavnen in Copenhagen.<\/p>\n\n\t\t<\/div>\n\t<\/div>\n<\/div><\/div><\/div><div class=\"wpb_column vc_column_container vc_col-sm-4\"><div class=\"vc_column-inner\"><div class=\"wpb_wrapper\"><h3 style=\"text-align: left\" class=\"vc_custom_heading vc_do_custom_heading\" >The story behind<\/h3>\n\t<div class=\"wpb_text_column wpb_content_element\" >\n\t\t<div class=\"wpb_wrapper\">\n\t\t\t<p class=\"\" data-start=\"228\" data-end=\"385\"><span class=\"relative -mx-px my-&#091;-0.2rem&#093; rounded px-px py-&#091;0.2rem&#093; transition-colors duration-100 ease-in-out\"><em data-start=\"0\" data-end=\"22\" data-is-only-node=\"\">Mom&#039;s Moroccan food<\/em> is a sensual and heartwarming cookbook that brings the reader close to the rich traditions of Moroccan cuisine.<\/span> <span class=\"relative -mx-px my-&#091;-0.2rem&#093; rounded px-px py-&#091;0.2rem&#093; transition-colors duration-100 ease-in-out\">With authentic recipes and personal stories, the Mohammadi sisters invite you into their mother&#039;s kitchen, where cooking is an act of love and a way to preserve cultural heritage.<\/span> <span class=\"relative -mx-px my-&#091;-0.2rem&#093; rounded px-px py-&#091;0.2rem&#093; transition-colors duration-100 ease-in-out\">The book is a celebration of food&#039;s ability to bring people together and create community across generations and cultures.<\/span>\u200b<\/p>\n<p class=\"\" data-start=\"412\" data-end=\"615\"><span class=\"relative -mx-px my-&#091;-0.2rem&#093; rounded px-px py-&#091;0.2rem&#093; transition-colors duration-100 ease-in-out\">Jamila and Khadija Mohammadi came to Denmark in 1977 from the village of Boujnanne in Morocco.<\/span> <span class=\"relative -mx-px my-&#091;-0.2rem&#093; rounded px-px py-&#091;0.2rem&#093; transition-colors duration-100 ease-in-out\">Their mother brought with her a treasure trove of recipes and food traditions that she passed on to her daughters.<\/span> <span class=\"relative -mx-px my-&#091;-0.2rem&#093; rounded px-px py-&#091;0.2rem&#093; transition-colors duration-100 ease-in-out\">In 2017, the sisters opened <strong data-start=\"23\" data-end=\"45\">South Harbour Caf\u00e9<\/strong> in Copenhagen&#039;s Sydhavn, where they serve authentic Moroccan food based on their mother&#039;s recipes.<\/span> <span class=\"relative -mx-px my-&#091;-0.2rem&#093; rounded px-px py-&#091;0.2rem&#093; transition-colors duration-100 ease-in-out\">The caf\u00e9 quickly became known for its hospitality and tasty dishes and received, among other things, <strong data-start=\"90\" data-end=\"124\">Sun over the Gudhjem product award<\/strong> in 2022<\/span><\/p>\n\n\t\t<\/div>\n\t<\/div>\n<\/div><\/div><\/div><\/div>\n<\/div>","protected":false},"excerpt":{"rendered":"<p><strong data-start=\"0\" data-end=\"26\" data-is-only-node=\"\">\u201cMom&#039;s Moroccan food\u201d<\/strong> is a warm and sensual cookbook in which sisters Jamila and Khadija from <a href=\"https:\/\/southharbourcafe.dk\">https:\/\/southharbourcafe.dk<\/a> and shares authentic recipes and personal stories from the Moroccan kitchen. The book is a declaration of love for their mother&#039;s cooking and contains both classics such as tagine, couscous and harira as well as small anecdotes that bring the atmosphere of Morocco&#039;s spicy streets directly into your own kitchen. With colorful pictures and simple step-by-step instructions, the book inspires both beginners and experienced food enthusiasts to cook with heart and tradition.<\/p>\n<p>Once you get started with Moroccan cooking, you&#039;ll never stop. There&#039;s a reason why Moroccan food is so loved around the world. Bring some color, flavor, and atmosphere to your dinner table. Set the table with colorful <a href=\"https:\/\/tibladin.dk\/en\/product-4\/moroccan-plates-26-cm-green\/\">Moroccan plates<\/a> and <a href=\"https:\/\/tibladin.dk\/en\/product-4\/beldi-glas-groen\/\">mouth-blown Moroccan glass<\/a> and let the set table with the tasty food take you on a trip to Morocco.<\/p>\n<p>NOTE! The book is in Danish.<\/p>","protected":false},"featured_media":36135,"template":"","meta":{"inline_featured_image":false},"product_brand":[],"product_cat":[27,47,35,93],"product_tag":[],"class_list":{"0":"post-36133","1":"product","2":"type-product","3":"status-publish","4":"has-post-thumbnail","6":"product_cat-diverse","7":"product_cat-gaven-til-ham","8":"product_cat-gaven-til-hende","9":"product_cat-marrakech-guide-boeger","11":"first","12":"instock","13":"taxable","14":"shipping-taxable","15":"purchasable","16":"product-type-simple"},"exclude_global_add_ons":false,"addons":[{"name":"Do you want gift wrapping?","type":"checkbox","position":0,"required":false,"title_format":"label","default":"","description_enable":false,"description":"","placeholder_enable":false,"placeholder":"","display":"images","restrictions_type":"any_text","adjust_price":false,"price":"","price_type":"flat_fee","restrictions":false,"min":"0","max":"0","options":[{"label":"Ja tak","price":"10","price_type":"flat_fee","image":11015,"visibility":true}],"id":1669646111}],"yoast_head":"<!-- This site is optimized with the Yoast SEO plugin v27.4 - https:\/\/yoast.com\/product\/yoast-seo-wordpress\/ -->\n<title>Mors Marokkanske mad | opskrifter fra det marokkanske k\u00f8kken<\/title>\n<meta name=\"description\" content=\"Bogen er fyldt med l\u00e6kre opskrifter fra det traditionelle marokkanske k\u00f8kken og sm\u00e5 historier og forklaringer til hver opskrift. K\u00f8b den hos Tibladin\" \/>\n<meta name=\"robots\" content=\"index, follow, max-snippet:-1, max-image-preview:large, max-video-preview:-1\" \/>\n<link rel=\"canonical\" href=\"https:\/\/tibladin.dk\/en\/product-4\/book-mothers-moroccan-food\/\" \/>\n<meta property=\"og:locale\" content=\"en_GB\" \/>\n<meta property=\"og:type\" content=\"article\" \/>\n<meta property=\"og:title\" content=\"Mors Marokkanske mad | opskrifter fra det marokkanske k\u00f8kken\" \/>\n<meta property=\"og:description\" content=\"Bogen er fyldt med l\u00e6kre opskrifter fra det traditionelle marokkanske k\u00f8kken og sm\u00e5 historier og forklaringer til hver opskrift. K\u00f8b den hos Tibladin\" \/>\n<meta property=\"og:url\" content=\"https:\/\/tibladin.dk\/en\/product-4\/book-mothers-moroccan-food\/\" \/>\n<meta property=\"og:site_name\" content=\"Tibladin\" \/>\n<meta property=\"article:modified_time\" content=\"2026-04-14T12:20:43+00:00\" \/>\n<meta property=\"og:image\" content=\"https:\/\/tibladin.dk\/wp-content\/uploads\/2025\/04\/Mors-marokkanske-mad_bog.jpg\" \/>\n\t<meta property=\"og:image:width\" content=\"800\" \/>\n\t<meta property=\"og:image:height\" content=\"800\" \/>\n\t<meta property=\"og:image:type\" content=\"image\/jpeg\" \/>\n<meta name=\"twitter:card\" content=\"summary_large_image\" \/>\n<meta name=\"twitter:label1\" content=\"Estimated reading time\" \/>\n\t<meta name=\"twitter:data1\" content=\"2 minutes\" \/>\n<script type=\"application\/ld+json\" class=\"yoast-schema-graph\">{\"@context\":\"https:\\\/\\\/schema.org\",\"@graph\":[{\"@type\":\"WebPage\",\"@id\":\"https:\\\/\\\/tibladin.dk\\\/produkt\\\/bog-mors-marokkanske-mad\\\/\",\"url\":\"https:\\\/\\\/tibladin.dk\\\/produkt\\\/bog-mors-marokkanske-mad\\\/\",\"name\":\"Mors Marokkanske mad | opskrifter fra det marokkanske k\u00f8kken\",\"isPartOf\":{\"@id\":\"https:\\\/\\\/tibladin.dk\\\/#website\"},\"primaryImageOfPage\":{\"@id\":\"https:\\\/\\\/tibladin.dk\\\/produkt\\\/bog-mors-marokkanske-mad\\\/#primaryimage\"},\"image\":{\"@id\":\"https:\\\/\\\/tibladin.dk\\\/produkt\\\/bog-mors-marokkanske-mad\\\/#primaryimage\"},\"thumbnailUrl\":\"https:\\\/\\\/tibladin.dk\\\/wp-content\\\/uploads\\\/2025\\\/04\\\/Mors-marokkanske-mad_bog.jpg\",\"datePublished\":\"2025-04-24T09:43:32+00:00\",\"dateModified\":\"2026-04-14T12:20:43+00:00\",\"description\":\"Bogen er fyldt med l\u00e6kre opskrifter fra det traditionelle marokkanske k\u00f8kken og sm\u00e5 historier og forklaringer til hver opskrift. K\u00f8b den hos Tibladin\",\"breadcrumb\":{\"@id\":\"https:\\\/\\\/tibladin.dk\\\/produkt\\\/bog-mors-marokkanske-mad\\\/#breadcrumb\"},\"inLanguage\":\"en-GB\",\"potentialAction\":[{\"@type\":\"ReadAction\",\"target\":[\"https:\\\/\\\/tibladin.dk\\\/produkt\\\/bog-mors-marokkanske-mad\\\/\"]}]},{\"@type\":\"ImageObject\",\"inLanguage\":\"en-GB\",\"@id\":\"https:\\\/\\\/tibladin.dk\\\/produkt\\\/bog-mors-marokkanske-mad\\\/#primaryimage\",\"url\":\"https:\\\/\\\/tibladin.dk\\\/wp-content\\\/uploads\\\/2025\\\/04\\\/Mors-marokkanske-mad_bog.jpg\",\"contentUrl\":\"https:\\\/\\\/tibladin.dk\\\/wp-content\\\/uploads\\\/2025\\\/04\\\/Mors-marokkanske-mad_bog.jpg\",\"width\":800,\"height\":800,\"caption\":\"bog mors marokkanske mad. Kogebog med sk\u00f8nne fort\u00e6llinger\"},{\"@type\":\"BreadcrumbList\",\"@id\":\"https:\\\/\\\/tibladin.dk\\\/produkt\\\/bog-mors-marokkanske-mad\\\/#breadcrumb\",\"itemListElement\":[{\"@type\":\"ListItem\",\"position\":1,\"name\":\"Hjem\",\"item\":\"https:\\\/\\\/tibladin.dk\\\/\"},{\"@type\":\"ListItem\",\"position\":2,\"name\":\"Shop\",\"item\":\"https:\\\/\\\/tibladin.dk\\\/shop\\\/\"},{\"@type\":\"ListItem\",\"position\":3,\"name\":\"Bog: Mors marokkanske mad\"}]},{\"@type\":\"WebSite\",\"@id\":\"https:\\\/\\\/tibladin.dk\\\/#website\",\"url\":\"https:\\\/\\\/tibladin.dk\\\/\",\"name\":\"Tibladin\",\"description\":\"Tibladin\",\"publisher\":{\"@id\":\"https:\\\/\\\/tibladin.dk\\\/#organization\"},\"potentialAction\":[{\"@type\":\"SearchAction\",\"target\":{\"@type\":\"EntryPoint\",\"urlTemplate\":\"https:\\\/\\\/tibladin.dk\\\/?s={search_term_string}\"},\"query-input\":{\"@type\":\"PropertyValueSpecification\",\"valueRequired\":true,\"valueName\":\"search_term_string\"}}],\"inLanguage\":\"en-GB\"},{\"@type\":\"Organization\",\"@id\":\"https:\\\/\\\/tibladin.dk\\\/#organization\",\"name\":\"Tibladin\",\"url\":\"https:\\\/\\\/tibladin.dk\\\/\",\"logo\":{\"@type\":\"ImageObject\",\"inLanguage\":\"en-GB\",\"@id\":\"https:\\\/\\\/tibladin.dk\\\/#\\\/schema\\\/logo\\\/image\\\/\",\"url\":\"https:\\\/\\\/tibladin.dk\\\/wp-content\\\/uploads\\\/2022\\\/09\\\/tibladin_logo.svg\",\"contentUrl\":\"https:\\\/\\\/tibladin.dk\\\/wp-content\\\/uploads\\\/2022\\\/09\\\/tibladin_logo.svg\",\"caption\":\"Tibladin\"},\"image\":{\"@id\":\"https:\\\/\\\/tibladin.dk\\\/#\\\/schema\\\/logo\\\/image\\\/\"}}]}<\/script>\n<!-- \/ Yoast SEO plugin. -->","yoast_head_json":{"title":"Mom&#039;s Moroccan food | recipes from the Moroccan kitchen","description":"The book is filled with delicious recipes from traditional Moroccan cuisine and little stories and explanations for each recipe. Buy it at Tibladin","robots":{"index":"index","follow":"follow","max-snippet":"max-snippet:-1","max-image-preview":"max-image-preview:large","max-video-preview":"max-video-preview:-1"},"canonical":"https:\/\/tibladin.dk\/en\/product-4\/book-mothers-moroccan-food\/","og_locale":"en_GB","og_type":"article","og_title":"Mors Marokkanske mad | opskrifter fra det marokkanske k\u00f8kken","og_description":"Bogen er fyldt med l\u00e6kre opskrifter fra det traditionelle marokkanske k\u00f8kken og sm\u00e5 historier og forklaringer til hver opskrift. K\u00f8b den hos Tibladin","og_url":"https:\/\/tibladin.dk\/en\/product-4\/book-mothers-moroccan-food\/","og_site_name":"Tibladin","article_modified_time":"2026-04-14T12:20:43+00:00","og_image":[{"width":800,"height":800,"url":"https:\/\/tibladin.dk\/wp-content\/uploads\/2025\/04\/Mors-marokkanske-mad_bog.jpg","type":"image\/jpeg"}],"twitter_card":"summary_large_image","twitter_misc":{"Estimated reading time":"2 minutes"},"schema":{"@context":"https:\/\/schema.org","@graph":[{"@type":"WebPage","@id":"https:\/\/tibladin.dk\/produkt\/bog-mors-marokkanske-mad\/","url":"https:\/\/tibladin.dk\/produkt\/bog-mors-marokkanske-mad\/","name":"Mom&#039;s Moroccan food | recipes from the Moroccan kitchen","isPartOf":{"@id":"https:\/\/tibladin.dk\/#website"},"primaryImageOfPage":{"@id":"https:\/\/tibladin.dk\/produkt\/bog-mors-marokkanske-mad\/#primaryimage"},"image":{"@id":"https:\/\/tibladin.dk\/produkt\/bog-mors-marokkanske-mad\/#primaryimage"},"thumbnailUrl":"https:\/\/tibladin.dk\/wp-content\/uploads\/2025\/04\/Mors-marokkanske-mad_bog.jpg","datePublished":"2025-04-24T09:43:32+00:00","dateModified":"2026-04-14T12:20:43+00:00","description":"The book is filled with delicious recipes from traditional Moroccan cuisine and little stories and explanations for each recipe. Buy it at Tibladin","breadcrumb":{"@id":"https:\/\/tibladin.dk\/produkt\/bog-mors-marokkanske-mad\/#breadcrumb"},"inLanguage":"en-GB","potentialAction":[{"@type":"ReadAction","target":["https:\/\/tibladin.dk\/produkt\/bog-mors-marokkanske-mad\/"]}]},{"@type":"ImageObject","inLanguage":"en-GB","@id":"https:\/\/tibladin.dk\/produkt\/bog-mors-marokkanske-mad\/#primaryimage","url":"https:\/\/tibladin.dk\/wp-content\/uploads\/2025\/04\/Mors-marokkanske-mad_bog.jpg","contentUrl":"https:\/\/tibladin.dk\/wp-content\/uploads\/2025\/04\/Mors-marokkanske-mad_bog.jpg","width":800,"height":800,"caption":"bog mors marokkanske mad. Kogebog med sk\u00f8nne fort\u00e6llinger"},{"@type":"BreadcrumbList","@id":"https:\/\/tibladin.dk\/produkt\/bog-mors-marokkanske-mad\/#breadcrumb","itemListElement":[{"@type":"ListItem","position":1,"name":"Hjem","item":"https:\/\/tibladin.dk\/"},{"@type":"ListItem","position":2,"name":"Shop","item":"https:\/\/tibladin.dk\/shop\/"},{"@type":"ListItem","position":3,"name":"Bog: Mors marokkanske mad"}]},{"@type":"WebSite","@id":"https:\/\/tibladin.dk\/#website","url":"https:\/\/tibladin.dk\/","name":"Tibladin","description":"Tibladin","publisher":{"@id":"https:\/\/tibladin.dk\/#organization"},"potentialAction":[{"@type":"SearchAction","target":{"@type":"EntryPoint","urlTemplate":"https:\/\/tibladin.dk\/?s={search_term_string}"},"query-input":{"@type":"PropertyValueSpecification","valueRequired":true,"valueName":"search_term_string"}}],"inLanguage":"en-GB"},{"@type":"Organization","@id":"https:\/\/tibladin.dk\/#organization","name":"Tibladin","url":"https:\/\/tibladin.dk\/","logo":{"@type":"ImageObject","inLanguage":"en-GB","@id":"https:\/\/tibladin.dk\/#\/schema\/logo\/image\/","url":"https:\/\/tibladin.dk\/wp-content\/uploads\/2022\/09\/tibladin_logo.svg","contentUrl":"https:\/\/tibladin.dk\/wp-content\/uploads\/2022\/09\/tibladin_logo.svg","caption":"Tibladin"},"image":{"@id":"https:\/\/tibladin.dk\/#\/schema\/logo\/image\/"}}]}},"_links":{"self":[{"href":"https:\/\/tibladin.dk\/en\/wp-json\/wp\/v2\/product\/36133","targetHints":{"allow":["GET"]}}],"collection":[{"href":"https:\/\/tibladin.dk\/en\/wp-json\/wp\/v2\/product"}],"about":[{"href":"https:\/\/tibladin.dk\/en\/wp-json\/wp\/v2\/types\/product"}],"wp:featuredmedia":[{"embeddable":true,"href":"https:\/\/tibladin.dk\/en\/wp-json\/wp\/v2\/media\/36135"}],"wp:attachment":[{"href":"https:\/\/tibladin.dk\/en\/wp-json\/wp\/v2\/media?parent=36133"}],"wp:term":[{"taxonomy":"product_brand","embeddable":true,"href":"https:\/\/tibladin.dk\/en\/wp-json\/wp\/v2\/product_brand?post=36133"},{"taxonomy":"product_cat","embeddable":true,"href":"https:\/\/tibladin.dk\/en\/wp-json\/wp\/v2\/product_cat?post=36133"},{"taxonomy":"product_tag","embeddable":true,"href":"https:\/\/tibladin.dk\/en\/wp-json\/wp\/v2\/product_tag?post=36133"}],"curies":[{"name":"wp","href":"https:\/\/api.w.org\/{rel}","templated":true}]}}