{"id":36575,"date":"2025-05-22T18:29:05","date_gmt":"2025-05-22T16:29:05","guid":{"rendered":"https:\/\/tibladin.dk\/?post_type=product&#038;p=36575"},"modified":"2025-05-22T18:36:00","modified_gmt":"2025-05-22T16:36:00","slug":"hand-painted-wooden-tray","status":"publish","type":"product","link":"https:\/\/tibladin.dk\/en\/produkt\/bakke-i-haandmalet-trae-forest\/","title":{"rendered":"Hand-painted wooden tray \u2013 FOREST"},"content":{"rendered":"<div class=\"wpb-content-wrapper\"><div class=\"vc_row wpb_row vc_row-fluid\"><div class=\"wpb_column vc_column_container vc_col-sm-4\"><div class=\"vc_column-inner\"><div class=\"wpb_wrapper\"><\/div><\/div><\/div><div class=\"wpb_column vc_column_container vc_col-sm-4\"><div class=\"vc_column-inner\"><div class=\"wpb_wrapper\"><h3 style=\"text-align: left\" class=\"vc_custom_heading vc_do_custom_heading\" >Maintenance<\/h3>\n\t<div class=\"wpb_text_column wpb_content_element\" >\n\t\t<div class=\"wpb_wrapper\">\n\t\t\t<p>The tray can be wiped with a damp cloth.<\/p>\n\n\t\t<\/div>\n\t<\/div>\n<\/div><\/div><\/div><div class=\"wpb_column vc_column_container vc_col-sm-4\"><div class=\"vc_column-inner\"><div class=\"wpb_wrapper\"><h3 style=\"text-align: left\" class=\"vc_custom_heading vc_do_custom_heading\" >The story behind<\/h3>\n\t<div class=\"wpb_text_column wpb_content_element\" >\n\t\t<div class=\"wpb_wrapper\">\n\t\t\t<p data-start=\"0\" data-end=\"261\">Hand-painted wooden trays from Morocco are unique works of art that combine traditional craftsmanship with colorful Moroccan aesthetics. These trays are made in a small workshop where skilled craftsmen paint each individual piece by hand with great care and precision.<\/p>\n<p data-start=\"263\" data-end=\"725\">The wood, typically cedar or olive, is first cut and sanded to the desired shape, then the surface is treated to make it smooth and durable. Then the characteristic patterns and colors are applied, reflecting Morocco\u2019s rich cultural heritage. The motifs can range from geometric patterns and arabesques to flowers and symbols, often in strong shades of blue, red, yellow and green \u2013 colors that have both aesthetic and symbolic significance in Moroccan art.<\/p>\n<p data-start=\"727\" data-end=\"1018\">Each tray is unique, not only because it is hand-painted, but because the artist is often inspired by his own imagination or local traditions. This makes the trays more than just practical objects \u2013 they are little tales from North Africa that bring warmth, life and history into the home.<\/p>\n\n\t\t<\/div>\n\t<\/div>\n<\/div><\/div><\/div><\/div>\n<\/div>","protected":false},"excerpt":{"rendered":"<p>Beautiful handmade Moroccan tray with the finest hand-painted patterns in dusty green and yellow colors and with practical carrying handles. Perfect for both decoration, serving and storage. This way you can bring Moroccan style and craftsmanship into your home.<\/p>\n<p>Whether used for serving, decoration or as part of a table setting, the hand-painted wooden trays add an exotic and authentic feel. They are also popular as gifts, as they represent the best of Moroccan craftsmanship and cultural heritage.<\/p>\n<p>The tray is 32 cm in diameter.<\/p>","protected":false},"featured_media":36579,"template":"","meta":{"inline_featured_image":false},"product_brand":[],"product_cat":[54,51],"product_tag":[],"class_list":{"0":"post-36575","1":"product","2":"type-product","3":"status-publish","4":"has-post-thumbnail","6":"product_cat-aesker-og-bakker","7":"product_cat-opbevaring","9":"first","10":"instock","11":"taxable","12":"shipping-taxable","13":"purchasable","14":"product-type-simple"},"exclude_global_add_ons":false,"addons":[{"name":"Do you want gift wrapping?","type":"checkbox","position":0,"required":false,"title_format":"label","default":"","description_enable":false,"description":"","placeholder_enable":false,"placeholder":"","display":"images","restrictions_type":"any_text","adjust_price":false,"price":"","price_type":"flat_fee","restrictions":false,"min":"0","max":"0","options":[{"label":"Ja tak","price":"10","price_type":"flat_fee","image":11015,"visibility":true}],"id":1669646111}],"yoast_head":"<!-- This site is optimized with the Yoast SEO plugin v27.5 - https:\/\/yoast.com\/product\/yoast-seo-wordpress\/ -->\n<title>Bakke i h\u00e5ndmalet tr\u00e6 - FOREST | Smukt design | Tibladin<\/title>\n<meta name=\"description\" content=\"H\u00e5ndmalet bakke i tr\u00e6 med det fineste m\u00f8nster. Smukt design og hel unik. Brug den til at servere din eftermiddags te eller lad den st\u00e5 til pynt.\" \/>\n<meta name=\"robots\" content=\"index, follow, max-snippet:-1, max-image-preview:large, max-video-preview:-1\" \/>\n<link rel=\"canonical\" href=\"https:\/\/tibladin.dk\/en\/product-4\/hand-painted-wooden-tray\/\" \/>\n<meta property=\"og:locale\" content=\"en_GB\" \/>\n<meta property=\"og:type\" content=\"article\" \/>\n<meta property=\"og:title\" content=\"Bakke i h\u00e5ndmalet tr\u00e6 - FOREST | Smukt design | Tibladin\" \/>\n<meta property=\"og:description\" content=\"H\u00e5ndmalet bakke i tr\u00e6 med det fineste m\u00f8nster. Smukt design og hel unik. Brug den til at servere din eftermiddags te eller lad den st\u00e5 til pynt.\" \/>\n<meta property=\"og:url\" content=\"https:\/\/tibladin.dk\/en\/product-4\/hand-painted-wooden-tray\/\" \/>\n<meta property=\"og:site_name\" content=\"Tibladin\" \/>\n<meta property=\"article:modified_time\" content=\"2025-05-22T16:36:00+00:00\" \/>\n<meta property=\"og:image\" content=\"https:\/\/tibladin.dk\/wp-content\/uploads\/2025\/05\/malet-bakke-i-trae_FOREST_4.jpg\" \/>\n\t<meta property=\"og:image:width\" content=\"800\" \/>\n\t<meta property=\"og:image:height\" content=\"800\" \/>\n\t<meta property=\"og:image:type\" content=\"image\/jpeg\" \/>\n<meta name=\"twitter:card\" content=\"summary_large_image\" \/>\n<meta name=\"twitter:label1\" content=\"Estimated reading time\" \/>\n\t<meta name=\"twitter:data1\" content=\"2 minutes\" \/>\n<script type=\"application\/ld+json\" class=\"yoast-schema-graph\">{\"@context\":\"https:\\\/\\\/schema.org\",\"@graph\":[{\"@type\":\"WebPage\",\"@id\":\"https:\\\/\\\/tibladin.dk\\\/produkt\\\/bakke-i-haandmalet-trae-forest\\\/\",\"url\":\"https:\\\/\\\/tibladin.dk\\\/produkt\\\/bakke-i-haandmalet-trae-forest\\\/\",\"name\":\"Bakke i h\u00e5ndmalet tr\u00e6 - FOREST | Smukt design | Tibladin\",\"isPartOf\":{\"@id\":\"https:\\\/\\\/tibladin.dk\\\/#website\"},\"primaryImageOfPage\":{\"@id\":\"https:\\\/\\\/tibladin.dk\\\/produkt\\\/bakke-i-haandmalet-trae-forest\\\/#primaryimage\"},\"image\":{\"@id\":\"https:\\\/\\\/tibladin.dk\\\/produkt\\\/bakke-i-haandmalet-trae-forest\\\/#primaryimage\"},\"thumbnailUrl\":\"https:\\\/\\\/tibladin.dk\\\/wp-content\\\/uploads\\\/2025\\\/05\\\/malet-bakke-i-trae_FOREST_4.jpg\",\"datePublished\":\"2025-05-22T16:29:05+00:00\",\"dateModified\":\"2025-05-22T16:36:00+00:00\",\"description\":\"H\u00e5ndmalet bakke i tr\u00e6 med det fineste m\u00f8nster. Smukt design og hel unik. Brug den til at servere din eftermiddags te eller lad den st\u00e5 til pynt.\",\"breadcrumb\":{\"@id\":\"https:\\\/\\\/tibladin.dk\\\/produkt\\\/bakke-i-haandmalet-trae-forest\\\/#breadcrumb\"},\"inLanguage\":\"en-GB\",\"potentialAction\":[{\"@type\":\"ReadAction\",\"target\":[\"https:\\\/\\\/tibladin.dk\\\/produkt\\\/bakke-i-haandmalet-trae-forest\\\/\"]}]},{\"@type\":\"ImageObject\",\"inLanguage\":\"en-GB\",\"@id\":\"https:\\\/\\\/tibladin.dk\\\/produkt\\\/bakke-i-haandmalet-trae-forest\\\/#primaryimage\",\"url\":\"https:\\\/\\\/tibladin.dk\\\/wp-content\\\/uploads\\\/2025\\\/05\\\/malet-bakke-i-trae_FOREST_4.jpg\",\"contentUrl\":\"https:\\\/\\\/tibladin.dk\\\/wp-content\\\/uploads\\\/2025\\\/05\\\/malet-bakke-i-trae_FOREST_4.jpg\",\"width\":800,\"height\":800,\"caption\":\"malet bakke i tr\u00e6_FOREST i st\u00f8vede gr\u00f8nne og gule nuancer\"},{\"@type\":\"BreadcrumbList\",\"@id\":\"https:\\\/\\\/tibladin.dk\\\/produkt\\\/bakke-i-haandmalet-trae-forest\\\/#breadcrumb\",\"itemListElement\":[{\"@type\":\"ListItem\",\"position\":1,\"name\":\"Hjem\",\"item\":\"https:\\\/\\\/tibladin.dk\\\/\"},{\"@type\":\"ListItem\",\"position\":2,\"name\":\"Shop\",\"item\":\"https:\\\/\\\/tibladin.dk\\\/shop\\\/\"},{\"@type\":\"ListItem\",\"position\":3,\"name\":\"Bakke i h\u00e5ndmalet tr\u00e6 &#8211; FOREST\"}]},{\"@type\":\"WebSite\",\"@id\":\"https:\\\/\\\/tibladin.dk\\\/#website\",\"url\":\"https:\\\/\\\/tibladin.dk\\\/\",\"name\":\"Tibladin\",\"description\":\"Tibladin\",\"publisher\":{\"@id\":\"https:\\\/\\\/tibladin.dk\\\/#organization\"},\"potentialAction\":[{\"@type\":\"SearchAction\",\"target\":{\"@type\":\"EntryPoint\",\"urlTemplate\":\"https:\\\/\\\/tibladin.dk\\\/?s={search_term_string}\"},\"query-input\":{\"@type\":\"PropertyValueSpecification\",\"valueRequired\":true,\"valueName\":\"search_term_string\"}}],\"inLanguage\":\"en-GB\"},{\"@type\":\"Organization\",\"@id\":\"https:\\\/\\\/tibladin.dk\\\/#organization\",\"name\":\"Tibladin\",\"url\":\"https:\\\/\\\/tibladin.dk\\\/\",\"logo\":{\"@type\":\"ImageObject\",\"inLanguage\":\"en-GB\",\"@id\":\"https:\\\/\\\/tibladin.dk\\\/#\\\/schema\\\/logo\\\/image\\\/\",\"url\":\"https:\\\/\\\/tibladin.dk\\\/wp-content\\\/uploads\\\/2022\\\/09\\\/tibladin_logo.svg\",\"contentUrl\":\"https:\\\/\\\/tibladin.dk\\\/wp-content\\\/uploads\\\/2022\\\/09\\\/tibladin_logo.svg\",\"caption\":\"Tibladin\"},\"image\":{\"@id\":\"https:\\\/\\\/tibladin.dk\\\/#\\\/schema\\\/logo\\\/image\\\/\"}}]}<\/script>\n<!-- \/ Yoast SEO plugin. -->","yoast_head_json":{"title":"Hand-painted wooden tray - FOREST | Beautiful design | Tibladin","description":"Hand-painted wooden tray with the finest pattern. Beautiful design and completely unique. Use it to serve your afternoon tea or leave it as a decoration.","robots":{"index":"index","follow":"follow","max-snippet":"max-snippet:-1","max-image-preview":"max-image-preview:large","max-video-preview":"max-video-preview:-1"},"canonical":"https:\/\/tibladin.dk\/en\/product-4\/hand-painted-wooden-tray\/","og_locale":"en_GB","og_type":"article","og_title":"Bakke i h\u00e5ndmalet tr\u00e6 - FOREST | Smukt design | Tibladin","og_description":"H\u00e5ndmalet bakke i tr\u00e6 med det fineste m\u00f8nster. Smukt design og hel unik. Brug den til at servere din eftermiddags te eller lad den st\u00e5 til pynt.","og_url":"https:\/\/tibladin.dk\/en\/product-4\/hand-painted-wooden-tray\/","og_site_name":"Tibladin","article_modified_time":"2025-05-22T16:36:00+00:00","og_image":[{"width":800,"height":800,"url":"https:\/\/tibladin.dk\/wp-content\/uploads\/2025\/05\/malet-bakke-i-trae_FOREST_4.jpg","type":"image\/jpeg"}],"twitter_card":"summary_large_image","twitter_misc":{"Estimated reading time":"2 minutes"},"schema":{"@context":"https:\/\/schema.org","@graph":[{"@type":"WebPage","@id":"https:\/\/tibladin.dk\/produkt\/bakke-i-haandmalet-trae-forest\/","url":"https:\/\/tibladin.dk\/produkt\/bakke-i-haandmalet-trae-forest\/","name":"Hand-painted wooden tray - FOREST | Beautiful design | Tibladin","isPartOf":{"@id":"https:\/\/tibladin.dk\/#website"},"primaryImageOfPage":{"@id":"https:\/\/tibladin.dk\/produkt\/bakke-i-haandmalet-trae-forest\/#primaryimage"},"image":{"@id":"https:\/\/tibladin.dk\/produkt\/bakke-i-haandmalet-trae-forest\/#primaryimage"},"thumbnailUrl":"https:\/\/tibladin.dk\/wp-content\/uploads\/2025\/05\/malet-bakke-i-trae_FOREST_4.jpg","datePublished":"2025-05-22T16:29:05+00:00","dateModified":"2025-05-22T16:36:00+00:00","description":"Hand-painted wooden tray with the finest pattern. Beautiful design and completely unique. Use it to serve your afternoon tea or leave it as a decoration.","breadcrumb":{"@id":"https:\/\/tibladin.dk\/produkt\/bakke-i-haandmalet-trae-forest\/#breadcrumb"},"inLanguage":"en-GB","potentialAction":[{"@type":"ReadAction","target":["https:\/\/tibladin.dk\/produkt\/bakke-i-haandmalet-trae-forest\/"]}]},{"@type":"ImageObject","inLanguage":"en-GB","@id":"https:\/\/tibladin.dk\/produkt\/bakke-i-haandmalet-trae-forest\/#primaryimage","url":"https:\/\/tibladin.dk\/wp-content\/uploads\/2025\/05\/malet-bakke-i-trae_FOREST_4.jpg","contentUrl":"https:\/\/tibladin.dk\/wp-content\/uploads\/2025\/05\/malet-bakke-i-trae_FOREST_4.jpg","width":800,"height":800,"caption":"malet bakke i tr\u00e6_FOREST i st\u00f8vede gr\u00f8nne og gule nuancer"},{"@type":"BreadcrumbList","@id":"https:\/\/tibladin.dk\/produkt\/bakke-i-haandmalet-trae-forest\/#breadcrumb","itemListElement":[{"@type":"ListItem","position":1,"name":"Hjem","item":"https:\/\/tibladin.dk\/"},{"@type":"ListItem","position":2,"name":"Shop","item":"https:\/\/tibladin.dk\/shop\/"},{"@type":"ListItem","position":3,"name":"Bakke i h\u00e5ndmalet tr\u00e6 &#8211; FOREST"}]},{"@type":"WebSite","@id":"https:\/\/tibladin.dk\/#website","url":"https:\/\/tibladin.dk\/","name":"Tibladin","description":"Tibladin","publisher":{"@id":"https:\/\/tibladin.dk\/#organization"},"potentialAction":[{"@type":"SearchAction","target":{"@type":"EntryPoint","urlTemplate":"https:\/\/tibladin.dk\/?s={search_term_string}"},"query-input":{"@type":"PropertyValueSpecification","valueRequired":true,"valueName":"search_term_string"}}],"inLanguage":"en-GB"},{"@type":"Organization","@id":"https:\/\/tibladin.dk\/#organization","name":"Tibladin","url":"https:\/\/tibladin.dk\/","logo":{"@type":"ImageObject","inLanguage":"en-GB","@id":"https:\/\/tibladin.dk\/#\/schema\/logo\/image\/","url":"https:\/\/tibladin.dk\/wp-content\/uploads\/2022\/09\/tibladin_logo.svg","contentUrl":"https:\/\/tibladin.dk\/wp-content\/uploads\/2022\/09\/tibladin_logo.svg","caption":"Tibladin"},"image":{"@id":"https:\/\/tibladin.dk\/#\/schema\/logo\/image\/"}}]}},"_links":{"self":[{"href":"https:\/\/tibladin.dk\/en\/wp-json\/wp\/v2\/product\/36575","targetHints":{"allow":["GET"]}}],"collection":[{"href":"https:\/\/tibladin.dk\/en\/wp-json\/wp\/v2\/product"}],"about":[{"href":"https:\/\/tibladin.dk\/en\/wp-json\/wp\/v2\/types\/product"}],"wp:featuredmedia":[{"embeddable":true,"href":"https:\/\/tibladin.dk\/en\/wp-json\/wp\/v2\/media\/36579"}],"wp:attachment":[{"href":"https:\/\/tibladin.dk\/en\/wp-json\/wp\/v2\/media?parent=36575"}],"wp:term":[{"taxonomy":"product_brand","embeddable":true,"href":"https:\/\/tibladin.dk\/en\/wp-json\/wp\/v2\/product_brand?post=36575"},{"taxonomy":"product_cat","embeddable":true,"href":"https:\/\/tibladin.dk\/en\/wp-json\/wp\/v2\/product_cat?post=36575"},{"taxonomy":"product_tag","embeddable":true,"href":"https:\/\/tibladin.dk\/en\/wp-json\/wp\/v2\/product_tag?post=36575"}],"curies":[{"name":"wp","href":"https:\/\/api.w.org\/{rel}","templated":true}]}}