{"id":36673,"date":"2025-05-24T11:25:00","date_gmt":"2025-05-24T09:25:00","guid":{"rendered":"https:\/\/tibladin.dk\/?post_type=product&#038;p=36673"},"modified":"2026-03-06T20:57:07","modified_gmt":"2026-03-06T19:57:07","slug":"ring-in-silver-aurora","status":"publish","type":"product","link":"https:\/\/tibladin.dk\/en\/produkt\/ring-i-soelv-aurora\/","title":{"rendered":"Silver ring \u2013 AURORA"},"content":{"rendered":"<div class=\"wpb-content-wrapper\"><div class=\"vc_row wpb_row vc_row-fluid\"><div class=\"wpb_column vc_column_container vc_col-sm-4\"><div class=\"vc_column-inner\"><div class=\"wpb_wrapper\"><\/div><\/div><\/div><div class=\"wpb_column vc_column_container vc_col-sm-4\"><div class=\"vc_column-inner\"><div class=\"wpb_wrapper\"><h3 style=\"text-align: left\" class=\"vc_custom_heading vc_do_custom_heading\" >Maintenance<\/h3>\n\t<div class=\"wpb_text_column wpb_content_element\" >\n\t\t<div class=\"wpb_wrapper\">\n\t\t\t<p>Silver will tarnish and darken over time. This is a natural process that occurs when silver comes into contact with oxygen, acid and sweat from the body. You can easily brighten up your silver jewelry. Place it in a small bowl with mild soap and water and rub gently with a soft cotton cloth.<\/p>\n<p>To clean labradorite, gently use a little unscented soap and a soft cloth. Never rub or scrub hard. Rinse under cold water.<\/p>\n\n\t\t<\/div>\n\t<\/div>\n<\/div><\/div><\/div><div class=\"wpb_column vc_column_container vc_col-sm-4\"><div class=\"vc_column-inner\"><div class=\"wpb_wrapper\"><h3 style=\"text-align: left\" class=\"vc_custom_heading vc_do_custom_heading\" >The story behind<\/h3>\n\t<div class=\"wpb_text_column wpb_content_element\" >\n\t\t<div class=\"wpb_wrapper\">\n\t\t\t<p><span style=\"font-weight: 400;\">Tiznit is a small town in the Souss-Massa region located on the west coast of Morocco. Traditional Moroccan Amazigh\/Berber jewelry is associated with Tiznit as this city is known for its years of craftsmanship of high quality traditional silver jewelry handcrafted by skilled artisans. Each piece of jewelry is the result of dedicated craftsmanship and each one tells a story, symbolizing the creators&#039; creative and beautiful craftsmanship. The jewelry represents not only the cultural heritage of the city, but the entire cultural heritage of Morocco as well as the traditions of the Berbers, which have been passed down through generations.\u00a0<\/span><\/p>\n<p><span style=\"font-weight: 400;\"><br \/>\n<\/span><b>Tell your story through jewelry<\/b><\/p>\n<p><span style=\"font-weight: 400;\">A piece of jewelry can hold many memories and tell your personal story, as you take the jewelry with you on your own journey and create wonderful, memorable experiences. When Tibladin goes jewelry hunting in the Moroccan city of Tiznit, whose heart beats for jewelry,<\/span><\/p>\n<p><span style=\"font-weight: 400;\">We select jewelry that varies in style and in their own charming way combines the classic, historical design that the Berbers prefer, with elegance and timelessness.\u00a0<\/span><\/p>\n<p><br style=\"font-weight: 400;\" \/><\/p>\n\n\t\t<\/div>\n\t<\/div>\n<\/div><\/div><\/div><\/div>\n<\/div>","protected":false},"excerpt":{"rendered":"<p>Moroccan ring in silver with Labradorite stone in the middle.<\/p>\n<p>Labradorite is often called the stone of magic. It symbolizes inner wisdom and intuition, transformation\/change and protection as well as creativity and inspiration.<\/p>\n<p>Ring size: 53<\/p>","protected":false},"featured_media":36674,"template":"","meta":{"inline_featured_image":false},"product_brand":[],"product_cat":[165,162],"product_tag":[],"class_list":{"0":"post-36673","1":"product","2":"type-product","3":"status-publish","4":"has-post-thumbnail","6":"product_cat-ringe","7":"product_cat-smykker","9":"first","10":"instock","11":"taxable","12":"shipping-taxable","13":"purchasable","14":"product-type-simple"},"exclude_global_add_ons":[],"addons":[],"yoast_head":"<!-- This site is optimized with the Yoast SEO plugin v27.4 - https:\/\/yoast.com\/product\/yoast-seo-wordpress\/ -->\n<title>S\u00f8lvring | H\u00e5ndlavede marokkanske kreationer | Kun hos Tibladin<\/title>\n<meta name=\"description\" content=\"Smuk s\u00f8lvring med turkis sten h\u00e5ndlavet i Tiznit. Helt unikke kreationer til dig, der elsker at have autentiske smykker med en historie.\" \/>\n<meta name=\"robots\" content=\"index, follow, max-snippet:-1, max-image-preview:large, max-video-preview:-1\" \/>\n<link rel=\"canonical\" href=\"https:\/\/tibladin.dk\/en\/product-4\/ring-in-silver-aurora\/\" \/>\n<meta property=\"og:locale\" content=\"en_GB\" \/>\n<meta property=\"og:type\" content=\"article\" \/>\n<meta property=\"og:title\" content=\"S\u00f8lvring | H\u00e5ndlavede marokkanske kreationer | Kun hos Tibladin\" \/>\n<meta property=\"og:description\" content=\"Smuk s\u00f8lvring med turkis sten h\u00e5ndlavet i Tiznit. Helt unikke kreationer til dig, der elsker at have autentiske smykker med en historie.\" \/>\n<meta property=\"og:url\" content=\"https:\/\/tibladin.dk\/en\/product-4\/ring-in-silver-aurora\/\" \/>\n<meta property=\"og:site_name\" content=\"Tibladin\" \/>\n<meta property=\"article:modified_time\" content=\"2026-03-06T19:57:07+00:00\" \/>\n<meta property=\"og:image\" content=\"https:\/\/tibladin.dk\/wp-content\/uploads\/2025\/05\/Ring-i-soelv_AURORA_1.jpg\" \/>\n\t<meta property=\"og:image:width\" content=\"800\" \/>\n\t<meta property=\"og:image:height\" content=\"800\" \/>\n\t<meta property=\"og:image:type\" content=\"image\/jpeg\" \/>\n<meta name=\"twitter:card\" content=\"summary_large_image\" \/>\n<meta name=\"twitter:label1\" content=\"Estimated reading time\" \/>\n\t<meta name=\"twitter:data1\" content=\"2 minutes\" \/>\n<script type=\"application\/ld+json\" class=\"yoast-schema-graph\">{\"@context\":\"https:\\\/\\\/schema.org\",\"@graph\":[{\"@type\":\"WebPage\",\"@id\":\"https:\\\/\\\/tibladin.dk\\\/produkt\\\/ring-i-soelv-aurora\\\/\",\"url\":\"https:\\\/\\\/tibladin.dk\\\/produkt\\\/ring-i-soelv-aurora\\\/\",\"name\":\"S\u00f8lvring | H\u00e5ndlavede marokkanske kreationer | Kun hos Tibladin\",\"isPartOf\":{\"@id\":\"https:\\\/\\\/tibladin.dk\\\/#website\"},\"primaryImageOfPage\":{\"@id\":\"https:\\\/\\\/tibladin.dk\\\/produkt\\\/ring-i-soelv-aurora\\\/#primaryimage\"},\"image\":{\"@id\":\"https:\\\/\\\/tibladin.dk\\\/produkt\\\/ring-i-soelv-aurora\\\/#primaryimage\"},\"thumbnailUrl\":\"https:\\\/\\\/tibladin.dk\\\/wp-content\\\/uploads\\\/2025\\\/05\\\/Ring-i-soelv_AURORA_1.jpg\",\"datePublished\":\"2025-05-24T09:25:00+00:00\",\"dateModified\":\"2026-03-06T19:57:07+00:00\",\"description\":\"Smuk s\u00f8lvring med turkis sten h\u00e5ndlavet i Tiznit. Helt unikke kreationer til dig, der elsker at have autentiske smykker med en historie.\",\"breadcrumb\":{\"@id\":\"https:\\\/\\\/tibladin.dk\\\/produkt\\\/ring-i-soelv-aurora\\\/#breadcrumb\"},\"inLanguage\":\"en-GB\",\"potentialAction\":[{\"@type\":\"ReadAction\",\"target\":[\"https:\\\/\\\/tibladin.dk\\\/produkt\\\/ring-i-soelv-aurora\\\/\"]}]},{\"@type\":\"ImageObject\",\"inLanguage\":\"en-GB\",\"@id\":\"https:\\\/\\\/tibladin.dk\\\/produkt\\\/ring-i-soelv-aurora\\\/#primaryimage\",\"url\":\"https:\\\/\\\/tibladin.dk\\\/wp-content\\\/uploads\\\/2025\\\/05\\\/Ring-i-soelv_AURORA_1.jpg\",\"contentUrl\":\"https:\\\/\\\/tibladin.dk\\\/wp-content\\\/uploads\\\/2025\\\/05\\\/Ring-i-soelv_AURORA_1.jpg\",\"width\":800,\"height\":800,\"caption\":\"ring med Labradorit sten\"},{\"@type\":\"BreadcrumbList\",\"@id\":\"https:\\\/\\\/tibladin.dk\\\/produkt\\\/ring-i-soelv-aurora\\\/#breadcrumb\",\"itemListElement\":[{\"@type\":\"ListItem\",\"position\":1,\"name\":\"Hjem\",\"item\":\"https:\\\/\\\/tibladin.dk\\\/\"},{\"@type\":\"ListItem\",\"position\":2,\"name\":\"Shop\",\"item\":\"https:\\\/\\\/tibladin.dk\\\/shop\\\/\"},{\"@type\":\"ListItem\",\"position\":3,\"name\":\"Ring i s\u00f8lv &#8211; AURORA\"}]},{\"@type\":\"WebSite\",\"@id\":\"https:\\\/\\\/tibladin.dk\\\/#website\",\"url\":\"https:\\\/\\\/tibladin.dk\\\/\",\"name\":\"Tibladin\",\"description\":\"Tibladin\",\"publisher\":{\"@id\":\"https:\\\/\\\/tibladin.dk\\\/#organization\"},\"potentialAction\":[{\"@type\":\"SearchAction\",\"target\":{\"@type\":\"EntryPoint\",\"urlTemplate\":\"https:\\\/\\\/tibladin.dk\\\/?s={search_term_string}\"},\"query-input\":{\"@type\":\"PropertyValueSpecification\",\"valueRequired\":true,\"valueName\":\"search_term_string\"}}],\"inLanguage\":\"en-GB\"},{\"@type\":\"Organization\",\"@id\":\"https:\\\/\\\/tibladin.dk\\\/#organization\",\"name\":\"Tibladin\",\"url\":\"https:\\\/\\\/tibladin.dk\\\/\",\"logo\":{\"@type\":\"ImageObject\",\"inLanguage\":\"en-GB\",\"@id\":\"https:\\\/\\\/tibladin.dk\\\/#\\\/schema\\\/logo\\\/image\\\/\",\"url\":\"https:\\\/\\\/tibladin.dk\\\/wp-content\\\/uploads\\\/2022\\\/09\\\/tibladin_logo.svg\",\"contentUrl\":\"https:\\\/\\\/tibladin.dk\\\/wp-content\\\/uploads\\\/2022\\\/09\\\/tibladin_logo.svg\",\"caption\":\"Tibladin\"},\"image\":{\"@id\":\"https:\\\/\\\/tibladin.dk\\\/#\\\/schema\\\/logo\\\/image\\\/\"}}]}<\/script>\n<!-- \/ Yoast SEO plugin. -->","yoast_head_json":{"title":"Silver ring | Handmade Moroccan creations | Only at Tibladin","description":"Beautiful silver ring with turquoise stone handmade in Tiznit. Completely unique creations for those who love to have authentic jewelry with a story.","robots":{"index":"index","follow":"follow","max-snippet":"max-snippet:-1","max-image-preview":"max-image-preview:large","max-video-preview":"max-video-preview:-1"},"canonical":"https:\/\/tibladin.dk\/en\/product-4\/ring-in-silver-aurora\/","og_locale":"en_GB","og_type":"article","og_title":"S\u00f8lvring | H\u00e5ndlavede marokkanske kreationer | Kun hos Tibladin","og_description":"Smuk s\u00f8lvring med turkis sten h\u00e5ndlavet i Tiznit. Helt unikke kreationer til dig, der elsker at have autentiske smykker med en historie.","og_url":"https:\/\/tibladin.dk\/en\/product-4\/ring-in-silver-aurora\/","og_site_name":"Tibladin","article_modified_time":"2026-03-06T19:57:07+00:00","og_image":[{"width":800,"height":800,"url":"https:\/\/tibladin.dk\/wp-content\/uploads\/2025\/05\/Ring-i-soelv_AURORA_1.jpg","type":"image\/jpeg"}],"twitter_card":"summary_large_image","twitter_misc":{"Estimated reading time":"2 minutes"},"schema":{"@context":"https:\/\/schema.org","@graph":[{"@type":"WebPage","@id":"https:\/\/tibladin.dk\/produkt\/ring-i-soelv-aurora\/","url":"https:\/\/tibladin.dk\/produkt\/ring-i-soelv-aurora\/","name":"Silver ring | Handmade Moroccan creations | Only at Tibladin","isPartOf":{"@id":"https:\/\/tibladin.dk\/#website"},"primaryImageOfPage":{"@id":"https:\/\/tibladin.dk\/produkt\/ring-i-soelv-aurora\/#primaryimage"},"image":{"@id":"https:\/\/tibladin.dk\/produkt\/ring-i-soelv-aurora\/#primaryimage"},"thumbnailUrl":"https:\/\/tibladin.dk\/wp-content\/uploads\/2025\/05\/Ring-i-soelv_AURORA_1.jpg","datePublished":"2025-05-24T09:25:00+00:00","dateModified":"2026-03-06T19:57:07+00:00","description":"Beautiful silver ring with turquoise stone handmade in Tiznit. Completely unique creations for those who love to have authentic jewelry with a story.","breadcrumb":{"@id":"https:\/\/tibladin.dk\/produkt\/ring-i-soelv-aurora\/#breadcrumb"},"inLanguage":"en-GB","potentialAction":[{"@type":"ReadAction","target":["https:\/\/tibladin.dk\/produkt\/ring-i-soelv-aurora\/"]}]},{"@type":"ImageObject","inLanguage":"en-GB","@id":"https:\/\/tibladin.dk\/produkt\/ring-i-soelv-aurora\/#primaryimage","url":"https:\/\/tibladin.dk\/wp-content\/uploads\/2025\/05\/Ring-i-soelv_AURORA_1.jpg","contentUrl":"https:\/\/tibladin.dk\/wp-content\/uploads\/2025\/05\/Ring-i-soelv_AURORA_1.jpg","width":800,"height":800,"caption":"ring med Labradorit sten"},{"@type":"BreadcrumbList","@id":"https:\/\/tibladin.dk\/produkt\/ring-i-soelv-aurora\/#breadcrumb","itemListElement":[{"@type":"ListItem","position":1,"name":"Hjem","item":"https:\/\/tibladin.dk\/"},{"@type":"ListItem","position":2,"name":"Shop","item":"https:\/\/tibladin.dk\/shop\/"},{"@type":"ListItem","position":3,"name":"Ring i s\u00f8lv &#8211; AURORA"}]},{"@type":"WebSite","@id":"https:\/\/tibladin.dk\/#website","url":"https:\/\/tibladin.dk\/","name":"Tibladin","description":"Tibladin","publisher":{"@id":"https:\/\/tibladin.dk\/#organization"},"potentialAction":[{"@type":"SearchAction","target":{"@type":"EntryPoint","urlTemplate":"https:\/\/tibladin.dk\/?s={search_term_string}"},"query-input":{"@type":"PropertyValueSpecification","valueRequired":true,"valueName":"search_term_string"}}],"inLanguage":"en-GB"},{"@type":"Organization","@id":"https:\/\/tibladin.dk\/#organization","name":"Tibladin","url":"https:\/\/tibladin.dk\/","logo":{"@type":"ImageObject","inLanguage":"en-GB","@id":"https:\/\/tibladin.dk\/#\/schema\/logo\/image\/","url":"https:\/\/tibladin.dk\/wp-content\/uploads\/2022\/09\/tibladin_logo.svg","contentUrl":"https:\/\/tibladin.dk\/wp-content\/uploads\/2022\/09\/tibladin_logo.svg","caption":"Tibladin"},"image":{"@id":"https:\/\/tibladin.dk\/#\/schema\/logo\/image\/"}}]}},"_links":{"self":[{"href":"https:\/\/tibladin.dk\/en\/wp-json\/wp\/v2\/product\/36673","targetHints":{"allow":["GET"]}}],"collection":[{"href":"https:\/\/tibladin.dk\/en\/wp-json\/wp\/v2\/product"}],"about":[{"href":"https:\/\/tibladin.dk\/en\/wp-json\/wp\/v2\/types\/product"}],"wp:featuredmedia":[{"embeddable":true,"href":"https:\/\/tibladin.dk\/en\/wp-json\/wp\/v2\/media\/36674"}],"wp:attachment":[{"href":"https:\/\/tibladin.dk\/en\/wp-json\/wp\/v2\/media?parent=36673"}],"wp:term":[{"taxonomy":"product_brand","embeddable":true,"href":"https:\/\/tibladin.dk\/en\/wp-json\/wp\/v2\/product_brand?post=36673"},{"taxonomy":"product_cat","embeddable":true,"href":"https:\/\/tibladin.dk\/en\/wp-json\/wp\/v2\/product_cat?post=36673"},{"taxonomy":"product_tag","embeddable":true,"href":"https:\/\/tibladin.dk\/en\/wp-json\/wp\/v2\/product_tag?post=36673"}],"curies":[{"name":"wp","href":"https:\/\/api.w.org\/{rel}","templated":true}]}}