{"id":36854,"date":"2025-05-31T12:13:51","date_gmt":"2025-05-31T10:13:51","guid":{"rendered":"https:\/\/tibladin.dk\/?post_type=product&#038;p=36854"},"modified":"2025-06-03T11:59:49","modified_gmt":"2025-06-03T09:59:49","slug":"shirt-angel-berry_m","status":"publish","type":"product","link":"https:\/\/tibladin.dk\/en\/produkt\/skjorte-angel-berry_m\/","title":{"rendered":"Shirt ANGEL-BERRY_M"},"content":{"rendered":"<div class=\"wpb-content-wrapper\"><div class=\"vc_row wpb_row vc_row-fluid\"><div class=\"wpb_column vc_column_container vc_col-sm-4\"><div class=\"vc_column-inner\"><div class=\"wpb_wrapper\"><\/div><\/div><\/div><div class=\"wpb_column vc_column_container vc_col-sm-4\"><div class=\"vc_column-inner\"><div class=\"wpb_wrapper\"><h3 style=\"text-align: left\" class=\"vc_custom_heading vc_do_custom_heading\" >Maintenance<\/h3>\n\t<div class=\"wpb_text_column wpb_content_element\" >\n\t\t<div class=\"wpb_wrapper\">\n\t\t\t<p>The shirts are made of 100% cotton and can therefore be machine washed at up to 30 degrees. We also recommend steaming\/ironing the dresses at the lowest temperature to avoid wrinkles and creases.<\/p>\n\n\t\t<\/div>\n\t<\/div>\n<\/div><\/div><\/div><div class=\"wpb_column vc_column_container vc_col-sm-4\"><div class=\"vc_column-inner\"><div class=\"wpb_wrapper\"><h3 style=\"text-align: left\" class=\"vc_custom_heading vc_do_custom_heading\" >The story behind<\/h3>\n\t<div class=\"wpb_text_column wpb_content_element\" >\n\t\t<div class=\"wpb_wrapper\">\n\t\t\t<p data-start=\"192\" data-end=\"371\">Born in the heart of Marrakesh, where colors, crafts and history are woven together in every street, <em data-start=\"288\" data-end=\"299\">chic2luxe<\/em> a brand with roots in tradition \u2013 and an eye for freedom and style. Virginie, who is behind this brand, works closely with Moroccan tailors who, with great love for their craft, sew each and every creation by hand. With consideration for the environment, these creations are only hand-sewn in limited numbers and there is only one of each design. No mass production.<\/p>\n<p data-start=\"373\" data-end=\"695\">Behind the brand is a passion for personal fashion with soul: clothes that tell stories and create space for both everyday glimpses and dreamy moments.<br data-start=\"525\" data-end=\"528\" \/>All styles are designed with respect for comfort, lightness and the handmade look \u2013 often with a playful twist such as embroidery, contrasts or surprising details.<\/p>\n<p data-start=\"697\" data-end=\"875\">The collections are created in light natural materials, and each piece carries a touch of Marrakesh&#039;s energy \u2013 where desert wind meets souk, and where tradition becomes something new.<\/p>\n\n\t\t<\/div>\n\t<\/div>\n<\/div><\/div><\/div><\/div>\n<\/div>","protected":false},"excerpt":{"rendered":"<p data-start=\"14\" data-end=\"250\">This shirt has a beautiful, playful look with its dark floral wings in shades of pink and purple, set against the light, subtle striped background. It feels bold, feminine and a little dreamy \u2013 a shirt with character and contrast.<\/p>\n<p data-start=\"267\" data-end=\"538\">Sewn in light, breathable cotton with fine white and old pink stripes, it has a relaxed, slightly oversized cut with long sleeves and an elegant, deep neckline. On the back, a set of sewn-on colored angel wings unfolds - with floral details in pink and rose colors that balance strength and grace.<\/p>\n<p data-start=\"540\" data-end=\"618\">Perfect for warm days, layering or just when you want to feel free.<\/p>\n<p data-start=\"540\" data-end=\"618\">The shirt is a size Medium but is oversized, so it fits most Medium and Large. If you want an oversized look like the model in the picture, which is a size S, you can also use it if you normally wear Small. There is only 1 of this shirt and therefore it is not available in several different sizes.<\/p>\n<p data-start=\"540\" data-end=\"618\">DIMENSIONS: Sleeve length 58 cm (from collar) neckline 20 cm<\/p>\n<p data-start=\"540\" data-end=\"618\">Length (from neck) 47 cm front and 55 cm back | Width 63 cm<\/p>\n<p data-start=\"540\" data-end=\"618\">The model in the picture is a size S.<\/p>","protected":false},"featured_media":36861,"template":"","meta":{"inline_featured_image":false},"product_brand":[],"product_cat":[27,170,169],"product_tag":[],"class_list":{"0":"post-36854","1":"product","2":"type-product","3":"status-publish","4":"has-post-thumbnail","6":"product_cat-diverse","7":"product_cat-skjorter","8":"product_cat-toej","10":"first","11":"instock","12":"taxable","13":"shipping-taxable","14":"purchasable","15":"product-type-simple"},"exclude_global_add_ons":[],"addons":[],"yoast_head":"<!-- This site is optimized with the Yoast SEO plugin v27.5 - https:\/\/yoast.com\/product\/yoast-seo-wordpress\/ -->\n<title>H\u00e5ndlavet Marokkansk skjorte | Unika design | Tibladin |<\/title>\n<meta name=\"description\" content=\"Flotte h\u00e5ndsyede kjoler i 100% bomuld. Udviklet i samarbejde med dygtige designere og skr\u00e6ddere i Marrakech. Unikke og farvestr\u00e5lende materialer.\" \/>\n<meta name=\"robots\" content=\"index, follow, max-snippet:-1, max-image-preview:large, max-video-preview:-1\" \/>\n<link rel=\"canonical\" href=\"https:\/\/tibladin.dk\/en\/product-4\/shirt-angel-berry_m\/\" \/>\n<meta property=\"og:locale\" content=\"en_GB\" \/>\n<meta property=\"og:type\" content=\"article\" \/>\n<meta property=\"og:title\" content=\"H\u00e5ndlavet Marokkansk skjorte | Unika design | Tibladin |\" \/>\n<meta property=\"og:description\" content=\"Flotte h\u00e5ndsyede kjoler i 100% bomuld. Udviklet i samarbejde med dygtige designere og skr\u00e6ddere i Marrakech. Unikke og farvestr\u00e5lende materialer.\" \/>\n<meta property=\"og:url\" content=\"https:\/\/tibladin.dk\/en\/product-4\/shirt-angel-berry_m\/\" \/>\n<meta property=\"og:site_name\" content=\"Tibladin\" \/>\n<meta property=\"article:modified_time\" content=\"2025-06-03T09:59:49+00:00\" \/>\n<meta property=\"og:image\" content=\"https:\/\/tibladin.dk\/wp-content\/uploads\/2025\/05\/Skjorte_ANGEL-BERRY_M_7.jpg\" \/>\n\t<meta property=\"og:image:width\" content=\"800\" \/>\n\t<meta property=\"og:image:height\" content=\"800\" \/>\n\t<meta property=\"og:image:type\" content=\"image\/jpeg\" \/>\n<meta name=\"twitter:card\" content=\"summary_large_image\" \/>\n<meta name=\"twitter:label1\" content=\"Estimated reading time\" \/>\n\t<meta name=\"twitter:data1\" content=\"2 minutes\" \/>\n<script type=\"application\/ld+json\" class=\"yoast-schema-graph\">{\"@context\":\"https:\\\/\\\/schema.org\",\"@graph\":[{\"@type\":\"WebPage\",\"@id\":\"https:\\\/\\\/tibladin.dk\\\/produkt\\\/skjorte-angel-berry_m\\\/\",\"url\":\"https:\\\/\\\/tibladin.dk\\\/produkt\\\/skjorte-angel-berry_m\\\/\",\"name\":\"H\u00e5ndlavet Marokkansk skjorte | Unika design | Tibladin |\",\"isPartOf\":{\"@id\":\"https:\\\/\\\/tibladin.dk\\\/#website\"},\"primaryImageOfPage\":{\"@id\":\"https:\\\/\\\/tibladin.dk\\\/produkt\\\/skjorte-angel-berry_m\\\/#primaryimage\"},\"image\":{\"@id\":\"https:\\\/\\\/tibladin.dk\\\/produkt\\\/skjorte-angel-berry_m\\\/#primaryimage\"},\"thumbnailUrl\":\"https:\\\/\\\/tibladin.dk\\\/wp-content\\\/uploads\\\/2025\\\/05\\\/Skjorte_ANGEL-BERRY_M_7.jpg\",\"datePublished\":\"2025-05-31T10:13:51+00:00\",\"dateModified\":\"2025-06-03T09:59:49+00:00\",\"description\":\"Flotte h\u00e5ndsyede kjoler i 100% bomuld. Udviklet i samarbejde med dygtige designere og skr\u00e6ddere i Marrakech. Unikke og farvestr\u00e5lende materialer.\",\"breadcrumb\":{\"@id\":\"https:\\\/\\\/tibladin.dk\\\/produkt\\\/skjorte-angel-berry_m\\\/#breadcrumb\"},\"inLanguage\":\"en-GB\",\"potentialAction\":[{\"@type\":\"ReadAction\",\"target\":[\"https:\\\/\\\/tibladin.dk\\\/produkt\\\/skjorte-angel-berry_m\\\/\"]}]},{\"@type\":\"ImageObject\",\"inLanguage\":\"en-GB\",\"@id\":\"https:\\\/\\\/tibladin.dk\\\/produkt\\\/skjorte-angel-berry_m\\\/#primaryimage\",\"url\":\"https:\\\/\\\/tibladin.dk\\\/wp-content\\\/uploads\\\/2025\\\/05\\\/Skjorte_ANGEL-BERRY_M_7.jpg\",\"contentUrl\":\"https:\\\/\\\/tibladin.dk\\\/wp-content\\\/uploads\\\/2025\\\/05\\\/Skjorte_ANGEL-BERRY_M_7.jpg\",\"width\":800,\"height\":800,\"caption\":\"Skjorte_ANGEL BERRY_M skjorte med gammelrosa og hvide striber med lange \u00e6rmer og p\u00e5syet englevinger p\u00e5 ryggen\"},{\"@type\":\"BreadcrumbList\",\"@id\":\"https:\\\/\\\/tibladin.dk\\\/produkt\\\/skjorte-angel-berry_m\\\/#breadcrumb\",\"itemListElement\":[{\"@type\":\"ListItem\",\"position\":1,\"name\":\"Hjem\",\"item\":\"https:\\\/\\\/tibladin.dk\\\/\"},{\"@type\":\"ListItem\",\"position\":2,\"name\":\"Shop\",\"item\":\"https:\\\/\\\/tibladin.dk\\\/shop\\\/\"},{\"@type\":\"ListItem\",\"position\":3,\"name\":\"Skjorte ANGEL-BERRY_M\"}]},{\"@type\":\"WebSite\",\"@id\":\"https:\\\/\\\/tibladin.dk\\\/#website\",\"url\":\"https:\\\/\\\/tibladin.dk\\\/\",\"name\":\"Tibladin\",\"description\":\"Tibladin\",\"publisher\":{\"@id\":\"https:\\\/\\\/tibladin.dk\\\/#organization\"},\"potentialAction\":[{\"@type\":\"SearchAction\",\"target\":{\"@type\":\"EntryPoint\",\"urlTemplate\":\"https:\\\/\\\/tibladin.dk\\\/?s={search_term_string}\"},\"query-input\":{\"@type\":\"PropertyValueSpecification\",\"valueRequired\":true,\"valueName\":\"search_term_string\"}}],\"inLanguage\":\"en-GB\"},{\"@type\":\"Organization\",\"@id\":\"https:\\\/\\\/tibladin.dk\\\/#organization\",\"name\":\"Tibladin\",\"url\":\"https:\\\/\\\/tibladin.dk\\\/\",\"logo\":{\"@type\":\"ImageObject\",\"inLanguage\":\"en-GB\",\"@id\":\"https:\\\/\\\/tibladin.dk\\\/#\\\/schema\\\/logo\\\/image\\\/\",\"url\":\"https:\\\/\\\/tibladin.dk\\\/wp-content\\\/uploads\\\/2022\\\/09\\\/tibladin_logo.svg\",\"contentUrl\":\"https:\\\/\\\/tibladin.dk\\\/wp-content\\\/uploads\\\/2022\\\/09\\\/tibladin_logo.svg\",\"caption\":\"Tibladin\"},\"image\":{\"@id\":\"https:\\\/\\\/tibladin.dk\\\/#\\\/schema\\\/logo\\\/image\\\/\"}}]}<\/script>\n<!-- \/ Yoast SEO plugin. -->","yoast_head_json":{"title":"Handmade Moroccan shirt | Unique design | Tibladin |","description":"Beautiful hand-sewn dresses in 100% cotton. Developed in collaboration with skilled designers and tailors in Marrakech. Unique and colorful materials.","robots":{"index":"index","follow":"follow","max-snippet":"max-snippet:-1","max-image-preview":"max-image-preview:large","max-video-preview":"max-video-preview:-1"},"canonical":"https:\/\/tibladin.dk\/en\/product-4\/shirt-angel-berry_m\/","og_locale":"en_GB","og_type":"article","og_title":"H\u00e5ndlavet Marokkansk skjorte | Unika design | Tibladin |","og_description":"Flotte h\u00e5ndsyede kjoler i 100% bomuld. Udviklet i samarbejde med dygtige designere og skr\u00e6ddere i Marrakech. Unikke og farvestr\u00e5lende materialer.","og_url":"https:\/\/tibladin.dk\/en\/product-4\/shirt-angel-berry_m\/","og_site_name":"Tibladin","article_modified_time":"2025-06-03T09:59:49+00:00","og_image":[{"width":800,"height":800,"url":"https:\/\/tibladin.dk\/wp-content\/uploads\/2025\/05\/Skjorte_ANGEL-BERRY_M_7.jpg","type":"image\/jpeg"}],"twitter_card":"summary_large_image","twitter_misc":{"Estimated reading time":"2 minutes"},"schema":{"@context":"https:\/\/schema.org","@graph":[{"@type":"WebPage","@id":"https:\/\/tibladin.dk\/produkt\/skjorte-angel-berry_m\/","url":"https:\/\/tibladin.dk\/produkt\/skjorte-angel-berry_m\/","name":"Handmade Moroccan shirt | Unique design | Tibladin |","isPartOf":{"@id":"https:\/\/tibladin.dk\/#website"},"primaryImageOfPage":{"@id":"https:\/\/tibladin.dk\/produkt\/skjorte-angel-berry_m\/#primaryimage"},"image":{"@id":"https:\/\/tibladin.dk\/produkt\/skjorte-angel-berry_m\/#primaryimage"},"thumbnailUrl":"https:\/\/tibladin.dk\/wp-content\/uploads\/2025\/05\/Skjorte_ANGEL-BERRY_M_7.jpg","datePublished":"2025-05-31T10:13:51+00:00","dateModified":"2025-06-03T09:59:49+00:00","description":"Beautiful hand-sewn dresses in 100% cotton. Developed in collaboration with skilled designers and tailors in Marrakech. Unique and colorful materials.","breadcrumb":{"@id":"https:\/\/tibladin.dk\/produkt\/skjorte-angel-berry_m\/#breadcrumb"},"inLanguage":"en-GB","potentialAction":[{"@type":"ReadAction","target":["https:\/\/tibladin.dk\/produkt\/skjorte-angel-berry_m\/"]}]},{"@type":"ImageObject","inLanguage":"en-GB","@id":"https:\/\/tibladin.dk\/produkt\/skjorte-angel-berry_m\/#primaryimage","url":"https:\/\/tibladin.dk\/wp-content\/uploads\/2025\/05\/Skjorte_ANGEL-BERRY_M_7.jpg","contentUrl":"https:\/\/tibladin.dk\/wp-content\/uploads\/2025\/05\/Skjorte_ANGEL-BERRY_M_7.jpg","width":800,"height":800,"caption":"Skjorte_ANGEL BERRY_M skjorte med gammelrosa og hvide striber med lange \u00e6rmer og p\u00e5syet englevinger p\u00e5 ryggen"},{"@type":"BreadcrumbList","@id":"https:\/\/tibladin.dk\/produkt\/skjorte-angel-berry_m\/#breadcrumb","itemListElement":[{"@type":"ListItem","position":1,"name":"Hjem","item":"https:\/\/tibladin.dk\/"},{"@type":"ListItem","position":2,"name":"Shop","item":"https:\/\/tibladin.dk\/shop\/"},{"@type":"ListItem","position":3,"name":"Skjorte ANGEL-BERRY_M"}]},{"@type":"WebSite","@id":"https:\/\/tibladin.dk\/#website","url":"https:\/\/tibladin.dk\/","name":"Tibladin","description":"Tibladin","publisher":{"@id":"https:\/\/tibladin.dk\/#organization"},"potentialAction":[{"@type":"SearchAction","target":{"@type":"EntryPoint","urlTemplate":"https:\/\/tibladin.dk\/?s={search_term_string}"},"query-input":{"@type":"PropertyValueSpecification","valueRequired":true,"valueName":"search_term_string"}}],"inLanguage":"en-GB"},{"@type":"Organization","@id":"https:\/\/tibladin.dk\/#organization","name":"Tibladin","url":"https:\/\/tibladin.dk\/","logo":{"@type":"ImageObject","inLanguage":"en-GB","@id":"https:\/\/tibladin.dk\/#\/schema\/logo\/image\/","url":"https:\/\/tibladin.dk\/wp-content\/uploads\/2022\/09\/tibladin_logo.svg","contentUrl":"https:\/\/tibladin.dk\/wp-content\/uploads\/2022\/09\/tibladin_logo.svg","caption":"Tibladin"},"image":{"@id":"https:\/\/tibladin.dk\/#\/schema\/logo\/image\/"}}]}},"_links":{"self":[{"href":"https:\/\/tibladin.dk\/en\/wp-json\/wp\/v2\/product\/36854","targetHints":{"allow":["GET"]}}],"collection":[{"href":"https:\/\/tibladin.dk\/en\/wp-json\/wp\/v2\/product"}],"about":[{"href":"https:\/\/tibladin.dk\/en\/wp-json\/wp\/v2\/types\/product"}],"wp:featuredmedia":[{"embeddable":true,"href":"https:\/\/tibladin.dk\/en\/wp-json\/wp\/v2\/media\/36861"}],"wp:attachment":[{"href":"https:\/\/tibladin.dk\/en\/wp-json\/wp\/v2\/media?parent=36854"}],"wp:term":[{"taxonomy":"product_brand","embeddable":true,"href":"https:\/\/tibladin.dk\/en\/wp-json\/wp\/v2\/product_brand?post=36854"},{"taxonomy":"product_cat","embeddable":true,"href":"https:\/\/tibladin.dk\/en\/wp-json\/wp\/v2\/product_cat?post=36854"},{"taxonomy":"product_tag","embeddable":true,"href":"https:\/\/tibladin.dk\/en\/wp-json\/wp\/v2\/product_tag?post=36854"}],"curies":[{"name":"wp","href":"https:\/\/api.w.org\/{rel}","templated":true}]}}