{"id":37007,"date":"2025-06-04T08:55:36","date_gmt":"2025-06-04T06:55:36","guid":{"rendered":"https:\/\/tibladin.dk\/?post_type=product&#038;p=37007"},"modified":"2025-06-04T09:07:07","modified_gmt":"2025-06-04T07:07:07","slug":"cardigan-jacket-black-wild-m","status":"publish","type":"product","link":"https:\/\/tibladin.dk\/en\/produkt\/cardigan-jakke-noir-sauvage-m\/","title":{"rendered":"Cardigan\/Jacket -NOIR SAUVAGE \u2013 M"},"content":{"rendered":"<div class=\"wpb-content-wrapper\"><div class=\"vc_row wpb_row vc_row-fluid\"><div class=\"wpb_column vc_column_container vc_col-sm-4\"><div class=\"vc_column-inner\"><div class=\"wpb_wrapper\"><\/div><\/div><\/div><div class=\"wpb_column vc_column_container vc_col-sm-4\"><div class=\"vc_column-inner\"><div class=\"wpb_wrapper\"><h3 style=\"text-align: left\" class=\"vc_custom_heading vc_do_custom_heading\" >Maintenance<\/h3>\n\t<div class=\"wpb_text_column wpb_content_element\" >\n\t\t<div class=\"wpb_wrapper\">\n\t\t\t<p>The shirts are made of 100% cotton and can therefore be machine washed at up to 30 degrees. We also recommend steaming\/ironing the dresses at the lowest temperature to avoid wrinkles and creases.<\/p>\n\n\t\t<\/div>\n\t<\/div>\n<\/div><\/div><\/div><div class=\"wpb_column vc_column_container vc_col-sm-4\"><div class=\"vc_column-inner\"><div class=\"wpb_wrapper\"><h3 style=\"text-align: left\" class=\"vc_custom_heading vc_do_custom_heading\" >The story behind<\/h3>\n\t<div class=\"wpb_text_column wpb_content_element\" >\n\t\t<div class=\"wpb_wrapper\">\n\t\t\t<p data-start=\"192\" data-end=\"371\">Born in the heart of Marrakesh, where colors, craftsmanship and history are woven together in every street, Bab of Desert Marrakech is a brand with roots in tradition \u2013 and an eye for freedom and style. Daniela, who is behind this brand, works closely with Moroccan tailors who, with great love for their craft, sew each and every creation by hand. With consideration for the environment, these creations are only hand-sewn in limited numbers and there is only one of each design. No mass production.<\/p>\n<p data-start=\"373\" data-end=\"695\">Behind the brand is a passion for personal fashion with soul: clothes that tell stories and create space for both everyday glimpses and dreamy moments.<br data-start=\"525\" data-end=\"528\" \/>All styles are designed with respect for comfort, lightness and the handmade look \u2013 often with a playful twist such as embroidery, contrasts or surprising details.<\/p>\n<p data-start=\"697\" data-end=\"875\">The collections are created in light natural materials, and each piece carries a touch of Marrakesh&#039;s energy \u2013 where desert wind meets souk, and where tradition becomes something new.<\/p>\n\n\t\t<\/div>\n\t<\/div>\n<\/div><\/div><\/div><\/div>\n<\/div>","protected":false},"excerpt":{"rendered":"<p data-start=\"223\" data-end=\"463\">This black jacket combines softness and attitude in a simple, elegant design. The lightweight fabric falls loosely and comfortably, while the contrasts \u2013 especially the striking faux leather pockets with a snake texture \u2013 give a sophisticated and modern twist.<\/p>\n<p data-start=\"465\" data-end=\"718\">Details like the greenish embroidered edges add depth and character to the jacket, and the open, loose fit makes it easy to style for both day and night. It&#039;s perfect over a simple top and jeans, but can also be worn as a cool layer over a dress.<\/p>\n<p data-start=\"720\" data-end=\"796\">A stylish jacket for those who want a casual look with an exclusive touch.<\/p>\n<p data-start=\"231\" data-end=\"572\">The jacket is a size Medium but fits most small and medium. There is only 1 of this and therefore it is not available in several different sizes.<\/p>\n<p data-start=\"540\" data-end=\"618\">MEASUREMENTS: Sleeve length 72 cm (from collar) sleeve length 47 cm<\/p>\n<p data-start=\"540\" data-end=\"618\">Length (shoulder) 56 cm | Width 55 cm<\/p>\n<p data-start=\"540\" data-end=\"618\">The photo model used is a size S.<\/p>\n<p>&nbsp;<\/p>","protected":false},"featured_media":37013,"template":"","meta":{"inline_featured_image":false},"product_brand":[],"product_cat":[171,27,169],"product_tag":[],"class_list":{"0":"post-37007","1":"product","2":"type-product","3":"status-publish","4":"has-post-thumbnail","6":"product_cat-cardigans-jakker","7":"product_cat-diverse","8":"product_cat-toej","10":"first","11":"instock","12":"taxable","13":"shipping-taxable","14":"purchasable","15":"product-type-simple"},"exclude_global_add_ons":[],"addons":[],"yoast_head":"<!-- This site is optimized with the Yoast SEO plugin v27.4 - https:\/\/yoast.com\/product\/yoast-seo-wordpress\/ -->\n<title>H\u00e5ndlavet Marokkansk cardigan | Unika design | Tibladin |<\/title>\n<meta name=\"description\" content=\"Flotte h\u00e5ndsyede unika t\u00f8j. Udviklet i samarbejde med dygtig designer og skr\u00e6dder i Marrakech. Unikke og farvestr\u00e5lende materialer.\" \/>\n<meta name=\"robots\" content=\"index, follow, max-snippet:-1, max-image-preview:large, max-video-preview:-1\" \/>\n<link rel=\"canonical\" href=\"https:\/\/tibladin.dk\/en\/product-4\/cardigan-jacket-black-wild-m\/\" \/>\n<meta property=\"og:locale\" content=\"en_GB\" \/>\n<meta property=\"og:type\" content=\"article\" \/>\n<meta property=\"og:title\" content=\"H\u00e5ndlavet Marokkansk cardigan | Unika design | Tibladin |\" \/>\n<meta property=\"og:description\" content=\"Flotte h\u00e5ndsyede unika t\u00f8j. Udviklet i samarbejde med dygtig designer og skr\u00e6dder i Marrakech. Unikke og farvestr\u00e5lende materialer.\" \/>\n<meta property=\"og:url\" content=\"https:\/\/tibladin.dk\/en\/product-4\/cardigan-jacket-black-wild-m\/\" \/>\n<meta property=\"og:site_name\" content=\"Tibladin\" \/>\n<meta property=\"article:modified_time\" content=\"2025-06-04T07:07:07+00:00\" \/>\n<meta property=\"og:image\" content=\"https:\/\/tibladin.dk\/wp-content\/uploads\/2025\/06\/Cardigan-jakke_NOIR-SAUVAGE_6.jpg\" \/>\n\t<meta property=\"og:image:width\" content=\"800\" \/>\n\t<meta property=\"og:image:height\" content=\"800\" \/>\n\t<meta property=\"og:image:type\" content=\"image\/jpeg\" \/>\n<meta name=\"twitter:card\" content=\"summary_large_image\" \/>\n<meta name=\"twitter:label1\" content=\"Estimated reading time\" \/>\n\t<meta name=\"twitter:data1\" content=\"2 minutes\" \/>\n<script type=\"application\/ld+json\" class=\"yoast-schema-graph\">{\"@context\":\"https:\\\/\\\/schema.org\",\"@graph\":[{\"@type\":\"WebPage\",\"@id\":\"https:\\\/\\\/tibladin.dk\\\/produkt\\\/cardigan-jakke-noir-sauvage-m\\\/\",\"url\":\"https:\\\/\\\/tibladin.dk\\\/produkt\\\/cardigan-jakke-noir-sauvage-m\\\/\",\"name\":\"H\u00e5ndlavet Marokkansk cardigan | Unika design | Tibladin |\",\"isPartOf\":{\"@id\":\"https:\\\/\\\/tibladin.dk\\\/#website\"},\"primaryImageOfPage\":{\"@id\":\"https:\\\/\\\/tibladin.dk\\\/produkt\\\/cardigan-jakke-noir-sauvage-m\\\/#primaryimage\"},\"image\":{\"@id\":\"https:\\\/\\\/tibladin.dk\\\/produkt\\\/cardigan-jakke-noir-sauvage-m\\\/#primaryimage\"},\"thumbnailUrl\":\"https:\\\/\\\/tibladin.dk\\\/wp-content\\\/uploads\\\/2025\\\/06\\\/Cardigan-jakke_NOIR-SAUVAGE_6.jpg\",\"datePublished\":\"2025-06-04T06:55:36+00:00\",\"dateModified\":\"2025-06-04T07:07:07+00:00\",\"description\":\"Flotte h\u00e5ndsyede unika t\u00f8j. Udviklet i samarbejde med dygtig designer og skr\u00e6dder i Marrakech. Unikke og farvestr\u00e5lende materialer.\",\"breadcrumb\":{\"@id\":\"https:\\\/\\\/tibladin.dk\\\/produkt\\\/cardigan-jakke-noir-sauvage-m\\\/#breadcrumb\"},\"inLanguage\":\"en-GB\",\"potentialAction\":[{\"@type\":\"ReadAction\",\"target\":[\"https:\\\/\\\/tibladin.dk\\\/produkt\\\/cardigan-jakke-noir-sauvage-m\\\/\"]}]},{\"@type\":\"ImageObject\",\"inLanguage\":\"en-GB\",\"@id\":\"https:\\\/\\\/tibladin.dk\\\/produkt\\\/cardigan-jakke-noir-sauvage-m\\\/#primaryimage\",\"url\":\"https:\\\/\\\/tibladin.dk\\\/wp-content\\\/uploads\\\/2025\\\/06\\\/Cardigan-jakke_NOIR-SAUVAGE_6.jpg\",\"contentUrl\":\"https:\\\/\\\/tibladin.dk\\\/wp-content\\\/uploads\\\/2025\\\/06\\\/Cardigan-jakke_NOIR-SAUVAGE_6.jpg\",\"width\":800,\"height\":800,\"caption\":\"Cardigan\\\/jakke_NO\u00cdR SAUVAGE_i bl\u00f8dt sort stof med gr\u00f8nne kantb\u00e5nd og slangeimiteret skind lommer\"},{\"@type\":\"BreadcrumbList\",\"@id\":\"https:\\\/\\\/tibladin.dk\\\/produkt\\\/cardigan-jakke-noir-sauvage-m\\\/#breadcrumb\",\"itemListElement\":[{\"@type\":\"ListItem\",\"position\":1,\"name\":\"Hjem\",\"item\":\"https:\\\/\\\/tibladin.dk\\\/\"},{\"@type\":\"ListItem\",\"position\":2,\"name\":\"Shop\",\"item\":\"https:\\\/\\\/tibladin.dk\\\/shop\\\/\"},{\"@type\":\"ListItem\",\"position\":3,\"name\":\"Cardigan\\\/Jakke -NOIR SAUVAGE &#8211; M\"}]},{\"@type\":\"WebSite\",\"@id\":\"https:\\\/\\\/tibladin.dk\\\/#website\",\"url\":\"https:\\\/\\\/tibladin.dk\\\/\",\"name\":\"Tibladin\",\"description\":\"Tibladin\",\"publisher\":{\"@id\":\"https:\\\/\\\/tibladin.dk\\\/#organization\"},\"potentialAction\":[{\"@type\":\"SearchAction\",\"target\":{\"@type\":\"EntryPoint\",\"urlTemplate\":\"https:\\\/\\\/tibladin.dk\\\/?s={search_term_string}\"},\"query-input\":{\"@type\":\"PropertyValueSpecification\",\"valueRequired\":true,\"valueName\":\"search_term_string\"}}],\"inLanguage\":\"en-GB\"},{\"@type\":\"Organization\",\"@id\":\"https:\\\/\\\/tibladin.dk\\\/#organization\",\"name\":\"Tibladin\",\"url\":\"https:\\\/\\\/tibladin.dk\\\/\",\"logo\":{\"@type\":\"ImageObject\",\"inLanguage\":\"en-GB\",\"@id\":\"https:\\\/\\\/tibladin.dk\\\/#\\\/schema\\\/logo\\\/image\\\/\",\"url\":\"https:\\\/\\\/tibladin.dk\\\/wp-content\\\/uploads\\\/2022\\\/09\\\/tibladin_logo.svg\",\"contentUrl\":\"https:\\\/\\\/tibladin.dk\\\/wp-content\\\/uploads\\\/2022\\\/09\\\/tibladin_logo.svg\",\"caption\":\"Tibladin\"},\"image\":{\"@id\":\"https:\\\/\\\/tibladin.dk\\\/#\\\/schema\\\/logo\\\/image\\\/\"}}]}<\/script>\n<!-- \/ Yoast SEO plugin. -->","yoast_head_json":{"title":"Handmade Moroccan cardigan | Unique design | Tibladin |","description":"Beautiful hand-sewn unique clothes. Developed in collaboration with a skilled designer and tailor in Marrakech. Unique and colorful materials.","robots":{"index":"index","follow":"follow","max-snippet":"max-snippet:-1","max-image-preview":"max-image-preview:large","max-video-preview":"max-video-preview:-1"},"canonical":"https:\/\/tibladin.dk\/en\/product-4\/cardigan-jacket-black-wild-m\/","og_locale":"en_GB","og_type":"article","og_title":"H\u00e5ndlavet Marokkansk cardigan | Unika design | Tibladin |","og_description":"Flotte h\u00e5ndsyede unika t\u00f8j. Udviklet i samarbejde med dygtig designer og skr\u00e6dder i Marrakech. Unikke og farvestr\u00e5lende materialer.","og_url":"https:\/\/tibladin.dk\/en\/product-4\/cardigan-jacket-black-wild-m\/","og_site_name":"Tibladin","article_modified_time":"2025-06-04T07:07:07+00:00","og_image":[{"width":800,"height":800,"url":"https:\/\/tibladin.dk\/wp-content\/uploads\/2025\/06\/Cardigan-jakke_NOIR-SAUVAGE_6.jpg","type":"image\/jpeg"}],"twitter_card":"summary_large_image","twitter_misc":{"Estimated reading time":"2 minutes"},"schema":{"@context":"https:\/\/schema.org","@graph":[{"@type":"WebPage","@id":"https:\/\/tibladin.dk\/produkt\/cardigan-jakke-noir-sauvage-m\/","url":"https:\/\/tibladin.dk\/produkt\/cardigan-jakke-noir-sauvage-m\/","name":"Handmade Moroccan cardigan | Unique design | Tibladin |","isPartOf":{"@id":"https:\/\/tibladin.dk\/#website"},"primaryImageOfPage":{"@id":"https:\/\/tibladin.dk\/produkt\/cardigan-jakke-noir-sauvage-m\/#primaryimage"},"image":{"@id":"https:\/\/tibladin.dk\/produkt\/cardigan-jakke-noir-sauvage-m\/#primaryimage"},"thumbnailUrl":"https:\/\/tibladin.dk\/wp-content\/uploads\/2025\/06\/Cardigan-jakke_NOIR-SAUVAGE_6.jpg","datePublished":"2025-06-04T06:55:36+00:00","dateModified":"2025-06-04T07:07:07+00:00","description":"Beautiful hand-sewn unique clothes. Developed in collaboration with a skilled designer and tailor in Marrakech. Unique and colorful materials.","breadcrumb":{"@id":"https:\/\/tibladin.dk\/produkt\/cardigan-jakke-noir-sauvage-m\/#breadcrumb"},"inLanguage":"en-GB","potentialAction":[{"@type":"ReadAction","target":["https:\/\/tibladin.dk\/produkt\/cardigan-jakke-noir-sauvage-m\/"]}]},{"@type":"ImageObject","inLanguage":"en-GB","@id":"https:\/\/tibladin.dk\/produkt\/cardigan-jakke-noir-sauvage-m\/#primaryimage","url":"https:\/\/tibladin.dk\/wp-content\/uploads\/2025\/06\/Cardigan-jakke_NOIR-SAUVAGE_6.jpg","contentUrl":"https:\/\/tibladin.dk\/wp-content\/uploads\/2025\/06\/Cardigan-jakke_NOIR-SAUVAGE_6.jpg","width":800,"height":800,"caption":"Cardigan\/jakke_NO\u00cdR SAUVAGE_i bl\u00f8dt sort stof med gr\u00f8nne kantb\u00e5nd og slangeimiteret skind lommer"},{"@type":"BreadcrumbList","@id":"https:\/\/tibladin.dk\/produkt\/cardigan-jakke-noir-sauvage-m\/#breadcrumb","itemListElement":[{"@type":"ListItem","position":1,"name":"Hjem","item":"https:\/\/tibladin.dk\/"},{"@type":"ListItem","position":2,"name":"Shop","item":"https:\/\/tibladin.dk\/shop\/"},{"@type":"ListItem","position":3,"name":"Cardigan\/Jakke -NOIR SAUVAGE &#8211; M"}]},{"@type":"WebSite","@id":"https:\/\/tibladin.dk\/#website","url":"https:\/\/tibladin.dk\/","name":"Tibladin","description":"Tibladin","publisher":{"@id":"https:\/\/tibladin.dk\/#organization"},"potentialAction":[{"@type":"SearchAction","target":{"@type":"EntryPoint","urlTemplate":"https:\/\/tibladin.dk\/?s={search_term_string}"},"query-input":{"@type":"PropertyValueSpecification","valueRequired":true,"valueName":"search_term_string"}}],"inLanguage":"en-GB"},{"@type":"Organization","@id":"https:\/\/tibladin.dk\/#organization","name":"Tibladin","url":"https:\/\/tibladin.dk\/","logo":{"@type":"ImageObject","inLanguage":"en-GB","@id":"https:\/\/tibladin.dk\/#\/schema\/logo\/image\/","url":"https:\/\/tibladin.dk\/wp-content\/uploads\/2022\/09\/tibladin_logo.svg","contentUrl":"https:\/\/tibladin.dk\/wp-content\/uploads\/2022\/09\/tibladin_logo.svg","caption":"Tibladin"},"image":{"@id":"https:\/\/tibladin.dk\/#\/schema\/logo\/image\/"}}]}},"_links":{"self":[{"href":"https:\/\/tibladin.dk\/en\/wp-json\/wp\/v2\/product\/37007","targetHints":{"allow":["GET"]}}],"collection":[{"href":"https:\/\/tibladin.dk\/en\/wp-json\/wp\/v2\/product"}],"about":[{"href":"https:\/\/tibladin.dk\/en\/wp-json\/wp\/v2\/types\/product"}],"wp:featuredmedia":[{"embeddable":true,"href":"https:\/\/tibladin.dk\/en\/wp-json\/wp\/v2\/media\/37013"}],"wp:attachment":[{"href":"https:\/\/tibladin.dk\/en\/wp-json\/wp\/v2\/media?parent=37007"}],"wp:term":[{"taxonomy":"product_brand","embeddable":true,"href":"https:\/\/tibladin.dk\/en\/wp-json\/wp\/v2\/product_brand?post=37007"},{"taxonomy":"product_cat","embeddable":true,"href":"https:\/\/tibladin.dk\/en\/wp-json\/wp\/v2\/product_cat?post=37007"},{"taxonomy":"product_tag","embeddable":true,"href":"https:\/\/tibladin.dk\/en\/wp-json\/wp\/v2\/product_tag?post=37007"}],"curies":[{"name":"wp","href":"https:\/\/api.w.org\/{rel}","templated":true}]}}