{"id":38593,"date":"2025-07-16T16:12:10","date_gmt":"2025-07-16T14:12:10","guid":{"rendered":"https:\/\/tibladin.dk\/?post_type=product&#038;p=38593"},"modified":"2026-04-28T13:34:27","modified_gmt":"2026-04-28T11:34:27","slug":"vintage-carpet-cushions-square-rose","status":"publish","type":"product","link":"https:\/\/tibladin.dk\/en\/produkt\/puder-af-vintagetaeppe-firkantet-rose\/","title":{"rendered":"Square vintage carpet cushions \u2013 ROSE"},"content":{"rendered":"<div class=\"wpb-content-wrapper\"><div class=\"vc_row wpb_row vc_row-fluid\"><div class=\"wpb_column vc_column_container vc_col-sm-4\"><div class=\"vc_column-inner\"><div class=\"wpb_wrapper\"><\/div><\/div><\/div><div class=\"wpb_column vc_column_container vc_col-sm-4\"><div class=\"vc_column-inner\"><div class=\"wpb_wrapper\"><h3 style=\"text-align: left\" class=\"vc_custom_heading vc_do_custom_heading\" >Maintenance<\/h3>\n\t<div class=\"wpb_text_column wpb_content_element\" >\n\t\t<div class=\"wpb_wrapper\">\n\t\t\t<p>The pillowcases are made from vintage woolen Kilim rugs with a back in kiria cotton. Dry clean at a dry cleaner. As the covers contain parts of vintage Kelim carpets, there will be traces of use on them, which is just part of the charm.<\/p>\n\n\t\t<\/div>\n\t<\/div>\n<\/div><\/div><\/div><div class=\"wpb_column vc_column_container vc_col-sm-4\"><div class=\"vc_column-inner\"><div class=\"wpb_wrapper\"><h3 style=\"text-align: left\" class=\"vc_custom_heading vc_do_custom_heading\" >The story behind<\/h3>\n\t<div class=\"wpb_text_column wpb_content_element\" >\n\t\t<div class=\"wpb_wrapper\">\n\t\t\t<p>These beautiful handmade cushion covers are made from vintage wool rugs. The front of the pillowcase is vintage Berber carpet with a plush edge, while the back is in kiria cotton. Here, vintage rugs from Morocco are given new life in a cushion cover that combines the warm tones of the cotton with the beautiful textiles and patterns from the rugs. The beautiful vintage carpets bring colors and exciting patterns into the home, and depending on which vintage carpet we have chosen to use, you will get a completely unique pillow. The cushions fit perfectly into the Scandinavian home, where the warm colors and patterns compliment a simple and timeless style.<\/p>\n<p>The covers have a strong zip so they can be easily removed and cleaned.<\/p>\n<p>The covers have different measurements, but are all square.<\/p>\n\n\t\t<\/div>\n\t<\/div>\n<\/div><\/div><\/div><\/div>\n<\/div>","protected":false},"excerpt":{"rendered":"<p>Beautiful handmade pillowcases made from vintage Berbere carpet in beautiful pink shades. Here vintage carpets from Morocco are given new life in a pillowcase. The back is made of kiria cotton.<\/p>\n<p>MEASUREMENTS: M13: 46\u00d748 | M16: 39\u00d740 | M17: 39\u00d739 | M20: 62\u00d762 | M25: 39\u00d739 | M31: 39\u00d739<\/p>\n<p>The cushion covers are supplied without cushions, but a mounting cushion can be purchased additionally.<\/p>\n<p>&nbsp;<\/p>\n<p>&nbsp;<\/p>","protected":false},"featured_media":38582,"template":"","meta":{"inline_featured_image":false},"product_brand":[],"product_cat":[66,163,37],"product_tag":[],"class_list":{"0":"post-38593","1":"product","2":"type-product","3":"status-publish","4":"has-post-thumbnail","6":"product_cat-pudebetraek","7":"product_cat-puder-af-vintagetaepper","8":"product_cat-tekstiler","10":"first","11":"instock","12":"taxable","13":"shipping-taxable","14":"purchasable","15":"product-type-variable"},"exclude_global_add_ons":false,"addons":[{"name":"Do you want gift wrapping?","type":"checkbox","position":0,"required":false,"title_format":"label","default":"","description_enable":false,"description":"","placeholder_enable":false,"placeholder":"","display":"images","restrictions_type":"any_text","adjust_price":false,"price":"","price_type":"flat_fee","restrictions":false,"min":"0","max":"0","options":[{"label":"Ja tak","price":"10","price_type":"flat_fee","image":11015,"visibility":true}],"id":1669646111},{"name":"Get your pillowcase delivered with mounting pad in 100 % cotton and filling of 100% down\/feather","type":"checkbox","position":0,"required":false,"title_format":"label","default":"","description_enable":false,"description":"","placeholder_enable":false,"placeholder":"","display":"images","restrictions_type":"any_text","adjust_price":false,"price":"","price_type":"flat_fee","restrictions":false,"min":"0","max":"0","options":[{"label":"Ja tak","price":"125","price_type":"quantity_based","image":11025,"visibility":true}],"id":1760629331}],"yoast_head":"<!-- This site is optimized with the Yoast SEO plugin v27.5 - https:\/\/yoast.com\/product\/yoast-seo-wordpress\/ -->\n<title>Pude med vintage berber vintaget\u00e6pper | H\u00e5ndlavede i Marokko<\/title>\n<meta name=\"description\" content=\"Flotte h\u00e5ndlavede pudebetr\u00e6k i kiria bomuld og vintage berber Kelimt\u00e6pper i rosa farver. Der er forskellige m\u00e5l p\u00e5 puderne.\" \/>\n<meta name=\"robots\" content=\"index, follow, max-snippet:-1, max-image-preview:large, max-video-preview:-1\" \/>\n<link rel=\"canonical\" href=\"https:\/\/tibladin.dk\/en\/product-4\/vintage-carpet-cushions-square-rose\/\" \/>\n<meta property=\"og:locale\" content=\"en_GB\" \/>\n<meta property=\"og:type\" content=\"article\" \/>\n<meta property=\"og:title\" content=\"Pude med vintage berber vintaget\u00e6pper | H\u00e5ndlavede i Marokko\" \/>\n<meta property=\"og:description\" content=\"Flotte h\u00e5ndlavede pudebetr\u00e6k i kiria bomuld og vintage berber Kelimt\u00e6pper i rosa farver. Der er forskellige m\u00e5l p\u00e5 puderne.\" \/>\n<meta property=\"og:url\" content=\"https:\/\/tibladin.dk\/en\/product-4\/vintage-carpet-cushions-square-rose\/\" \/>\n<meta property=\"og:site_name\" content=\"Tibladin\" \/>\n<meta property=\"article:modified_time\" content=\"2026-04-28T11:34:27+00:00\" \/>\n<meta property=\"og:image\" content=\"https:\/\/tibladin.dk\/wp-content\/uploads\/2025\/07\/ROSE_Motiv_20_1.jpg\" \/>\n\t<meta property=\"og:image:width\" content=\"800\" \/>\n\t<meta property=\"og:image:height\" content=\"800\" \/>\n\t<meta property=\"og:image:type\" content=\"image\/jpeg\" \/>\n<meta name=\"twitter:card\" content=\"summary_large_image\" \/>\n<meta name=\"twitter:label1\" content=\"Estimated reading time\" \/>\n\t<meta name=\"twitter:data1\" content=\"2 minutes\" \/>\n<script type=\"application\/ld+json\" class=\"yoast-schema-graph\">{\"@context\":\"https:\\\/\\\/schema.org\",\"@graph\":[{\"@type\":\"WebPage\",\"@id\":\"https:\\\/\\\/tibladin.dk\\\/produkt\\\/puder-af-vintagetaeppe-firkantet-rose\\\/\",\"url\":\"https:\\\/\\\/tibladin.dk\\\/produkt\\\/puder-af-vintagetaeppe-firkantet-rose\\\/\",\"name\":\"Pude med vintage berber vintaget\u00e6pper | H\u00e5ndlavede i Marokko\",\"isPartOf\":{\"@id\":\"https:\\\/\\\/tibladin.dk\\\/#website\"},\"primaryImageOfPage\":{\"@id\":\"https:\\\/\\\/tibladin.dk\\\/produkt\\\/puder-af-vintagetaeppe-firkantet-rose\\\/#primaryimage\"},\"image\":{\"@id\":\"https:\\\/\\\/tibladin.dk\\\/produkt\\\/puder-af-vintagetaeppe-firkantet-rose\\\/#primaryimage\"},\"thumbnailUrl\":\"https:\\\/\\\/tibladin.dk\\\/wp-content\\\/uploads\\\/2025\\\/07\\\/ROSE_Motiv_20_1.jpg\",\"datePublished\":\"2025-07-16T14:12:10+00:00\",\"dateModified\":\"2026-04-28T11:34:27+00:00\",\"description\":\"Flotte h\u00e5ndlavede pudebetr\u00e6k i kiria bomuld og vintage berber Kelimt\u00e6pper i rosa farver. Der er forskellige m\u00e5l p\u00e5 puderne.\",\"breadcrumb\":{\"@id\":\"https:\\\/\\\/tibladin.dk\\\/produkt\\\/puder-af-vintagetaeppe-firkantet-rose\\\/#breadcrumb\"},\"inLanguage\":\"en-GB\",\"potentialAction\":[{\"@type\":\"ReadAction\",\"target\":[\"https:\\\/\\\/tibladin.dk\\\/produkt\\\/puder-af-vintagetaeppe-firkantet-rose\\\/\"]}]},{\"@type\":\"ImageObject\",\"inLanguage\":\"en-GB\",\"@id\":\"https:\\\/\\\/tibladin.dk\\\/produkt\\\/puder-af-vintagetaeppe-firkantet-rose\\\/#primaryimage\",\"url\":\"https:\\\/\\\/tibladin.dk\\\/wp-content\\\/uploads\\\/2025\\\/07\\\/ROSE_Motiv_20_1.jpg\",\"contentUrl\":\"https:\\\/\\\/tibladin.dk\\\/wp-content\\\/uploads\\\/2025\\\/07\\\/ROSE_Motiv_20_1.jpg\",\"width\":800,\"height\":800,\"caption\":\"Rose motiv 20 1\"},{\"@type\":\"BreadcrumbList\",\"@id\":\"https:\\\/\\\/tibladin.dk\\\/produkt\\\/puder-af-vintagetaeppe-firkantet-rose\\\/#breadcrumb\",\"itemListElement\":[{\"@type\":\"ListItem\",\"position\":1,\"name\":\"Hjem\",\"item\":\"https:\\\/\\\/tibladin.dk\\\/\"},{\"@type\":\"ListItem\",\"position\":2,\"name\":\"Shop\",\"item\":\"https:\\\/\\\/tibladin.dk\\\/shop\\\/\"},{\"@type\":\"ListItem\",\"position\":3,\"name\":\"Puder af vintaget\u00e6ppe firkantet &#8211; ROSE\"}]},{\"@type\":\"WebSite\",\"@id\":\"https:\\\/\\\/tibladin.dk\\\/#website\",\"url\":\"https:\\\/\\\/tibladin.dk\\\/\",\"name\":\"Tibladin\",\"description\":\"Tibladin\",\"publisher\":{\"@id\":\"https:\\\/\\\/tibladin.dk\\\/#organization\"},\"potentialAction\":[{\"@type\":\"SearchAction\",\"target\":{\"@type\":\"EntryPoint\",\"urlTemplate\":\"https:\\\/\\\/tibladin.dk\\\/?s={search_term_string}\"},\"query-input\":{\"@type\":\"PropertyValueSpecification\",\"valueRequired\":true,\"valueName\":\"search_term_string\"}}],\"inLanguage\":\"en-GB\"},{\"@type\":\"Organization\",\"@id\":\"https:\\\/\\\/tibladin.dk\\\/#organization\",\"name\":\"Tibladin\",\"url\":\"https:\\\/\\\/tibladin.dk\\\/\",\"logo\":{\"@type\":\"ImageObject\",\"inLanguage\":\"en-GB\",\"@id\":\"https:\\\/\\\/tibladin.dk\\\/#\\\/schema\\\/logo\\\/image\\\/\",\"url\":\"https:\\\/\\\/tibladin.dk\\\/wp-content\\\/uploads\\\/2022\\\/09\\\/tibladin_logo.svg\",\"contentUrl\":\"https:\\\/\\\/tibladin.dk\\\/wp-content\\\/uploads\\\/2022\\\/09\\\/tibladin_logo.svg\",\"caption\":\"Tibladin\"},\"image\":{\"@id\":\"https:\\\/\\\/tibladin.dk\\\/#\\\/schema\\\/logo\\\/image\\\/\"}}]}<\/script>\n<!-- \/ Yoast SEO plugin. -->","yoast_head_json":{"title":"Pillow with Vintage Berber Vintage Rugs | Handmade in Morocco","description":"Beautiful handmade pillow covers in kiria cotton and vintage Berber Kilim rugs in pink colors. There are different measurements on the cushions.","robots":{"index":"index","follow":"follow","max-snippet":"max-snippet:-1","max-image-preview":"max-image-preview:large","max-video-preview":"max-video-preview:-1"},"canonical":"https:\/\/tibladin.dk\/en\/product-4\/vintage-carpet-cushions-square-rose\/","og_locale":"en_GB","og_type":"article","og_title":"Pude med vintage berber vintaget\u00e6pper | H\u00e5ndlavede i Marokko","og_description":"Flotte h\u00e5ndlavede pudebetr\u00e6k i kiria bomuld og vintage berber Kelimt\u00e6pper i rosa farver. Der er forskellige m\u00e5l p\u00e5 puderne.","og_url":"https:\/\/tibladin.dk\/en\/product-4\/vintage-carpet-cushions-square-rose\/","og_site_name":"Tibladin","article_modified_time":"2026-04-28T11:34:27+00:00","og_image":[{"width":800,"height":800,"url":"https:\/\/tibladin.dk\/wp-content\/uploads\/2025\/07\/ROSE_Motiv_20_1.jpg","type":"image\/jpeg"}],"twitter_card":"summary_large_image","twitter_misc":{"Estimated reading time":"2 minutes"},"schema":{"@context":"https:\/\/schema.org","@graph":[{"@type":"WebPage","@id":"https:\/\/tibladin.dk\/produkt\/puder-af-vintagetaeppe-firkantet-rose\/","url":"https:\/\/tibladin.dk\/produkt\/puder-af-vintagetaeppe-firkantet-rose\/","name":"Pillow with Vintage Berber Vintage Rugs | Handmade in Morocco","isPartOf":{"@id":"https:\/\/tibladin.dk\/#website"},"primaryImageOfPage":{"@id":"https:\/\/tibladin.dk\/produkt\/puder-af-vintagetaeppe-firkantet-rose\/#primaryimage"},"image":{"@id":"https:\/\/tibladin.dk\/produkt\/puder-af-vintagetaeppe-firkantet-rose\/#primaryimage"},"thumbnailUrl":"https:\/\/tibladin.dk\/wp-content\/uploads\/2025\/07\/ROSE_Motiv_20_1.jpg","datePublished":"2025-07-16T14:12:10+00:00","dateModified":"2026-04-28T11:34:27+00:00","description":"Beautiful handmade pillow covers in kiria cotton and vintage Berber Kilim rugs in pink colors. There are different measurements on the cushions.","breadcrumb":{"@id":"https:\/\/tibladin.dk\/produkt\/puder-af-vintagetaeppe-firkantet-rose\/#breadcrumb"},"inLanguage":"en-GB","potentialAction":[{"@type":"ReadAction","target":["https:\/\/tibladin.dk\/produkt\/puder-af-vintagetaeppe-firkantet-rose\/"]}]},{"@type":"ImageObject","inLanguage":"en-GB","@id":"https:\/\/tibladin.dk\/produkt\/puder-af-vintagetaeppe-firkantet-rose\/#primaryimage","url":"https:\/\/tibladin.dk\/wp-content\/uploads\/2025\/07\/ROSE_Motiv_20_1.jpg","contentUrl":"https:\/\/tibladin.dk\/wp-content\/uploads\/2025\/07\/ROSE_Motiv_20_1.jpg","width":800,"height":800,"caption":"Rose motiv 20 1"},{"@type":"BreadcrumbList","@id":"https:\/\/tibladin.dk\/produkt\/puder-af-vintagetaeppe-firkantet-rose\/#breadcrumb","itemListElement":[{"@type":"ListItem","position":1,"name":"Hjem","item":"https:\/\/tibladin.dk\/"},{"@type":"ListItem","position":2,"name":"Shop","item":"https:\/\/tibladin.dk\/shop\/"},{"@type":"ListItem","position":3,"name":"Puder af vintaget\u00e6ppe firkantet &#8211; ROSE"}]},{"@type":"WebSite","@id":"https:\/\/tibladin.dk\/#website","url":"https:\/\/tibladin.dk\/","name":"Tibladin","description":"Tibladin","publisher":{"@id":"https:\/\/tibladin.dk\/#organization"},"potentialAction":[{"@type":"SearchAction","target":{"@type":"EntryPoint","urlTemplate":"https:\/\/tibladin.dk\/?s={search_term_string}"},"query-input":{"@type":"PropertyValueSpecification","valueRequired":true,"valueName":"search_term_string"}}],"inLanguage":"en-GB"},{"@type":"Organization","@id":"https:\/\/tibladin.dk\/#organization","name":"Tibladin","url":"https:\/\/tibladin.dk\/","logo":{"@type":"ImageObject","inLanguage":"en-GB","@id":"https:\/\/tibladin.dk\/#\/schema\/logo\/image\/","url":"https:\/\/tibladin.dk\/wp-content\/uploads\/2022\/09\/tibladin_logo.svg","contentUrl":"https:\/\/tibladin.dk\/wp-content\/uploads\/2022\/09\/tibladin_logo.svg","caption":"Tibladin"},"image":{"@id":"https:\/\/tibladin.dk\/#\/schema\/logo\/image\/"}}]}},"_links":{"self":[{"href":"https:\/\/tibladin.dk\/en\/wp-json\/wp\/v2\/product\/38593","targetHints":{"allow":["GET"]}}],"collection":[{"href":"https:\/\/tibladin.dk\/en\/wp-json\/wp\/v2\/product"}],"about":[{"href":"https:\/\/tibladin.dk\/en\/wp-json\/wp\/v2\/types\/product"}],"wp:featuredmedia":[{"embeddable":true,"href":"https:\/\/tibladin.dk\/en\/wp-json\/wp\/v2\/media\/38582"}],"wp:attachment":[{"href":"https:\/\/tibladin.dk\/en\/wp-json\/wp\/v2\/media?parent=38593"}],"wp:term":[{"taxonomy":"product_brand","embeddable":true,"href":"https:\/\/tibladin.dk\/en\/wp-json\/wp\/v2\/product_brand?post=38593"},{"taxonomy":"product_cat","embeddable":true,"href":"https:\/\/tibladin.dk\/en\/wp-json\/wp\/v2\/product_cat?post=38593"},{"taxonomy":"product_tag","embeddable":true,"href":"https:\/\/tibladin.dk\/en\/wp-json\/wp\/v2\/product_tag?post=38593"}],"curies":[{"name":"wp","href":"https:\/\/api.w.org\/{rel}","templated":true}]}}