{"id":39202,"date":"2025-08-21T16:09:25","date_gmt":"2025-08-21T14:09:25","guid":{"rendered":"https:\/\/tibladin.dk\/?post_type=product&#038;p=39202"},"modified":"2026-03-24T16:19:06","modified_gmt":"2026-03-24T15:19:06","slug":"floor-cushion-pouf-in-wool-tafoukt","status":"publish","type":"product","link":"https:\/\/tibladin.dk\/en\/produkt\/gulvpude-puf-i-uld-tafoukt\/","title":{"rendered":"Floor cushion\/pouf in wool - TAFOUKT"},"content":{"rendered":"<div class=\"wpb-content-wrapper\"><div class=\"vc_row wpb_row vc_row-fluid\"><div class=\"wpb_column vc_column_container vc_col-sm-6\"><div class=\"vc_column-inner\"><div class=\"wpb_wrapper\"><h3 style=\"text-align: left\" class=\"vc_custom_heading vc_do_custom_heading\" >Maintaining your floor cushion<\/h3>\n\t<div class=\"wpb_text_column wpb_content_element\" >\n\t\t<div class=\"wpb_wrapper\">\n\t\t\t<p>If you should be unlucky enough to get a stain on your wool pouf or wool floor cushion, start by vacuuming the stain. The wool is naturally surrounded by lanolin, which forms a protective film on the fibres, so stains have a worse chance of penetrating. If it does not come off with this, you can take a damp cloth and dab on the stain, finally do not rub. Should we be lucky enough to have snow fall on a winter&#039;s day, lay out your wool pouf or wool blanket in the newly fallen snow. It is the most effective method to get it cleaned in depth<\/p>\n\n\t\t<\/div>\n\t<\/div>\n<\/div><\/div><\/div><div class=\"wpb_column vc_column_container vc_col-sm-6\"><div class=\"vc_column-inner\"><div class=\"wpb_wrapper\"><h3 style=\"text-align: left\" class=\"vc_custom_heading vc_do_custom_heading\" >Floor cushions\/poufs from azilal carpets<\/h3>\n\t<div class=\"wpb_text_column wpb_content_element\" >\n\t\t<div class=\"wpb_wrapper\">\n\t\t\t<p>We have received a lot of floor cushions\/wool poufs in different colors and patterns. These floor cushions are hand-stitched from genuine vintage azilal carpets, which is why all the floor cushions are different. The carpets come from the Azilal region in the Moroccan mountains east of Marrakech, where it is usually the women&#039;s job to weave the carpets by hand. Originally, the local Berber women did not have a written language, so they wove stories into the rugs, which is why each rug is unique. Azilal rugs are made from 100% wool \u2013 sometimes combined with cotton thread.<\/p>\n<p><a href=\"https:\/\/tibladin.dk\/en\/product-category-3\/interior\/furniture\/poof\/\">See our full range of floor cushions made from recycled Azilal and Beni Ouarain carpets here.<\/a><\/p>\n<p><b>Fill your pouf<\/b><br \/>\nThe best thing is to fill your pouf with a large firm cushion - preferably 90\u00d790 cm, which will fill the entire cushion well. You can easily use things you already have, quilts, pillows, blankets or tightly crumpled newspaper. You can also buy foam granules or cotton filling for your pouf. If you use this kind of stuffing, we recommend that you sew an inner cover or take an old duvet cover and put the stuffing in it before you put it in your pouf.<\/p>\n<p>When purchased additionally, we send it with a mounting pad 90\u00d790 cm.<\/p>\n\n\t\t<\/div>\n\t<\/div>\n<\/div><\/div><\/div><\/div>\n<\/div>","protected":false},"excerpt":{"rendered":"<article class=\"text-token-text-primary w-full focus:outline-none scroll-mt-[calc(var(--header-height)+min(200px,max(70px,20svh)))]\" dir=\"auto\" tabindex=\"-1\" data-turn-id=\"43dfec14-1809-43f4-a852-c7415f8209c4\" data-testid=\"conversation-turn-30\" data-scroll-anchor=\"true\" data-turn=\"assistant\">\n<div class=\"text-base my-auto mx-auto pb-10 [--thread-content-margin:--spacing(4)] @[37rem]:[--thread-content-margin:--spacing(6)] @[72rem]:[--thread-content-margin:--spacing(16)] px-(--thread-content-margin)\">\n<div class=\"[--thread-content-max-width:32rem] @[34rem]:[--thread-content-max-width:40rem] @[64rem]:[--thread-content-max-width:48rem] mx-auto max-w-(--thread-content-max-width) flex-1 group\/turn-messages focus-visible:outline-hidden relative flex w-full min-w-0 flex-col agent-turn\" tabindex=\"-1\">\n<div class=\"flex max-w-full flex-col grow\">\n<div class=\"min-h-8 text-message relative flex w-full flex-col items-end gap-2 text-start break-words whitespace-normal [.text-message+&amp;]:mt-5\" dir=\"auto\" data-message-author-role=\"assistant\" data-message-id=\"5a20f797-1d00-4fae-b31c-c3b8fb963e0d\" data-message-model-slug=\"gpt-5\">\n<div class=\"flex w-full flex-col gap-1 empty:hidden first:pt-[3px]\">\n<div class=\"markdown prose dark:prose-invert w-full break-words light markdown-new-styling\">\n<p data-start=\"215\" data-end=\"264\">\u2600\ufe0f <strong data-start=\"218\" data-end=\"259\">Tafoukt \u2013 vintage marokkansk gulvpude<\/strong> \u2600\ufe0f<\/p>\n<p data-start=\"266\" data-end=\"553\">Denne fantastiske gulvpude er h\u00e5ndlavet i Marokko af et vintage berbert\u00e6ppe og b\u00e6rer b\u00e5de historie, sj\u00e6l og varme farver med sig. De intense nuancer af orange, gyldengul og brun giver puden et livligt, solrigt udtryk, mens de traditionelle berberm\u00f8nstre tilf\u00f8rer dybde og autenticitet.<\/p>\n<p data-start=\"555\" data-end=\"701\">Hver pude er unik, da de skabes af gamle t\u00e6pper, der f\u00e5r nyt liv \u2013 et b\u00e6redygtigt valg, som forener marokkansk tradition med moderne indretning.<\/p>\n<p data-start=\"703\" data-end=\"835\">Perfekt som ekstra siddeplads, loungeelement eller dekorativt statement i stuen, hvor dens varme gl\u00f8d kan skabe hygge og karakter.<\/p>\n<p data-start=\"837\" data-end=\"970\">\u2714 H\u00e5ndlavet i Marokko<br data-start=\"858\" data-end=\"861\" \/>\u2714 Fremstillet af vintage t\u00e6ppe \u2013 helt unik<br data-start=\"903\" data-end=\"906\" \/>\u2714 100% uld \u2013 bl\u00f8d og slidst\u00e6rk<br data-start=\"936\" data-end=\"939\" \/>\u2714 Varm og energisk farveskala<\/p>\n<p data-start=\"241\" data-end=\"287\">M\u00e5l: ca. 60&#215;60 cm \u00a0og ca 25-30 cm i h\u00f8jden (kan variere lidt, da den er h\u00e5ndlavet) bagsiden er i stribet \u00a0berbert\u00e6ppe og der er praktisk lynl\u00e5s for lettere at kunne fylde den.<\/p>\n<p data-start=\"1205\" data-end=\"1265\">Du kan v\u00e6lge din gulvpude med fyld af en stor monteringspude 90&#215;90 cm der fylder puden godt ud og g\u00f8r den bl\u00f8d og behagelig at sidde p\u00e5.<\/p>\n<\/div>\n<\/div>\n<\/div>\n<\/div>\n<div class=\"flex min-h-[46px] justify-start\"><\/div>\n<div class=\"mt-3 w-full empty:hidden\"><\/div>\n<\/div>\n<\/div>\n<\/article>\n","protected":false},"featured_media":39203,"template":"","meta":{"inline_featured_image":false},"product_brand":[],"product_cat":[101,39],"product_tag":[],"class_list":{"0":"post-39202","1":"product","2":"type-product","3":"status-publish","4":"has-post-thumbnail","6":"product_cat-gulvpuder-uldpufs","7":"product_cat-moebler","9":"first","10":"outofstock","11":"taxable","12":"shipping-taxable","13":"purchasable","14":"product-type-simple"},"exclude_global_add_ons":false,"addons":[{"name":"Have your pouf delivered with filling of a large mounting pad","type":"checkbox","position":0,"required":false,"title_format":"label","default":"","description_enable":true,"description":"Filled with a large 90x90 cm mounting cushion, which fills the pouf well and makes it soft and comfortable to sit on. Makes it easy to remove the cover and clean it.","placeholder_enable":false,"placeholder":"","display":"images","restrictions_type":"any_text","adjust_price":false,"price":"","price_type":"flat_fee","restrictions":false,"min":"0","max":"0","options":[{"label":"Ja tak","price":"300","price_type":"quantity_based","image":11028,"visibility":true}],"id":1672424044}],"yoast_head":"<!-- This site is optimized with the Yoast SEO plugin v27.6 - https:\/\/yoast.com\/product\/yoast-seo-wordpress\/ -->\n<title>Marokkansk gulvpude | H\u00e5ndsyet af Azilal-t\u00e6ppe | Tibladin<\/title>\n<meta name=\"description\" content=\"Unik marokkansk gulvpude af uldt\u00e6ppe i en varme orange\/gule farver. S\u00e6t dig godt til rette. Unika h\u00e5ndv\u00e6rk fra Marrakech \u21d2 Se den her.\" \/>\n<meta name=\"robots\" content=\"index, follow, max-snippet:-1, max-image-preview:large, max-video-preview:-1\" \/>\n<link rel=\"canonical\" href=\"https:\/\/tibladin.dk\/en\/product-4\/floor-cushion-pouf-in-wool-tafoukt\/\" \/>\n<meta property=\"og:locale\" content=\"en_GB\" \/>\n<meta property=\"og:type\" content=\"article\" \/>\n<meta property=\"og:title\" content=\"Marokkansk gulvpude | H\u00e5ndsyet af Azilal-t\u00e6ppe | Tibladin\" \/>\n<meta property=\"og:description\" content=\"Unik marokkansk gulvpude af uldt\u00e6ppe i en varme orange\/gule farver. S\u00e6t dig godt til rette. Unika h\u00e5ndv\u00e6rk fra Marrakech \u21d2 Se den her.\" \/>\n<meta property=\"og:url\" content=\"https:\/\/tibladin.dk\/en\/product-4\/floor-cushion-pouf-in-wool-tafoukt\/\" \/>\n<meta property=\"og:site_name\" content=\"Tibladin\" \/>\n<meta property=\"article:modified_time\" content=\"2026-03-24T15:19:06+00:00\" \/>\n<meta property=\"og:image\" content=\"https:\/\/tibladin.dk\/wp-content\/uploads\/2025\/08\/Gulvpude-TAFOUKT-1.jpeg\" \/>\n\t<meta property=\"og:image:width\" content=\"800\" \/>\n\t<meta property=\"og:image:height\" content=\"800\" \/>\n\t<meta property=\"og:image:type\" content=\"image\/jpeg\" \/>\n<meta name=\"twitter:card\" content=\"summary_large_image\" \/>\n<meta name=\"twitter:label1\" content=\"Estimated reading time\" \/>\n\t<meta name=\"twitter:data1\" content=\"3 minutes\" \/>\n<script type=\"application\/ld+json\" class=\"yoast-schema-graph\">{\"@context\":\"https:\\\/\\\/schema.org\",\"@graph\":[{\"@type\":\"WebPage\",\"@id\":\"https:\\\/\\\/tibladin.dk\\\/produkt\\\/gulvpude-puf-i-uld-tafoukt\\\/\",\"url\":\"https:\\\/\\\/tibladin.dk\\\/produkt\\\/gulvpude-puf-i-uld-tafoukt\\\/\",\"name\":\"Marokkansk gulvpude | H\u00e5ndsyet af Azilal-t\u00e6ppe | Tibladin\",\"isPartOf\":{\"@id\":\"https:\\\/\\\/tibladin.dk\\\/#website\"},\"primaryImageOfPage\":{\"@id\":\"https:\\\/\\\/tibladin.dk\\\/produkt\\\/gulvpude-puf-i-uld-tafoukt\\\/#primaryimage\"},\"image\":{\"@id\":\"https:\\\/\\\/tibladin.dk\\\/produkt\\\/gulvpude-puf-i-uld-tafoukt\\\/#primaryimage\"},\"thumbnailUrl\":\"https:\\\/\\\/tibladin.dk\\\/wp-content\\\/uploads\\\/2025\\\/08\\\/Gulvpude-TAFOUKT-1.jpeg\",\"datePublished\":\"2025-08-21T14:09:25+00:00\",\"dateModified\":\"2026-03-24T15:19:06+00:00\",\"description\":\"Unik marokkansk gulvpude af uldt\u00e6ppe i en varme orange\\\/gule farver. S\u00e6t dig godt til rette. Unika h\u00e5ndv\u00e6rk fra Marrakech \u21d2 Se den her.\",\"breadcrumb\":{\"@id\":\"https:\\\/\\\/tibladin.dk\\\/produkt\\\/gulvpude-puf-i-uld-tafoukt\\\/#breadcrumb\"},\"inLanguage\":\"en-GB\",\"potentialAction\":[{\"@type\":\"ReadAction\",\"target\":[\"https:\\\/\\\/tibladin.dk\\\/produkt\\\/gulvpude-puf-i-uld-tafoukt\\\/\"]}]},{\"@type\":\"ImageObject\",\"inLanguage\":\"en-GB\",\"@id\":\"https:\\\/\\\/tibladin.dk\\\/produkt\\\/gulvpude-puf-i-uld-tafoukt\\\/#primaryimage\",\"url\":\"https:\\\/\\\/tibladin.dk\\\/wp-content\\\/uploads\\\/2025\\\/08\\\/Gulvpude-TAFOUKT-1.jpeg\",\"contentUrl\":\"https:\\\/\\\/tibladin.dk\\\/wp-content\\\/uploads\\\/2025\\\/08\\\/Gulvpude-TAFOUKT-1.jpeg\",\"width\":800,\"height\":800,\"caption\":\"Gulvpude TAFOUKT i gule og orange farver\"},{\"@type\":\"BreadcrumbList\",\"@id\":\"https:\\\/\\\/tibladin.dk\\\/produkt\\\/gulvpude-puf-i-uld-tafoukt\\\/#breadcrumb\",\"itemListElement\":[{\"@type\":\"ListItem\",\"position\":1,\"name\":\"Hjem\",\"item\":\"https:\\\/\\\/tibladin.dk\\\/\"},{\"@type\":\"ListItem\",\"position\":2,\"name\":\"Shop\",\"item\":\"https:\\\/\\\/tibladin.dk\\\/shop\\\/\"},{\"@type\":\"ListItem\",\"position\":3,\"name\":\"Gulvpude\\\/puf i uld &#8211; TAFOUKT\"}]},{\"@type\":\"WebSite\",\"@id\":\"https:\\\/\\\/tibladin.dk\\\/#website\",\"url\":\"https:\\\/\\\/tibladin.dk\\\/\",\"name\":\"Tibladin\",\"description\":\"Tibladin\",\"publisher\":{\"@id\":\"https:\\\/\\\/tibladin.dk\\\/#organization\"},\"potentialAction\":[{\"@type\":\"SearchAction\",\"target\":{\"@type\":\"EntryPoint\",\"urlTemplate\":\"https:\\\/\\\/tibladin.dk\\\/?s={search_term_string}\"},\"query-input\":{\"@type\":\"PropertyValueSpecification\",\"valueRequired\":true,\"valueName\":\"search_term_string\"}}],\"inLanguage\":\"en-GB\"},{\"@type\":\"Organization\",\"@id\":\"https:\\\/\\\/tibladin.dk\\\/#organization\",\"name\":\"Tibladin\",\"url\":\"https:\\\/\\\/tibladin.dk\\\/\",\"logo\":{\"@type\":\"ImageObject\",\"inLanguage\":\"en-GB\",\"@id\":\"https:\\\/\\\/tibladin.dk\\\/#\\\/schema\\\/logo\\\/image\\\/\",\"url\":\"https:\\\/\\\/tibladin.dk\\\/wp-content\\\/uploads\\\/2022\\\/09\\\/tibladin_logo.svg\",\"contentUrl\":\"https:\\\/\\\/tibladin.dk\\\/wp-content\\\/uploads\\\/2022\\\/09\\\/tibladin_logo.svg\",\"caption\":\"Tibladin\"},\"image\":{\"@id\":\"https:\\\/\\\/tibladin.dk\\\/#\\\/schema\\\/logo\\\/image\\\/\"}}]}<\/script>\n<!-- \/ Yoast SEO plugin. -->","yoast_head_json":{"title":"Moroccan floor cushion | Hand-sewn from Azilal carpet | Tibladin","description":"Unique Moroccan floor cushion made of wool carpet in warm orange\/yellow colors. Make yourself comfortable. Unique craftsmanship from Marrakech \u21d2 See it here.","robots":{"index":"index","follow":"follow","max-snippet":"max-snippet:-1","max-image-preview":"max-image-preview:large","max-video-preview":"max-video-preview:-1"},"canonical":"https:\/\/tibladin.dk\/en\/product-4\/floor-cushion-pouf-in-wool-tafoukt\/","og_locale":"en_GB","og_type":"article","og_title":"Marokkansk gulvpude | H\u00e5ndsyet af Azilal-t\u00e6ppe | Tibladin","og_description":"Unik marokkansk gulvpude af uldt\u00e6ppe i en varme orange\/gule farver. S\u00e6t dig godt til rette. Unika h\u00e5ndv\u00e6rk fra Marrakech \u21d2 Se den her.","og_url":"https:\/\/tibladin.dk\/en\/product-4\/floor-cushion-pouf-in-wool-tafoukt\/","og_site_name":"Tibladin","article_modified_time":"2026-03-24T15:19:06+00:00","og_image":[{"width":800,"height":800,"url":"https:\/\/tibladin.dk\/wp-content\/uploads\/2025\/08\/Gulvpude-TAFOUKT-1.jpeg","type":"image\/jpeg"}],"twitter_card":"summary_large_image","twitter_misc":{"Estimated reading time":"3 minutes"},"schema":{"@context":"https:\/\/schema.org","@graph":[{"@type":"WebPage","@id":"https:\/\/tibladin.dk\/produkt\/gulvpude-puf-i-uld-tafoukt\/","url":"https:\/\/tibladin.dk\/produkt\/gulvpude-puf-i-uld-tafoukt\/","name":"Moroccan floor cushion | Hand-sewn from Azilal carpet | Tibladin","isPartOf":{"@id":"https:\/\/tibladin.dk\/#website"},"primaryImageOfPage":{"@id":"https:\/\/tibladin.dk\/produkt\/gulvpude-puf-i-uld-tafoukt\/#primaryimage"},"image":{"@id":"https:\/\/tibladin.dk\/produkt\/gulvpude-puf-i-uld-tafoukt\/#primaryimage"},"thumbnailUrl":"https:\/\/tibladin.dk\/wp-content\/uploads\/2025\/08\/Gulvpude-TAFOUKT-1.jpeg","datePublished":"2025-08-21T14:09:25+00:00","dateModified":"2026-03-24T15:19:06+00:00","description":"Unique Moroccan floor cushion made of wool carpet in warm orange\/yellow colors. Make yourself comfortable. Unique craftsmanship from Marrakech \u21d2 See it here.","breadcrumb":{"@id":"https:\/\/tibladin.dk\/produkt\/gulvpude-puf-i-uld-tafoukt\/#breadcrumb"},"inLanguage":"en-GB","potentialAction":[{"@type":"ReadAction","target":["https:\/\/tibladin.dk\/produkt\/gulvpude-puf-i-uld-tafoukt\/"]}]},{"@type":"ImageObject","inLanguage":"en-GB","@id":"https:\/\/tibladin.dk\/produkt\/gulvpude-puf-i-uld-tafoukt\/#primaryimage","url":"https:\/\/tibladin.dk\/wp-content\/uploads\/2025\/08\/Gulvpude-TAFOUKT-1.jpeg","contentUrl":"https:\/\/tibladin.dk\/wp-content\/uploads\/2025\/08\/Gulvpude-TAFOUKT-1.jpeg","width":800,"height":800,"caption":"Gulvpude TAFOUKT i gule og orange farver"},{"@type":"BreadcrumbList","@id":"https:\/\/tibladin.dk\/produkt\/gulvpude-puf-i-uld-tafoukt\/#breadcrumb","itemListElement":[{"@type":"ListItem","position":1,"name":"Hjem","item":"https:\/\/tibladin.dk\/"},{"@type":"ListItem","position":2,"name":"Shop","item":"https:\/\/tibladin.dk\/shop\/"},{"@type":"ListItem","position":3,"name":"Gulvpude\/puf i uld &#8211; TAFOUKT"}]},{"@type":"WebSite","@id":"https:\/\/tibladin.dk\/#website","url":"https:\/\/tibladin.dk\/","name":"Tibladin","description":"Tibladin","publisher":{"@id":"https:\/\/tibladin.dk\/#organization"},"potentialAction":[{"@type":"SearchAction","target":{"@type":"EntryPoint","urlTemplate":"https:\/\/tibladin.dk\/?s={search_term_string}"},"query-input":{"@type":"PropertyValueSpecification","valueRequired":true,"valueName":"search_term_string"}}],"inLanguage":"en-GB"},{"@type":"Organization","@id":"https:\/\/tibladin.dk\/#organization","name":"Tibladin","url":"https:\/\/tibladin.dk\/","logo":{"@type":"ImageObject","inLanguage":"en-GB","@id":"https:\/\/tibladin.dk\/#\/schema\/logo\/image\/","url":"https:\/\/tibladin.dk\/wp-content\/uploads\/2022\/09\/tibladin_logo.svg","contentUrl":"https:\/\/tibladin.dk\/wp-content\/uploads\/2022\/09\/tibladin_logo.svg","caption":"Tibladin"},"image":{"@id":"https:\/\/tibladin.dk\/#\/schema\/logo\/image\/"}}]}},"_links":{"self":[{"href":"https:\/\/tibladin.dk\/en\/wp-json\/wp\/v2\/product\/39202","targetHints":{"allow":["GET"]}}],"collection":[{"href":"https:\/\/tibladin.dk\/en\/wp-json\/wp\/v2\/product"}],"about":[{"href":"https:\/\/tibladin.dk\/en\/wp-json\/wp\/v2\/types\/product"}],"wp:featuredmedia":[{"embeddable":true,"href":"https:\/\/tibladin.dk\/en\/wp-json\/wp\/v2\/media\/39203"}],"wp:attachment":[{"href":"https:\/\/tibladin.dk\/en\/wp-json\/wp\/v2\/media?parent=39202"}],"wp:term":[{"taxonomy":"product_brand","embeddable":true,"href":"https:\/\/tibladin.dk\/en\/wp-json\/wp\/v2\/product_brand?post=39202"},{"taxonomy":"product_cat","embeddable":true,"href":"https:\/\/tibladin.dk\/en\/wp-json\/wp\/v2\/product_cat?post=39202"},{"taxonomy":"product_tag","embeddable":true,"href":"https:\/\/tibladin.dk\/en\/wp-json\/wp\/v2\/product_tag?post=39202"}],"curies":[{"name":"wp","href":"https:\/\/api.w.org\/{rel}","templated":true}]}}