{"id":39278,"date":"2025-08-26T14:50:56","date_gmt":"2025-08-26T12:50:56","guid":{"rendered":"https:\/\/tibladin.dk\/?post_type=product&#038;p=39278"},"modified":"2026-02-26T14:33:39","modified_gmt":"2026-02-26T13:33:39","slug":"berber-carpet-vintage-184x281-cm-aghilas","status":"publish","type":"product","link":"https:\/\/tibladin.dk\/en\/produkt\/berbertaeppe-vintage-184x281-cm-aghilas\/","title":{"rendered":"Berber carpet vintage 184\u00d7281 cm. AGHILAS"},"content":{"rendered":"<div class=\"wpb-content-wrapper\"><div class=\"vc_row wpb_row vc_row-fluid\"><div class=\"wpb_column vc_column_container vc_col-sm-12\"><div class=\"vc_column-inner\"><div class=\"wpb_wrapper\">\n\t<div class=\"wpb_text_column wpb_content_element\" >\n\t\t<div class=\"wpb_wrapper\">\n\t\t\t<p>!<\/p>\n\n\t\t<\/div>\n\t<\/div>\n<\/div><\/div><\/div><\/div><div class=\"vc_row wpb_row vc_row-fluid\"><div class=\"wpb_column vc_column_container vc_col-sm-4\"><div class=\"vc_column-inner\"><div class=\"wpb_wrapper\"><\/div><\/div><\/div><div class=\"wpb_column vc_column_container vc_col-sm-4\"><div class=\"vc_column-inner\"><div class=\"wpb_wrapper\"><h3 style=\"text-align: left\" class=\"vc_custom_heading vc_do_custom_heading\" >BOUJAAD carpet maintenance<\/h3>\n\t<div class=\"wpb_text_column wpb_content_element\" >\n\t\t<div class=\"wpb_wrapper\">\n\t\t\t<p>Vacuum the Berber carpet regularly and take it outside and shake it once in a while. Stains are removed by soaking up the stain as quickly as possible with a cloth and then dabbing the stain with a damp cloth. The carpet is 100 % pure wool and is naturally covered with lanolin on each fiber, which means that stains do not penetrate into the carpet. Should we be lucky enough to get snow one winter in Denmark, then finally lay out the blanket in the white snow. This will thoroughly clean the carpet \u2013 completely naturally.<\/p>\n\n\t\t<\/div>\n\t<\/div>\n<\/div><\/div><\/div><div class=\"wpb_column vc_column_container vc_col-sm-4\"><div class=\"vc_column-inner\"><div class=\"wpb_wrapper\"><h3 style=\"text-align: left\" class=\"vc_custom_heading vc_do_custom_heading\" >The story behind BOUJAAD rugs<\/h3>\n\t<div class=\"wpb_text_column wpb_content_element\" >\n\t\t<div class=\"wpb_wrapper\">\n\t\t\t<h2 data-start=\"146\" data-end=\"164\">Origin<\/h2>\n<ul data-start=\"165\" data-end=\"531\">\n<li data-start=\"165\" data-end=\"282\">\n<p data-start=\"167\" data-end=\"282\">Boujaad carpets come from <strong data-start=\"193\" data-end=\"210\">Haouz Plain<\/strong> in central Morocco, near the city <strong data-start=\"244\" data-end=\"255\">Boujad<\/strong>, west of the Atlas Mountains.<\/p>\n<\/li>\n<li data-start=\"283\" data-end=\"414\">\n<p data-start=\"285\" data-end=\"414\">They are woven from <strong data-start=\"300\" data-end=\"317\">Berber women<\/strong>, often for family use \u2013 not for trade \u2013 which makes many of the old carpets completely unique.<\/p>\n<\/li>\n<li data-start=\"415\" data-end=\"531\">\n<p data-start=\"417\" data-end=\"531\">The tradition has been passed down through generations and carries strong symbols that reflect the weaver&#039;s life, hopes and dreams.<\/p>\n<\/li>\n<\/ul>\n<hr data-start=\"533\" data-end=\"536\" \/>\n<h2 data-start=\"538\" data-end=\"555\">Characteristics<\/h2>\n<ul data-start=\"556\" data-end=\"1162\">\n<li data-start=\"556\" data-end=\"724\">\n<p data-start=\"558\" data-end=\"724\"><strong data-start=\"558\" data-end=\"569\">Colors:<\/strong> Boujaad is known for his warm, saturated colors in <strong data-start=\"620\" data-end=\"668\">pink, red, orange, rust, coral and earthy colors<\/strong> \u2013 often colored with natural plant and mineral dyes.<\/p>\n<\/li>\n<li data-start=\"725\" data-end=\"960\">\n<p data-start=\"727\" data-end=\"741\"><strong data-start=\"727\" data-end=\"739\">Patterns:<\/strong><\/p>\n<ul data-start=\"744\" data-end=\"960\">\n<li data-start=\"744\" data-end=\"858\">\n<p data-start=\"746\" data-end=\"858\">Typical <strong data-start=\"753\" data-end=\"771\">diamond patterns<\/strong> or geometric symbols, often more free and irregular than, for example, Beni Ourain.<\/p>\n<\/li>\n<li data-start=\"861\" data-end=\"960\">\n<p data-start=\"863\" data-end=\"960\">Many carpets have some kind of <em data-start=\"889\" data-end=\"907\">\u201cabstract poetry\u201d<\/em> in the design \u2013 asymmetrical, but with strong symbolism.<\/p>\n<\/li>\n<\/ul>\n<\/li>\n<li data-start=\"961\" data-end=\"1062\">\n<p data-start=\"963\" data-end=\"1062\"><strong data-start=\"963\" data-end=\"978\">Materials:<\/strong> Traditionally wool, but especially in recent times you can find blends of wool and cotton.<\/p>\n<\/li>\n<li data-start=\"1063\" data-end=\"1162\">\n<p data-start=\"1065\" data-end=\"1162\"><strong data-start=\"1065\" data-end=\"1077\">Texture:<\/strong> They are generally thinner than Beni Ouarain, with lower pile and more tightly woven structure.<\/p>\n<\/li>\n<\/ul>\n<hr data-start=\"1164\" data-end=\"1167\" \/>\n<h2 data-start=\"1169\" data-end=\"1185\">Symbolism<\/h2>\n<p data-start=\"1186\" data-end=\"1244\">Like many Berber rugs, the patterns are filled with meaning:<\/p>\n<ul data-start=\"1245\" data-end=\"1465\">\n<li data-start=\"1245\" data-end=\"1306\">\n<p data-start=\"1247\" data-end=\"1306\"><strong data-start=\"1247\" data-end=\"1260\">Diamonds<\/strong> = fertility, femininity and protection.<\/p>\n<\/li>\n<li data-start=\"1307\" data-end=\"1367\">\n<p data-start=\"1309\" data-end=\"1367\"><strong data-start=\"1309\" data-end=\"1336\">Hooks, zigzags and lines<\/strong> = life&#039;s journey and resistance.<\/p>\n<\/li>\n<li data-start=\"1368\" data-end=\"1465\">\n<p data-start=\"1370\" data-end=\"1465\"><strong data-start=\"1370\" data-end=\"1382\">The colors<\/strong> = red is often associated with strength and protection, pink with love and intimacy.<\/p>\n<\/li>\n<\/ul>\n<hr data-start=\"1467\" data-end=\"1470\" \/>\n<h2 data-start=\"1472\" data-end=\"1505\">Popularity and rarity<\/h2>\n<ul data-start=\"1506\" data-end=\"2135\">\n<li data-start=\"1506\" data-end=\"1681\">\n<p data-start=\"1508\" data-end=\"1681\"><strong data-start=\"1508\" data-end=\"1534\">Vintage Boujaad rugs<\/strong> (especially those from the 1950s\u20131970s) are highly sought after today because they are often woven from handspun wool and dyed with natural dyes.<\/p>\n<\/li>\n<li data-start=\"1682\" data-end=\"1795\">\n<p data-start=\"1684\" data-end=\"1795\">They are <strong data-start=\"1690\" data-end=\"1703\">less often<\/strong> than Beni Ourain because they were woven in smaller numbers and were not produced for export.<\/p>\n<\/li>\n<li data-start=\"1796\" data-end=\"1975\">\n<p data-start=\"1798\" data-end=\"1975\">Today, demand is high among designers and collectors, especially in Europe and the United States, where Boujaad is considered a perfect combination of <strong data-start=\"1931\" data-end=\"1972\">bohemian, vintage and artistic expression<\/strong>.<\/p>\n<\/li>\n<li data-start=\"1976\" data-end=\"2135\">\n<p data-start=\"1978\" data-end=\"2135\">Newer Boujaad rugs are still woven, but they do not have the same deep patina and natural play of colors as the older ones \u2013 which is why the vintage versions are most sought after.<\/p>\n<\/li>\n<\/ul>\n<hr data-start=\"2137\" data-end=\"2140\" \/>\n\n\t\t<\/div>\n\t<\/div>\n<\/div><\/div><\/div><\/div>\n<\/div>","protected":false},"excerpt":{"rendered":"<p data-start=\"0\" data-end=\"37\">This rug is truly special \u2013 AGHILAS<\/p>\n<p data-start=\"39\" data-end=\"372\">You have a real <strong data-start=\"49\" data-end=\"72\">vintage berber rug - BOUJAAD<\/strong> woven in a dense pattern of small cross\/flower-like symbols in warm earth tones combined with beautiful shades of pink, red and a little green. The play of colors gives the rug a slightly feminine and romantic character, while the geometric repetitions and edging emphasize its traditional craftsmanship.<\/p>\n<p data-start=\"374\" data-end=\"649\">It has the patina that only true vintage can have \u2013 the colors have faded in just the right way, giving the rug a vibrant and historic look. It will work beautifully as a statement piece in a bright living room or as a colorful counterpoint to a more minimalist decor.<\/p>\n<p data-start=\"374\" data-end=\"649\">Vintage Boujaad rugs are now a rare find and are in high demand worldwide. Fewer of them were woven in the 50s-70s and they are not produced for export. The rug is woven from handspun wool and dyed with natural dyes.<\/p>\n<p data-start=\"374\" data-end=\"649\">Aghilas means flower in Berber. The rug measures 184\u00d7281 cm and is the perfect size for under a dining table, in the corner of the sofa or in the room.<\/p>","protected":false},"featured_media":39280,"template":"","meta":{"inline_featured_image":false},"product_brand":[],"product_cat":[143,59],"product_tag":[],"class_list":{"0":"post-39278","1":"product","2":"type-product","3":"status-publish","4":"has-post-thumbnail","6":"product_cat-berbertaepper","7":"product_cat-marokkanske-taepper","9":"first","10":"instock","11":"taxable","12":"shipping-taxable","13":"purchasable","14":"product-type-simple"},"exclude_global_add_ons":[],"addons":[],"yoast_head":"<!-- This site is optimized with the Yoast SEO plugin v27.4 - https:\/\/yoast.com\/product\/yoast-seo-wordpress\/ -->\n<title>Berbert\u00e6ppe | Marokkansk t\u00e6ppe | Kig her lige nu!<\/title>\n<meta name=\"description\" content=\"\u00c6gte Vintage Berbert\u00e6ppe i rosa nuancer og unikt blomstermotiv. Regul\u00e6r st\u00f8rrelse som passer fint til et sofahj\u00f8rne. Helt unikt og kun hos Tibladin.\" \/>\n<meta name=\"robots\" content=\"index, follow, max-snippet:-1, max-image-preview:large, max-video-preview:-1\" \/>\n<link rel=\"canonical\" href=\"https:\/\/tibladin.dk\/en\/product-4\/berber-carpet-vintage-184x281-cm-aghilas\/\" \/>\n<meta property=\"og:locale\" content=\"en_GB\" \/>\n<meta property=\"og:type\" content=\"article\" \/>\n<meta property=\"og:title\" content=\"Berbert\u00e6ppe | Marokkansk t\u00e6ppe | Kig her lige nu!\" \/>\n<meta property=\"og:description\" content=\"\u00c6gte Vintage Berbert\u00e6ppe i rosa nuancer og unikt blomstermotiv. Regul\u00e6r st\u00f8rrelse som passer fint til et sofahj\u00f8rne. Helt unikt og kun hos Tibladin.\" \/>\n<meta property=\"og:url\" content=\"https:\/\/tibladin.dk\/en\/product-4\/berber-carpet-vintage-184x281-cm-aghilas\/\" \/>\n<meta property=\"og:site_name\" content=\"Tibladin\" \/>\n<meta property=\"article:modified_time\" content=\"2026-02-26T13:33:39+00:00\" \/>\n<meta property=\"og:image\" content=\"https:\/\/tibladin.dk\/wp-content\/uploads\/2025\/08\/Vintage-taeppe_AGHILAS_3.jpg\" \/>\n\t<meta property=\"og:image:width\" content=\"800\" \/>\n\t<meta property=\"og:image:height\" content=\"800\" \/>\n\t<meta property=\"og:image:type\" content=\"image\/jpeg\" \/>\n<meta name=\"twitter:card\" content=\"summary_large_image\" \/>\n<meta name=\"twitter:label1\" content=\"Estimated reading time\" \/>\n\t<meta name=\"twitter:data1\" content=\"3 minutes\" \/>\n<script type=\"application\/ld+json\" class=\"yoast-schema-graph\">{\"@context\":\"https:\\\/\\\/schema.org\",\"@graph\":[{\"@type\":\"WebPage\",\"@id\":\"https:\\\/\\\/tibladin.dk\\\/produkt\\\/berbertaeppe-vintage-184x281-cm-aghilas\\\/\",\"url\":\"https:\\\/\\\/tibladin.dk\\\/produkt\\\/berbertaeppe-vintage-184x281-cm-aghilas\\\/\",\"name\":\"Berbert\u00e6ppe | Marokkansk t\u00e6ppe | Kig her lige nu!\",\"isPartOf\":{\"@id\":\"https:\\\/\\\/tibladin.dk\\\/#website\"},\"primaryImageOfPage\":{\"@id\":\"https:\\\/\\\/tibladin.dk\\\/produkt\\\/berbertaeppe-vintage-184x281-cm-aghilas\\\/#primaryimage\"},\"image\":{\"@id\":\"https:\\\/\\\/tibladin.dk\\\/produkt\\\/berbertaeppe-vintage-184x281-cm-aghilas\\\/#primaryimage\"},\"thumbnailUrl\":\"https:\\\/\\\/tibladin.dk\\\/wp-content\\\/uploads\\\/2025\\\/08\\\/Vintage-taeppe_AGHILAS_3.jpg\",\"datePublished\":\"2025-08-26T12:50:56+00:00\",\"dateModified\":\"2026-02-26T13:33:39+00:00\",\"description\":\"\u00c6gte Vintage Berbert\u00e6ppe i rosa nuancer og unikt blomstermotiv. Regul\u00e6r st\u00f8rrelse som passer fint til et sofahj\u00f8rne. Helt unikt og kun hos Tibladin.\",\"breadcrumb\":{\"@id\":\"https:\\\/\\\/tibladin.dk\\\/produkt\\\/berbertaeppe-vintage-184x281-cm-aghilas\\\/#breadcrumb\"},\"inLanguage\":\"en-GB\",\"potentialAction\":[{\"@type\":\"ReadAction\",\"target\":[\"https:\\\/\\\/tibladin.dk\\\/produkt\\\/berbertaeppe-vintage-184x281-cm-aghilas\\\/\"]}]},{\"@type\":\"ImageObject\",\"inLanguage\":\"en-GB\",\"@id\":\"https:\\\/\\\/tibladin.dk\\\/produkt\\\/berbertaeppe-vintage-184x281-cm-aghilas\\\/#primaryimage\",\"url\":\"https:\\\/\\\/tibladin.dk\\\/wp-content\\\/uploads\\\/2025\\\/08\\\/Vintage-taeppe_AGHILAS_3.jpg\",\"contentUrl\":\"https:\\\/\\\/tibladin.dk\\\/wp-content\\\/uploads\\\/2025\\\/08\\\/Vintage-taeppe_AGHILAS_3.jpg\",\"width\":800,\"height\":800,\"caption\":\"Vintage t\u00e6ppe_AGHILAS\"},{\"@type\":\"BreadcrumbList\",\"@id\":\"https:\\\/\\\/tibladin.dk\\\/produkt\\\/berbertaeppe-vintage-184x281-cm-aghilas\\\/#breadcrumb\",\"itemListElement\":[{\"@type\":\"ListItem\",\"position\":1,\"name\":\"Hjem\",\"item\":\"https:\\\/\\\/tibladin.dk\\\/\"},{\"@type\":\"ListItem\",\"position\":2,\"name\":\"Shop\",\"item\":\"https:\\\/\\\/tibladin.dk\\\/shop\\\/\"},{\"@type\":\"ListItem\",\"position\":3,\"name\":\"Berbert\u00e6ppe vintage 184&#215;281 cm. AGHILAS\"}]},{\"@type\":\"WebSite\",\"@id\":\"https:\\\/\\\/tibladin.dk\\\/#website\",\"url\":\"https:\\\/\\\/tibladin.dk\\\/\",\"name\":\"Tibladin\",\"description\":\"Tibladin\",\"publisher\":{\"@id\":\"https:\\\/\\\/tibladin.dk\\\/#organization\"},\"potentialAction\":[{\"@type\":\"SearchAction\",\"target\":{\"@type\":\"EntryPoint\",\"urlTemplate\":\"https:\\\/\\\/tibladin.dk\\\/?s={search_term_string}\"},\"query-input\":{\"@type\":\"PropertyValueSpecification\",\"valueRequired\":true,\"valueName\":\"search_term_string\"}}],\"inLanguage\":\"en-GB\"},{\"@type\":\"Organization\",\"@id\":\"https:\\\/\\\/tibladin.dk\\\/#organization\",\"name\":\"Tibladin\",\"url\":\"https:\\\/\\\/tibladin.dk\\\/\",\"logo\":{\"@type\":\"ImageObject\",\"inLanguage\":\"en-GB\",\"@id\":\"https:\\\/\\\/tibladin.dk\\\/#\\\/schema\\\/logo\\\/image\\\/\",\"url\":\"https:\\\/\\\/tibladin.dk\\\/wp-content\\\/uploads\\\/2022\\\/09\\\/tibladin_logo.svg\",\"contentUrl\":\"https:\\\/\\\/tibladin.dk\\\/wp-content\\\/uploads\\\/2022\\\/09\\\/tibladin_logo.svg\",\"caption\":\"Tibladin\"},\"image\":{\"@id\":\"https:\\\/\\\/tibladin.dk\\\/#\\\/schema\\\/logo\\\/image\\\/\"}}]}<\/script>\n<!-- \/ Yoast SEO plugin. -->","yoast_head_json":{"title":"Berber carpet | Moroccan rug | Look here right now!","description":"Genuine Vintage Berber carpet in pink shades and unique floral motif. Regular size that fits nicely in a sofa corner. Completely unique and only at Tibladin.","robots":{"index":"index","follow":"follow","max-snippet":"max-snippet:-1","max-image-preview":"max-image-preview:large","max-video-preview":"max-video-preview:-1"},"canonical":"https:\/\/tibladin.dk\/en\/product-4\/berber-carpet-vintage-184x281-cm-aghilas\/","og_locale":"en_GB","og_type":"article","og_title":"Berbert\u00e6ppe | Marokkansk t\u00e6ppe | Kig her lige nu!","og_description":"\u00c6gte Vintage Berbert\u00e6ppe i rosa nuancer og unikt blomstermotiv. Regul\u00e6r st\u00f8rrelse som passer fint til et sofahj\u00f8rne. Helt unikt og kun hos Tibladin.","og_url":"https:\/\/tibladin.dk\/en\/product-4\/berber-carpet-vintage-184x281-cm-aghilas\/","og_site_name":"Tibladin","article_modified_time":"2026-02-26T13:33:39+00:00","og_image":[{"width":800,"height":800,"url":"https:\/\/tibladin.dk\/wp-content\/uploads\/2025\/08\/Vintage-taeppe_AGHILAS_3.jpg","type":"image\/jpeg"}],"twitter_card":"summary_large_image","twitter_misc":{"Estimated reading time":"3 minutes"},"schema":{"@context":"https:\/\/schema.org","@graph":[{"@type":"WebPage","@id":"https:\/\/tibladin.dk\/produkt\/berbertaeppe-vintage-184x281-cm-aghilas\/","url":"https:\/\/tibladin.dk\/produkt\/berbertaeppe-vintage-184x281-cm-aghilas\/","name":"Berber carpet | Moroccan rug | Look here right now!","isPartOf":{"@id":"https:\/\/tibladin.dk\/#website"},"primaryImageOfPage":{"@id":"https:\/\/tibladin.dk\/produkt\/berbertaeppe-vintage-184x281-cm-aghilas\/#primaryimage"},"image":{"@id":"https:\/\/tibladin.dk\/produkt\/berbertaeppe-vintage-184x281-cm-aghilas\/#primaryimage"},"thumbnailUrl":"https:\/\/tibladin.dk\/wp-content\/uploads\/2025\/08\/Vintage-taeppe_AGHILAS_3.jpg","datePublished":"2025-08-26T12:50:56+00:00","dateModified":"2026-02-26T13:33:39+00:00","description":"Genuine Vintage Berber carpet in pink shades and unique floral motif. Regular size that fits nicely in a sofa corner. Completely unique and only at Tibladin.","breadcrumb":{"@id":"https:\/\/tibladin.dk\/produkt\/berbertaeppe-vintage-184x281-cm-aghilas\/#breadcrumb"},"inLanguage":"en-GB","potentialAction":[{"@type":"ReadAction","target":["https:\/\/tibladin.dk\/produkt\/berbertaeppe-vintage-184x281-cm-aghilas\/"]}]},{"@type":"ImageObject","inLanguage":"en-GB","@id":"https:\/\/tibladin.dk\/produkt\/berbertaeppe-vintage-184x281-cm-aghilas\/#primaryimage","url":"https:\/\/tibladin.dk\/wp-content\/uploads\/2025\/08\/Vintage-taeppe_AGHILAS_3.jpg","contentUrl":"https:\/\/tibladin.dk\/wp-content\/uploads\/2025\/08\/Vintage-taeppe_AGHILAS_3.jpg","width":800,"height":800,"caption":"Vintage t\u00e6ppe_AGHILAS"},{"@type":"BreadcrumbList","@id":"https:\/\/tibladin.dk\/produkt\/berbertaeppe-vintage-184x281-cm-aghilas\/#breadcrumb","itemListElement":[{"@type":"ListItem","position":1,"name":"Hjem","item":"https:\/\/tibladin.dk\/"},{"@type":"ListItem","position":2,"name":"Shop","item":"https:\/\/tibladin.dk\/shop\/"},{"@type":"ListItem","position":3,"name":"Berbert\u00e6ppe vintage 184&#215;281 cm. AGHILAS"}]},{"@type":"WebSite","@id":"https:\/\/tibladin.dk\/#website","url":"https:\/\/tibladin.dk\/","name":"Tibladin","description":"Tibladin","publisher":{"@id":"https:\/\/tibladin.dk\/#organization"},"potentialAction":[{"@type":"SearchAction","target":{"@type":"EntryPoint","urlTemplate":"https:\/\/tibladin.dk\/?s={search_term_string}"},"query-input":{"@type":"PropertyValueSpecification","valueRequired":true,"valueName":"search_term_string"}}],"inLanguage":"en-GB"},{"@type":"Organization","@id":"https:\/\/tibladin.dk\/#organization","name":"Tibladin","url":"https:\/\/tibladin.dk\/","logo":{"@type":"ImageObject","inLanguage":"en-GB","@id":"https:\/\/tibladin.dk\/#\/schema\/logo\/image\/","url":"https:\/\/tibladin.dk\/wp-content\/uploads\/2022\/09\/tibladin_logo.svg","contentUrl":"https:\/\/tibladin.dk\/wp-content\/uploads\/2022\/09\/tibladin_logo.svg","caption":"Tibladin"},"image":{"@id":"https:\/\/tibladin.dk\/#\/schema\/logo\/image\/"}}]}},"_links":{"self":[{"href":"https:\/\/tibladin.dk\/en\/wp-json\/wp\/v2\/product\/39278","targetHints":{"allow":["GET"]}}],"collection":[{"href":"https:\/\/tibladin.dk\/en\/wp-json\/wp\/v2\/product"}],"about":[{"href":"https:\/\/tibladin.dk\/en\/wp-json\/wp\/v2\/types\/product"}],"wp:featuredmedia":[{"embeddable":true,"href":"https:\/\/tibladin.dk\/en\/wp-json\/wp\/v2\/media\/39280"}],"wp:attachment":[{"href":"https:\/\/tibladin.dk\/en\/wp-json\/wp\/v2\/media?parent=39278"}],"wp:term":[{"taxonomy":"product_brand","embeddable":true,"href":"https:\/\/tibladin.dk\/en\/wp-json\/wp\/v2\/product_brand?post=39278"},{"taxonomy":"product_cat","embeddable":true,"href":"https:\/\/tibladin.dk\/en\/wp-json\/wp\/v2\/product_cat?post=39278"},{"taxonomy":"product_tag","embeddable":true,"href":"https:\/\/tibladin.dk\/en\/wp-json\/wp\/v2\/product_tag?post=39278"}],"curies":[{"name":"wp","href":"https:\/\/api.w.org\/{rel}","templated":true}]}}