{"id":39493,"date":"2025-09-05T15:00:55","date_gmt":"2025-09-05T13:00:55","guid":{"rendered":"https:\/\/tibladin.dk\/?post_type=product&#038;p=39493"},"modified":"2025-09-05T16:05:30","modified_gmt":"2025-09-05T14:05:30","slug":"beni-ouarain-100x164-cm-azura","status":"publish","type":"product","link":"https:\/\/tibladin.dk\/en\/produkt\/beni-ouarain-100x164-cm-azura\/","title":{"rendered":"Beni Ouarain 100\u00d7164 cm. \u2013 AZURA"},"content":{"rendered":"<div class=\"wpb-content-wrapper\"><p>!<div class=\"vc_row wpb_row vc_row-fluid\"><div class=\"wpb_column vc_column_container vc_col-sm-4\"><div class=\"vc_column-inner\"><div class=\"wpb_wrapper\"><\/div><\/div><\/div><div class=\"wpb_column vc_column_container vc_col-sm-4\"><div class=\"vc_column-inner\"><div class=\"wpb_wrapper\"><h3 style=\"text-align: left\" class=\"vc_custom_heading vc_do_custom_heading\" >Beni Ouarain carpet maintenance<\/h3>\n\t<div class=\"wpb_text_column wpb_content_element\" >\n\t\t<div class=\"wpb_wrapper\">\n\t\t\t<p>Vacuum the Beni Ouarain rug regularly and take it outside and shake it occasionally. Stains are removed by soaking up the stain as quickly as possible with a cloth and then dabbing the stain with a damp cloth. The carpet is 100 % pure wool and is naturally covered with lanolin on each fiber, which means that stains do not penetrate into the carpet. Should we be lucky enough to get snow one winter in Denmark, then finally lay out the blanket in the white snow. This will thoroughly clean the carpet \u2013 completely naturally.<\/p>\n\n\t\t<\/div>\n\t<\/div>\n<\/div><\/div><\/div><div class=\"wpb_column vc_column_container vc_col-sm-4\"><div class=\"vc_column-inner\"><div class=\"wpb_wrapper\"><h3 style=\"text-align: left\" class=\"vc_custom_heading vc_do_custom_heading\" >The story behind Beni Ouarain rugs<\/h3>\n\t<div class=\"wpb_text_column wpb_content_element\" >\n\t\t<div class=\"wpb_wrapper\">\n\t\t\t<p>Beni Ouarain carpet decorates, provides coziness and warmth and is also noise absorbent.<\/p>\n<p>Beni Ouarain carpets are very popular all over the world and also suit the Scandinavian decor very well. Many interior brands have copied their style and have them made industrially. Here at Tibladin, we only have original Beni Ouarain rugs made by hand by women from the Berber tribe Beni Ouarain, which originates south of the Rif Mountains in Morocco. The blankets are used by the Berber tribe to cover themselves and lie on when they need to sleep. Each carpet is a work of art and unlike oriental carpets, they are not produced according to models, but only according to the women&#039;s own wishes and often symbolize the feelings the women have had when they weave. The diamond shape seen in many of the rugs protects against evil. The color tones are natural in their white, beige, brown and black colors.<\/p>\n<p>Throw away your shoes and feel the soft wool under your feet!<\/p>\n\n\t\t<\/div>\n\t<\/div>\n<\/div><\/div><\/div><\/div>\n<\/div>","protected":false},"excerpt":{"rendered":"<ul>\n<li>\n<p data-start=\"270\" data-end=\"315\">\u2728 <strong data-start=\"272\" data-end=\"311\">Azura \u2013 Beni Ourain carpet 100% wool<\/strong> \u2728<\/p>\n<p data-start=\"317\" data-end=\"506\">This unique Beni Ourain rug is handwoven by Berber women in the Atlas Mountains of Morocco. The rug is made from 100% natural wool, which gives it a soft, warm and durable quality.<\/p>\n<p data-start=\"508\" data-end=\"843\">The design combines the classic natural white base with <strong data-start=\"562\" data-end=\"616\">sharply defined diamond patterns in blue-green tones<\/strong> \u2013 a rare twist on the traditional Beni Ouarain expression. The diamond symbolizes protection and the journey of life in Berber culture, making the rug more than just an interior element \u2013 it is a piece of living cultural heritage.<\/p>\n<p data-start=\"845\" data-end=\"1051\">\u2714 Handwoven in Morocco from 100% wool<br data-start=\"878\" data-end=\"881\" \/>\u2714 Classic Beni Ourain pattern in modern teal<br data-start=\"930\" data-end=\"933\" \/>\u2714 Timeless design that fits perfectly in Nordic as well as bohemian decor<br data-start=\"1007\" data-end=\"1010\" \/>\u2714 A unique piece \u2013 no two rugs are the same<\/p>\n<p data-start=\"1053\" data-end=\"1204\">With <strong data-start=\"1057\" data-end=\"1066\">Azure<\/strong> You get a rug that combines Moroccan tradition with a modern color expression \u2013 perfect for creating personality and warmth in your home.<\/p>\n<\/li>\n<\/ul>\n<p><strong>The rug measures 100x164cm.<\/strong><\/p>","protected":false},"featured_media":39498,"template":"","meta":{"inline_featured_image":false},"product_brand":[],"product_cat":[62,59],"product_tag":[],"class_list":{"0":"post-39493","1":"product","2":"type-product","3":"status-publish","4":"has-post-thumbnail","6":"product_cat-beni-ouarain","7":"product_cat-marokkanske-taepper","9":"first","10":"instock","11":"taxable","12":"shipping-taxable","13":"purchasable","14":"product-type-simple"},"exclude_global_add_ons":[],"addons":[],"yoast_head":"<!-- This site is optimized with the Yoast SEO plugin v27.4 - https:\/\/yoast.com\/product\/yoast-seo-wordpress\/ -->\n<title>Beni Ouarain t\u00e6ppe | Marokkansk t\u00e6ppe | Kig her lige nu!<\/title>\n<meta name=\"description\" content=\"Marokkansk t\u00e6ppe Beni Ouarain i 100% uld. Dejlig lys uld med turkis diamantformet m\u00f8nster. T\u00e6ppet er h\u00e5ndv\u00e6vet i kvalitetsuld og m\u00e5ler 100x164 cm.\" \/>\n<meta name=\"robots\" content=\"index, follow, max-snippet:-1, max-image-preview:large, max-video-preview:-1\" \/>\n<link rel=\"canonical\" href=\"https:\/\/tibladin.dk\/en\/product-4\/beni-ouarain-100x164-cm-azura\/\" \/>\n<meta property=\"og:locale\" content=\"en_GB\" \/>\n<meta property=\"og:type\" content=\"article\" \/>\n<meta property=\"og:title\" content=\"Beni Ouarain t\u00e6ppe | Marokkansk t\u00e6ppe | Kig her lige nu!\" \/>\n<meta property=\"og:description\" content=\"Marokkansk t\u00e6ppe Beni Ouarain i 100% uld. Dejlig lys uld med turkis diamantformet m\u00f8nster. T\u00e6ppet er h\u00e5ndv\u00e6vet i kvalitetsuld og m\u00e5ler 100x164 cm.\" \/>\n<meta property=\"og:url\" content=\"https:\/\/tibladin.dk\/en\/product-4\/beni-ouarain-100x164-cm-azura\/\" \/>\n<meta property=\"og:site_name\" content=\"Tibladin\" \/>\n<meta property=\"article:modified_time\" content=\"2025-09-05T14:05:30+00:00\" \/>\n<meta property=\"og:image\" content=\"https:\/\/tibladin.dk\/wp-content\/uploads\/2025\/09\/Beni-Ouarain-taeppe_AZURA_6.jpg\" \/>\n\t<meta property=\"og:image:width\" content=\"800\" \/>\n\t<meta property=\"og:image:height\" content=\"800\" \/>\n\t<meta property=\"og:image:type\" content=\"image\/jpeg\" \/>\n<meta name=\"twitter:card\" content=\"summary_large_image\" \/>\n<meta name=\"twitter:label1\" content=\"Estimated reading time\" \/>\n\t<meta name=\"twitter:data1\" content=\"2 minutes\" \/>\n<script type=\"application\/ld+json\" class=\"yoast-schema-graph\">{\"@context\":\"https:\\\/\\\/schema.org\",\"@graph\":[{\"@type\":\"WebPage\",\"@id\":\"https:\\\/\\\/tibladin.dk\\\/produkt\\\/beni-ouarain-100x164-cm-azura\\\/\",\"url\":\"https:\\\/\\\/tibladin.dk\\\/produkt\\\/beni-ouarain-100x164-cm-azura\\\/\",\"name\":\"Beni Ouarain t\u00e6ppe | Marokkansk t\u00e6ppe | Kig her lige nu!\",\"isPartOf\":{\"@id\":\"https:\\\/\\\/tibladin.dk\\\/#website\"},\"primaryImageOfPage\":{\"@id\":\"https:\\\/\\\/tibladin.dk\\\/produkt\\\/beni-ouarain-100x164-cm-azura\\\/#primaryimage\"},\"image\":{\"@id\":\"https:\\\/\\\/tibladin.dk\\\/produkt\\\/beni-ouarain-100x164-cm-azura\\\/#primaryimage\"},\"thumbnailUrl\":\"https:\\\/\\\/tibladin.dk\\\/wp-content\\\/uploads\\\/2025\\\/09\\\/Beni-Ouarain-taeppe_AZURA_6.jpg\",\"datePublished\":\"2025-09-05T13:00:55+00:00\",\"dateModified\":\"2025-09-05T14:05:30+00:00\",\"description\":\"Marokkansk t\u00e6ppe Beni Ouarain i 100% uld. Dejlig lys uld med turkis diamantformet m\u00f8nster. T\u00e6ppet er h\u00e5ndv\u00e6vet i kvalitetsuld og m\u00e5ler 100x164 cm.\",\"breadcrumb\":{\"@id\":\"https:\\\/\\\/tibladin.dk\\\/produkt\\\/beni-ouarain-100x164-cm-azura\\\/#breadcrumb\"},\"inLanguage\":\"en-GB\",\"potentialAction\":[{\"@type\":\"ReadAction\",\"target\":[\"https:\\\/\\\/tibladin.dk\\\/produkt\\\/beni-ouarain-100x164-cm-azura\\\/\"]}]},{\"@type\":\"ImageObject\",\"inLanguage\":\"en-GB\",\"@id\":\"https:\\\/\\\/tibladin.dk\\\/produkt\\\/beni-ouarain-100x164-cm-azura\\\/#primaryimage\",\"url\":\"https:\\\/\\\/tibladin.dk\\\/wp-content\\\/uploads\\\/2025\\\/09\\\/Beni-Ouarain-taeppe_AZURA_6.jpg\",\"contentUrl\":\"https:\\\/\\\/tibladin.dk\\\/wp-content\\\/uploads\\\/2025\\\/09\\\/Beni-Ouarain-taeppe_AZURA_6.jpg\",\"width\":800,\"height\":800,\"caption\":\"Azura beni Ouarain t\u00e6ppe. Lyst med turkis diamantformet m\u00f8nster - 100x164 cm\"},{\"@type\":\"BreadcrumbList\",\"@id\":\"https:\\\/\\\/tibladin.dk\\\/produkt\\\/beni-ouarain-100x164-cm-azura\\\/#breadcrumb\",\"itemListElement\":[{\"@type\":\"ListItem\",\"position\":1,\"name\":\"Hjem\",\"item\":\"https:\\\/\\\/tibladin.dk\\\/\"},{\"@type\":\"ListItem\",\"position\":2,\"name\":\"Shop\",\"item\":\"https:\\\/\\\/tibladin.dk\\\/shop\\\/\"},{\"@type\":\"ListItem\",\"position\":3,\"name\":\"Beni Ouarain 100&#215;164 cm. &#8211; AZURA\"}]},{\"@type\":\"WebSite\",\"@id\":\"https:\\\/\\\/tibladin.dk\\\/#website\",\"url\":\"https:\\\/\\\/tibladin.dk\\\/\",\"name\":\"Tibladin\",\"description\":\"Tibladin\",\"publisher\":{\"@id\":\"https:\\\/\\\/tibladin.dk\\\/#organization\"},\"potentialAction\":[{\"@type\":\"SearchAction\",\"target\":{\"@type\":\"EntryPoint\",\"urlTemplate\":\"https:\\\/\\\/tibladin.dk\\\/?s={search_term_string}\"},\"query-input\":{\"@type\":\"PropertyValueSpecification\",\"valueRequired\":true,\"valueName\":\"search_term_string\"}}],\"inLanguage\":\"en-GB\"},{\"@type\":\"Organization\",\"@id\":\"https:\\\/\\\/tibladin.dk\\\/#organization\",\"name\":\"Tibladin\",\"url\":\"https:\\\/\\\/tibladin.dk\\\/\",\"logo\":{\"@type\":\"ImageObject\",\"inLanguage\":\"en-GB\",\"@id\":\"https:\\\/\\\/tibladin.dk\\\/#\\\/schema\\\/logo\\\/image\\\/\",\"url\":\"https:\\\/\\\/tibladin.dk\\\/wp-content\\\/uploads\\\/2022\\\/09\\\/tibladin_logo.svg\",\"contentUrl\":\"https:\\\/\\\/tibladin.dk\\\/wp-content\\\/uploads\\\/2022\\\/09\\\/tibladin_logo.svg\",\"caption\":\"Tibladin\"},\"image\":{\"@id\":\"https:\\\/\\\/tibladin.dk\\\/#\\\/schema\\\/logo\\\/image\\\/\"}}]}<\/script>\n<!-- \/ Yoast SEO plugin. -->","yoast_head_json":{"title":"Beni Ouarain carpet | Moroccan rug | Look here right now!","description":"Moroccan rug Beni Ourain in 100% wool. Lovely light wool with turquoise diamond-shaped pattern. The rug is handwoven in quality wool and measures 100x164 cm.","robots":{"index":"index","follow":"follow","max-snippet":"max-snippet:-1","max-image-preview":"max-image-preview:large","max-video-preview":"max-video-preview:-1"},"canonical":"https:\/\/tibladin.dk\/en\/product-4\/beni-ouarain-100x164-cm-azura\/","og_locale":"en_GB","og_type":"article","og_title":"Beni Ouarain t\u00e6ppe | Marokkansk t\u00e6ppe | Kig her lige nu!","og_description":"Marokkansk t\u00e6ppe Beni Ouarain i 100% uld. Dejlig lys uld med turkis diamantformet m\u00f8nster. T\u00e6ppet er h\u00e5ndv\u00e6vet i kvalitetsuld og m\u00e5ler 100x164 cm.","og_url":"https:\/\/tibladin.dk\/en\/product-4\/beni-ouarain-100x164-cm-azura\/","og_site_name":"Tibladin","article_modified_time":"2025-09-05T14:05:30+00:00","og_image":[{"width":800,"height":800,"url":"https:\/\/tibladin.dk\/wp-content\/uploads\/2025\/09\/Beni-Ouarain-taeppe_AZURA_6.jpg","type":"image\/jpeg"}],"twitter_card":"summary_large_image","twitter_misc":{"Estimated reading time":"2 minutes"},"schema":{"@context":"https:\/\/schema.org","@graph":[{"@type":"WebPage","@id":"https:\/\/tibladin.dk\/produkt\/beni-ouarain-100x164-cm-azura\/","url":"https:\/\/tibladin.dk\/produkt\/beni-ouarain-100x164-cm-azura\/","name":"Beni Ouarain carpet | Moroccan rug | Look here right now!","isPartOf":{"@id":"https:\/\/tibladin.dk\/#website"},"primaryImageOfPage":{"@id":"https:\/\/tibladin.dk\/produkt\/beni-ouarain-100x164-cm-azura\/#primaryimage"},"image":{"@id":"https:\/\/tibladin.dk\/produkt\/beni-ouarain-100x164-cm-azura\/#primaryimage"},"thumbnailUrl":"https:\/\/tibladin.dk\/wp-content\/uploads\/2025\/09\/Beni-Ouarain-taeppe_AZURA_6.jpg","datePublished":"2025-09-05T13:00:55+00:00","dateModified":"2025-09-05T14:05:30+00:00","description":"Moroccan rug Beni Ourain in 100% wool. Lovely light wool with turquoise diamond-shaped pattern. The rug is handwoven in quality wool and measures 100x164 cm.","breadcrumb":{"@id":"https:\/\/tibladin.dk\/produkt\/beni-ouarain-100x164-cm-azura\/#breadcrumb"},"inLanguage":"en-GB","potentialAction":[{"@type":"ReadAction","target":["https:\/\/tibladin.dk\/produkt\/beni-ouarain-100x164-cm-azura\/"]}]},{"@type":"ImageObject","inLanguage":"en-GB","@id":"https:\/\/tibladin.dk\/produkt\/beni-ouarain-100x164-cm-azura\/#primaryimage","url":"https:\/\/tibladin.dk\/wp-content\/uploads\/2025\/09\/Beni-Ouarain-taeppe_AZURA_6.jpg","contentUrl":"https:\/\/tibladin.dk\/wp-content\/uploads\/2025\/09\/Beni-Ouarain-taeppe_AZURA_6.jpg","width":800,"height":800,"caption":"Azura beni Ouarain t\u00e6ppe. Lyst med turkis diamantformet m\u00f8nster - 100x164 cm"},{"@type":"BreadcrumbList","@id":"https:\/\/tibladin.dk\/produkt\/beni-ouarain-100x164-cm-azura\/#breadcrumb","itemListElement":[{"@type":"ListItem","position":1,"name":"Hjem","item":"https:\/\/tibladin.dk\/"},{"@type":"ListItem","position":2,"name":"Shop","item":"https:\/\/tibladin.dk\/shop\/"},{"@type":"ListItem","position":3,"name":"Beni Ouarain 100&#215;164 cm. &#8211; AZURA"}]},{"@type":"WebSite","@id":"https:\/\/tibladin.dk\/#website","url":"https:\/\/tibladin.dk\/","name":"Tibladin","description":"Tibladin","publisher":{"@id":"https:\/\/tibladin.dk\/#organization"},"potentialAction":[{"@type":"SearchAction","target":{"@type":"EntryPoint","urlTemplate":"https:\/\/tibladin.dk\/?s={search_term_string}"},"query-input":{"@type":"PropertyValueSpecification","valueRequired":true,"valueName":"search_term_string"}}],"inLanguage":"en-GB"},{"@type":"Organization","@id":"https:\/\/tibladin.dk\/#organization","name":"Tibladin","url":"https:\/\/tibladin.dk\/","logo":{"@type":"ImageObject","inLanguage":"en-GB","@id":"https:\/\/tibladin.dk\/#\/schema\/logo\/image\/","url":"https:\/\/tibladin.dk\/wp-content\/uploads\/2022\/09\/tibladin_logo.svg","contentUrl":"https:\/\/tibladin.dk\/wp-content\/uploads\/2022\/09\/tibladin_logo.svg","caption":"Tibladin"},"image":{"@id":"https:\/\/tibladin.dk\/#\/schema\/logo\/image\/"}}]}},"_links":{"self":[{"href":"https:\/\/tibladin.dk\/en\/wp-json\/wp\/v2\/product\/39493","targetHints":{"allow":["GET"]}}],"collection":[{"href":"https:\/\/tibladin.dk\/en\/wp-json\/wp\/v2\/product"}],"about":[{"href":"https:\/\/tibladin.dk\/en\/wp-json\/wp\/v2\/types\/product"}],"wp:featuredmedia":[{"embeddable":true,"href":"https:\/\/tibladin.dk\/en\/wp-json\/wp\/v2\/media\/39498"}],"wp:attachment":[{"href":"https:\/\/tibladin.dk\/en\/wp-json\/wp\/v2\/media?parent=39493"}],"wp:term":[{"taxonomy":"product_brand","embeddable":true,"href":"https:\/\/tibladin.dk\/en\/wp-json\/wp\/v2\/product_brand?post=39493"},{"taxonomy":"product_cat","embeddable":true,"href":"https:\/\/tibladin.dk\/en\/wp-json\/wp\/v2\/product_cat?post=39493"},{"taxonomy":"product_tag","embeddable":true,"href":"https:\/\/tibladin.dk\/en\/wp-json\/wp\/v2\/product_tag?post=39493"}],"curies":[{"name":"wp","href":"https:\/\/api.w.org\/{rel}","templated":true}]}}