{"id":40329,"date":"2025-10-03T13:33:27","date_gmt":"2025-10-03T11:33:27","guid":{"rendered":"https:\/\/tibladin.dk\/?post_type=product&#038;p=40329"},"modified":"2025-10-03T13:38:36","modified_gmt":"2025-10-03T11:38:36","slug":"moroccan-crochet-lamp-beige-atlas-light","status":"publish","type":"product","link":"https:\/\/tibladin.dk\/en\/produkt\/marokkanske-haeklet-lampe-beige-atlas-light\/","title":{"rendered":"Moroccan crochet lamp \u2013 BEIGE \u2013 ATLAS LIGHT"},"content":{"rendered":"<div class=\"wpb-content-wrapper\"><div class=\"vc_row wpb_row vc_row-fluid\"><div class=\"wpb_column vc_column_container vc_col-sm-4\"><div class=\"vc_column-inner\"><div class=\"wpb_wrapper\"><\/div><\/div><\/div><div class=\"wpb_column vc_column_container vc_col-sm-4\"><div class=\"vc_column-inner\"><div class=\"wpb_wrapper\"><h3 style=\"text-align: left\" class=\"vc_custom_heading vc_do_custom_heading\" >Maintenance<\/h3>\n\t<div class=\"wpb_text_column wpb_content_element\" >\n\t\t<div class=\"wpb_wrapper\">\n\t\t\t<p>Dust\/clean regularly with a feather duster.<\/p>\n<p>You can also use a lint roller or a handheld vacuum cleaner with an upholstery nozzle. They can also be wiped with a slightly damp cloth after dust has been removed using one of the methods above.<\/p>\n<p>The lamps are handmade, and there are small imperfections as well as small differences in shape and pattern.<\/p>\n\n\t\t<\/div>\n\t<\/div>\n<\/div><\/div><\/div><div class=\"wpb_column vc_column_container vc_col-sm-4\"><div class=\"vc_column-inner\"><div class=\"wpb_wrapper\"><h3 style=\"text-align: left\" class=\"vc_custom_heading vc_do_custom_heading\" >The story behind<\/h3>\n\t<div class=\"wpb_text_column wpb_content_element\" >\n\t\t<div class=\"wpb_wrapper\">\n\t\t\t<p>The lamps are handmade by women in a women&#039;s cooperative south of Marrakech.<\/p>\n<p>The women&#039;s cooperative employs 160 women and thus contributes to raising the standard of living of many families in the small village. A school and kindergarten have been established for the women&#039;s children, so that the children can receive education and be employed while the mothers work. It helps the standard of living of the many families in the small village.<\/p>\n\n\t\t<\/div>\n\t<\/div>\n<\/div><\/div><\/div><\/div>\n<\/div>","protected":false},"excerpt":{"rendered":"<p><strong>ATLAS LIGHT<\/strong> \u00d830 cm H90 cm. is a majestic and sculptural lamp, which with its harmonious layers of hand-crocheted patterns brings to mind the Moroccan Atlas Mountains and the characteristic silhouettes of traditional towers and minarets. The vertical shape makes the lamp ideal as a striking statement piece in high rooms, where it adds both warmth and character.<\/p>\n<p>Each lamp is meticulously handcrafted by women in a Moroccan cooperative, known for their unique craftsmanship and attention to detail. By choosing Atlas Light, you are not only bringing a piece of authentic craftsmanship into your home \u2013 you are also helping to support women&#039;s rights and create new opportunities in Morocco.<\/p>\n<p>The lamp&#039;s sand-colored shades and openwork structure spread a soft, atmospheric light that creates coziness and atmosphere both alone and in combination with other lamps.<\/p>\n<p data-start=\"632\" data-end=\"728\">\ud83d\udc49 Note: Socket and cable not included - the screen is easily attached to an existing socket.<\/p>\n<p>&nbsp;<\/p>\n<p>&nbsp;<\/p>\n<p>&nbsp;<\/p>","protected":false},"featured_media":40187,"template":"","meta":{"inline_featured_image":false},"product_brand":[],"product_cat":[177,67],"product_tag":[],"class_list":{"0":"post-40329","1":"product","2":"type-product","3":"status-publish","4":"has-post-thumbnail","6":"product_cat-haeklede-lamper","7":"product_cat-lamper","9":"first","10":"instock","11":"taxable","12":"shipping-taxable","13":"purchasable","14":"product-type-simple"},"exclude_global_add_ons":false,"addons":[{"name":"Do you want gift wrapping?","type":"checkbox","position":0,"required":false,"title_format":"label","default":"","description_enable":false,"description":"","placeholder_enable":false,"placeholder":"","display":"images","restrictions_type":"any_text","adjust_price":false,"price":"","price_type":"flat_fee","restrictions":false,"min":"0","max":"0","options":[{"label":"Ja tak","price":"10","price_type":"flat_fee","image":11015,"visibility":true}],"id":1669646111}],"yoast_head":"<!-- This site is optimized with the Yoast SEO plugin v27.4 - https:\/\/yoast.com\/product\/yoast-seo-wordpress\/ -->\n<title>Marokkansk h\u00e6klet pendel-lampe i viskose | H\u00e5ndlavet i Marrakech Tibladin<\/title>\n<meta name=\"description\" content=\"Flot marokkansk lampe h\u00e5ndh\u00e6klet i kvindekooperativ. Giver et hyggeligt og afslappet boheme look til din boligindretning \u21d2 Se den her!\" \/>\n<meta name=\"robots\" content=\"index, follow, max-snippet:-1, max-image-preview:large, max-video-preview:-1\" \/>\n<link rel=\"canonical\" href=\"https:\/\/tibladin.dk\/en\/product-4\/moroccan-crochet-lamp-beige-atlas-light\/\" \/>\n<meta property=\"og:locale\" content=\"en_GB\" \/>\n<meta property=\"og:type\" content=\"article\" \/>\n<meta property=\"og:title\" content=\"Marokkansk h\u00e6klet pendel-lampe i viskose | H\u00e5ndlavet i Marrakech Tibladin\" \/>\n<meta property=\"og:description\" content=\"Flot marokkansk lampe h\u00e5ndh\u00e6klet i kvindekooperativ. Giver et hyggeligt og afslappet boheme look til din boligindretning \u21d2 Se den her!\" \/>\n<meta property=\"og:url\" content=\"https:\/\/tibladin.dk\/en\/product-4\/moroccan-crochet-lamp-beige-atlas-light\/\" \/>\n<meta property=\"og:site_name\" content=\"Tibladin\" \/>\n<meta property=\"article:modified_time\" content=\"2025-10-03T11:38:36+00:00\" \/>\n<meta property=\"og:image\" content=\"https:\/\/tibladin.dk\/wp-content\/uploads\/2025\/10\/SAHARA-light-lampe_beige_1.jpg\" \/>\n\t<meta property=\"og:image:width\" content=\"800\" \/>\n\t<meta property=\"og:image:height\" content=\"800\" \/>\n\t<meta property=\"og:image:type\" content=\"image\/jpeg\" \/>\n<meta name=\"twitter:card\" content=\"summary_large_image\" \/>\n<meta name=\"twitter:label1\" content=\"Estimated reading time\" \/>\n\t<meta name=\"twitter:data1\" content=\"2 minutes\" \/>\n<script type=\"application\/ld+json\" class=\"yoast-schema-graph\">{\"@context\":\"https:\\\/\\\/schema.org\",\"@graph\":[{\"@type\":\"WebPage\",\"@id\":\"https:\\\/\\\/tibladin.dk\\\/produkt\\\/marokkanske-haeklet-lampe-beige-atlas-light\\\/\",\"url\":\"https:\\\/\\\/tibladin.dk\\\/produkt\\\/marokkanske-haeklet-lampe-beige-atlas-light\\\/\",\"name\":\"Marokkansk h\u00e6klet pendel-lampe i viskose | H\u00e5ndlavet i Marrakech Tibladin\",\"isPartOf\":{\"@id\":\"https:\\\/\\\/tibladin.dk\\\/#website\"},\"primaryImageOfPage\":{\"@id\":\"https:\\\/\\\/tibladin.dk\\\/produkt\\\/marokkanske-haeklet-lampe-beige-atlas-light\\\/#primaryimage\"},\"image\":{\"@id\":\"https:\\\/\\\/tibladin.dk\\\/produkt\\\/marokkanske-haeklet-lampe-beige-atlas-light\\\/#primaryimage\"},\"thumbnailUrl\":\"https:\\\/\\\/tibladin.dk\\\/wp-content\\\/uploads\\\/2025\\\/10\\\/SAHARA-light-lampe_beige_1.jpg\",\"datePublished\":\"2025-10-03T11:33:27+00:00\",\"dateModified\":\"2025-10-03T11:38:36+00:00\",\"description\":\"Flot marokkansk lampe h\u00e5ndh\u00e6klet i kvindekooperativ. Giver et hyggeligt og afslappet boheme look til din boligindretning \u21d2 Se den her!\",\"breadcrumb\":{\"@id\":\"https:\\\/\\\/tibladin.dk\\\/produkt\\\/marokkanske-haeklet-lampe-beige-atlas-light\\\/#breadcrumb\"},\"inLanguage\":\"en-GB\",\"potentialAction\":[{\"@type\":\"ReadAction\",\"target\":[\"https:\\\/\\\/tibladin.dk\\\/produkt\\\/marokkanske-haeklet-lampe-beige-atlas-light\\\/\"]}]},{\"@type\":\"ImageObject\",\"inLanguage\":\"en-GB\",\"@id\":\"https:\\\/\\\/tibladin.dk\\\/produkt\\\/marokkanske-haeklet-lampe-beige-atlas-light\\\/#primaryimage\",\"url\":\"https:\\\/\\\/tibladin.dk\\\/wp-content\\\/uploads\\\/2025\\\/10\\\/SAHARA-light-lampe_beige_1.jpg\",\"contentUrl\":\"https:\\\/\\\/tibladin.dk\\\/wp-content\\\/uploads\\\/2025\\\/10\\\/SAHARA-light-lampe_beige_1.jpg\",\"width\":800,\"height\":800,\"caption\":\"marokkansk h\u00e6klet lampe- atlas ligt\"},{\"@type\":\"BreadcrumbList\",\"@id\":\"https:\\\/\\\/tibladin.dk\\\/produkt\\\/marokkanske-haeklet-lampe-beige-atlas-light\\\/#breadcrumb\",\"itemListElement\":[{\"@type\":\"ListItem\",\"position\":1,\"name\":\"Hjem\",\"item\":\"https:\\\/\\\/tibladin.dk\\\/\"},{\"@type\":\"ListItem\",\"position\":2,\"name\":\"Shop\",\"item\":\"https:\\\/\\\/tibladin.dk\\\/shop\\\/\"},{\"@type\":\"ListItem\",\"position\":3,\"name\":\"Marokkanske h\u00e6klet lampe &#8211; BEIGE &#8211; ATLAS LIGHT\"}]},{\"@type\":\"WebSite\",\"@id\":\"https:\\\/\\\/tibladin.dk\\\/#website\",\"url\":\"https:\\\/\\\/tibladin.dk\\\/\",\"name\":\"Tibladin\",\"description\":\"Tibladin\",\"publisher\":{\"@id\":\"https:\\\/\\\/tibladin.dk\\\/#organization\"},\"potentialAction\":[{\"@type\":\"SearchAction\",\"target\":{\"@type\":\"EntryPoint\",\"urlTemplate\":\"https:\\\/\\\/tibladin.dk\\\/?s={search_term_string}\"},\"query-input\":{\"@type\":\"PropertyValueSpecification\",\"valueRequired\":true,\"valueName\":\"search_term_string\"}}],\"inLanguage\":\"en-GB\"},{\"@type\":\"Organization\",\"@id\":\"https:\\\/\\\/tibladin.dk\\\/#organization\",\"name\":\"Tibladin\",\"url\":\"https:\\\/\\\/tibladin.dk\\\/\",\"logo\":{\"@type\":\"ImageObject\",\"inLanguage\":\"en-GB\",\"@id\":\"https:\\\/\\\/tibladin.dk\\\/#\\\/schema\\\/logo\\\/image\\\/\",\"url\":\"https:\\\/\\\/tibladin.dk\\\/wp-content\\\/uploads\\\/2022\\\/09\\\/tibladin_logo.svg\",\"contentUrl\":\"https:\\\/\\\/tibladin.dk\\\/wp-content\\\/uploads\\\/2022\\\/09\\\/tibladin_logo.svg\",\"caption\":\"Tibladin\"},\"image\":{\"@id\":\"https:\\\/\\\/tibladin.dk\\\/#\\\/schema\\\/logo\\\/image\\\/\"}}]}<\/script>\n<!-- \/ Yoast SEO plugin. -->","yoast_head_json":{"title":"Moroccan crocheted pendant lamp in viscose | Handmade in Marrakech Tibladin","description":"Beautiful Moroccan lamp hand crocheted in a women&#039;s cooperative. Gives a cozy and relaxed bohemian look to your home decor \u21d2 See it here!","robots":{"index":"index","follow":"follow","max-snippet":"max-snippet:-1","max-image-preview":"max-image-preview:large","max-video-preview":"max-video-preview:-1"},"canonical":"https:\/\/tibladin.dk\/en\/product-4\/moroccan-crochet-lamp-beige-atlas-light\/","og_locale":"en_GB","og_type":"article","og_title":"Marokkansk h\u00e6klet pendel-lampe i viskose | H\u00e5ndlavet i Marrakech Tibladin","og_description":"Flot marokkansk lampe h\u00e5ndh\u00e6klet i kvindekooperativ. Giver et hyggeligt og afslappet boheme look til din boligindretning \u21d2 Se den her!","og_url":"https:\/\/tibladin.dk\/en\/product-4\/moroccan-crochet-lamp-beige-atlas-light\/","og_site_name":"Tibladin","article_modified_time":"2025-10-03T11:38:36+00:00","og_image":[{"width":800,"height":800,"url":"https:\/\/tibladin.dk\/wp-content\/uploads\/2025\/10\/SAHARA-light-lampe_beige_1.jpg","type":"image\/jpeg"}],"twitter_card":"summary_large_image","twitter_misc":{"Estimated reading time":"2 minutes"},"schema":{"@context":"https:\/\/schema.org","@graph":[{"@type":"WebPage","@id":"https:\/\/tibladin.dk\/produkt\/marokkanske-haeklet-lampe-beige-atlas-light\/","url":"https:\/\/tibladin.dk\/produkt\/marokkanske-haeklet-lampe-beige-atlas-light\/","name":"Moroccan crocheted pendant lamp in viscose | Handmade in Marrakech Tibladin","isPartOf":{"@id":"https:\/\/tibladin.dk\/#website"},"primaryImageOfPage":{"@id":"https:\/\/tibladin.dk\/produkt\/marokkanske-haeklet-lampe-beige-atlas-light\/#primaryimage"},"image":{"@id":"https:\/\/tibladin.dk\/produkt\/marokkanske-haeklet-lampe-beige-atlas-light\/#primaryimage"},"thumbnailUrl":"https:\/\/tibladin.dk\/wp-content\/uploads\/2025\/10\/SAHARA-light-lampe_beige_1.jpg","datePublished":"2025-10-03T11:33:27+00:00","dateModified":"2025-10-03T11:38:36+00:00","description":"Beautiful Moroccan lamp hand crocheted in a women&#039;s cooperative. Gives a cozy and relaxed bohemian look to your home decor \u21d2 See it here!","breadcrumb":{"@id":"https:\/\/tibladin.dk\/produkt\/marokkanske-haeklet-lampe-beige-atlas-light\/#breadcrumb"},"inLanguage":"en-GB","potentialAction":[{"@type":"ReadAction","target":["https:\/\/tibladin.dk\/produkt\/marokkanske-haeklet-lampe-beige-atlas-light\/"]}]},{"@type":"ImageObject","inLanguage":"en-GB","@id":"https:\/\/tibladin.dk\/produkt\/marokkanske-haeklet-lampe-beige-atlas-light\/#primaryimage","url":"https:\/\/tibladin.dk\/wp-content\/uploads\/2025\/10\/SAHARA-light-lampe_beige_1.jpg","contentUrl":"https:\/\/tibladin.dk\/wp-content\/uploads\/2025\/10\/SAHARA-light-lampe_beige_1.jpg","width":800,"height":800,"caption":"marokkansk h\u00e6klet lampe- atlas ligt"},{"@type":"BreadcrumbList","@id":"https:\/\/tibladin.dk\/produkt\/marokkanske-haeklet-lampe-beige-atlas-light\/#breadcrumb","itemListElement":[{"@type":"ListItem","position":1,"name":"Hjem","item":"https:\/\/tibladin.dk\/"},{"@type":"ListItem","position":2,"name":"Shop","item":"https:\/\/tibladin.dk\/shop\/"},{"@type":"ListItem","position":3,"name":"Marokkanske h\u00e6klet lampe &#8211; BEIGE &#8211; ATLAS LIGHT"}]},{"@type":"WebSite","@id":"https:\/\/tibladin.dk\/#website","url":"https:\/\/tibladin.dk\/","name":"Tibladin","description":"Tibladin","publisher":{"@id":"https:\/\/tibladin.dk\/#organization"},"potentialAction":[{"@type":"SearchAction","target":{"@type":"EntryPoint","urlTemplate":"https:\/\/tibladin.dk\/?s={search_term_string}"},"query-input":{"@type":"PropertyValueSpecification","valueRequired":true,"valueName":"search_term_string"}}],"inLanguage":"en-GB"},{"@type":"Organization","@id":"https:\/\/tibladin.dk\/#organization","name":"Tibladin","url":"https:\/\/tibladin.dk\/","logo":{"@type":"ImageObject","inLanguage":"en-GB","@id":"https:\/\/tibladin.dk\/#\/schema\/logo\/image\/","url":"https:\/\/tibladin.dk\/wp-content\/uploads\/2022\/09\/tibladin_logo.svg","contentUrl":"https:\/\/tibladin.dk\/wp-content\/uploads\/2022\/09\/tibladin_logo.svg","caption":"Tibladin"},"image":{"@id":"https:\/\/tibladin.dk\/#\/schema\/logo\/image\/"}}]}},"_links":{"self":[{"href":"https:\/\/tibladin.dk\/en\/wp-json\/wp\/v2\/product\/40329","targetHints":{"allow":["GET"]}}],"collection":[{"href":"https:\/\/tibladin.dk\/en\/wp-json\/wp\/v2\/product"}],"about":[{"href":"https:\/\/tibladin.dk\/en\/wp-json\/wp\/v2\/types\/product"}],"wp:featuredmedia":[{"embeddable":true,"href":"https:\/\/tibladin.dk\/en\/wp-json\/wp\/v2\/media\/40187"}],"wp:attachment":[{"href":"https:\/\/tibladin.dk\/en\/wp-json\/wp\/v2\/media?parent=40329"}],"wp:term":[{"taxonomy":"product_brand","embeddable":true,"href":"https:\/\/tibladin.dk\/en\/wp-json\/wp\/v2\/product_brand?post=40329"},{"taxonomy":"product_cat","embeddable":true,"href":"https:\/\/tibladin.dk\/en\/wp-json\/wp\/v2\/product_cat?post=40329"},{"taxonomy":"product_tag","embeddable":true,"href":"https:\/\/tibladin.dk\/en\/wp-json\/wp\/v2\/product_tag?post=40329"}],"curies":[{"name":"wp","href":"https:\/\/api.w.org\/{rel}","templated":true}]}}