{"id":40379,"date":"2025-10-06T10:55:18","date_gmt":"2025-10-06T08:55:18","guid":{"rendered":"https:\/\/tibladin.dk\/?post_type=product&#038;p=40379"},"modified":"2026-02-06T18:48:26","modified_gmt":"2026-02-06T17:48:26","slug":"berber-carpet-vintage-124x272-cm-amiyah","status":"publish","type":"product","link":"https:\/\/tibladin.dk\/en\/produkt\/berbertaeppe-vintage-124x272-cm-amiyah\/","title":{"rendered":"Berber carpet vintage 124\u00d7272 cm. \u2013 AMIYAH"},"content":{"rendered":"<div class=\"wpb-content-wrapper\"><div class=\"vc_row wpb_row vc_row-fluid\"><div class=\"wpb_column vc_column_container vc_col-sm-12\"><div class=\"vc_column-inner\"><div class=\"wpb_wrapper\">\n\t<div class=\"wpb_text_column wpb_content_element\" >\n\t\t<div class=\"wpb_wrapper\">\n\t\t\t<p>!<\/p>\n\n\t\t<\/div>\n\t<\/div>\n<\/div><\/div><\/div><\/div><div class=\"vc_row wpb_row vc_row-fluid\"><div class=\"wpb_column vc_column_container vc_col-sm-4\"><div class=\"vc_column-inner\"><div class=\"wpb_wrapper\"><\/div><\/div><\/div><div class=\"wpb_column vc_column_container vc_col-sm-4\"><div class=\"vc_column-inner\"><div class=\"wpb_wrapper\"><h3 style=\"text-align: left\" class=\"vc_custom_heading vc_do_custom_heading\" >Maintenance of Boujaad carpets<\/h3>\n\t<div class=\"wpb_text_column wpb_content_element\" >\n\t\t<div class=\"wpb_wrapper\">\n\t\t\t<h4 data-start=\"1275\" data-end=\"1316\">Maintenance of Boujaad carpets<\/h4>\n<p data-start=\"1318\" data-end=\"1433\">Although Boujaad rugs are robust, their vibrant colors and fine weaving are best preserved with a little extra care:<\/p>\n<ol data-start=\"1435\" data-end=\"2308\">\n<li data-start=\"1435\" data-end=\"1634\">\n<p data-start=\"1438\" data-end=\"1455\"><strong data-start=\"1438\" data-end=\"1453\">Vacuuming<\/strong><\/p>\n<ul data-start=\"1459\" data-end=\"1634\">\n<li data-start=\"1459\" data-end=\"1534\">\n<p data-start=\"1461\" data-end=\"1534\">Vacuum regularly, but use low suction and preferably without a rotating brush.<\/p>\n<\/li>\n<li data-start=\"1538\" data-end=\"1634\">\n<p data-start=\"1540\" data-end=\"1634\">Vacuum both sides a few times a year to remove dust that is deep in the weave.<\/p>\n<\/li>\n<\/ul>\n<\/li>\n<li data-start=\"1636\" data-end=\"1778\">\n<p data-start=\"1639\" data-end=\"1655\"><strong data-start=\"1639\" data-end=\"1653\">Venting<\/strong><\/p>\n<ul data-start=\"1659\" data-end=\"1778\">\n<li data-start=\"1659\" data-end=\"1778\">\n<p data-start=\"1661\" data-end=\"1778\">Air the carpet out a few times a year, preferably in dry, light sunshine \u2013 but avoid strong midday sun as the colors may fade.<\/p>\n<\/li>\n<\/ul>\n<\/li>\n<li data-start=\"1780\" data-end=\"1920\">\n<p data-start=\"1783\" data-end=\"1801\"><strong data-start=\"1783\" data-end=\"1799\">Stain removal<\/strong><\/p>\n<ul data-start=\"1805\" data-end=\"1920\">\n<li data-start=\"1805\" data-end=\"1920\">\n<p data-start=\"1807\" data-end=\"1920\">Remove stains immediately. Dab gently with a damp cloth and use mild wool soap if necessary. Avoid rubbing hard.<\/p>\n<\/li>\n<\/ul>\n<\/li>\n<li data-start=\"1922\" data-end=\"2060\">\n<p data-start=\"1925\" data-end=\"1948\"><strong data-start=\"1925\" data-end=\"1946\">Professional washing<\/strong><\/p>\n<ul data-start=\"1952\" data-end=\"2060\">\n<li data-start=\"1952\" data-end=\"2060\">\n<p data-start=\"1954\" data-end=\"2060\">Have the rug professionally cleaned every 3-5 years at a dry cleaner that has experience with handmade wool rugs.<\/p>\n<\/li>\n<\/ul>\n<\/li>\n<li data-start=\"2062\" data-end=\"2159\">\n<p data-start=\"2065\" data-end=\"2079\"><strong data-start=\"2065\" data-end=\"2077\">Rotation<\/strong><\/p>\n<ul data-start=\"2083\" data-end=\"2159\">\n<li data-start=\"2083\" data-end=\"2159\">\n<p data-start=\"2085\" data-end=\"2159\">Turn the carpet a few times a year so that wear and sun fading are distributed evenly.<\/p>\n<\/li>\n<\/ul>\n<\/li>\n<\/ol>\n\n\t\t<\/div>\n\t<\/div>\n<\/div><\/div><\/div><div class=\"wpb_column vc_column_container vc_col-sm-4\"><div class=\"vc_column-inner\"><div class=\"wpb_wrapper\"><h3 style=\"text-align: left\" class=\"vc_custom_heading vc_do_custom_heading\" >The story behind Boujaad carpets<\/h3>\n\t<div class=\"wpb_text_column wpb_content_element\" >\n\t\t<div class=\"wpb_wrapper\">\n\t\t\t<h4 data-start=\"193\" data-end=\"229\">The story behind Boujaad carpets<\/h4>\n<p data-start=\"231\" data-end=\"393\">Boujaad carpets originate from <strong data-start=\"258\" data-end=\"276\">Haouz Region<\/strong> in central Morocco, near the town of Boujaad, and is known for some of the most colorful and artistic Berber carpets.<\/p>\n<p data-start=\"395\" data-end=\"661\">They were traditionally woven by Berber women as part of their <strong data-start=\"459\" data-end=\"470\">dowry<\/strong> \u2013 a kind of visual diary, in which the weaver incorporated symbols of love, fertility, protection and the cycle of life. This makes each Boujaad rug unique and full of personal history.<\/p>\n<p data-start=\"663\" data-end=\"696\">Boujaad carpets are characterized by:<\/p>\n<ul data-start=\"698\" data-end=\"1025\">\n<li data-start=\"698\" data-end=\"800\">\n<p data-start=\"700\" data-end=\"800\"><strong data-start=\"700\" data-end=\"718\">Vibrant colors<\/strong> \u2013 often in shades of pink, orange, red and blue, created with natural plant dyes.<\/p>\n<\/li>\n<li data-start=\"801\" data-end=\"916\">\n<p data-start=\"803\" data-end=\"916\"><strong data-start=\"803\" data-end=\"829\">Creative, free patterns<\/strong> \u2013 no two rugs are alike. They can be geometric, abstract or almost painterly.<\/p>\n<\/li>\n<li data-start=\"917\" data-end=\"1025\">\n<p data-start=\"919\" data-end=\"1025\"><strong data-start=\"919\" data-end=\"946\">Soft and slightly lower pile<\/strong> than Beni Ouarain and Beni Mguild, which gives them a light and flexible expression.<\/p>\n<\/li>\n<\/ul>\n<p data-start=\"1027\" data-end=\"1268\">Today, Boujaad rugs are much loved by designers and collectors because they combine <strong data-start=\"1108\" data-end=\"1130\">bohemian-colorfulness<\/strong> with authentic craftsmanship. They can function both as statement pieces in modern homes and as warm, soulful elements in classic interiors.<\/p>\n\n\t\t<\/div>\n\t<\/div>\n<\/div><\/div><\/div><\/div>\n<\/div>","protected":false},"excerpt":{"rendered":"<p data-start=\"38\" data-end=\"312\">This unique vintage Boujaad rug, <em data-start=\"93\" data-end=\"101\">Amiyah<\/em>, is a true piece of Moroccan craftsmanship filled with soul and history. Woven in the Boujaad region of the Atlas Mountains by skilled Berber women, each small symbol tells its own story of life, love and nature.<\/p>\n<p data-start=\"314\" data-end=\"624\">The soft shades of sand, pink and mint combined with small color explosions in pink, turquoise and green give the rug a vibrant yet harmonious expression. The classic pattern in small squares creates a beautiful balance between structure and spontaneity - perfect for those who want an interior with both warmth and personality.<\/p>\n<p data-start=\"626\" data-end=\"832\">Boujaad rugs like this are rare and sought after for their unique play of colors and craftsmanship. <em data-start=\"735\" data-end=\"743\">Amiyah <\/em>Ideal as a runner in an entrance hall, in front of the bed or as a statement piece in the living room.<\/p>\n<p data-start=\"834\" data-end=\"849\"><strong data-start=\"834\" data-end=\"847\">Details:<\/strong><\/p>\n<ul data-start=\"850\" data-end=\"1033\">\n<li data-start=\"850\" data-end=\"871\">\n<p data-start=\"852\" data-end=\"871\">Dimensions: 124 x 272 cm<\/p>\n<\/li>\n<li data-start=\"872\" data-end=\"921\">\n<p data-start=\"874\" data-end=\"921\">Handwoven in wool from the Boujaad region, Morocco<\/p>\n<\/li>\n<li data-start=\"922\" data-end=\"979\">\n<p data-start=\"924\" data-end=\"979\">Vintage \u2013 a unique piece that bears the natural patina of time<\/p>\n<\/li>\n<li data-start=\"980\" data-end=\"1033\">\n<p data-start=\"982\" data-end=\"1033\">100 % handmade and colored with natural pigments<\/p>\n<\/li>\n<\/ul>","protected":false},"featured_media":40385,"template":"","meta":{"inline_featured_image":false},"product_brand":[],"product_cat":[143,59],"product_tag":[],"class_list":{"0":"post-40379","1":"product","2":"type-product","3":"status-publish","4":"has-post-thumbnail","6":"product_cat-berbertaepper","7":"product_cat-marokkanske-taepper","9":"first","10":"instock","11":"taxable","12":"shipping-taxable","13":"purchasable","14":"product-type-simple"},"exclude_global_add_ons":[],"addons":[],"yoast_head":"<!-- This site is optimized with the Yoast SEO plugin v27.4 - https:\/\/yoast.com\/product\/yoast-seo-wordpress\/ -->\n<title>Berbert\u00e6ppe | Marokkansk t\u00e6ppe | Kig her lige nu!<\/title>\n<meta name=\"description\" content=\"Unikt vintage BOUJ\u00c0AD t\u00e6ppe 124x272 cm.en dejlig lang l\u00f8ber. H\u00e5ndv\u00e6vet i Marokko af 100% uld i med mange l\u00e6kre farver. Kun \u00e9t eksemplar.\" \/>\n<meta name=\"robots\" content=\"index, follow, max-snippet:-1, max-image-preview:large, max-video-preview:-1\" \/>\n<link rel=\"canonical\" href=\"https:\/\/tibladin.dk\/en\/product-4\/berber-carpet-vintage-124x272-cm-amiyah\/\" \/>\n<meta property=\"og:locale\" content=\"en_GB\" \/>\n<meta property=\"og:type\" content=\"article\" \/>\n<meta property=\"og:title\" content=\"Berbert\u00e6ppe | Marokkansk t\u00e6ppe | Kig her lige nu!\" \/>\n<meta property=\"og:description\" content=\"Unikt vintage BOUJ\u00c0AD t\u00e6ppe 124x272 cm.en dejlig lang l\u00f8ber. H\u00e5ndv\u00e6vet i Marokko af 100% uld i med mange l\u00e6kre farver. Kun \u00e9t eksemplar.\" \/>\n<meta property=\"og:url\" content=\"https:\/\/tibladin.dk\/en\/product-4\/berber-carpet-vintage-124x272-cm-amiyah\/\" \/>\n<meta property=\"og:site_name\" content=\"Tibladin\" \/>\n<meta property=\"article:modified_time\" content=\"2026-02-06T17:48:26+00:00\" \/>\n<meta property=\"og:image\" content=\"https:\/\/tibladin.dk\/wp-content\/uploads\/2025\/10\/Boujaad-taeppe-AMIYAH_6.jpg\" \/>\n\t<meta property=\"og:image:width\" content=\"800\" \/>\n\t<meta property=\"og:image:height\" content=\"800\" \/>\n\t<meta property=\"og:image:type\" content=\"image\/jpeg\" \/>\n<meta name=\"twitter:card\" content=\"summary_large_image\" \/>\n<meta name=\"twitter:label1\" content=\"Estimated reading time\" \/>\n\t<meta name=\"twitter:data1\" content=\"3 minutes\" \/>\n<script type=\"application\/ld+json\" class=\"yoast-schema-graph\">{\"@context\":\"https:\\\/\\\/schema.org\",\"@graph\":[{\"@type\":\"WebPage\",\"@id\":\"https:\\\/\\\/tibladin.dk\\\/produkt\\\/berbertaeppe-vintage-124x272-cm-amiyah\\\/\",\"url\":\"https:\\\/\\\/tibladin.dk\\\/produkt\\\/berbertaeppe-vintage-124x272-cm-amiyah\\\/\",\"name\":\"Berbert\u00e6ppe | Marokkansk t\u00e6ppe | Kig her lige nu!\",\"isPartOf\":{\"@id\":\"https:\\\/\\\/tibladin.dk\\\/#website\"},\"primaryImageOfPage\":{\"@id\":\"https:\\\/\\\/tibladin.dk\\\/produkt\\\/berbertaeppe-vintage-124x272-cm-amiyah\\\/#primaryimage\"},\"image\":{\"@id\":\"https:\\\/\\\/tibladin.dk\\\/produkt\\\/berbertaeppe-vintage-124x272-cm-amiyah\\\/#primaryimage\"},\"thumbnailUrl\":\"https:\\\/\\\/tibladin.dk\\\/wp-content\\\/uploads\\\/2025\\\/10\\\/Boujaad-taeppe-AMIYAH_6.jpg\",\"datePublished\":\"2025-10-06T08:55:18+00:00\",\"dateModified\":\"2026-02-06T17:48:26+00:00\",\"description\":\"Unikt vintage BOUJ\u00c0AD t\u00e6ppe 124x272 cm.en dejlig lang l\u00f8ber. H\u00e5ndv\u00e6vet i Marokko af 100% uld i med mange l\u00e6kre farver. Kun \u00e9t eksemplar.\",\"breadcrumb\":{\"@id\":\"https:\\\/\\\/tibladin.dk\\\/produkt\\\/berbertaeppe-vintage-124x272-cm-amiyah\\\/#breadcrumb\"},\"inLanguage\":\"en-GB\",\"potentialAction\":[{\"@type\":\"ReadAction\",\"target\":[\"https:\\\/\\\/tibladin.dk\\\/produkt\\\/berbertaeppe-vintage-124x272-cm-amiyah\\\/\"]}]},{\"@type\":\"ImageObject\",\"inLanguage\":\"en-GB\",\"@id\":\"https:\\\/\\\/tibladin.dk\\\/produkt\\\/berbertaeppe-vintage-124x272-cm-amiyah\\\/#primaryimage\",\"url\":\"https:\\\/\\\/tibladin.dk\\\/wp-content\\\/uploads\\\/2025\\\/10\\\/Boujaad-taeppe-AMIYAH_6.jpg\",\"contentUrl\":\"https:\\\/\\\/tibladin.dk\\\/wp-content\\\/uploads\\\/2025\\\/10\\\/Boujaad-taeppe-AMIYAH_6.jpg\",\"width\":800,\"height\":800,\"caption\":\"Amiyah boujaad t\u00e6ppe i rosa nuancer med s\u00e5 hjerter\"},{\"@type\":\"BreadcrumbList\",\"@id\":\"https:\\\/\\\/tibladin.dk\\\/produkt\\\/berbertaeppe-vintage-124x272-cm-amiyah\\\/#breadcrumb\",\"itemListElement\":[{\"@type\":\"ListItem\",\"position\":1,\"name\":\"Hjem\",\"item\":\"https:\\\/\\\/tibladin.dk\\\/\"},{\"@type\":\"ListItem\",\"position\":2,\"name\":\"Shop\",\"item\":\"https:\\\/\\\/tibladin.dk\\\/shop\\\/\"},{\"@type\":\"ListItem\",\"position\":3,\"name\":\"Berbert\u00e6ppe vintage 124&#215;272 cm. &#8211; AMIYAH\"}]},{\"@type\":\"WebSite\",\"@id\":\"https:\\\/\\\/tibladin.dk\\\/#website\",\"url\":\"https:\\\/\\\/tibladin.dk\\\/\",\"name\":\"Tibladin\",\"description\":\"Tibladin\",\"publisher\":{\"@id\":\"https:\\\/\\\/tibladin.dk\\\/#organization\"},\"potentialAction\":[{\"@type\":\"SearchAction\",\"target\":{\"@type\":\"EntryPoint\",\"urlTemplate\":\"https:\\\/\\\/tibladin.dk\\\/?s={search_term_string}\"},\"query-input\":{\"@type\":\"PropertyValueSpecification\",\"valueRequired\":true,\"valueName\":\"search_term_string\"}}],\"inLanguage\":\"en-GB\"},{\"@type\":\"Organization\",\"@id\":\"https:\\\/\\\/tibladin.dk\\\/#organization\",\"name\":\"Tibladin\",\"url\":\"https:\\\/\\\/tibladin.dk\\\/\",\"logo\":{\"@type\":\"ImageObject\",\"inLanguage\":\"en-GB\",\"@id\":\"https:\\\/\\\/tibladin.dk\\\/#\\\/schema\\\/logo\\\/image\\\/\",\"url\":\"https:\\\/\\\/tibladin.dk\\\/wp-content\\\/uploads\\\/2022\\\/09\\\/tibladin_logo.svg\",\"contentUrl\":\"https:\\\/\\\/tibladin.dk\\\/wp-content\\\/uploads\\\/2022\\\/09\\\/tibladin_logo.svg\",\"caption\":\"Tibladin\"},\"image\":{\"@id\":\"https:\\\/\\\/tibladin.dk\\\/#\\\/schema\\\/logo\\\/image\\\/\"}}]}<\/script>\n<!-- \/ Yoast SEO plugin. -->","yoast_head_json":{"title":"Berber carpet | Moroccan rug | Look here right now!","description":"Unique vintage BOUJ\u00c0AD rug 124x272 cm. a lovely long runner. Handwoven in Morocco from 100% wool in many delicious colors. Only one copy.","robots":{"index":"index","follow":"follow","max-snippet":"max-snippet:-1","max-image-preview":"max-image-preview:large","max-video-preview":"max-video-preview:-1"},"canonical":"https:\/\/tibladin.dk\/en\/product-4\/berber-carpet-vintage-124x272-cm-amiyah\/","og_locale":"en_GB","og_type":"article","og_title":"Berbert\u00e6ppe | Marokkansk t\u00e6ppe | Kig her lige nu!","og_description":"Unikt vintage BOUJ\u00c0AD t\u00e6ppe 124x272 cm.en dejlig lang l\u00f8ber. H\u00e5ndv\u00e6vet i Marokko af 100% uld i med mange l\u00e6kre farver. Kun \u00e9t eksemplar.","og_url":"https:\/\/tibladin.dk\/en\/product-4\/berber-carpet-vintage-124x272-cm-amiyah\/","og_site_name":"Tibladin","article_modified_time":"2026-02-06T17:48:26+00:00","og_image":[{"width":800,"height":800,"url":"https:\/\/tibladin.dk\/wp-content\/uploads\/2025\/10\/Boujaad-taeppe-AMIYAH_6.jpg","type":"image\/jpeg"}],"twitter_card":"summary_large_image","twitter_misc":{"Estimated reading time":"3 minutes"},"schema":{"@context":"https:\/\/schema.org","@graph":[{"@type":"WebPage","@id":"https:\/\/tibladin.dk\/produkt\/berbertaeppe-vintage-124x272-cm-amiyah\/","url":"https:\/\/tibladin.dk\/produkt\/berbertaeppe-vintage-124x272-cm-amiyah\/","name":"Berber carpet | Moroccan rug | Look here right now!","isPartOf":{"@id":"https:\/\/tibladin.dk\/#website"},"primaryImageOfPage":{"@id":"https:\/\/tibladin.dk\/produkt\/berbertaeppe-vintage-124x272-cm-amiyah\/#primaryimage"},"image":{"@id":"https:\/\/tibladin.dk\/produkt\/berbertaeppe-vintage-124x272-cm-amiyah\/#primaryimage"},"thumbnailUrl":"https:\/\/tibladin.dk\/wp-content\/uploads\/2025\/10\/Boujaad-taeppe-AMIYAH_6.jpg","datePublished":"2025-10-06T08:55:18+00:00","dateModified":"2026-02-06T17:48:26+00:00","description":"Unique vintage BOUJ\u00c0AD rug 124x272 cm. a lovely long runner. Handwoven in Morocco from 100% wool in many delicious colors. Only one copy.","breadcrumb":{"@id":"https:\/\/tibladin.dk\/produkt\/berbertaeppe-vintage-124x272-cm-amiyah\/#breadcrumb"},"inLanguage":"en-GB","potentialAction":[{"@type":"ReadAction","target":["https:\/\/tibladin.dk\/produkt\/berbertaeppe-vintage-124x272-cm-amiyah\/"]}]},{"@type":"ImageObject","inLanguage":"en-GB","@id":"https:\/\/tibladin.dk\/produkt\/berbertaeppe-vintage-124x272-cm-amiyah\/#primaryimage","url":"https:\/\/tibladin.dk\/wp-content\/uploads\/2025\/10\/Boujaad-taeppe-AMIYAH_6.jpg","contentUrl":"https:\/\/tibladin.dk\/wp-content\/uploads\/2025\/10\/Boujaad-taeppe-AMIYAH_6.jpg","width":800,"height":800,"caption":"Amiyah boujaad t\u00e6ppe i rosa nuancer med s\u00e5 hjerter"},{"@type":"BreadcrumbList","@id":"https:\/\/tibladin.dk\/produkt\/berbertaeppe-vintage-124x272-cm-amiyah\/#breadcrumb","itemListElement":[{"@type":"ListItem","position":1,"name":"Hjem","item":"https:\/\/tibladin.dk\/"},{"@type":"ListItem","position":2,"name":"Shop","item":"https:\/\/tibladin.dk\/shop\/"},{"@type":"ListItem","position":3,"name":"Berbert\u00e6ppe vintage 124&#215;272 cm. &#8211; AMIYAH"}]},{"@type":"WebSite","@id":"https:\/\/tibladin.dk\/#website","url":"https:\/\/tibladin.dk\/","name":"Tibladin","description":"Tibladin","publisher":{"@id":"https:\/\/tibladin.dk\/#organization"},"potentialAction":[{"@type":"SearchAction","target":{"@type":"EntryPoint","urlTemplate":"https:\/\/tibladin.dk\/?s={search_term_string}"},"query-input":{"@type":"PropertyValueSpecification","valueRequired":true,"valueName":"search_term_string"}}],"inLanguage":"en-GB"},{"@type":"Organization","@id":"https:\/\/tibladin.dk\/#organization","name":"Tibladin","url":"https:\/\/tibladin.dk\/","logo":{"@type":"ImageObject","inLanguage":"en-GB","@id":"https:\/\/tibladin.dk\/#\/schema\/logo\/image\/","url":"https:\/\/tibladin.dk\/wp-content\/uploads\/2022\/09\/tibladin_logo.svg","contentUrl":"https:\/\/tibladin.dk\/wp-content\/uploads\/2022\/09\/tibladin_logo.svg","caption":"Tibladin"},"image":{"@id":"https:\/\/tibladin.dk\/#\/schema\/logo\/image\/"}}]}},"_links":{"self":[{"href":"https:\/\/tibladin.dk\/en\/wp-json\/wp\/v2\/product\/40379","targetHints":{"allow":["GET"]}}],"collection":[{"href":"https:\/\/tibladin.dk\/en\/wp-json\/wp\/v2\/product"}],"about":[{"href":"https:\/\/tibladin.dk\/en\/wp-json\/wp\/v2\/types\/product"}],"wp:featuredmedia":[{"embeddable":true,"href":"https:\/\/tibladin.dk\/en\/wp-json\/wp\/v2\/media\/40385"}],"wp:attachment":[{"href":"https:\/\/tibladin.dk\/en\/wp-json\/wp\/v2\/media?parent=40379"}],"wp:term":[{"taxonomy":"product_brand","embeddable":true,"href":"https:\/\/tibladin.dk\/en\/wp-json\/wp\/v2\/product_brand?post=40379"},{"taxonomy":"product_cat","embeddable":true,"href":"https:\/\/tibladin.dk\/en\/wp-json\/wp\/v2\/product_cat?post=40379"},{"taxonomy":"product_tag","embeddable":true,"href":"https:\/\/tibladin.dk\/en\/wp-json\/wp\/v2\/product_tag?post=40379"}],"curies":[{"name":"wp","href":"https:\/\/api.w.org\/{rel}","templated":true}]}}