{"id":40575,"date":"2025-10-10T14:12:02","date_gmt":"2025-10-10T12:12:02","guid":{"rendered":"https:\/\/tibladin.dk\/?post_type=product&#038;p=40575"},"modified":"2025-10-10T14:18:52","modified_gmt":"2025-10-10T12:18:52","slug":"berber-basket-m-inssa","status":"publish","type":"product","link":"https:\/\/tibladin.dk\/en\/produkt\/berberkurv-m-inssa\/","title":{"rendered":"Berber basket M \u2013 INSSA"},"content":{"rendered":"<div class=\"wpb-content-wrapper\"><div class=\"vc_row wpb_row vc_row-fluid\"><div class=\"wpb_column vc_column_container vc_col-sm-4\"><div class=\"vc_column-inner\"><div class=\"wpb_wrapper\"><\/div><\/div><\/div><div class=\"wpb_column vc_column_container vc_col-sm-4\"><div class=\"vc_column-inner\"><div class=\"wpb_wrapper\"><h3 style=\"text-align: left\" class=\"vc_custom_heading vc_do_custom_heading\" >Maintenance<\/h3>\n\t<div class=\"wpb_text_column wpb_content_element\" >\n\t\t<div class=\"wpb_wrapper\">\n\t\t\t<p>For cleaning, the easiest thing is to vacuum it gently.<\/p>\n\n\t\t<\/div>\n\t<\/div>\n<\/div><\/div><\/div><div class=\"wpb_column vc_column_container vc_col-sm-4\"><div class=\"vc_column-inner\"><div class=\"wpb_wrapper\"><h3 style=\"text-align: left\" class=\"vc_custom_heading vc_do_custom_heading\" >The story behind<\/h3>\n\t<div class=\"wpb_text_column wpb_content_element\" >\n\t\t<div class=\"wpb_wrapper\">\n\t\t\t<p>I love curves! They can give any room warmth and coziness.<\/p>\n<p>The baskets are handmade and from a family business in Marrakech that specializes in wicker and has been doing it for generations.<\/p>\n\n\t\t<\/div>\n\t<\/div>\n<\/div><\/div><\/div><\/div>\n<\/div>","protected":false},"excerpt":{"rendered":"<p>Inssa means peace in Berber \u2013 a name that encapsulates the calm balance and harmonious color scheme of this handmade Berber basket.<\/p>\n<p>Created by women in Morocco\u2019s Atlas Mountains, the basket is woven from natural grass, wrapped with wool threads in delicate shades of lavender grey, burgundy, green and golden yellow. The geometric patterns tell stories of nature, community and the rhythm of craftsmanship \u2013 a tradition that has been passed down through generations.<\/p>\n<p>With a height of approximately 20\u201325 cm and a diameter of 18\u201322 cm, Inssa is perfect for storing small items, jewelry or accessories \u2013 or simply as a decorative element that brings peace and authenticity into the home.<\/p>\n<p>Details:<\/p>\n<ul>\n<li>Handmade in Morocco<\/li>\n<li>Material: natural grass and wool thread<\/li>\n<li>Dimensions: approx. H 20\u201325 cm x \u00d8 18\u201322 cm<\/li>\n<\/ul>\n<p>Each basket is unique \u2013 slight variations in colors and patterns may occur<\/p>","protected":false},"featured_media":40528,"template":"","meta":{"inline_featured_image":false},"product_brand":[],"product_cat":[55,51],"product_tag":[134],"class_list":{"0":"post-40575","1":"product","2":"type-product","3":"status-publish","4":"has-post-thumbnail","6":"product_cat-kurve","7":"product_cat-opbevaring","8":"product_tag-berberkurv","10":"first","11":"instock","12":"taxable","13":"shipping-taxable","14":"purchasable","15":"product-type-simple"},"exclude_global_add_ons":[],"addons":[],"yoast_head":"<!-- This site is optimized with the Yoast SEO plugin v27.5 - https:\/\/yoast.com\/product\/yoast-seo-wordpress\/ -->\n<title>Berberkurv M - INSSA - Tibladin<\/title>\n<meta name=\"description\" content=\"Berberkurv i glade farver som lavendelgr\u00e5, vinr\u00f8d, gr\u00f8n og gyldengul. Perfekt til opbevaring \u2013 f\u00e5s i et stort udvalg af farver og m\u00f8nstre.\" \/>\n<meta name=\"robots\" content=\"index, follow, max-snippet:-1, max-image-preview:large, max-video-preview:-1\" \/>\n<link rel=\"canonical\" href=\"https:\/\/tibladin.dk\/en\/product-4\/berber-basket-m-inssa\/\" \/>\n<meta property=\"og:locale\" content=\"en_GB\" \/>\n<meta property=\"og:type\" content=\"article\" \/>\n<meta property=\"og:title\" content=\"Berberkurv M - INSSA - Tibladin\" \/>\n<meta property=\"og:description\" content=\"Berberkurv i glade farver som lavendelgr\u00e5, vinr\u00f8d, gr\u00f8n og gyldengul. Perfekt til opbevaring \u2013 f\u00e5s i et stort udvalg af farver og m\u00f8nstre.\" \/>\n<meta property=\"og:url\" content=\"https:\/\/tibladin.dk\/en\/product-4\/berber-basket-m-inssa\/\" \/>\n<meta property=\"og:site_name\" content=\"Tibladin\" \/>\n<meta property=\"article:modified_time\" content=\"2025-10-10T12:18:52+00:00\" \/>\n<meta property=\"og:image\" content=\"https:\/\/tibladin.dk\/wp-content\/uploads\/2025\/10\/Inssa_1.jpeg\" \/>\n\t<meta property=\"og:image:width\" content=\"800\" \/>\n\t<meta property=\"og:image:height\" content=\"800\" \/>\n\t<meta property=\"og:image:type\" content=\"image\/jpeg\" \/>\n<meta name=\"twitter:card\" content=\"summary_large_image\" \/>\n<meta name=\"twitter:label1\" content=\"Estimated reading time\" \/>\n\t<meta name=\"twitter:data1\" content=\"1 minute\" \/>\n<script type=\"application\/ld+json\" class=\"yoast-schema-graph\">{\"@context\":\"https:\\\/\\\/schema.org\",\"@graph\":[{\"@type\":\"WebPage\",\"@id\":\"https:\\\/\\\/tibladin.dk\\\/produkt\\\/berberkurv-m-inssa\\\/\",\"url\":\"https:\\\/\\\/tibladin.dk\\\/produkt\\\/berberkurv-m-inssa\\\/\",\"name\":\"Berberkurv M - INSSA - Tibladin\",\"isPartOf\":{\"@id\":\"https:\\\/\\\/tibladin.dk\\\/#website\"},\"primaryImageOfPage\":{\"@id\":\"https:\\\/\\\/tibladin.dk\\\/produkt\\\/berberkurv-m-inssa\\\/#primaryimage\"},\"image\":{\"@id\":\"https:\\\/\\\/tibladin.dk\\\/produkt\\\/berberkurv-m-inssa\\\/#primaryimage\"},\"thumbnailUrl\":\"https:\\\/\\\/tibladin.dk\\\/wp-content\\\/uploads\\\/2025\\\/10\\\/Inssa_1.jpeg\",\"datePublished\":\"2025-10-10T12:12:02+00:00\",\"dateModified\":\"2025-10-10T12:18:52+00:00\",\"description\":\"Berberkurv i glade farver som lavendelgr\u00e5, vinr\u00f8d, gr\u00f8n og gyldengul. Perfekt til opbevaring \u2013 f\u00e5s i et stort udvalg af farver og m\u00f8nstre.\",\"breadcrumb\":{\"@id\":\"https:\\\/\\\/tibladin.dk\\\/produkt\\\/berberkurv-m-inssa\\\/#breadcrumb\"},\"inLanguage\":\"en-GB\",\"potentialAction\":[{\"@type\":\"ReadAction\",\"target\":[\"https:\\\/\\\/tibladin.dk\\\/produkt\\\/berberkurv-m-inssa\\\/\"]}]},{\"@type\":\"ImageObject\",\"inLanguage\":\"en-GB\",\"@id\":\"https:\\\/\\\/tibladin.dk\\\/produkt\\\/berberkurv-m-inssa\\\/#primaryimage\",\"url\":\"https:\\\/\\\/tibladin.dk\\\/wp-content\\\/uploads\\\/2025\\\/10\\\/Inssa_1.jpeg\",\"contentUrl\":\"https:\\\/\\\/tibladin.dk\\\/wp-content\\\/uploads\\\/2025\\\/10\\\/Inssa_1.jpeg\",\"width\":800,\"height\":800,\"caption\":\"Inssa_1\"},{\"@type\":\"BreadcrumbList\",\"@id\":\"https:\\\/\\\/tibladin.dk\\\/produkt\\\/berberkurv-m-inssa\\\/#breadcrumb\",\"itemListElement\":[{\"@type\":\"ListItem\",\"position\":1,\"name\":\"Hjem\",\"item\":\"https:\\\/\\\/tibladin.dk\\\/\"},{\"@type\":\"ListItem\",\"position\":2,\"name\":\"Shop\",\"item\":\"https:\\\/\\\/tibladin.dk\\\/shop\\\/\"},{\"@type\":\"ListItem\",\"position\":3,\"name\":\"Berberkurv M &#8211; INSSA\"}]},{\"@type\":\"WebSite\",\"@id\":\"https:\\\/\\\/tibladin.dk\\\/#website\",\"url\":\"https:\\\/\\\/tibladin.dk\\\/\",\"name\":\"Tibladin\",\"description\":\"Tibladin\",\"publisher\":{\"@id\":\"https:\\\/\\\/tibladin.dk\\\/#organization\"},\"potentialAction\":[{\"@type\":\"SearchAction\",\"target\":{\"@type\":\"EntryPoint\",\"urlTemplate\":\"https:\\\/\\\/tibladin.dk\\\/?s={search_term_string}\"},\"query-input\":{\"@type\":\"PropertyValueSpecification\",\"valueRequired\":true,\"valueName\":\"search_term_string\"}}],\"inLanguage\":\"en-GB\"},{\"@type\":\"Organization\",\"@id\":\"https:\\\/\\\/tibladin.dk\\\/#organization\",\"name\":\"Tibladin\",\"url\":\"https:\\\/\\\/tibladin.dk\\\/\",\"logo\":{\"@type\":\"ImageObject\",\"inLanguage\":\"en-GB\",\"@id\":\"https:\\\/\\\/tibladin.dk\\\/#\\\/schema\\\/logo\\\/image\\\/\",\"url\":\"https:\\\/\\\/tibladin.dk\\\/wp-content\\\/uploads\\\/2022\\\/09\\\/tibladin_logo.svg\",\"contentUrl\":\"https:\\\/\\\/tibladin.dk\\\/wp-content\\\/uploads\\\/2022\\\/09\\\/tibladin_logo.svg\",\"caption\":\"Tibladin\"},\"image\":{\"@id\":\"https:\\\/\\\/tibladin.dk\\\/#\\\/schema\\\/logo\\\/image\\\/\"}}]}<\/script>\n<!-- \/ Yoast SEO plugin. -->","yoast_head_json":{"title":"Berber basket M - INSSA - Tibladin","description":"Berber basket in cheerful colors such as lavender gray, burgundy, green and golden yellow. Perfect for storage - available in a wide range of colors and patterns.","robots":{"index":"index","follow":"follow","max-snippet":"max-snippet:-1","max-image-preview":"max-image-preview:large","max-video-preview":"max-video-preview:-1"},"canonical":"https:\/\/tibladin.dk\/en\/product-4\/berber-basket-m-inssa\/","og_locale":"en_GB","og_type":"article","og_title":"Berberkurv M - INSSA - Tibladin","og_description":"Berberkurv i glade farver som lavendelgr\u00e5, vinr\u00f8d, gr\u00f8n og gyldengul. Perfekt til opbevaring \u2013 f\u00e5s i et stort udvalg af farver og m\u00f8nstre.","og_url":"https:\/\/tibladin.dk\/en\/product-4\/berber-basket-m-inssa\/","og_site_name":"Tibladin","article_modified_time":"2025-10-10T12:18:52+00:00","og_image":[{"width":800,"height":800,"url":"https:\/\/tibladin.dk\/wp-content\/uploads\/2025\/10\/Inssa_1.jpeg","type":"image\/jpeg"}],"twitter_card":"summary_large_image","twitter_misc":{"Estimated reading time":"1 minute"},"schema":{"@context":"https:\/\/schema.org","@graph":[{"@type":"WebPage","@id":"https:\/\/tibladin.dk\/produkt\/berberkurv-m-inssa\/","url":"https:\/\/tibladin.dk\/produkt\/berberkurv-m-inssa\/","name":"Berber basket M - INSSA - Tibladin","isPartOf":{"@id":"https:\/\/tibladin.dk\/#website"},"primaryImageOfPage":{"@id":"https:\/\/tibladin.dk\/produkt\/berberkurv-m-inssa\/#primaryimage"},"image":{"@id":"https:\/\/tibladin.dk\/produkt\/berberkurv-m-inssa\/#primaryimage"},"thumbnailUrl":"https:\/\/tibladin.dk\/wp-content\/uploads\/2025\/10\/Inssa_1.jpeg","datePublished":"2025-10-10T12:12:02+00:00","dateModified":"2025-10-10T12:18:52+00:00","description":"Berber basket in cheerful colors such as lavender gray, burgundy, green and golden yellow. Perfect for storage - available in a wide range of colors and patterns.","breadcrumb":{"@id":"https:\/\/tibladin.dk\/produkt\/berberkurv-m-inssa\/#breadcrumb"},"inLanguage":"en-GB","potentialAction":[{"@type":"ReadAction","target":["https:\/\/tibladin.dk\/produkt\/berberkurv-m-inssa\/"]}]},{"@type":"ImageObject","inLanguage":"en-GB","@id":"https:\/\/tibladin.dk\/produkt\/berberkurv-m-inssa\/#primaryimage","url":"https:\/\/tibladin.dk\/wp-content\/uploads\/2025\/10\/Inssa_1.jpeg","contentUrl":"https:\/\/tibladin.dk\/wp-content\/uploads\/2025\/10\/Inssa_1.jpeg","width":800,"height":800,"caption":"Inssa_1"},{"@type":"BreadcrumbList","@id":"https:\/\/tibladin.dk\/produkt\/berberkurv-m-inssa\/#breadcrumb","itemListElement":[{"@type":"ListItem","position":1,"name":"Hjem","item":"https:\/\/tibladin.dk\/"},{"@type":"ListItem","position":2,"name":"Shop","item":"https:\/\/tibladin.dk\/shop\/"},{"@type":"ListItem","position":3,"name":"Berberkurv M &#8211; INSSA"}]},{"@type":"WebSite","@id":"https:\/\/tibladin.dk\/#website","url":"https:\/\/tibladin.dk\/","name":"Tibladin","description":"Tibladin","publisher":{"@id":"https:\/\/tibladin.dk\/#organization"},"potentialAction":[{"@type":"SearchAction","target":{"@type":"EntryPoint","urlTemplate":"https:\/\/tibladin.dk\/?s={search_term_string}"},"query-input":{"@type":"PropertyValueSpecification","valueRequired":true,"valueName":"search_term_string"}}],"inLanguage":"en-GB"},{"@type":"Organization","@id":"https:\/\/tibladin.dk\/#organization","name":"Tibladin","url":"https:\/\/tibladin.dk\/","logo":{"@type":"ImageObject","inLanguage":"en-GB","@id":"https:\/\/tibladin.dk\/#\/schema\/logo\/image\/","url":"https:\/\/tibladin.dk\/wp-content\/uploads\/2022\/09\/tibladin_logo.svg","contentUrl":"https:\/\/tibladin.dk\/wp-content\/uploads\/2022\/09\/tibladin_logo.svg","caption":"Tibladin"},"image":{"@id":"https:\/\/tibladin.dk\/#\/schema\/logo\/image\/"}}]}},"_links":{"self":[{"href":"https:\/\/tibladin.dk\/en\/wp-json\/wp\/v2\/product\/40575","targetHints":{"allow":["GET"]}}],"collection":[{"href":"https:\/\/tibladin.dk\/en\/wp-json\/wp\/v2\/product"}],"about":[{"href":"https:\/\/tibladin.dk\/en\/wp-json\/wp\/v2\/types\/product"}],"wp:featuredmedia":[{"embeddable":true,"href":"https:\/\/tibladin.dk\/en\/wp-json\/wp\/v2\/media\/40528"}],"wp:attachment":[{"href":"https:\/\/tibladin.dk\/en\/wp-json\/wp\/v2\/media?parent=40575"}],"wp:term":[{"taxonomy":"product_brand","embeddable":true,"href":"https:\/\/tibladin.dk\/en\/wp-json\/wp\/v2\/product_brand?post=40575"},{"taxonomy":"product_cat","embeddable":true,"href":"https:\/\/tibladin.dk\/en\/wp-json\/wp\/v2\/product_cat?post=40575"},{"taxonomy":"product_tag","embeddable":true,"href":"https:\/\/tibladin.dk\/en\/wp-json\/wp\/v2\/product_tag?post=40575"}],"curies":[{"name":"wp","href":"https:\/\/api.w.org\/{rel}","templated":true}]}}