{"id":41414,"date":"2025-10-23T14:37:00","date_gmt":"2025-10-23T12:37:00","guid":{"rendered":"https:\/\/tibladin.dk\/?post_type=product&#038;p=41414"},"modified":"2025-10-27T15:27:30","modified_gmt":"2025-10-27T14:27:30","slug":"tamegroute-candlestick-in-unglazed-clay-flame","status":"publish","type":"product","link":"https:\/\/tibladin.dk\/en\/produkt\/tamegroute-lysestage-i-uglaseret-ler-flame\/","title":{"rendered":"Tamegroute candlestick in unglazed clay \u2013 FLAME"},"content":{"rendered":"<div class=\"wpb-content-wrapper\"><div class=\"vc_row wpb_row vc_row-fluid\"><div class=\"wpb_column vc_column_container vc_col-sm-4\"><div class=\"vc_column-inner\"><div class=\"wpb_wrapper\"><\/div><\/div><\/div><div class=\"wpb_column vc_column_container vc_col-sm-4\"><div class=\"vc_column-inner\"><div class=\"wpb_wrapper\"><h3 style=\"text-align: left\" class=\"vc_custom_heading vc_do_custom_heading\" >Maintenance<\/h3>\n\t<div class=\"wpb_text_column wpb_content_element\" >\n\t\t<div class=\"wpb_wrapper\">\n\t\t\t<p>Can be wiped over with a dust cloth.<\/p>\n\n\t\t<\/div>\n\t<\/div>\n<\/div><\/div><\/div><div class=\"wpb_column vc_column_container vc_col-sm-4\"><div class=\"vc_column-inner\"><div class=\"wpb_wrapper\"><h3 style=\"text-align: left\" class=\"vc_custom_heading vc_do_custom_heading\" >The story behind<\/h3>\n\t<div class=\"wpb_text_column wpb_content_element\" >\n\t\t<div class=\"wpb_wrapper\">\n\t\t\t<p>Tamegroute pottery is a traditional way of making pottery that originates from Moroccan people in the Zagora region. The way in which it is made, and the unique green color, is what characterizes the ceramics best. Because of the way it is made, the ceramic has a very tactile surface. At the same time as it is handmade, there can also be various small variations in sizes, colors and the coating, and imperfections in the ceramics. It is part of the charm that it is unique, and it gives the ceramics more character.<\/p>\n\n\t\t<\/div>\n\t<\/div>\n<\/div><\/div><\/div><\/div>\n<\/div>","protected":false},"excerpt":{"rendered":"<p>A sculptural and characterful candlestick in hand-shaped, unglazed clay \u2013 inspired by the movement of flames and nature&#039;s organic<br \/>\nTamegroute Flame is created by local artisans in southern Morocco, where each piece is shaped freely by hand and fired in traditional clay kilns, giving it the unique play of colors in reddish-brown and sandy hues.<\/p>\n<p>A piece of living craftsmanship that brings warmth and artistic tranquility to your home.<\/p>\n<p>Material: Unglazed clay<br \/>\nOrigin: Tamegroute, Morocco<br \/>\nColor: Reddish brown \/ sand with natural<br \/>\nvariations<\/p>\n<p>DIMENSIONS: H 39 cm.<\/p>","protected":false},"featured_media":41139,"template":"","meta":{"inline_featured_image":false},"product_brand":[],"product_cat":[138],"product_tag":[],"class_list":{"0":"post-41414","1":"product","2":"type-product","3":"status-publish","4":"has-post-thumbnail","6":"product_cat-tamegroute-keramik","8":"first","9":"instock","10":"taxable","11":"shipping-taxable","12":"purchasable","13":"product-type-simple"},"exclude_global_add_ons":false,"addons":[{"name":"Do you want gift wrapping?","type":"checkbox","position":0,"required":false,"title_format":"label","default":"","description_enable":false,"description":"","placeholder_enable":false,"placeholder":"","display":"images","restrictions_type":"any_text","adjust_price":false,"price":"","price_type":"flat_fee","restrictions":false,"min":"0","max":"0","options":[{"label":"Ja tak","price":"10","price_type":"flat_fee","image":11015,"visibility":true}],"id":1669646111}],"yoast_head":"<!-- This site is optimized with the Yoast SEO plugin v27.4 - https:\/\/yoast.com\/product\/yoast-seo-wordpress\/ -->\n<title>Tamegroute lysestage i uglaseret ler - FLAME<\/title>\n<meta name=\"description\" content=\"Skulpturel lysestage i uglaseret ler med varme r\u00f8dbrune nuancer.Tamegroute Flame \u2013 h\u00e5ndlavet marokkansk kunsth\u00e5ndv\u00e6rk med naturlig ro.\" \/>\n<meta name=\"robots\" content=\"index, follow, max-snippet:-1, max-image-preview:large, max-video-preview:-1\" \/>\n<link rel=\"canonical\" href=\"https:\/\/tibladin.dk\/en\/product-4\/tamegroute-candlestick-in-unglazed-clay-flame\/\" \/>\n<meta property=\"og:locale\" content=\"en_GB\" \/>\n<meta property=\"og:type\" content=\"article\" \/>\n<meta property=\"og:title\" content=\"Tamegroute lysestage i uglaseret ler - FLAME\" \/>\n<meta property=\"og:description\" content=\"Skulpturel lysestage i uglaseret ler med varme r\u00f8dbrune nuancer.Tamegroute Flame \u2013 h\u00e5ndlavet marokkansk kunsth\u00e5ndv\u00e6rk med naturlig ro.\" \/>\n<meta property=\"og:url\" content=\"https:\/\/tibladin.dk\/en\/product-4\/tamegroute-candlestick-in-unglazed-clay-flame\/\" \/>\n<meta property=\"og:site_name\" content=\"Tibladin\" \/>\n<meta property=\"article:modified_time\" content=\"2025-10-27T14:27:30+00:00\" \/>\n<meta property=\"og:image\" content=\"https:\/\/tibladin.dk\/wp-content\/uploads\/2025\/10\/Tamegroute-lysestage_FLAME_1-1.jpg\" \/>\n\t<meta property=\"og:image:width\" content=\"800\" \/>\n\t<meta property=\"og:image:height\" content=\"800\" \/>\n\t<meta property=\"og:image:type\" content=\"image\/jpeg\" \/>\n<meta name=\"twitter:card\" content=\"summary_large_image\" \/>\n<meta name=\"twitter:label1\" content=\"Estimated reading time\" \/>\n\t<meta name=\"twitter:data1\" content=\"2 minutes\" \/>\n<script type=\"application\/ld+json\" class=\"yoast-schema-graph\">{\"@context\":\"https:\\\/\\\/schema.org\",\"@graph\":[{\"@type\":\"WebPage\",\"@id\":\"https:\\\/\\\/tibladin.dk\\\/produkt\\\/tamegroute-lysestage-i-uglaseret-ler-flame\\\/\",\"url\":\"https:\\\/\\\/tibladin.dk\\\/produkt\\\/tamegroute-lysestage-i-uglaseret-ler-flame\\\/\",\"name\":\"Tamegroute lysestage i uglaseret ler - FLAME\",\"isPartOf\":{\"@id\":\"https:\\\/\\\/tibladin.dk\\\/#website\"},\"primaryImageOfPage\":{\"@id\":\"https:\\\/\\\/tibladin.dk\\\/produkt\\\/tamegroute-lysestage-i-uglaseret-ler-flame\\\/#primaryimage\"},\"image\":{\"@id\":\"https:\\\/\\\/tibladin.dk\\\/produkt\\\/tamegroute-lysestage-i-uglaseret-ler-flame\\\/#primaryimage\"},\"thumbnailUrl\":\"https:\\\/\\\/tibladin.dk\\\/wp-content\\\/uploads\\\/2025\\\/10\\\/Tamegroute-lysestage_FLAME_1-1.jpg\",\"datePublished\":\"2025-10-23T12:37:00+00:00\",\"dateModified\":\"2025-10-27T14:27:30+00:00\",\"description\":\"Skulpturel lysestage i uglaseret ler med varme r\u00f8dbrune nuancer.Tamegroute Flame \u2013 h\u00e5ndlavet marokkansk kunsth\u00e5ndv\u00e6rk med naturlig ro.\",\"breadcrumb\":{\"@id\":\"https:\\\/\\\/tibladin.dk\\\/produkt\\\/tamegroute-lysestage-i-uglaseret-ler-flame\\\/#breadcrumb\"},\"inLanguage\":\"en-GB\",\"potentialAction\":[{\"@type\":\"ReadAction\",\"target\":[\"https:\\\/\\\/tibladin.dk\\\/produkt\\\/tamegroute-lysestage-i-uglaseret-ler-flame\\\/\"]}]},{\"@type\":\"ImageObject\",\"inLanguage\":\"en-GB\",\"@id\":\"https:\\\/\\\/tibladin.dk\\\/produkt\\\/tamegroute-lysestage-i-uglaseret-ler-flame\\\/#primaryimage\",\"url\":\"https:\\\/\\\/tibladin.dk\\\/wp-content\\\/uploads\\\/2025\\\/10\\\/Tamegroute-lysestage_FLAME_1-1.jpg\",\"contentUrl\":\"https:\\\/\\\/tibladin.dk\\\/wp-content\\\/uploads\\\/2025\\\/10\\\/Tamegroute-lysestage_FLAME_1-1.jpg\",\"width\":800,\"height\":800,\"caption\":\"Tamegroute-lysestage_FLAME_1-1\"},{\"@type\":\"BreadcrumbList\",\"@id\":\"https:\\\/\\\/tibladin.dk\\\/produkt\\\/tamegroute-lysestage-i-uglaseret-ler-flame\\\/#breadcrumb\",\"itemListElement\":[{\"@type\":\"ListItem\",\"position\":1,\"name\":\"Hjem\",\"item\":\"https:\\\/\\\/tibladin.dk\\\/\"},{\"@type\":\"ListItem\",\"position\":2,\"name\":\"Shop\",\"item\":\"https:\\\/\\\/tibladin.dk\\\/shop\\\/\"},{\"@type\":\"ListItem\",\"position\":3,\"name\":\"Tamegroute lysestage i uglaseret ler &#8211; FLAME\"}]},{\"@type\":\"WebSite\",\"@id\":\"https:\\\/\\\/tibladin.dk\\\/#website\",\"url\":\"https:\\\/\\\/tibladin.dk\\\/\",\"name\":\"Tibladin\",\"description\":\"Tibladin\",\"publisher\":{\"@id\":\"https:\\\/\\\/tibladin.dk\\\/#organization\"},\"potentialAction\":[{\"@type\":\"SearchAction\",\"target\":{\"@type\":\"EntryPoint\",\"urlTemplate\":\"https:\\\/\\\/tibladin.dk\\\/?s={search_term_string}\"},\"query-input\":{\"@type\":\"PropertyValueSpecification\",\"valueRequired\":true,\"valueName\":\"search_term_string\"}}],\"inLanguage\":\"en-GB\"},{\"@type\":\"Organization\",\"@id\":\"https:\\\/\\\/tibladin.dk\\\/#organization\",\"name\":\"Tibladin\",\"url\":\"https:\\\/\\\/tibladin.dk\\\/\",\"logo\":{\"@type\":\"ImageObject\",\"inLanguage\":\"en-GB\",\"@id\":\"https:\\\/\\\/tibladin.dk\\\/#\\\/schema\\\/logo\\\/image\\\/\",\"url\":\"https:\\\/\\\/tibladin.dk\\\/wp-content\\\/uploads\\\/2022\\\/09\\\/tibladin_logo.svg\",\"contentUrl\":\"https:\\\/\\\/tibladin.dk\\\/wp-content\\\/uploads\\\/2022\\\/09\\\/tibladin_logo.svg\",\"caption\":\"Tibladin\"},\"image\":{\"@id\":\"https:\\\/\\\/tibladin.dk\\\/#\\\/schema\\\/logo\\\/image\\\/\"}}]}<\/script>\n<!-- \/ Yoast SEO plugin. -->","yoast_head_json":{"title":"Tamegroute candlestick in unglazed clay - FLAME","description":"Sculptural candlestick in unglazed clay with warm reddish-brown hues. Tamegroute Flame \u2013 handmade Moroccan handicraft with natural calm.","robots":{"index":"index","follow":"follow","max-snippet":"max-snippet:-1","max-image-preview":"max-image-preview:large","max-video-preview":"max-video-preview:-1"},"canonical":"https:\/\/tibladin.dk\/en\/product-4\/tamegroute-candlestick-in-unglazed-clay-flame\/","og_locale":"en_GB","og_type":"article","og_title":"Tamegroute lysestage i uglaseret ler - FLAME","og_description":"Skulpturel lysestage i uglaseret ler med varme r\u00f8dbrune nuancer.Tamegroute Flame \u2013 h\u00e5ndlavet marokkansk kunsth\u00e5ndv\u00e6rk med naturlig ro.","og_url":"https:\/\/tibladin.dk\/en\/product-4\/tamegroute-candlestick-in-unglazed-clay-flame\/","og_site_name":"Tibladin","article_modified_time":"2025-10-27T14:27:30+00:00","og_image":[{"width":800,"height":800,"url":"https:\/\/tibladin.dk\/wp-content\/uploads\/2025\/10\/Tamegroute-lysestage_FLAME_1-1.jpg","type":"image\/jpeg"}],"twitter_card":"summary_large_image","twitter_misc":{"Estimated reading time":"2 minutes"},"schema":{"@context":"https:\/\/schema.org","@graph":[{"@type":"WebPage","@id":"https:\/\/tibladin.dk\/produkt\/tamegroute-lysestage-i-uglaseret-ler-flame\/","url":"https:\/\/tibladin.dk\/produkt\/tamegroute-lysestage-i-uglaseret-ler-flame\/","name":"Tamegroute candlestick in unglazed clay - FLAME","isPartOf":{"@id":"https:\/\/tibladin.dk\/#website"},"primaryImageOfPage":{"@id":"https:\/\/tibladin.dk\/produkt\/tamegroute-lysestage-i-uglaseret-ler-flame\/#primaryimage"},"image":{"@id":"https:\/\/tibladin.dk\/produkt\/tamegroute-lysestage-i-uglaseret-ler-flame\/#primaryimage"},"thumbnailUrl":"https:\/\/tibladin.dk\/wp-content\/uploads\/2025\/10\/Tamegroute-lysestage_FLAME_1-1.jpg","datePublished":"2025-10-23T12:37:00+00:00","dateModified":"2025-10-27T14:27:30+00:00","description":"Sculptural candlestick in unglazed clay with warm reddish-brown hues. Tamegroute Flame \u2013 handmade Moroccan handicraft with natural calm.","breadcrumb":{"@id":"https:\/\/tibladin.dk\/produkt\/tamegroute-lysestage-i-uglaseret-ler-flame\/#breadcrumb"},"inLanguage":"en-GB","potentialAction":[{"@type":"ReadAction","target":["https:\/\/tibladin.dk\/produkt\/tamegroute-lysestage-i-uglaseret-ler-flame\/"]}]},{"@type":"ImageObject","inLanguage":"en-GB","@id":"https:\/\/tibladin.dk\/produkt\/tamegroute-lysestage-i-uglaseret-ler-flame\/#primaryimage","url":"https:\/\/tibladin.dk\/wp-content\/uploads\/2025\/10\/Tamegroute-lysestage_FLAME_1-1.jpg","contentUrl":"https:\/\/tibladin.dk\/wp-content\/uploads\/2025\/10\/Tamegroute-lysestage_FLAME_1-1.jpg","width":800,"height":800,"caption":"Tamegroute-lysestage_FLAME_1-1"},{"@type":"BreadcrumbList","@id":"https:\/\/tibladin.dk\/produkt\/tamegroute-lysestage-i-uglaseret-ler-flame\/#breadcrumb","itemListElement":[{"@type":"ListItem","position":1,"name":"Hjem","item":"https:\/\/tibladin.dk\/"},{"@type":"ListItem","position":2,"name":"Shop","item":"https:\/\/tibladin.dk\/shop\/"},{"@type":"ListItem","position":3,"name":"Tamegroute lysestage i uglaseret ler &#8211; FLAME"}]},{"@type":"WebSite","@id":"https:\/\/tibladin.dk\/#website","url":"https:\/\/tibladin.dk\/","name":"Tibladin","description":"Tibladin","publisher":{"@id":"https:\/\/tibladin.dk\/#organization"},"potentialAction":[{"@type":"SearchAction","target":{"@type":"EntryPoint","urlTemplate":"https:\/\/tibladin.dk\/?s={search_term_string}"},"query-input":{"@type":"PropertyValueSpecification","valueRequired":true,"valueName":"search_term_string"}}],"inLanguage":"en-GB"},{"@type":"Organization","@id":"https:\/\/tibladin.dk\/#organization","name":"Tibladin","url":"https:\/\/tibladin.dk\/","logo":{"@type":"ImageObject","inLanguage":"en-GB","@id":"https:\/\/tibladin.dk\/#\/schema\/logo\/image\/","url":"https:\/\/tibladin.dk\/wp-content\/uploads\/2022\/09\/tibladin_logo.svg","contentUrl":"https:\/\/tibladin.dk\/wp-content\/uploads\/2022\/09\/tibladin_logo.svg","caption":"Tibladin"},"image":{"@id":"https:\/\/tibladin.dk\/#\/schema\/logo\/image\/"}}]}},"_links":{"self":[{"href":"https:\/\/tibladin.dk\/en\/wp-json\/wp\/v2\/product\/41414","targetHints":{"allow":["GET"]}}],"collection":[{"href":"https:\/\/tibladin.dk\/en\/wp-json\/wp\/v2\/product"}],"about":[{"href":"https:\/\/tibladin.dk\/en\/wp-json\/wp\/v2\/types\/product"}],"wp:featuredmedia":[{"embeddable":true,"href":"https:\/\/tibladin.dk\/en\/wp-json\/wp\/v2\/media\/41139"}],"wp:attachment":[{"href":"https:\/\/tibladin.dk\/en\/wp-json\/wp\/v2\/media?parent=41414"}],"wp:term":[{"taxonomy":"product_brand","embeddable":true,"href":"https:\/\/tibladin.dk\/en\/wp-json\/wp\/v2\/product_brand?post=41414"},{"taxonomy":"product_cat","embeddable":true,"href":"https:\/\/tibladin.dk\/en\/wp-json\/wp\/v2\/product_cat?post=41414"},{"taxonomy":"product_tag","embeddable":true,"href":"https:\/\/tibladin.dk\/en\/wp-json\/wp\/v2\/product_tag?post=41414"}],"curies":[{"name":"wp","href":"https:\/\/api.w.org\/{rel}","templated":true}]}}