{"id":41421,"date":"2025-10-23T15:17:39","date_gmt":"2025-10-23T13:17:39","guid":{"rendered":"https:\/\/tibladin.dk\/?post_type=product&#038;p=41421"},"modified":"2025-10-28T12:20:07","modified_gmt":"2025-10-28T11:20:07","slug":"soelv-bakker-geometry","status":"publish","type":"product","link":"https:\/\/tibladin.dk\/en\/produkt\/soelv-bakker-geometry\/","title":{"rendered":"Silver trays \u2013 GEOMETRY"},"content":{"rendered":"<div class=\"wpb-content-wrapper\"><div class=\"vc_row wpb_row vc_row-fluid\"><div class=\"wpb_column vc_column_container vc_col-sm-4\"><div class=\"vc_column-inner\"><div class=\"wpb_wrapper\"><\/div><\/div><\/div><div class=\"wpb_column vc_column_container vc_col-sm-4\"><div class=\"vc_column-inner\"><div class=\"wpb_wrapper\"><h3 style=\"text-align: left\" class=\"vc_custom_heading vc_do_custom_heading\" >Maintenance<\/h3>\n\t<div class=\"wpb_text_column wpb_content_element\" >\n\t\t<div class=\"wpb_wrapper\">\n\t\t\t<p>The tray can be wiped with a damp cloth and polished with silver polish.<\/p>\n\n\t\t<\/div>\n\t<\/div>\n<\/div><\/div><\/div><div class=\"wpb_column vc_column_container vc_col-sm-4\"><div class=\"vc_column-inner\"><div class=\"wpb_wrapper\"><h3 style=\"text-align: left\" class=\"vc_custom_heading vc_do_custom_heading\" >The story behind<\/h3>\n\t<div class=\"wpb_text_column wpb_content_element\" >\n\t\t<div class=\"wpb_wrapper\">\n\t\t\t<p data-start=\"0\" data-end=\"327\">The story behind these handmade silver metal trays from Morocco begins in the old souks, where metalwork has been part of the craft tradition for centuries. Especially in cities like Fez and Marrakech, metalsmiths (called <em data-start=\"220\" data-end=\"228\">meal<\/em>) refined the art of engraving, hammering and shaping metal into applied art with deep symbolic meaning.<\/p>\n<p data-start=\"329\" data-end=\"771\">These trays are made from silver-toned brass, a material that is both durable and easy to shape. Each tray is hand-engraved with traditional geometric patterns inspired by Islamic art and zellige tiles \u2013 the detailed mosaics that adorn riads and mosques throughout Morocco. The repeating star motifs symbolize harmony and eternity, while the interwoven patterns represent the connection between the earthly and the spiritual.<\/p>\n<p data-start=\"773\" data-end=\"1169\">The trays are not only functional, but tell a story of craftsmanship, heritage and aesthetics. Originally used to serve tea and sweets during the ritual of hospitality \u2013 a central element of Moroccan culture. Today, they are used for serving, decoration and as wall art, where their delicate engravings reflect light and bring a touch of oriental elegance to modern homes.<\/p>\n\n\t\t<\/div>\n\t<\/div>\n<\/div><\/div><\/div><\/div>\n<\/div>","protected":false},"excerpt":{"rendered":"<p>Antique, rectangular trays in silver-colored metal, hand-engraved with traditional Moroccan patterns inspired by the ornamentation of riads. The geometric shapes and floral rosettes symbolize balance, protection and eternity \u2013 a tribute to the infinite universe of patterns that characterize Islamic art.<\/p>\n<p>The beautiful trays bear patina and traces of time, making each one a unique piece of craftsmanship. Perfect for serving tea and<br \/>\nsmall dishes, as a tray for candles, or simply as a decorative element in the home.<\/p>\n<p>Dimensions: S: 22\u00d729 cm | M: 25\u00d733.5 cm | L: 31\u00d741 cm<\/p>","protected":false},"featured_media":41152,"template":"","meta":{"inline_featured_image":false},"product_brand":[],"product_cat":[54,51],"product_tag":[],"class_list":{"0":"post-41421","1":"product","2":"type-product","3":"status-publish","4":"has-post-thumbnail","6":"product_cat-aesker-og-bakker","7":"product_cat-opbevaring","9":"first","10":"instock","11":"taxable","12":"shipping-taxable","13":"purchasable","14":"product-type-variable"},"exclude_global_add_ons":false,"addons":[{"name":"Do you want gift wrapping?","type":"checkbox","position":0,"required":false,"title_format":"label","default":"","description_enable":false,"description":"","placeholder_enable":false,"placeholder":"","display":"images","restrictions_type":"any_text","adjust_price":false,"price":"","price_type":"flat_fee","restrictions":false,"min":"0","max":"0","options":[{"label":"Ja tak","price":"10","price_type":"flat_fee","image":11015,"visibility":true}],"id":1669646111}],"yoast_head":"<!-- This site is optimized with the Yoast SEO plugin v27.5 - https:\/\/yoast.com\/product\/yoast-seo-wordpress\/ -->\n<title>S\u00f8lv bakker - GEOMETRY | Smukt design | Tibladin<\/title>\n<meta name=\"description\" content=\"Antikke serveringsbakker i s\u00f8lvfarvet metal, h\u00e5ndgraveret i Marokko med traditionelle m\u00f8nstre.Unikke og dekorative \u2013 f\u00e5s i tre varianter.\" \/>\n<meta name=\"robots\" content=\"index, follow, max-snippet:-1, max-image-preview:large, max-video-preview:-1\" \/>\n<link rel=\"canonical\" href=\"https:\/\/tibladin.dk\/en\/product-4\/soelv-bakker-geometry\/\" \/>\n<meta property=\"og:locale\" content=\"en_GB\" \/>\n<meta property=\"og:type\" content=\"article\" \/>\n<meta property=\"og:title\" content=\"S\u00f8lv bakker - GEOMETRY | Smukt design | Tibladin\" \/>\n<meta property=\"og:description\" content=\"Antikke serveringsbakker i s\u00f8lvfarvet metal, h\u00e5ndgraveret i Marokko med traditionelle m\u00f8nstre.Unikke og dekorative \u2013 f\u00e5s i tre varianter.\" \/>\n<meta property=\"og:url\" content=\"https:\/\/tibladin.dk\/en\/product-4\/soelv-bakker-geometry\/\" \/>\n<meta property=\"og:site_name\" content=\"Tibladin\" \/>\n<meta property=\"article:modified_time\" content=\"2025-10-28T11:20:07+00:00\" \/>\n<meta property=\"og:image\" content=\"https:\/\/tibladin.dk\/wp-content\/uploads\/2025\/10\/GEOMETRY_rektangulaer_soelvbakker_2.jpg\" \/>\n\t<meta property=\"og:image:width\" content=\"800\" \/>\n\t<meta property=\"og:image:height\" content=\"800\" \/>\n\t<meta property=\"og:image:type\" content=\"image\/jpeg\" \/>\n<meta name=\"twitter:card\" content=\"summary_large_image\" \/>\n<meta name=\"twitter:label1\" content=\"Estimated reading time\" \/>\n\t<meta name=\"twitter:data1\" content=\"2 minutes\" \/>\n<script type=\"application\/ld+json\" class=\"yoast-schema-graph\">{\"@context\":\"https:\\\/\\\/schema.org\",\"@graph\":[{\"@type\":\"WebPage\",\"@id\":\"https:\\\/\\\/tibladin.dk\\\/produkt\\\/soelv-bakker-geometry\\\/\",\"url\":\"https:\\\/\\\/tibladin.dk\\\/produkt\\\/soelv-bakker-geometry\\\/\",\"name\":\"S\u00f8lv bakker - GEOMETRY | Smukt design | Tibladin\",\"isPartOf\":{\"@id\":\"https:\\\/\\\/tibladin.dk\\\/#website\"},\"primaryImageOfPage\":{\"@id\":\"https:\\\/\\\/tibladin.dk\\\/produkt\\\/soelv-bakker-geometry\\\/#primaryimage\"},\"image\":{\"@id\":\"https:\\\/\\\/tibladin.dk\\\/produkt\\\/soelv-bakker-geometry\\\/#primaryimage\"},\"thumbnailUrl\":\"https:\\\/\\\/tibladin.dk\\\/wp-content\\\/uploads\\\/2025\\\/10\\\/GEOMETRY_rektangulaer_soelvbakker_2.jpg\",\"datePublished\":\"2025-10-23T13:17:39+00:00\",\"dateModified\":\"2025-10-28T11:20:07+00:00\",\"description\":\"Antikke serveringsbakker i s\u00f8lvfarvet metal, h\u00e5ndgraveret i Marokko med traditionelle m\u00f8nstre.Unikke og dekorative \u2013 f\u00e5s i tre varianter.\",\"breadcrumb\":{\"@id\":\"https:\\\/\\\/tibladin.dk\\\/produkt\\\/soelv-bakker-geometry\\\/#breadcrumb\"},\"inLanguage\":\"en-GB\",\"potentialAction\":[{\"@type\":\"ReadAction\",\"target\":[\"https:\\\/\\\/tibladin.dk\\\/produkt\\\/soelv-bakker-geometry\\\/\"]}]},{\"@type\":\"ImageObject\",\"inLanguage\":\"en-GB\",\"@id\":\"https:\\\/\\\/tibladin.dk\\\/produkt\\\/soelv-bakker-geometry\\\/#primaryimage\",\"url\":\"https:\\\/\\\/tibladin.dk\\\/wp-content\\\/uploads\\\/2025\\\/10\\\/GEOMETRY_rektangulaer_soelvbakker_2.jpg\",\"contentUrl\":\"https:\\\/\\\/tibladin.dk\\\/wp-content\\\/uploads\\\/2025\\\/10\\\/GEOMETRY_rektangulaer_soelvbakker_2.jpg\",\"width\":800,\"height\":800,\"caption\":\"GEOMETRY_rektangulaer_soelvbakker_2.\"},{\"@type\":\"BreadcrumbList\",\"@id\":\"https:\\\/\\\/tibladin.dk\\\/produkt\\\/soelv-bakker-geometry\\\/#breadcrumb\",\"itemListElement\":[{\"@type\":\"ListItem\",\"position\":1,\"name\":\"Hjem\",\"item\":\"https:\\\/\\\/tibladin.dk\\\/\"},{\"@type\":\"ListItem\",\"position\":2,\"name\":\"Shop\",\"item\":\"https:\\\/\\\/tibladin.dk\\\/shop\\\/\"},{\"@type\":\"ListItem\",\"position\":3,\"name\":\"S\u00f8lv bakker &#8211; GEOMETRY\"}]},{\"@type\":\"WebSite\",\"@id\":\"https:\\\/\\\/tibladin.dk\\\/#website\",\"url\":\"https:\\\/\\\/tibladin.dk\\\/\",\"name\":\"Tibladin\",\"description\":\"Tibladin\",\"publisher\":{\"@id\":\"https:\\\/\\\/tibladin.dk\\\/#organization\"},\"potentialAction\":[{\"@type\":\"SearchAction\",\"target\":{\"@type\":\"EntryPoint\",\"urlTemplate\":\"https:\\\/\\\/tibladin.dk\\\/?s={search_term_string}\"},\"query-input\":{\"@type\":\"PropertyValueSpecification\",\"valueRequired\":true,\"valueName\":\"search_term_string\"}}],\"inLanguage\":\"en-GB\"},{\"@type\":\"Organization\",\"@id\":\"https:\\\/\\\/tibladin.dk\\\/#organization\",\"name\":\"Tibladin\",\"url\":\"https:\\\/\\\/tibladin.dk\\\/\",\"logo\":{\"@type\":\"ImageObject\",\"inLanguage\":\"en-GB\",\"@id\":\"https:\\\/\\\/tibladin.dk\\\/#\\\/schema\\\/logo\\\/image\\\/\",\"url\":\"https:\\\/\\\/tibladin.dk\\\/wp-content\\\/uploads\\\/2022\\\/09\\\/tibladin_logo.svg\",\"contentUrl\":\"https:\\\/\\\/tibladin.dk\\\/wp-content\\\/uploads\\\/2022\\\/09\\\/tibladin_logo.svg\",\"caption\":\"Tibladin\"},\"image\":{\"@id\":\"https:\\\/\\\/tibladin.dk\\\/#\\\/schema\\\/logo\\\/image\\\/\"}}]}<\/script>\n<!-- \/ Yoast SEO plugin. -->","yoast_head_json":{"title":"Silver trays - GEOMETRY | Beautiful design | Tibladin","description":"Antique serving trays in silver-colored metal, hand-engraved in Morocco with traditional patterns. Unique and decorative - available in three variants.","robots":{"index":"index","follow":"follow","max-snippet":"max-snippet:-1","max-image-preview":"max-image-preview:large","max-video-preview":"max-video-preview:-1"},"canonical":"https:\/\/tibladin.dk\/en\/product-4\/soelv-bakker-geometry\/","og_locale":"en_GB","og_type":"article","og_title":"S\u00f8lv bakker - GEOMETRY | Smukt design | Tibladin","og_description":"Antikke serveringsbakker i s\u00f8lvfarvet metal, h\u00e5ndgraveret i Marokko med traditionelle m\u00f8nstre.Unikke og dekorative \u2013 f\u00e5s i tre varianter.","og_url":"https:\/\/tibladin.dk\/en\/product-4\/soelv-bakker-geometry\/","og_site_name":"Tibladin","article_modified_time":"2025-10-28T11:20:07+00:00","og_image":[{"width":800,"height":800,"url":"https:\/\/tibladin.dk\/wp-content\/uploads\/2025\/10\/GEOMETRY_rektangulaer_soelvbakker_2.jpg","type":"image\/jpeg"}],"twitter_card":"summary_large_image","twitter_misc":{"Estimated reading time":"2 minutes"},"schema":{"@context":"https:\/\/schema.org","@graph":[{"@type":"WebPage","@id":"https:\/\/tibladin.dk\/produkt\/soelv-bakker-geometry\/","url":"https:\/\/tibladin.dk\/produkt\/soelv-bakker-geometry\/","name":"Silver trays - GEOMETRY | Beautiful design | Tibladin","isPartOf":{"@id":"https:\/\/tibladin.dk\/#website"},"primaryImageOfPage":{"@id":"https:\/\/tibladin.dk\/produkt\/soelv-bakker-geometry\/#primaryimage"},"image":{"@id":"https:\/\/tibladin.dk\/produkt\/soelv-bakker-geometry\/#primaryimage"},"thumbnailUrl":"https:\/\/tibladin.dk\/wp-content\/uploads\/2025\/10\/GEOMETRY_rektangulaer_soelvbakker_2.jpg","datePublished":"2025-10-23T13:17:39+00:00","dateModified":"2025-10-28T11:20:07+00:00","description":"Antique serving trays in silver-colored metal, hand-engraved in Morocco with traditional patterns. Unique and decorative - available in three variants.","breadcrumb":{"@id":"https:\/\/tibladin.dk\/produkt\/soelv-bakker-geometry\/#breadcrumb"},"inLanguage":"en-GB","potentialAction":[{"@type":"ReadAction","target":["https:\/\/tibladin.dk\/produkt\/soelv-bakker-geometry\/"]}]},{"@type":"ImageObject","inLanguage":"en-GB","@id":"https:\/\/tibladin.dk\/produkt\/soelv-bakker-geometry\/#primaryimage","url":"https:\/\/tibladin.dk\/wp-content\/uploads\/2025\/10\/GEOMETRY_rektangulaer_soelvbakker_2.jpg","contentUrl":"https:\/\/tibladin.dk\/wp-content\/uploads\/2025\/10\/GEOMETRY_rektangulaer_soelvbakker_2.jpg","width":800,"height":800,"caption":"GEOMETRY_rektangulaer_soelvbakker_2."},{"@type":"BreadcrumbList","@id":"https:\/\/tibladin.dk\/produkt\/soelv-bakker-geometry\/#breadcrumb","itemListElement":[{"@type":"ListItem","position":1,"name":"Hjem","item":"https:\/\/tibladin.dk\/"},{"@type":"ListItem","position":2,"name":"Shop","item":"https:\/\/tibladin.dk\/shop\/"},{"@type":"ListItem","position":3,"name":"S\u00f8lv bakker &#8211; GEOMETRY"}]},{"@type":"WebSite","@id":"https:\/\/tibladin.dk\/#website","url":"https:\/\/tibladin.dk\/","name":"Tibladin","description":"Tibladin","publisher":{"@id":"https:\/\/tibladin.dk\/#organization"},"potentialAction":[{"@type":"SearchAction","target":{"@type":"EntryPoint","urlTemplate":"https:\/\/tibladin.dk\/?s={search_term_string}"},"query-input":{"@type":"PropertyValueSpecification","valueRequired":true,"valueName":"search_term_string"}}],"inLanguage":"en-GB"},{"@type":"Organization","@id":"https:\/\/tibladin.dk\/#organization","name":"Tibladin","url":"https:\/\/tibladin.dk\/","logo":{"@type":"ImageObject","inLanguage":"en-GB","@id":"https:\/\/tibladin.dk\/#\/schema\/logo\/image\/","url":"https:\/\/tibladin.dk\/wp-content\/uploads\/2022\/09\/tibladin_logo.svg","contentUrl":"https:\/\/tibladin.dk\/wp-content\/uploads\/2022\/09\/tibladin_logo.svg","caption":"Tibladin"},"image":{"@id":"https:\/\/tibladin.dk\/#\/schema\/logo\/image\/"}}]}},"_links":{"self":[{"href":"https:\/\/tibladin.dk\/en\/wp-json\/wp\/v2\/product\/41421","targetHints":{"allow":["GET"]}}],"collection":[{"href":"https:\/\/tibladin.dk\/en\/wp-json\/wp\/v2\/product"}],"about":[{"href":"https:\/\/tibladin.dk\/en\/wp-json\/wp\/v2\/types\/product"}],"wp:featuredmedia":[{"embeddable":true,"href":"https:\/\/tibladin.dk\/en\/wp-json\/wp\/v2\/media\/41152"}],"wp:attachment":[{"href":"https:\/\/tibladin.dk\/en\/wp-json\/wp\/v2\/media?parent=41421"}],"wp:term":[{"taxonomy":"product_brand","embeddable":true,"href":"https:\/\/tibladin.dk\/en\/wp-json\/wp\/v2\/product_brand?post=41421"},{"taxonomy":"product_cat","embeddable":true,"href":"https:\/\/tibladin.dk\/en\/wp-json\/wp\/v2\/product_cat?post=41421"},{"taxonomy":"product_tag","embeddable":true,"href":"https:\/\/tibladin.dk\/en\/wp-json\/wp\/v2\/product_tag?post=41421"}],"curies":[{"name":"wp","href":"https:\/\/api.w.org\/{rel}","templated":true}]}}