{"id":41429,"date":"2025-10-23T19:46:47","date_gmt":"2025-10-23T17:46:47","guid":{"rendered":"https:\/\/tibladin.dk\/?post_type=product&#038;p=41429"},"modified":"2026-03-26T13:24:41","modified_gmt":"2026-03-26T12:24:41","slug":"ceramic-vases-amal","status":"publish","type":"product","link":"https:\/\/tibladin.dk\/en\/produkt\/vaser-i-keramik-amal\/","title":{"rendered":"Ceramic vases - AMAL"},"content":{"rendered":"<div class=\"wpb-content-wrapper\"><div class=\"vc_row wpb_row vc_row-fluid\"><div class=\"wpb_column vc_column_container vc_col-sm-4\"><div class=\"vc_column-inner\"><div class=\"wpb_wrapper\"><\/div><\/div><\/div><div class=\"wpb_column vc_column_container vc_col-sm-4\"><div class=\"vc_column-inner\"><div class=\"wpb_wrapper\"><h3 style=\"text-align: left\" class=\"vc_custom_heading vc_do_custom_heading\" >Maintenance<\/h3>\n\t<div class=\"wpb_text_column wpb_content_element\" >\n\t\t<div class=\"wpb_wrapper\">\n\t\t\t<p>We do not recommend the dishwasher. It is better to wash them by hand.<\/p>\n\n\t\t<\/div>\n\t<\/div>\n<\/div><\/div><\/div><div class=\"wpb_column vc_column_container vc_col-sm-4\"><div class=\"vc_column-inner\"><div class=\"wpb_wrapper\"><\/div><\/div><\/div><\/div>\n<\/div>","protected":false},"excerpt":{"rendered":"<p>Amal Vase unites sculptural form and calm minimalism. Each vase is hand-shaped with a raw, matte surface and a distinctive open center hole that creates a beautiful balance of light and shadow.<\/p>\n<p>The vase is available in both black and sand color and stands elegantly both alone and in pairs - as modern art objects with a touch of Moroccan craftsmanship and nature&#039;s organic lines.<\/p>\n<p>DIMENSIONS: H:28 cm.<\/p>\n<p>For dried flowers only \u2013 does not hold water<\/p>","protected":false},"featured_media":41170,"template":"","meta":{"inline_featured_image":false},"product_brand":[],"product_cat":[175],"product_tag":[],"class_list":{"0":"post-41429","1":"product","2":"type-product","3":"status-publish","4":"has-post-thumbnail","6":"product_cat-driverse-marokkansk-keramik","8":"first","9":"instock","10":"taxable","11":"shipping-taxable","12":"purchasable","13":"product-type-variable"},"exclude_global_add_ons":[],"addons":[],"yoast_head":"<!-- This site is optimized with the Yoast SEO plugin v27.4 - https:\/\/yoast.com\/product\/yoast-seo-wordpress\/ -->\n<title>Vaser i keramik -AMAL<\/title>\n<meta name=\"description\" content=\"Skulpturel og minimalistisk vase med r\u00e5, mat overflade og ikonisk \u00e5bning, der fremh\u00e6ver lys og skygge. F\u00e5s i sort og sand \u2013 kun til t\u00f8rrede blomster.\" \/>\n<meta name=\"robots\" content=\"index, follow, max-snippet:-1, max-image-preview:large, max-video-preview:-1\" \/>\n<link rel=\"canonical\" href=\"https:\/\/tibladin.dk\/en\/product-4\/ceramic-vases-amal\/\" \/>\n<meta property=\"og:locale\" content=\"en_GB\" \/>\n<meta property=\"og:type\" content=\"article\" \/>\n<meta property=\"og:title\" content=\"Vaser i keramik -AMAL\" \/>\n<meta property=\"og:description\" content=\"Skulpturel og minimalistisk vase med r\u00e5, mat overflade og ikonisk \u00e5bning, der fremh\u00e6ver lys og skygge. F\u00e5s i sort og sand \u2013 kun til t\u00f8rrede blomster.\" \/>\n<meta property=\"og:url\" content=\"https:\/\/tibladin.dk\/en\/product-4\/ceramic-vases-amal\/\" \/>\n<meta property=\"og:site_name\" content=\"Tibladin\" \/>\n<meta property=\"article:modified_time\" content=\"2026-03-26T12:24:41+00:00\" \/>\n<meta property=\"og:image\" content=\"https:\/\/tibladin.dk\/wp-content\/uploads\/2025\/10\/AMAL-vaser_1.jpg\" \/>\n\t<meta property=\"og:image:width\" content=\"800\" \/>\n\t<meta property=\"og:image:height\" content=\"800\" \/>\n\t<meta property=\"og:image:type\" content=\"image\/jpeg\" \/>\n<meta name=\"twitter:card\" content=\"summary_large_image\" \/>\n<meta name=\"twitter:label1\" content=\"Estimated reading time\" \/>\n\t<meta name=\"twitter:data1\" content=\"1 minute\" \/>\n<script type=\"application\/ld+json\" class=\"yoast-schema-graph\">{\"@context\":\"https:\\\/\\\/schema.org\",\"@graph\":[{\"@type\":\"WebPage\",\"@id\":\"https:\\\/\\\/tibladin.dk\\\/produkt\\\/vaser-i-keramik-amal\\\/\",\"url\":\"https:\\\/\\\/tibladin.dk\\\/produkt\\\/vaser-i-keramik-amal\\\/\",\"name\":\"Vaser i keramik -AMAL\",\"isPartOf\":{\"@id\":\"https:\\\/\\\/tibladin.dk\\\/#website\"},\"primaryImageOfPage\":{\"@id\":\"https:\\\/\\\/tibladin.dk\\\/produkt\\\/vaser-i-keramik-amal\\\/#primaryimage\"},\"image\":{\"@id\":\"https:\\\/\\\/tibladin.dk\\\/produkt\\\/vaser-i-keramik-amal\\\/#primaryimage\"},\"thumbnailUrl\":\"https:\\\/\\\/tibladin.dk\\\/wp-content\\\/uploads\\\/2025\\\/10\\\/AMAL-vaser_1.jpg\",\"datePublished\":\"2025-10-23T17:46:47+00:00\",\"dateModified\":\"2026-03-26T12:24:41+00:00\",\"description\":\"Skulpturel og minimalistisk vase med r\u00e5, mat overflade og ikonisk \u00e5bning, der fremh\u00e6ver lys og skygge. F\u00e5s i sort og sand \u2013 kun til t\u00f8rrede blomster.\",\"breadcrumb\":{\"@id\":\"https:\\\/\\\/tibladin.dk\\\/produkt\\\/vaser-i-keramik-amal\\\/#breadcrumb\"},\"inLanguage\":\"en-GB\",\"potentialAction\":[{\"@type\":\"ReadAction\",\"target\":[\"https:\\\/\\\/tibladin.dk\\\/produkt\\\/vaser-i-keramik-amal\\\/\"]}]},{\"@type\":\"ImageObject\",\"inLanguage\":\"en-GB\",\"@id\":\"https:\\\/\\\/tibladin.dk\\\/produkt\\\/vaser-i-keramik-amal\\\/#primaryimage\",\"url\":\"https:\\\/\\\/tibladin.dk\\\/wp-content\\\/uploads\\\/2025\\\/10\\\/AMAL-vaser_1.jpg\",\"contentUrl\":\"https:\\\/\\\/tibladin.dk\\\/wp-content\\\/uploads\\\/2025\\\/10\\\/AMAL-vaser_1.jpg\",\"width\":800,\"height\":800,\"caption\":\"AMAL-vaser_1\"},{\"@type\":\"BreadcrumbList\",\"@id\":\"https:\\\/\\\/tibladin.dk\\\/produkt\\\/vaser-i-keramik-amal\\\/#breadcrumb\",\"itemListElement\":[{\"@type\":\"ListItem\",\"position\":1,\"name\":\"Hjem\",\"item\":\"https:\\\/\\\/tibladin.dk\\\/\"},{\"@type\":\"ListItem\",\"position\":2,\"name\":\"Shop\",\"item\":\"https:\\\/\\\/tibladin.dk\\\/shop\\\/\"},{\"@type\":\"ListItem\",\"position\":3,\"name\":\"Vaser i keramik -AMAL\"}]},{\"@type\":\"WebSite\",\"@id\":\"https:\\\/\\\/tibladin.dk\\\/#website\",\"url\":\"https:\\\/\\\/tibladin.dk\\\/\",\"name\":\"Tibladin\",\"description\":\"Tibladin\",\"publisher\":{\"@id\":\"https:\\\/\\\/tibladin.dk\\\/#organization\"},\"potentialAction\":[{\"@type\":\"SearchAction\",\"target\":{\"@type\":\"EntryPoint\",\"urlTemplate\":\"https:\\\/\\\/tibladin.dk\\\/?s={search_term_string}\"},\"query-input\":{\"@type\":\"PropertyValueSpecification\",\"valueRequired\":true,\"valueName\":\"search_term_string\"}}],\"inLanguage\":\"en-GB\"},{\"@type\":\"Organization\",\"@id\":\"https:\\\/\\\/tibladin.dk\\\/#organization\",\"name\":\"Tibladin\",\"url\":\"https:\\\/\\\/tibladin.dk\\\/\",\"logo\":{\"@type\":\"ImageObject\",\"inLanguage\":\"en-GB\",\"@id\":\"https:\\\/\\\/tibladin.dk\\\/#\\\/schema\\\/logo\\\/image\\\/\",\"url\":\"https:\\\/\\\/tibladin.dk\\\/wp-content\\\/uploads\\\/2022\\\/09\\\/tibladin_logo.svg\",\"contentUrl\":\"https:\\\/\\\/tibladin.dk\\\/wp-content\\\/uploads\\\/2022\\\/09\\\/tibladin_logo.svg\",\"caption\":\"Tibladin\"},\"image\":{\"@id\":\"https:\\\/\\\/tibladin.dk\\\/#\\\/schema\\\/logo\\\/image\\\/\"}}]}<\/script>\n<!-- \/ Yoast SEO plugin. -->","yoast_head_json":{"title":"Ceramic vases - AMAL","description":"Sculptural and minimalist vase with a raw, matte surface and iconic opening that highlights light and shadow. Available in black and sand - for dried flowers only.","robots":{"index":"index","follow":"follow","max-snippet":"max-snippet:-1","max-image-preview":"max-image-preview:large","max-video-preview":"max-video-preview:-1"},"canonical":"https:\/\/tibladin.dk\/en\/product-4\/ceramic-vases-amal\/","og_locale":"en_GB","og_type":"article","og_title":"Vaser i keramik -AMAL","og_description":"Skulpturel og minimalistisk vase med r\u00e5, mat overflade og ikonisk \u00e5bning, der fremh\u00e6ver lys og skygge. F\u00e5s i sort og sand \u2013 kun til t\u00f8rrede blomster.","og_url":"https:\/\/tibladin.dk\/en\/product-4\/ceramic-vases-amal\/","og_site_name":"Tibladin","article_modified_time":"2026-03-26T12:24:41+00:00","og_image":[{"width":800,"height":800,"url":"https:\/\/tibladin.dk\/wp-content\/uploads\/2025\/10\/AMAL-vaser_1.jpg","type":"image\/jpeg"}],"twitter_card":"summary_large_image","twitter_misc":{"Estimated reading time":"1 minute"},"schema":{"@context":"https:\/\/schema.org","@graph":[{"@type":"WebPage","@id":"https:\/\/tibladin.dk\/produkt\/vaser-i-keramik-amal\/","url":"https:\/\/tibladin.dk\/produkt\/vaser-i-keramik-amal\/","name":"Ceramic vases - AMAL","isPartOf":{"@id":"https:\/\/tibladin.dk\/#website"},"primaryImageOfPage":{"@id":"https:\/\/tibladin.dk\/produkt\/vaser-i-keramik-amal\/#primaryimage"},"image":{"@id":"https:\/\/tibladin.dk\/produkt\/vaser-i-keramik-amal\/#primaryimage"},"thumbnailUrl":"https:\/\/tibladin.dk\/wp-content\/uploads\/2025\/10\/AMAL-vaser_1.jpg","datePublished":"2025-10-23T17:46:47+00:00","dateModified":"2026-03-26T12:24:41+00:00","description":"Sculptural and minimalist vase with a raw, matte surface and iconic opening that highlights light and shadow. Available in black and sand - for dried flowers only.","breadcrumb":{"@id":"https:\/\/tibladin.dk\/produkt\/vaser-i-keramik-amal\/#breadcrumb"},"inLanguage":"en-GB","potentialAction":[{"@type":"ReadAction","target":["https:\/\/tibladin.dk\/produkt\/vaser-i-keramik-amal\/"]}]},{"@type":"ImageObject","inLanguage":"en-GB","@id":"https:\/\/tibladin.dk\/produkt\/vaser-i-keramik-amal\/#primaryimage","url":"https:\/\/tibladin.dk\/wp-content\/uploads\/2025\/10\/AMAL-vaser_1.jpg","contentUrl":"https:\/\/tibladin.dk\/wp-content\/uploads\/2025\/10\/AMAL-vaser_1.jpg","width":800,"height":800,"caption":"AMAL-vaser_1"},{"@type":"BreadcrumbList","@id":"https:\/\/tibladin.dk\/produkt\/vaser-i-keramik-amal\/#breadcrumb","itemListElement":[{"@type":"ListItem","position":1,"name":"Hjem","item":"https:\/\/tibladin.dk\/"},{"@type":"ListItem","position":2,"name":"Shop","item":"https:\/\/tibladin.dk\/shop\/"},{"@type":"ListItem","position":3,"name":"Vaser i keramik -AMAL"}]},{"@type":"WebSite","@id":"https:\/\/tibladin.dk\/#website","url":"https:\/\/tibladin.dk\/","name":"Tibladin","description":"Tibladin","publisher":{"@id":"https:\/\/tibladin.dk\/#organization"},"potentialAction":[{"@type":"SearchAction","target":{"@type":"EntryPoint","urlTemplate":"https:\/\/tibladin.dk\/?s={search_term_string}"},"query-input":{"@type":"PropertyValueSpecification","valueRequired":true,"valueName":"search_term_string"}}],"inLanguage":"en-GB"},{"@type":"Organization","@id":"https:\/\/tibladin.dk\/#organization","name":"Tibladin","url":"https:\/\/tibladin.dk\/","logo":{"@type":"ImageObject","inLanguage":"en-GB","@id":"https:\/\/tibladin.dk\/#\/schema\/logo\/image\/","url":"https:\/\/tibladin.dk\/wp-content\/uploads\/2022\/09\/tibladin_logo.svg","contentUrl":"https:\/\/tibladin.dk\/wp-content\/uploads\/2022\/09\/tibladin_logo.svg","caption":"Tibladin"},"image":{"@id":"https:\/\/tibladin.dk\/#\/schema\/logo\/image\/"}}]}},"_links":{"self":[{"href":"https:\/\/tibladin.dk\/en\/wp-json\/wp\/v2\/product\/41429","targetHints":{"allow":["GET"]}}],"collection":[{"href":"https:\/\/tibladin.dk\/en\/wp-json\/wp\/v2\/product"}],"about":[{"href":"https:\/\/tibladin.dk\/en\/wp-json\/wp\/v2\/types\/product"}],"wp:featuredmedia":[{"embeddable":true,"href":"https:\/\/tibladin.dk\/en\/wp-json\/wp\/v2\/media\/41170"}],"wp:attachment":[{"href":"https:\/\/tibladin.dk\/en\/wp-json\/wp\/v2\/media?parent=41429"}],"wp:term":[{"taxonomy":"product_brand","embeddable":true,"href":"https:\/\/tibladin.dk\/en\/wp-json\/wp\/v2\/product_brand?post=41429"},{"taxonomy":"product_cat","embeddable":true,"href":"https:\/\/tibladin.dk\/en\/wp-json\/wp\/v2\/product_cat?post=41429"},{"taxonomy":"product_tag","embeddable":true,"href":"https:\/\/tibladin.dk\/en\/wp-json\/wp\/v2\/product_tag?post=41429"}],"curies":[{"name":"wp","href":"https:\/\/api.w.org\/{rel}","templated":true}]}}