{"id":420,"date":"2022-09-20T11:02:01","date_gmt":"2022-09-20T09:02:01","guid":{"rendered":"https:\/\/tibladin.dk\/?post_type=product&#038;p=420"},"modified":"2025-03-26T19:25:21","modified_gmt":"2025-03-26T18:25:21","slug":"jars-in-stucco-tadlekt-black","status":"publish","type":"product","link":"https:\/\/tibladin.dk\/en\/produkt\/krukker-i-stucco-tadlekt-sort\/","title":{"rendered":"Jars in stucco\/tadlect - black"},"content":{"rendered":"<div class=\"wpb-content-wrapper\"><div class=\"vc_row wpb_row vc_row-fluid\"><div class=\"wpb_column vc_column_container vc_col-sm-4\"><div class=\"vc_column-inner\"><div class=\"wpb_wrapper\"><\/div><\/div><\/div><div class=\"wpb_column vc_column_container vc_col-sm-4\"><div class=\"vc_column-inner\"><div class=\"wpb_wrapper\"><h3 style=\"text-align: left\" class=\"vc_custom_heading vc_do_custom_heading\" >Maintenance<\/h3>\n\t<div class=\"wpb_text_column wpb_content_element\" >\n\t\t<div class=\"wpb_wrapper\">\n\t\t\t<p>For cleaning, I simply recommend a dust cloth or a hard-wrung cloth.<\/p>\n\n\t\t<\/div>\n\t<\/div>\n<\/div><\/div><\/div><div class=\"wpb_column vc_column_container vc_col-sm-4\"><div class=\"vc_column-inner\"><div class=\"wpb_wrapper\"><h3 style=\"text-align: left\" class=\"vc_custom_heading vc_do_custom_heading\" >The story behind<\/h3>\n\t<div class=\"wpb_text_column wpb_content_element\" >\n\t\t<div class=\"wpb_wrapper\">\n\t\t\t<p>Storage that decorates. It&#039;s always nice to surround yourself with beautiful things and if they can also be used to store things in, that&#039;s extra good. I love small things that decorate the home and just give that extra touch of warmth and Moroccan mystery.<\/p>\n<p>Tadlekt or the European word stucco is a material used in Morocco on walls, especially in bathrooms. It gives the walls a kind of marbling, a shiny, exclusive look. In Morocco you will often see tadlekt used on walls in most rooms, in bathrooms, in hammam (Moroccan steam bath) etc. I absolutely love this material, I think it looks so cool. Tadlekt is also used to make jars. They are good to use in the bathroom for cotton pads and cotton swabs or simply as decoration.<\/p>\n<p>They cannot be used to store food in.<\/p>\n\n\t\t<\/div>\n\t<\/div>\n<\/div><\/div><\/div><\/div>\n<\/div>","protected":false},"excerpt":{"rendered":"<p>Handmade pots in stucco\/tadlekt in black.<\/p>\n<p>available in three different sizes. Beautiful as storage and decoration for the bathroom, bedroom or kitchen. Gives an exclusive and elegant look.<\/p>","protected":false},"featured_media":496,"template":"","meta":{"inline_featured_image":false},"product_brand":[],"product_cat":[53,51,45],"product_tag":[],"class_list":{"0":"post-420","1":"product","2":"type-product","3":"status-publish","4":"has-post-thumbnail","6":"product_cat-krukker-i-stucco","7":"product_cat-opbevaring","8":"product_cat-vaert-vaertindegaver","10":"first","11":"instock","12":"taxable","13":"shipping-taxable","14":"purchasable","15":"product-type-variable"},"exclude_global_add_ons":false,"addons":[{"name":"Do you want gift wrapping?","type":"checkbox","position":0,"required":false,"title_format":"label","default":"","description_enable":false,"description":"","placeholder_enable":false,"placeholder":"","display":"images","restrictions_type":"any_text","adjust_price":false,"price":"","price_type":"flat_fee","restrictions":false,"min":"0","max":"0","options":[{"label":"Ja tak","price":"10","price_type":"flat_fee","image":11015,"visibility":true}],"id":1669646111}],"yoast_head":"<!-- This site is optimized with the Yoast SEO plugin v27.4 - https:\/\/yoast.com\/product\/yoast-seo-wordpress\/ -->\n<title>Krukker i stucco\/tadlekt - sort | Marokkansk keramik | Tibladin<\/title>\n<meta name=\"description\" content=\"Krukker i stucco\/tadlekt sort til opbevaring og pynt til f.eks. dit badev\u00e6relse. F\u00e5es i tre forskellige st\u00f8rrelser. Kan ogs\u00e5 findes i andre farver\" \/>\n<meta name=\"robots\" content=\"index, follow, max-snippet:-1, max-image-preview:large, max-video-preview:-1\" \/>\n<link rel=\"canonical\" href=\"https:\/\/tibladin.dk\/en\/product-4\/jars-in-stucco-tadlekt-black\/\" \/>\n<meta property=\"og:locale\" content=\"en_GB\" \/>\n<meta property=\"og:type\" content=\"article\" \/>\n<meta property=\"og:title\" content=\"Krukker i stucco\/tadlekt - sort | Marokkansk keramik | Tibladin\" \/>\n<meta property=\"og:description\" content=\"Krukker i stucco\/tadlekt sort til opbevaring og pynt til f.eks. dit badev\u00e6relse. F\u00e5es i tre forskellige st\u00f8rrelser. Kan ogs\u00e5 findes i andre farver\" \/>\n<meta property=\"og:url\" content=\"https:\/\/tibladin.dk\/en\/product-4\/jars-in-stucco-tadlekt-black\/\" \/>\n<meta property=\"og:site_name\" content=\"Tibladin\" \/>\n<meta property=\"article:modified_time\" content=\"2025-03-26T18:25:21+00:00\" \/>\n<meta property=\"og:image\" content=\"https:\/\/tibladin.dk\/wp-content\/uploads\/2022\/09\/Tibladin_Krukker_Tadlekt_sort_hoej_800x800-1.jpg\" \/>\n\t<meta property=\"og:image:width\" content=\"800\" \/>\n\t<meta property=\"og:image:height\" content=\"800\" \/>\n\t<meta property=\"og:image:type\" content=\"image\/jpeg\" \/>\n<meta name=\"twitter:card\" content=\"summary_large_image\" \/>\n<meta name=\"twitter:label1\" content=\"Estimated reading time\" \/>\n\t<meta name=\"twitter:data1\" content=\"2 minutes\" \/>\n<script type=\"application\/ld+json\" class=\"yoast-schema-graph\">{\"@context\":\"https:\\\/\\\/schema.org\",\"@graph\":[{\"@type\":\"WebPage\",\"@id\":\"https:\\\/\\\/tibladin.dk\\\/produkt\\\/krukker-i-stucco-tadlekt-sort\\\/\",\"url\":\"https:\\\/\\\/tibladin.dk\\\/produkt\\\/krukker-i-stucco-tadlekt-sort\\\/\",\"name\":\"Krukker i stucco\\\/tadlekt - sort | Marokkansk keramik | Tibladin\",\"isPartOf\":{\"@id\":\"https:\\\/\\\/tibladin.dk\\\/#website\"},\"primaryImageOfPage\":{\"@id\":\"https:\\\/\\\/tibladin.dk\\\/produkt\\\/krukker-i-stucco-tadlekt-sort\\\/#primaryimage\"},\"image\":{\"@id\":\"https:\\\/\\\/tibladin.dk\\\/produkt\\\/krukker-i-stucco-tadlekt-sort\\\/#primaryimage\"},\"thumbnailUrl\":\"https:\\\/\\\/tibladin.dk\\\/wp-content\\\/uploads\\\/2022\\\/09\\\/Tibladin_Krukker_Tadlekt_sort_hoej_800x800-1.jpg\",\"datePublished\":\"2022-09-20T09:02:01+00:00\",\"dateModified\":\"2025-03-26T18:25:21+00:00\",\"description\":\"Krukker i stucco\\\/tadlekt sort til opbevaring og pynt til f.eks. dit badev\u00e6relse. F\u00e5es i tre forskellige st\u00f8rrelser. Kan ogs\u00e5 findes i andre farver\",\"breadcrumb\":{\"@id\":\"https:\\\/\\\/tibladin.dk\\\/produkt\\\/krukker-i-stucco-tadlekt-sort\\\/#breadcrumb\"},\"inLanguage\":\"en-GB\",\"potentialAction\":[{\"@type\":\"ReadAction\",\"target\":[\"https:\\\/\\\/tibladin.dk\\\/produkt\\\/krukker-i-stucco-tadlekt-sort\\\/\"]}]},{\"@type\":\"ImageObject\",\"inLanguage\":\"en-GB\",\"@id\":\"https:\\\/\\\/tibladin.dk\\\/produkt\\\/krukker-i-stucco-tadlekt-sort\\\/#primaryimage\",\"url\":\"https:\\\/\\\/tibladin.dk\\\/wp-content\\\/uploads\\\/2022\\\/09\\\/Tibladin_Krukker_Tadlekt_sort_hoej_800x800-1.jpg\",\"contentUrl\":\"https:\\\/\\\/tibladin.dk\\\/wp-content\\\/uploads\\\/2022\\\/09\\\/Tibladin_Krukker_Tadlekt_sort_hoej_800x800-1.jpg\",\"width\":800,\"height\":800,\"caption\":\"Marokkanske krukker i stucco i forskellige st\u00f8rrelser\"},{\"@type\":\"BreadcrumbList\",\"@id\":\"https:\\\/\\\/tibladin.dk\\\/produkt\\\/krukker-i-stucco-tadlekt-sort\\\/#breadcrumb\",\"itemListElement\":[{\"@type\":\"ListItem\",\"position\":1,\"name\":\"Hjem\",\"item\":\"https:\\\/\\\/tibladin.dk\\\/\"},{\"@type\":\"ListItem\",\"position\":2,\"name\":\"Shop\",\"item\":\"https:\\\/\\\/tibladin.dk\\\/shop\\\/\"},{\"@type\":\"ListItem\",\"position\":3,\"name\":\"Krukker i stucco\\\/tadlekt &#8211; sort\"}]},{\"@type\":\"WebSite\",\"@id\":\"https:\\\/\\\/tibladin.dk\\\/#website\",\"url\":\"https:\\\/\\\/tibladin.dk\\\/\",\"name\":\"Tibladin\",\"description\":\"Tibladin\",\"publisher\":{\"@id\":\"https:\\\/\\\/tibladin.dk\\\/#organization\"},\"potentialAction\":[{\"@type\":\"SearchAction\",\"target\":{\"@type\":\"EntryPoint\",\"urlTemplate\":\"https:\\\/\\\/tibladin.dk\\\/?s={search_term_string}\"},\"query-input\":{\"@type\":\"PropertyValueSpecification\",\"valueRequired\":true,\"valueName\":\"search_term_string\"}}],\"inLanguage\":\"en-GB\"},{\"@type\":\"Organization\",\"@id\":\"https:\\\/\\\/tibladin.dk\\\/#organization\",\"name\":\"Tibladin\",\"url\":\"https:\\\/\\\/tibladin.dk\\\/\",\"logo\":{\"@type\":\"ImageObject\",\"inLanguage\":\"en-GB\",\"@id\":\"https:\\\/\\\/tibladin.dk\\\/#\\\/schema\\\/logo\\\/image\\\/\",\"url\":\"https:\\\/\\\/tibladin.dk\\\/wp-content\\\/uploads\\\/2022\\\/09\\\/tibladin_logo.svg\",\"contentUrl\":\"https:\\\/\\\/tibladin.dk\\\/wp-content\\\/uploads\\\/2022\\\/09\\\/tibladin_logo.svg\",\"caption\":\"Tibladin\"},\"image\":{\"@id\":\"https:\\\/\\\/tibladin.dk\\\/#\\\/schema\\\/logo\\\/image\\\/\"}}]}<\/script>\n<!-- \/ Yoast SEO plugin. -->","yoast_head_json":{"title":"Jars in stucco\/tadlekt - black | Moroccan pottery | Tibladin","description":"Jars in stucco\/tadlekt black for storage and decoration for e.g. your bathroom. Available in three different sizes. Can also be found in other colors","robots":{"index":"index","follow":"follow","max-snippet":"max-snippet:-1","max-image-preview":"max-image-preview:large","max-video-preview":"max-video-preview:-1"},"canonical":"https:\/\/tibladin.dk\/en\/product-4\/jars-in-stucco-tadlekt-black\/","og_locale":"en_GB","og_type":"article","og_title":"Krukker i stucco\/tadlekt - sort | Marokkansk keramik | Tibladin","og_description":"Krukker i stucco\/tadlekt sort til opbevaring og pynt til f.eks. dit badev\u00e6relse. F\u00e5es i tre forskellige st\u00f8rrelser. Kan ogs\u00e5 findes i andre farver","og_url":"https:\/\/tibladin.dk\/en\/product-4\/jars-in-stucco-tadlekt-black\/","og_site_name":"Tibladin","article_modified_time":"2025-03-26T18:25:21+00:00","og_image":[{"width":800,"height":800,"url":"https:\/\/tibladin.dk\/wp-content\/uploads\/2022\/09\/Tibladin_Krukker_Tadlekt_sort_hoej_800x800-1.jpg","type":"image\/jpeg"}],"twitter_card":"summary_large_image","twitter_misc":{"Estimated reading time":"2 minutes"},"schema":{"@context":"https:\/\/schema.org","@graph":[{"@type":"WebPage","@id":"https:\/\/tibladin.dk\/produkt\/krukker-i-stucco-tadlekt-sort\/","url":"https:\/\/tibladin.dk\/produkt\/krukker-i-stucco-tadlekt-sort\/","name":"Jars in stucco\/tadlekt - black | Moroccan pottery | Tibladin","isPartOf":{"@id":"https:\/\/tibladin.dk\/#website"},"primaryImageOfPage":{"@id":"https:\/\/tibladin.dk\/produkt\/krukker-i-stucco-tadlekt-sort\/#primaryimage"},"image":{"@id":"https:\/\/tibladin.dk\/produkt\/krukker-i-stucco-tadlekt-sort\/#primaryimage"},"thumbnailUrl":"https:\/\/tibladin.dk\/wp-content\/uploads\/2022\/09\/Tibladin_Krukker_Tadlekt_sort_hoej_800x800-1.jpg","datePublished":"2022-09-20T09:02:01+00:00","dateModified":"2025-03-26T18:25:21+00:00","description":"Jars in stucco\/tadlekt black for storage and decoration for e.g. your bathroom. Available in three different sizes. Can also be found in other colors","breadcrumb":{"@id":"https:\/\/tibladin.dk\/produkt\/krukker-i-stucco-tadlekt-sort\/#breadcrumb"},"inLanguage":"en-GB","potentialAction":[{"@type":"ReadAction","target":["https:\/\/tibladin.dk\/produkt\/krukker-i-stucco-tadlekt-sort\/"]}]},{"@type":"ImageObject","inLanguage":"en-GB","@id":"https:\/\/tibladin.dk\/produkt\/krukker-i-stucco-tadlekt-sort\/#primaryimage","url":"https:\/\/tibladin.dk\/wp-content\/uploads\/2022\/09\/Tibladin_Krukker_Tadlekt_sort_hoej_800x800-1.jpg","contentUrl":"https:\/\/tibladin.dk\/wp-content\/uploads\/2022\/09\/Tibladin_Krukker_Tadlekt_sort_hoej_800x800-1.jpg","width":800,"height":800,"caption":"Marokkanske krukker i stucco i forskellige st\u00f8rrelser"},{"@type":"BreadcrumbList","@id":"https:\/\/tibladin.dk\/produkt\/krukker-i-stucco-tadlekt-sort\/#breadcrumb","itemListElement":[{"@type":"ListItem","position":1,"name":"Hjem","item":"https:\/\/tibladin.dk\/"},{"@type":"ListItem","position":2,"name":"Shop","item":"https:\/\/tibladin.dk\/shop\/"},{"@type":"ListItem","position":3,"name":"Krukker i stucco\/tadlekt &#8211; sort"}]},{"@type":"WebSite","@id":"https:\/\/tibladin.dk\/#website","url":"https:\/\/tibladin.dk\/","name":"Tibladin","description":"Tibladin","publisher":{"@id":"https:\/\/tibladin.dk\/#organization"},"potentialAction":[{"@type":"SearchAction","target":{"@type":"EntryPoint","urlTemplate":"https:\/\/tibladin.dk\/?s={search_term_string}"},"query-input":{"@type":"PropertyValueSpecification","valueRequired":true,"valueName":"search_term_string"}}],"inLanguage":"en-GB"},{"@type":"Organization","@id":"https:\/\/tibladin.dk\/#organization","name":"Tibladin","url":"https:\/\/tibladin.dk\/","logo":{"@type":"ImageObject","inLanguage":"en-GB","@id":"https:\/\/tibladin.dk\/#\/schema\/logo\/image\/","url":"https:\/\/tibladin.dk\/wp-content\/uploads\/2022\/09\/tibladin_logo.svg","contentUrl":"https:\/\/tibladin.dk\/wp-content\/uploads\/2022\/09\/tibladin_logo.svg","caption":"Tibladin"},"image":{"@id":"https:\/\/tibladin.dk\/#\/schema\/logo\/image\/"}}]}},"_links":{"self":[{"href":"https:\/\/tibladin.dk\/en\/wp-json\/wp\/v2\/product\/420","targetHints":{"allow":["GET"]}}],"collection":[{"href":"https:\/\/tibladin.dk\/en\/wp-json\/wp\/v2\/product"}],"about":[{"href":"https:\/\/tibladin.dk\/en\/wp-json\/wp\/v2\/types\/product"}],"wp:featuredmedia":[{"embeddable":true,"href":"https:\/\/tibladin.dk\/en\/wp-json\/wp\/v2\/media\/496"}],"wp:attachment":[{"href":"https:\/\/tibladin.dk\/en\/wp-json\/wp\/v2\/media?parent=420"}],"wp:term":[{"taxonomy":"product_brand","embeddable":true,"href":"https:\/\/tibladin.dk\/en\/wp-json\/wp\/v2\/product_brand?post=420"},{"taxonomy":"product_cat","embeddable":true,"href":"https:\/\/tibladin.dk\/en\/wp-json\/wp\/v2\/product_cat?post=420"},{"taxonomy":"product_tag","embeddable":true,"href":"https:\/\/tibladin.dk\/en\/wp-json\/wp\/v2\/product_tag?post=420"}],"curies":[{"name":"wp","href":"https:\/\/api.w.org\/{rel}","templated":true}]}}