{"id":42224,"date":"2025-12-03T16:34:12","date_gmt":"2025-12-03T15:34:12","guid":{"rendered":"https:\/\/tibladin.dk\/?post_type=product&#038;p=42224"},"modified":"2026-02-06T18:48:28","modified_gmt":"2026-02-06T17:48:28","slug":"berber-carpet-vintage-165x245-cm-ayla","status":"publish","type":"product","link":"https:\/\/tibladin.dk\/en\/produkt\/berbertaeppe-vintage-165x245-cm-ayla\/","title":{"rendered":"Berber carpet vintage 165\u00d7245 cm. \u2013 AYLA"},"content":{"rendered":"<div class=\"wpb-content-wrapper\"><div class=\"vc_row wpb_row vc_row-fluid\"><div class=\"wpb_column vc_column_container vc_col-sm-12\"><div class=\"vc_column-inner\"><div class=\"wpb_wrapper\">\n\t<div class=\"wpb_text_column wpb_content_element\" >\n\t\t<div class=\"wpb_wrapper\">\n\t\t\t<p>!<\/p>\n\n\t\t<\/div>\n\t<\/div>\n<\/div><\/div><\/div><\/div><div class=\"vc_row wpb_row vc_row-fluid\"><div class=\"wpb_column vc_column_container vc_col-sm-4\"><div class=\"vc_column-inner\"><div class=\"wpb_wrapper\"><\/div><\/div><\/div><div class=\"wpb_column vc_column_container vc_col-sm-4\"><div class=\"vc_column-inner\"><div class=\"wpb_wrapper\"><h3 style=\"text-align: left\" class=\"vc_custom_heading vc_do_custom_heading\" >TAZNAKT carpet maintenance<\/h3>\n\t<div class=\"wpb_text_column wpb_content_element\" >\n\t\t<div class=\"wpb_wrapper\">\n\t\t\t<h2 data-start=\"187\" data-end=\"209\"><strong data-start=\"193\" data-end=\"209\">Daily care<\/strong><\/h2>\n<ul data-start=\"210\" data-end=\"513\">\n<li data-start=\"210\" data-end=\"332\">\n<p data-start=\"212\" data-end=\"332\">Vacuum regularly \u2013 but without a rotating brush (only a nozzle or gentle suction power) so that the wool does not wear out unnecessarily.<\/p>\n<\/li>\n<li data-start=\"333\" data-end=\"411\">\n<p data-start=\"335\" data-end=\"411\">Turn the carpet occasionally so that the wear is distributed and the colors fade evenly.<\/p>\n<\/li>\n<li data-start=\"412\" data-end=\"513\">\n<p data-start=\"414\" data-end=\"513\">Shake the carpet outside a few times a year \u2013 this loosens dust and grains of sand that are hiding in the fibers.<\/p>\n<\/li>\n<\/ul>\n<h2 data-start=\"520\" data-end=\"542\"><strong data-start=\"526\" data-end=\"542\">Stain removal<\/strong><\/h2>\n<ul data-start=\"543\" data-end=\"781\">\n<li data-start=\"543\" data-end=\"613\">\n<p data-start=\"545\" data-end=\"613\">Always wipe spills immediately with a clean, white cloth \u2013 dab, don&#039;t rub.<\/p>\n<\/li>\n<li data-start=\"614\" data-end=\"710\">\n<p data-start=\"616\" data-end=\"710\">Use lukewarm water with a little neutral soap (e.g. wool shampoo or soap flakes) on small stains.<\/p>\n<\/li>\n<li data-start=\"711\" data-end=\"781\">\n<p data-start=\"713\" data-end=\"781\">Avoid chemical cleaners as they can ruin the plant colors.<\/p>\n<\/li>\n<\/ul>\n<h2 data-start=\"788\" data-end=\"814\"><strong data-start=\"794\" data-end=\"814\">Deeper cleaning<\/strong><\/h2>\n<ul data-start=\"815\" data-end=\"1109\">\n<li data-start=\"815\" data-end=\"971\">\n<p data-start=\"817\" data-end=\"971\">Clean the rug gently in cold water with mild wool soap if necessary. Let it dry flat in the shade \u2013 never in direct sunlight (which can fade the colors).<\/p>\n<\/li>\n<li data-start=\"972\" data-end=\"1109\">\n<p data-start=\"974\" data-end=\"1109\">Professional cleaning is only recommended for people with experience in genuine vintage carpets \u2013 regular carpet cleaning can ruin the wool and colors.<\/p>\n<\/li>\n<\/ul>\n\n\t\t<\/div>\n\t<\/div>\n<\/div><\/div><\/div><div class=\"wpb_column vc_column_container vc_col-sm-4\"><div class=\"vc_column-inner\"><div class=\"wpb_wrapper\"><h3 style=\"text-align: left\" class=\"vc_custom_heading vc_do_custom_heading\" >The story behind TAZNAKT rugs<\/h3>\n\t<div class=\"wpb_text_column wpb_content_element\" >\n\t\t<div class=\"wpb_wrapper\">\n\t\t\t<h2 data-start=\"157\" data-end=\"199\"><strong data-start=\"163\" data-end=\"197\">The Origin of Taznakht Carpets<\/strong><\/h2>\n<ul data-start=\"200\" data-end=\"663\">\n<li data-start=\"200\" data-end=\"319\">\n<p data-start=\"202\" data-end=\"319\"><strong data-start=\"202\" data-end=\"215\">Geography:<\/strong> Taznakht is located in <strong data-start=\"234\" data-end=\"253\">southern Morocco<\/strong>, between Ouarzazate and the Sahara, at the foot of the Anti-Atlas Mountains.<\/p>\n<\/li>\n<li data-start=\"320\" data-end=\"535\">\n<p data-start=\"322\" data-end=\"535\"><strong data-start=\"322\" data-end=\"335\">History:<\/strong> The area has been an important weaving center for centuries, where Berber women have created rugs that combine several weaving techniques: <strong data-start=\"464\" data-end=\"532\">flat weaving (Kelim), knotted carpets and embroidery-like details<\/strong>.<\/p>\n<\/li>\n<li data-start=\"536\" data-end=\"663\">\n<p data-start=\"538\" data-end=\"663\"><strong data-start=\"538\" data-end=\"550\">Tribes:<\/strong> The carpets are connected with <strong data-start=\"574\" data-end=\"601\">A\u00eft Ouaouzguite tribe<\/strong>, which is known for their refined and color-saturated carpets.<\/p>\n<\/li>\n<\/ul>\n<hr data-start=\"665\" data-end=\"668\" \/>\n<h2 data-start=\"670\" data-end=\"719\"><strong data-start=\"676\" data-end=\"717\">Characteristics of Taznakht vintage rugs<\/strong><\/h2>\n<ul data-start=\"720\" data-end=\"1394\">\n<li data-start=\"720\" data-end=\"934\">\n<p data-start=\"722\" data-end=\"934\"><strong data-start=\"722\" data-end=\"733\">Colors:<\/strong> Natural dyes from plants, minerals and roots \u2013 such as saffron (yellow), henna (orange), indigo (blue) and pomegranate peel (red) \u2013 provide a warm and intense colour palette that fades beautifully over time.<\/p>\n<\/li>\n<li data-start=\"935\" data-end=\"1193\">\n<p data-start=\"937\" data-end=\"1046\"><strong data-start=\"937\" data-end=\"949\">Patterns:<\/strong> Very detailed and often more \u201crefined\u201d than other Berber rugs. Typical motifs include:<\/p>\n<ul data-start=\"1049\" data-end=\"1193\">\n<li data-start=\"1049\" data-end=\"1084\">\n<p data-start=\"1051\" data-end=\"1084\">Repeated <strong data-start=\"1060\" data-end=\"1082\">rhombuses and stars<\/strong><\/p>\n<\/li>\n<li data-start=\"1087\" data-end=\"1141\">\n<p data-start=\"1089\" data-end=\"1141\"><strong data-start=\"1089\" data-end=\"1108\">Tribal symbols<\/strong> which protects against the evil eye<\/p>\n<\/li>\n<li data-start=\"1144\" data-end=\"1193\">\n<p data-start=\"1146\" data-end=\"1193\">Borders with small patterns that frame the carpet<\/p>\n<\/li>\n<\/ul>\n<\/li>\n<li data-start=\"1194\" data-end=\"1394\">\n<p data-start=\"1196\" data-end=\"1394\"><strong data-start=\"1196\" data-end=\"1207\">Technique:<\/strong> Taznakht is special because the carpets often combine <strong data-start=\"1260\" data-end=\"1288\">three techniques in one blanket<\/strong>: knotted pile, kilim surfaces and embroidery-like patterns. This makes them more complex than, for example, Beni Ourain.<\/p>\n<\/li>\n<\/ul>\n<hr data-start=\"1396\" data-end=\"1399\" \/>\n<h2 data-start=\"1401\" data-end=\"1432\"><strong data-start=\"1407\" data-end=\"1430\">Rarity and value<\/strong><\/h2>\n<ul data-start=\"1433\" data-end=\"2095\">\n<li data-start=\"1433\" data-end=\"1614\">\n<p data-start=\"1435\" data-end=\"1614\"><strong data-start=\"1435\" data-end=\"1462\">Vintage Taznakht rugs<\/strong> (from the 1950s\u20131970s) are very rare today, as production at the time was limited to small villages and each carpet could take months to weave.<\/p>\n<\/li>\n<li data-start=\"1615\" data-end=\"1788\">\n<p data-start=\"1617\" data-end=\"1788\">Unlike Beni Ouarain and Azilal, which have been mass-produced for export, genuine Taznakht rugs are <strong data-start=\"1725\" data-end=\"1746\">more niche<\/strong> and are therefore less common on the market.<\/p>\n<\/li>\n<li data-start=\"1789\" data-end=\"1972\">\n<p data-start=\"1791\" data-end=\"1972\">Their special combination of weaving techniques and rich colors make them today <strong data-start=\"1867\" data-end=\"1899\">sought-after collectibles<\/strong> \u2013 especially those carpets that still have their original plant colors preserved.<\/p>\n<\/li>\n<li data-start=\"1973\" data-end=\"2095\">\n<p data-start=\"1975\" data-end=\"2095\">Many experts and collectors consider Taznakht to be among the <strong data-start=\"2035\" data-end=\"2092\">most sophisticated and artistic carpets from Morocco<\/strong>.<\/p>\n<\/li>\n<\/ul>\n<hr data-start=\"2097\" data-end=\"2100\" \/>\n\n\t\t<\/div>\n\t<\/div>\n<\/div><\/div><\/div><\/div>\n<\/div>","protected":false},"excerpt":{"rendered":"<p data-start=\"153\" data-end=\"416\"><em data-start=\"153\" data-end=\"159\">Ayla<\/em> is a rare, sun-bleached vintage rug from the Taznakht region in southern Morocco. A beautiful, hand-knotted piece of history with a calm sand-colored ground and the characteristic diamond motifs, which in Berber culture symbolize protection and feminine powers.<\/p>\n<p data-start=\"418\" data-end=\"689\">The dense wool, subtle patterns and natural patina give the rug a soft, warm look \u2013 as if the sun has been working on it for decades. Along the edges, you can see the original black edging and the wide weaving bands at the top and bottom, which are characteristic of older Taznakht rugs.<\/p>\n<p data-start=\"691\" data-end=\"879\"><em data-start=\"691\" data-end=\"697\">Ayla<\/em> is a unique one-of-a-kind piece that creates peace and warmth in any room. Perfect for the living room, bedroom or a cozy corner where you want an authentic, toned-down vintage look.<\/p>\n<h3 data-start=\"881\" data-end=\"897\"><strong data-start=\"885\" data-end=\"897\">Details<\/strong><\/h3>\n<ul data-start=\"898\" data-end=\"1025\">\n<li data-start=\"898\" data-end=\"931\">\n<p data-start=\"900\" data-end=\"931\">Origin: Taznakht, Morocco<\/p>\n<\/li>\n<li data-start=\"932\" data-end=\"955\">\n<p data-start=\"934\" data-end=\"955\">Material: 100% wool<\/p>\n<\/li>\n<li data-start=\"956\" data-end=\"987\">\n<p data-start=\"958\" data-end=\"987\">Hand-tied, vintage patina<\/p>\n<\/li>\n<li data-start=\"988\" data-end=\"1025\">\n<p data-start=\"990\" data-end=\"1025\">Unique \u2013 only available in one copy<\/p>\n<\/li>\n<\/ul>\n<p data-start=\"158\" data-end=\"370\"><strong data-start=\"2119\" data-end=\"2146\">Vintage Taznakht rugs<\/strong> from southern Morocco are characterized by their intense natural colors, complex weaving techniques and symbolic patterns. They are much rarer than many other Moroccan rugs and therefore particularly sought after by collectors and interior design enthusiasts looking for something unique and authentic.<\/p>","protected":false},"featured_media":42213,"template":"","meta":{"inline_featured_image":false},"product_brand":[],"product_cat":[143,59],"product_tag":[],"class_list":{"0":"post-42224","1":"product","2":"type-product","3":"status-publish","4":"has-post-thumbnail","6":"product_cat-berbertaepper","7":"product_cat-marokkanske-taepper","9":"first","10":"instock","11":"taxable","12":"shipping-taxable","13":"purchasable","14":"product-type-simple"},"exclude_global_add_ons":[],"addons":[],"yoast_head":"<!-- This site is optimized with the Yoast SEO plugin v27.4 - https:\/\/yoast.com\/product\/yoast-seo-wordpress\/ -->\n<title>Berbert\u00e6ppe | Marokkansk t\u00e6ppe | Kig her lige nu!<\/title>\n<meta name=\"description\" content=\"\u00c6gte Vintage Berbert\u00e6ppe i slidte gule nuancer. Regul\u00e6r st\u00f8rrelse som passer fint til et sofahj\u00f8rne. Helt unikt og kun hos Tibladin.\" \/>\n<meta name=\"robots\" content=\"index, follow, max-snippet:-1, max-image-preview:large, max-video-preview:-1\" \/>\n<link rel=\"canonical\" href=\"https:\/\/tibladin.dk\/en\/product-4\/berber-carpet-vintage-165x245-cm-ayla\/\" \/>\n<meta property=\"og:locale\" content=\"en_GB\" \/>\n<meta property=\"og:type\" content=\"article\" \/>\n<meta property=\"og:title\" content=\"Berbert\u00e6ppe | Marokkansk t\u00e6ppe | Kig her lige nu!\" \/>\n<meta property=\"og:description\" content=\"\u00c6gte Vintage Berbert\u00e6ppe i slidte gule nuancer. Regul\u00e6r st\u00f8rrelse som passer fint til et sofahj\u00f8rne. Helt unikt og kun hos Tibladin.\" \/>\n<meta property=\"og:url\" content=\"https:\/\/tibladin.dk\/en\/product-4\/berber-carpet-vintage-165x245-cm-ayla\/\" \/>\n<meta property=\"og:site_name\" content=\"Tibladin\" \/>\n<meta property=\"article:modified_time\" content=\"2026-02-06T17:48:28+00:00\" \/>\n<meta property=\"og:image\" content=\"https:\/\/tibladin.dk\/wp-content\/uploads\/2025\/12\/Ayla-vintage-taeppe_5.jpg\" \/>\n\t<meta property=\"og:image:width\" content=\"800\" \/>\n\t<meta property=\"og:image:height\" content=\"800\" \/>\n\t<meta property=\"og:image:type\" content=\"image\/jpeg\" \/>\n<meta name=\"twitter:card\" content=\"summary_large_image\" \/>\n<meta name=\"twitter:label1\" content=\"Estimated reading time\" \/>\n\t<meta name=\"twitter:data1\" content=\"3 minutes\" \/>\n<script type=\"application\/ld+json\" class=\"yoast-schema-graph\">{\"@context\":\"https:\\\/\\\/schema.org\",\"@graph\":[{\"@type\":\"WebPage\",\"@id\":\"https:\\\/\\\/tibladin.dk\\\/produkt\\\/berbertaeppe-vintage-165x245-cm-ayla\\\/\",\"url\":\"https:\\\/\\\/tibladin.dk\\\/produkt\\\/berbertaeppe-vintage-165x245-cm-ayla\\\/\",\"name\":\"Berbert\u00e6ppe | Marokkansk t\u00e6ppe | Kig her lige nu!\",\"isPartOf\":{\"@id\":\"https:\\\/\\\/tibladin.dk\\\/#website\"},\"primaryImageOfPage\":{\"@id\":\"https:\\\/\\\/tibladin.dk\\\/produkt\\\/berbertaeppe-vintage-165x245-cm-ayla\\\/#primaryimage\"},\"image\":{\"@id\":\"https:\\\/\\\/tibladin.dk\\\/produkt\\\/berbertaeppe-vintage-165x245-cm-ayla\\\/#primaryimage\"},\"thumbnailUrl\":\"https:\\\/\\\/tibladin.dk\\\/wp-content\\\/uploads\\\/2025\\\/12\\\/Ayla-vintage-taeppe_5.jpg\",\"datePublished\":\"2025-12-03T15:34:12+00:00\",\"dateModified\":\"2026-02-06T17:48:28+00:00\",\"description\":\"\u00c6gte Vintage Berbert\u00e6ppe i slidte gule nuancer. Regul\u00e6r st\u00f8rrelse som passer fint til et sofahj\u00f8rne. Helt unikt og kun hos Tibladin.\",\"breadcrumb\":{\"@id\":\"https:\\\/\\\/tibladin.dk\\\/produkt\\\/berbertaeppe-vintage-165x245-cm-ayla\\\/#breadcrumb\"},\"inLanguage\":\"en-GB\",\"potentialAction\":[{\"@type\":\"ReadAction\",\"target\":[\"https:\\\/\\\/tibladin.dk\\\/produkt\\\/berbertaeppe-vintage-165x245-cm-ayla\\\/\"]}]},{\"@type\":\"ImageObject\",\"inLanguage\":\"en-GB\",\"@id\":\"https:\\\/\\\/tibladin.dk\\\/produkt\\\/berbertaeppe-vintage-165x245-cm-ayla\\\/#primaryimage\",\"url\":\"https:\\\/\\\/tibladin.dk\\\/wp-content\\\/uploads\\\/2025\\\/12\\\/Ayla-vintage-taeppe_5.jpg\",\"contentUrl\":\"https:\\\/\\\/tibladin.dk\\\/wp-content\\\/uploads\\\/2025\\\/12\\\/Ayla-vintage-taeppe_5.jpg\",\"width\":800,\"height\":800,\"caption\":\"ayla vintage t\u00e6ppe\"},{\"@type\":\"BreadcrumbList\",\"@id\":\"https:\\\/\\\/tibladin.dk\\\/produkt\\\/berbertaeppe-vintage-165x245-cm-ayla\\\/#breadcrumb\",\"itemListElement\":[{\"@type\":\"ListItem\",\"position\":1,\"name\":\"Hjem\",\"item\":\"https:\\\/\\\/tibladin.dk\\\/\"},{\"@type\":\"ListItem\",\"position\":2,\"name\":\"Shop\",\"item\":\"https:\\\/\\\/tibladin.dk\\\/shop\\\/\"},{\"@type\":\"ListItem\",\"position\":3,\"name\":\"Berbert\u00e6ppe vintage 165&#215;245 cm. &#8211; AYLA\"}]},{\"@type\":\"WebSite\",\"@id\":\"https:\\\/\\\/tibladin.dk\\\/#website\",\"url\":\"https:\\\/\\\/tibladin.dk\\\/\",\"name\":\"Tibladin\",\"description\":\"Tibladin\",\"publisher\":{\"@id\":\"https:\\\/\\\/tibladin.dk\\\/#organization\"},\"potentialAction\":[{\"@type\":\"SearchAction\",\"target\":{\"@type\":\"EntryPoint\",\"urlTemplate\":\"https:\\\/\\\/tibladin.dk\\\/?s={search_term_string}\"},\"query-input\":{\"@type\":\"PropertyValueSpecification\",\"valueRequired\":true,\"valueName\":\"search_term_string\"}}],\"inLanguage\":\"en-GB\"},{\"@type\":\"Organization\",\"@id\":\"https:\\\/\\\/tibladin.dk\\\/#organization\",\"name\":\"Tibladin\",\"url\":\"https:\\\/\\\/tibladin.dk\\\/\",\"logo\":{\"@type\":\"ImageObject\",\"inLanguage\":\"en-GB\",\"@id\":\"https:\\\/\\\/tibladin.dk\\\/#\\\/schema\\\/logo\\\/image\\\/\",\"url\":\"https:\\\/\\\/tibladin.dk\\\/wp-content\\\/uploads\\\/2022\\\/09\\\/tibladin_logo.svg\",\"contentUrl\":\"https:\\\/\\\/tibladin.dk\\\/wp-content\\\/uploads\\\/2022\\\/09\\\/tibladin_logo.svg\",\"caption\":\"Tibladin\"},\"image\":{\"@id\":\"https:\\\/\\\/tibladin.dk\\\/#\\\/schema\\\/logo\\\/image\\\/\"}}]}<\/script>\n<!-- \/ Yoast SEO plugin. -->","yoast_head_json":{"title":"Berber carpet | Moroccan rug | Look here right now!","description":"Genuine Vintage Berber carpet in worn yellow shades. Regular size that fits nicely in a sofa corner. Completely unique and only at Tibladin.","robots":{"index":"index","follow":"follow","max-snippet":"max-snippet:-1","max-image-preview":"max-image-preview:large","max-video-preview":"max-video-preview:-1"},"canonical":"https:\/\/tibladin.dk\/en\/product-4\/berber-carpet-vintage-165x245-cm-ayla\/","og_locale":"en_GB","og_type":"article","og_title":"Berbert\u00e6ppe | Marokkansk t\u00e6ppe | Kig her lige nu!","og_description":"\u00c6gte Vintage Berbert\u00e6ppe i slidte gule nuancer. Regul\u00e6r st\u00f8rrelse som passer fint til et sofahj\u00f8rne. Helt unikt og kun hos Tibladin.","og_url":"https:\/\/tibladin.dk\/en\/product-4\/berber-carpet-vintage-165x245-cm-ayla\/","og_site_name":"Tibladin","article_modified_time":"2026-02-06T17:48:28+00:00","og_image":[{"width":800,"height":800,"url":"https:\/\/tibladin.dk\/wp-content\/uploads\/2025\/12\/Ayla-vintage-taeppe_5.jpg","type":"image\/jpeg"}],"twitter_card":"summary_large_image","twitter_misc":{"Estimated reading time":"3 minutes"},"schema":{"@context":"https:\/\/schema.org","@graph":[{"@type":"WebPage","@id":"https:\/\/tibladin.dk\/produkt\/berbertaeppe-vintage-165x245-cm-ayla\/","url":"https:\/\/tibladin.dk\/produkt\/berbertaeppe-vintage-165x245-cm-ayla\/","name":"Berber carpet | Moroccan rug | Look here right now!","isPartOf":{"@id":"https:\/\/tibladin.dk\/#website"},"primaryImageOfPage":{"@id":"https:\/\/tibladin.dk\/produkt\/berbertaeppe-vintage-165x245-cm-ayla\/#primaryimage"},"image":{"@id":"https:\/\/tibladin.dk\/produkt\/berbertaeppe-vintage-165x245-cm-ayla\/#primaryimage"},"thumbnailUrl":"https:\/\/tibladin.dk\/wp-content\/uploads\/2025\/12\/Ayla-vintage-taeppe_5.jpg","datePublished":"2025-12-03T15:34:12+00:00","dateModified":"2026-02-06T17:48:28+00:00","description":"Genuine Vintage Berber carpet in worn yellow shades. Regular size that fits nicely in a sofa corner. Completely unique and only at Tibladin.","breadcrumb":{"@id":"https:\/\/tibladin.dk\/produkt\/berbertaeppe-vintage-165x245-cm-ayla\/#breadcrumb"},"inLanguage":"en-GB","potentialAction":[{"@type":"ReadAction","target":["https:\/\/tibladin.dk\/produkt\/berbertaeppe-vintage-165x245-cm-ayla\/"]}]},{"@type":"ImageObject","inLanguage":"en-GB","@id":"https:\/\/tibladin.dk\/produkt\/berbertaeppe-vintage-165x245-cm-ayla\/#primaryimage","url":"https:\/\/tibladin.dk\/wp-content\/uploads\/2025\/12\/Ayla-vintage-taeppe_5.jpg","contentUrl":"https:\/\/tibladin.dk\/wp-content\/uploads\/2025\/12\/Ayla-vintage-taeppe_5.jpg","width":800,"height":800,"caption":"ayla vintage t\u00e6ppe"},{"@type":"BreadcrumbList","@id":"https:\/\/tibladin.dk\/produkt\/berbertaeppe-vintage-165x245-cm-ayla\/#breadcrumb","itemListElement":[{"@type":"ListItem","position":1,"name":"Hjem","item":"https:\/\/tibladin.dk\/"},{"@type":"ListItem","position":2,"name":"Shop","item":"https:\/\/tibladin.dk\/shop\/"},{"@type":"ListItem","position":3,"name":"Berbert\u00e6ppe vintage 165&#215;245 cm. &#8211; AYLA"}]},{"@type":"WebSite","@id":"https:\/\/tibladin.dk\/#website","url":"https:\/\/tibladin.dk\/","name":"Tibladin","description":"Tibladin","publisher":{"@id":"https:\/\/tibladin.dk\/#organization"},"potentialAction":[{"@type":"SearchAction","target":{"@type":"EntryPoint","urlTemplate":"https:\/\/tibladin.dk\/?s={search_term_string}"},"query-input":{"@type":"PropertyValueSpecification","valueRequired":true,"valueName":"search_term_string"}}],"inLanguage":"en-GB"},{"@type":"Organization","@id":"https:\/\/tibladin.dk\/#organization","name":"Tibladin","url":"https:\/\/tibladin.dk\/","logo":{"@type":"ImageObject","inLanguage":"en-GB","@id":"https:\/\/tibladin.dk\/#\/schema\/logo\/image\/","url":"https:\/\/tibladin.dk\/wp-content\/uploads\/2022\/09\/tibladin_logo.svg","contentUrl":"https:\/\/tibladin.dk\/wp-content\/uploads\/2022\/09\/tibladin_logo.svg","caption":"Tibladin"},"image":{"@id":"https:\/\/tibladin.dk\/#\/schema\/logo\/image\/"}}]}},"_links":{"self":[{"href":"https:\/\/tibladin.dk\/en\/wp-json\/wp\/v2\/product\/42224","targetHints":{"allow":["GET"]}}],"collection":[{"href":"https:\/\/tibladin.dk\/en\/wp-json\/wp\/v2\/product"}],"about":[{"href":"https:\/\/tibladin.dk\/en\/wp-json\/wp\/v2\/types\/product"}],"wp:featuredmedia":[{"embeddable":true,"href":"https:\/\/tibladin.dk\/en\/wp-json\/wp\/v2\/media\/42213"}],"wp:attachment":[{"href":"https:\/\/tibladin.dk\/en\/wp-json\/wp\/v2\/media?parent=42224"}],"wp:term":[{"taxonomy":"product_brand","embeddable":true,"href":"https:\/\/tibladin.dk\/en\/wp-json\/wp\/v2\/product_brand?post=42224"},{"taxonomy":"product_cat","embeddable":true,"href":"https:\/\/tibladin.dk\/en\/wp-json\/wp\/v2\/product_cat?post=42224"},{"taxonomy":"product_tag","embeddable":true,"href":"https:\/\/tibladin.dk\/en\/wp-json\/wp\/v2\/product_tag?post=42224"}],"curies":[{"name":"wp","href":"https:\/\/api.w.org\/{rel}","templated":true}]}}