{"id":43798,"date":"2026-03-19T16:00:36","date_gmt":"2026-03-19T15:00:36","guid":{"rendered":"https:\/\/tibladin.dk\/?post_type=product&#038;p=43798"},"modified":"2026-03-19T16:08:56","modified_gmt":"2026-03-19T15:08:56","slug":"picture-black-white-photo-in-frame-medina","status":"publish","type":"product","link":"https:\/\/tibladin.dk\/en\/produkt\/billede-sort-hvid-foto-i-ramme-medina\/","title":{"rendered":"Picture | black and white photo in frame \u2013 MEDINA"},"content":{"rendered":"<div class=\"wpb-content-wrapper\"><div class=\"vc_row wpb_row vc_row-fluid\"><div class=\"wpb_column vc_column_container vc_col-sm-4\"><div class=\"vc_column-inner\"><div class=\"wpb_wrapper\"><\/div><\/div><\/div><div class=\"wpb_column vc_column_container vc_col-sm-4\"><div class=\"vc_column-inner\"><div class=\"wpb_wrapper\"><h3 style=\"text-align: left\" class=\"vc_custom_heading vc_do_custom_heading\" >Frame<\/h3>\n\t<div class=\"wpb_text_column wpb_content_element\" >\n\t\t<div class=\"wpb_wrapper\">\n\t\t\t<p>Comes in a beautiful wooden frame and real glass.<\/p>\n\n\t\t<\/div>\n\t<\/div>\n<\/div><\/div><\/div><div class=\"wpb_column vc_column_container vc_col-sm-4\"><div class=\"vc_column-inner\"><div class=\"wpb_wrapper\"><h3 style=\"text-align: left\" class=\"vc_custom_heading vc_do_custom_heading\" >This is how I decorate my walls<\/h3>\n\t<div class=\"wpb_text_column wpb_content_element\" >\n\t\t<div class=\"wpb_wrapper\">\n\t\t\t<p><span class=\"JsGRdQ\">Should your walls bubble over like a champagne glass of romance, radiate exclusivity, create a warm<\/span><span class=\"JsGRdQ\">\u00a0<\/span><span class=\"JsGRdQ\">bohemian vibe or something completely different? It can be achieved with small changes and some simple choices. Use posters by local Moroccan artists to give your interior a personal and unique look.<\/span><\/p>\n\n\t\t<\/div>\n\t<\/div>\n<\/div><\/div><\/div><\/div>\n<\/div>","protected":false},"excerpt":{"rendered":"<p>Be inspired by this beautiful Moroccan black and white photo. The photo is set in a rustic black wooden passepartout frame.<\/p>\n<p>The frame measures 42\u00d732 cm and the photo itself 29x18x cm. The photo is in horizontal format.<\/p>\n<p>The frame and photo are antique and the frame may have small nicks.<\/p>\n<p><b>MEDINA: <\/b>is an old black-and-white photograph from Morocco, where the pulse of the city and the movements of people merge into one living moment. In the foreground, people glide past each other \u2013 dressed in traditional garb, making their way through the day, each in their own direction.<\/p>\n<p data-start=\"421\" data-end=\"587\">In the background, architecture rises calmly and unwaveringly. A mosque breaks the horizon, like an anchor in time, while the city around it moves, changes and lives.<\/p>\n<p data-start=\"716\" data-end=\"874\">The scene almost feels like a snapshot of everyday life in a medina, where life is lived closely, where meetings occur spontaneously, and where past and present exist side by side.<\/p>\n<p data-start=\"1004\" data-end=\"1106\">","protected":false},"featured_media":41203,"template":"","meta":{"inline_featured_image":false},"product_brand":[],"product_cat":[111,133,56],"product_tag":[],"class_list":{"0":"post-43798","1":"product","2":"type-product","3":"status-publish","4":"has-post-thumbnail","6":"product_cat-plakater","7":"product_cat-plakater30x40","8":"product_cat-vaegdekoration","10":"first","11":"instock","12":"taxable","13":"shipping-taxable","14":"purchasable","15":"product-type-simple"},"exclude_global_add_ons":false,"addons":[{"name":"Do you want gift wrapping?","type":"checkbox","position":0,"required":false,"title_format":"label","default":"","description_enable":false,"description":"","placeholder_enable":false,"placeholder":"","display":"images","restrictions_type":"any_text","adjust_price":false,"price":"","price_type":"flat_fee","restrictions":false,"min":"0","max":"0","options":[{"label":"Ja tak","price":"10","price_type":"flat_fee","image":11015,"visibility":true}],"id":1669646111},{"name":"Purchase a frame for your poster","type":"multiple_choice","position":0,"required":false,"title_format":"label","default":"","description_enable":true,"description":"The frames are delivered with plexiglass. If you prefer regular glass, simply write it in the comments field. The colored frames are delivered separately as they are sent from a remote warehouse.","placeholder_enable":false,"placeholder":"","display":"images","restrictions_type":"any_text","adjust_price":false,"price":"","price_type":"flat_fee","restrictions":false,"min":"0","max":"0","options":[{"label":"GUL 30x40","price":"199","price_type":"flat_fee","image":7321,"visibility":true},{"label":"GUL 50x70","price":"299","price_type":"flat_fee","image":7322,"visibility":true},{"label":"LYSEBL\u00c5 30x40","price":"199","price_type":"flat_fee","image":7325,"visibility":true},{"label":"LYSEBL\u00c5 50x70","price":"299","price_type":"flat_fee","image":7336,"visibility":true},{"label":"KOBOLTBL\u00c5 30x40","price":"199","price_type":"flat_fee","image":7323,"visibility":true},{"label":"KOBOLTBL\u00c5 50x70","price":"299","price_type":"flat_fee","image":7324,"visibility":true},{"label":"M\u00d8RKEBL\u00c5 30x40","price":"199","price_type":"flat_fee","image":7329,"visibility":true},{"label":"M\u00d8RKEBL\u00c5 50x70","price":"299","price_type":"flat_fee","image":7330,"visibility":true},{"label":"ROSA 30x40","price":"199","price_type":"flat_fee","image":7327,"visibility":true},{"label":"ROSA 50x70","price":"299","price_type":"flat_fee","image":7328,"visibility":true},{"label":"ORANGE 30x40","price":"199","price_type":"flat_fee","image":7333,"visibility":true},{"label":"ORANGE 50x70","price":"299","price_type":"flat_fee","image":7334,"visibility":true},{"label":"SORT 30x40","price":"199","price_type":"flat_fee","image":7319,"visibility":true},{"label":"SORT 50x70","price":"299","price_type":"flat_fee","image":7320,"visibility":true},{"label":"NATUR 30x40","price":"70","price_type":"flat_fee","image":7331,"visibility":true},{"label":"NATUR 50x70","price":"149","price_type":"flat_fee","image":7332,"visibility":true}],"id":1683372015}],"yoast_head":"<!-- This site is optimized with the Yoast SEO plugin v27.4 - https:\/\/yoast.com\/product\/yoast-seo-wordpress\/ -->\n<title>Marokkansk plakater | Lokale kunstnere | Unik v\u00e6gdekoration<\/title>\n<meta name=\"description\" content=\"Plakater af marokkansk lokal kunstner. F\u00e5 et touch af Marokko ind i dit hjem og giv din v\u00e6gge en unik udsmykning med stemningsfulde plakater.\" \/>\n<meta name=\"robots\" content=\"index, follow, max-snippet:-1, max-image-preview:large, max-video-preview:-1\" \/>\n<link rel=\"canonical\" href=\"https:\/\/tibladin.dk\/en\/product-4\/picture-black-white-photo-in-frame-medina\/\" \/>\n<meta property=\"og:locale\" content=\"en_GB\" \/>\n<meta property=\"og:type\" content=\"article\" \/>\n<meta property=\"og:title\" content=\"Marokkansk plakater | Lokale kunstnere | Unik v\u00e6gdekoration\" \/>\n<meta property=\"og:description\" content=\"Plakater af marokkansk lokal kunstner. F\u00e5 et touch af Marokko ind i dit hjem og giv din v\u00e6gge en unik udsmykning med stemningsfulde plakater.\" \/>\n<meta property=\"og:url\" content=\"https:\/\/tibladin.dk\/en\/product-4\/picture-black-white-photo-in-frame-medina\/\" \/>\n<meta property=\"og:site_name\" content=\"Tibladin\" \/>\n<meta property=\"article:modified_time\" content=\"2026-03-19T15:08:56+00:00\" \/>\n<meta property=\"og:image\" content=\"https:\/\/tibladin.dk\/wp-content\/uploads\/2025\/10\/Billede-sorthvid_Medina.jpg\" \/>\n\t<meta property=\"og:image:width\" content=\"800\" \/>\n\t<meta property=\"og:image:height\" content=\"800\" \/>\n\t<meta property=\"og:image:type\" content=\"image\/jpeg\" \/>\n<meta name=\"twitter:card\" content=\"summary_large_image\" \/>\n<meta name=\"twitter:label1\" content=\"Estimated reading time\" \/>\n\t<meta name=\"twitter:data1\" content=\"2 minutes\" \/>\n<script type=\"application\/ld+json\" class=\"yoast-schema-graph\">{\"@context\":\"https:\\\/\\\/schema.org\",\"@graph\":[{\"@type\":\"WebPage\",\"@id\":\"https:\\\/\\\/tibladin.dk\\\/produkt\\\/billede-sort-hvid-foto-i-ramme-medina\\\/\",\"url\":\"https:\\\/\\\/tibladin.dk\\\/produkt\\\/billede-sort-hvid-foto-i-ramme-medina\\\/\",\"name\":\"Marokkansk plakater | Lokale kunstnere | Unik v\u00e6gdekoration\",\"isPartOf\":{\"@id\":\"https:\\\/\\\/tibladin.dk\\\/#website\"},\"primaryImageOfPage\":{\"@id\":\"https:\\\/\\\/tibladin.dk\\\/produkt\\\/billede-sort-hvid-foto-i-ramme-medina\\\/#primaryimage\"},\"image\":{\"@id\":\"https:\\\/\\\/tibladin.dk\\\/produkt\\\/billede-sort-hvid-foto-i-ramme-medina\\\/#primaryimage\"},\"thumbnailUrl\":\"https:\\\/\\\/tibladin.dk\\\/wp-content\\\/uploads\\\/2025\\\/10\\\/Billede-sorthvid_Medina.jpg\",\"datePublished\":\"2026-03-19T15:00:36+00:00\",\"dateModified\":\"2026-03-19T15:08:56+00:00\",\"description\":\"Plakater af marokkansk lokal kunstner. F\u00e5 et touch af Marokko ind i dit hjem og giv din v\u00e6gge en unik udsmykning med stemningsfulde plakater.\",\"breadcrumb\":{\"@id\":\"https:\\\/\\\/tibladin.dk\\\/produkt\\\/billede-sort-hvid-foto-i-ramme-medina\\\/#breadcrumb\"},\"inLanguage\":\"en-GB\",\"potentialAction\":[{\"@type\":\"ReadAction\",\"target\":[\"https:\\\/\\\/tibladin.dk\\\/produkt\\\/billede-sort-hvid-foto-i-ramme-medina\\\/\"]}]},{\"@type\":\"ImageObject\",\"inLanguage\":\"en-GB\",\"@id\":\"https:\\\/\\\/tibladin.dk\\\/produkt\\\/billede-sort-hvid-foto-i-ramme-medina\\\/#primaryimage\",\"url\":\"https:\\\/\\\/tibladin.dk\\\/wp-content\\\/uploads\\\/2025\\\/10\\\/Billede-sorthvid_Medina.jpg\",\"contentUrl\":\"https:\\\/\\\/tibladin.dk\\\/wp-content\\\/uploads\\\/2025\\\/10\\\/Billede-sorthvid_Medina.jpg\",\"width\":800,\"height\":800,\"caption\":\"sort-hvid foto after billede fra medinaen i marokko\"},{\"@type\":\"BreadcrumbList\",\"@id\":\"https:\\\/\\\/tibladin.dk\\\/produkt\\\/billede-sort-hvid-foto-i-ramme-medina\\\/#breadcrumb\",\"itemListElement\":[{\"@type\":\"ListItem\",\"position\":1,\"name\":\"Hjem\",\"item\":\"https:\\\/\\\/tibladin.dk\\\/\"},{\"@type\":\"ListItem\",\"position\":2,\"name\":\"Shop\",\"item\":\"https:\\\/\\\/tibladin.dk\\\/shop\\\/\"},{\"@type\":\"ListItem\",\"position\":3,\"name\":\"Billede | sort-hvid foto i ramme &#8211; MEDINA\"}]},{\"@type\":\"WebSite\",\"@id\":\"https:\\\/\\\/tibladin.dk\\\/#website\",\"url\":\"https:\\\/\\\/tibladin.dk\\\/\",\"name\":\"Tibladin\",\"description\":\"Tibladin\",\"publisher\":{\"@id\":\"https:\\\/\\\/tibladin.dk\\\/#organization\"},\"potentialAction\":[{\"@type\":\"SearchAction\",\"target\":{\"@type\":\"EntryPoint\",\"urlTemplate\":\"https:\\\/\\\/tibladin.dk\\\/?s={search_term_string}\"},\"query-input\":{\"@type\":\"PropertyValueSpecification\",\"valueRequired\":true,\"valueName\":\"search_term_string\"}}],\"inLanguage\":\"en-GB\"},{\"@type\":\"Organization\",\"@id\":\"https:\\\/\\\/tibladin.dk\\\/#organization\",\"name\":\"Tibladin\",\"url\":\"https:\\\/\\\/tibladin.dk\\\/\",\"logo\":{\"@type\":\"ImageObject\",\"inLanguage\":\"en-GB\",\"@id\":\"https:\\\/\\\/tibladin.dk\\\/#\\\/schema\\\/logo\\\/image\\\/\",\"url\":\"https:\\\/\\\/tibladin.dk\\\/wp-content\\\/uploads\\\/2022\\\/09\\\/tibladin_logo.svg\",\"contentUrl\":\"https:\\\/\\\/tibladin.dk\\\/wp-content\\\/uploads\\\/2022\\\/09\\\/tibladin_logo.svg\",\"caption\":\"Tibladin\"},\"image\":{\"@id\":\"https:\\\/\\\/tibladin.dk\\\/#\\\/schema\\\/logo\\\/image\\\/\"}}]}<\/script>\n<!-- \/ Yoast SEO plugin. -->","yoast_head_json":{"title":"Moroccan posters | Local Artists | Unique wall decoration","description":"Posters by Moroccan local artist. Bring a touch of Morocco into your home and give your walls a unique decoration with atmospheric posters.","robots":{"index":"index","follow":"follow","max-snippet":"max-snippet:-1","max-image-preview":"max-image-preview:large","max-video-preview":"max-video-preview:-1"},"canonical":"https:\/\/tibladin.dk\/en\/product-4\/picture-black-white-photo-in-frame-medina\/","og_locale":"en_GB","og_type":"article","og_title":"Marokkansk plakater | Lokale kunstnere | Unik v\u00e6gdekoration","og_description":"Plakater af marokkansk lokal kunstner. F\u00e5 et touch af Marokko ind i dit hjem og giv din v\u00e6gge en unik udsmykning med stemningsfulde plakater.","og_url":"https:\/\/tibladin.dk\/en\/product-4\/picture-black-white-photo-in-frame-medina\/","og_site_name":"Tibladin","article_modified_time":"2026-03-19T15:08:56+00:00","og_image":[{"width":800,"height":800,"url":"https:\/\/tibladin.dk\/wp-content\/uploads\/2025\/10\/Billede-sorthvid_Medina.jpg","type":"image\/jpeg"}],"twitter_card":"summary_large_image","twitter_misc":{"Estimated reading time":"2 minutes"},"schema":{"@context":"https:\/\/schema.org","@graph":[{"@type":"WebPage","@id":"https:\/\/tibladin.dk\/produkt\/billede-sort-hvid-foto-i-ramme-medina\/","url":"https:\/\/tibladin.dk\/produkt\/billede-sort-hvid-foto-i-ramme-medina\/","name":"Moroccan posters | Local Artists | Unique wall decoration","isPartOf":{"@id":"https:\/\/tibladin.dk\/#website"},"primaryImageOfPage":{"@id":"https:\/\/tibladin.dk\/produkt\/billede-sort-hvid-foto-i-ramme-medina\/#primaryimage"},"image":{"@id":"https:\/\/tibladin.dk\/produkt\/billede-sort-hvid-foto-i-ramme-medina\/#primaryimage"},"thumbnailUrl":"https:\/\/tibladin.dk\/wp-content\/uploads\/2025\/10\/Billede-sorthvid_Medina.jpg","datePublished":"2026-03-19T15:00:36+00:00","dateModified":"2026-03-19T15:08:56+00:00","description":"Posters by Moroccan local artist. Bring a touch of Morocco into your home and give your walls a unique decoration with atmospheric posters.","breadcrumb":{"@id":"https:\/\/tibladin.dk\/produkt\/billede-sort-hvid-foto-i-ramme-medina\/#breadcrumb"},"inLanguage":"en-GB","potentialAction":[{"@type":"ReadAction","target":["https:\/\/tibladin.dk\/produkt\/billede-sort-hvid-foto-i-ramme-medina\/"]}]},{"@type":"ImageObject","inLanguage":"en-GB","@id":"https:\/\/tibladin.dk\/produkt\/billede-sort-hvid-foto-i-ramme-medina\/#primaryimage","url":"https:\/\/tibladin.dk\/wp-content\/uploads\/2025\/10\/Billede-sorthvid_Medina.jpg","contentUrl":"https:\/\/tibladin.dk\/wp-content\/uploads\/2025\/10\/Billede-sorthvid_Medina.jpg","width":800,"height":800,"caption":"sort-hvid foto after billede fra medinaen i marokko"},{"@type":"BreadcrumbList","@id":"https:\/\/tibladin.dk\/produkt\/billede-sort-hvid-foto-i-ramme-medina\/#breadcrumb","itemListElement":[{"@type":"ListItem","position":1,"name":"Hjem","item":"https:\/\/tibladin.dk\/"},{"@type":"ListItem","position":2,"name":"Shop","item":"https:\/\/tibladin.dk\/shop\/"},{"@type":"ListItem","position":3,"name":"Billede | sort-hvid foto i ramme &#8211; MEDINA"}]},{"@type":"WebSite","@id":"https:\/\/tibladin.dk\/#website","url":"https:\/\/tibladin.dk\/","name":"Tibladin","description":"Tibladin","publisher":{"@id":"https:\/\/tibladin.dk\/#organization"},"potentialAction":[{"@type":"SearchAction","target":{"@type":"EntryPoint","urlTemplate":"https:\/\/tibladin.dk\/?s={search_term_string}"},"query-input":{"@type":"PropertyValueSpecification","valueRequired":true,"valueName":"search_term_string"}}],"inLanguage":"en-GB"},{"@type":"Organization","@id":"https:\/\/tibladin.dk\/#organization","name":"Tibladin","url":"https:\/\/tibladin.dk\/","logo":{"@type":"ImageObject","inLanguage":"en-GB","@id":"https:\/\/tibladin.dk\/#\/schema\/logo\/image\/","url":"https:\/\/tibladin.dk\/wp-content\/uploads\/2022\/09\/tibladin_logo.svg","contentUrl":"https:\/\/tibladin.dk\/wp-content\/uploads\/2022\/09\/tibladin_logo.svg","caption":"Tibladin"},"image":{"@id":"https:\/\/tibladin.dk\/#\/schema\/logo\/image\/"}}]}},"_links":{"self":[{"href":"https:\/\/tibladin.dk\/en\/wp-json\/wp\/v2\/product\/43798","targetHints":{"allow":["GET"]}}],"collection":[{"href":"https:\/\/tibladin.dk\/en\/wp-json\/wp\/v2\/product"}],"about":[{"href":"https:\/\/tibladin.dk\/en\/wp-json\/wp\/v2\/types\/product"}],"wp:featuredmedia":[{"embeddable":true,"href":"https:\/\/tibladin.dk\/en\/wp-json\/wp\/v2\/media\/41203"}],"wp:attachment":[{"href":"https:\/\/tibladin.dk\/en\/wp-json\/wp\/v2\/media?parent=43798"}],"wp:term":[{"taxonomy":"product_brand","embeddable":true,"href":"https:\/\/tibladin.dk\/en\/wp-json\/wp\/v2\/product_brand?post=43798"},{"taxonomy":"product_cat","embeddable":true,"href":"https:\/\/tibladin.dk\/en\/wp-json\/wp\/v2\/product_cat?post=43798"},{"taxonomy":"product_tag","embeddable":true,"href":"https:\/\/tibladin.dk\/en\/wp-json\/wp\/v2\/product_tag?post=43798"}],"curies":[{"name":"wp","href":"https:\/\/api.w.org\/{rel}","templated":true}]}}