{"id":43826,"date":"2026-03-20T10:41:37","date_gmt":"2026-03-20T09:41:37","guid":{"rendered":"https:\/\/tibladin.dk\/?post_type=product&#038;p=43826"},"modified":"2026-03-20T12:10:48","modified_gmt":"2026-03-20T11:10:48","slug":"gold-colored-pearl-necklace","status":"publish","type":"product","link":"https:\/\/tibladin.dk\/en\/produkt\/perlehalskaede-i-guldfarve\/","title":{"rendered":"Pearl necklace in gold color"},"content":{"rendered":"<div class=\"wpb-content-wrapper\"><div class=\"vc_row wpb_row vc_row-fluid\"><div class=\"wpb_column vc_column_container vc_col-sm-4\"><div class=\"vc_column-inner\"><div class=\"wpb_wrapper\"><\/div><\/div><\/div><\/div>\n<\/div>","protected":false},"excerpt":{"rendered":"<p>Unique pearl necklace handmade in Morocco by an African designer. The necklace combines traditional craftsmanship with a modern and eye-catching expression.<\/p>\n<p>The necklace is braided from leather in a light brown color. The long, fine pearl threads fall beautifully over the chest and create a distinctive, yet light and mobile look. The textured surface gives the jewelry an exclusive and handcrafted look.<\/p>\n<p>This necklace acts as a beautiful and exclusive element in your outfit with its long pearl front and beautiful pearls in golden colors. It is beautiful over a simple dress or a tight-fitting blouse, where the pearls are really allowed to stand out.<\/p>\n<p>It can also be styled over a shirt, a light knit or a dress for festive occasions, where it adds both color and character to your look. Style the necklace with other gold jewelry.<\/p>\n<p>The pearl part measures 22.5 cm. in length while the necklace measures 18.5 cm. in length.<\/p>\n<p>The necklace works for both everyday and party wear \u2013 use it to elevate a simple outfit or as an artistic element in a more personal styling.<\/p>","protected":false},"featured_media":43827,"template":"","meta":{"inline_featured_image":false},"product_brand":[],"product_cat":[180,162],"product_tag":[],"class_list":{"0":"post-43826","1":"product","2":"type-product","3":"status-publish","4":"has-post-thumbnail","6":"product_cat-halskaeder","7":"product_cat-smykker","9":"first","10":"instock","11":"taxable","12":"shipping-taxable","13":"purchasable","14":"product-type-simple"},"exclude_global_add_ons":[],"addons":[],"yoast_head":"<!-- This site is optimized with the Yoast SEO plugin v27.4 - https:\/\/yoast.com\/product\/yoast-seo-wordpress\/ -->\n<title>H\u00e5ndlavede marokkanske smykker | Stort udvalg | Kun hos Tibladin<\/title>\n<meta name=\"description\" content=\"Smukke \u00f8reringe i s\u00f8lv h\u00e5ndlavet i Tiznit i Marokko. Elegante og specielle til dig, der elsker at have unikke smykker med en historie.\" \/>\n<meta name=\"robots\" content=\"index, follow, max-snippet:-1, max-image-preview:large, max-video-preview:-1\" \/>\n<link rel=\"canonical\" href=\"https:\/\/tibladin.dk\/en\/product-4\/gold-colored-pearl-necklace\/\" \/>\n<meta property=\"og:locale\" content=\"en_GB\" \/>\n<meta property=\"og:type\" content=\"article\" \/>\n<meta property=\"og:title\" content=\"H\u00e5ndlavede marokkanske smykker | Stort udvalg | Kun hos Tibladin\" \/>\n<meta property=\"og:description\" content=\"Smukke \u00f8reringe i s\u00f8lv h\u00e5ndlavet i Tiznit i Marokko. Elegante og specielle til dig, der elsker at have unikke smykker med en historie.\" \/>\n<meta property=\"og:url\" content=\"https:\/\/tibladin.dk\/en\/product-4\/gold-colored-pearl-necklace\/\" \/>\n<meta property=\"og:site_name\" content=\"Tibladin\" \/>\n<meta property=\"article:modified_time\" content=\"2026-03-20T11:10:48+00:00\" \/>\n<meta property=\"og:image\" content=\"https:\/\/tibladin.dk\/wp-content\/uploads\/2026\/03\/Photoroom_20260311_124443.jpeg\" \/>\n\t<meta property=\"og:image:width\" content=\"800\" \/>\n\t<meta property=\"og:image:height\" content=\"800\" \/>\n\t<meta property=\"og:image:type\" content=\"image\/jpeg\" \/>\n<meta name=\"twitter:card\" content=\"summary_large_image\" \/>\n<meta name=\"twitter:label1\" content=\"Estimated reading time\" \/>\n\t<meta name=\"twitter:data1\" content=\"1 minute\" \/>\n<script type=\"application\/ld+json\" class=\"yoast-schema-graph\">{\"@context\":\"https:\\\/\\\/schema.org\",\"@graph\":[{\"@type\":\"WebPage\",\"@id\":\"https:\\\/\\\/tibladin.dk\\\/produkt\\\/perlehalskaede-i-guldfarve\\\/\",\"url\":\"https:\\\/\\\/tibladin.dk\\\/produkt\\\/perlehalskaede-i-guldfarve\\\/\",\"name\":\"H\u00e5ndlavede marokkanske smykker | Stort udvalg | Kun hos Tibladin\",\"isPartOf\":{\"@id\":\"https:\\\/\\\/tibladin.dk\\\/#website\"},\"primaryImageOfPage\":{\"@id\":\"https:\\\/\\\/tibladin.dk\\\/produkt\\\/perlehalskaede-i-guldfarve\\\/#primaryimage\"},\"image\":{\"@id\":\"https:\\\/\\\/tibladin.dk\\\/produkt\\\/perlehalskaede-i-guldfarve\\\/#primaryimage\"},\"thumbnailUrl\":\"https:\\\/\\\/tibladin.dk\\\/wp-content\\\/uploads\\\/2026\\\/03\\\/Photoroom_20260311_124443.jpeg\",\"datePublished\":\"2026-03-20T09:41:37+00:00\",\"dateModified\":\"2026-03-20T11:10:48+00:00\",\"description\":\"Smukke \u00f8reringe i s\u00f8lv h\u00e5ndlavet i Tiznit i Marokko. Elegante og specielle til dig, der elsker at have unikke smykker med en historie.\",\"breadcrumb\":{\"@id\":\"https:\\\/\\\/tibladin.dk\\\/produkt\\\/perlehalskaede-i-guldfarve\\\/#breadcrumb\"},\"inLanguage\":\"en-GB\",\"potentialAction\":[{\"@type\":\"ReadAction\",\"target\":[\"https:\\\/\\\/tibladin.dk\\\/produkt\\\/perlehalskaede-i-guldfarve\\\/\"]}]},{\"@type\":\"ImageObject\",\"inLanguage\":\"en-GB\",\"@id\":\"https:\\\/\\\/tibladin.dk\\\/produkt\\\/perlehalskaede-i-guldfarve\\\/#primaryimage\",\"url\":\"https:\\\/\\\/tibladin.dk\\\/wp-content\\\/uploads\\\/2026\\\/03\\\/Photoroom_20260311_124443.jpeg\",\"contentUrl\":\"https:\\\/\\\/tibladin.dk\\\/wp-content\\\/uploads\\\/2026\\\/03\\\/Photoroom_20260311_124443.jpeg\",\"width\":800,\"height\":800,\"caption\":\"perlerperlehalsk\u00e6de i guld farver. sort halsring af flettet l\u00e6der.\"},{\"@type\":\"BreadcrumbList\",\"@id\":\"https:\\\/\\\/tibladin.dk\\\/produkt\\\/perlehalskaede-i-guldfarve\\\/#breadcrumb\",\"itemListElement\":[{\"@type\":\"ListItem\",\"position\":1,\"name\":\"Hjem\",\"item\":\"https:\\\/\\\/tibladin.dk\\\/\"},{\"@type\":\"ListItem\",\"position\":2,\"name\":\"Shop\",\"item\":\"https:\\\/\\\/tibladin.dk\\\/shop\\\/\"},{\"@type\":\"ListItem\",\"position\":3,\"name\":\"Perlehalsk\u00e6de i guldfarve\"}]},{\"@type\":\"WebSite\",\"@id\":\"https:\\\/\\\/tibladin.dk\\\/#website\",\"url\":\"https:\\\/\\\/tibladin.dk\\\/\",\"name\":\"Tibladin\",\"description\":\"Tibladin\",\"publisher\":{\"@id\":\"https:\\\/\\\/tibladin.dk\\\/#organization\"},\"potentialAction\":[{\"@type\":\"SearchAction\",\"target\":{\"@type\":\"EntryPoint\",\"urlTemplate\":\"https:\\\/\\\/tibladin.dk\\\/?s={search_term_string}\"},\"query-input\":{\"@type\":\"PropertyValueSpecification\",\"valueRequired\":true,\"valueName\":\"search_term_string\"}}],\"inLanguage\":\"en-GB\"},{\"@type\":\"Organization\",\"@id\":\"https:\\\/\\\/tibladin.dk\\\/#organization\",\"name\":\"Tibladin\",\"url\":\"https:\\\/\\\/tibladin.dk\\\/\",\"logo\":{\"@type\":\"ImageObject\",\"inLanguage\":\"en-GB\",\"@id\":\"https:\\\/\\\/tibladin.dk\\\/#\\\/schema\\\/logo\\\/image\\\/\",\"url\":\"https:\\\/\\\/tibladin.dk\\\/wp-content\\\/uploads\\\/2022\\\/09\\\/tibladin_logo.svg\",\"contentUrl\":\"https:\\\/\\\/tibladin.dk\\\/wp-content\\\/uploads\\\/2022\\\/09\\\/tibladin_logo.svg\",\"caption\":\"Tibladin\"},\"image\":{\"@id\":\"https:\\\/\\\/tibladin.dk\\\/#\\\/schema\\\/logo\\\/image\\\/\"}}]}<\/script>\n<!-- \/ Yoast SEO plugin. -->","yoast_head_json":{"title":"Handmade Moroccan Jewelry | Large selection | Only at Tibladin","description":"Beautiful silver earrings handmade in Tiznit, Morocco. Elegant and special for those who love to have unique jewelry with a story.","robots":{"index":"index","follow":"follow","max-snippet":"max-snippet:-1","max-image-preview":"max-image-preview:large","max-video-preview":"max-video-preview:-1"},"canonical":"https:\/\/tibladin.dk\/en\/product-4\/gold-colored-pearl-necklace\/","og_locale":"en_GB","og_type":"article","og_title":"H\u00e5ndlavede marokkanske smykker | Stort udvalg | Kun hos Tibladin","og_description":"Smukke \u00f8reringe i s\u00f8lv h\u00e5ndlavet i Tiznit i Marokko. Elegante og specielle til dig, der elsker at have unikke smykker med en historie.","og_url":"https:\/\/tibladin.dk\/en\/product-4\/gold-colored-pearl-necklace\/","og_site_name":"Tibladin","article_modified_time":"2026-03-20T11:10:48+00:00","og_image":[{"width":800,"height":800,"url":"https:\/\/tibladin.dk\/wp-content\/uploads\/2026\/03\/Photoroom_20260311_124443.jpeg","type":"image\/jpeg"}],"twitter_card":"summary_large_image","twitter_misc":{"Estimated reading time":"1 minute"},"schema":{"@context":"https:\/\/schema.org","@graph":[{"@type":"WebPage","@id":"https:\/\/tibladin.dk\/produkt\/perlehalskaede-i-guldfarve\/","url":"https:\/\/tibladin.dk\/produkt\/perlehalskaede-i-guldfarve\/","name":"Handmade Moroccan Jewelry | Large selection | Only at Tibladin","isPartOf":{"@id":"https:\/\/tibladin.dk\/#website"},"primaryImageOfPage":{"@id":"https:\/\/tibladin.dk\/produkt\/perlehalskaede-i-guldfarve\/#primaryimage"},"image":{"@id":"https:\/\/tibladin.dk\/produkt\/perlehalskaede-i-guldfarve\/#primaryimage"},"thumbnailUrl":"https:\/\/tibladin.dk\/wp-content\/uploads\/2026\/03\/Photoroom_20260311_124443.jpeg","datePublished":"2026-03-20T09:41:37+00:00","dateModified":"2026-03-20T11:10:48+00:00","description":"Beautiful silver earrings handmade in Tiznit, Morocco. Elegant and special for those who love to have unique jewelry with a story.","breadcrumb":{"@id":"https:\/\/tibladin.dk\/produkt\/perlehalskaede-i-guldfarve\/#breadcrumb"},"inLanguage":"en-GB","potentialAction":[{"@type":"ReadAction","target":["https:\/\/tibladin.dk\/produkt\/perlehalskaede-i-guldfarve\/"]}]},{"@type":"ImageObject","inLanguage":"en-GB","@id":"https:\/\/tibladin.dk\/produkt\/perlehalskaede-i-guldfarve\/#primaryimage","url":"https:\/\/tibladin.dk\/wp-content\/uploads\/2026\/03\/Photoroom_20260311_124443.jpeg","contentUrl":"https:\/\/tibladin.dk\/wp-content\/uploads\/2026\/03\/Photoroom_20260311_124443.jpeg","width":800,"height":800,"caption":"perlerperlehalsk\u00e6de i guld farver. sort halsring af flettet l\u00e6der."},{"@type":"BreadcrumbList","@id":"https:\/\/tibladin.dk\/produkt\/perlehalskaede-i-guldfarve\/#breadcrumb","itemListElement":[{"@type":"ListItem","position":1,"name":"Hjem","item":"https:\/\/tibladin.dk\/"},{"@type":"ListItem","position":2,"name":"Shop","item":"https:\/\/tibladin.dk\/shop\/"},{"@type":"ListItem","position":3,"name":"Perlehalsk\u00e6de i guldfarve"}]},{"@type":"WebSite","@id":"https:\/\/tibladin.dk\/#website","url":"https:\/\/tibladin.dk\/","name":"Tibladin","description":"Tibladin","publisher":{"@id":"https:\/\/tibladin.dk\/#organization"},"potentialAction":[{"@type":"SearchAction","target":{"@type":"EntryPoint","urlTemplate":"https:\/\/tibladin.dk\/?s={search_term_string}"},"query-input":{"@type":"PropertyValueSpecification","valueRequired":true,"valueName":"search_term_string"}}],"inLanguage":"en-GB"},{"@type":"Organization","@id":"https:\/\/tibladin.dk\/#organization","name":"Tibladin","url":"https:\/\/tibladin.dk\/","logo":{"@type":"ImageObject","inLanguage":"en-GB","@id":"https:\/\/tibladin.dk\/#\/schema\/logo\/image\/","url":"https:\/\/tibladin.dk\/wp-content\/uploads\/2022\/09\/tibladin_logo.svg","contentUrl":"https:\/\/tibladin.dk\/wp-content\/uploads\/2022\/09\/tibladin_logo.svg","caption":"Tibladin"},"image":{"@id":"https:\/\/tibladin.dk\/#\/schema\/logo\/image\/"}}]}},"_links":{"self":[{"href":"https:\/\/tibladin.dk\/en\/wp-json\/wp\/v2\/product\/43826","targetHints":{"allow":["GET"]}}],"collection":[{"href":"https:\/\/tibladin.dk\/en\/wp-json\/wp\/v2\/product"}],"about":[{"href":"https:\/\/tibladin.dk\/en\/wp-json\/wp\/v2\/types\/product"}],"wp:featuredmedia":[{"embeddable":true,"href":"https:\/\/tibladin.dk\/en\/wp-json\/wp\/v2\/media\/43827"}],"wp:attachment":[{"href":"https:\/\/tibladin.dk\/en\/wp-json\/wp\/v2\/media?parent=43826"}],"wp:term":[{"taxonomy":"product_brand","embeddable":true,"href":"https:\/\/tibladin.dk\/en\/wp-json\/wp\/v2\/product_brand?post=43826"},{"taxonomy":"product_cat","embeddable":true,"href":"https:\/\/tibladin.dk\/en\/wp-json\/wp\/v2\/product_cat?post=43826"},{"taxonomy":"product_tag","embeddable":true,"href":"https:\/\/tibladin.dk\/en\/wp-json\/wp\/v2\/product_tag?post=43826"}],"curies":[{"name":"wp","href":"https:\/\/api.w.org\/{rel}","templated":true}]}}